{"id":314629,"date":"2020-06-10T13:46:21","date_gmt":"2020-06-10T12:46:21","guid":{"rendered":"https:\/\/www.purejewels.com\/?post_type=product&#038;p=314629"},"modified":"2026-01-06T09:43:59","modified_gmt":"2026-01-06T09:43:59","slug":"bayanlar-icin-22-ayar-altin-bilezik-47080","status":"publish","type":"product","link":"https:\/\/www.purejewels.com\/tr\/product\/22carat-gold-bracelet-for-ladies\/","title":{"rendered":"22 ayar alt\u0131n kad\u0131n bilezik \u2013 \u0130ki tonlu yaprak tasar\u0131m\u0131"},"content":{"rendered":"<p>Bu 22 ayar alt\u0131n kad\u0131n bilezi\u011fi, \u00e7a\u011fda\u015f formu zamans\u0131z sanatla harmanlayarak kad\u0131ns\u0131 zarafetin zarif bir ifadesi. Bilezik, parlak sar\u0131 alt\u0131n ile beyaz vurgular\u0131n zarif kontrast\u0131n\u0131 vurgulayan iki tonlu bir kaplama ile zenginle\u015ftirilmi\u015f, yapraklardan ilham alan karma\u015f\u0131k bir motife sahiptir ve doku ve derinlik yarat\u0131r.<\/p>\n<p>Her bir par\u00e7a birbirine yumu\u015fak bir \u015fekilde ba\u011flanarak bile\u011fin etraf\u0131nda do\u011fal bir hareket sa\u011flar. \u015eekillendirilmi\u015f formu \u0131\u015f\u0131\u011f\u0131 g\u00fczel bir \u015fekilde yakalarken, g\u00fcvenli toka ve ayarlanabilir zincir m\u00fckemmel bir uyum sa\u011flar.<\/p>\n<p>Uzman zanaatkarlar taraf\u0131ndan titiz bir dikkatle \u00fcretilen ve Londra Assay Office taraf\u0131ndan damgalanm\u0131\u015f olan bu bileklik, hem zarif tasar\u0131m\u0131 hem de kal\u0131c\u0131 kalitesiyle dikkat \u00e7ekiyor.<\/p>","protected":false},"excerpt":{"rendered":"<p>Kad\u0131nlar i\u00e7in zamans\u0131z bir 22 ayar alt\u0131n bilezik, iki tonlu yaprak motifli. Zarif bir kullan\u0131m ve g\u00fcnl\u00fck \u015f\u0131kl\u0131k i\u00e7in tasarlanm\u0131\u015ft\u0131r.<\/p>\n<ul>\n<li>22 Ayar Alt\u0131n Kad\u0131n Bileklik<\/li>\n<li>A\u011f\u0131rl\u0131k 14,2 gms<\/li>\n<li>SKU. 28933<\/li>\n<li>T\u00fcm fiyatlara KDV dahildir<\/li>\n<li>T\u00fcm \u00fcr\u00fcnlerimiz London Assay Office taraf\u0131ndan damgalanm\u0131\u015ft\u0131r<\/li>\n<li>T\u00fcm 22 ayar Alt\u0131n Bileklik UK \u00fcr\u00fcnlerimiz sunum kutusu ile birlikte gelir<\/li>\n<li>Teslimat Dahil<\/li>\n<li>\u00dcr\u00fcn videosu i\u00e7in bize ula\u015f\u0131n \/ bizimle sohbet edin.<\/li>\n<\/ul>","protected":false},"featured_media":314630,"comment_status":"closed","ping_status":"closed","template":"","meta":{"_eb_attr":"","_crsspst_to_jayantr4sg-hostcom":true},"product_brand":[],"product_cat":[1791,1559,1324,1627,1573,1574],"product_tag":[4123],"class_list":{"0":"post-314629","1":"product","2":"type-product","3":"status-publish","4":"has-post-thumbnail","6":"product_cat-anniversary-gifts","7":"product_cat-birthday-gifts","8":"product_cat-gold-bracelet","9":"product_cat-ladies-bracelet","10":"product_cat-wedding-gifts","11":"product_cat-womens-jewellery","12":"product_tag-gold-bracelets-for-sale","14":"first","15":"outofstock","16":"sale","17":"taxable","18":"shipping-taxable","19":"product-type-simple","20":"add-to-wishlist-before_image"},"yoast_head":"<!-- This site is optimized with the Yoast SEO plugin v27.3 - https:\/\/yoast.com\/product\/yoast-seo-wordpress\/ -->\n<title>22ct Gold Bracelet for Women | Two-Tone Design | PureJewels<\/title>\n<meta name=\"description\" content=\"Elegant 22ct gold women\u2019s bracelet with a two-tone leaf motif. Handcrafted for graceful styling and everyday charm. Hallmarked and beautifully detailed.\" \/>\n<meta name=\"robots\" content=\"index, follow, max-snippet:-1, max-image-preview:large, max-video-preview:-1\" \/>\n<link rel=\"canonical\" href=\"https:\/\/www.purejewels.com\/tr\/urun\/bayanlar-icin-22-ayar-altin-bilezik-47080\/\" \/>\n<meta property=\"og:locale\" content=\"tr_TR\" \/>\n<meta property=\"og:type\" content=\"article\" \/>\n<meta property=\"og:title\" content=\"22ct Gold Bracelet for Women | Two-Tone Design | PureJewels\" \/>\n<meta property=\"og:description\" content=\"Elegant 22ct gold women\u2019s bracelet with a two-tone leaf motif. Handcrafted for graceful styling and everyday charm. Hallmarked and beautifully detailed.\" \/>\n<meta property=\"og:url\" content=\"https:\/\/www.purejewels.com\/tr\/urun\/bayanlar-icin-22-ayar-altin-bilezik-47080\/\" \/>\n<meta property=\"og:site_name\" content=\"PureJewels UK\" \/>\n<meta property=\"article:modified_time\" content=\"2026-01-06T09:43:59+00:00\" \/>\n<meta property=\"og:image\" content=\"https:\/\/static.purejewels.com\/wp-content\/uploads\/2020\/06\/image174378925.jpg\" \/>\n\t<meta property=\"og:image:width\" content=\"1000\" \/>\n\t<meta property=\"og:image:height\" content=\"1000\" \/>\n\t<meta property=\"og:image:type\" content=\"image\/jpeg\" \/>\n<meta name=\"twitter:card\" content=\"summary_large_image\" \/>\n<meta name=\"twitter:label1\" content=\"Tahmini okuma s\u00fcresi\" \/>\n\t<meta name=\"twitter:data1\" content=\"1 dakika\" \/>\n<script type=\"application\/ld+json\" class=\"yoast-schema-graph\">{\"@context\":\"https:\\\/\\\/schema.org\",\"@graph\":[{\"@type\":[\"WebPage\",\"ItemPage\"],\"@id\":\"https:\\\/\\\/www.purejewels.com\\\/product\\\/22carat-gold-bracelet-for-ladies\\\/\",\"url\":\"https:\\\/\\\/www.purejewels.com\\\/product\\\/22carat-gold-bracelet-for-ladies\\\/\",\"name\":\"22ct Gold Bracelet for Women | Two-Tone Design | PureJewels\",\"isPartOf\":{\"@id\":\"https:\\\/\\\/www.purejewels.com\\\/#website\"},\"primaryImageOfPage\":{\"@id\":\"https:\\\/\\\/www.purejewels.com\\\/product\\\/22carat-gold-bracelet-for-ladies\\\/#primaryimage\"},\"image\":{\"@id\":\"https:\\\/\\\/www.purejewels.com\\\/product\\\/22carat-gold-bracelet-for-ladies\\\/#primaryimage\"},\"thumbnailUrl\":\"https:\\\/\\\/static.purejewels.com\\\/wp-content\\\/uploads\\\/2020\\\/06\\\/image174378925.jpg\",\"datePublished\":\"2020-06-10T12:46:21+00:00\",\"dateModified\":\"2026-01-06T09:43:59+00:00\",\"description\":\"Elegant 22ct gold women\u2019s bracelet with a two-tone leaf motif. Handcrafted for graceful styling and everyday charm. Hallmarked and beautifully detailed.\",\"breadcrumb\":{\"@id\":\"https:\\\/\\\/www.purejewels.com\\\/product\\\/22carat-gold-bracelet-for-ladies\\\/#breadcrumb\"},\"inLanguage\":\"tr\",\"potentialAction\":[{\"@type\":\"ReadAction\",\"target\":[\"https:\\\/\\\/www.purejewels.com\\\/product\\\/22carat-gold-bracelet-for-ladies\\\/\"]}]},{\"@type\":\"ImageObject\",\"inLanguage\":\"tr\",\"@id\":\"https:\\\/\\\/www.purejewels.com\\\/product\\\/22carat-gold-bracelet-for-ladies\\\/#primaryimage\",\"url\":\"https:\\\/\\\/static.purejewels.com\\\/wp-content\\\/uploads\\\/2020\\\/06\\\/image174378925.jpg\",\"contentUrl\":\"https:\\\/\\\/static.purejewels.com\\\/wp-content\\\/uploads\\\/2020\\\/06\\\/image174378925.jpg\",\"width\":1000,\"height\":1000,\"caption\":\"22ct Gold Medium Flat Patta Ladies Bracelet YGBR007\"},{\"@type\":\"BreadcrumbList\",\"@id\":\"https:\\\/\\\/www.purejewels.com\\\/product\\\/22carat-gold-bracelet-for-ladies\\\/#breadcrumb\",\"itemListElement\":[{\"@type\":\"ListItem\",\"position\":1,\"name\":\"Home\",\"item\":\"https:\\\/\\\/www.purejewels.com\\\/\"},{\"@type\":\"ListItem\",\"position\":2,\"name\":\"Shop\",\"item\":\"https:\\\/\\\/www.purejewels.com\\\/shop\\\/\"},{\"@type\":\"ListItem\",\"position\":3,\"name\":\"22ct Gold Women\u2019s Bracelet \u2013 Two-Tone Leaf Design\"}]},{\"@type\":\"WebSite\",\"@id\":\"https:\\\/\\\/www.purejewels.com\\\/#website\",\"url\":\"https:\\\/\\\/www.purejewels.com\\\/\",\"name\":\"PureJewels UK\",\"description\":\"Share the Love\",\"publisher\":{\"@id\":\"https:\\\/\\\/www.purejewels.com\\\/#organization\"},\"potentialAction\":[{\"@type\":\"SearchAction\",\"target\":{\"@type\":\"EntryPoint\",\"urlTemplate\":\"https:\\\/\\\/www.purejewels.com\\\/?s={search_term_string}\"},\"query-input\":{\"@type\":\"PropertyValueSpecification\",\"valueRequired\":true,\"valueName\":\"search_term_string\"}}],\"inLanguage\":\"tr\"},{\"@type\":\"Organization\",\"@id\":\"https:\\\/\\\/www.purejewels.com\\\/#organization\",\"name\":\"PureJewels UK\",\"url\":\"https:\\\/\\\/www.purejewels.com\\\/\",\"logo\":{\"@type\":\"ImageObject\",\"inLanguage\":\"tr\",\"@id\":\"https:\\\/\\\/www.purejewels.com\\\/#\\\/schema\\\/logo\\\/image\\\/\",\"url\":\"https:\\\/\\\/static.purejewels.com\\\/wp-content\\\/uploads\\\/2020\\\/11\\\/Logo-PJ-New-1.png\",\"contentUrl\":\"https:\\\/\\\/static.purejewels.com\\\/wp-content\\\/uploads\\\/2020\\\/11\\\/Logo-PJ-New-1.png\",\"width\":150,\"height\":80,\"caption\":\"PureJewels UK\"},\"image\":{\"@id\":\"https:\\\/\\\/www.purejewels.com\\\/#\\\/schema\\\/logo\\\/image\\\/\"}}]}<\/script>\n<!-- \/ Yoast SEO plugin. -->","yoast_head_json":{"title":"Kad\u0131nlar i\u00e7in 22 ayar alt\u0131n bilezik | \u0130ki tonlu tasar\u0131m | PureJewels","description":"\u0130ki tonlu yaprak motifli zarif 22 ayar alt\u0131n kad\u0131n bilezi\u011fi. Zarif bir stil ve g\u00fcnl\u00fck kullan\u0131m i\u00e7in el i\u015f\u00e7ili\u011fi ile \u00fcretilmi\u015ftir. Damgal\u0131 ve g\u00fczel detaylara sahiptir.","robots":{"index":"index","follow":"follow","max-snippet":"max-snippet:-1","max-image-preview":"max-image-preview:large","max-video-preview":"max-video-preview:-1"},"canonical":"https:\/\/www.purejewels.com\/tr\/urun\/bayanlar-icin-22-ayar-altin-bilezik-47080\/","og_locale":"tr_TR","og_type":"article","og_title":"22ct Gold Bracelet for Women | Two-Tone Design | PureJewels","og_description":"Elegant 22ct gold women\u2019s bracelet with a two-tone leaf motif. Handcrafted for graceful styling and everyday charm. Hallmarked and beautifully detailed.","og_url":"https:\/\/www.purejewels.com\/tr\/urun\/bayanlar-icin-22-ayar-altin-bilezik-47080\/","og_site_name":"PureJewels UK","article_modified_time":"2026-01-06T09:43:59+00:00","og_image":[{"width":1000,"height":1000,"url":"https:\/\/static.purejewels.com\/wp-content\/uploads\/2020\/06\/image174378925.jpg","type":"image\/jpeg"}],"twitter_card":"summary_large_image","twitter_misc":{"Tahmini okuma s\u00fcresi":"1 dakika"},"schema":{"@context":"https:\/\/schema.org","@graph":[{"@type":["WebPage","ItemPage"],"@id":"https:\/\/www.purejewels.com\/product\/22carat-gold-bracelet-for-ladies\/","url":"https:\/\/www.purejewels.com\/product\/22carat-gold-bracelet-for-ladies\/","name":"Kad\u0131nlar i\u00e7in 22 ayar alt\u0131n bilezik | \u0130ki tonlu tasar\u0131m | PureJewels","isPartOf":{"@id":"https:\/\/www.purejewels.com\/#website"},"primaryImageOfPage":{"@id":"https:\/\/www.purejewels.com\/product\/22carat-gold-bracelet-for-ladies\/#primaryimage"},"image":{"@id":"https:\/\/www.purejewels.com\/product\/22carat-gold-bracelet-for-ladies\/#primaryimage"},"thumbnailUrl":"https:\/\/static.purejewels.com\/wp-content\/uploads\/2020\/06\/image174378925.jpg","datePublished":"2020-06-10T12:46:21+00:00","dateModified":"2026-01-06T09:43:59+00:00","description":"\u0130ki tonlu yaprak motifli zarif 22 ayar alt\u0131n kad\u0131n bilezi\u011fi. Zarif bir stil ve g\u00fcnl\u00fck kullan\u0131m i\u00e7in el i\u015f\u00e7ili\u011fi ile \u00fcretilmi\u015ftir. Damgal\u0131 ve g\u00fczel detaylara sahiptir.","breadcrumb":{"@id":"https:\/\/www.purejewels.com\/product\/22carat-gold-bracelet-for-ladies\/#breadcrumb"},"inLanguage":"tr","potentialAction":[{"@type":"ReadAction","target":["https:\/\/www.purejewels.com\/product\/22carat-gold-bracelet-for-ladies\/"]}]},{"@type":"ImageObject","inLanguage":"tr","@id":"https:\/\/www.purejewels.com\/product\/22carat-gold-bracelet-for-ladies\/#primaryimage","url":"https:\/\/static.purejewels.com\/wp-content\/uploads\/2020\/06\/image174378925.jpg","contentUrl":"https:\/\/static.purejewels.com\/wp-content\/uploads\/2020\/06\/image174378925.jpg","width":1000,"height":1000,"caption":"22ct Gold Medium Flat Patta Ladies Bracelet YGBR007"},{"@type":"BreadcrumbList","@id":"https:\/\/www.purejewels.com\/product\/22carat-gold-bracelet-for-ladies\/#breadcrumb","itemListElement":[{"@type":"ListItem","position":1,"name":"Home","item":"https:\/\/www.purejewels.com\/"},{"@type":"ListItem","position":2,"name":"Shop","item":"https:\/\/www.purejewels.com\/shop\/"},{"@type":"ListItem","position":3,"name":"22ct Gold Women\u2019s Bracelet \u2013 Two-Tone Leaf Design"}]},{"@type":"WebSite","@id":"https:\/\/www.purejewels.com\/#website","url":"https:\/\/www.purejewels.com\/","name":"PureJewels \u0130ngiltere","description":"Sevgiyi Payla\u015f\u0131n","publisher":{"@id":"https:\/\/www.purejewels.com\/#organization"},"potentialAction":[{"@type":"SearchAction","target":{"@type":"EntryPoint","urlTemplate":"https:\/\/www.purejewels.com\/?s={search_term_string}"},"query-input":{"@type":"PropertyValueSpecification","valueRequired":true,"valueName":"search_term_string"}}],"inLanguage":"tr"},{"@type":"Organization","@id":"https:\/\/www.purejewels.com\/#organization","name":"PureJewels \u0130ngiltere","url":"https:\/\/www.purejewels.com\/","logo":{"@type":"ImageObject","inLanguage":"tr","@id":"https:\/\/www.purejewels.com\/#\/schema\/logo\/image\/","url":"https:\/\/static.purejewels.com\/wp-content\/uploads\/2020\/11\/Logo-PJ-New-1.png","contentUrl":"https:\/\/static.purejewels.com\/wp-content\/uploads\/2020\/11\/Logo-PJ-New-1.png","width":150,"height":80,"caption":"PureJewels UK"},"image":{"@id":"https:\/\/www.purejewels.com\/#\/schema\/logo\/image\/"}}]}},"_links":{"self":[{"href":"https:\/\/www.purejewels.com\/tr\/wp-json\/wp\/v2\/product\/314629","targetHints":{"allow":["GET"]}}],"collection":[{"href":"https:\/\/www.purejewels.com\/tr\/wp-json\/wp\/v2\/product"}],"about":[{"href":"https:\/\/www.purejewels.com\/tr\/wp-json\/wp\/v2\/types\/product"}],"replies":[{"embeddable":true,"href":"https:\/\/www.purejewels.com\/tr\/wp-json\/wp\/v2\/comments?post=314629"}],"version-history":[{"count":2,"href":"https:\/\/www.purejewels.com\/tr\/wp-json\/wp\/v2\/product\/314629\/revisions"}],"predecessor-version":[{"id":423398,"href":"https:\/\/www.purejewels.com\/tr\/wp-json\/wp\/v2\/product\/314629\/revisions\/423398"}],"wp:featuredmedia":[{"embeddable":true,"href":"https:\/\/www.purejewels.com\/tr\/wp-json\/wp\/v2\/media\/314630"}],"wp:attachment":[{"href":"https:\/\/www.purejewels.com\/tr\/wp-json\/wp\/v2\/media?parent=314629"}],"wp:term":[{"taxonomy":"product_brand","embeddable":true,"href":"https:\/\/www.purejewels.com\/tr\/wp-json\/wp\/v2\/product_brand?post=314629"},{"taxonomy":"product_cat","embeddable":true,"href":"https:\/\/www.purejewels.com\/tr\/wp-json\/wp\/v2\/product_cat?post=314629"},{"taxonomy":"product_tag","embeddable":true,"href":"https:\/\/www.purejewels.com\/tr\/wp-json\/wp\/v2\/product_tag?post=314629"}],"curies":[{"name":"wp","href":"https:\/\/api.w.org\/{rel}","templated":true}]}}