{"id":314692,"date":"2020-06-12T09:19:38","date_gmt":"2020-06-12T08:19:38","guid":{"rendered":"https:\/\/www.purejewels.com\/product\/22ct-gold-kids-bracelet\/"},"modified":"2026-03-30T13:18:39","modified_gmt":"2026-03-30T12:18:39","slug":"22-ayar-altin-cocuk-bilezigi","status":"publish","type":"product","link":"https:\/\/www.purejewels.com\/tr\/product\/22ct-gold-kids-bracelet\/","title":{"rendered":"22 Ayar Alt\u0131n Noir Boncuklu \u00c7ocuk Bilekli\u011fi"},"content":{"rendered":"<p data-start=\"271\" data-end=\"605\">\u00d6zenle ve nazik bir zarafetle tasarlanan 22 Ayar Alt\u0131n Noir Boncuklu \u00c7ocuk Bilekli\u011fi, \u00e7ocukluk cazibesinin g\u00fczel bir ifadesidir. De\u011fi\u015fen siyah boncuklar ve parlak alt\u0131n vurgular \u00e7arp\u0131c\u0131 bir kontrast olu\u015ftururken, ortadaki alt\u0131n motif e\u011flenceli ama zarif bir odak noktas\u0131 ekleyerek bilezi\u011fi hem anlaml\u0131 hem de \u015f\u0131k k\u0131lar.<\/p>\n<p data-start=\"607\" data-end=\"928\">Zengin 22 ayar alt\u0131ndan \u00fcretilen her bir boncuk, hassas bileklere p\u00fcr\u00fczs\u00fcz ve rahat bir uyum sa\u011flamak i\u00e7in \u00f6zenle bir araya getirilmi\u015ftir. \u0130nce zincir ve g\u00fcvenli toka, pratiklik g\u00f6z \u00f6n\u00fcnde bulundurularak tasarlanm\u0131\u015ft\u0131r ve dayan\u0131kl\u0131l\u0131\u011f\u0131 korurken kullan\u0131m kolayl\u0131\u011f\u0131 sunar. Bilezik \u0130ngiltere'de damgalanarak safl\u0131\u011f\u0131 ve g\u00fcvenilir i\u015f\u00e7ili\u011fi garanti eder.<\/p>\n<p data-start=\"930\" data-end=\"1155\" data-is-last-node=\"\" data-is-only-node=\"\">G\u00fcnl\u00fck kullan\u0131m veya \u00f6zel anlar i\u00e7in m\u00fckemmel olan bu bileklik, bir \u00e7ocu\u011fun k\u0131yafetine ince bir \u0131\u015f\u0131lt\u0131 katar. Ayr\u0131ca kilometre ta\u015flar\u0131 ve kutlamalar i\u00e7in y\u0131llarca hat\u0131ra olarak el \u00fcst\u00fcnde tutulacak d\u00fc\u015f\u00fcnceli bir hediyedir.<\/p>","protected":false},"excerpt":{"rendered":"<p>Narin noir boncuklar ve e\u011flenceli bir merkezi motif i\u00e7eren b\u00fcy\u00fcleyici bir 22 ayar alt\u0131n \u00e7ocuk bilezi\u011fi.<br \/>\nHafif ve zarif, g\u00fcnl\u00fck kullan\u0131m i\u00e7in gelene\u011fi modern bir dokunu\u015fla harmanl\u0131yor.<\/p>\n<ul>\n<li>22ct\u00a0<span id=\"urn:enhancement-301745b4\" class=\"textannotation disambiguated wl-thing\">Alt\u0131n<\/span>\u00a0mania\u00a0<span id=\"urn:enhancement-2a812725\" class=\"textannotation disambiguated wl-thing\">M\u00dcCEVHERLER<\/span>\u00a0<span id=\"urn:enhancement-2ca179c3\" class=\"textannotation disambiguated wl-thing\">Bilezik<\/span>\u00a0yeni do\u011fan bebek i\u00e7in.<\/li>\n<li>Yakla\u015f\u0131k Uzunluk: 5,5 \u0130n\u00e7 veya 14 cm.<\/li>\n<li>A\u011f\u0131rl\u0131k: 2,2 gms<\/li>\n<li><span id=\"urn:enhancement-35dff31\" class=\"textannotation\">SKU<\/span>. 31974<\/li>\n<li>T\u00fcm fiyatlara KDV dahildir<\/li>\n<\/ul>","protected":false},"featured_media":314693,"comment_status":"closed","ping_status":"closed","template":"","meta":{"_eb_attr":"","_crsspst_to_jayantr4sg-hostcom":true},"product_brand":[],"product_cat":[1576,1324,1436],"product_tag":[],"class_list":{"0":"post-314692","1":"product","2":"type-product","3":"status-publish","4":"has-post-thumbnail","6":"product_cat-childrens-jewellery","7":"product_cat-gold-bracelet","8":"product_cat-kids-bracelet-kada","10":"first","11":"outofstock","12":"taxable","13":"shipping-taxable","14":"product-type-simple","15":"add-to-wishlist-before_image"},"yoast_head":"<!-- This site is optimized with the Yoast SEO plugin v27.3 - https:\/\/yoast.com\/product\/yoast-seo-wordpress\/ -->\n<title>22ct Gold Noir Bead Bracelet with Centre Detail | PureJewels<\/title>\n<meta name=\"description\" content=\"Shop 22ct gold noir bead bracelet with black bead accents and centre gold detail. Lightweight design with contrast styling. PureJewels UK.\" \/>\n<meta name=\"robots\" content=\"index, follow, max-snippet:-1, max-image-preview:large, max-video-preview:-1\" \/>\n<link rel=\"canonical\" href=\"https:\/\/www.purejewels.com\/tr\/urun\/22-ayar-altin-cocuk-bilezigi\/\" \/>\n<meta property=\"og:locale\" content=\"tr_TR\" \/>\n<meta property=\"og:type\" content=\"article\" \/>\n<meta property=\"og:title\" content=\"22ct Gold Noir Bead Bracelet with Centre Detail | PureJewels\" \/>\n<meta property=\"og:description\" content=\"Shop 22ct gold noir bead bracelet with black bead accents and centre gold detail. Lightweight design with contrast styling. PureJewels UK.\" \/>\n<meta property=\"og:url\" content=\"https:\/\/www.purejewels.com\/tr\/urun\/22-ayar-altin-cocuk-bilezigi\/\" \/>\n<meta property=\"og:site_name\" content=\"PureJewels UK\" \/>\n<meta property=\"article:modified_time\" content=\"2026-03-30T12:18:39+00:00\" \/>\n<meta property=\"og:image\" content=\"https:\/\/static.purejewels.com\/wp-content\/uploads\/2020\/06\/image174417957.jpg\" \/>\n\t<meta property=\"og:image:width\" content=\"1000\" \/>\n\t<meta property=\"og:image:height\" content=\"1000\" \/>\n\t<meta property=\"og:image:type\" content=\"image\/jpeg\" \/>\n<meta name=\"twitter:card\" content=\"summary_large_image\" \/>\n<meta name=\"twitter:label1\" content=\"Tahmini okuma s\u00fcresi\" \/>\n\t<meta name=\"twitter:data1\" content=\"1 dakika\" \/>\n<script type=\"application\/ld+json\" class=\"yoast-schema-graph\">{\"@context\":\"https:\\\/\\\/schema.org\",\"@graph\":[{\"@type\":[\"WebPage\",\"ItemPage\"],\"@id\":\"https:\\\/\\\/www.purejewels.com\\\/product\\\/22ct-gold-kids-bracelet\\\/\",\"url\":\"https:\\\/\\\/www.purejewels.com\\\/product\\\/22ct-gold-kids-bracelet\\\/\",\"name\":\"22ct Gold Noir Bead Bracelet with Centre Detail | PureJewels\",\"isPartOf\":{\"@id\":\"https:\\\/\\\/www.purejewels.com\\\/#website\"},\"primaryImageOfPage\":{\"@id\":\"https:\\\/\\\/www.purejewels.com\\\/product\\\/22ct-gold-kids-bracelet\\\/#primaryimage\"},\"image\":{\"@id\":\"https:\\\/\\\/www.purejewels.com\\\/product\\\/22ct-gold-kids-bracelet\\\/#primaryimage\"},\"thumbnailUrl\":\"https:\\\/\\\/static.purejewels.com\\\/wp-content\\\/uploads\\\/2020\\\/06\\\/image174417957.jpg\",\"datePublished\":\"2020-06-12T08:19:38+00:00\",\"dateModified\":\"2026-03-30T12:18:39+00:00\",\"description\":\"Shop 22ct gold noir bead bracelet with black bead accents and centre gold detail. Lightweight design with contrast styling. PureJewels UK.\",\"breadcrumb\":{\"@id\":\"https:\\\/\\\/www.purejewels.com\\\/product\\\/22ct-gold-kids-bracelet\\\/#breadcrumb\"},\"inLanguage\":\"tr\",\"potentialAction\":[{\"@type\":\"ReadAction\",\"target\":[\"https:\\\/\\\/www.purejewels.com\\\/product\\\/22ct-gold-kids-bracelet\\\/\"]}]},{\"@type\":\"ImageObject\",\"inLanguage\":\"tr\",\"@id\":\"https:\\\/\\\/www.purejewels.com\\\/product\\\/22ct-gold-kids-bracelet\\\/#primaryimage\",\"url\":\"https:\\\/\\\/static.purejewels.com\\\/wp-content\\\/uploads\\\/2020\\\/06\\\/image174417957.jpg\",\"contentUrl\":\"https:\\\/\\\/static.purejewels.com\\\/wp-content\\\/uploads\\\/2020\\\/06\\\/image174417957.jpg\",\"width\":1000,\"height\":1000,\"caption\":\"22ct Gold Baby Bracelet Black Beads YGBT042\"},{\"@type\":\"BreadcrumbList\",\"@id\":\"https:\\\/\\\/www.purejewels.com\\\/product\\\/22ct-gold-kids-bracelet\\\/#breadcrumb\",\"itemListElement\":[{\"@type\":\"ListItem\",\"position\":1,\"name\":\"Home\",\"item\":\"https:\\\/\\\/www.purejewels.com\\\/\"},{\"@type\":\"ListItem\",\"position\":2,\"name\":\"Shop\",\"item\":\"https:\\\/\\\/www.purejewels.com\\\/shop\\\/\"},{\"@type\":\"ListItem\",\"position\":3,\"name\":\"22ct Gold Noir Bead Kids Bracelet\"}]},{\"@type\":\"WebSite\",\"@id\":\"https:\\\/\\\/www.purejewels.com\\\/#website\",\"url\":\"https:\\\/\\\/www.purejewels.com\\\/\",\"name\":\"PureJewels UK\",\"description\":\"Share the Love\",\"publisher\":{\"@id\":\"https:\\\/\\\/www.purejewels.com\\\/#organization\"},\"potentialAction\":[{\"@type\":\"SearchAction\",\"target\":{\"@type\":\"EntryPoint\",\"urlTemplate\":\"https:\\\/\\\/www.purejewels.com\\\/?s={search_term_string}\"},\"query-input\":{\"@type\":\"PropertyValueSpecification\",\"valueRequired\":true,\"valueName\":\"search_term_string\"}}],\"inLanguage\":\"tr\"},{\"@type\":\"Organization\",\"@id\":\"https:\\\/\\\/www.purejewels.com\\\/#organization\",\"name\":\"PureJewels UK\",\"url\":\"https:\\\/\\\/www.purejewels.com\\\/\",\"logo\":{\"@type\":\"ImageObject\",\"inLanguage\":\"tr\",\"@id\":\"https:\\\/\\\/www.purejewels.com\\\/#\\\/schema\\\/logo\\\/image\\\/\",\"url\":\"https:\\\/\\\/static.purejewels.com\\\/wp-content\\\/uploads\\\/2020\\\/11\\\/Logo-PJ-New-1.png\",\"contentUrl\":\"https:\\\/\\\/static.purejewels.com\\\/wp-content\\\/uploads\\\/2020\\\/11\\\/Logo-PJ-New-1.png\",\"width\":150,\"height\":80,\"caption\":\"PureJewels UK\"},\"image\":{\"@id\":\"https:\\\/\\\/www.purejewels.com\\\/#\\\/schema\\\/logo\\\/image\\\/\"}}]}<\/script>\n<!-- \/ Yoast SEO plugin. -->","yoast_head_json":{"title":"Merkez Detayl\u0131 22 Ayar Alt\u0131n Noir Boncuk Bileklik | PureJewels","description":"Siyah boncuk desenli ve ortas\u0131 alt\u0131n detayl\u0131 22 ayar alt\u0131n noir boncuk bileklik sat\u0131n al\u0131n. Kontrast stile sahip hafif tasar\u0131m. PureJewels \u0130ngiltere.","robots":{"index":"index","follow":"follow","max-snippet":"max-snippet:-1","max-image-preview":"max-image-preview:large","max-video-preview":"max-video-preview:-1"},"canonical":"https:\/\/www.purejewels.com\/tr\/urun\/22-ayar-altin-cocuk-bilezigi\/","og_locale":"tr_TR","og_type":"article","og_title":"22ct Gold Noir Bead Bracelet with Centre Detail | PureJewels","og_description":"Shop 22ct gold noir bead bracelet with black bead accents and centre gold detail. Lightweight design with contrast styling. PureJewels UK.","og_url":"https:\/\/www.purejewels.com\/tr\/urun\/22-ayar-altin-cocuk-bilezigi\/","og_site_name":"PureJewels UK","article_modified_time":"2026-03-30T12:18:39+00:00","og_image":[{"width":1000,"height":1000,"url":"https:\/\/static.purejewels.com\/wp-content\/uploads\/2020\/06\/image174417957.jpg","type":"image\/jpeg"}],"twitter_card":"summary_large_image","twitter_misc":{"Tahmini okuma s\u00fcresi":"1 dakika"},"schema":{"@context":"https:\/\/schema.org","@graph":[{"@type":["WebPage","ItemPage"],"@id":"https:\/\/www.purejewels.com\/product\/22ct-gold-kids-bracelet\/","url":"https:\/\/www.purejewels.com\/product\/22ct-gold-kids-bracelet\/","name":"Merkez Detayl\u0131 22 Ayar Alt\u0131n Noir Boncuk Bileklik | PureJewels","isPartOf":{"@id":"https:\/\/www.purejewels.com\/#website"},"primaryImageOfPage":{"@id":"https:\/\/www.purejewels.com\/product\/22ct-gold-kids-bracelet\/#primaryimage"},"image":{"@id":"https:\/\/www.purejewels.com\/product\/22ct-gold-kids-bracelet\/#primaryimage"},"thumbnailUrl":"https:\/\/static.purejewels.com\/wp-content\/uploads\/2020\/06\/image174417957.jpg","datePublished":"2020-06-12T08:19:38+00:00","dateModified":"2026-03-30T12:18:39+00:00","description":"Siyah boncuk desenli ve ortas\u0131 alt\u0131n detayl\u0131 22 ayar alt\u0131n noir boncuk bileklik sat\u0131n al\u0131n. Kontrast stile sahip hafif tasar\u0131m. PureJewels \u0130ngiltere.","breadcrumb":{"@id":"https:\/\/www.purejewels.com\/product\/22ct-gold-kids-bracelet\/#breadcrumb"},"inLanguage":"tr","potentialAction":[{"@type":"ReadAction","target":["https:\/\/www.purejewels.com\/product\/22ct-gold-kids-bracelet\/"]}]},{"@type":"ImageObject","inLanguage":"tr","@id":"https:\/\/www.purejewels.com\/product\/22ct-gold-kids-bracelet\/#primaryimage","url":"https:\/\/static.purejewels.com\/wp-content\/uploads\/2020\/06\/image174417957.jpg","contentUrl":"https:\/\/static.purejewels.com\/wp-content\/uploads\/2020\/06\/image174417957.jpg","width":1000,"height":1000,"caption":"22ct Gold Baby Bracelet Black Beads YGBT042"},{"@type":"BreadcrumbList","@id":"https:\/\/www.purejewels.com\/product\/22ct-gold-kids-bracelet\/#breadcrumb","itemListElement":[{"@type":"ListItem","position":1,"name":"Home","item":"https:\/\/www.purejewels.com\/"},{"@type":"ListItem","position":2,"name":"Shop","item":"https:\/\/www.purejewels.com\/shop\/"},{"@type":"ListItem","position":3,"name":"22ct Gold Noir Bead Kids Bracelet"}]},{"@type":"WebSite","@id":"https:\/\/www.purejewels.com\/#website","url":"https:\/\/www.purejewels.com\/","name":"PureJewels \u0130ngiltere","description":"Sevgiyi Payla\u015f\u0131n","publisher":{"@id":"https:\/\/www.purejewels.com\/#organization"},"potentialAction":[{"@type":"SearchAction","target":{"@type":"EntryPoint","urlTemplate":"https:\/\/www.purejewels.com\/?s={search_term_string}"},"query-input":{"@type":"PropertyValueSpecification","valueRequired":true,"valueName":"search_term_string"}}],"inLanguage":"tr"},{"@type":"Organization","@id":"https:\/\/www.purejewels.com\/#organization","name":"PureJewels \u0130ngiltere","url":"https:\/\/www.purejewels.com\/","logo":{"@type":"ImageObject","inLanguage":"tr","@id":"https:\/\/www.purejewels.com\/#\/schema\/logo\/image\/","url":"https:\/\/static.purejewels.com\/wp-content\/uploads\/2020\/11\/Logo-PJ-New-1.png","contentUrl":"https:\/\/static.purejewels.com\/wp-content\/uploads\/2020\/11\/Logo-PJ-New-1.png","width":150,"height":80,"caption":"PureJewels UK"},"image":{"@id":"https:\/\/www.purejewels.com\/#\/schema\/logo\/image\/"}}]}},"_links":{"self":[{"href":"https:\/\/www.purejewels.com\/tr\/wp-json\/wp\/v2\/product\/314692","targetHints":{"allow":["GET"]}}],"collection":[{"href":"https:\/\/www.purejewels.com\/tr\/wp-json\/wp\/v2\/product"}],"about":[{"href":"https:\/\/www.purejewels.com\/tr\/wp-json\/wp\/v2\/types\/product"}],"replies":[{"embeddable":true,"href":"https:\/\/www.purejewels.com\/tr\/wp-json\/wp\/v2\/comments?post=314692"}],"version-history":[{"count":3,"href":"https:\/\/www.purejewels.com\/tr\/wp-json\/wp\/v2\/product\/314692\/revisions"}],"predecessor-version":[{"id":427836,"href":"https:\/\/www.purejewels.com\/tr\/wp-json\/wp\/v2\/product\/314692\/revisions\/427836"}],"wp:featuredmedia":[{"embeddable":true,"href":"https:\/\/www.purejewels.com\/tr\/wp-json\/wp\/v2\/media\/314693"}],"wp:attachment":[{"href":"https:\/\/www.purejewels.com\/tr\/wp-json\/wp\/v2\/media?parent=314692"}],"wp:term":[{"taxonomy":"product_brand","embeddable":true,"href":"https:\/\/www.purejewels.com\/tr\/wp-json\/wp\/v2\/product_brand?post=314692"},{"taxonomy":"product_cat","embeddable":true,"href":"https:\/\/www.purejewels.com\/tr\/wp-json\/wp\/v2\/product_cat?post=314692"},{"taxonomy":"product_tag","embeddable":true,"href":"https:\/\/www.purejewels.com\/tr\/wp-json\/wp\/v2\/product_tag?post=314692"}],"curies":[{"name":"wp","href":"https:\/\/api.w.org\/{rel}","templated":true}]}}