{"id":315074,"date":"2020-06-20T15:22:06","date_gmt":"2020-06-20T14:22:06","guid":{"rendered":"https:\/\/www.purejewels.com\/product\/22ct-foxtail-chain\/"},"modified":"2026-05-12T13:55:28","modified_gmt":"2026-05-12T12:55:28","slug":"22ct-tilki-kuyrugu-zincir","status":"publish","type":"product","link":"https:\/\/www.purejewels.com\/tr\/product\/22ct-foxtail-chain\/","title":{"rendered":"22 Ayar Alt\u0131n | Tilki Kuyru\u011fu Zincir | 18 \u0130n\u00e7 | 1,2 mm Kal\u0131nl\u0131k"},"content":{"rendered":"<p>D\u00fcz oval ba\u011flant\u0131lar 45 derecelik bir a\u00e7\u0131yla i\u00e7 i\u00e7e ge\u00e7ti\u011finde ve iki\u015ferli s\u0131ralar halinde ba\u011fland\u0131\u011f\u0131nda, g\u00fczel <a href=\"https:\/\/www.purejewels.com\/tr\/product\/22ct-gold-foxtail-chain-43297\/\">tilki kuyru\u011fu zinciri<\/a>. A <a href=\"https:\/\/www.purejewels.com\/tr\/product\/22ct-gold-foxtail-chain-33895\/\">alt\u0131n tilki kuyru\u011fu zinciri<\/a> dikkatli bir m\u00fchendisli\u011fin ve alt\u0131n\u0131n \u015fekillendirilebilir ve s\u00fcnek \u00f6zelliklerinin kullan\u0131lmas\u0131n\u0131n bir sonucudur.<\/p>\n<p>Tilki kuyru\u011fu kolyeler, daha a\u011f\u0131r alt\u0131n pedantlar\u0131 tutma yetenekleri nedeniyle sayg\u0131 g\u00f6r\u00fcr. PureJewels'te alt\u0131n tilki kuyru\u011fu zincirlerimizi 22 ayar alt\u0131ndan \u00fcretiyoruz. Bu tilki kuyru\u011fu kolyeler \u00e7e\u015fitli uzunluklarda ve kal\u0131nl\u0131klarda mevcuttur. Erkekler, kad\u0131nlar ve \u00e7ocuklar i\u00e7in m\u00fckemmeldir. \u00c7a\u011fda\u015f g\u00f6r\u00fcn\u00fcmleri, farkl\u0131 tarzlardaki di\u011fer alt\u0131n zincirlerle kolayca e\u015fle\u015ftirilebilmelerini sa\u011flar. Her bir alt\u0131n tilki kuyru\u011fu zincirinin hediye i\u00e7in uygun sunum kutusu vard\u0131r.<\/p>","protected":false},"excerpt":{"rendered":"<div class=\"woocommerce-product-details__short-description\">\n<table class=\"sh_desc\">\n<tbody>\n<tr>\n<td>Zincir Tipi<\/td>\n<td>Tilki Kuyru\u011fu Zinciri<\/td>\n<\/tr>\n<tr>\n<td>SKU<\/td>\n<td>50717,45461, 47989, 33028<\/td>\n<\/tr>\n<tr>\n<td>A\u011f\u0131rl\u0131k<\/td>\n<td>4.1 Gms<\/td>\n<\/tr>\n<tr>\n<td>Metal<\/td>\n<td>22 Ayar Sar\u0131 Alt\u0131n<\/td>\n<\/tr>\n<tr>\n<td>Kal\u0131nl\u0131k<\/td>\n<td>1.2mm<\/td>\n<\/tr>\n<tr>\n<td>Uzunluk<\/td>\n<td>18 in\u00e7<\/td>\n<\/tr>\n<tr>\n<td>Hallmark<\/td>\n<td>Londra Tahlil Ofisi Taraf\u0131ndan Damgalanm\u0131\u015f 22 Ayar Sar\u0131 Alt\u0131n<\/td>\n<\/tr>\n<tr>\n<td>\u00dccretler<\/td>\n<td>Teslimat ve KDV Dahil<\/td>\n<\/tr>\n<tr>\n<td>Paketleme<\/td>\n<td>Sunum Kutusu ile Birlikte Gelir<\/td>\n<\/tr>\n<tr>\n<td>Daha Fazla Bilgi<\/td>\n<td>M\u00fcsaitlik durumu ve daha fazla resim i\u00e7in bizimle canl\u0131 sohbet edin<\/td>\n<\/tr>\n<\/tbody>\n<\/table>\n<\/div>","protected":false},"featured_media":428542,"comment_status":"closed","ping_status":"closed","template":"","meta":{"_eb_attr":"","_crsspst_to_jayantr4sg-hostcom":true},"product_brand":[],"product_cat":[5265,1475,1229,1570,1575,1569,1573,1574,5349],"product_tag":[65],"class_list":{"0":"post-315074","1":"product","2":"type-product","3":"status-publish","4":"has-post-thumbnail","6":"product_cat-foxtail-chain","7":"product_cat-gold-chains","8":"product_cat-22ct-gold-jewellery","9":"product_cat-mothers-day-gifts","10":"product_cat-teenage-jewellery","11":"product_cat-valentine-day-gifts","12":"product_cat-wedding-gifts","13":"product_cat-womens-jewellery","14":"product_cat-yellow-gold-jewellery","15":"product_tag-chains","17":"first","18":"instock","19":"sold-individually","20":"taxable","21":"shipping-taxable","22":"purchasable","23":"product-type-simple","24":"add-to-wishlist-before_image"},"yoast_head":"<!-- This site is optimized with the Yoast SEO plugin v27.6 - https:\/\/yoast.com\/product\/yoast-seo-wordpress\/ -->\n<title>22ct Gold Foxtail Chain online in UK | PureJewels.com<\/title>\n<meta name=\"description\" content=\"Buy Gold Foxtail Chains in UK | Shop pure gold jewellery Online | Explore more Jewellery collection | Fast delivery &amp; easy returns\" \/>\n<meta name=\"robots\" content=\"index, follow, max-snippet:-1, max-image-preview:large, max-video-preview:-1\" \/>\n<link rel=\"canonical\" href=\"https:\/\/www.purejewels.com\/tr\/urun\/22ct-tilki-kuyrugu-zincir\/\" \/>\n<meta property=\"og:locale\" content=\"tr_TR\" \/>\n<meta property=\"og:type\" content=\"article\" \/>\n<meta property=\"og:title\" content=\"22ct Gold Foxtail Chain online in UK | PureJewels.com\" \/>\n<meta property=\"og:description\" content=\"Buy Gold Foxtail Chains in UK | Shop pure gold jewellery Online | Explore more Jewellery collection | Fast delivery &amp; easy returns\" \/>\n<meta property=\"og:url\" content=\"https:\/\/www.purejewels.com\/tr\/urun\/22ct-tilki-kuyrugu-zincir\/\" \/>\n<meta property=\"og:site_name\" content=\"PureJewels UK\" \/>\n<meta property=\"article:modified_time\" content=\"2026-05-12T12:55:28+00:00\" \/>\n<meta property=\"og:image\" content=\"https:\/\/static.purejewels.com\/wp-content\/uploads\/2020\/06\/LOBSTER-CLASP-FOXTAIL.jpg\" \/>\n\t<meta property=\"og:image:width\" content=\"1000\" \/>\n\t<meta property=\"og:image:height\" content=\"1000\" \/>\n\t<meta property=\"og:image:type\" content=\"image\/jpeg\" \/>\n<meta name=\"twitter:card\" content=\"summary_large_image\" \/>\n<meta name=\"twitter:label1\" content=\"Tahmini okuma s\u00fcresi\" \/>\n\t<meta name=\"twitter:data1\" content=\"1 dakika\" \/>\n<script type=\"application\/ld+json\" class=\"yoast-schema-graph\">{\"@context\":\"https:\\\/\\\/schema.org\",\"@graph\":[{\"@type\":[\"WebPage\",\"ItemPage\"],\"@id\":\"https:\\\/\\\/www.purejewels.com\\\/product\\\/22ct-foxtail-chain\\\/\",\"url\":\"https:\\\/\\\/www.purejewels.com\\\/product\\\/22ct-foxtail-chain\\\/\",\"name\":\"22ct Gold Foxtail Chain online in UK | PureJewels.com\",\"isPartOf\":{\"@id\":\"https:\\\/\\\/www.purejewels.com\\\/#website\"},\"primaryImageOfPage\":{\"@id\":\"https:\\\/\\\/www.purejewels.com\\\/product\\\/22ct-foxtail-chain\\\/#primaryimage\"},\"image\":{\"@id\":\"https:\\\/\\\/www.purejewels.com\\\/product\\\/22ct-foxtail-chain\\\/#primaryimage\"},\"thumbnailUrl\":\"https:\\\/\\\/static.purejewels.com\\\/wp-content\\\/uploads\\\/2020\\\/06\\\/LOBSTER-CLASP-FOXTAIL.jpg\",\"datePublished\":\"2020-06-20T14:22:06+00:00\",\"dateModified\":\"2026-05-12T12:55:28+00:00\",\"description\":\"Buy Gold Foxtail Chains in UK | Shop pure gold jewellery Online | Explore more Jewellery collection | Fast delivery & easy returns\",\"breadcrumb\":{\"@id\":\"https:\\\/\\\/www.purejewels.com\\\/product\\\/22ct-foxtail-chain\\\/#breadcrumb\"},\"inLanguage\":\"tr\",\"potentialAction\":[{\"@type\":\"ReadAction\",\"target\":[\"https:\\\/\\\/www.purejewels.com\\\/product\\\/22ct-foxtail-chain\\\/\"]}]},{\"@type\":\"ImageObject\",\"inLanguage\":\"tr\",\"@id\":\"https:\\\/\\\/www.purejewels.com\\\/product\\\/22ct-foxtail-chain\\\/#primaryimage\",\"url\":\"https:\\\/\\\/static.purejewels.com\\\/wp-content\\\/uploads\\\/2020\\\/06\\\/LOBSTER-CLASP-FOXTAIL.jpg\",\"contentUrl\":\"https:\\\/\\\/static.purejewels.com\\\/wp-content\\\/uploads\\\/2020\\\/06\\\/LOBSTER-CLASP-FOXTAIL.jpg\",\"width\":1000,\"height\":1000},{\"@type\":\"BreadcrumbList\",\"@id\":\"https:\\\/\\\/www.purejewels.com\\\/product\\\/22ct-foxtail-chain\\\/#breadcrumb\",\"itemListElement\":[{\"@type\":\"ListItem\",\"position\":1,\"name\":\"Home\",\"item\":\"https:\\\/\\\/www.purejewels.com\\\/\"},{\"@type\":\"ListItem\",\"position\":2,\"name\":\"Shop\",\"item\":\"https:\\\/\\\/www.purejewels.com\\\/shop\\\/\"},{\"@type\":\"ListItem\",\"position\":3,\"name\":\"22ct Gold | Foxtail Chain | 18 Inches | 1.2mm Thick\"}]},{\"@type\":\"WebSite\",\"@id\":\"https:\\\/\\\/www.purejewels.com\\\/#website\",\"url\":\"https:\\\/\\\/www.purejewels.com\\\/\",\"name\":\"PureJewels UK\",\"description\":\"Share the Love\",\"publisher\":{\"@id\":\"https:\\\/\\\/www.purejewels.com\\\/#organization\"},\"potentialAction\":[{\"@type\":\"SearchAction\",\"target\":{\"@type\":\"EntryPoint\",\"urlTemplate\":\"https:\\\/\\\/www.purejewels.com\\\/?s={search_term_string}\"},\"query-input\":{\"@type\":\"PropertyValueSpecification\",\"valueRequired\":true,\"valueName\":\"search_term_string\"}}],\"inLanguage\":\"tr\"},{\"@type\":\"Organization\",\"@id\":\"https:\\\/\\\/www.purejewels.com\\\/#organization\",\"name\":\"PureJewels UK\",\"url\":\"https:\\\/\\\/www.purejewels.com\\\/\",\"logo\":{\"@type\":\"ImageObject\",\"inLanguage\":\"tr\",\"@id\":\"https:\\\/\\\/www.purejewels.com\\\/#\\\/schema\\\/logo\\\/image\\\/\",\"url\":\"https:\\\/\\\/static.purejewels.com\\\/wp-content\\\/uploads\\\/2020\\\/11\\\/Logo-PJ-New-1.png\",\"contentUrl\":\"https:\\\/\\\/static.purejewels.com\\\/wp-content\\\/uploads\\\/2020\\\/11\\\/Logo-PJ-New-1.png\",\"width\":150,\"height\":80,\"caption\":\"PureJewels UK\"},\"image\":{\"@id\":\"https:\\\/\\\/www.purejewels.com\\\/#\\\/schema\\\/logo\\\/image\\\/\"}}]}<\/script>\n<!-- \/ Yoast SEO plugin. -->","yoast_head_json":{"title":"22 Ayar Alt\u0131n Tilki Kuyru\u011fu Zincir \u0130ngiltere'de online | PureJewels.com","description":"\u0130ngiltere'de Alt\u0131n Tilki Kuyru\u011fu Zincirleri Sat\u0131n Al\u0131n | Saf alt\u0131n m\u00fccevherleri Online sat\u0131n al\u0131n | Daha fazla M\u00fccevher koleksiyonu ke\u015ffedin | H\u0131zl\u0131 teslimat ve kolay iade","robots":{"index":"index","follow":"follow","max-snippet":"max-snippet:-1","max-image-preview":"max-image-preview:large","max-video-preview":"max-video-preview:-1"},"canonical":"https:\/\/www.purejewels.com\/tr\/urun\/22ct-tilki-kuyrugu-zincir\/","og_locale":"tr_TR","og_type":"article","og_title":"22ct Gold Foxtail Chain online in UK | PureJewels.com","og_description":"Buy Gold Foxtail Chains in UK | Shop pure gold jewellery Online | Explore more Jewellery collection | Fast delivery & easy returns","og_url":"https:\/\/www.purejewels.com\/tr\/urun\/22ct-tilki-kuyrugu-zincir\/","og_site_name":"PureJewels UK","article_modified_time":"2026-05-12T12:55:28+00:00","og_image":[{"width":1000,"height":1000,"url":"https:\/\/static.purejewels.com\/wp-content\/uploads\/2020\/06\/LOBSTER-CLASP-FOXTAIL.jpg","type":"image\/jpeg"}],"twitter_card":"summary_large_image","twitter_misc":{"Tahmini okuma s\u00fcresi":"1 dakika"},"schema":{"@context":"https:\/\/schema.org","@graph":[{"@type":["WebPage","ItemPage"],"@id":"https:\/\/www.purejewels.com\/product\/22ct-foxtail-chain\/","url":"https:\/\/www.purejewels.com\/product\/22ct-foxtail-chain\/","name":"22 Ayar Alt\u0131n Tilki Kuyru\u011fu Zincir \u0130ngiltere'de online | PureJewels.com","isPartOf":{"@id":"https:\/\/www.purejewels.com\/#website"},"primaryImageOfPage":{"@id":"https:\/\/www.purejewels.com\/product\/22ct-foxtail-chain\/#primaryimage"},"image":{"@id":"https:\/\/www.purejewels.com\/product\/22ct-foxtail-chain\/#primaryimage"},"thumbnailUrl":"https:\/\/static.purejewels.com\/wp-content\/uploads\/2020\/06\/LOBSTER-CLASP-FOXTAIL.jpg","datePublished":"2020-06-20T14:22:06+00:00","dateModified":"2026-05-12T12:55:28+00:00","description":"\u0130ngiltere'de Alt\u0131n Tilki Kuyru\u011fu Zincirleri Sat\u0131n Al\u0131n | Saf alt\u0131n m\u00fccevherleri Online sat\u0131n al\u0131n | Daha fazla M\u00fccevher koleksiyonu ke\u015ffedin | H\u0131zl\u0131 teslimat ve kolay iade","breadcrumb":{"@id":"https:\/\/www.purejewels.com\/product\/22ct-foxtail-chain\/#breadcrumb"},"inLanguage":"tr","potentialAction":[{"@type":"ReadAction","target":["https:\/\/www.purejewels.com\/product\/22ct-foxtail-chain\/"]}]},{"@type":"ImageObject","inLanguage":"tr","@id":"https:\/\/www.purejewels.com\/product\/22ct-foxtail-chain\/#primaryimage","url":"https:\/\/static.purejewels.com\/wp-content\/uploads\/2020\/06\/LOBSTER-CLASP-FOXTAIL.jpg","contentUrl":"https:\/\/static.purejewels.com\/wp-content\/uploads\/2020\/06\/LOBSTER-CLASP-FOXTAIL.jpg","width":1000,"height":1000},{"@type":"BreadcrumbList","@id":"https:\/\/www.purejewels.com\/product\/22ct-foxtail-chain\/#breadcrumb","itemListElement":[{"@type":"ListItem","position":1,"name":"Home","item":"https:\/\/www.purejewels.com\/"},{"@type":"ListItem","position":2,"name":"Shop","item":"https:\/\/www.purejewels.com\/shop\/"},{"@type":"ListItem","position":3,"name":"22ct Gold | Foxtail Chain | 18 Inches | 1.2mm Thick"}]},{"@type":"WebSite","@id":"https:\/\/www.purejewels.com\/#website","url":"https:\/\/www.purejewels.com\/","name":"PureJewels \u0130ngiltere","description":"Sevgiyi Payla\u015f\u0131n","publisher":{"@id":"https:\/\/www.purejewels.com\/#organization"},"potentialAction":[{"@type":"SearchAction","target":{"@type":"EntryPoint","urlTemplate":"https:\/\/www.purejewels.com\/?s={search_term_string}"},"query-input":{"@type":"PropertyValueSpecification","valueRequired":true,"valueName":"search_term_string"}}],"inLanguage":"tr"},{"@type":"Organization","@id":"https:\/\/www.purejewels.com\/#organization","name":"PureJewels \u0130ngiltere","url":"https:\/\/www.purejewels.com\/","logo":{"@type":"ImageObject","inLanguage":"tr","@id":"https:\/\/www.purejewels.com\/#\/schema\/logo\/image\/","url":"https:\/\/static.purejewels.com\/wp-content\/uploads\/2020\/11\/Logo-PJ-New-1.png","contentUrl":"https:\/\/static.purejewels.com\/wp-content\/uploads\/2020\/11\/Logo-PJ-New-1.png","width":150,"height":80,"caption":"PureJewels UK"},"image":{"@id":"https:\/\/www.purejewels.com\/#\/schema\/logo\/image\/"}}]}},"_links":{"self":[{"href":"https:\/\/www.purejewels.com\/tr\/wp-json\/wp\/v2\/product\/315074","targetHints":{"allow":["GET"]}}],"collection":[{"href":"https:\/\/www.purejewels.com\/tr\/wp-json\/wp\/v2\/product"}],"about":[{"href":"https:\/\/www.purejewels.com\/tr\/wp-json\/wp\/v2\/types\/product"}],"replies":[{"embeddable":true,"href":"https:\/\/www.purejewels.com\/tr\/wp-json\/wp\/v2\/comments?post=315074"}],"version-history":[{"count":5,"href":"https:\/\/www.purejewels.com\/tr\/wp-json\/wp\/v2\/product\/315074\/revisions"}],"predecessor-version":[{"id":417053,"href":"https:\/\/www.purejewels.com\/tr\/wp-json\/wp\/v2\/product\/315074\/revisions\/417053"}],"wp:featuredmedia":[{"embeddable":true,"href":"https:\/\/www.purejewels.com\/tr\/wp-json\/wp\/v2\/media\/428542"}],"wp:attachment":[{"href":"https:\/\/www.purejewels.com\/tr\/wp-json\/wp\/v2\/media?parent=315074"}],"wp:term":[{"taxonomy":"product_brand","embeddable":true,"href":"https:\/\/www.purejewels.com\/tr\/wp-json\/wp\/v2\/product_brand?post=315074"},{"taxonomy":"product_cat","embeddable":true,"href":"https:\/\/www.purejewels.com\/tr\/wp-json\/wp\/v2\/product_cat?post=315074"},{"taxonomy":"product_tag","embeddable":true,"href":"https:\/\/www.purejewels.com\/tr\/wp-json\/wp\/v2\/product_tag?post=315074"}],"curies":[{"name":"wp","href":"https:\/\/api.w.org\/{rel}","templated":true}]}}