{"id":316079,"date":"2020-07-20T11:47:06","date_gmt":"2020-07-20T10:47:06","guid":{"rendered":"https:\/\/www.purejewels.com\/product\/22ct-gold-ladies-bracelet-3-9gm\/"},"modified":"2026-01-06T09:44:02","modified_gmt":"2026-01-06T09:44:02","slug":"22-ayar-altin-bilezik-32925","status":"publish","type":"product","link":"https:\/\/www.purejewels.com\/tr\/product\/22ct-gold-bracelet-32925\/","title":{"rendered":"22 ayar alt\u0131n geometrik charm bilezik"},"content":{"rendered":"<p><strong>Tasar\u0131m<\/strong><\/p>\n<p>Modern geometrik charmlar\u0131n e\u011flenceli bir \u015fekilde bir araya getirilmesi, bu zarif zincir bilezi\u011fe hareket ve ki\u015filik kat\u0131yor. Her bir charm, hareket etti\u011finizde \u0131\u015f\u0131\u011f\u0131 g\u00fczel bir \u015fekilde yakalayan temiz ve \u00e7a\u011fda\u015f \u00e7izgilerle \u015fekillendirilmi\u015f olup, gen\u00e7, sanatsal ve kendinden emin bir stil yarat\u0131yor.<\/p>\n<p><strong>Zanaatkarl\u0131k<\/strong><\/p>\n<p>Saf 22 ayar alt\u0131ndan ustal\u0131kla i\u015flenmi\u015f charmlar, her siluette cilal\u0131 detaylar ve hassas bir son i\u015flem sergiliyor. Bilezik, sertifikal\u0131 alt\u0131n safl\u0131\u011f\u0131n\u0131 do\u011frulayan, Birle\u015fik Krall\u0131k'ta ba\u011f\u0131ms\u0131z olarak damgalanm\u0131\u015ft\u0131r. G\u00fcvenli bir toka, g\u00fcnl\u00fck kullan\u0131mda zahmetsiz ve uzun s\u00fcreli rahatl\u0131k sa\u011flar.<\/p>\n<p><strong>\u015eekillendirme &amp; Hediyele\u015fme<\/strong><\/p>\n<p>G\u00fcnl\u00fck kullan\u0131m ve katmanlama i\u00e7in m\u00fckemmel olan bu bileklik, minimalist bilezikler ve charm k\u00fcpelerle uyumlu bir \u015fekilde kombinlenerek uyumlu bir ki\u015fisel stil yarat\u0131r. Do\u011fum g\u00fcnleri, mezuniyetler veya kutlama niteli\u011findeki \u00f6nemli g\u00fcnler i\u00e7in anlaml\u0131 bir hediye olan bu tasar\u0131m, ne\u015fe, karakter ve alt\u0131n tak\u0131lara modern bir yakla\u015f\u0131m getiriyor.<\/p>","protected":false},"excerpt":{"rendered":"<ul>\n<li>22ct\u00a0<span id=\"urn:enhancement-96f9535d\" class=\"textannotation\">Alt\u0131n<\/span>\u00a0K\u0131z Bileklik<\/li>\n<li>Hem Gen\u00e7 K\u0131zlar Hem de Bayanlar \u0130\u00e7in Uygun<\/li>\n<li>Uzunlu\u011fu\u00a0<span id=\"urn:enhancement-abca8cb7\" class=\"textannotation\">Bilezik<\/span>\u00a07.25 \u0130n\u00e7tir<\/li>\n<li>a\u011f\u0131rl\u0131\u011f\u0131\u00a0<span id=\"urn:enhancement-71141257\" class=\"textannotation\">Bilezik<\/span>\u00a03,9 gramd\u0131r<\/li>\n<li>SKU 32925<\/li>\n<li>T\u00fcm fiyatlara KDV dahildir<\/li>\n<li>22\u00a0<span id=\"urn:enhancement-bc82c59b\" class=\"textannotation\">karat<\/span>\u00a0<span id=\"urn:enhancement-9abf3d80\" class=\"textannotation\">Alt\u0131n<\/span>\u00a0Londra taraf\u0131ndan damgalanm\u0131\u015ft\u0131r\u00a0<span id=\"urn:enhancement-804ade87\" class=\"textannotation\">Tahlil Ofisi<\/span><\/li>\n<li>Sunum Kutusu ile Birlikte Gelir<\/li>\n<li>Teslimat Dahil<\/li>\n<li>\u015eu anda stokta bulunan benzer Lovely Daily, Officewear Bayan Bileklik modellerinin stok durumu ve daha fazla g\u00f6rsel i\u00e7in bizimle canl\u0131 sohbet edin.<\/li>\n<\/ul>","protected":false},"featured_media":316108,"comment_status":"closed","ping_status":"closed","template":"","meta":{"_eb_attr":"","_crsspst_to_jayantr4sg-hostcom":true},"product_brand":[],"product_cat":[1791,1559,1794,1324,1627,1575,1569,1574],"product_tag":[4123],"class_list":{"0":"post-316079","1":"product","2":"type-product","3":"status-publish","4":"has-post-thumbnail","6":"product_cat-anniversary-gifts","7":"product_cat-birthday-gifts","8":"product_cat-christmas-gifts","9":"product_cat-gold-bracelet","10":"product_cat-ladies-bracelet","11":"product_cat-teenage-jewellery","12":"product_cat-valentine-day-gifts","13":"product_cat-womens-jewellery","14":"product_tag-gold-bracelets-for-sale","16":"first","17":"outofstock","18":"sale","19":"taxable","20":"shipping-taxable","21":"product-type-simple","22":"add-to-wishlist-before_image"},"yoast_head":"<!-- This site is optimized with the Yoast SEO plugin v27.3 - https:\/\/yoast.com\/product\/yoast-seo-wordpress\/ -->\n<title>22ct Gold Geometric Charm Bracelet | PureJewels UK | Buy Online<\/title>\n<meta name=\"description\" content=\"Shop the 22ct Gold Geometric Charm Bracelet at PureJewels UK. Featuring playful drop charms in modern geometric shapes crafted in pure 22ct gold.\" \/>\n<meta name=\"robots\" content=\"index, follow, max-snippet:-1, max-image-preview:large, max-video-preview:-1\" \/>\n<link rel=\"canonical\" href=\"https:\/\/www.purejewels.com\/tr\/urun\/22-ayar-altin-bilezik-32925\/\" \/>\n<meta property=\"og:locale\" content=\"tr_TR\" \/>\n<meta property=\"og:type\" content=\"article\" \/>\n<meta property=\"og:title\" content=\"22ct Gold Geometric Charm Bracelet | PureJewels UK | Buy Online\" \/>\n<meta property=\"og:description\" content=\"Shop the 22ct Gold Geometric Charm Bracelet at PureJewels UK. Featuring playful drop charms in modern geometric shapes crafted in pure 22ct gold.\" \/>\n<meta property=\"og:url\" content=\"https:\/\/www.purejewels.com\/tr\/urun\/22-ayar-altin-bilezik-32925\/\" \/>\n<meta property=\"og:site_name\" content=\"PureJewels UK\" \/>\n<meta property=\"article:modified_time\" content=\"2026-01-06T09:44:02+00:00\" \/>\n<meta property=\"og:image\" content=\"https:\/\/static.purejewels.com\/wp-content\/uploads\/2020\/07\/image177201903.jpg\" \/>\n\t<meta property=\"og:image:width\" content=\"1000\" \/>\n\t<meta property=\"og:image:height\" content=\"1000\" \/>\n\t<meta property=\"og:image:type\" content=\"image\/jpeg\" \/>\n<meta name=\"twitter:card\" content=\"summary_large_image\" \/>\n<meta name=\"twitter:label1\" content=\"Tahmini okuma s\u00fcresi\" \/>\n\t<meta name=\"twitter:data1\" content=\"1 dakika\" \/>\n<script type=\"application\/ld+json\" class=\"yoast-schema-graph\">{\"@context\":\"https:\\\/\\\/schema.org\",\"@graph\":[{\"@type\":[\"WebPage\",\"ItemPage\"],\"@id\":\"https:\\\/\\\/www.purejewels.com\\\/product\\\/22ct-gold-bracelet-32925\\\/\",\"url\":\"https:\\\/\\\/www.purejewels.com\\\/product\\\/22ct-gold-bracelet-32925\\\/\",\"name\":\"22ct Gold Geometric Charm Bracelet | PureJewels UK | Buy Online\",\"isPartOf\":{\"@id\":\"https:\\\/\\\/www.purejewels.com\\\/#website\"},\"primaryImageOfPage\":{\"@id\":\"https:\\\/\\\/www.purejewels.com\\\/product\\\/22ct-gold-bracelet-32925\\\/#primaryimage\"},\"image\":{\"@id\":\"https:\\\/\\\/www.purejewels.com\\\/product\\\/22ct-gold-bracelet-32925\\\/#primaryimage\"},\"thumbnailUrl\":\"https:\\\/\\\/static.purejewels.com\\\/wp-content\\\/uploads\\\/2020\\\/07\\\/image177201903.jpg\",\"datePublished\":\"2020-07-20T10:47:06+00:00\",\"dateModified\":\"2026-01-06T09:44:02+00:00\",\"description\":\"Shop the 22ct Gold Geometric Charm Bracelet at PureJewels UK. Featuring playful drop charms in modern geometric shapes crafted in pure 22ct gold.\",\"breadcrumb\":{\"@id\":\"https:\\\/\\\/www.purejewels.com\\\/product\\\/22ct-gold-bracelet-32925\\\/#breadcrumb\"},\"inLanguage\":\"tr\",\"potentialAction\":[{\"@type\":\"ReadAction\",\"target\":[\"https:\\\/\\\/www.purejewels.com\\\/product\\\/22ct-gold-bracelet-32925\\\/\"]}]},{\"@type\":\"ImageObject\",\"inLanguage\":\"tr\",\"@id\":\"https:\\\/\\\/www.purejewels.com\\\/product\\\/22ct-gold-bracelet-32925\\\/#primaryimage\",\"url\":\"https:\\\/\\\/static.purejewels.com\\\/wp-content\\\/uploads\\\/2020\\\/07\\\/image177201903.jpg\",\"contentUrl\":\"https:\\\/\\\/static.purejewels.com\\\/wp-content\\\/uploads\\\/2020\\\/07\\\/image177201903.jpg\",\"width\":1000,\"height\":1000,\"caption\":\"22ct Gold Light Mix Charm Ladies Bracelet YGBR135\"},{\"@type\":\"BreadcrumbList\",\"@id\":\"https:\\\/\\\/www.purejewels.com\\\/product\\\/22ct-gold-bracelet-32925\\\/#breadcrumb\",\"itemListElement\":[{\"@type\":\"ListItem\",\"position\":1,\"name\":\"Home\",\"item\":\"https:\\\/\\\/www.purejewels.com\\\/\"},{\"@type\":\"ListItem\",\"position\":2,\"name\":\"Shop\",\"item\":\"https:\\\/\\\/www.purejewels.com\\\/shop\\\/\"},{\"@type\":\"ListItem\",\"position\":3,\"name\":\"22ct Gold Geometric Charm Bracelet\"}]},{\"@type\":\"WebSite\",\"@id\":\"https:\\\/\\\/www.purejewels.com\\\/#website\",\"url\":\"https:\\\/\\\/www.purejewels.com\\\/\",\"name\":\"PureJewels UK\",\"description\":\"Share the Love\",\"publisher\":{\"@id\":\"https:\\\/\\\/www.purejewels.com\\\/#organization\"},\"potentialAction\":[{\"@type\":\"SearchAction\",\"target\":{\"@type\":\"EntryPoint\",\"urlTemplate\":\"https:\\\/\\\/www.purejewels.com\\\/?s={search_term_string}\"},\"query-input\":{\"@type\":\"PropertyValueSpecification\",\"valueRequired\":true,\"valueName\":\"search_term_string\"}}],\"inLanguage\":\"tr\"},{\"@type\":\"Organization\",\"@id\":\"https:\\\/\\\/www.purejewels.com\\\/#organization\",\"name\":\"PureJewels UK\",\"url\":\"https:\\\/\\\/www.purejewels.com\\\/\",\"logo\":{\"@type\":\"ImageObject\",\"inLanguage\":\"tr\",\"@id\":\"https:\\\/\\\/www.purejewels.com\\\/#\\\/schema\\\/logo\\\/image\\\/\",\"url\":\"https:\\\/\\\/static.purejewels.com\\\/wp-content\\\/uploads\\\/2020\\\/11\\\/Logo-PJ-New-1.png\",\"contentUrl\":\"https:\\\/\\\/static.purejewels.com\\\/wp-content\\\/uploads\\\/2020\\\/11\\\/Logo-PJ-New-1.png\",\"width\":150,\"height\":80,\"caption\":\"PureJewels UK\"},\"image\":{\"@id\":\"https:\\\/\\\/www.purejewels.com\\\/#\\\/schema\\\/logo\\\/image\\\/\"}}]}<\/script>\n<!-- \/ Yoast SEO plugin. -->","yoast_head_json":{"title":"22 ayar alt\u0131n geometrik charm bilezik | PureJewels UK | Online sat\u0131n al","description":"PureJewels UK'de 22 ayar alt\u0131n geometrik charm bilezi\u011fi sat\u0131n al\u0131n. Saf 22 ayar alt\u0131ndan yap\u0131lm\u0131\u015f, modern geometrik \u015fekillerde e\u011flenceli damla charmlar ile s\u00fcslenmi\u015f.","robots":{"index":"index","follow":"follow","max-snippet":"max-snippet:-1","max-image-preview":"max-image-preview:large","max-video-preview":"max-video-preview:-1"},"canonical":"https:\/\/www.purejewels.com\/tr\/urun\/22-ayar-altin-bilezik-32925\/","og_locale":"tr_TR","og_type":"article","og_title":"22ct Gold Geometric Charm Bracelet | PureJewels UK | Buy Online","og_description":"Shop the 22ct Gold Geometric Charm Bracelet at PureJewels UK. Featuring playful drop charms in modern geometric shapes crafted in pure 22ct gold.","og_url":"https:\/\/www.purejewels.com\/tr\/urun\/22-ayar-altin-bilezik-32925\/","og_site_name":"PureJewels UK","article_modified_time":"2026-01-06T09:44:02+00:00","og_image":[{"width":1000,"height":1000,"url":"https:\/\/static.purejewels.com\/wp-content\/uploads\/2020\/07\/image177201903.jpg","type":"image\/jpeg"}],"twitter_card":"summary_large_image","twitter_misc":{"Tahmini okuma s\u00fcresi":"1 dakika"},"schema":{"@context":"https:\/\/schema.org","@graph":[{"@type":["WebPage","ItemPage"],"@id":"https:\/\/www.purejewels.com\/product\/22ct-gold-bracelet-32925\/","url":"https:\/\/www.purejewels.com\/product\/22ct-gold-bracelet-32925\/","name":"22 ayar alt\u0131n geometrik charm bilezik | PureJewels UK | Online sat\u0131n al","isPartOf":{"@id":"https:\/\/www.purejewels.com\/#website"},"primaryImageOfPage":{"@id":"https:\/\/www.purejewels.com\/product\/22ct-gold-bracelet-32925\/#primaryimage"},"image":{"@id":"https:\/\/www.purejewels.com\/product\/22ct-gold-bracelet-32925\/#primaryimage"},"thumbnailUrl":"https:\/\/static.purejewels.com\/wp-content\/uploads\/2020\/07\/image177201903.jpg","datePublished":"2020-07-20T10:47:06+00:00","dateModified":"2026-01-06T09:44:02+00:00","description":"PureJewels UK'de 22 ayar alt\u0131n geometrik charm bilezi\u011fi sat\u0131n al\u0131n. Saf 22 ayar alt\u0131ndan yap\u0131lm\u0131\u015f, modern geometrik \u015fekillerde e\u011flenceli damla charmlar ile s\u00fcslenmi\u015f.","breadcrumb":{"@id":"https:\/\/www.purejewels.com\/product\/22ct-gold-bracelet-32925\/#breadcrumb"},"inLanguage":"tr","potentialAction":[{"@type":"ReadAction","target":["https:\/\/www.purejewels.com\/product\/22ct-gold-bracelet-32925\/"]}]},{"@type":"ImageObject","inLanguage":"tr","@id":"https:\/\/www.purejewels.com\/product\/22ct-gold-bracelet-32925\/#primaryimage","url":"https:\/\/static.purejewels.com\/wp-content\/uploads\/2020\/07\/image177201903.jpg","contentUrl":"https:\/\/static.purejewels.com\/wp-content\/uploads\/2020\/07\/image177201903.jpg","width":1000,"height":1000,"caption":"22ct Gold Light Mix Charm Ladies Bracelet YGBR135"},{"@type":"BreadcrumbList","@id":"https:\/\/www.purejewels.com\/product\/22ct-gold-bracelet-32925\/#breadcrumb","itemListElement":[{"@type":"ListItem","position":1,"name":"Home","item":"https:\/\/www.purejewels.com\/"},{"@type":"ListItem","position":2,"name":"Shop","item":"https:\/\/www.purejewels.com\/shop\/"},{"@type":"ListItem","position":3,"name":"22ct Gold Geometric Charm Bracelet"}]},{"@type":"WebSite","@id":"https:\/\/www.purejewels.com\/#website","url":"https:\/\/www.purejewels.com\/","name":"PureJewels \u0130ngiltere","description":"Sevgiyi Payla\u015f\u0131n","publisher":{"@id":"https:\/\/www.purejewels.com\/#organization"},"potentialAction":[{"@type":"SearchAction","target":{"@type":"EntryPoint","urlTemplate":"https:\/\/www.purejewels.com\/?s={search_term_string}"},"query-input":{"@type":"PropertyValueSpecification","valueRequired":true,"valueName":"search_term_string"}}],"inLanguage":"tr"},{"@type":"Organization","@id":"https:\/\/www.purejewels.com\/#organization","name":"PureJewels \u0130ngiltere","url":"https:\/\/www.purejewels.com\/","logo":{"@type":"ImageObject","inLanguage":"tr","@id":"https:\/\/www.purejewels.com\/#\/schema\/logo\/image\/","url":"https:\/\/static.purejewels.com\/wp-content\/uploads\/2020\/11\/Logo-PJ-New-1.png","contentUrl":"https:\/\/static.purejewels.com\/wp-content\/uploads\/2020\/11\/Logo-PJ-New-1.png","width":150,"height":80,"caption":"PureJewels UK"},"image":{"@id":"https:\/\/www.purejewels.com\/#\/schema\/logo\/image\/"}}]}},"_links":{"self":[{"href":"https:\/\/www.purejewels.com\/tr\/wp-json\/wp\/v2\/product\/316079","targetHints":{"allow":["GET"]}}],"collection":[{"href":"https:\/\/www.purejewels.com\/tr\/wp-json\/wp\/v2\/product"}],"about":[{"href":"https:\/\/www.purejewels.com\/tr\/wp-json\/wp\/v2\/types\/product"}],"replies":[{"embeddable":true,"href":"https:\/\/www.purejewels.com\/tr\/wp-json\/wp\/v2\/comments?post=316079"}],"version-history":[{"count":2,"href":"https:\/\/www.purejewels.com\/tr\/wp-json\/wp\/v2\/product\/316079\/revisions"}],"predecessor-version":[{"id":422516,"href":"https:\/\/www.purejewels.com\/tr\/wp-json\/wp\/v2\/product\/316079\/revisions\/422516"}],"wp:featuredmedia":[{"embeddable":true,"href":"https:\/\/www.purejewels.com\/tr\/wp-json\/wp\/v2\/media\/316108"}],"wp:attachment":[{"href":"https:\/\/www.purejewels.com\/tr\/wp-json\/wp\/v2\/media?parent=316079"}],"wp:term":[{"taxonomy":"product_brand","embeddable":true,"href":"https:\/\/www.purejewels.com\/tr\/wp-json\/wp\/v2\/product_brand?post=316079"},{"taxonomy":"product_cat","embeddable":true,"href":"https:\/\/www.purejewels.com\/tr\/wp-json\/wp\/v2\/product_cat?post=316079"},{"taxonomy":"product_tag","embeddable":true,"href":"https:\/\/www.purejewels.com\/tr\/wp-json\/wp\/v2\/product_tag?post=316079"}],"curies":[{"name":"wp","href":"https:\/\/api.w.org\/{rel}","templated":true}]}}