{"id":316118,"date":"2026-01-14T06:54:13","date_gmt":"2026-01-14T06:54:13","guid":{"rendered":"https:\/\/www.purejewels.com\/product\/jali-collection-22ct-gold-pendant-1-6gm\/"},"modified":"2026-04-24T08:17:30","modified_gmt":"2026-04-24T07:17:30","slug":"22-ayar-altin-hint-kolye-23635","status":"publish","type":"product","link":"https:\/\/www.purejewels.com\/tr\/product\/22carat-gold-indian-pendant-23635\/","title":{"rendered":"22 Ayar Alt\u0131n Kraliyet Tavus Ku\u015fu Kolye"},"content":{"rendered":"<p><span data-sheets-root=\"1\">Bu zarif 22 Ayar Alt\u0131n Kraliyet Tavusku\u015fu Kolye, g\u00f6rkemli ku\u015fun g\u00fczelli\u011fini ve zarafetini yakalayan \u00e7arp\u0131c\u0131 bir m\u00fccevher par\u00e7as\u0131d\u0131r. Karma\u015f\u0131k detaylarla i\u015flenmi\u015f bu kolye ucu zarafet ve sofistikeli\u011fin sembol\u00fcd\u00fcr. Tavus ku\u015fu canl\u0131 renkleri ve zarif tav\u0131rlar\u0131yla tan\u0131n\u0131r, bu da onu b\u00f6yle bir par\u00e7a i\u00e7in m\u00fckemmel bir ilham kayna\u011f\u0131 yapar.<\/span><\/p>\n<p>22 ayar alt\u0131ndan \u00fcretilen bu s\u00fcsl\u00fc tavus ku\u015fu kolye ucu g\u00fcnl\u00fck kullan\u0131m i\u00e7in uygundur ve 1,7 gram a\u011f\u0131rl\u0131\u011f\u0131ndad\u0131r. Bir zincirle birlikte gelmez, ancak eksiksiz bir g\u00f6r\u00fcn\u00fcm i\u00e7in tilki kuyru\u011fu zinciriyle e\u015fle\u015ftirebilirsiniz. T\u00fcm \u00fcr\u00fcnlerimiz Londra Assay Ofisi taraf\u0131ndan damgalanarak kalite ve \u00f6zg\u00fcnl\u00fckleri garanti alt\u0131na al\u0131nm\u0131\u015ft\u0131r.<\/p>\n<p>Birle\u015fik Krall\u0131k genelinde \u00fccretsiz teslimat ve g\u00fcvenli online \u00f6demeler ile g\u00fcvenle al\u0131\u015fveri\u015f yapabilirsiniz. \u0130ster \u00f6zel bir y\u0131ld\u00f6n\u00fcm\u00fc hediyesi ister do\u011fum g\u00fcn\u00fc hediyesi ar\u0131yor olun, bu Alt\u0131n Kraliyet Tavus Ku\u015fu Kolyesi'nin sizi etkileyece\u011finden emin olabilirsiniz. \u00dcr\u00fcnlerimizi ke\u015ffedin <a href=\"https:\/\/www.purejewels.com\/tr\/urun-kategori%cc%87si%cc%87\/22-ayar-altin-takilar\/altin-kolyeler\/\">Alt\u0131n Kolye Ucu Kolye<\/a> Hint koleksiyonu ve bu g\u00fczel par\u00e7ay\u0131 m\u00fccevher koleksiyonunuza bug\u00fcn ekleyin.<\/p>","protected":false},"excerpt":{"rendered":"<p>22 ayar alt\u0131ndan \u00fcretilen bu s\u00fcsl\u00fc tavus ku\u015fu kolye ucu, ku\u015fun zarif formunu karma\u015f\u0131k detaylarla yakal\u0131yor. G\u00fczelli\u011fin ve zarafetin sembol\u00fc olan bu kolye, \u0131\u015f\u0131lt\u0131l\u0131 bir ifade par\u00e7as\u0131d\u0131r.<\/p>\n<ul>\n<li>Metal: 22 Ayar Alt\u0131n<\/li>\n<li>G\u00fczel bir \u015fekilde yap\u0131lm\u0131\u015f Tavusku\u015fu kolye ucu, G\u00fcnl\u00fck kullan\u0131m i\u00e7in uygundur<\/li>\n<li>A\u011f\u0131rl\u0131k 1,7 gms<\/li>\n<li>SKU. 44642<\/li>\n<li>Zincir fiyata dahil de\u011fildir<\/li>\n<li>Resimde g\u00f6sterilen Zincir bir\u00a0<strong>Tilki Kuyru\u011fu Zinciri<\/strong><\/li>\n<li>T\u00fcm fiyatlara KDV dahildir<\/li>\n<li>T\u00fcm \u00dcr\u00fcnlerimiz Londra taraf\u0131ndan damgalanm\u0131\u015ft\u0131r <span id=\"urn:enhancement-7d2af146\" class=\"textannotation\">Tahlil Ofisi<\/span><\/li>\n<li>T\u00fcm \u00dclkeye \u00dccretsiz Teslimat <span id=\"urn:enhancement-bbb162f2\" class=\"textannotation\">BIRLE\u015eIK KRALLIK<\/span><\/li>\n<li>Bizi ke\u015ffetmek i\u00e7in bizimle ileti\u015fime ge\u00e7in \/ sohbet edin <a href=\"https:\/\/www.purejewels.com\/tr\/urun-kategori%cc%87si%cc%87\/22-ayar-altin-takilar\/altin-kolyeler\/\"><span id=\"urn:enhancement-32269751\" class=\"textannotation\">Alt\u0131n<\/span> Kolye Ucu Kolye<\/a> Hint koleksiyonu<\/li>\n<\/ul>","protected":false},"featured_media":316285,"comment_status":"closed","ping_status":"closed","template":"","meta":{"_eb_attr":"","_crsspst_to_jayantr4sg-hostcom":true},"product_brand":[],"product_cat":[1791,1559,6190,1229,1255,252,5343,1767,1570,5338,1574],"product_tag":[],"class_list":{"0":"post-316118","1":"product","2":"type-product","3":"status-publish","4":"has-post-thumbnail","6":"product_cat-anniversary-gifts","7":"product_cat-birthday-gifts","8":"product_cat-easter-jewellery","9":"product_cat-22ct-gold-jewellery","10":"product_cat-gold-pendants","11":"product_cat-jali-collections","12":"product_cat-jewellery-under-550","13":"product_cat-ladies-pendants","14":"product_cat-mothers-day-gifts","15":"product_cat-shop-by-price","16":"product_cat-womens-jewellery","18":"first","19":"instock","20":"sale","21":"taxable","22":"shipping-taxable","23":"purchasable","24":"product-type-simple","25":"add-to-wishlist-before_image"},"yoast_head":"<!-- This site is optimized with the Yoast SEO plugin v27.5 - https:\/\/yoast.com\/product\/yoast-seo-wordpress\/ -->\n<title>Peacock Pendant in 22K gold available online for free UK delivery<\/title>\n<meta name=\"description\" content=\"This beautiful 22 carat gold Peacock Pendant is Suitable for Everyday wear. Order online for the next working day free delivery.\" \/>\n<meta name=\"robots\" content=\"index, follow, max-snippet:-1, max-image-preview:large, max-video-preview:-1\" \/>\n<link rel=\"canonical\" href=\"https:\/\/www.purejewels.com\/tr\/urun\/22-ayar-altin-hint-kolye-23635\/\" \/>\n<meta property=\"og:locale\" content=\"tr_TR\" \/>\n<meta property=\"og:type\" content=\"article\" \/>\n<meta property=\"og:title\" content=\"Peacock Pendant in 22K gold available online for free UK delivery\" \/>\n<meta property=\"og:description\" content=\"This beautiful 22 carat gold Peacock Pendant is Suitable for Everyday wear. Order online for the next working day free delivery.\" \/>\n<meta property=\"og:url\" content=\"https:\/\/www.purejewels.com\/tr\/urun\/22-ayar-altin-hint-kolye-23635\/\" \/>\n<meta property=\"og:site_name\" content=\"PureJewels UK\" \/>\n<meta property=\"article:modified_time\" content=\"2026-04-24T07:17:30+00:00\" \/>\n<meta property=\"og:image\" content=\"https:\/\/static.purejewels.com\/wp-content\/uploads\/2020\/07\/image178520045.jpg\" \/>\n\t<meta property=\"og:image:width\" content=\"1000\" \/>\n\t<meta property=\"og:image:height\" content=\"1000\" \/>\n\t<meta property=\"og:image:type\" content=\"image\/jpeg\" \/>\n<meta name=\"twitter:card\" content=\"summary_large_image\" \/>\n<meta name=\"twitter:label1\" content=\"Tahmini okuma s\u00fcresi\" \/>\n\t<meta name=\"twitter:data1\" content=\"1 dakika\" \/>\n<script type=\"application\/ld+json\" class=\"yoast-schema-graph\">{\"@context\":\"https:\\\/\\\/schema.org\",\"@graph\":[{\"@type\":[\"WebPage\",\"ItemPage\"],\"@id\":\"https:\\\/\\\/www.purejewels.com\\\/product\\\/22carat-gold-indian-pendant-23635\\\/\",\"url\":\"https:\\\/\\\/www.purejewels.com\\\/product\\\/22carat-gold-indian-pendant-23635\\\/\",\"name\":\"Peacock Pendant in 22K gold available online for free UK delivery\",\"isPartOf\":{\"@id\":\"https:\\\/\\\/www.purejewels.com\\\/#website\"},\"primaryImageOfPage\":{\"@id\":\"https:\\\/\\\/www.purejewels.com\\\/product\\\/22carat-gold-indian-pendant-23635\\\/#primaryimage\"},\"image\":{\"@id\":\"https:\\\/\\\/www.purejewels.com\\\/product\\\/22carat-gold-indian-pendant-23635\\\/#primaryimage\"},\"thumbnailUrl\":\"https:\\\/\\\/static.purejewels.com\\\/wp-content\\\/uploads\\\/2020\\\/07\\\/image178520045.jpg\",\"datePublished\":\"2026-01-14T06:54:13+00:00\",\"dateModified\":\"2026-04-24T07:17:30+00:00\",\"description\":\"This beautiful 22 carat gold Peacock Pendant is Suitable for Everyday wear. Order online for the next working day free delivery.\",\"breadcrumb\":{\"@id\":\"https:\\\/\\\/www.purejewels.com\\\/product\\\/22carat-gold-indian-pendant-23635\\\/#breadcrumb\"},\"inLanguage\":\"tr\",\"potentialAction\":[{\"@type\":\"ReadAction\",\"target\":[\"https:\\\/\\\/www.purejewels.com\\\/product\\\/22carat-gold-indian-pendant-23635\\\/\"]}]},{\"@type\":\"ImageObject\",\"inLanguage\":\"tr\",\"@id\":\"https:\\\/\\\/www.purejewels.com\\\/product\\\/22carat-gold-indian-pendant-23635\\\/#primaryimage\",\"url\":\"https:\\\/\\\/static.purejewels.com\\\/wp-content\\\/uploads\\\/2020\\\/07\\\/image178520045.jpg\",\"contentUrl\":\"https:\\\/\\\/static.purejewels.com\\\/wp-content\\\/uploads\\\/2020\\\/07\\\/image178520045.jpg\",\"width\":1000,\"height\":1000,\"caption\":\"Jali 22ct light Filligree\u00a0 Pendant JLPN182\"},{\"@type\":\"BreadcrumbList\",\"@id\":\"https:\\\/\\\/www.purejewels.com\\\/product\\\/22carat-gold-indian-pendant-23635\\\/#breadcrumb\",\"itemListElement\":[{\"@type\":\"ListItem\",\"position\":1,\"name\":\"Home\",\"item\":\"https:\\\/\\\/www.purejewels.com\\\/\"},{\"@type\":\"ListItem\",\"position\":2,\"name\":\"Shop\",\"item\":\"https:\\\/\\\/www.purejewels.com\\\/shop\\\/\"},{\"@type\":\"ListItem\",\"position\":3,\"name\":\"22ct Gold Royal Peacock Pendant\"}]},{\"@type\":\"WebSite\",\"@id\":\"https:\\\/\\\/www.purejewels.com\\\/#website\",\"url\":\"https:\\\/\\\/www.purejewels.com\\\/\",\"name\":\"PureJewels UK\",\"description\":\"Share the Love\",\"publisher\":{\"@id\":\"https:\\\/\\\/www.purejewels.com\\\/#organization\"},\"potentialAction\":[{\"@type\":\"SearchAction\",\"target\":{\"@type\":\"EntryPoint\",\"urlTemplate\":\"https:\\\/\\\/www.purejewels.com\\\/?s={search_term_string}\"},\"query-input\":{\"@type\":\"PropertyValueSpecification\",\"valueRequired\":true,\"valueName\":\"search_term_string\"}}],\"inLanguage\":\"tr\"},{\"@type\":\"Organization\",\"@id\":\"https:\\\/\\\/www.purejewels.com\\\/#organization\",\"name\":\"PureJewels UK\",\"url\":\"https:\\\/\\\/www.purejewels.com\\\/\",\"logo\":{\"@type\":\"ImageObject\",\"inLanguage\":\"tr\",\"@id\":\"https:\\\/\\\/www.purejewels.com\\\/#\\\/schema\\\/logo\\\/image\\\/\",\"url\":\"https:\\\/\\\/static.purejewels.com\\\/wp-content\\\/uploads\\\/2020\\\/11\\\/Logo-PJ-New-1.png\",\"contentUrl\":\"https:\\\/\\\/static.purejewels.com\\\/wp-content\\\/uploads\\\/2020\\\/11\\\/Logo-PJ-New-1.png\",\"width\":150,\"height\":80,\"caption\":\"PureJewels UK\"},\"image\":{\"@id\":\"https:\\\/\\\/www.purejewels.com\\\/#\\\/schema\\\/logo\\\/image\\\/\"}}]}<\/script>\n<!-- \/ Yoast SEO plugin. -->","yoast_head_json":{"title":"22 ayar alt\u0131ndan Tavus Ku\u015fu Kolyesi \u0130ngiltere'de \u00fccretsiz teslimat i\u00e7in online sat\u0131\u015fta","description":"Bu g\u00fczel 22 ayar alt\u0131n Tavus Ku\u015fu Kolyesi G\u00fcnl\u00fck kullan\u0131m i\u00e7in uygundur. Bir sonraki i\u015f g\u00fcn\u00fc \u00fccretsiz teslimat i\u00e7in online sipari\u015f verin.","robots":{"index":"index","follow":"follow","max-snippet":"max-snippet:-1","max-image-preview":"max-image-preview:large","max-video-preview":"max-video-preview:-1"},"canonical":"https:\/\/www.purejewels.com\/tr\/urun\/22-ayar-altin-hint-kolye-23635\/","og_locale":"tr_TR","og_type":"article","og_title":"Peacock Pendant in 22K gold available online for free UK delivery","og_description":"This beautiful 22 carat gold Peacock Pendant is Suitable for Everyday wear. Order online for the next working day free delivery.","og_url":"https:\/\/www.purejewels.com\/tr\/urun\/22-ayar-altin-hint-kolye-23635\/","og_site_name":"PureJewels UK","article_modified_time":"2026-04-24T07:17:30+00:00","og_image":[{"width":1000,"height":1000,"url":"https:\/\/static.purejewels.com\/wp-content\/uploads\/2020\/07\/image178520045.jpg","type":"image\/jpeg"}],"twitter_card":"summary_large_image","twitter_misc":{"Tahmini okuma s\u00fcresi":"1 dakika"},"schema":{"@context":"https:\/\/schema.org","@graph":[{"@type":["WebPage","ItemPage"],"@id":"https:\/\/www.purejewels.com\/product\/22carat-gold-indian-pendant-23635\/","url":"https:\/\/www.purejewels.com\/product\/22carat-gold-indian-pendant-23635\/","name":"22 ayar alt\u0131ndan Tavus Ku\u015fu Kolyesi \u0130ngiltere'de \u00fccretsiz teslimat i\u00e7in online sat\u0131\u015fta","isPartOf":{"@id":"https:\/\/www.purejewels.com\/#website"},"primaryImageOfPage":{"@id":"https:\/\/www.purejewels.com\/product\/22carat-gold-indian-pendant-23635\/#primaryimage"},"image":{"@id":"https:\/\/www.purejewels.com\/product\/22carat-gold-indian-pendant-23635\/#primaryimage"},"thumbnailUrl":"https:\/\/static.purejewels.com\/wp-content\/uploads\/2020\/07\/image178520045.jpg","datePublished":"2026-01-14T06:54:13+00:00","dateModified":"2026-04-24T07:17:30+00:00","description":"Bu g\u00fczel 22 ayar alt\u0131n Tavus Ku\u015fu Kolyesi G\u00fcnl\u00fck kullan\u0131m i\u00e7in uygundur. Bir sonraki i\u015f g\u00fcn\u00fc \u00fccretsiz teslimat i\u00e7in online sipari\u015f verin.","breadcrumb":{"@id":"https:\/\/www.purejewels.com\/product\/22carat-gold-indian-pendant-23635\/#breadcrumb"},"inLanguage":"tr","potentialAction":[{"@type":"ReadAction","target":["https:\/\/www.purejewels.com\/product\/22carat-gold-indian-pendant-23635\/"]}]},{"@type":"ImageObject","inLanguage":"tr","@id":"https:\/\/www.purejewels.com\/product\/22carat-gold-indian-pendant-23635\/#primaryimage","url":"https:\/\/static.purejewels.com\/wp-content\/uploads\/2020\/07\/image178520045.jpg","contentUrl":"https:\/\/static.purejewels.com\/wp-content\/uploads\/2020\/07\/image178520045.jpg","width":1000,"height":1000,"caption":"Jali 22ct light Filligree\u00a0 Pendant JLPN182"},{"@type":"BreadcrumbList","@id":"https:\/\/www.purejewels.com\/product\/22carat-gold-indian-pendant-23635\/#breadcrumb","itemListElement":[{"@type":"ListItem","position":1,"name":"Home","item":"https:\/\/www.purejewels.com\/"},{"@type":"ListItem","position":2,"name":"Shop","item":"https:\/\/www.purejewels.com\/shop\/"},{"@type":"ListItem","position":3,"name":"22ct Gold Royal Peacock Pendant"}]},{"@type":"WebSite","@id":"https:\/\/www.purejewels.com\/#website","url":"https:\/\/www.purejewels.com\/","name":"PureJewels \u0130ngiltere","description":"Sevgiyi Payla\u015f\u0131n","publisher":{"@id":"https:\/\/www.purejewels.com\/#organization"},"potentialAction":[{"@type":"SearchAction","target":{"@type":"EntryPoint","urlTemplate":"https:\/\/www.purejewels.com\/?s={search_term_string}"},"query-input":{"@type":"PropertyValueSpecification","valueRequired":true,"valueName":"search_term_string"}}],"inLanguage":"tr"},{"@type":"Organization","@id":"https:\/\/www.purejewels.com\/#organization","name":"PureJewels \u0130ngiltere","url":"https:\/\/www.purejewels.com\/","logo":{"@type":"ImageObject","inLanguage":"tr","@id":"https:\/\/www.purejewels.com\/#\/schema\/logo\/image\/","url":"https:\/\/static.purejewels.com\/wp-content\/uploads\/2020\/11\/Logo-PJ-New-1.png","contentUrl":"https:\/\/static.purejewels.com\/wp-content\/uploads\/2020\/11\/Logo-PJ-New-1.png","width":150,"height":80,"caption":"PureJewels UK"},"image":{"@id":"https:\/\/www.purejewels.com\/#\/schema\/logo\/image\/"}}]}},"_links":{"self":[{"href":"https:\/\/www.purejewels.com\/tr\/wp-json\/wp\/v2\/product\/316118","targetHints":{"allow":["GET"]}}],"collection":[{"href":"https:\/\/www.purejewels.com\/tr\/wp-json\/wp\/v2\/product"}],"about":[{"href":"https:\/\/www.purejewels.com\/tr\/wp-json\/wp\/v2\/types\/product"}],"replies":[{"embeddable":true,"href":"https:\/\/www.purejewels.com\/tr\/wp-json\/wp\/v2\/comments?post=316118"}],"version-history":[{"count":6,"href":"https:\/\/www.purejewels.com\/tr\/wp-json\/wp\/v2\/product\/316118\/revisions"}],"predecessor-version":[{"id":426637,"href":"https:\/\/www.purejewels.com\/tr\/wp-json\/wp\/v2\/product\/316118\/revisions\/426637"}],"wp:featuredmedia":[{"embeddable":true,"href":"https:\/\/www.purejewels.com\/tr\/wp-json\/wp\/v2\/media\/316285"}],"wp:attachment":[{"href":"https:\/\/www.purejewels.com\/tr\/wp-json\/wp\/v2\/media?parent=316118"}],"wp:term":[{"taxonomy":"product_brand","embeddable":true,"href":"https:\/\/www.purejewels.com\/tr\/wp-json\/wp\/v2\/product_brand?post=316118"},{"taxonomy":"product_cat","embeddable":true,"href":"https:\/\/www.purejewels.com\/tr\/wp-json\/wp\/v2\/product_cat?post=316118"},{"taxonomy":"product_tag","embeddable":true,"href":"https:\/\/www.purejewels.com\/tr\/wp-json\/wp\/v2\/product_tag?post=316118"}],"curies":[{"name":"wp","href":"https:\/\/api.w.org\/{rel}","templated":true}]}}