{"id":316237,"date":"2020-07-27T17:49:03","date_gmt":"2020-07-27T16:49:03","guid":{"rendered":"https:\/\/www.purejewels.com\/product\/22ct-gold-baby-bracelet-2-7gm-2\/"},"modified":"2026-01-06T09:51:19","modified_gmt":"2026-01-06T09:51:19","slug":"22-ayar-altin-bebek-bilekligi-32707","status":"publish","type":"product","link":"https:\/\/www.purejewels.com\/tr\/product\/22ct-gold-baby-bracelet-32707\/","title":{"rendered":"22 Ayar Hint Alt\u0131n\u0131 Bebek Bilekli\u011fi"},"content":{"rendered":"<p>Hint alt\u0131n\u0131n\u0131n zamans\u0131z g\u00fczelli\u011fi ile yeni bir hayata merhaba deyin. Bu <a href=\"https:\/\/www.purejewels.com\/tr\/product\/22ct-gold-jali-filigree-ring-jali-collection-31926\/\">22ct<\/a> Hint Alt\u0131n Bebek <a href=\"https:\/\/www.purejewels.com\/tr\/product-category\/22ct-gold-jewellery\/gold-bracelet\/\">Bilezik<\/a> yenido\u011fanlar i\u00e7in \u00f6zenle tasarlanm\u0131\u015f olup, gelenek ile zarif zarafeti harmanlamaktad\u0131r.<\/p>\n<p>Zengin 22 ayar sar\u0131 alt\u0131ndan el i\u015f\u00e7ili\u011fi ile \u00fcretilen bilezik, klasik mania m\u00fccevher stilini yans\u0131t\u0131yor ve zarif alt\u0131n detaylar ile geleneksel siyah boncuklarla s\u00fcslenmi\u015f. Hint k\u00fclt\u00fcr\u00fcnde bu t\u00fcr unsurlar sadece g\u00fczellikleri nedeniyle de\u011fil, ayn\u0131 zamanda \u00e7ocuklara koruma ve bereket getirdi\u011fi inanc\u0131 nedeniyle de de\u011fer g\u00f6r\u00fcyor.<\/p>\n<p>Hafif ve rahat olan bilezik, p\u00fcr\u00fczs\u00fcz kenarlar ve g\u00fcvenli bir toka sa\u011flamak i\u00e7in \u00f6zenle i\u015flenmi\u015ftir, bu da onu hassas k\u00fc\u00e7\u00fck bilekler i\u00e7in uygun hale getirir. Zarif tasar\u0131m\u0131, g\u00fcnl\u00fck olarak tak\u0131lmas\u0131n\u0131 veya anlaml\u0131 bir d\u00f6n\u00fcm noktas\u0131n\u0131 i\u015faretlemek i\u00e7in de\u011ferli bir hat\u0131ra olarak saklanmas\u0131n\u0131 sa\u011flar.<\/p>\n<p>\u0130sim koyma t\u00f6renleri, do\u011fumlar, bebek partileri veya ilk do\u011fum g\u00fcnleri i\u00e7in m\u00fckemmel olan bu bileklik, bir m\u00fccevherden daha fazlas\u0131d\u0131r \u2014 nesiller boyu saklanacak \u015fekilde tasarlanm\u0131\u015f, miras, sevgi ve iyi talihi i\u00e7tenlikle ifade eden bir par\u00e7ad\u0131r.<\/p>","protected":false},"excerpt":{"rendered":"<p>Klasik mania m\u00fccevher tarz\u0131nda g\u00fczelce i\u015flenmi\u015f, narin 22 ayar Hint alt\u0131n bebek bilezi\u011fi. Yeni do\u011fanlar i\u00e7in \u00f6zel olarak tasarlanan bu zamans\u0131z par\u00e7a, sevgiyi, korumay\u0131 ve gelene\u011fi simgeliyor.<\/p>\n<ul>\n<li>Yeni do\u011fan bebek i\u00e7in 22 ayar alt\u0131n mania tak\u0131 bileklik.<\/li>\n<li>\u00c7ocuklar, \u00c7ocuklar, \u00c7ocuk, Bebek, Yeni Do\u011fan i\u00e7in uygundur.<\/li>\n<li>22 ayar damgal\u0131 \u00e7ocuk alt\u0131n tak\u0131lar\u0131.<\/li>\n<li>Uzunluk 5 \u0130n\u00e7tir.<\/li>\n<li>A\u011f\u0131rl\u0131k: 2,7 gms<\/li>\n<li>SKU. 32707<\/li>\n<li>T\u00fcm fiyatlara KDV dahildir<\/li>\n<li>Londra Tahlil Ofisi Taraf\u0131ndan Damgalanm\u0131\u015f 22 Ayar Alt\u0131n<\/li>\n<li>Sunum Kutusu ile Birlikte Gelir<\/li>\n<li>Teslimat Dahil<\/li>\n<li>Stok durumu ve stokta bulunan benzer tasar\u0131mlar\u0131n daha fazla g\u00f6r\u00fcnt\u00fcs\u00fc i\u00e7in bizimle canl\u0131 sohbet edin<\/li>\n<\/ul>","protected":false},"featured_media":316242,"comment_status":"closed","ping_status":"closed","template":"","meta":{"_eb_attr":"","_crsspst_to_jayantr4sg-hostcom":false},"product_brand":[],"product_cat":[1576,1436],"product_tag":[],"class_list":{"0":"post-316237","1":"product","2":"type-product","3":"status-publish","4":"has-post-thumbnail","6":"product_cat-childrens-jewellery","7":"product_cat-kids-bracelet-kada","9":"first","10":"outofstock","11":"taxable","12":"shipping-taxable","13":"product-type-simple","14":"add-to-wishlist-before_image"},"yoast_head":"<!-- This site is optimized with the Yoast SEO plugin v27.3 - https:\/\/yoast.com\/product\/yoast-seo-wordpress\/ -->\n<title>22ct Indian Gold Baby Bracelet | Traditional Gold Bracelet<\/title>\n<meta name=\"description\" content=\"Celebrate a precious beginning with this 22ct Indian gold baby bracelet. Handcrafted in traditional mania style, perfect for newborns and special gifting occasions.\" \/>\n<meta name=\"robots\" content=\"index, follow, max-snippet:-1, max-image-preview:large, max-video-preview:-1\" \/>\n<link rel=\"canonical\" href=\"https:\/\/www.purejewels.com\/tr\/urun\/22-ayar-altin-bebek-bilekligi-32707\/\" \/>\n<meta property=\"og:locale\" content=\"tr_TR\" \/>\n<meta property=\"og:type\" content=\"article\" \/>\n<meta property=\"og:title\" content=\"22ct Indian Gold Baby Bracelet | Traditional Gold Bracelet\" \/>\n<meta property=\"og:description\" content=\"Celebrate a precious beginning with this 22ct Indian gold baby bracelet. Handcrafted in traditional mania style, perfect for newborns and special gifting occasions.\" \/>\n<meta property=\"og:url\" content=\"https:\/\/www.purejewels.com\/tr\/urun\/22-ayar-altin-bebek-bilekligi-32707\/\" \/>\n<meta property=\"og:site_name\" content=\"PureJewels UK\" \/>\n<meta property=\"article:modified_time\" content=\"2026-01-06T09:51:19+00:00\" \/>\n<meta property=\"og:image\" content=\"https:\/\/static.purejewels.com\/wp-content\/uploads\/2020\/07\/27205-1.png\" \/>\n\t<meta property=\"og:image:width\" content=\"1000\" \/>\n\t<meta property=\"og:image:height\" content=\"1000\" \/>\n\t<meta property=\"og:image:type\" content=\"image\/png\" \/>\n<meta name=\"twitter:card\" content=\"summary_large_image\" \/>\n<meta name=\"twitter:label1\" content=\"Tahmini okuma s\u00fcresi\" \/>\n\t<meta name=\"twitter:data1\" content=\"1 dakika\" \/>\n<script type=\"application\/ld+json\" class=\"yoast-schema-graph\">{\"@context\":\"https:\\\/\\\/schema.org\",\"@graph\":[{\"@type\":[\"WebPage\",\"ItemPage\"],\"@id\":\"https:\\\/\\\/www.purejewels.com\\\/product\\\/22ct-gold-baby-bracelet-32707\\\/\",\"url\":\"https:\\\/\\\/www.purejewels.com\\\/product\\\/22ct-gold-baby-bracelet-32707\\\/\",\"name\":\"22ct Indian Gold Baby Bracelet | Traditional Gold Bracelet\",\"isPartOf\":{\"@id\":\"https:\\\/\\\/www.purejewels.com\\\/#website\"},\"primaryImageOfPage\":{\"@id\":\"https:\\\/\\\/www.purejewels.com\\\/product\\\/22ct-gold-baby-bracelet-32707\\\/#primaryimage\"},\"image\":{\"@id\":\"https:\\\/\\\/www.purejewels.com\\\/product\\\/22ct-gold-baby-bracelet-32707\\\/#primaryimage\"},\"thumbnailUrl\":\"https:\\\/\\\/static.purejewels.com\\\/wp-content\\\/uploads\\\/2020\\\/07\\\/27205-1.png\",\"datePublished\":\"2020-07-27T16:49:03+00:00\",\"dateModified\":\"2026-01-06T09:51:19+00:00\",\"description\":\"Celebrate a precious beginning with this 22ct Indian gold baby bracelet. Handcrafted in traditional mania style, perfect for newborns and special gifting occasions.\",\"breadcrumb\":{\"@id\":\"https:\\\/\\\/www.purejewels.com\\\/product\\\/22ct-gold-baby-bracelet-32707\\\/#breadcrumb\"},\"inLanguage\":\"tr\",\"potentialAction\":[{\"@type\":\"ReadAction\",\"target\":[\"https:\\\/\\\/www.purejewels.com\\\/product\\\/22ct-gold-baby-bracelet-32707\\\/\"]}]},{\"@type\":\"ImageObject\",\"inLanguage\":\"tr\",\"@id\":\"https:\\\/\\\/www.purejewels.com\\\/product\\\/22ct-gold-baby-bracelet-32707\\\/#primaryimage\",\"url\":\"https:\\\/\\\/static.purejewels.com\\\/wp-content\\\/uploads\\\/2020\\\/07\\\/27205-1.png\",\"contentUrl\":\"https:\\\/\\\/static.purejewels.com\\\/wp-content\\\/uploads\\\/2020\\\/07\\\/27205-1.png\",\"width\":1000,\"height\":1000},{\"@type\":\"BreadcrumbList\",\"@id\":\"https:\\\/\\\/www.purejewels.com\\\/product\\\/22ct-gold-baby-bracelet-32707\\\/#breadcrumb\",\"itemListElement\":[{\"@type\":\"ListItem\",\"position\":1,\"name\":\"Home\",\"item\":\"https:\\\/\\\/www.purejewels.com\\\/\"},{\"@type\":\"ListItem\",\"position\":2,\"name\":\"Shop\",\"item\":\"https:\\\/\\\/www.purejewels.com\\\/shop\\\/\"},{\"@type\":\"ListItem\",\"position\":3,\"name\":\"22ct Indian Gold Baby Bracelet\"}]},{\"@type\":\"WebSite\",\"@id\":\"https:\\\/\\\/www.purejewels.com\\\/#website\",\"url\":\"https:\\\/\\\/www.purejewels.com\\\/\",\"name\":\"PureJewels UK\",\"description\":\"Share the Love\",\"publisher\":{\"@id\":\"https:\\\/\\\/www.purejewels.com\\\/#organization\"},\"potentialAction\":[{\"@type\":\"SearchAction\",\"target\":{\"@type\":\"EntryPoint\",\"urlTemplate\":\"https:\\\/\\\/www.purejewels.com\\\/?s={search_term_string}\"},\"query-input\":{\"@type\":\"PropertyValueSpecification\",\"valueRequired\":true,\"valueName\":\"search_term_string\"}}],\"inLanguage\":\"tr\"},{\"@type\":\"Organization\",\"@id\":\"https:\\\/\\\/www.purejewels.com\\\/#organization\",\"name\":\"PureJewels UK\",\"url\":\"https:\\\/\\\/www.purejewels.com\\\/\",\"logo\":{\"@type\":\"ImageObject\",\"inLanguage\":\"tr\",\"@id\":\"https:\\\/\\\/www.purejewels.com\\\/#\\\/schema\\\/logo\\\/image\\\/\",\"url\":\"https:\\\/\\\/static.purejewels.com\\\/wp-content\\\/uploads\\\/2020\\\/11\\\/Logo-PJ-New-1.png\",\"contentUrl\":\"https:\\\/\\\/static.purejewels.com\\\/wp-content\\\/uploads\\\/2020\\\/11\\\/Logo-PJ-New-1.png\",\"width\":150,\"height\":80,\"caption\":\"PureJewels UK\"},\"image\":{\"@id\":\"https:\\\/\\\/www.purejewels.com\\\/#\\\/schema\\\/logo\\\/image\\\/\"}}]}<\/script>\n<!-- \/ Yoast SEO plugin. -->","yoast_head_json":{"title":"22 ayar Hint Alt\u0131n Bebek Bilezi\u011fi | Geleneksel Alt\u0131n Bilezik","description":"Bu 22 ayar Hint alt\u0131n bebek bilezi\u011fi ile de\u011ferli bir ba\u015flang\u0131c\u0131 kutlay\u0131n. Geleneksel mania tarz\u0131nda el yap\u0131m\u0131, yeni do\u011fanlar ve \u00f6zel hediye f\u0131rsatlar\u0131 i\u00e7in m\u00fckemmeldir.","robots":{"index":"index","follow":"follow","max-snippet":"max-snippet:-1","max-image-preview":"max-image-preview:large","max-video-preview":"max-video-preview:-1"},"canonical":"https:\/\/www.purejewels.com\/tr\/urun\/22-ayar-altin-bebek-bilekligi-32707\/","og_locale":"tr_TR","og_type":"article","og_title":"22ct Indian Gold Baby Bracelet | Traditional Gold Bracelet","og_description":"Celebrate a precious beginning with this 22ct Indian gold baby bracelet. Handcrafted in traditional mania style, perfect for newborns and special gifting occasions.","og_url":"https:\/\/www.purejewels.com\/tr\/urun\/22-ayar-altin-bebek-bilekligi-32707\/","og_site_name":"PureJewels UK","article_modified_time":"2026-01-06T09:51:19+00:00","og_image":[{"width":1000,"height":1000,"url":"https:\/\/static.purejewels.com\/wp-content\/uploads\/2020\/07\/27205-1.png","type":"image\/png"}],"twitter_card":"summary_large_image","twitter_misc":{"Tahmini okuma s\u00fcresi":"1 dakika"},"schema":{"@context":"https:\/\/schema.org","@graph":[{"@type":["WebPage","ItemPage"],"@id":"https:\/\/www.purejewels.com\/product\/22ct-gold-baby-bracelet-32707\/","url":"https:\/\/www.purejewels.com\/product\/22ct-gold-baby-bracelet-32707\/","name":"22 ayar Hint Alt\u0131n Bebek Bilezi\u011fi | Geleneksel Alt\u0131n Bilezik","isPartOf":{"@id":"https:\/\/www.purejewels.com\/#website"},"primaryImageOfPage":{"@id":"https:\/\/www.purejewels.com\/product\/22ct-gold-baby-bracelet-32707\/#primaryimage"},"image":{"@id":"https:\/\/www.purejewels.com\/product\/22ct-gold-baby-bracelet-32707\/#primaryimage"},"thumbnailUrl":"https:\/\/static.purejewels.com\/wp-content\/uploads\/2020\/07\/27205-1.png","datePublished":"2020-07-27T16:49:03+00:00","dateModified":"2026-01-06T09:51:19+00:00","description":"Bu 22 ayar Hint alt\u0131n bebek bilezi\u011fi ile de\u011ferli bir ba\u015flang\u0131c\u0131 kutlay\u0131n. Geleneksel mania tarz\u0131nda el yap\u0131m\u0131, yeni do\u011fanlar ve \u00f6zel hediye f\u0131rsatlar\u0131 i\u00e7in m\u00fckemmeldir.","breadcrumb":{"@id":"https:\/\/www.purejewels.com\/product\/22ct-gold-baby-bracelet-32707\/#breadcrumb"},"inLanguage":"tr","potentialAction":[{"@type":"ReadAction","target":["https:\/\/www.purejewels.com\/product\/22ct-gold-baby-bracelet-32707\/"]}]},{"@type":"ImageObject","inLanguage":"tr","@id":"https:\/\/www.purejewels.com\/product\/22ct-gold-baby-bracelet-32707\/#primaryimage","url":"https:\/\/static.purejewels.com\/wp-content\/uploads\/2020\/07\/27205-1.png","contentUrl":"https:\/\/static.purejewels.com\/wp-content\/uploads\/2020\/07\/27205-1.png","width":1000,"height":1000},{"@type":"BreadcrumbList","@id":"https:\/\/www.purejewels.com\/product\/22ct-gold-baby-bracelet-32707\/#breadcrumb","itemListElement":[{"@type":"ListItem","position":1,"name":"Home","item":"https:\/\/www.purejewels.com\/"},{"@type":"ListItem","position":2,"name":"Shop","item":"https:\/\/www.purejewels.com\/shop\/"},{"@type":"ListItem","position":3,"name":"22ct Indian Gold Baby Bracelet"}]},{"@type":"WebSite","@id":"https:\/\/www.purejewels.com\/#website","url":"https:\/\/www.purejewels.com\/","name":"PureJewels \u0130ngiltere","description":"Sevgiyi Payla\u015f\u0131n","publisher":{"@id":"https:\/\/www.purejewels.com\/#organization"},"potentialAction":[{"@type":"SearchAction","target":{"@type":"EntryPoint","urlTemplate":"https:\/\/www.purejewels.com\/?s={search_term_string}"},"query-input":{"@type":"PropertyValueSpecification","valueRequired":true,"valueName":"search_term_string"}}],"inLanguage":"tr"},{"@type":"Organization","@id":"https:\/\/www.purejewels.com\/#organization","name":"PureJewels \u0130ngiltere","url":"https:\/\/www.purejewels.com\/","logo":{"@type":"ImageObject","inLanguage":"tr","@id":"https:\/\/www.purejewels.com\/#\/schema\/logo\/image\/","url":"https:\/\/static.purejewels.com\/wp-content\/uploads\/2020\/11\/Logo-PJ-New-1.png","contentUrl":"https:\/\/static.purejewels.com\/wp-content\/uploads\/2020\/11\/Logo-PJ-New-1.png","width":150,"height":80,"caption":"PureJewels UK"},"image":{"@id":"https:\/\/www.purejewels.com\/#\/schema\/logo\/image\/"}}]}},"_links":{"self":[{"href":"https:\/\/www.purejewels.com\/tr\/wp-json\/wp\/v2\/product\/316237","targetHints":{"allow":["GET"]}}],"collection":[{"href":"https:\/\/www.purejewels.com\/tr\/wp-json\/wp\/v2\/product"}],"about":[{"href":"https:\/\/www.purejewels.com\/tr\/wp-json\/wp\/v2\/types\/product"}],"replies":[{"embeddable":true,"href":"https:\/\/www.purejewels.com\/tr\/wp-json\/wp\/v2\/comments?post=316237"}],"version-history":[{"count":2,"href":"https:\/\/www.purejewels.com\/tr\/wp-json\/wp\/v2\/product\/316237\/revisions"}],"predecessor-version":[{"id":423496,"href":"https:\/\/www.purejewels.com\/tr\/wp-json\/wp\/v2\/product\/316237\/revisions\/423496"}],"wp:featuredmedia":[{"embeddable":true,"href":"https:\/\/www.purejewels.com\/tr\/wp-json\/wp\/v2\/media\/316242"}],"wp:attachment":[{"href":"https:\/\/www.purejewels.com\/tr\/wp-json\/wp\/v2\/media?parent=316237"}],"wp:term":[{"taxonomy":"product_brand","embeddable":true,"href":"https:\/\/www.purejewels.com\/tr\/wp-json\/wp\/v2\/product_brand?post=316237"},{"taxonomy":"product_cat","embeddable":true,"href":"https:\/\/www.purejewels.com\/tr\/wp-json\/wp\/v2\/product_cat?post=316237"},{"taxonomy":"product_tag","embeddable":true,"href":"https:\/\/www.purejewels.com\/tr\/wp-json\/wp\/v2\/product_tag?post=316237"}],"curies":[{"name":"wp","href":"https:\/\/api.w.org\/{rel}","templated":true}]}}