{"id":316303,"date":"2020-07-30T06:32:28","date_gmt":"2020-07-30T05:32:28","guid":{"rendered":"https:\/\/www.purejewels.com\/product\/22ct-gold-rope-chain-6-8-gm-20-inches\/"},"modified":"2024-09-11T06:31:32","modified_gmt":"2024-09-11T05:31:32","slug":"22-ayar-altin-halat-zincir-20-inc-32974","status":"publish","type":"product","link":"https:\/\/www.purejewels.com\/tr\/product\/22k-gold-rope-chain-in-20-inches-32974\/","title":{"rendered":"20 \u0130n\u00e7 22 Ayar Alt\u0131n Halat Zincir"},"content":{"rendered":"<p>SKU 32974<\/p>\n<p>A\u011f\u0131rl\u0131k 6,8 gms<\/p>","protected":false},"excerpt":{"rendered":"<ul>\n<li>22 ayar sar\u0131 alt\u0131n som halat zincir<\/li>\n<li>Zincirin a\u011f\u0131rl\u0131\u011f\u0131 6,8 gms'dir<\/li>\n<li>Hem Erkekler hem de Kad\u0131nlar i\u00e7in uygundur<\/li>\n<li>Zincir uzunlu\u011fu 20 in\u00e7tir<\/li>\n<li>Zincir kal\u0131nl\u0131\u011f\u0131 1,55 mm'dir<\/li>\n<li><span class=\"sku\">SKU.  32974<\/span><\/li>\n<li>T\u00fcm fiyatlara KDV dahildir<\/li>\n<li>Londra Tahlil Ofisi Taraf\u0131ndan Damgalanm\u0131\u015f 22 Ayar Alt\u0131n<\/li>\n<li>Sunum Kutusu ile Birlikte Gelir<\/li>\n<li>Teslimat bedeli fiyata dahildir.<\/li>\n<li>Stok durumu ve stokta bulunan benzer tasar\u0131mlar\u0131n daha fazla g\u00f6r\u00fcnt\u00fcs\u00fc i\u00e7in bizimle canl\u0131 sohbet edin<\/li>\n<\/ul>","protected":false},"featured_media":314106,"comment_status":"closed","ping_status":"closed","template":"","meta":{"_eb_attr":"","_crsspst_to_jayantr4sg-hostcom":false},"product_brand":[],"product_cat":[1475,1773,1572,1774,1574],"product_tag":[],"class_list":{"0":"post-316303","1":"product","2":"type-product","3":"status-publish","4":"has-post-thumbnail","6":"product_cat-gold-chains","7":"product_cat-ladies-chains","8":"product_cat-mens-jewellery","9":"product_cat-mens-chains","10":"product_cat-womens-jewellery","12":"first","13":"outofstock","14":"taxable","15":"shipping-taxable","16":"product-type-simple","17":"add-to-wishlist-before_image"},"yoast_head":"<!-- This site is optimized with the Yoast SEO plugin v27.3 - https:\/\/yoast.com\/product\/yoast-seo-wordpress\/ -->\n<title>22k Gold Rope Chain in 20 Inches - PureJewels UK<\/title>\n<meta name=\"robots\" content=\"index, follow, max-snippet:-1, max-image-preview:large, max-video-preview:-1\" \/>\n<link rel=\"canonical\" href=\"https:\/\/www.purejewels.com\/tr\/urun\/22-ayar-altin-halat-zincir-20-inc-32974\/\" \/>\n<meta property=\"og:locale\" content=\"tr_TR\" \/>\n<meta property=\"og:type\" content=\"article\" \/>\n<meta property=\"og:title\" content=\"22k Gold Rope Chain in 20 Inches - PureJewels UK\" \/>\n<meta property=\"og:description\" content=\"22ct Yellow Gold Solid Rope chain  Weight of the chain is 6.8 gms  Suitable for both Men and Women  Length of the chain is\u00a0 20 inches  The thickness of the chain is 1.55mm  SKU.\u00a0 32974  All prices include VAT  22ct Gold\u00a0Hallmarked by London Assay Office  Comes With Presentation Box  Delivery cost is included in the price.  Live chat with us for availability and more images of similar designs currently in stock\" \/>\n<meta property=\"og:url\" content=\"https:\/\/www.purejewels.com\/tr\/urun\/22-ayar-altin-halat-zincir-20-inc-32974\/\" \/>\n<meta property=\"og:site_name\" content=\"PureJewels UK\" \/>\n<meta property=\"article:modified_time\" content=\"2024-09-11T05:31:32+00:00\" \/>\n<meta property=\"og:image\" content=\"https:\/\/www.purejewels.com\/wp-content\/uploads\/2020\/05\/149771632.png\" \/>\n\t<meta property=\"og:image:width\" content=\"1000\" \/>\n\t<meta property=\"og:image:height\" content=\"1000\" \/>\n\t<meta property=\"og:image:type\" content=\"image\/png\" \/>\n<meta name=\"twitter:card\" content=\"summary_large_image\" \/>\n<script type=\"application\/ld+json\" class=\"yoast-schema-graph\">{\"@context\":\"https:\\\/\\\/schema.org\",\"@graph\":[{\"@type\":[\"WebPage\",\"ItemPage\"],\"@id\":\"https:\\\/\\\/www.purejewels.com\\\/product\\\/22k-gold-rope-chain-in-20-inches-32974\\\/\",\"url\":\"https:\\\/\\\/www.purejewels.com\\\/product\\\/22k-gold-rope-chain-in-20-inches-32974\\\/\",\"name\":\"22k Gold Rope Chain in 20 Inches - PureJewels UK\",\"isPartOf\":{\"@id\":\"https:\\\/\\\/www.purejewels.com\\\/#website\"},\"primaryImageOfPage\":{\"@id\":\"https:\\\/\\\/www.purejewels.com\\\/product\\\/22k-gold-rope-chain-in-20-inches-32974\\\/#primaryimage\"},\"image\":{\"@id\":\"https:\\\/\\\/www.purejewels.com\\\/product\\\/22k-gold-rope-chain-in-20-inches-32974\\\/#primaryimage\"},\"thumbnailUrl\":\"https:\\\/\\\/static.purejewels.com\\\/wp-content\\\/uploads\\\/2020\\\/05\\\/149771632.png\",\"datePublished\":\"2020-07-30T05:32:28+00:00\",\"dateModified\":\"2024-09-11T05:31:32+00:00\",\"breadcrumb\":{\"@id\":\"https:\\\/\\\/www.purejewels.com\\\/product\\\/22k-gold-rope-chain-in-20-inches-32974\\\/#breadcrumb\"},\"inLanguage\":\"tr\",\"potentialAction\":[{\"@type\":\"ReadAction\",\"target\":[\"https:\\\/\\\/www.purejewels.com\\\/product\\\/22k-gold-rope-chain-in-20-inches-32974\\\/\"]}]},{\"@type\":\"ImageObject\",\"inLanguage\":\"tr\",\"@id\":\"https:\\\/\\\/www.purejewels.com\\\/product\\\/22k-gold-rope-chain-in-20-inches-32974\\\/#primaryimage\",\"url\":\"https:\\\/\\\/static.purejewels.com\\\/wp-content\\\/uploads\\\/2020\\\/05\\\/149771632.png\",\"contentUrl\":\"https:\\\/\\\/static.purejewels.com\\\/wp-content\\\/uploads\\\/2020\\\/05\\\/149771632.png\",\"width\":1000,\"height\":1000,\"caption\":\"22ct Gold Mens Rope chain\u00a0\"},{\"@type\":\"BreadcrumbList\",\"@id\":\"https:\\\/\\\/www.purejewels.com\\\/product\\\/22k-gold-rope-chain-in-20-inches-32974\\\/#breadcrumb\",\"itemListElement\":[{\"@type\":\"ListItem\",\"position\":1,\"name\":\"Home\",\"item\":\"https:\\\/\\\/www.purejewels.com\\\/\"},{\"@type\":\"ListItem\",\"position\":2,\"name\":\"Shop\",\"item\":\"https:\\\/\\\/www.purejewels.com\\\/shop\\\/\"},{\"@type\":\"ListItem\",\"position\":3,\"name\":\"22k Gold Rope Chain in 20 Inches\"}]},{\"@type\":\"WebSite\",\"@id\":\"https:\\\/\\\/www.purejewels.com\\\/#website\",\"url\":\"https:\\\/\\\/www.purejewels.com\\\/\",\"name\":\"PureJewels UK\",\"description\":\"Share the Love\",\"publisher\":{\"@id\":\"https:\\\/\\\/www.purejewels.com\\\/#organization\"},\"potentialAction\":[{\"@type\":\"SearchAction\",\"target\":{\"@type\":\"EntryPoint\",\"urlTemplate\":\"https:\\\/\\\/www.purejewels.com\\\/?s={search_term_string}\"},\"query-input\":{\"@type\":\"PropertyValueSpecification\",\"valueRequired\":true,\"valueName\":\"search_term_string\"}}],\"inLanguage\":\"tr\"},{\"@type\":\"Organization\",\"@id\":\"https:\\\/\\\/www.purejewels.com\\\/#organization\",\"name\":\"PureJewels UK\",\"url\":\"https:\\\/\\\/www.purejewels.com\\\/\",\"logo\":{\"@type\":\"ImageObject\",\"inLanguage\":\"tr\",\"@id\":\"https:\\\/\\\/www.purejewels.com\\\/#\\\/schema\\\/logo\\\/image\\\/\",\"url\":\"https:\\\/\\\/static.purejewels.com\\\/wp-content\\\/uploads\\\/2020\\\/11\\\/Logo-PJ-New-1.png\",\"contentUrl\":\"https:\\\/\\\/static.purejewels.com\\\/wp-content\\\/uploads\\\/2020\\\/11\\\/Logo-PJ-New-1.png\",\"width\":150,\"height\":80,\"caption\":\"PureJewels UK\"},\"image\":{\"@id\":\"https:\\\/\\\/www.purejewels.com\\\/#\\\/schema\\\/logo\\\/image\\\/\"}}]}<\/script>\n<!-- \/ Yoast SEO plugin. -->","yoast_head_json":{"title":"20 \u0130n\u00e7 22 Ayar Alt\u0131n Halat Zincir - PureJewels UK","robots":{"index":"index","follow":"follow","max-snippet":"max-snippet:-1","max-image-preview":"max-image-preview:large","max-video-preview":"max-video-preview:-1"},"canonical":"https:\/\/www.purejewels.com\/tr\/urun\/22-ayar-altin-halat-zincir-20-inc-32974\/","og_locale":"tr_TR","og_type":"article","og_title":"22k Gold Rope Chain in 20 Inches - PureJewels UK","og_description":"22ct Yellow Gold Solid Rope chain  Weight of the chain is 6.8 gms  Suitable for both Men and Women  Length of the chain is\u00a0 20 inches  The thickness of the chain is 1.55mm  SKU.\u00a0 32974  All prices include VAT  22ct Gold\u00a0Hallmarked by London Assay Office  Comes With Presentation Box  Delivery cost is included in the price.  Live chat with us for availability and more images of similar designs currently in stock","og_url":"https:\/\/www.purejewels.com\/tr\/urun\/22-ayar-altin-halat-zincir-20-inc-32974\/","og_site_name":"PureJewels UK","article_modified_time":"2024-09-11T05:31:32+00:00","og_image":[{"width":1000,"height":1000,"url":"https:\/\/www.purejewels.com\/wp-content\/uploads\/2020\/05\/149771632.png","type":"image\/png"}],"twitter_card":"summary_large_image","schema":{"@context":"https:\/\/schema.org","@graph":[{"@type":["WebPage","ItemPage"],"@id":"https:\/\/www.purejewels.com\/product\/22k-gold-rope-chain-in-20-inches-32974\/","url":"https:\/\/www.purejewels.com\/product\/22k-gold-rope-chain-in-20-inches-32974\/","name":"20 \u0130n\u00e7 22 Ayar Alt\u0131n Halat Zincir - PureJewels UK","isPartOf":{"@id":"https:\/\/www.purejewels.com\/#website"},"primaryImageOfPage":{"@id":"https:\/\/www.purejewels.com\/product\/22k-gold-rope-chain-in-20-inches-32974\/#primaryimage"},"image":{"@id":"https:\/\/www.purejewels.com\/product\/22k-gold-rope-chain-in-20-inches-32974\/#primaryimage"},"thumbnailUrl":"https:\/\/static.purejewels.com\/wp-content\/uploads\/2020\/05\/149771632.png","datePublished":"2020-07-30T05:32:28+00:00","dateModified":"2024-09-11T05:31:32+00:00","breadcrumb":{"@id":"https:\/\/www.purejewels.com\/product\/22k-gold-rope-chain-in-20-inches-32974\/#breadcrumb"},"inLanguage":"tr","potentialAction":[{"@type":"ReadAction","target":["https:\/\/www.purejewels.com\/product\/22k-gold-rope-chain-in-20-inches-32974\/"]}]},{"@type":"ImageObject","inLanguage":"tr","@id":"https:\/\/www.purejewels.com\/product\/22k-gold-rope-chain-in-20-inches-32974\/#primaryimage","url":"https:\/\/static.purejewels.com\/wp-content\/uploads\/2020\/05\/149771632.png","contentUrl":"https:\/\/static.purejewels.com\/wp-content\/uploads\/2020\/05\/149771632.png","width":1000,"height":1000,"caption":"22ct Gold Mens Rope chain\u00a0"},{"@type":"BreadcrumbList","@id":"https:\/\/www.purejewels.com\/product\/22k-gold-rope-chain-in-20-inches-32974\/#breadcrumb","itemListElement":[{"@type":"ListItem","position":1,"name":"Home","item":"https:\/\/www.purejewels.com\/"},{"@type":"ListItem","position":2,"name":"Shop","item":"https:\/\/www.purejewels.com\/shop\/"},{"@type":"ListItem","position":3,"name":"22k Gold Rope Chain in 20 Inches"}]},{"@type":"WebSite","@id":"https:\/\/www.purejewels.com\/#website","url":"https:\/\/www.purejewels.com\/","name":"PureJewels \u0130ngiltere","description":"Sevgiyi Payla\u015f\u0131n","publisher":{"@id":"https:\/\/www.purejewels.com\/#organization"},"potentialAction":[{"@type":"SearchAction","target":{"@type":"EntryPoint","urlTemplate":"https:\/\/www.purejewels.com\/?s={search_term_string}"},"query-input":{"@type":"PropertyValueSpecification","valueRequired":true,"valueName":"search_term_string"}}],"inLanguage":"tr"},{"@type":"Organization","@id":"https:\/\/www.purejewels.com\/#organization","name":"PureJewels \u0130ngiltere","url":"https:\/\/www.purejewels.com\/","logo":{"@type":"ImageObject","inLanguage":"tr","@id":"https:\/\/www.purejewels.com\/#\/schema\/logo\/image\/","url":"https:\/\/static.purejewels.com\/wp-content\/uploads\/2020\/11\/Logo-PJ-New-1.png","contentUrl":"https:\/\/static.purejewels.com\/wp-content\/uploads\/2020\/11\/Logo-PJ-New-1.png","width":150,"height":80,"caption":"PureJewels UK"},"image":{"@id":"https:\/\/www.purejewels.com\/#\/schema\/logo\/image\/"}}]}},"_links":{"self":[{"href":"https:\/\/www.purejewels.com\/tr\/wp-json\/wp\/v2\/product\/316303","targetHints":{"allow":["GET"]}}],"collection":[{"href":"https:\/\/www.purejewels.com\/tr\/wp-json\/wp\/v2\/product"}],"about":[{"href":"https:\/\/www.purejewels.com\/tr\/wp-json\/wp\/v2\/types\/product"}],"replies":[{"embeddable":true,"href":"https:\/\/www.purejewels.com\/tr\/wp-json\/wp\/v2\/comments?post=316303"}],"version-history":[{"count":1,"href":"https:\/\/www.purejewels.com\/tr\/wp-json\/wp\/v2\/product\/316303\/revisions"}],"predecessor-version":[{"id":371609,"href":"https:\/\/www.purejewels.com\/tr\/wp-json\/wp\/v2\/product\/316303\/revisions\/371609"}],"wp:featuredmedia":[{"embeddable":true,"href":"https:\/\/www.purejewels.com\/tr\/wp-json\/wp\/v2\/media\/314106"}],"wp:attachment":[{"href":"https:\/\/www.purejewels.com\/tr\/wp-json\/wp\/v2\/media?parent=316303"}],"wp:term":[{"taxonomy":"product_brand","embeddable":true,"href":"https:\/\/www.purejewels.com\/tr\/wp-json\/wp\/v2\/product_brand?post=316303"},{"taxonomy":"product_cat","embeddable":true,"href":"https:\/\/www.purejewels.com\/tr\/wp-json\/wp\/v2\/product_cat?post=316303"},{"taxonomy":"product_tag","embeddable":true,"href":"https:\/\/www.purejewels.com\/tr\/wp-json\/wp\/v2\/product_tag?post=316303"}],"curies":[{"name":"wp","href":"https:\/\/api.w.org\/{rel}","templated":true}]}}