{"id":316376,"date":"2020-07-31T15:18:50","date_gmt":"2020-07-31T14:18:50","guid":{"rendered":"https:\/\/www.purejewels.com\/product\/22ct-gold-baby-bracelet-3-1gm\/"},"modified":"2026-01-06T09:51:20","modified_gmt":"2026-01-06T09:51:20","slug":"22-ayar-altin-bebek-bilekligi-32976","status":"publish","type":"product","link":"https:\/\/www.purejewels.com\/tr\/product\/22ct-gold-baby-bracelet-32976\/","title":{"rendered":"Siyah Boncuklu 22 Ayar Alt\u0131n Bebek Bilezi\u011fi"},"content":{"rendered":"<p>Hayat\u0131n en de\u011ferli ba\u015flang\u0131\u00e7lar\u0131n\u0131 onurland\u0131rmak i\u00e7in \u00f6zenle tasarlanan bu 22 ayar Hint Alt\u0131n Bebek Bilezi\u011fi, miras ve \u00f6zenin g\u00fczel bir ifadesidir.<\/p>\n<p>Parlak 22 ayar sar\u0131 alt\u0131ndan \u00fcretilen bilezik, geleneksel siyah boncuk detaylar\u0131yla s\u00fcslenmi\u015ftir. Bu detaylar, Hint m\u00fccevherlerinde \u00e7ocuklara koruma ve pozitif enerji sa\u011flad\u0131\u011f\u0131na inan\u0131lan de\u011ferli bir unsurdur. Alt\u0131n ve siyah boncuklar\u0131n s\u0131rayla dizilmesi dengeli ve zarif bir ritim yarat\u0131rken, ortadaki alt\u0131n motif zanaatkarl\u0131\u011f\u0131n ince bir odak noktas\u0131 olu\u015fturur.<\/p>\n<p>Konfor d\u00fc\u015f\u00fcn\u00fclerek tasarlanan bilezik, hassas cilde kar\u015f\u0131 hafif ve p\u00fcr\u00fczs\u00fczd\u00fcr ve g\u00fcvenli bir toka ile tamamlanarak i\u00e7 huzuru sa\u011flar. Sade zarafeti, onu g\u00fcnl\u00fck kullan\u0131m i\u00e7in veya \u00f6zel bir d\u00f6n\u00fcm noktas\u0131n\u0131 i\u015faretlemek i\u00e7in de\u011ferli bir hat\u0131ra olarak uygun hale getirir.<\/p>\n<p>Yeni do\u011fanlar, isim koyma t\u00f6renleri, bebek partileri veya ilk do\u011fum g\u00fcnleri i\u00e7in ideal bir hediye olan bu bileklik, bir s\u00fcs e\u015fyas\u0131ndan daha fazlas\u0131d\u0131r \u2014 gelenekleri, kutsamalar\u0131 ve sonsuz sevgiyi kutlayan anlaml\u0131 bir yadigard\u0131r.<\/p>","protected":false},"excerpt":{"rendered":"<p>Yeni do\u011fanlar i\u00e7in \u00f6zenle tasarlanm\u0131\u015f, klasik siyah boncuklarla s\u00fcslenmi\u015f zarif 22 ayar alt\u0131n bebek bilezi\u011fi. Sevgi, koruma ve Hint gelene\u011finin zamans\u0131z bir sembol\u00fc.<\/p>\n<ul>\n<li>Yeni do\u011fan bebek i\u00e7in 22 ayar alt\u0131n Najaria m\u00fccevher bileklik.<\/li>\n<li>\u00c7ocuklar, \u00c7ocuklar, \u00c7ocuk, Bebek, Yeni Do\u011fan i\u00e7in uygundur.<\/li>\n<li>22 ayar damgal\u0131 \u00e7ocuk alt\u0131n tak\u0131lar\u0131.<\/li>\n<li>Uzunluk 5 \u0130n\u00e7tir.<\/li>\n<li>A\u011f\u0131rl\u0131k: 3,1 g<\/li>\n<li>SKU. 32976<\/li>\n<li>T\u00fcm fiyatlara KDV dahildir<\/li>\n<li>Londra Tahlil Ofisi Taraf\u0131ndan Damgalanm\u0131\u015f 22 Ayar Alt\u0131n<\/li>\n<li>Sunum Kutusu ile Birlikte Gelir<\/li>\n<li>Teslimat Dahil<\/li>\n<li>Stok durumu ve stokta bulunan benzer tasar\u0131mlar\u0131n daha fazla g\u00f6r\u00fcnt\u00fcs\u00fc i\u00e7in bizimle canl\u0131 sohbet edin<\/li>\n<\/ul>","protected":false},"featured_media":317118,"comment_status":"closed","ping_status":"closed","template":"","meta":{"_eb_attr":"","_crsspst_to_jayantr4sg-hostcom":true},"product_brand":[],"product_cat":[1576,1324,1436],"product_tag":[1546],"class_list":{"0":"post-316376","1":"product","2":"type-product","3":"status-publish","4":"has-post-thumbnail","6":"product_cat-childrens-jewellery","7":"product_cat-gold-bracelet","8":"product_cat-kids-bracelet-kada","9":"product_tag-children","11":"first","12":"outofstock","13":"taxable","14":"shipping-taxable","15":"product-type-simple","16":"add-to-wishlist-before_image"},"yoast_head":"<!-- This site is optimized with the Yoast SEO plugin v27.3 - https:\/\/yoast.com\/product\/yoast-seo-wordpress\/ -->\n<title>22ct Gold Baby Bracelet with Black Beads | PureJewels UK<\/title>\n<meta name=\"description\" content=\"Elegant 22ct gold baby bracelet with traditional black bead detailing. A meaningful Indian gold jewellery gift for newborns, symbolising protection and blessings.\" \/>\n<meta name=\"robots\" content=\"index, follow, max-snippet:-1, max-image-preview:large, max-video-preview:-1\" \/>\n<link rel=\"canonical\" href=\"https:\/\/www.purejewels.com\/tr\/urun\/22-ayar-altin-bebek-bilekligi-32976\/\" \/>\n<meta property=\"og:locale\" content=\"tr_TR\" \/>\n<meta property=\"og:type\" content=\"article\" \/>\n<meta property=\"og:title\" content=\"22ct Gold Baby Bracelet with Black Beads | PureJewels UK\" \/>\n<meta property=\"og:description\" content=\"Elegant 22ct gold baby bracelet with traditional black bead detailing. A meaningful Indian gold jewellery gift for newborns, symbolising protection and blessings.\" \/>\n<meta property=\"og:url\" content=\"https:\/\/www.purejewels.com\/tr\/urun\/22-ayar-altin-bebek-bilekligi-32976\/\" \/>\n<meta property=\"og:site_name\" content=\"PureJewels UK\" \/>\n<meta property=\"article:modified_time\" content=\"2026-01-06T09:51:20+00:00\" \/>\n<meta property=\"og:image\" content=\"https:\/\/static.purejewels.com\/wp-content\/uploads\/2020\/09\/image184764374.jpg\" \/>\n\t<meta property=\"og:image:width\" content=\"1000\" \/>\n\t<meta property=\"og:image:height\" content=\"1000\" \/>\n\t<meta property=\"og:image:type\" content=\"image\/jpeg\" \/>\n<meta name=\"twitter:card\" content=\"summary_large_image\" \/>\n<meta name=\"twitter:label1\" content=\"Tahmini okuma s\u00fcresi\" \/>\n\t<meta name=\"twitter:data1\" content=\"1 dakika\" \/>\n<script type=\"application\/ld+json\" class=\"yoast-schema-graph\">{\"@context\":\"https:\\\/\\\/schema.org\",\"@graph\":[{\"@type\":[\"WebPage\",\"ItemPage\"],\"@id\":\"https:\\\/\\\/www.purejewels.com\\\/product\\\/22ct-gold-baby-bracelet-32976\\\/\",\"url\":\"https:\\\/\\\/www.purejewels.com\\\/product\\\/22ct-gold-baby-bracelet-32976\\\/\",\"name\":\"22ct Gold Baby Bracelet with Black Beads | PureJewels UK\",\"isPartOf\":{\"@id\":\"https:\\\/\\\/www.purejewels.com\\\/#website\"},\"primaryImageOfPage\":{\"@id\":\"https:\\\/\\\/www.purejewels.com\\\/product\\\/22ct-gold-baby-bracelet-32976\\\/#primaryimage\"},\"image\":{\"@id\":\"https:\\\/\\\/www.purejewels.com\\\/product\\\/22ct-gold-baby-bracelet-32976\\\/#primaryimage\"},\"thumbnailUrl\":\"https:\\\/\\\/static.purejewels.com\\\/wp-content\\\/uploads\\\/2020\\\/09\\\/image184764374.jpg\",\"datePublished\":\"2020-07-31T14:18:50+00:00\",\"dateModified\":\"2026-01-06T09:51:20+00:00\",\"description\":\"Elegant 22ct gold baby bracelet with traditional black bead detailing. A meaningful Indian gold jewellery gift for newborns, symbolising protection and blessings.\",\"breadcrumb\":{\"@id\":\"https:\\\/\\\/www.purejewels.com\\\/product\\\/22ct-gold-baby-bracelet-32976\\\/#breadcrumb\"},\"inLanguage\":\"tr\",\"potentialAction\":[{\"@type\":\"ReadAction\",\"target\":[\"https:\\\/\\\/www.purejewels.com\\\/product\\\/22ct-gold-baby-bracelet-32976\\\/\"]}]},{\"@type\":\"ImageObject\",\"inLanguage\":\"tr\",\"@id\":\"https:\\\/\\\/www.purejewels.com\\\/product\\\/22ct-gold-baby-bracelet-32976\\\/#primaryimage\",\"url\":\"https:\\\/\\\/static.purejewels.com\\\/wp-content\\\/uploads\\\/2020\\\/09\\\/image184764374.jpg\",\"contentUrl\":\"https:\\\/\\\/static.purejewels.com\\\/wp-content\\\/uploads\\\/2020\\\/09\\\/image184764374.jpg\",\"width\":1000,\"height\":1000,\"caption\":\"22ct Gold Light Crystal Beads Baby Bracelet YGBT065\"},{\"@type\":\"BreadcrumbList\",\"@id\":\"https:\\\/\\\/www.purejewels.com\\\/product\\\/22ct-gold-baby-bracelet-32976\\\/#breadcrumb\",\"itemListElement\":[{\"@type\":\"ListItem\",\"position\":1,\"name\":\"Home\",\"item\":\"https:\\\/\\\/www.purejewels.com\\\/\"},{\"@type\":\"ListItem\",\"position\":2,\"name\":\"Shop\",\"item\":\"https:\\\/\\\/www.purejewels.com\\\/shop\\\/\"},{\"@type\":\"ListItem\",\"position\":3,\"name\":\"22ct Gold Baby Bracelet with Black Beads\"}]},{\"@type\":\"WebSite\",\"@id\":\"https:\\\/\\\/www.purejewels.com\\\/#website\",\"url\":\"https:\\\/\\\/www.purejewels.com\\\/\",\"name\":\"PureJewels UK\",\"description\":\"Share the Love\",\"publisher\":{\"@id\":\"https:\\\/\\\/www.purejewels.com\\\/#organization\"},\"potentialAction\":[{\"@type\":\"SearchAction\",\"target\":{\"@type\":\"EntryPoint\",\"urlTemplate\":\"https:\\\/\\\/www.purejewels.com\\\/?s={search_term_string}\"},\"query-input\":{\"@type\":\"PropertyValueSpecification\",\"valueRequired\":true,\"valueName\":\"search_term_string\"}}],\"inLanguage\":\"tr\"},{\"@type\":\"Organization\",\"@id\":\"https:\\\/\\\/www.purejewels.com\\\/#organization\",\"name\":\"PureJewels UK\",\"url\":\"https:\\\/\\\/www.purejewels.com\\\/\",\"logo\":{\"@type\":\"ImageObject\",\"inLanguage\":\"tr\",\"@id\":\"https:\\\/\\\/www.purejewels.com\\\/#\\\/schema\\\/logo\\\/image\\\/\",\"url\":\"https:\\\/\\\/static.purejewels.com\\\/wp-content\\\/uploads\\\/2020\\\/11\\\/Logo-PJ-New-1.png\",\"contentUrl\":\"https:\\\/\\\/static.purejewels.com\\\/wp-content\\\/uploads\\\/2020\\\/11\\\/Logo-PJ-New-1.png\",\"width\":150,\"height\":80,\"caption\":\"PureJewels UK\"},\"image\":{\"@id\":\"https:\\\/\\\/www.purejewels.com\\\/#\\\/schema\\\/logo\\\/image\\\/\"}}]}<\/script>\n<!-- \/ Yoast SEO plugin. -->","yoast_head_json":{"title":"Siyah Boncuklu 22 Ayar Alt\u0131n Bebek Bilezi\u011fi | PureJewels UK","description":"Geleneksel siyah boncuk detayl\u0131 zarif 22 ayar alt\u0131n bebek bilezi\u011fi. Yeni do\u011fanlar i\u00e7in koruma ve bereketi simgeleyen anlaml\u0131 bir Hint alt\u0131n tak\u0131 hediyesi.","robots":{"index":"index","follow":"follow","max-snippet":"max-snippet:-1","max-image-preview":"max-image-preview:large","max-video-preview":"max-video-preview:-1"},"canonical":"https:\/\/www.purejewels.com\/tr\/urun\/22-ayar-altin-bebek-bilekligi-32976\/","og_locale":"tr_TR","og_type":"article","og_title":"22ct Gold Baby Bracelet with Black Beads | PureJewels UK","og_description":"Elegant 22ct gold baby bracelet with traditional black bead detailing. A meaningful Indian gold jewellery gift for newborns, symbolising protection and blessings.","og_url":"https:\/\/www.purejewels.com\/tr\/urun\/22-ayar-altin-bebek-bilekligi-32976\/","og_site_name":"PureJewels UK","article_modified_time":"2026-01-06T09:51:20+00:00","og_image":[{"width":1000,"height":1000,"url":"https:\/\/static.purejewels.com\/wp-content\/uploads\/2020\/09\/image184764374.jpg","type":"image\/jpeg"}],"twitter_card":"summary_large_image","twitter_misc":{"Tahmini okuma s\u00fcresi":"1 dakika"},"schema":{"@context":"https:\/\/schema.org","@graph":[{"@type":["WebPage","ItemPage"],"@id":"https:\/\/www.purejewels.com\/product\/22ct-gold-baby-bracelet-32976\/","url":"https:\/\/www.purejewels.com\/product\/22ct-gold-baby-bracelet-32976\/","name":"Siyah Boncuklu 22 Ayar Alt\u0131n Bebek Bilezi\u011fi | PureJewels UK","isPartOf":{"@id":"https:\/\/www.purejewels.com\/#website"},"primaryImageOfPage":{"@id":"https:\/\/www.purejewels.com\/product\/22ct-gold-baby-bracelet-32976\/#primaryimage"},"image":{"@id":"https:\/\/www.purejewels.com\/product\/22ct-gold-baby-bracelet-32976\/#primaryimage"},"thumbnailUrl":"https:\/\/static.purejewels.com\/wp-content\/uploads\/2020\/09\/image184764374.jpg","datePublished":"2020-07-31T14:18:50+00:00","dateModified":"2026-01-06T09:51:20+00:00","description":"Geleneksel siyah boncuk detayl\u0131 zarif 22 ayar alt\u0131n bebek bilezi\u011fi. Yeni do\u011fanlar i\u00e7in koruma ve bereketi simgeleyen anlaml\u0131 bir Hint alt\u0131n tak\u0131 hediyesi.","breadcrumb":{"@id":"https:\/\/www.purejewels.com\/product\/22ct-gold-baby-bracelet-32976\/#breadcrumb"},"inLanguage":"tr","potentialAction":[{"@type":"ReadAction","target":["https:\/\/www.purejewels.com\/product\/22ct-gold-baby-bracelet-32976\/"]}]},{"@type":"ImageObject","inLanguage":"tr","@id":"https:\/\/www.purejewels.com\/product\/22ct-gold-baby-bracelet-32976\/#primaryimage","url":"https:\/\/static.purejewels.com\/wp-content\/uploads\/2020\/09\/image184764374.jpg","contentUrl":"https:\/\/static.purejewels.com\/wp-content\/uploads\/2020\/09\/image184764374.jpg","width":1000,"height":1000,"caption":"22ct Gold Light Crystal Beads Baby Bracelet YGBT065"},{"@type":"BreadcrumbList","@id":"https:\/\/www.purejewels.com\/product\/22ct-gold-baby-bracelet-32976\/#breadcrumb","itemListElement":[{"@type":"ListItem","position":1,"name":"Home","item":"https:\/\/www.purejewels.com\/"},{"@type":"ListItem","position":2,"name":"Shop","item":"https:\/\/www.purejewels.com\/shop\/"},{"@type":"ListItem","position":3,"name":"22ct Gold Baby Bracelet with Black Beads"}]},{"@type":"WebSite","@id":"https:\/\/www.purejewels.com\/#website","url":"https:\/\/www.purejewels.com\/","name":"PureJewels \u0130ngiltere","description":"Sevgiyi Payla\u015f\u0131n","publisher":{"@id":"https:\/\/www.purejewels.com\/#organization"},"potentialAction":[{"@type":"SearchAction","target":{"@type":"EntryPoint","urlTemplate":"https:\/\/www.purejewels.com\/?s={search_term_string}"},"query-input":{"@type":"PropertyValueSpecification","valueRequired":true,"valueName":"search_term_string"}}],"inLanguage":"tr"},{"@type":"Organization","@id":"https:\/\/www.purejewels.com\/#organization","name":"PureJewels \u0130ngiltere","url":"https:\/\/www.purejewels.com\/","logo":{"@type":"ImageObject","inLanguage":"tr","@id":"https:\/\/www.purejewels.com\/#\/schema\/logo\/image\/","url":"https:\/\/static.purejewels.com\/wp-content\/uploads\/2020\/11\/Logo-PJ-New-1.png","contentUrl":"https:\/\/static.purejewels.com\/wp-content\/uploads\/2020\/11\/Logo-PJ-New-1.png","width":150,"height":80,"caption":"PureJewels UK"},"image":{"@id":"https:\/\/www.purejewels.com\/#\/schema\/logo\/image\/"}}]}},"_links":{"self":[{"href":"https:\/\/www.purejewels.com\/tr\/wp-json\/wp\/v2\/product\/316376","targetHints":{"allow":["GET"]}}],"collection":[{"href":"https:\/\/www.purejewels.com\/tr\/wp-json\/wp\/v2\/product"}],"about":[{"href":"https:\/\/www.purejewels.com\/tr\/wp-json\/wp\/v2\/types\/product"}],"replies":[{"embeddable":true,"href":"https:\/\/www.purejewels.com\/tr\/wp-json\/wp\/v2\/comments?post=316376"}],"version-history":[{"count":3,"href":"https:\/\/www.purejewels.com\/tr\/wp-json\/wp\/v2\/product\/316376\/revisions"}],"predecessor-version":[{"id":423500,"href":"https:\/\/www.purejewels.com\/tr\/wp-json\/wp\/v2\/product\/316376\/revisions\/423500"}],"wp:featuredmedia":[{"embeddable":true,"href":"https:\/\/www.purejewels.com\/tr\/wp-json\/wp\/v2\/media\/317118"}],"wp:attachment":[{"href":"https:\/\/www.purejewels.com\/tr\/wp-json\/wp\/v2\/media?parent=316376"}],"wp:term":[{"taxonomy":"product_brand","embeddable":true,"href":"https:\/\/www.purejewels.com\/tr\/wp-json\/wp\/v2\/product_brand?post=316376"},{"taxonomy":"product_cat","embeddable":true,"href":"https:\/\/www.purejewels.com\/tr\/wp-json\/wp\/v2\/product_cat?post=316376"},{"taxonomy":"product_tag","embeddable":true,"href":"https:\/\/www.purejewels.com\/tr\/wp-json\/wp\/v2\/product_tag?post=316376"}],"curies":[{"name":"wp","href":"https:\/\/api.w.org\/{rel}","templated":true}]}}