{"id":316381,"date":"2020-08-02T14:01:52","date_gmt":"2020-08-02T13:01:52","guid":{"rendered":"https:\/\/www.purejewels.com\/product\/22ct-gold-spiga-chain-4-9-gm-16-inches\/"},"modified":"2025-11-26T11:10:58","modified_gmt":"2025-11-26T11:10:58","slug":"22-ayar-altin-spiga-zincir-32572","status":"publish","type":"product","link":"https:\/\/www.purejewels.com\/tr\/product\/22ct-gold-spiga-chain-32572\/","title":{"rendered":"22 ayar alt\u0131n Spiga ince zincir \u2013 16 in\u00e7"},"content":{"rendered":"<p>Bu 22 ayar alt\u0131n Spiga ince zincir, p\u00fcr\u00fczs\u00fcz, esnek ve zarif bir profil olu\u015fturan s\u0131k\u0131 dokunmu\u015f halkalarla tasarlanm\u0131\u015ft\u0131r. 16 in\u00e7 uzunlu\u011funda olan zincir, boyun taban\u0131na g\u00fczelce oturur ve g\u00fcnl\u00fck kullan\u0131m veya kolye ile birlikte takmak i\u00e7in zarif bir se\u00e7imdir. Zengin 22 ayar alt\u0131ndan \u00fcretilen zincir, boyun \u00e7izgisini ince bir sofistikeyle vurgulayan s\u0131cak ve parlak bir \u0131\u015f\u0131lt\u0131 sunar. \u0130nce Spiga yap\u0131s\u0131, hassas ve hafif bir his sa\u011flarken dayan\u0131kl\u0131l\u0131k da sunar. G\u00fcnl\u00fck kullan\u0131mda g\u00fcven ve rahatl\u0131k i\u00e7in g\u00fcvenli bir toka ile tamamlanm\u0131\u015ft\u0131r. Safl\u0131k ve g\u00fcvenilir i\u015f\u00e7ilik i\u00e7in \u0130ngiltere damgal\u0131 olan bu kolye, her alt\u0131n tak\u0131 koleksiyonu i\u00e7in zamans\u0131z bir vazge\u00e7ilmezdir.<\/p>","protected":false},"excerpt":{"rendered":"<ul>\n<li>22 Ayar Sar\u0131 Alt\u0131ndan 16 \u0130n\u00e7 Spiga Zincir<\/li>\n<li>Zincirin A\u011f\u0131rl\u0131\u011f\u0131 4,9 gms<\/li>\n<li>\u00c7ocuklar ve Kad\u0131nlar i\u00e7in Uygun<\/li>\n<li>Zincir Uzunlu\u011fu 16 \u0130n\u00e7tir<\/li>\n<li>SKU. 32572<\/li>\n<li>T\u00fcm fiyatlara KDV dahildir<\/li>\n<li>Londra Tahlil Ofisi taraf\u0131ndan damgalanm\u0131\u015f 22 ayar alt\u0131n<\/li>\n<li>Sunum Kutusu ile Birlikte Gelir<\/li>\n<li>Teslimat Dahil<\/li>\n<li>Stok durumu ve stokta bulunan benzer tasar\u0131mlar\u0131n daha fazla g\u00f6r\u00fcnt\u00fcs\u00fc i\u00e7in bizimle canl\u0131 sohbet edin<\/li>\n<\/ul>","protected":false},"featured_media":316383,"comment_status":"closed","ping_status":"closed","template":"","meta":{"_eb_attr":"","_crsspst_to_jayantr4sg-hostcom":false},"product_brand":[],"product_cat":[1475,1773,1572,1774,1570,1569],"product_tag":[],"class_list":{"0":"post-316381","1":"product","2":"type-product","3":"status-publish","4":"has-post-thumbnail","6":"product_cat-gold-chains","7":"product_cat-ladies-chains","8":"product_cat-mens-jewellery","9":"product_cat-mens-chains","10":"product_cat-mothers-day-gifts","11":"product_cat-valentine-day-gifts","13":"first","14":"outofstock","15":"taxable","16":"shipping-taxable","17":"product-type-simple","18":"add-to-wishlist-before_image"},"yoast_head":"<!-- This site is optimized with the Yoast SEO plugin v27.3 - https:\/\/yoast.com\/product\/yoast-seo-wordpress\/ -->\n<title>6 Inch 22ct Gold Spiga Fine Chain | PureJewels UK<\/title>\n<meta name=\"description\" content=\"Discover the 22ct Gold Spiga Fine Chain in 16 inches. Smooth woven links and UK hallmarked purity make it perfect for daily wear or pendant styling.\" \/>\n<meta name=\"robots\" content=\"index, follow, max-snippet:-1, max-image-preview:large, max-video-preview:-1\" \/>\n<link rel=\"canonical\" href=\"https:\/\/www.purejewels.com\/tr\/urun\/22-ayar-altin-spiga-zincir-32572\/\" \/>\n<meta property=\"og:locale\" content=\"tr_TR\" \/>\n<meta property=\"og:type\" content=\"article\" \/>\n<meta property=\"og:title\" content=\"6 Inch 22ct Gold Spiga Fine Chain | PureJewels UK\" \/>\n<meta property=\"og:description\" content=\"Discover the 22ct Gold Spiga Fine Chain in 16 inches. Smooth woven links and UK hallmarked purity make it perfect for daily wear or pendant styling.\" \/>\n<meta property=\"og:url\" content=\"https:\/\/www.purejewels.com\/tr\/urun\/22-ayar-altin-spiga-zincir-32572\/\" \/>\n<meta property=\"og:site_name\" content=\"PureJewels UK\" \/>\n<meta property=\"article:modified_time\" content=\"2025-11-26T11:10:58+00:00\" \/>\n<meta property=\"og:image\" content=\"https:\/\/www.purejewels.com\/wp-content\/uploads\/2020\/08\/image179300131.jpg\" \/>\n\t<meta property=\"og:image:width\" content=\"1000\" \/>\n\t<meta property=\"og:image:height\" content=\"1000\" \/>\n\t<meta property=\"og:image:type\" content=\"image\/jpeg\" \/>\n<meta name=\"twitter:card\" content=\"summary_large_image\" \/>\n<meta name=\"twitter:label1\" content=\"Tahmini okuma s\u00fcresi\" \/>\n\t<meta name=\"twitter:data1\" content=\"1 dakika\" \/>\n<script type=\"application\/ld+json\" class=\"yoast-schema-graph\">{\"@context\":\"https:\\\/\\\/schema.org\",\"@graph\":[{\"@type\":[\"WebPage\",\"ItemPage\"],\"@id\":\"https:\\\/\\\/www.purejewels.com\\\/product\\\/22ct-gold-spiga-chain-32572\\\/\",\"url\":\"https:\\\/\\\/www.purejewels.com\\\/product\\\/22ct-gold-spiga-chain-32572\\\/\",\"name\":\"6 Inch 22ct Gold Spiga Fine Chain | PureJewels UK\",\"isPartOf\":{\"@id\":\"https:\\\/\\\/www.purejewels.com\\\/#website\"},\"primaryImageOfPage\":{\"@id\":\"https:\\\/\\\/www.purejewels.com\\\/product\\\/22ct-gold-spiga-chain-32572\\\/#primaryimage\"},\"image\":{\"@id\":\"https:\\\/\\\/www.purejewels.com\\\/product\\\/22ct-gold-spiga-chain-32572\\\/#primaryimage\"},\"thumbnailUrl\":\"https:\\\/\\\/static.purejewels.com\\\/wp-content\\\/uploads\\\/2020\\\/08\\\/image179300131.jpg\",\"datePublished\":\"2020-08-02T13:01:52+00:00\",\"dateModified\":\"2025-11-26T11:10:58+00:00\",\"description\":\"Discover the 22ct Gold Spiga Fine Chain in 16 inches. Smooth woven links and UK hallmarked purity make it perfect for daily wear or pendant styling.\",\"breadcrumb\":{\"@id\":\"https:\\\/\\\/www.purejewels.com\\\/product\\\/22ct-gold-spiga-chain-32572\\\/#breadcrumb\"},\"inLanguage\":\"tr\",\"potentialAction\":[{\"@type\":\"ReadAction\",\"target\":[\"https:\\\/\\\/www.purejewels.com\\\/product\\\/22ct-gold-spiga-chain-32572\\\/\"]}]},{\"@type\":\"ImageObject\",\"inLanguage\":\"tr\",\"@id\":\"https:\\\/\\\/www.purejewels.com\\\/product\\\/22ct-gold-spiga-chain-32572\\\/#primaryimage\",\"url\":\"https:\\\/\\\/static.purejewels.com\\\/wp-content\\\/uploads\\\/2020\\\/08\\\/image179300131.jpg\",\"contentUrl\":\"https:\\\/\\\/static.purejewels.com\\\/wp-content\\\/uploads\\\/2020\\\/08\\\/image179300131.jpg\",\"width\":1000,\"height\":1000,\"caption\":\"22ct Gold Light Spiga Chain CHSP257\"},{\"@type\":\"BreadcrumbList\",\"@id\":\"https:\\\/\\\/www.purejewels.com\\\/product\\\/22ct-gold-spiga-chain-32572\\\/#breadcrumb\",\"itemListElement\":[{\"@type\":\"ListItem\",\"position\":1,\"name\":\"Home\",\"item\":\"https:\\\/\\\/www.purejewels.com\\\/\"},{\"@type\":\"ListItem\",\"position\":2,\"name\":\"Shop\",\"item\":\"https:\\\/\\\/www.purejewels.com\\\/shop\\\/\"},{\"@type\":\"ListItem\",\"position\":3,\"name\":\"22ct Gold Spiga Fine Chain \u2013 16 Inch\"}]},{\"@type\":\"WebSite\",\"@id\":\"https:\\\/\\\/www.purejewels.com\\\/#website\",\"url\":\"https:\\\/\\\/www.purejewels.com\\\/\",\"name\":\"PureJewels UK\",\"description\":\"Share the Love\",\"publisher\":{\"@id\":\"https:\\\/\\\/www.purejewels.com\\\/#organization\"},\"potentialAction\":[{\"@type\":\"SearchAction\",\"target\":{\"@type\":\"EntryPoint\",\"urlTemplate\":\"https:\\\/\\\/www.purejewels.com\\\/?s={search_term_string}\"},\"query-input\":{\"@type\":\"PropertyValueSpecification\",\"valueRequired\":true,\"valueName\":\"search_term_string\"}}],\"inLanguage\":\"tr\"},{\"@type\":\"Organization\",\"@id\":\"https:\\\/\\\/www.purejewels.com\\\/#organization\",\"name\":\"PureJewels UK\",\"url\":\"https:\\\/\\\/www.purejewels.com\\\/\",\"logo\":{\"@type\":\"ImageObject\",\"inLanguage\":\"tr\",\"@id\":\"https:\\\/\\\/www.purejewels.com\\\/#\\\/schema\\\/logo\\\/image\\\/\",\"url\":\"https:\\\/\\\/static.purejewels.com\\\/wp-content\\\/uploads\\\/2020\\\/11\\\/Logo-PJ-New-1.png\",\"contentUrl\":\"https:\\\/\\\/static.purejewels.com\\\/wp-content\\\/uploads\\\/2020\\\/11\\\/Logo-PJ-New-1.png\",\"width\":150,\"height\":80,\"caption\":\"PureJewels UK\"},\"image\":{\"@id\":\"https:\\\/\\\/www.purejewels.com\\\/#\\\/schema\\\/logo\\\/image\\\/\"}}]}<\/script>\n<!-- \/ Yoast SEO plugin. -->","yoast_head_json":{"title":"6 in\u00e7 22 ayar alt\u0131n Spiga ince zincir | PureJewels UK","description":"16 in\u00e7lik 22 ayar alt\u0131n Spiga ince zinciri ke\u015ffedin. P\u00fcr\u00fczs\u00fcz dokunmu\u015f halkalar\u0131 ve \u0130ngiltere damgal\u0131 safl\u0131\u011f\u0131yla g\u00fcnl\u00fck kullan\u0131m veya kolye stili i\u00e7in m\u00fckemmeldir.","robots":{"index":"index","follow":"follow","max-snippet":"max-snippet:-1","max-image-preview":"max-image-preview:large","max-video-preview":"max-video-preview:-1"},"canonical":"https:\/\/www.purejewels.com\/tr\/urun\/22-ayar-altin-spiga-zincir-32572\/","og_locale":"tr_TR","og_type":"article","og_title":"6 Inch 22ct Gold Spiga Fine Chain | PureJewels UK","og_description":"Discover the 22ct Gold Spiga Fine Chain in 16 inches. Smooth woven links and UK hallmarked purity make it perfect for daily wear or pendant styling.","og_url":"https:\/\/www.purejewels.com\/tr\/urun\/22-ayar-altin-spiga-zincir-32572\/","og_site_name":"PureJewels UK","article_modified_time":"2025-11-26T11:10:58+00:00","og_image":[{"width":1000,"height":1000,"url":"https:\/\/www.purejewels.com\/wp-content\/uploads\/2020\/08\/image179300131.jpg","type":"image\/jpeg"}],"twitter_card":"summary_large_image","twitter_misc":{"Tahmini okuma s\u00fcresi":"1 dakika"},"schema":{"@context":"https:\/\/schema.org","@graph":[{"@type":["WebPage","ItemPage"],"@id":"https:\/\/www.purejewels.com\/product\/22ct-gold-spiga-chain-32572\/","url":"https:\/\/www.purejewels.com\/product\/22ct-gold-spiga-chain-32572\/","name":"6 in\u00e7 22 ayar alt\u0131n Spiga ince zincir | PureJewels UK","isPartOf":{"@id":"https:\/\/www.purejewels.com\/#website"},"primaryImageOfPage":{"@id":"https:\/\/www.purejewels.com\/product\/22ct-gold-spiga-chain-32572\/#primaryimage"},"image":{"@id":"https:\/\/www.purejewels.com\/product\/22ct-gold-spiga-chain-32572\/#primaryimage"},"thumbnailUrl":"https:\/\/static.purejewels.com\/wp-content\/uploads\/2020\/08\/image179300131.jpg","datePublished":"2020-08-02T13:01:52+00:00","dateModified":"2025-11-26T11:10:58+00:00","description":"16 in\u00e7lik 22 ayar alt\u0131n Spiga ince zinciri ke\u015ffedin. P\u00fcr\u00fczs\u00fcz dokunmu\u015f halkalar\u0131 ve \u0130ngiltere damgal\u0131 safl\u0131\u011f\u0131yla g\u00fcnl\u00fck kullan\u0131m veya kolye stili i\u00e7in m\u00fckemmeldir.","breadcrumb":{"@id":"https:\/\/www.purejewels.com\/product\/22ct-gold-spiga-chain-32572\/#breadcrumb"},"inLanguage":"tr","potentialAction":[{"@type":"ReadAction","target":["https:\/\/www.purejewels.com\/product\/22ct-gold-spiga-chain-32572\/"]}]},{"@type":"ImageObject","inLanguage":"tr","@id":"https:\/\/www.purejewels.com\/product\/22ct-gold-spiga-chain-32572\/#primaryimage","url":"https:\/\/static.purejewels.com\/wp-content\/uploads\/2020\/08\/image179300131.jpg","contentUrl":"https:\/\/static.purejewels.com\/wp-content\/uploads\/2020\/08\/image179300131.jpg","width":1000,"height":1000,"caption":"22ct Gold Light Spiga Chain CHSP257"},{"@type":"BreadcrumbList","@id":"https:\/\/www.purejewels.com\/product\/22ct-gold-spiga-chain-32572\/#breadcrumb","itemListElement":[{"@type":"ListItem","position":1,"name":"Home","item":"https:\/\/www.purejewels.com\/"},{"@type":"ListItem","position":2,"name":"Shop","item":"https:\/\/www.purejewels.com\/shop\/"},{"@type":"ListItem","position":3,"name":"22ct Gold Spiga Fine Chain \u2013 16 Inch"}]},{"@type":"WebSite","@id":"https:\/\/www.purejewels.com\/#website","url":"https:\/\/www.purejewels.com\/","name":"PureJewels \u0130ngiltere","description":"Sevgiyi Payla\u015f\u0131n","publisher":{"@id":"https:\/\/www.purejewels.com\/#organization"},"potentialAction":[{"@type":"SearchAction","target":{"@type":"EntryPoint","urlTemplate":"https:\/\/www.purejewels.com\/?s={search_term_string}"},"query-input":{"@type":"PropertyValueSpecification","valueRequired":true,"valueName":"search_term_string"}}],"inLanguage":"tr"},{"@type":"Organization","@id":"https:\/\/www.purejewels.com\/#organization","name":"PureJewels \u0130ngiltere","url":"https:\/\/www.purejewels.com\/","logo":{"@type":"ImageObject","inLanguage":"tr","@id":"https:\/\/www.purejewels.com\/#\/schema\/logo\/image\/","url":"https:\/\/static.purejewels.com\/wp-content\/uploads\/2020\/11\/Logo-PJ-New-1.png","contentUrl":"https:\/\/static.purejewels.com\/wp-content\/uploads\/2020\/11\/Logo-PJ-New-1.png","width":150,"height":80,"caption":"PureJewels UK"},"image":{"@id":"https:\/\/www.purejewels.com\/#\/schema\/logo\/image\/"}}]}},"_links":{"self":[{"href":"https:\/\/www.purejewels.com\/tr\/wp-json\/wp\/v2\/product\/316381","targetHints":{"allow":["GET"]}}],"collection":[{"href":"https:\/\/www.purejewels.com\/tr\/wp-json\/wp\/v2\/product"}],"about":[{"href":"https:\/\/www.purejewels.com\/tr\/wp-json\/wp\/v2\/types\/product"}],"replies":[{"embeddable":true,"href":"https:\/\/www.purejewels.com\/tr\/wp-json\/wp\/v2\/comments?post=316381"}],"version-history":[{"count":3,"href":"https:\/\/www.purejewels.com\/tr\/wp-json\/wp\/v2\/product\/316381\/revisions"}],"predecessor-version":[{"id":421895,"href":"https:\/\/www.purejewels.com\/tr\/wp-json\/wp\/v2\/product\/316381\/revisions\/421895"}],"wp:featuredmedia":[{"embeddable":true,"href":"https:\/\/www.purejewels.com\/tr\/wp-json\/wp\/v2\/media\/316383"}],"wp:attachment":[{"href":"https:\/\/www.purejewels.com\/tr\/wp-json\/wp\/v2\/media?parent=316381"}],"wp:term":[{"taxonomy":"product_brand","embeddable":true,"href":"https:\/\/www.purejewels.com\/tr\/wp-json\/wp\/v2\/product_brand?post=316381"},{"taxonomy":"product_cat","embeddable":true,"href":"https:\/\/www.purejewels.com\/tr\/wp-json\/wp\/v2\/product_cat?post=316381"},{"taxonomy":"product_tag","embeddable":true,"href":"https:\/\/www.purejewels.com\/tr\/wp-json\/wp\/v2\/product_tag?post=316381"}],"curies":[{"name":"wp","href":"https:\/\/api.w.org\/{rel}","templated":true}]}}