{"id":316460,"date":"2020-08-05T10:12:25","date_gmt":"2020-08-05T09:12:25","guid":{"rendered":"https:\/\/www.purejewels.com\/?post_type=product&#038;p=316460"},"modified":"2026-01-19T10:13:47","modified_gmt":"2026-01-19T10:13:47","slug":"jali-collection-22-ayar-altin-jali-bi%cc%87lezi%cc%87k-33012-33013","status":"publish","type":"product","link":"https:\/\/www.purejewels.com\/tr\/product\/jali-collection-22ct-gold-jali-bangles-33012-33013\/","title":{"rendered":"Jali Koleksiyonu 22 Ayar Alt\u0131n Jali Bileklikler (33012,33013)"},"content":{"rendered":"<ul>\n<li>sku 33012, A\u011f\u0131rl\u0131k . 11.5 gms<\/li>\n<li>sku 33013, A\u011f\u0131rl\u0131k 11,6 gms<\/li>\n<\/ul>","protected":false},"excerpt":{"rendered":"<ul>\n<li>\u00c7ift (<span id=\"urn:enhancement-cea44387\" class=\"textannotation\">iki<\/span>\u00a0bilezikler) 22ct\u00a0<span id=\"urn:enhancement-4d8dfd81\" class=\"textannotation\">alt\u0131n<\/span>\u00a0Filligree bilezikler -<\/li>\n<li>(E\u011fer isterseniz\u00a0<span id=\"urn:enhancement-d8552229\" class=\"textannotation\">bir<\/span>\u00a0bileklik l\u00fctfen sohbetten bilgi al\u0131n - the\u00a0<span id=\"urn:enhancement-b5464280\" class=\"textannotation\">fiyat<\/span>\u00a0burada g\u00f6sterilen\u00a0<span id=\"urn:enhancement-d589fd3f\" class=\"textannotation\">iki<\/span>\u00a0bilezikler)<\/li>\n<li>Boyut: 2.4<\/li>\n<li>sku 33012, A\u011f\u0131rl\u0131k . 11.5 gms<\/li>\n<li>sku 33013, A\u011f\u0131rl\u0131k 11,6 gms<\/li>\n<li>T\u00fcm fiyatlara KDV dahildir<\/li>\n<li>T\u00fcm \u00fcr\u00fcnlerimiz London Assay Office taraf\u0131ndan damgalanm\u0131\u015ft\u0131r<\/li>\n<li>T\u00fcm setler sunum kutusu ile birlikte gelir<\/li>\n<li>Teslimat Dahil<\/li>\n<li>Stok durumu ve stokta bulunan benzer tasar\u0131mlar\u0131n daha fazla g\u00f6r\u00fcnt\u00fcs\u00fc i\u00e7in bizimle canl\u0131 sohbet edin<\/li>\n<\/ul>","protected":false},"featured_media":316461,"comment_status":"closed","ping_status":"closed","template":"","meta":{"_eb_attr":"","_crsspst_to_jayantr4sg-hostcom":true},"product_brand":[],"product_cat":[1658,1233,252,1574],"product_tag":[],"class_list":{"0":"post-316460","1":"product","2":"type-product","3":"status-publish","4":"has-post-thumbnail","6":"product_cat-bangle-sets","7":"product_cat-gold-bangles","8":"product_cat-jali-collections","9":"product_cat-womens-jewellery","11":"first","12":"outofstock","13":"taxable","14":"shipping-taxable","15":"product-type-grouped","16":"add-to-wishlist-before_image"},"yoast_head":"<!-- This site is optimized with the Yoast SEO plugin v27.3 - https:\/\/yoast.com\/product\/yoast-seo-wordpress\/ -->\n<title>Jali 22ct Gold Jali Bangles - \u00a31055.00.00 (SKU:33012, 33013)<\/title>\n<meta name=\"robots\" content=\"index, follow, max-snippet:-1, max-image-preview:large, max-video-preview:-1\" \/>\n<link rel=\"canonical\" href=\"https:\/\/www.purejewels.com\/tr\/urun\/jali-collection-22-ayar-altin-jali-bi\u0307lezi\u0307k-33012-33013\/\" \/>\n<meta property=\"og:locale\" content=\"tr_TR\" \/>\n<meta property=\"og:type\" content=\"article\" \/>\n<meta property=\"og:title\" content=\"Jali 22ct Gold Jali Bangles - \u00a31055.00.00 (SKU:33012, 33013)\" \/>\n<meta property=\"og:description\" content=\"Pair (two\u00a0bangles) of 22ct\u00a0gold\u00a0Filligree bangles \u2013  (If you want\u00a0one\u00a0bangle please enquire on chat \u2013 the\u00a0price\u00a0shown here is for\u00a0two\u00a0bangles)  Size: 2.4  sku 33012, Wt . 11.5 gms  sku 33013, Wt. 11.6 gms  All prices include VAT  All our products are hallmarked by London Assay Office  All set comes with presentation Box  Delivery Included  Live chat with us for availability and more images of similar designs currently in stock\" \/>\n<meta property=\"og:url\" content=\"https:\/\/www.purejewels.com\/tr\/urun\/jali-collection-22-ayar-altin-jali-bi\u0307lezi\u0307k-33012-33013\/\" \/>\n<meta property=\"og:site_name\" content=\"PureJewels UK\" \/>\n<meta property=\"article:modified_time\" content=\"2026-01-19T10:13:47+00:00\" \/>\n<meta property=\"og:image\" content=\"https:\/\/static.purejewels.com\/wp-content\/uploads\/2020\/08\/33012_13.jpg\" \/>\n\t<meta property=\"og:image:width\" content=\"1000\" \/>\n\t<meta property=\"og:image:height\" content=\"1000\" \/>\n\t<meta property=\"og:image:type\" content=\"image\/jpeg\" \/>\n<meta name=\"twitter:card\" content=\"summary_large_image\" \/>\n<script type=\"application\/ld+json\" class=\"yoast-schema-graph\">{\"@context\":\"https:\\\/\\\/schema.org\",\"@graph\":[{\"@type\":[\"WebPage\",\"ItemPage\"],\"@id\":\"https:\\\/\\\/www.purejewels.com\\\/product\\\/jali-collection-22ct-gold-jali-bangles-33012-33013\\\/\",\"url\":\"https:\\\/\\\/www.purejewels.com\\\/product\\\/jali-collection-22ct-gold-jali-bangles-33012-33013\\\/\",\"name\":\"Jali 22ct Gold Jali Bangles - \u00a31055.00.00 (SKU:33012, 33013)\",\"isPartOf\":{\"@id\":\"https:\\\/\\\/www.purejewels.com\\\/#website\"},\"primaryImageOfPage\":{\"@id\":\"https:\\\/\\\/www.purejewels.com\\\/product\\\/jali-collection-22ct-gold-jali-bangles-33012-33013\\\/#primaryimage\"},\"image\":{\"@id\":\"https:\\\/\\\/www.purejewels.com\\\/product\\\/jali-collection-22ct-gold-jali-bangles-33012-33013\\\/#primaryimage\"},\"thumbnailUrl\":\"https:\\\/\\\/static.purejewels.com\\\/wp-content\\\/uploads\\\/2020\\\/08\\\/33012_13.jpg\",\"datePublished\":\"2020-08-05T09:12:25+00:00\",\"dateModified\":\"2026-01-19T10:13:47+00:00\",\"breadcrumb\":{\"@id\":\"https:\\\/\\\/www.purejewels.com\\\/product\\\/jali-collection-22ct-gold-jali-bangles-33012-33013\\\/#breadcrumb\"},\"inLanguage\":\"tr\",\"potentialAction\":[{\"@type\":\"ReadAction\",\"target\":[\"https:\\\/\\\/www.purejewels.com\\\/product\\\/jali-collection-22ct-gold-jali-bangles-33012-33013\\\/\"]}]},{\"@type\":\"ImageObject\",\"inLanguage\":\"tr\",\"@id\":\"https:\\\/\\\/www.purejewels.com\\\/product\\\/jali-collection-22ct-gold-jali-bangles-33012-33013\\\/#primaryimage\",\"url\":\"https:\\\/\\\/static.purejewels.com\\\/wp-content\\\/uploads\\\/2020\\\/08\\\/33012_13.jpg\",\"contentUrl\":\"https:\\\/\\\/static.purejewels.com\\\/wp-content\\\/uploads\\\/2020\\\/08\\\/33012_13.jpg\",\"width\":1000,\"height\":1000},{\"@type\":\"BreadcrumbList\",\"@id\":\"https:\\\/\\\/www.purejewels.com\\\/product\\\/jali-collection-22ct-gold-jali-bangles-33012-33013\\\/#breadcrumb\",\"itemListElement\":[{\"@type\":\"ListItem\",\"position\":1,\"name\":\"Home\",\"item\":\"https:\\\/\\\/www.purejewels.com\\\/\"},{\"@type\":\"ListItem\",\"position\":2,\"name\":\"Shop\",\"item\":\"https:\\\/\\\/www.purejewels.com\\\/shop\\\/\"},{\"@type\":\"ListItem\",\"position\":3,\"name\":\"Jali Collection 22ct Gold Jali Bangles(33012,33013)\"}]},{\"@type\":\"WebSite\",\"@id\":\"https:\\\/\\\/www.purejewels.com\\\/#website\",\"url\":\"https:\\\/\\\/www.purejewels.com\\\/\",\"name\":\"PureJewels UK\",\"description\":\"Share the Love\",\"publisher\":{\"@id\":\"https:\\\/\\\/www.purejewels.com\\\/#organization\"},\"potentialAction\":[{\"@type\":\"SearchAction\",\"target\":{\"@type\":\"EntryPoint\",\"urlTemplate\":\"https:\\\/\\\/www.purejewels.com\\\/?s={search_term_string}\"},\"query-input\":{\"@type\":\"PropertyValueSpecification\",\"valueRequired\":true,\"valueName\":\"search_term_string\"}}],\"inLanguage\":\"tr\"},{\"@type\":\"Organization\",\"@id\":\"https:\\\/\\\/www.purejewels.com\\\/#organization\",\"name\":\"PureJewels UK\",\"url\":\"https:\\\/\\\/www.purejewels.com\\\/\",\"logo\":{\"@type\":\"ImageObject\",\"inLanguage\":\"tr\",\"@id\":\"https:\\\/\\\/www.purejewels.com\\\/#\\\/schema\\\/logo\\\/image\\\/\",\"url\":\"https:\\\/\\\/static.purejewels.com\\\/wp-content\\\/uploads\\\/2020\\\/11\\\/Logo-PJ-New-1.png\",\"contentUrl\":\"https:\\\/\\\/static.purejewels.com\\\/wp-content\\\/uploads\\\/2020\\\/11\\\/Logo-PJ-New-1.png\",\"width\":150,\"height\":80,\"caption\":\"PureJewels UK\"},\"image\":{\"@id\":\"https:\\\/\\\/www.purejewels.com\\\/#\\\/schema\\\/logo\\\/image\\\/\"}}]}<\/script>\n<!-- \/ Yoast SEO plugin. -->","yoast_head_json":{"title":"Jali 22 Ayar Alt\u0131n Jali Bileklikler - \u00a31055.00.00 (SKU:33012, 33013)","robots":{"index":"index","follow":"follow","max-snippet":"max-snippet:-1","max-image-preview":"max-image-preview:large","max-video-preview":"max-video-preview:-1"},"canonical":"https:\/\/www.purejewels.com\/tr\/urun\/jali-collection-22-ayar-altin-jali-bi\u0307lezi\u0307k-33012-33013\/","og_locale":"tr_TR","og_type":"article","og_title":"Jali 22ct Gold Jali Bangles - \u00a31055.00.00 (SKU:33012, 33013)","og_description":"Pair (two\u00a0bangles) of 22ct\u00a0gold\u00a0Filligree bangles \u2013  (If you want\u00a0one\u00a0bangle please enquire on chat \u2013 the\u00a0price\u00a0shown here is for\u00a0two\u00a0bangles)  Size: 2.4  sku 33012, Wt . 11.5 gms  sku 33013, Wt. 11.6 gms  All prices include VAT  All our products are hallmarked by London Assay Office  All set comes with presentation Box  Delivery Included  Live chat with us for availability and more images of similar designs currently in stock","og_url":"https:\/\/www.purejewels.com\/tr\/urun\/jali-collection-22-ayar-altin-jali-bi\u0307lezi\u0307k-33012-33013\/","og_site_name":"PureJewels UK","article_modified_time":"2026-01-19T10:13:47+00:00","og_image":[{"width":1000,"height":1000,"url":"https:\/\/static.purejewels.com\/wp-content\/uploads\/2020\/08\/33012_13.jpg","type":"image\/jpeg"}],"twitter_card":"summary_large_image","schema":{"@context":"https:\/\/schema.org","@graph":[{"@type":["WebPage","ItemPage"],"@id":"https:\/\/www.purejewels.com\/product\/jali-collection-22ct-gold-jali-bangles-33012-33013\/","url":"https:\/\/www.purejewels.com\/product\/jali-collection-22ct-gold-jali-bangles-33012-33013\/","name":"Jali 22 Ayar Alt\u0131n Jali Bileklikler - \u00a31055.00.00 (SKU:33012, 33013)","isPartOf":{"@id":"https:\/\/www.purejewels.com\/#website"},"primaryImageOfPage":{"@id":"https:\/\/www.purejewels.com\/product\/jali-collection-22ct-gold-jali-bangles-33012-33013\/#primaryimage"},"image":{"@id":"https:\/\/www.purejewels.com\/product\/jali-collection-22ct-gold-jali-bangles-33012-33013\/#primaryimage"},"thumbnailUrl":"https:\/\/static.purejewels.com\/wp-content\/uploads\/2020\/08\/33012_13.jpg","datePublished":"2020-08-05T09:12:25+00:00","dateModified":"2026-01-19T10:13:47+00:00","breadcrumb":{"@id":"https:\/\/www.purejewels.com\/product\/jali-collection-22ct-gold-jali-bangles-33012-33013\/#breadcrumb"},"inLanguage":"tr","potentialAction":[{"@type":"ReadAction","target":["https:\/\/www.purejewels.com\/product\/jali-collection-22ct-gold-jali-bangles-33012-33013\/"]}]},{"@type":"ImageObject","inLanguage":"tr","@id":"https:\/\/www.purejewels.com\/product\/jali-collection-22ct-gold-jali-bangles-33012-33013\/#primaryimage","url":"https:\/\/static.purejewels.com\/wp-content\/uploads\/2020\/08\/33012_13.jpg","contentUrl":"https:\/\/static.purejewels.com\/wp-content\/uploads\/2020\/08\/33012_13.jpg","width":1000,"height":1000},{"@type":"BreadcrumbList","@id":"https:\/\/www.purejewels.com\/product\/jali-collection-22ct-gold-jali-bangles-33012-33013\/#breadcrumb","itemListElement":[{"@type":"ListItem","position":1,"name":"Home","item":"https:\/\/www.purejewels.com\/"},{"@type":"ListItem","position":2,"name":"Shop","item":"https:\/\/www.purejewels.com\/shop\/"},{"@type":"ListItem","position":3,"name":"Jali Collection 22ct Gold Jali Bangles(33012,33013)"}]},{"@type":"WebSite","@id":"https:\/\/www.purejewels.com\/#website","url":"https:\/\/www.purejewels.com\/","name":"PureJewels \u0130ngiltere","description":"Sevgiyi Payla\u015f\u0131n","publisher":{"@id":"https:\/\/www.purejewels.com\/#organization"},"potentialAction":[{"@type":"SearchAction","target":{"@type":"EntryPoint","urlTemplate":"https:\/\/www.purejewels.com\/?s={search_term_string}"},"query-input":{"@type":"PropertyValueSpecification","valueRequired":true,"valueName":"search_term_string"}}],"inLanguage":"tr"},{"@type":"Organization","@id":"https:\/\/www.purejewels.com\/#organization","name":"PureJewels \u0130ngiltere","url":"https:\/\/www.purejewels.com\/","logo":{"@type":"ImageObject","inLanguage":"tr","@id":"https:\/\/www.purejewels.com\/#\/schema\/logo\/image\/","url":"https:\/\/static.purejewels.com\/wp-content\/uploads\/2020\/11\/Logo-PJ-New-1.png","contentUrl":"https:\/\/static.purejewels.com\/wp-content\/uploads\/2020\/11\/Logo-PJ-New-1.png","width":150,"height":80,"caption":"PureJewels UK"},"image":{"@id":"https:\/\/www.purejewels.com\/#\/schema\/logo\/image\/"}}]}},"_links":{"self":[{"href":"https:\/\/www.purejewels.com\/tr\/wp-json\/wp\/v2\/product\/316460","targetHints":{"allow":["GET"]}}],"collection":[{"href":"https:\/\/www.purejewels.com\/tr\/wp-json\/wp\/v2\/product"}],"about":[{"href":"https:\/\/www.purejewels.com\/tr\/wp-json\/wp\/v2\/types\/product"}],"replies":[{"embeddable":true,"href":"https:\/\/www.purejewels.com\/tr\/wp-json\/wp\/v2\/comments?post=316460"}],"version-history":[{"count":1,"href":"https:\/\/www.purejewels.com\/tr\/wp-json\/wp\/v2\/product\/316460\/revisions"}],"predecessor-version":[{"id":385764,"href":"https:\/\/www.purejewels.com\/tr\/wp-json\/wp\/v2\/product\/316460\/revisions\/385764"}],"wp:featuredmedia":[{"embeddable":true,"href":"https:\/\/www.purejewels.com\/tr\/wp-json\/wp\/v2\/media\/316461"}],"wp:attachment":[{"href":"https:\/\/www.purejewels.com\/tr\/wp-json\/wp\/v2\/media?parent=316460"}],"wp:term":[{"taxonomy":"product_brand","embeddable":true,"href":"https:\/\/www.purejewels.com\/tr\/wp-json\/wp\/v2\/product_brand?post=316460"},{"taxonomy":"product_cat","embeddable":true,"href":"https:\/\/www.purejewels.com\/tr\/wp-json\/wp\/v2\/product_cat?post=316460"},{"taxonomy":"product_tag","embeddable":true,"href":"https:\/\/www.purejewels.com\/tr\/wp-json\/wp\/v2\/product_tag?post=316460"}],"curies":[{"name":"wp","href":"https:\/\/api.w.org\/{rel}","templated":true}]}}