{"id":316506,"date":"2020-08-07T12:24:22","date_gmt":"2020-08-07T11:24:22","guid":{"rendered":"https:\/\/www.purejewels.com\/product\/22ct-gold-earring-2-6gm\/"},"modified":"2026-01-22T10:59:27","modified_gmt":"2026-01-22T10:59:27","slug":"22-ayar-altin-kupe-32274","status":"publish","type":"product","link":"https:\/\/www.purejewels.com\/tr\/product\/22ct-gold-earring-32274\/","title":{"rendered":"22 Ayar Alt\u0131n CZ Pav\u00e9 Halka K\u00fcpe"},"content":{"rendered":"<p>Tasar\u0131m<\/p>\n<p>Bu pav\u00e9 halka <a href=\"https:\/\/www.purejewels.com\/tr\/product-category\/22ct-gold-jewellery\/gold-earrings\/\">K\u00fcpeler<\/a> yap\u0131land\u0131r\u0131lm\u0131\u015f formlar\u0131 ve ritmik k\u00fcbik zirkon s\u0131ralar\u0131 ile tan\u0131mlan\u0131r ve her hareketle \u0131\u015f\u0131\u011f\u0131 yakalayan bir y\u00fczey olu\u015fturur. Dengeli oranlar \u00e7emberlere kendinden emin bir duru\u015f verirken zarif ve giyilebilir kalmalar\u0131n\u0131 sa\u011fl\u0131yor. Y\u00fcz\u00fc g\u00fczel bir \u015fekilde \u00e7er\u00e7evelemek i\u00e7in tasarlanan bu \u00e7emberler hem g\u00fcnd\u00fcz hem de ak\u015fam g\u00f6r\u00fcn\u00fcmlerine parlakl\u0131k kat\u0131yor.<\/p>\n<p>Zanaatkarl\u0131k<\/p>\n<p>22 ayar alt\u0131ndan el i\u015f\u00e7ili\u011fiyle \u00fcretilen her bir halka, e\u015fit bir \u0131\u015f\u0131lt\u0131 ve zarif bir y\u00fczey elde etmek i\u00e7in k\u00fcbik zirkonya ile \u00f6zenle ayarlanm\u0131\u015ft\u0131r. Alt\u0131n\u0131n s\u0131cak tonu, ta\u015flar\u0131n parlakl\u0131\u011f\u0131yla nazik\u00e7e tezat olu\u015fturarak ayar\u0131n hassasiyetini vurgular. Her bir \u00e7ift, safl\u0131k sertifikas\u0131 i\u00e7in \u0130ngiltere'de damgalanarak kal\u0131c\u0131 kalite ve g\u00fcven sa\u011flar.<\/p>\n<p>\u015eekillendirme &amp; Hediyele\u015fme<\/p>\n<p>\u00c7ok y\u00f6nl\u00fc ve etkileyici olan bu \u00e7emberler, \u00f6zel g\u00fcnl\u00fck k\u0131yafetler, gece sil\u00fcetleri veya \u015fenlikli topluluklarla zahmetsizce e\u015fle\u015fir. Do\u011fum g\u00fcnleri, y\u0131l d\u00f6n\u00fcmleri ve kutlama hediyeleri i\u00e7in ideal olan bu \u00e7emberler, \u0131\u015f\u0131lt\u0131y\u0131 \u00f6nemseyenler i\u00e7in kendinden emin bir se\u00e7imdir.<\/p>","protected":false},"excerpt":{"rendered":"<div class=\"woocommerce-product-details__short-description\">\n<ul>\n<li>22ct\u00a0<span id=\"urn:enhancement-97908fd\" class=\"textannotation\">Alt\u0131n<\/span>\u00a0CZ K\u00fcpeler<\/li>\n<li>A\u011f\u0131rl\u0131k 2.6 g<\/li>\n<li><span id=\"urn:enhancement-2fbe3731\" class=\"textannotation\">SKU<\/span>. 32274<\/li>\n<li>T\u00fcm\u00fc\u00a0<span id=\"urn:enhancement-cb64975f\" class=\"textannotation\">fiyatlar<\/span>\u00a0\u015funlar\u0131 i\u00e7erir\u00a0<span id=\"urn:enhancement-6f5ae0f2\" class=\"textannotation\">KDV<\/span><\/li>\n<li>22ct\u00a0<span id=\"urn:enhancement-77585336\" class=\"textannotation\">Alt\u0131n<\/span>\u00a0Taraf\u0131ndan damgalanm\u0131\u015ft\u0131r\u00a0<span id=\"urn:enhancement-39cd8e8a\" class=\"textannotation\">Londra<\/span>\u00a0<span id=\"urn:enhancement-7fe346f9\" class=\"textannotation\">Tahlil Ofisi<\/span><\/li>\n<li>Sunum Kutusu ile Birlikte Gelir<\/li>\n<li><span id=\"urn:enhancement-6159c9eb\" class=\"textannotation\">Teslimat<\/span>\u00a0Dahil<\/li>\n<li>Canl\u0131\u00a0<span id=\"urn:enhancement-16691bf9\" class=\"textannotation\">sohbet<\/span>\u00a0uygunluk durumu ve daha fazla benzer resim i\u00e7in bizimle ileti\u015fime ge\u00e7in\u00a0<span id=\"urn:enhancement-bc77b1f0\" class=\"textannotation\">tasar\u0131mlar<\/span>\u00a0\u015fu anda\u00a0<span id=\"urn:enhancement-973dd94b\" class=\"textannotation\">stok<\/span><\/li>\n<\/ul>\n<\/div>\n<p>&nbsp;<\/p>","protected":false},"featured_media":316508,"comment_status":"closed","ping_status":"closed","template":"","meta":{"_eb_attr":"","_crsspst_to_jayantr4sg-hostcom":true},"product_brand":[],"product_cat":[1791,1559,1576,1579,1575,1569,1573,1574],"product_tag":[],"class_list":{"0":"post-316506","1":"product","2":"type-product","3":"status-publish","4":"has-post-thumbnail","6":"product_cat-anniversary-gifts","7":"product_cat-birthday-gifts","8":"product_cat-childrens-jewellery","9":"product_cat-hoop-earrings","10":"product_cat-teenage-jewellery","11":"product_cat-valentine-day-gifts","12":"product_cat-wedding-gifts","13":"product_cat-womens-jewellery","15":"first","16":"outofstock","17":"taxable","18":"shipping-taxable","19":"product-type-simple","20":"add-to-wishlist-before_image"},"yoast_head":"<!-- This site is optimized with the Yoast SEO plugin v27.3 - https:\/\/yoast.com\/product\/yoast-seo-wordpress\/ -->\n<title>22ct Gold CZ Pav\u00e9 Hoop Earrings | PureJewels UK<\/title>\n<meta name=\"description\" content=\"Shop the 22ct Gold CZ Pav\u00e9 Hoop Earrings from PureJewels UK. Featuring rows of sparkling cubic zirconia, these handcrafted hoops bring refined brilliance to everyday and occasion wear.\" \/>\n<meta name=\"robots\" content=\"index, follow, max-snippet:-1, max-image-preview:large, max-video-preview:-1\" \/>\n<link rel=\"canonical\" href=\"https:\/\/www.purejewels.com\/tr\/urun\/22-ayar-altin-kupe-32274\/\" \/>\n<meta property=\"og:locale\" content=\"tr_TR\" \/>\n<meta property=\"og:type\" content=\"article\" \/>\n<meta property=\"og:title\" content=\"22ct Gold CZ Pav\u00e9 Hoop Earrings | PureJewels UK\" \/>\n<meta property=\"og:description\" content=\"Shop the 22ct Gold CZ Pav\u00e9 Hoop Earrings from PureJewels UK. Featuring rows of sparkling cubic zirconia, these handcrafted hoops bring refined brilliance to everyday and occasion wear.\" \/>\n<meta property=\"og:url\" content=\"https:\/\/www.purejewels.com\/tr\/urun\/22-ayar-altin-kupe-32274\/\" \/>\n<meta property=\"og:site_name\" content=\"PureJewels UK\" \/>\n<meta property=\"article:modified_time\" content=\"2026-01-22T10:59:27+00:00\" \/>\n<meta property=\"og:image\" content=\"https:\/\/static.purejewels.com\/wp-content\/uploads\/2020\/08\/image180098756.jpg\" \/>\n\t<meta property=\"og:image:width\" content=\"300\" \/>\n\t<meta property=\"og:image:height\" content=\"300\" \/>\n\t<meta property=\"og:image:type\" content=\"image\/jpeg\" \/>\n<meta name=\"twitter:card\" content=\"summary_large_image\" \/>\n<meta name=\"twitter:label1\" content=\"Tahmini okuma s\u00fcresi\" \/>\n\t<meta name=\"twitter:data1\" content=\"1 dakika\" \/>\n<script type=\"application\/ld+json\" class=\"yoast-schema-graph\">{\"@context\":\"https:\\\/\\\/schema.org\",\"@graph\":[{\"@type\":[\"WebPage\",\"ItemPage\"],\"@id\":\"https:\\\/\\\/www.purejewels.com\\\/product\\\/22ct-gold-earring-32274\\\/\",\"url\":\"https:\\\/\\\/www.purejewels.com\\\/product\\\/22ct-gold-earring-32274\\\/\",\"name\":\"22ct Gold CZ Pav\u00e9 Hoop Earrings | PureJewels UK\",\"isPartOf\":{\"@id\":\"https:\\\/\\\/www.purejewels.com\\\/#website\"},\"primaryImageOfPage\":{\"@id\":\"https:\\\/\\\/www.purejewels.com\\\/product\\\/22ct-gold-earring-32274\\\/#primaryimage\"},\"image\":{\"@id\":\"https:\\\/\\\/www.purejewels.com\\\/product\\\/22ct-gold-earring-32274\\\/#primaryimage\"},\"thumbnailUrl\":\"https:\\\/\\\/static.purejewels.com\\\/wp-content\\\/uploads\\\/2020\\\/08\\\/image180098756.jpg\",\"datePublished\":\"2020-08-07T11:24:22+00:00\",\"dateModified\":\"2026-01-22T10:59:27+00:00\",\"description\":\"Shop the 22ct Gold CZ Pav\u00e9 Hoop Earrings from PureJewels UK. Featuring rows of sparkling cubic zirconia, these handcrafted hoops bring refined brilliance to everyday and occasion wear.\",\"breadcrumb\":{\"@id\":\"https:\\\/\\\/www.purejewels.com\\\/product\\\/22ct-gold-earring-32274\\\/#breadcrumb\"},\"inLanguage\":\"tr\",\"potentialAction\":[{\"@type\":\"ReadAction\",\"target\":[\"https:\\\/\\\/www.purejewels.com\\\/product\\\/22ct-gold-earring-32274\\\/\"]}]},{\"@type\":\"ImageObject\",\"inLanguage\":\"tr\",\"@id\":\"https:\\\/\\\/www.purejewels.com\\\/product\\\/22ct-gold-earring-32274\\\/#primaryimage\",\"url\":\"https:\\\/\\\/static.purejewels.com\\\/wp-content\\\/uploads\\\/2020\\\/08\\\/image180098756.jpg\",\"contentUrl\":\"https:\\\/\\\/static.purejewels.com\\\/wp-content\\\/uploads\\\/2020\\\/08\\\/image180098756.jpg\",\"width\":300,\"height\":300,\"caption\":\"22ct Gold Light White CZ Stone Bali Earring YGER264\"},{\"@type\":\"BreadcrumbList\",\"@id\":\"https:\\\/\\\/www.purejewels.com\\\/product\\\/22ct-gold-earring-32274\\\/#breadcrumb\",\"itemListElement\":[{\"@type\":\"ListItem\",\"position\":1,\"name\":\"Home\",\"item\":\"https:\\\/\\\/www.purejewels.com\\\/\"},{\"@type\":\"ListItem\",\"position\":2,\"name\":\"Shop\",\"item\":\"https:\\\/\\\/www.purejewels.com\\\/shop\\\/\"},{\"@type\":\"ListItem\",\"position\":3,\"name\":\"22ct Gold CZ Pav\u00e9 Hoop Earrings\"}]},{\"@type\":\"WebSite\",\"@id\":\"https:\\\/\\\/www.purejewels.com\\\/#website\",\"url\":\"https:\\\/\\\/www.purejewels.com\\\/\",\"name\":\"PureJewels UK\",\"description\":\"Share the Love\",\"publisher\":{\"@id\":\"https:\\\/\\\/www.purejewels.com\\\/#organization\"},\"potentialAction\":[{\"@type\":\"SearchAction\",\"target\":{\"@type\":\"EntryPoint\",\"urlTemplate\":\"https:\\\/\\\/www.purejewels.com\\\/?s={search_term_string}\"},\"query-input\":{\"@type\":\"PropertyValueSpecification\",\"valueRequired\":true,\"valueName\":\"search_term_string\"}}],\"inLanguage\":\"tr\"},{\"@type\":\"Organization\",\"@id\":\"https:\\\/\\\/www.purejewels.com\\\/#organization\",\"name\":\"PureJewels UK\",\"url\":\"https:\\\/\\\/www.purejewels.com\\\/\",\"logo\":{\"@type\":\"ImageObject\",\"inLanguage\":\"tr\",\"@id\":\"https:\\\/\\\/www.purejewels.com\\\/#\\\/schema\\\/logo\\\/image\\\/\",\"url\":\"https:\\\/\\\/static.purejewels.com\\\/wp-content\\\/uploads\\\/2020\\\/11\\\/Logo-PJ-New-1.png\",\"contentUrl\":\"https:\\\/\\\/static.purejewels.com\\\/wp-content\\\/uploads\\\/2020\\\/11\\\/Logo-PJ-New-1.png\",\"width\":150,\"height\":80,\"caption\":\"PureJewels UK\"},\"image\":{\"@id\":\"https:\\\/\\\/www.purejewels.com\\\/#\\\/schema\\\/logo\\\/image\\\/\"}}]}<\/script>\n<!-- \/ Yoast SEO plugin. -->","yoast_head_json":{"title":"22 Ayar Alt\u0131n CZ Pav\u00e9 Halka K\u00fcpe | PureJewels UK","description":"PureJewels UK'den 22 Ayar Alt\u0131n CZ Pav\u00e9 Halka K\u00fcpeleri sat\u0131n al\u0131n. S\u0131ra s\u0131ra \u0131\u015f\u0131lt\u0131l\u0131 k\u00fcbik zirkonya i\u00e7eren bu el yap\u0131m\u0131 halka k\u00fcpeler, g\u00fcnl\u00fck ve \u00f6zel kullan\u0131mlara zarif bir parlakl\u0131k kat\u0131yor.","robots":{"index":"index","follow":"follow","max-snippet":"max-snippet:-1","max-image-preview":"max-image-preview:large","max-video-preview":"max-video-preview:-1"},"canonical":"https:\/\/www.purejewels.com\/tr\/urun\/22-ayar-altin-kupe-32274\/","og_locale":"tr_TR","og_type":"article","og_title":"22ct Gold CZ Pav\u00e9 Hoop Earrings | PureJewels UK","og_description":"Shop the 22ct Gold CZ Pav\u00e9 Hoop Earrings from PureJewels UK. Featuring rows of sparkling cubic zirconia, these handcrafted hoops bring refined brilliance to everyday and occasion wear.","og_url":"https:\/\/www.purejewels.com\/tr\/urun\/22-ayar-altin-kupe-32274\/","og_site_name":"PureJewels UK","article_modified_time":"2026-01-22T10:59:27+00:00","og_image":[{"width":300,"height":300,"url":"https:\/\/static.purejewels.com\/wp-content\/uploads\/2020\/08\/image180098756.jpg","type":"image\/jpeg"}],"twitter_card":"summary_large_image","twitter_misc":{"Tahmini okuma s\u00fcresi":"1 dakika"},"schema":{"@context":"https:\/\/schema.org","@graph":[{"@type":["WebPage","ItemPage"],"@id":"https:\/\/www.purejewels.com\/product\/22ct-gold-earring-32274\/","url":"https:\/\/www.purejewels.com\/product\/22ct-gold-earring-32274\/","name":"22 Ayar Alt\u0131n CZ Pav\u00e9 Halka K\u00fcpe | PureJewels UK","isPartOf":{"@id":"https:\/\/www.purejewels.com\/#website"},"primaryImageOfPage":{"@id":"https:\/\/www.purejewels.com\/product\/22ct-gold-earring-32274\/#primaryimage"},"image":{"@id":"https:\/\/www.purejewels.com\/product\/22ct-gold-earring-32274\/#primaryimage"},"thumbnailUrl":"https:\/\/static.purejewels.com\/wp-content\/uploads\/2020\/08\/image180098756.jpg","datePublished":"2020-08-07T11:24:22+00:00","dateModified":"2026-01-22T10:59:27+00:00","description":"PureJewels UK'den 22 Ayar Alt\u0131n CZ Pav\u00e9 Halka K\u00fcpeleri sat\u0131n al\u0131n. S\u0131ra s\u0131ra \u0131\u015f\u0131lt\u0131l\u0131 k\u00fcbik zirkonya i\u00e7eren bu el yap\u0131m\u0131 halka k\u00fcpeler, g\u00fcnl\u00fck ve \u00f6zel kullan\u0131mlara zarif bir parlakl\u0131k kat\u0131yor.","breadcrumb":{"@id":"https:\/\/www.purejewels.com\/product\/22ct-gold-earring-32274\/#breadcrumb"},"inLanguage":"tr","potentialAction":[{"@type":"ReadAction","target":["https:\/\/www.purejewels.com\/product\/22ct-gold-earring-32274\/"]}]},{"@type":"ImageObject","inLanguage":"tr","@id":"https:\/\/www.purejewels.com\/product\/22ct-gold-earring-32274\/#primaryimage","url":"https:\/\/static.purejewels.com\/wp-content\/uploads\/2020\/08\/image180098756.jpg","contentUrl":"https:\/\/static.purejewels.com\/wp-content\/uploads\/2020\/08\/image180098756.jpg","width":300,"height":300,"caption":"22ct Gold Light White CZ Stone Bali Earring YGER264"},{"@type":"BreadcrumbList","@id":"https:\/\/www.purejewels.com\/product\/22ct-gold-earring-32274\/#breadcrumb","itemListElement":[{"@type":"ListItem","position":1,"name":"Home","item":"https:\/\/www.purejewels.com\/"},{"@type":"ListItem","position":2,"name":"Shop","item":"https:\/\/www.purejewels.com\/shop\/"},{"@type":"ListItem","position":3,"name":"22ct Gold CZ Pav\u00e9 Hoop Earrings"}]},{"@type":"WebSite","@id":"https:\/\/www.purejewels.com\/#website","url":"https:\/\/www.purejewels.com\/","name":"PureJewels \u0130ngiltere","description":"Sevgiyi Payla\u015f\u0131n","publisher":{"@id":"https:\/\/www.purejewels.com\/#organization"},"potentialAction":[{"@type":"SearchAction","target":{"@type":"EntryPoint","urlTemplate":"https:\/\/www.purejewels.com\/?s={search_term_string}"},"query-input":{"@type":"PropertyValueSpecification","valueRequired":true,"valueName":"search_term_string"}}],"inLanguage":"tr"},{"@type":"Organization","@id":"https:\/\/www.purejewels.com\/#organization","name":"PureJewels \u0130ngiltere","url":"https:\/\/www.purejewels.com\/","logo":{"@type":"ImageObject","inLanguage":"tr","@id":"https:\/\/www.purejewels.com\/#\/schema\/logo\/image\/","url":"https:\/\/static.purejewels.com\/wp-content\/uploads\/2020\/11\/Logo-PJ-New-1.png","contentUrl":"https:\/\/static.purejewels.com\/wp-content\/uploads\/2020\/11\/Logo-PJ-New-1.png","width":150,"height":80,"caption":"PureJewels UK"},"image":{"@id":"https:\/\/www.purejewels.com\/#\/schema\/logo\/image\/"}}]}},"_links":{"self":[{"href":"https:\/\/www.purejewels.com\/tr\/wp-json\/wp\/v2\/product\/316506","targetHints":{"allow":["GET"]}}],"collection":[{"href":"https:\/\/www.purejewels.com\/tr\/wp-json\/wp\/v2\/product"}],"about":[{"href":"https:\/\/www.purejewels.com\/tr\/wp-json\/wp\/v2\/types\/product"}],"replies":[{"embeddable":true,"href":"https:\/\/www.purejewels.com\/tr\/wp-json\/wp\/v2\/comments?post=316506"}],"version-history":[{"count":2,"href":"https:\/\/www.purejewels.com\/tr\/wp-json\/wp\/v2\/product\/316506\/revisions"}],"predecessor-version":[{"id":425115,"href":"https:\/\/www.purejewels.com\/tr\/wp-json\/wp\/v2\/product\/316506\/revisions\/425115"}],"wp:featuredmedia":[{"embeddable":true,"href":"https:\/\/www.purejewels.com\/tr\/wp-json\/wp\/v2\/media\/316508"}],"wp:attachment":[{"href":"https:\/\/www.purejewels.com\/tr\/wp-json\/wp\/v2\/media?parent=316506"}],"wp:term":[{"taxonomy":"product_brand","embeddable":true,"href":"https:\/\/www.purejewels.com\/tr\/wp-json\/wp\/v2\/product_brand?post=316506"},{"taxonomy":"product_cat","embeddable":true,"href":"https:\/\/www.purejewels.com\/tr\/wp-json\/wp\/v2\/product_cat?post=316506"},{"taxonomy":"product_tag","embeddable":true,"href":"https:\/\/www.purejewels.com\/tr\/wp-json\/wp\/v2\/product_tag?post=316506"}],"curies":[{"name":"wp","href":"https:\/\/api.w.org\/{rel}","templated":true}]}}