{"id":316513,"date":"2020-08-07T13:19:40","date_gmt":"2020-08-07T12:19:40","guid":{"rendered":"https:\/\/www.purejewels.com\/product\/22ct-gold-earring-16gm\/"},"modified":"2026-01-06T06:53:35","modified_gmt":"2026-01-06T06:53:35","slug":"22-ayar-altin-hint-kupeleri-32882","status":"publish","type":"product","link":"https:\/\/www.purejewels.com\/tr\/product\/22-carat-gold-indian-earrings-32882\/","title":{"rendered":"22 Ayar Alt\u0131n Hint K\u00fcpeleri(916)"},"content":{"rendered":"<p>Bu \u00e7arp\u0131c\u0131 22 ayar alt\u0131n Hint Jumkha k\u00fcpeler her m\u00fccevher koleksiyonunun olmazsa olmaz\u0131d\u0131r. En kaliteli alt\u0131nla \u00fcretilen bu k\u00fcpeler, sentetik Polki ta\u015flar\u0131yla s\u00fcslenmi\u015ftir ve g\u00fczel bir antika kaplamaya sahiptir. 16 gram a\u011f\u0131rl\u0131\u011f\u0131ndaki bu k\u00fcpelerin nereye giderseniz gidin fark yarataca\u011f\u0131ndan emin olabilirsiniz.<\/p>\n<p>T\u00fcm \u00fcr\u00fcnlerimiz Londra Assay Ofisi taraf\u0131ndan damgalanarak \u00f6zg\u00fcnl\u00fckleri ve kaliteleri garanti alt\u0131na al\u0131nm\u0131\u015ft\u0131r. Her bir k\u00fcpe \u00e7ifti bir sunum kutusuyla birlikte gelir; bu da onlar\u0131 sevdikleriniz i\u00e7in m\u00fckemmel bir hediye veya kendiniz i\u00e7in \u00f6zel bir ikram haline getirir.<\/p>\n<p>PureJewels UK'de, t\u00fcm sipari\u015flerde \u00fccretsiz takipli teslimat ve i\u00e7inizin rahat etmesi i\u00e7in g\u00fcvenli \u00e7evrimi\u00e7i \u00f6demeler sunuyoruz. Bu zarif k\u00fcpeleri ka\u00e7\u0131rmay\u0131n - \u015fimdi sipari\u015f verin ve gard\u0131robunuza Hint zarafetinden bir dokunu\u015f ekleyin.<\/p>","protected":false},"excerpt":{"rendered":"<ul>\n<li>22 Ayar Alt\u0131n Hint Jumkha K\u00fcpe<\/li>\n<li>Sentetik Polki ta\u015flarla s\u00fcslenmi\u015f ve Antik Kaplama<\/li>\n<li>A\u011f\u0131rl\u0131k 16 gms<\/li>\n<li>SKU. 32882<\/li>\n<li>T\u00fcm fiyatlara KDV dahildir<\/li>\n<li>T\u00fcm \u00dcr\u00fcnlerimiz Londra Tahlil Ofisi Taraf\u0131ndan Damgalanm\u0131\u015ft\u0131r<\/li>\n<li>Sunum Kutusu ile Birlikte Gelir<\/li>\n<li>Teslimat Dahil<\/li>\n<li>Forest gate, Londra, \u0130ngiltere'deki ma\u011fazam\u0131zda bulunan t\u00fcm yeni Gelin Alt\u0131n Kolye ve K\u00fcpe seti \u0130ngiltere yelpazesini g\u00f6rmek i\u00e7in bizimle sohbet edin<\/li>\n<\/ul>","protected":false},"featured_media":316534,"comment_status":"closed","ping_status":"closed","template":"","meta":{"_eb_attr":"","_crsspst_to_jayantr4sg-hostcom":false},"product_brand":[],"product_cat":[1791,256,1254,1578,1573,1574],"product_tag":[4122],"class_list":{"0":"post-316513","1":"product","2":"type-product","3":"status-publish","4":"has-post-thumbnail","6":"product_cat-anniversary-gifts","7":"product_cat-anusha-collections","8":"product_cat-gold-earrings","9":"product_cat-jhumkha-earrings","10":"product_cat-wedding-gifts","11":"product_cat-womens-jewellery","12":"product_tag-earrings-for-sale","14":"first","15":"outofstock","16":"sale","17":"taxable","18":"shipping-taxable","19":"product-type-simple","20":"add-to-wishlist-before_image"},"yoast_head":"<!-- This site is optimized with the Yoast SEO plugin v27.3 - https:\/\/yoast.com\/product\/yoast-seo-wordpress\/ -->\n<title>22 Carat Gold Indian Jumkha Earrings | PureJewels UK<\/title>\n<meta name=\"description\" content=\"Buy online 22 Carat Gold Indian Jumkha Earrings Studded with Synthetic Polki stones and Antique Finish. Order your 22 Carat Gold Indian Jumkha Earrings today.\" \/>\n<meta name=\"robots\" content=\"index, follow, max-snippet:-1, max-image-preview:large, max-video-preview:-1\" \/>\n<link rel=\"canonical\" href=\"https:\/\/www.purejewels.com\/tr\/urun\/22-ayar-altin-hint-kupeleri-32882\/\" \/>\n<meta property=\"og:locale\" content=\"tr_TR\" \/>\n<meta property=\"og:type\" content=\"article\" \/>\n<meta property=\"og:title\" content=\"22 Carat Gold Indian Jumkha Earrings | PureJewels UK\" \/>\n<meta property=\"og:description\" content=\"Buy online 22 Carat Gold Indian Jumkha Earrings Studded with Synthetic Polki stones and Antique Finish. Order your 22 Carat Gold Indian Jumkha Earrings today.\" \/>\n<meta property=\"og:url\" content=\"https:\/\/www.purejewels.com\/tr\/urun\/22-ayar-altin-hint-kupeleri-32882\/\" \/>\n<meta property=\"og:site_name\" content=\"PureJewels UK\" \/>\n<meta property=\"article:modified_time\" content=\"2026-01-06T06:53:35+00:00\" \/>\n<meta property=\"og:image\" content=\"https:\/\/www.purejewels.com\/wp-content\/uploads\/2020\/08\/image180537048.jpg\" \/>\n\t<meta property=\"og:image:width\" content=\"1000\" \/>\n\t<meta property=\"og:image:height\" content=\"1000\" \/>\n\t<meta property=\"og:image:type\" content=\"image\/jpeg\" \/>\n<meta name=\"twitter:card\" content=\"summary_large_image\" \/>\n<meta name=\"twitter:label1\" content=\"Tahmini okuma s\u00fcresi\" \/>\n\t<meta name=\"twitter:data1\" content=\"1 dakika\" \/>\n<script type=\"application\/ld+json\" class=\"yoast-schema-graph\">{\"@context\":\"https:\\\/\\\/schema.org\",\"@graph\":[{\"@type\":[\"WebPage\",\"ItemPage\"],\"@id\":\"https:\\\/\\\/www.purejewels.com\\\/product\\\/22-carat-gold-indian-earrings-32882\\\/\",\"url\":\"https:\\\/\\\/www.purejewels.com\\\/product\\\/22-carat-gold-indian-earrings-32882\\\/\",\"name\":\"22 Carat Gold Indian Jumkha Earrings | PureJewels UK\",\"isPartOf\":{\"@id\":\"https:\\\/\\\/www.purejewels.com\\\/#website\"},\"primaryImageOfPage\":{\"@id\":\"https:\\\/\\\/www.purejewels.com\\\/product\\\/22-carat-gold-indian-earrings-32882\\\/#primaryimage\"},\"image\":{\"@id\":\"https:\\\/\\\/www.purejewels.com\\\/product\\\/22-carat-gold-indian-earrings-32882\\\/#primaryimage\"},\"thumbnailUrl\":\"https:\\\/\\\/static.purejewels.com\\\/wp-content\\\/uploads\\\/2020\\\/08\\\/image180537048.jpg\",\"datePublished\":\"2020-08-07T12:19:40+00:00\",\"dateModified\":\"2026-01-06T06:53:35+00:00\",\"description\":\"Buy online 22 Carat Gold Indian Jumkha Earrings Studded with Synthetic Polki stones and Antique Finish. Order your 22 Carat Gold Indian Jumkha Earrings today.\",\"breadcrumb\":{\"@id\":\"https:\\\/\\\/www.purejewels.com\\\/product\\\/22-carat-gold-indian-earrings-32882\\\/#breadcrumb\"},\"inLanguage\":\"tr\",\"potentialAction\":[{\"@type\":\"ReadAction\",\"target\":[\"https:\\\/\\\/www.purejewels.com\\\/product\\\/22-carat-gold-indian-earrings-32882\\\/\"]}]},{\"@type\":\"ImageObject\",\"inLanguage\":\"tr\",\"@id\":\"https:\\\/\\\/www.purejewels.com\\\/product\\\/22-carat-gold-indian-earrings-32882\\\/#primaryimage\",\"url\":\"https:\\\/\\\/static.purejewels.com\\\/wp-content\\\/uploads\\\/2020\\\/08\\\/image180537048.jpg\",\"contentUrl\":\"https:\\\/\\\/static.purejewels.com\\\/wp-content\\\/uploads\\\/2020\\\/08\\\/image180537048.jpg\",\"width\":1000,\"height\":1000,\"caption\":\"22ct Anusha Earring\\\/16gm\"},{\"@type\":\"BreadcrumbList\",\"@id\":\"https:\\\/\\\/www.purejewels.com\\\/product\\\/22-carat-gold-indian-earrings-32882\\\/#breadcrumb\",\"itemListElement\":[{\"@type\":\"ListItem\",\"position\":1,\"name\":\"Home\",\"item\":\"https:\\\/\\\/www.purejewels.com\\\/\"},{\"@type\":\"ListItem\",\"position\":2,\"name\":\"Shop\",\"item\":\"https:\\\/\\\/www.purejewels.com\\\/shop\\\/\"},{\"@type\":\"ListItem\",\"position\":3,\"name\":\"22 Carat Gold Indian Earrings(916)\"}]},{\"@type\":\"WebSite\",\"@id\":\"https:\\\/\\\/www.purejewels.com\\\/#website\",\"url\":\"https:\\\/\\\/www.purejewels.com\\\/\",\"name\":\"PureJewels UK\",\"description\":\"Share the Love\",\"publisher\":{\"@id\":\"https:\\\/\\\/www.purejewels.com\\\/#organization\"},\"potentialAction\":[{\"@type\":\"SearchAction\",\"target\":{\"@type\":\"EntryPoint\",\"urlTemplate\":\"https:\\\/\\\/www.purejewels.com\\\/?s={search_term_string}\"},\"query-input\":{\"@type\":\"PropertyValueSpecification\",\"valueRequired\":true,\"valueName\":\"search_term_string\"}}],\"inLanguage\":\"tr\"},{\"@type\":\"Organization\",\"@id\":\"https:\\\/\\\/www.purejewels.com\\\/#organization\",\"name\":\"PureJewels UK\",\"url\":\"https:\\\/\\\/www.purejewels.com\\\/\",\"logo\":{\"@type\":\"ImageObject\",\"inLanguage\":\"tr\",\"@id\":\"https:\\\/\\\/www.purejewels.com\\\/#\\\/schema\\\/logo\\\/image\\\/\",\"url\":\"https:\\\/\\\/static.purejewels.com\\\/wp-content\\\/uploads\\\/2020\\\/11\\\/Logo-PJ-New-1.png\",\"contentUrl\":\"https:\\\/\\\/static.purejewels.com\\\/wp-content\\\/uploads\\\/2020\\\/11\\\/Logo-PJ-New-1.png\",\"width\":150,\"height\":80,\"caption\":\"PureJewels UK\"},\"image\":{\"@id\":\"https:\\\/\\\/www.purejewels.com\\\/#\\\/schema\\\/logo\\\/image\\\/\"}}]}<\/script>\n<!-- \/ Yoast SEO plugin. -->","yoast_head_json":{"title":"22 Ayar Alt\u0131n Hint Jumkha K\u00fcpe | PureJewels UK","description":"Sentetik Polki ta\u015flar\u0131 ve Antik Kaplama ile s\u00fcslenmi\u015f 22 Ayar Alt\u0131n Hint Jumkha K\u00fcpeleri online sat\u0131n al\u0131n. 22 Ayar Alt\u0131n Hint Jumkha K\u00fcpelerinizi bug\u00fcn sipari\u015f edin.","robots":{"index":"index","follow":"follow","max-snippet":"max-snippet:-1","max-image-preview":"max-image-preview:large","max-video-preview":"max-video-preview:-1"},"canonical":"https:\/\/www.purejewels.com\/tr\/urun\/22-ayar-altin-hint-kupeleri-32882\/","og_locale":"tr_TR","og_type":"article","og_title":"22 Carat Gold Indian Jumkha Earrings | PureJewels UK","og_description":"Buy online 22 Carat Gold Indian Jumkha Earrings Studded with Synthetic Polki stones and Antique Finish. Order your 22 Carat Gold Indian Jumkha Earrings today.","og_url":"https:\/\/www.purejewels.com\/tr\/urun\/22-ayar-altin-hint-kupeleri-32882\/","og_site_name":"PureJewels UK","article_modified_time":"2026-01-06T06:53:35+00:00","og_image":[{"width":1000,"height":1000,"url":"https:\/\/www.purejewels.com\/wp-content\/uploads\/2020\/08\/image180537048.jpg","type":"image\/jpeg"}],"twitter_card":"summary_large_image","twitter_misc":{"Tahmini okuma s\u00fcresi":"1 dakika"},"schema":{"@context":"https:\/\/schema.org","@graph":[{"@type":["WebPage","ItemPage"],"@id":"https:\/\/www.purejewels.com\/product\/22-carat-gold-indian-earrings-32882\/","url":"https:\/\/www.purejewels.com\/product\/22-carat-gold-indian-earrings-32882\/","name":"22 Ayar Alt\u0131n Hint Jumkha K\u00fcpe | PureJewels UK","isPartOf":{"@id":"https:\/\/www.purejewels.com\/#website"},"primaryImageOfPage":{"@id":"https:\/\/www.purejewels.com\/product\/22-carat-gold-indian-earrings-32882\/#primaryimage"},"image":{"@id":"https:\/\/www.purejewels.com\/product\/22-carat-gold-indian-earrings-32882\/#primaryimage"},"thumbnailUrl":"https:\/\/static.purejewels.com\/wp-content\/uploads\/2020\/08\/image180537048.jpg","datePublished":"2020-08-07T12:19:40+00:00","dateModified":"2026-01-06T06:53:35+00:00","description":"Sentetik Polki ta\u015flar\u0131 ve Antik Kaplama ile s\u00fcslenmi\u015f 22 Ayar Alt\u0131n Hint Jumkha K\u00fcpeleri online sat\u0131n al\u0131n. 22 Ayar Alt\u0131n Hint Jumkha K\u00fcpelerinizi bug\u00fcn sipari\u015f edin.","breadcrumb":{"@id":"https:\/\/www.purejewels.com\/product\/22-carat-gold-indian-earrings-32882\/#breadcrumb"},"inLanguage":"tr","potentialAction":[{"@type":"ReadAction","target":["https:\/\/www.purejewels.com\/product\/22-carat-gold-indian-earrings-32882\/"]}]},{"@type":"ImageObject","inLanguage":"tr","@id":"https:\/\/www.purejewels.com\/product\/22-carat-gold-indian-earrings-32882\/#primaryimage","url":"https:\/\/static.purejewels.com\/wp-content\/uploads\/2020\/08\/image180537048.jpg","contentUrl":"https:\/\/static.purejewels.com\/wp-content\/uploads\/2020\/08\/image180537048.jpg","width":1000,"height":1000,"caption":"22ct Anusha Earring\/16gm"},{"@type":"BreadcrumbList","@id":"https:\/\/www.purejewels.com\/product\/22-carat-gold-indian-earrings-32882\/#breadcrumb","itemListElement":[{"@type":"ListItem","position":1,"name":"Home","item":"https:\/\/www.purejewels.com\/"},{"@type":"ListItem","position":2,"name":"Shop","item":"https:\/\/www.purejewels.com\/shop\/"},{"@type":"ListItem","position":3,"name":"22 Carat Gold Indian Earrings(916)"}]},{"@type":"WebSite","@id":"https:\/\/www.purejewels.com\/#website","url":"https:\/\/www.purejewels.com\/","name":"PureJewels \u0130ngiltere","description":"Sevgiyi Payla\u015f\u0131n","publisher":{"@id":"https:\/\/www.purejewels.com\/#organization"},"potentialAction":[{"@type":"SearchAction","target":{"@type":"EntryPoint","urlTemplate":"https:\/\/www.purejewels.com\/?s={search_term_string}"},"query-input":{"@type":"PropertyValueSpecification","valueRequired":true,"valueName":"search_term_string"}}],"inLanguage":"tr"},{"@type":"Organization","@id":"https:\/\/www.purejewels.com\/#organization","name":"PureJewels \u0130ngiltere","url":"https:\/\/www.purejewels.com\/","logo":{"@type":"ImageObject","inLanguage":"tr","@id":"https:\/\/www.purejewels.com\/#\/schema\/logo\/image\/","url":"https:\/\/static.purejewels.com\/wp-content\/uploads\/2020\/11\/Logo-PJ-New-1.png","contentUrl":"https:\/\/static.purejewels.com\/wp-content\/uploads\/2020\/11\/Logo-PJ-New-1.png","width":150,"height":80,"caption":"PureJewels UK"},"image":{"@id":"https:\/\/www.purejewels.com\/#\/schema\/logo\/image\/"}}]}},"_links":{"self":[{"href":"https:\/\/www.purejewels.com\/tr\/wp-json\/wp\/v2\/product\/316513","targetHints":{"allow":["GET"]}}],"collection":[{"href":"https:\/\/www.purejewels.com\/tr\/wp-json\/wp\/v2\/product"}],"about":[{"href":"https:\/\/www.purejewels.com\/tr\/wp-json\/wp\/v2\/types\/product"}],"replies":[{"embeddable":true,"href":"https:\/\/www.purejewels.com\/tr\/wp-json\/wp\/v2\/comments?post=316513"}],"version-history":[{"count":1,"href":"https:\/\/www.purejewels.com\/tr\/wp-json\/wp\/v2\/product\/316513\/revisions"}],"predecessor-version":[{"id":420543,"href":"https:\/\/www.purejewels.com\/tr\/wp-json\/wp\/v2\/product\/316513\/revisions\/420543"}],"wp:featuredmedia":[{"embeddable":true,"href":"https:\/\/www.purejewels.com\/tr\/wp-json\/wp\/v2\/media\/316534"}],"wp:attachment":[{"href":"https:\/\/www.purejewels.com\/tr\/wp-json\/wp\/v2\/media?parent=316513"}],"wp:term":[{"taxonomy":"product_brand","embeddable":true,"href":"https:\/\/www.purejewels.com\/tr\/wp-json\/wp\/v2\/product_brand?post=316513"},{"taxonomy":"product_cat","embeddable":true,"href":"https:\/\/www.purejewels.com\/tr\/wp-json\/wp\/v2\/product_cat?post=316513"},{"taxonomy":"product_tag","embeddable":true,"href":"https:\/\/www.purejewels.com\/tr\/wp-json\/wp\/v2\/product_tag?post=316513"}],"curies":[{"name":"wp","href":"https:\/\/api.w.org\/{rel}","templated":true}]}}