{"id":316518,"date":"2020-08-07T14:13:42","date_gmt":"2020-08-07T13:13:42","guid":{"rendered":"https:\/\/www.purejewels.com\/product\/22ct-gold-earring-12-6gm\/"},"modified":"2026-01-06T06:58:57","modified_gmt":"2026-01-06T06:58:57","slug":"asya-altin-kupeler-uk-32886","status":"publish","type":"product","link":"https:\/\/www.purejewels.com\/tr\/product\/asian-gold-earrings-uk-32886\/","title":{"rendered":"Ger\u00e7ek Alt\u0131n K\u00fcpeler \u0130ngiltere"},"content":{"rendered":"<h3>Miras<\/h3>\n<p>Kulak <strong>\u00c7iviler<\/strong> zahmetsiz, cesur ve muhte\u015femdir. Temelde daha uzun ve daha k\u00fc\u00e7\u00fck versiyonlar\u0131d\u0131r. <a href=\"https:\/\/www.purejewels.com\/tr\/product-category\/22ct-gold-jewellery\/gold-earrings\/\">K\u00fcpeler<\/a> kulak memelerinin alt\u0131na d\u00fc\u015fer. \u00c7ok fazla dram katmadan kulak memelerinizi zahmetsizce g\u00fczelce \u00f6rtmek i\u00e7in haz\u0131rlanm\u0131\u015flard\u0131r. \u00c7\u0131t\u00e7\u0131tlar g\u00fcn\u00fcm\u00fczde ayr\u0131ca bir tak\u0131 veya bir ta\u015f damlas\u0131 \u015feklinde biraz daha uzunlu\u011fa sahiptir.<\/p>\n<h3>Tasar\u0131m<\/h3>\n<p>Bu Asyal\u0131lar <a href=\"https:\/\/www.purejewels.com\/tr\/elegance-of-sold-gold\/\">ger\u00e7ek alt\u0131n<\/a> <strong>K\u00fcpeler<\/strong> k\u00fc\u00e7\u00fck kulak \u00e7\u0131t\u00e7\u0131tlar\u0131n\u0131n \u00e7e\u015fitlendirilmi\u015f versiyonlar\u0131d\u0131r. Bunlar zariftir ve cesur ama ince bir ifadeye sahiptir. Tasar\u0131m, \u00f6nden kubbeli dairesel bir unsurla ba\u015flar. Bu eleman\u0131n y\u00fczeyi \u00e7ok ince bir \u015fekilde g\u00fczelce parlat\u0131lm\u0131\u015f ve ayr\u0131ca y\u00fcksek parlakl\u0131kta ve parlak bir y\u00fczey verilmi\u015f ve ayr\u0131ca her taraf\u0131 g\u00fczel polki kapl\u0131 penslerle kaplanm\u0131\u015ft\u0131r. Eleman\u0131, g\u00f6rkemli k\u00fcreyi g\u00fczelce salland\u0131ran nerv\u00fcrl\u00fc bir alt\u0131n tel takip etmektedir. Alttan sarkan bu ince k\u00fcre, zarif bir \u015fekilde parlayan polki kakmal\u0131 penslerle g\u00f6z kama\u015ft\u0131r\u0131yor. Bunlarla birlikte, ka\u00e7\u0131rmak istemeyece\u011finiz g\u00fczel bir Hasli kolyemiz var ve a\u015fa\u011f\u0131 kayd\u0131rarak ona g\u00f6z atabilirsiniz.<\/p>\n<h3>Stil<\/h3>\n<p>En iyilerinden baz\u0131lar\u0131n\u0131 listeledik <a href=\"https:\/\/www.purejewels.com\/tr\/armari-collection\/\">alt\u0131n k\u00fcpeler<\/a> Kolayca ke\u015ffetmeniz ve aralar\u0131ndan se\u00e7im yapman\u0131z i\u00e7in web sitemizdeki \u0130ngiltere tasar\u0131mlar\u0131. Bu muhte\u015fem g\u00f6r\u00fcn\u00fcml\u00fc \u00e7ift tam bir sohbet ba\u015flat\u0131c\u0131. T\u00fcm \u015f\u0131k k\u0131yafetleriniz, ipek sarileriniz ve t\u00fcm parti k\u0131yafetleriniz i\u00e7in m\u00fckemmeldir. Forest Gate, Londra, \u0130ngiltere'deki ma\u011fazam\u0131zda bulunan Polki Ta\u015fl\u0131 Asya Alt\u0131n K\u00fcpelerinin t\u00fcm yeni serisini g\u00f6rmek i\u00e7in bizimle Canl\u0131 Sohbet edin<\/p>","protected":false},"excerpt":{"rendered":"<ul>\n<li>Asya Alt\u0131n K\u00fcpeler \u0130ngiltere<\/li>\n<li>Sentetik Polki Ta\u015fl\u0131 Anusha K\u00fcpe<\/li>\n<li>A\u011f\u0131rl\u0131k 12,6 gms<\/li>\n<li>SKU. 32886<\/li>\n<li>T\u00fcm \u00dcr\u00fcnlerimiz Londra Tahlil Ofisi Taraf\u0131ndan Damgalanm\u0131\u015ft\u0131r<\/li>\n<li>Sunum kutusu ile birlikte gelir<\/li>\n<li>Teslimat Dahil<\/li>\n<li>T\u00fcm fiyatlara KDV dahildir<\/li>\n<li>Forest gate, Londra, \u0130ngiltere'deki ma\u011fazam\u0131zda bulunan Polki Ta\u015fl\u0131 Asya Alt\u0131n K\u00fcpelerinin t\u00fcm yeni serisini g\u00f6rmek i\u00e7in bizimle Canl\u0131 Sohbet edin<\/li>\n<\/ul>","protected":false},"featured_media":316538,"comment_status":"closed","ping_status":"closed","template":"","meta":{"_eb_attr":"","_crsspst_to_jayantr4sg-hostcom":false},"product_brand":[],"product_cat":[256,5315,1685,1254,1573,1574],"product_tag":[],"class_list":{"0":"post-316518","1":"product","2":"type-product","3":"status-publish","4":"has-post-thumbnail","6":"product_cat-anusha-collections","7":"product_cat-bridal-and-wedding-earrings","8":"product_cat-drop-earrings","9":"product_cat-gold-earrings","10":"product_cat-wedding-gifts","11":"product_cat-womens-jewellery","13":"first","14":"outofstock","15":"sale","16":"taxable","17":"shipping-taxable","18":"product-type-simple","19":"add-to-wishlist-before_image"},"yoast_head":"<!-- This site is optimized with the Yoast SEO plugin v27.3 - https:\/\/yoast.com\/product\/yoast-seo-wordpress\/ -->\n<title>Buy Real Gold Earrings UK - \u00a3950.00 (SKU:32886)<\/title>\n<meta name=\"description\" content=\"Purejewels - Specialists in Diamond, Platinum, 22ct 22kt gold jewellery for all occasions. Real Gold Earrings UK \u00a3950.00\" \/>\n<meta name=\"robots\" content=\"index, follow, max-snippet:-1, max-image-preview:large, max-video-preview:-1\" \/>\n<link rel=\"canonical\" href=\"https:\/\/www.purejewels.com\/tr\/urun\/asya-altin-kupeler-uk-32886\/\" \/>\n<meta property=\"og:locale\" content=\"tr_TR\" \/>\n<meta property=\"og:type\" content=\"article\" \/>\n<meta property=\"og:title\" content=\"Buy Real Gold Earrings UK - \u00a3950.00 (SKU:32886)\" \/>\n<meta property=\"og:description\" content=\"Purejewels - Specialists in Diamond, Platinum, 22ct 22kt gold jewellery for all occasions. Real Gold Earrings UK \u00a3950.00\" \/>\n<meta property=\"og:url\" content=\"https:\/\/www.purejewels.com\/tr\/urun\/asya-altin-kupeler-uk-32886\/\" \/>\n<meta property=\"og:site_name\" content=\"PureJewels UK\" \/>\n<meta property=\"article:modified_time\" content=\"2026-01-06T06:58:57+00:00\" \/>\n<meta property=\"og:image\" content=\"https:\/\/www.purejewels.com\/wp-content\/uploads\/2020\/08\/image180544082.jpg\" \/>\n\t<meta property=\"og:image:width\" content=\"1000\" \/>\n\t<meta property=\"og:image:height\" content=\"1000\" \/>\n\t<meta property=\"og:image:type\" content=\"image\/jpeg\" \/>\n<meta name=\"twitter:card\" content=\"summary_large_image\" \/>\n<meta name=\"twitter:label1\" content=\"Tahmini okuma s\u00fcresi\" \/>\n\t<meta name=\"twitter:data1\" content=\"1 dakika\" \/>\n<script type=\"application\/ld+json\" class=\"yoast-schema-graph\">{\"@context\":\"https:\\\/\\\/schema.org\",\"@graph\":[{\"@type\":[\"WebPage\",\"ItemPage\"],\"@id\":\"https:\\\/\\\/www.purejewels.com\\\/product\\\/asian-gold-earrings-uk-32886\\\/\",\"url\":\"https:\\\/\\\/www.purejewels.com\\\/product\\\/asian-gold-earrings-uk-32886\\\/\",\"name\":\"Buy Real Gold Earrings UK - \u00a3950.00 (SKU:32886)\",\"isPartOf\":{\"@id\":\"https:\\\/\\\/www.purejewels.com\\\/#website\"},\"primaryImageOfPage\":{\"@id\":\"https:\\\/\\\/www.purejewels.com\\\/product\\\/asian-gold-earrings-uk-32886\\\/#primaryimage\"},\"image\":{\"@id\":\"https:\\\/\\\/www.purejewels.com\\\/product\\\/asian-gold-earrings-uk-32886\\\/#primaryimage\"},\"thumbnailUrl\":\"https:\\\/\\\/static.purejewels.com\\\/wp-content\\\/uploads\\\/2020\\\/08\\\/image180544082.jpg\",\"datePublished\":\"2020-08-07T13:13:42+00:00\",\"dateModified\":\"2026-01-06T06:58:57+00:00\",\"description\":\"Purejewels - Specialists in Diamond, Platinum, 22ct 22kt gold jewellery for all occasions. Real Gold Earrings UK \u00a3950.00\",\"breadcrumb\":{\"@id\":\"https:\\\/\\\/www.purejewels.com\\\/product\\\/asian-gold-earrings-uk-32886\\\/#breadcrumb\"},\"inLanguage\":\"tr\",\"potentialAction\":[{\"@type\":\"ReadAction\",\"target\":[\"https:\\\/\\\/www.purejewels.com\\\/product\\\/asian-gold-earrings-uk-32886\\\/\"]}]},{\"@type\":\"ImageObject\",\"inLanguage\":\"tr\",\"@id\":\"https:\\\/\\\/www.purejewels.com\\\/product\\\/asian-gold-earrings-uk-32886\\\/#primaryimage\",\"url\":\"https:\\\/\\\/static.purejewels.com\\\/wp-content\\\/uploads\\\/2020\\\/08\\\/image180544082.jpg\",\"contentUrl\":\"https:\\\/\\\/static.purejewels.com\\\/wp-content\\\/uploads\\\/2020\\\/08\\\/image180544082.jpg\",\"width\":1000,\"height\":1000,\"caption\":\"22ct Anusha Earring\\\/12.6gm\"},{\"@type\":\"BreadcrumbList\",\"@id\":\"https:\\\/\\\/www.purejewels.com\\\/product\\\/asian-gold-earrings-uk-32886\\\/#breadcrumb\",\"itemListElement\":[{\"@type\":\"ListItem\",\"position\":1,\"name\":\"Home\",\"item\":\"https:\\\/\\\/www.purejewels.com\\\/\"},{\"@type\":\"ListItem\",\"position\":2,\"name\":\"Shop\",\"item\":\"https:\\\/\\\/www.purejewels.com\\\/shop\\\/\"},{\"@type\":\"ListItem\",\"position\":3,\"name\":\"Real Gold Earrings UK\"}]},{\"@type\":\"WebSite\",\"@id\":\"https:\\\/\\\/www.purejewels.com\\\/#website\",\"url\":\"https:\\\/\\\/www.purejewels.com\\\/\",\"name\":\"PureJewels UK\",\"description\":\"Share the Love\",\"publisher\":{\"@id\":\"https:\\\/\\\/www.purejewels.com\\\/#organization\"},\"potentialAction\":[{\"@type\":\"SearchAction\",\"target\":{\"@type\":\"EntryPoint\",\"urlTemplate\":\"https:\\\/\\\/www.purejewels.com\\\/?s={search_term_string}\"},\"query-input\":{\"@type\":\"PropertyValueSpecification\",\"valueRequired\":true,\"valueName\":\"search_term_string\"}}],\"inLanguage\":\"tr\"},{\"@type\":\"Organization\",\"@id\":\"https:\\\/\\\/www.purejewels.com\\\/#organization\",\"name\":\"PureJewels UK\",\"url\":\"https:\\\/\\\/www.purejewels.com\\\/\",\"logo\":{\"@type\":\"ImageObject\",\"inLanguage\":\"tr\",\"@id\":\"https:\\\/\\\/www.purejewels.com\\\/#\\\/schema\\\/logo\\\/image\\\/\",\"url\":\"https:\\\/\\\/static.purejewels.com\\\/wp-content\\\/uploads\\\/2020\\\/11\\\/Logo-PJ-New-1.png\",\"contentUrl\":\"https:\\\/\\\/static.purejewels.com\\\/wp-content\\\/uploads\\\/2020\\\/11\\\/Logo-PJ-New-1.png\",\"width\":150,\"height\":80,\"caption\":\"PureJewels UK\"},\"image\":{\"@id\":\"https:\\\/\\\/www.purejewels.com\\\/#\\\/schema\\\/logo\\\/image\\\/\"}}]}<\/script>\n<!-- \/ Yoast SEO plugin. -->","yoast_head_json":{"title":"Ger\u00e7ek Alt\u0131n K\u00fcpe \u0130ngiltere Sat\u0131n Al\u0131n - \u00a3950.00 (SKU:32886)","description":"Purejewels - T\u00fcm durumlar i\u00e7in P\u0131rlanta, Platin, 22 ayar alt\u0131n tak\u0131 uzmanlar\u0131. Ger\u00e7ek Alt\u0131n K\u00fcpeler \u0130ngiltere \u00a3950.00","robots":{"index":"index","follow":"follow","max-snippet":"max-snippet:-1","max-image-preview":"max-image-preview:large","max-video-preview":"max-video-preview:-1"},"canonical":"https:\/\/www.purejewels.com\/tr\/urun\/asya-altin-kupeler-uk-32886\/","og_locale":"tr_TR","og_type":"article","og_title":"Buy Real Gold Earrings UK - \u00a3950.00 (SKU:32886)","og_description":"Purejewels - Specialists in Diamond, Platinum, 22ct 22kt gold jewellery for all occasions. Real Gold Earrings UK \u00a3950.00","og_url":"https:\/\/www.purejewels.com\/tr\/urun\/asya-altin-kupeler-uk-32886\/","og_site_name":"PureJewels UK","article_modified_time":"2026-01-06T06:58:57+00:00","og_image":[{"width":1000,"height":1000,"url":"https:\/\/www.purejewels.com\/wp-content\/uploads\/2020\/08\/image180544082.jpg","type":"image\/jpeg"}],"twitter_card":"summary_large_image","twitter_misc":{"Tahmini okuma s\u00fcresi":"1 dakika"},"schema":{"@context":"https:\/\/schema.org","@graph":[{"@type":["WebPage","ItemPage"],"@id":"https:\/\/www.purejewels.com\/product\/asian-gold-earrings-uk-32886\/","url":"https:\/\/www.purejewels.com\/product\/asian-gold-earrings-uk-32886\/","name":"Ger\u00e7ek Alt\u0131n K\u00fcpe \u0130ngiltere Sat\u0131n Al\u0131n - \u00a3950.00 (SKU:32886)","isPartOf":{"@id":"https:\/\/www.purejewels.com\/#website"},"primaryImageOfPage":{"@id":"https:\/\/www.purejewels.com\/product\/asian-gold-earrings-uk-32886\/#primaryimage"},"image":{"@id":"https:\/\/www.purejewels.com\/product\/asian-gold-earrings-uk-32886\/#primaryimage"},"thumbnailUrl":"https:\/\/static.purejewels.com\/wp-content\/uploads\/2020\/08\/image180544082.jpg","datePublished":"2020-08-07T13:13:42+00:00","dateModified":"2026-01-06T06:58:57+00:00","description":"Purejewels - T\u00fcm durumlar i\u00e7in P\u0131rlanta, Platin, 22 ayar alt\u0131n tak\u0131 uzmanlar\u0131. Ger\u00e7ek Alt\u0131n K\u00fcpeler \u0130ngiltere \u00a3950.00","breadcrumb":{"@id":"https:\/\/www.purejewels.com\/product\/asian-gold-earrings-uk-32886\/#breadcrumb"},"inLanguage":"tr","potentialAction":[{"@type":"ReadAction","target":["https:\/\/www.purejewels.com\/product\/asian-gold-earrings-uk-32886\/"]}]},{"@type":"ImageObject","inLanguage":"tr","@id":"https:\/\/www.purejewels.com\/product\/asian-gold-earrings-uk-32886\/#primaryimage","url":"https:\/\/static.purejewels.com\/wp-content\/uploads\/2020\/08\/image180544082.jpg","contentUrl":"https:\/\/static.purejewels.com\/wp-content\/uploads\/2020\/08\/image180544082.jpg","width":1000,"height":1000,"caption":"22ct Anusha Earring\/12.6gm"},{"@type":"BreadcrumbList","@id":"https:\/\/www.purejewels.com\/product\/asian-gold-earrings-uk-32886\/#breadcrumb","itemListElement":[{"@type":"ListItem","position":1,"name":"Home","item":"https:\/\/www.purejewels.com\/"},{"@type":"ListItem","position":2,"name":"Shop","item":"https:\/\/www.purejewels.com\/shop\/"},{"@type":"ListItem","position":3,"name":"Real Gold Earrings UK"}]},{"@type":"WebSite","@id":"https:\/\/www.purejewels.com\/#website","url":"https:\/\/www.purejewels.com\/","name":"PureJewels \u0130ngiltere","description":"Sevgiyi Payla\u015f\u0131n","publisher":{"@id":"https:\/\/www.purejewels.com\/#organization"},"potentialAction":[{"@type":"SearchAction","target":{"@type":"EntryPoint","urlTemplate":"https:\/\/www.purejewels.com\/?s={search_term_string}"},"query-input":{"@type":"PropertyValueSpecification","valueRequired":true,"valueName":"search_term_string"}}],"inLanguage":"tr"},{"@type":"Organization","@id":"https:\/\/www.purejewels.com\/#organization","name":"PureJewels \u0130ngiltere","url":"https:\/\/www.purejewels.com\/","logo":{"@type":"ImageObject","inLanguage":"tr","@id":"https:\/\/www.purejewels.com\/#\/schema\/logo\/image\/","url":"https:\/\/static.purejewels.com\/wp-content\/uploads\/2020\/11\/Logo-PJ-New-1.png","contentUrl":"https:\/\/static.purejewels.com\/wp-content\/uploads\/2020\/11\/Logo-PJ-New-1.png","width":150,"height":80,"caption":"PureJewels UK"},"image":{"@id":"https:\/\/www.purejewels.com\/#\/schema\/logo\/image\/"}}]}},"_links":{"self":[{"href":"https:\/\/www.purejewels.com\/tr\/wp-json\/wp\/v2\/product\/316518","targetHints":{"allow":["GET"]}}],"collection":[{"href":"https:\/\/www.purejewels.com\/tr\/wp-json\/wp\/v2\/product"}],"about":[{"href":"https:\/\/www.purejewels.com\/tr\/wp-json\/wp\/v2\/types\/product"}],"replies":[{"embeddable":true,"href":"https:\/\/www.purejewels.com\/tr\/wp-json\/wp\/v2\/comments?post=316518"}],"version-history":[{"count":0,"href":"https:\/\/www.purejewels.com\/tr\/wp-json\/wp\/v2\/product\/316518\/revisions"}],"wp:featuredmedia":[{"embeddable":true,"href":"https:\/\/www.purejewels.com\/tr\/wp-json\/wp\/v2\/media\/316538"}],"wp:attachment":[{"href":"https:\/\/www.purejewels.com\/tr\/wp-json\/wp\/v2\/media?parent=316518"}],"wp:term":[{"taxonomy":"product_brand","embeddable":true,"href":"https:\/\/www.purejewels.com\/tr\/wp-json\/wp\/v2\/product_brand?post=316518"},{"taxonomy":"product_cat","embeddable":true,"href":"https:\/\/www.purejewels.com\/tr\/wp-json\/wp\/v2\/product_cat?post=316518"},{"taxonomy":"product_tag","embeddable":true,"href":"https:\/\/www.purejewels.com\/tr\/wp-json\/wp\/v2\/product_tag?post=316518"}],"curies":[{"name":"wp","href":"https:\/\/api.w.org\/{rel}","templated":true}]}}