{"id":316628,"date":"2020-08-13T07:38:03","date_gmt":"2020-08-13T06:38:03","guid":{"rendered":"https:\/\/www.purejewels.com\/product\/22ct-gold-ring-5\/"},"modified":"2026-01-08T07:57:21","modified_gmt":"2026-01-08T07:57:21","slug":"22-ayar-altin-yuzuk-40039","status":"publish","type":"product","link":"https:\/\/www.purejewels.com\/tr\/product\/22ct-gold-ring-40039\/","title":{"rendered":"Kad\u0131nlar i\u00e7in Lal Ta\u015fl\u0131 22 Ayar Alt\u0131n Y\u00fcz\u00fck"},"content":{"rendered":"<p>Zarafet, stil ve zanaatkar i\u015f\u00e7ili\u011fi m\u00fckemmel bir \u015fekilde dengeleyen bu 22 Ayar Alt\u0131n Y\u00fcz\u00fck ile m\u00fccevher koleksiyonunuzu y\u00fckseltin. Bu y\u00fcz\u00fck, koyu k\u0131rm\u0131z\u0131 tonu ve b\u00fcy\u00fcleyici parlakl\u0131\u011f\u0131yla bilinen, parlak 22 Ayar alt\u0131na titizlikle yerle\u015ftirilmi\u015f \u00e7arp\u0131c\u0131 bir Garnet ta\u015f\u0131na sahiptir.<\/p>\n<p>Hem incelik hem de rahatl\u0131k i\u00e7in tasarlanan y\u00fcz\u00fck, klasik esteti\u011fi modern tarzla birle\u015ftirerek g\u00fcnl\u00fck kullan\u0131m\u0131n yan\u0131 s\u0131ra \u00f6zel g\u00fcnler i\u00e7in de uygun hale getiriyor. Parlat\u0131lm\u0131\u015f alt\u0131n bant, de\u011ferli ta\u015f\u0131n canl\u0131 rengini zenginle\u015ftirerek her harekette \u0131\u015f\u0131\u011f\u0131 g\u00fczel bir \u015fekilde yans\u0131t\u0131r.<\/p>\n<p>Bu y\u00fcz\u00fc\u011f\u00fcn her bir k\u0131vr\u0131m\u0131 ve konturu, hassasiyet ve dayan\u0131kl\u0131l\u0131k sa\u011flamak i\u00e7in detaylara dikkat edilerek el i\u015f\u00e7ili\u011fiyle \u00fcretilmi\u015ftir. Garnet ta\u015f\u0131 g\u00fcvenli bir \u015fekilde yerle\u015ftirilerek do\u011fal g\u00fczelli\u011fi vurgulanm\u0131\u015f ve kal\u0131c\u0131 bir zarafet sa\u011flanm\u0131\u015ft\u0131r.<\/p>","protected":false},"excerpt":{"rendered":"<p>Koyu k\u0131rm\u0131z\u0131 lal ta\u015f\u0131 ile s\u00fcslenmi\u015f, zamans\u0131z bir zarafet ve \u00fcst\u00fcn i\u015f\u00e7ilik sergileyen g\u00f6z kama\u015ft\u0131r\u0131c\u0131 22 Ayar Alt\u0131n Y\u00fcz\u00fck.<\/p>\n<ul>\n<li>22 Ayar Alt\u0131n Garnet Ta\u015fl\u0131 Y\u00fcz\u00fck<\/li>\n<li>Y\u00fcz\u00fck a\u011f\u0131rl\u0131\u011f\u0131 5,3 gms<\/li>\n<li>Parmak \u00f6l\u00e7\u00fcn\u00fcze g\u00f6re sipari\u015f edilebilir<\/li>\n<li>SKU. 40039<\/li>\n<li>T\u00fcm \u00fcr\u00fcnlerimiz London Assay Office taraf\u0131ndan damgalanm\u0131\u015ft\u0131r<\/li>\n<li>Sunum Kutusu ile Birlikte Gelir<\/li>\n<li>Teslimat Dahil<\/li>\n<li>T\u00fcm fiyatlara KDV dahildir<\/li>\n<li>\u00dcr\u00fcn\u00fcn canl\u0131 videosu i\u00e7in bize ula\u015f\u0131n \/ bizimle sohbet edin<\/li>\n<li>Benzer \u00fcr\u00fcn\u00fc https:\/\/www.purejewels.com\/product\/22-carat-gold-ring\/ adresinde g\u00f6r\u00fcnt\u00fcleyin<\/li>\n<li><\/li>\n<\/ul>","protected":false},"featured_media":316629,"comment_status":"closed","ping_status":"closed","template":"","meta":{"_eb_attr":"","_crsspst_to_jayantr4sg-hostcom":false},"product_brand":[],"product_cat":[1784,1235,1572],"product_tag":[],"class_list":{"0":"post-316628","1":"product","2":"type-product","3":"status-publish","4":"has-post-thumbnail","6":"product_cat-gents-rings","7":"product_cat-gold-rings","8":"product_cat-mens-jewellery","10":"first","11":"outofstock","12":"taxable","13":"shipping-taxable","14":"product-type-simple","15":"add-to-wishlist-before_image"},"yoast_head":"<!-- This site is optimized with the Yoast SEO plugin v27.3 - https:\/\/yoast.com\/product\/yoast-seo-wordpress\/ -->\n<title>22ct Gold Ring with Garnet Stone \u2013 Exquisite Design in PureJewels<\/title>\n<meta name=\"description\" content=\"Discover this stunning 22ct Gold Ring featuring a radiant Garnet stone. Perfectly handcrafted with exceptional craftsmanship, combining elegance, style.\" \/>\n<meta name=\"robots\" content=\"index, follow, max-snippet:-1, max-image-preview:large, max-video-preview:-1\" \/>\n<link rel=\"canonical\" href=\"https:\/\/www.purejewels.com\/tr\/urun\/22-ayar-altin-yuzuk-40039\/\" \/>\n<meta property=\"og:locale\" content=\"tr_TR\" \/>\n<meta property=\"og:type\" content=\"article\" \/>\n<meta property=\"og:title\" content=\"22ct Gold Ring with Garnet Stone \u2013 Exquisite Design in PureJewels\" \/>\n<meta property=\"og:description\" content=\"Discover this stunning 22ct Gold Ring featuring a radiant Garnet stone. Perfectly handcrafted with exceptional craftsmanship, combining elegance, style.\" \/>\n<meta property=\"og:url\" content=\"https:\/\/www.purejewels.com\/tr\/urun\/22-ayar-altin-yuzuk-40039\/\" \/>\n<meta property=\"og:site_name\" content=\"PureJewels UK\" \/>\n<meta property=\"article:modified_time\" content=\"2026-01-08T07:57:21+00:00\" \/>\n<meta property=\"og:image\" content=\"https:\/\/static.purejewels.com\/wp-content\/uploads\/2020\/08\/image180989196.jpg\" \/>\n\t<meta property=\"og:image:width\" content=\"1000\" \/>\n\t<meta property=\"og:image:height\" content=\"1000\" \/>\n\t<meta property=\"og:image:type\" content=\"image\/jpeg\" \/>\n<meta name=\"twitter:card\" content=\"summary_large_image\" \/>\n<meta name=\"twitter:label1\" content=\"Tahmini okuma s\u00fcresi\" \/>\n\t<meta name=\"twitter:data1\" content=\"1 dakika\" \/>\n<script type=\"application\/ld+json\" class=\"yoast-schema-graph\">{\"@context\":\"https:\\\/\\\/schema.org\",\"@graph\":[{\"@type\":[\"WebPage\",\"ItemPage\"],\"@id\":\"https:\\\/\\\/www.purejewels.com\\\/product\\\/22ct-gold-ring-40039\\\/\",\"url\":\"https:\\\/\\\/www.purejewels.com\\\/product\\\/22ct-gold-ring-40039\\\/\",\"name\":\"22ct Gold Ring with Garnet Stone \u2013 Exquisite Design in PureJewels\",\"isPartOf\":{\"@id\":\"https:\\\/\\\/www.purejewels.com\\\/#website\"},\"primaryImageOfPage\":{\"@id\":\"https:\\\/\\\/www.purejewels.com\\\/product\\\/22ct-gold-ring-40039\\\/#primaryimage\"},\"image\":{\"@id\":\"https:\\\/\\\/www.purejewels.com\\\/product\\\/22ct-gold-ring-40039\\\/#primaryimage\"},\"thumbnailUrl\":\"https:\\\/\\\/static.purejewels.com\\\/wp-content\\\/uploads\\\/2020\\\/08\\\/image180989196.jpg\",\"datePublished\":\"2020-08-13T06:38:03+00:00\",\"dateModified\":\"2026-01-08T07:57:21+00:00\",\"description\":\"Discover this stunning 22ct Gold Ring featuring a radiant Garnet stone. Perfectly handcrafted with exceptional craftsmanship, combining elegance, style.\",\"breadcrumb\":{\"@id\":\"https:\\\/\\\/www.purejewels.com\\\/product\\\/22ct-gold-ring-40039\\\/#breadcrumb\"},\"inLanguage\":\"tr\",\"potentialAction\":[{\"@type\":\"ReadAction\",\"target\":[\"https:\\\/\\\/www.purejewels.com\\\/product\\\/22ct-gold-ring-40039\\\/\"]}]},{\"@type\":\"ImageObject\",\"inLanguage\":\"tr\",\"@id\":\"https:\\\/\\\/www.purejewels.com\\\/product\\\/22ct-gold-ring-40039\\\/#primaryimage\",\"url\":\"https:\\\/\\\/static.purejewels.com\\\/wp-content\\\/uploads\\\/2020\\\/08\\\/image180989196.jpg\",\"contentUrl\":\"https:\\\/\\\/static.purejewels.com\\\/wp-content\\\/uploads\\\/2020\\\/08\\\/image180989196.jpg\",\"width\":1000,\"height\":1000,\"caption\":\"22ct Gold Ring\"},{\"@type\":\"BreadcrumbList\",\"@id\":\"https:\\\/\\\/www.purejewels.com\\\/product\\\/22ct-gold-ring-40039\\\/#breadcrumb\",\"itemListElement\":[{\"@type\":\"ListItem\",\"position\":1,\"name\":\"Home\",\"item\":\"https:\\\/\\\/www.purejewels.com\\\/\"},{\"@type\":\"ListItem\",\"position\":2,\"name\":\"Shop\",\"item\":\"https:\\\/\\\/www.purejewels.com\\\/shop\\\/\"},{\"@type\":\"ListItem\",\"position\":3,\"name\":\"22ct Gold Ring with Garnet Stone for Women\"}]},{\"@type\":\"WebSite\",\"@id\":\"https:\\\/\\\/www.purejewels.com\\\/#website\",\"url\":\"https:\\\/\\\/www.purejewels.com\\\/\",\"name\":\"PureJewels UK\",\"description\":\"Share the Love\",\"publisher\":{\"@id\":\"https:\\\/\\\/www.purejewels.com\\\/#organization\"},\"potentialAction\":[{\"@type\":\"SearchAction\",\"target\":{\"@type\":\"EntryPoint\",\"urlTemplate\":\"https:\\\/\\\/www.purejewels.com\\\/?s={search_term_string}\"},\"query-input\":{\"@type\":\"PropertyValueSpecification\",\"valueRequired\":true,\"valueName\":\"search_term_string\"}}],\"inLanguage\":\"tr\"},{\"@type\":\"Organization\",\"@id\":\"https:\\\/\\\/www.purejewels.com\\\/#organization\",\"name\":\"PureJewels UK\",\"url\":\"https:\\\/\\\/www.purejewels.com\\\/\",\"logo\":{\"@type\":\"ImageObject\",\"inLanguage\":\"tr\",\"@id\":\"https:\\\/\\\/www.purejewels.com\\\/#\\\/schema\\\/logo\\\/image\\\/\",\"url\":\"https:\\\/\\\/static.purejewels.com\\\/wp-content\\\/uploads\\\/2020\\\/11\\\/Logo-PJ-New-1.png\",\"contentUrl\":\"https:\\\/\\\/static.purejewels.com\\\/wp-content\\\/uploads\\\/2020\\\/11\\\/Logo-PJ-New-1.png\",\"width\":150,\"height\":80,\"caption\":\"PureJewels UK\"},\"image\":{\"@id\":\"https:\\\/\\\/www.purejewels.com\\\/#\\\/schema\\\/logo\\\/image\\\/\"}}]}<\/script>\n<!-- \/ Yoast SEO plugin. -->","yoast_head_json":{"title":"22 Ayar Lal Ta\u015fl\u0131 Alt\u0131n Y\u00fcz\u00fck - PureJewels'te Enfes Tasar\u0131m","description":"Parlak lal ta\u015f\u0131 i\u00e7eren bu \u00e7arp\u0131c\u0131 22 ayar alt\u0131n y\u00fcz\u00fc\u011f\u00fc ke\u015ffedin. Zarafet ve stili birle\u015ftiren ola\u011fan\u00fcst\u00fc i\u015f\u00e7ilikle m\u00fckemmel bir \u015fekilde el yap\u0131m\u0131d\u0131r.","robots":{"index":"index","follow":"follow","max-snippet":"max-snippet:-1","max-image-preview":"max-image-preview:large","max-video-preview":"max-video-preview:-1"},"canonical":"https:\/\/www.purejewels.com\/tr\/urun\/22-ayar-altin-yuzuk-40039\/","og_locale":"tr_TR","og_type":"article","og_title":"22ct Gold Ring with Garnet Stone \u2013 Exquisite Design in PureJewels","og_description":"Discover this stunning 22ct Gold Ring featuring a radiant Garnet stone. Perfectly handcrafted with exceptional craftsmanship, combining elegance, style.","og_url":"https:\/\/www.purejewels.com\/tr\/urun\/22-ayar-altin-yuzuk-40039\/","og_site_name":"PureJewels UK","article_modified_time":"2026-01-08T07:57:21+00:00","og_image":[{"width":1000,"height":1000,"url":"https:\/\/static.purejewels.com\/wp-content\/uploads\/2020\/08\/image180989196.jpg","type":"image\/jpeg"}],"twitter_card":"summary_large_image","twitter_misc":{"Tahmini okuma s\u00fcresi":"1 dakika"},"schema":{"@context":"https:\/\/schema.org","@graph":[{"@type":["WebPage","ItemPage"],"@id":"https:\/\/www.purejewels.com\/product\/22ct-gold-ring-40039\/","url":"https:\/\/www.purejewels.com\/product\/22ct-gold-ring-40039\/","name":"22 Ayar Lal Ta\u015fl\u0131 Alt\u0131n Y\u00fcz\u00fck - PureJewels'te Enfes Tasar\u0131m","isPartOf":{"@id":"https:\/\/www.purejewels.com\/#website"},"primaryImageOfPage":{"@id":"https:\/\/www.purejewels.com\/product\/22ct-gold-ring-40039\/#primaryimage"},"image":{"@id":"https:\/\/www.purejewels.com\/product\/22ct-gold-ring-40039\/#primaryimage"},"thumbnailUrl":"https:\/\/static.purejewels.com\/wp-content\/uploads\/2020\/08\/image180989196.jpg","datePublished":"2020-08-13T06:38:03+00:00","dateModified":"2026-01-08T07:57:21+00:00","description":"Parlak lal ta\u015f\u0131 i\u00e7eren bu \u00e7arp\u0131c\u0131 22 ayar alt\u0131n y\u00fcz\u00fc\u011f\u00fc ke\u015ffedin. Zarafet ve stili birle\u015ftiren ola\u011fan\u00fcst\u00fc i\u015f\u00e7ilikle m\u00fckemmel bir \u015fekilde el yap\u0131m\u0131d\u0131r.","breadcrumb":{"@id":"https:\/\/www.purejewels.com\/product\/22ct-gold-ring-40039\/#breadcrumb"},"inLanguage":"tr","potentialAction":[{"@type":"ReadAction","target":["https:\/\/www.purejewels.com\/product\/22ct-gold-ring-40039\/"]}]},{"@type":"ImageObject","inLanguage":"tr","@id":"https:\/\/www.purejewels.com\/product\/22ct-gold-ring-40039\/#primaryimage","url":"https:\/\/static.purejewels.com\/wp-content\/uploads\/2020\/08\/image180989196.jpg","contentUrl":"https:\/\/static.purejewels.com\/wp-content\/uploads\/2020\/08\/image180989196.jpg","width":1000,"height":1000,"caption":"22ct Gold Ring"},{"@type":"BreadcrumbList","@id":"https:\/\/www.purejewels.com\/product\/22ct-gold-ring-40039\/#breadcrumb","itemListElement":[{"@type":"ListItem","position":1,"name":"Home","item":"https:\/\/www.purejewels.com\/"},{"@type":"ListItem","position":2,"name":"Shop","item":"https:\/\/www.purejewels.com\/shop\/"},{"@type":"ListItem","position":3,"name":"22ct Gold Ring with Garnet Stone for Women"}]},{"@type":"WebSite","@id":"https:\/\/www.purejewels.com\/#website","url":"https:\/\/www.purejewels.com\/","name":"PureJewels \u0130ngiltere","description":"Sevgiyi Payla\u015f\u0131n","publisher":{"@id":"https:\/\/www.purejewels.com\/#organization"},"potentialAction":[{"@type":"SearchAction","target":{"@type":"EntryPoint","urlTemplate":"https:\/\/www.purejewels.com\/?s={search_term_string}"},"query-input":{"@type":"PropertyValueSpecification","valueRequired":true,"valueName":"search_term_string"}}],"inLanguage":"tr"},{"@type":"Organization","@id":"https:\/\/www.purejewels.com\/#organization","name":"PureJewels \u0130ngiltere","url":"https:\/\/www.purejewels.com\/","logo":{"@type":"ImageObject","inLanguage":"tr","@id":"https:\/\/www.purejewels.com\/#\/schema\/logo\/image\/","url":"https:\/\/static.purejewels.com\/wp-content\/uploads\/2020\/11\/Logo-PJ-New-1.png","contentUrl":"https:\/\/static.purejewels.com\/wp-content\/uploads\/2020\/11\/Logo-PJ-New-1.png","width":150,"height":80,"caption":"PureJewels UK"},"image":{"@id":"https:\/\/www.purejewels.com\/#\/schema\/logo\/image\/"}}]}},"_links":{"self":[{"href":"https:\/\/www.purejewels.com\/tr\/wp-json\/wp\/v2\/product\/316628","targetHints":{"allow":["GET"]}}],"collection":[{"href":"https:\/\/www.purejewels.com\/tr\/wp-json\/wp\/v2\/product"}],"about":[{"href":"https:\/\/www.purejewels.com\/tr\/wp-json\/wp\/v2\/types\/product"}],"replies":[{"embeddable":true,"href":"https:\/\/www.purejewels.com\/tr\/wp-json\/wp\/v2\/comments?post=316628"}],"version-history":[{"count":2,"href":"https:\/\/www.purejewels.com\/tr\/wp-json\/wp\/v2\/product\/316628\/revisions"}],"predecessor-version":[{"id":424332,"href":"https:\/\/www.purejewels.com\/tr\/wp-json\/wp\/v2\/product\/316628\/revisions\/424332"}],"wp:featuredmedia":[{"embeddable":true,"href":"https:\/\/www.purejewels.com\/tr\/wp-json\/wp\/v2\/media\/316629"}],"wp:attachment":[{"href":"https:\/\/www.purejewels.com\/tr\/wp-json\/wp\/v2\/media?parent=316628"}],"wp:term":[{"taxonomy":"product_brand","embeddable":true,"href":"https:\/\/www.purejewels.com\/tr\/wp-json\/wp\/v2\/product_brand?post=316628"},{"taxonomy":"product_cat","embeddable":true,"href":"https:\/\/www.purejewels.com\/tr\/wp-json\/wp\/v2\/product_cat?post=316628"},{"taxonomy":"product_tag","embeddable":true,"href":"https:\/\/www.purejewels.com\/tr\/wp-json\/wp\/v2\/product_tag?post=316628"}],"curies":[{"name":"wp","href":"https:\/\/api.w.org\/{rel}","templated":true}]}}