{"id":316752,"date":"2020-08-18T07:35:02","date_gmt":"2020-08-18T06:35:02","guid":{"rendered":"https:\/\/www.purejewels.com\/product\/22ct-gold-fancy-chain-12-9gm-19-inches\/"},"modified":"2026-03-31T05:59:30","modified_gmt":"2026-03-31T04:59:30","slug":"22-ayar-altin-fantezi-zincir-33061","status":"publish","type":"product","link":"https:\/\/www.purejewels.com\/tr\/product\/22ct-gold-fancy-chain-33061\/","title":{"rendered":"22 Ayar Alt\u0131n Elmas Kesimli Boncuk Zincir Kolye"},"content":{"rendered":"<p data-start=\"353\" data-end=\"629\">Zengin 22 ayar alt\u0131ndan \u00fcretilen Elmas Kesimli Boncuk Zincir Kolye, abart\u0131s\u0131z l\u00fcks\u00fcn ve zarif i\u015f\u00e7ili\u011fin bir kutlamas\u0131d\u0131r. Her bir boncuk incelikle elmas kesimdir ve her hareketinde \u0131\u015f\u0131\u011f\u0131 yans\u0131tan ince fasetler olu\u015fturarak s\u0131cak alt\u0131n \u0131\u015f\u0131lt\u0131s\u0131na nazik bir par\u0131lt\u0131 katar.<\/p>\n<p data-start=\"631\" data-end=\"922\">Bu dokulu boncuklar\u0131n ritmik dizilimi ak\u0131c\u0131 ve zarif bir siluet olu\u015fturarak zincirin cilde zahmetsizce oturmas\u0131n\u0131 sa\u011flar. Basitli\u011fi onun g\u00fcc\u00fcd\u00fcr; minimal, sofistike bir g\u00f6r\u00fcn\u00fcm i\u00e7in tek ba\u015f\u0131na veya daha etkileyici bir stil olu\u015fturmak i\u00e7in katmanl\u0131 olarak tak\u0131labilecek kadar \u00e7ok y\u00f6nl\u00fcd\u00fcr.<\/p>\n<p data-start=\"924\" data-end=\"1221\">Hassasiyet ve rahatl\u0131k g\u00f6z \u00f6n\u00fcnde bulundurularak tasarlanan bu kolye, PureJewels'in sanat miras\u0131n\u0131 ve detaylara g\u00f6sterdi\u011fi \u00f6zeni temsil eder. Trendlerin \u00f6tesine ge\u00e7en bu par\u00e7a, g\u00fcnl\u00fck hikayenizin bir par\u00e7as\u0131 haline gelirken, zaman i\u00e7inde de\u011ferli bir yadigara d\u00f6n\u00fc\u015fme vaadini de ta\u015f\u0131yan zarif bir vazge\u00e7ilmezdir.<\/p>","protected":false},"excerpt":{"rendered":"<p>Zamans\u0131z bir klasik olan bu 22 ayar alt\u0131n elmas kesim boncuk zincir kolye, \u0131\u015f\u0131\u011f\u0131 g\u00fczel bir \u015fekilde yakalayan ve g\u00fcnl\u00fck zarafete ince bir parlakl\u0131k getiren karma\u015f\u0131k y\u00fczl\u00fc boncuklara sahiptir.<\/p>\n<ul>\n<li>22 Ayar Alt\u0131n Fantezi Zincir<\/li>\n<li>A\u011f\u0131rl\u0131k 12,9 gms<\/li>\n<li>Uzunluk: 19\u2033 in\u00e7<\/li>\n<li>SKU. 33061<\/li>\n<li>T\u00fcm fiyatlara KDV dahildir<\/li>\n<li>Londra Tahlil Ofisi Taraf\u0131ndan Damgalanm\u0131\u015f 22 Ayar Alt\u0131n<\/li>\n<li>Sunum Kutusu ile Birlikte Gelir<\/li>\n<li>Teslimat Dahil<\/li>\n<li>Stok durumu ve stokta bulunan benzer tasar\u0131mlar\u0131n daha fazla g\u00f6r\u00fcnt\u00fcs\u00fc i\u00e7in bizimle canl\u0131 sohbet edin<\/li>\n<\/ul>","protected":false},"featured_media":317283,"comment_status":"closed","ping_status":"closed","template":"","meta":{"_eb_attr":"","_crsspst_to_jayantr4sg-hostcom":false},"product_brand":[],"product_cat":[1791,1559,1698,1793,3628,1475,1773,1574],"product_tag":[],"class_list":{"0":"post-316752","1":"product","2":"type-product","3":"status-publish","4":"has-post-thumbnail","6":"product_cat-anniversary-gifts","7":"product_cat-birthday-gifts","8":"product_cat-choker-chains","9":"product_cat-diwali-gifts","10":"product_cat-glow-collections","11":"product_cat-gold-chains","12":"product_cat-ladies-chains","13":"product_cat-womens-jewellery","15":"first","16":"outofstock","17":"taxable","18":"shipping-taxable","19":"product-type-simple","20":"add-to-wishlist-before_image"},"yoast_head":"<!-- This site is optimized with the Yoast SEO plugin v27.3 - https:\/\/yoast.com\/product\/yoast-seo-wordpress\/ -->\n<title>Buy 22ct Gold Diamond Cut Bead Chain Necklace | PureJewels UK<\/title>\n<meta name=\"description\" content=\"Shop a 22ct gold diamond cut bead necklace with faceted detailing. Lightweight elegant design perfect for everyday wear and gifting.\" \/>\n<meta name=\"robots\" content=\"index, follow, max-snippet:-1, max-image-preview:large, max-video-preview:-1\" \/>\n<link rel=\"canonical\" href=\"https:\/\/www.purejewels.com\/tr\/urun\/22-ayar-altin-fantezi-zincir-33061\/\" \/>\n<meta property=\"og:locale\" content=\"tr_TR\" \/>\n<meta property=\"og:type\" content=\"article\" \/>\n<meta property=\"og:title\" content=\"Buy 22ct Gold Diamond Cut Bead Chain Necklace | PureJewels UK\" \/>\n<meta property=\"og:description\" content=\"Shop a 22ct gold diamond cut bead necklace with faceted detailing. Lightweight elegant design perfect for everyday wear and gifting.\" \/>\n<meta property=\"og:url\" content=\"https:\/\/www.purejewels.com\/tr\/urun\/22-ayar-altin-fantezi-zincir-33061\/\" \/>\n<meta property=\"og:site_name\" content=\"PureJewels UK\" \/>\n<meta property=\"article:modified_time\" content=\"2026-03-31T04:59:30+00:00\" \/>\n<meta property=\"og:image\" content=\"https:\/\/static.purejewels.com\/wp-content\/uploads\/2020\/09\/image185599864.jpg\" \/>\n\t<meta property=\"og:image:width\" content=\"1000\" \/>\n\t<meta property=\"og:image:height\" content=\"1000\" \/>\n\t<meta property=\"og:image:type\" content=\"image\/jpeg\" \/>\n<meta name=\"twitter:card\" content=\"summary_large_image\" \/>\n<meta name=\"twitter:label1\" content=\"Tahmini okuma s\u00fcresi\" \/>\n\t<meta name=\"twitter:data1\" content=\"1 dakika\" \/>\n<script type=\"application\/ld+json\" class=\"yoast-schema-graph\">{\"@context\":\"https:\\\/\\\/schema.org\",\"@graph\":[{\"@type\":[\"WebPage\",\"ItemPage\"],\"@id\":\"https:\\\/\\\/www.purejewels.com\\\/product\\\/22ct-gold-fancy-chain-33061\\\/\",\"url\":\"https:\\\/\\\/www.purejewels.com\\\/product\\\/22ct-gold-fancy-chain-33061\\\/\",\"name\":\"Buy 22ct Gold Diamond Cut Bead Chain Necklace | PureJewels UK\",\"isPartOf\":{\"@id\":\"https:\\\/\\\/www.purejewels.com\\\/#website\"},\"primaryImageOfPage\":{\"@id\":\"https:\\\/\\\/www.purejewels.com\\\/product\\\/22ct-gold-fancy-chain-33061\\\/#primaryimage\"},\"image\":{\"@id\":\"https:\\\/\\\/www.purejewels.com\\\/product\\\/22ct-gold-fancy-chain-33061\\\/#primaryimage\"},\"thumbnailUrl\":\"https:\\\/\\\/static.purejewels.com\\\/wp-content\\\/uploads\\\/2020\\\/09\\\/image185599864.jpg\",\"datePublished\":\"2020-08-18T06:35:02+00:00\",\"dateModified\":\"2026-03-31T04:59:30+00:00\",\"description\":\"Shop a 22ct gold diamond cut bead necklace with faceted detailing. Lightweight elegant design perfect for everyday wear and gifting.\",\"breadcrumb\":{\"@id\":\"https:\\\/\\\/www.purejewels.com\\\/product\\\/22ct-gold-fancy-chain-33061\\\/#breadcrumb\"},\"inLanguage\":\"tr\",\"potentialAction\":[{\"@type\":\"ReadAction\",\"target\":[\"https:\\\/\\\/www.purejewels.com\\\/product\\\/22ct-gold-fancy-chain-33061\\\/\"]}]},{\"@type\":\"ImageObject\",\"inLanguage\":\"tr\",\"@id\":\"https:\\\/\\\/www.purejewels.com\\\/product\\\/22ct-gold-fancy-chain-33061\\\/#primaryimage\",\"url\":\"https:\\\/\\\/static.purejewels.com\\\/wp-content\\\/uploads\\\/2020\\\/09\\\/image185599864.jpg\",\"contentUrl\":\"https:\\\/\\\/static.purejewels.com\\\/wp-content\\\/uploads\\\/2020\\\/09\\\/image185599864.jpg\",\"width\":1000,\"height\":1000,\"caption\":\"22ct Gold Heavy Fancy Chain CHFC278\"},{\"@type\":\"BreadcrumbList\",\"@id\":\"https:\\\/\\\/www.purejewels.com\\\/product\\\/22ct-gold-fancy-chain-33061\\\/#breadcrumb\",\"itemListElement\":[{\"@type\":\"ListItem\",\"position\":1,\"name\":\"Home\",\"item\":\"https:\\\/\\\/www.purejewels.com\\\/\"},{\"@type\":\"ListItem\",\"position\":2,\"name\":\"Shop\",\"item\":\"https:\\\/\\\/www.purejewels.com\\\/shop\\\/\"},{\"@type\":\"ListItem\",\"position\":3,\"name\":\"22ct Gold Diamond Cut Bead Chain Necklace\"}]},{\"@type\":\"WebSite\",\"@id\":\"https:\\\/\\\/www.purejewels.com\\\/#website\",\"url\":\"https:\\\/\\\/www.purejewels.com\\\/\",\"name\":\"PureJewels UK\",\"description\":\"Share the Love\",\"publisher\":{\"@id\":\"https:\\\/\\\/www.purejewels.com\\\/#organization\"},\"potentialAction\":[{\"@type\":\"SearchAction\",\"target\":{\"@type\":\"EntryPoint\",\"urlTemplate\":\"https:\\\/\\\/www.purejewels.com\\\/?s={search_term_string}\"},\"query-input\":{\"@type\":\"PropertyValueSpecification\",\"valueRequired\":true,\"valueName\":\"search_term_string\"}}],\"inLanguage\":\"tr\"},{\"@type\":\"Organization\",\"@id\":\"https:\\\/\\\/www.purejewels.com\\\/#organization\",\"name\":\"PureJewels UK\",\"url\":\"https:\\\/\\\/www.purejewels.com\\\/\",\"logo\":{\"@type\":\"ImageObject\",\"inLanguage\":\"tr\",\"@id\":\"https:\\\/\\\/www.purejewels.com\\\/#\\\/schema\\\/logo\\\/image\\\/\",\"url\":\"https:\\\/\\\/static.purejewels.com\\\/wp-content\\\/uploads\\\/2020\\\/11\\\/Logo-PJ-New-1.png\",\"contentUrl\":\"https:\\\/\\\/static.purejewels.com\\\/wp-content\\\/uploads\\\/2020\\\/11\\\/Logo-PJ-New-1.png\",\"width\":150,\"height\":80,\"caption\":\"PureJewels UK\"},\"image\":{\"@id\":\"https:\\\/\\\/www.purejewels.com\\\/#\\\/schema\\\/logo\\\/image\\\/\"}}]}<\/script>\n<!-- \/ Yoast SEO plugin. -->","yoast_head_json":{"title":"22 Ayar Alt\u0131n Elmas Kesimli Boncuk Zincir Kolye | PureJewels UK sat\u0131n al\u0131n","description":"Y\u00f6nl\u00fc detaylara sahip 22 ayar alt\u0131n elmas kesim boncuk kolye sat\u0131n al\u0131n. G\u00fcnl\u00fck kullan\u0131m ve hediye i\u00e7in m\u00fckemmel, hafif ve zarif tasar\u0131m.","robots":{"index":"index","follow":"follow","max-snippet":"max-snippet:-1","max-image-preview":"max-image-preview:large","max-video-preview":"max-video-preview:-1"},"canonical":"https:\/\/www.purejewels.com\/tr\/urun\/22-ayar-altin-fantezi-zincir-33061\/","og_locale":"tr_TR","og_type":"article","og_title":"Buy 22ct Gold Diamond Cut Bead Chain Necklace | PureJewels UK","og_description":"Shop a 22ct gold diamond cut bead necklace with faceted detailing. Lightweight elegant design perfect for everyday wear and gifting.","og_url":"https:\/\/www.purejewels.com\/tr\/urun\/22-ayar-altin-fantezi-zincir-33061\/","og_site_name":"PureJewels UK","article_modified_time":"2026-03-31T04:59:30+00:00","og_image":[{"width":1000,"height":1000,"url":"https:\/\/static.purejewels.com\/wp-content\/uploads\/2020\/09\/image185599864.jpg","type":"image\/jpeg"}],"twitter_card":"summary_large_image","twitter_misc":{"Tahmini okuma s\u00fcresi":"1 dakika"},"schema":{"@context":"https:\/\/schema.org","@graph":[{"@type":["WebPage","ItemPage"],"@id":"https:\/\/www.purejewels.com\/product\/22ct-gold-fancy-chain-33061\/","url":"https:\/\/www.purejewels.com\/product\/22ct-gold-fancy-chain-33061\/","name":"22 Ayar Alt\u0131n Elmas Kesimli Boncuk Zincir Kolye | PureJewels UK sat\u0131n al\u0131n","isPartOf":{"@id":"https:\/\/www.purejewels.com\/#website"},"primaryImageOfPage":{"@id":"https:\/\/www.purejewels.com\/product\/22ct-gold-fancy-chain-33061\/#primaryimage"},"image":{"@id":"https:\/\/www.purejewels.com\/product\/22ct-gold-fancy-chain-33061\/#primaryimage"},"thumbnailUrl":"https:\/\/static.purejewels.com\/wp-content\/uploads\/2020\/09\/image185599864.jpg","datePublished":"2020-08-18T06:35:02+00:00","dateModified":"2026-03-31T04:59:30+00:00","description":"Y\u00f6nl\u00fc detaylara sahip 22 ayar alt\u0131n elmas kesim boncuk kolye sat\u0131n al\u0131n. G\u00fcnl\u00fck kullan\u0131m ve hediye i\u00e7in m\u00fckemmel, hafif ve zarif tasar\u0131m.","breadcrumb":{"@id":"https:\/\/www.purejewels.com\/product\/22ct-gold-fancy-chain-33061\/#breadcrumb"},"inLanguage":"tr","potentialAction":[{"@type":"ReadAction","target":["https:\/\/www.purejewels.com\/product\/22ct-gold-fancy-chain-33061\/"]}]},{"@type":"ImageObject","inLanguage":"tr","@id":"https:\/\/www.purejewels.com\/product\/22ct-gold-fancy-chain-33061\/#primaryimage","url":"https:\/\/static.purejewels.com\/wp-content\/uploads\/2020\/09\/image185599864.jpg","contentUrl":"https:\/\/static.purejewels.com\/wp-content\/uploads\/2020\/09\/image185599864.jpg","width":1000,"height":1000,"caption":"22ct Gold Heavy Fancy Chain CHFC278"},{"@type":"BreadcrumbList","@id":"https:\/\/www.purejewels.com\/product\/22ct-gold-fancy-chain-33061\/#breadcrumb","itemListElement":[{"@type":"ListItem","position":1,"name":"Home","item":"https:\/\/www.purejewels.com\/"},{"@type":"ListItem","position":2,"name":"Shop","item":"https:\/\/www.purejewels.com\/shop\/"},{"@type":"ListItem","position":3,"name":"22ct Gold Diamond Cut Bead Chain Necklace"}]},{"@type":"WebSite","@id":"https:\/\/www.purejewels.com\/#website","url":"https:\/\/www.purejewels.com\/","name":"PureJewels \u0130ngiltere","description":"Sevgiyi Payla\u015f\u0131n","publisher":{"@id":"https:\/\/www.purejewels.com\/#organization"},"potentialAction":[{"@type":"SearchAction","target":{"@type":"EntryPoint","urlTemplate":"https:\/\/www.purejewels.com\/?s={search_term_string}"},"query-input":{"@type":"PropertyValueSpecification","valueRequired":true,"valueName":"search_term_string"}}],"inLanguage":"tr"},{"@type":"Organization","@id":"https:\/\/www.purejewels.com\/#organization","name":"PureJewels \u0130ngiltere","url":"https:\/\/www.purejewels.com\/","logo":{"@type":"ImageObject","inLanguage":"tr","@id":"https:\/\/www.purejewels.com\/#\/schema\/logo\/image\/","url":"https:\/\/static.purejewels.com\/wp-content\/uploads\/2020\/11\/Logo-PJ-New-1.png","contentUrl":"https:\/\/static.purejewels.com\/wp-content\/uploads\/2020\/11\/Logo-PJ-New-1.png","width":150,"height":80,"caption":"PureJewels UK"},"image":{"@id":"https:\/\/www.purejewels.com\/#\/schema\/logo\/image\/"}}]}},"_links":{"self":[{"href":"https:\/\/www.purejewels.com\/tr\/wp-json\/wp\/v2\/product\/316752","targetHints":{"allow":["GET"]}}],"collection":[{"href":"https:\/\/www.purejewels.com\/tr\/wp-json\/wp\/v2\/product"}],"about":[{"href":"https:\/\/www.purejewels.com\/tr\/wp-json\/wp\/v2\/types\/product"}],"replies":[{"embeddable":true,"href":"https:\/\/www.purejewels.com\/tr\/wp-json\/wp\/v2\/comments?post=316752"}],"version-history":[{"count":3,"href":"https:\/\/www.purejewels.com\/tr\/wp-json\/wp\/v2\/product\/316752\/revisions"}],"predecessor-version":[{"id":427854,"href":"https:\/\/www.purejewels.com\/tr\/wp-json\/wp\/v2\/product\/316752\/revisions\/427854"}],"wp:featuredmedia":[{"embeddable":true,"href":"https:\/\/www.purejewels.com\/tr\/wp-json\/wp\/v2\/media\/317283"}],"wp:attachment":[{"href":"https:\/\/www.purejewels.com\/tr\/wp-json\/wp\/v2\/media?parent=316752"}],"wp:term":[{"taxonomy":"product_brand","embeddable":true,"href":"https:\/\/www.purejewels.com\/tr\/wp-json\/wp\/v2\/product_brand?post=316752"},{"taxonomy":"product_cat","embeddable":true,"href":"https:\/\/www.purejewels.com\/tr\/wp-json\/wp\/v2\/product_cat?post=316752"},{"taxonomy":"product_tag","embeddable":true,"href":"https:\/\/www.purejewels.com\/tr\/wp-json\/wp\/v2\/product_tag?post=316752"}],"curies":[{"name":"wp","href":"https:\/\/api.w.org\/{rel}","templated":true}]}}