{"id":316766,"date":"2020-08-18T09:38:53","date_gmt":"2020-08-18T08:38:53","guid":{"rendered":"https:\/\/www.purejewels.com\/product\/22ct-gold-braid-chain-13gm-17-inches\/"},"modified":"2025-11-12T09:43:41","modified_gmt":"2025-11-12T09:43:41","slug":"22-ayar-altin-orgu-zincir-13gm-17-inc-32074","status":"publish","type":"product","link":"https:\/\/www.purejewels.com\/tr\/product\/22ct-gold-braid-chain-13gm-17-inches-32074\/","title":{"rendered":"22 Ayar Alt\u0131n | \u00d6rg\u00fc Zincir | 17 \u0130n\u00e7 | 4,4mm Kal\u0131nl\u0131k"},"content":{"rendered":"<p>L\u00fcks ve sofistike bir g\u00f6r\u00fcn\u00fcm sergileyen \u00e7arp\u0131c\u0131 bir par\u00e7a olan 22 Ayar Alt\u0131n \u00d6rg\u00fc Zincirimizin zamans\u0131z zarafetini ke\u015ffedin. Hassasiyet ve detaylara g\u00f6sterilen \u00f6zenle haz\u0131rlanan bu zincir, her k\u0131yafete modern bir dokunu\u015f katan benzersiz bir \u00f6rg\u00fc tasar\u0131m\u0131na sahiptir. 17 in\u00e7 uzunlu\u011funda ve 4,4 mm kal\u0131nl\u0131\u011f\u0131ndaki bu zincir, g\u00f6r\u00fcn\u00fcm\u00fcn\u00fcz\u00fc y\u00fckseltmek i\u00e7in m\u00fckemmel bir aksesuard\u0131r.<\/p>\n<p>\u00dcr\u00fcnlerimizin her biri Londra Tahlil Ofisi taraf\u0131ndan damgalanarak en y\u00fcksek kalite ve \u00f6zg\u00fcnl\u00fc\u011f\u00fc garanti eder. Sat\u0131n ald\u0131\u011f\u0131n\u0131z \u00fcr\u00fcn ayr\u0131ca bir kutu i\u00e7inde g\u00fczel bir \u015fekilde sunulacak ve sevdikleriniz i\u00e7in ideal bir hediye veya kendiniz i\u00e7in \u00f6zel bir ikram olacakt\u0131r. \u00dccretsiz takipli teslimat ve g\u00fcvenli \u00e7evrimi\u00e7i \u00f6demelerle PureJewels UK ile al\u0131\u015fveri\u015f yapmak rahat ve endi\u015fesizdir.<\/p>\n<p>\u0130ster \u00f6zel bir g\u00fcn\u00fc kutluyor olun, ister sadece kendinize \u00f6zel bir \u015fey \u0131smarl\u0131yor olun, 22 Ayar Alt\u0131n \u00d6rg\u00fc Zincirimiz mutlaka sahip olman\u0131z gereken bir aksesuard\u0131r. \u015eimdi al\u0131\u015fveri\u015f yap\u0131n ve PureJewels UK'in l\u00fcks\u00fcn\u00fc ya\u015fay\u0131n.<\/p>","protected":false},"excerpt":{"rendered":"<div class=\"woocommerce-product-details__short-description\">\n<ul>\n<li>22 Ayar Alt\u0131n \u00d6rg\u00fc Zincir<\/li>\n<li>A\u011f\u0131rl\u0131k 13 gms<\/li>\n<li>Uzunluk. 17 in\u00e7<\/li>\n<li>Kal\u0131nl\u0131k 4.4mm<\/li>\n<li>SKU. 32074<\/li>\n<li>T\u00fcm \u00fcr\u00fcnlerimiz London Assay Office taraf\u0131ndan damgalanm\u0131\u015ft\u0131r<\/li>\n<li>T\u00fcm setler sunum kutusu ile birlikte gelir<\/li>\n<li>Teslimat Dahil<\/li>\n<li>T\u00fcm fiyatlara KDV dahildir<\/li>\n<li>\u00dcr\u00fcn\u00fcn videosunu g\u00f6rmek i\u00e7in bize ula\u015f\u0131n \/ bizimle sohbet edin<\/li>\n<\/ul>\n<\/div>\n<p>&nbsp;<\/p>","protected":false},"featured_media":326766,"comment_status":"closed","ping_status":"closed","template":"","meta":{"_eb_attr":"","_crsspst_to_jayantr4sg-hostcom":false},"product_brand":[],"product_cat":[5013,1791,1559,1475,1773,1573],"product_tag":[],"class_list":{"0":"post-316766","1":"product","2":"type-product","3":"status-publish","4":"has-post-thumbnail","6":"product_cat-16-inch-ladies-chain","7":"product_cat-anniversary-gifts","8":"product_cat-birthday-gifts","9":"product_cat-gold-chains","10":"product_cat-ladies-chains","11":"product_cat-wedding-gifts","13":"first","14":"outofstock","15":"taxable","16":"shipping-taxable","17":"product-type-simple","18":"add-to-wishlist-before_image"},"yoast_head":"<!-- This site is optimized with the Yoast SEO plugin v27.3 - https:\/\/yoast.com\/product\/yoast-seo-wordpress\/ -->\n<title>Shop Modern gold braid chains at PureJewels UK<\/title>\n<meta name=\"description\" content=\"Buy 17 inch Gold Chain online at PureJewels. A beautiful chain that adds final touch to your outfit. Explore more on https:\/\/www.purejewels.com\/\" \/>\n<meta name=\"robots\" content=\"index, follow, max-snippet:-1, max-image-preview:large, max-video-preview:-1\" \/>\n<link rel=\"canonical\" href=\"https:\/\/www.purejewels.com\/tr\/urun\/22-ayar-altin-orgu-zincir-13gm-17-inc-32074\/\" \/>\n<meta property=\"og:locale\" content=\"tr_TR\" \/>\n<meta property=\"og:type\" content=\"article\" \/>\n<meta property=\"og:title\" content=\"Shop Modern gold braid chains at PureJewels UK\" \/>\n<meta property=\"og:description\" content=\"Buy 17 inch Gold Chain online at PureJewels. A beautiful chain that adds final touch to your outfit. Explore more on https:\/\/www.purejewels.com\/\" \/>\n<meta property=\"og:url\" content=\"https:\/\/www.purejewels.com\/tr\/urun\/22-ayar-altin-orgu-zincir-13gm-17-inc-32074\/\" \/>\n<meta property=\"og:site_name\" content=\"PureJewels UK\" \/>\n<meta property=\"article:modified_time\" content=\"2025-11-12T09:43:41+00:00\" \/>\n<meta property=\"og:image\" content=\"https:\/\/www.purejewels.com\/wp-content\/uploads\/2020\/08\/32074-1.jpg\" \/>\n\t<meta property=\"og:image:width\" content=\"1200\" \/>\n\t<meta property=\"og:image:height\" content=\"1200\" \/>\n\t<meta property=\"og:image:type\" content=\"image\/jpeg\" \/>\n<meta name=\"twitter:card\" content=\"summary_large_image\" \/>\n<meta name=\"twitter:label1\" content=\"Tahmini okuma s\u00fcresi\" \/>\n\t<meta name=\"twitter:data1\" content=\"1 dakika\" \/>\n<script type=\"application\/ld+json\" class=\"yoast-schema-graph\">{\"@context\":\"https:\\\/\\\/schema.org\",\"@graph\":[{\"@type\":[\"WebPage\",\"ItemPage\"],\"@id\":\"https:\\\/\\\/www.purejewels.com\\\/product\\\/22ct-gold-braid-chain-13gm-17-inches-32074\\\/\",\"url\":\"https:\\\/\\\/www.purejewels.com\\\/product\\\/22ct-gold-braid-chain-13gm-17-inches-32074\\\/\",\"name\":\"Shop Modern gold braid chains at PureJewels UK\",\"isPartOf\":{\"@id\":\"https:\\\/\\\/www.purejewels.com\\\/#website\"},\"primaryImageOfPage\":{\"@id\":\"https:\\\/\\\/www.purejewels.com\\\/product\\\/22ct-gold-braid-chain-13gm-17-inches-32074\\\/#primaryimage\"},\"image\":{\"@id\":\"https:\\\/\\\/www.purejewels.com\\\/product\\\/22ct-gold-braid-chain-13gm-17-inches-32074\\\/#primaryimage\"},\"thumbnailUrl\":\"https:\\\/\\\/static.purejewels.com\\\/wp-content\\\/uploads\\\/2020\\\/08\\\/32074-1.jpg\",\"datePublished\":\"2020-08-18T08:38:53+00:00\",\"dateModified\":\"2025-11-12T09:43:41+00:00\",\"description\":\"Buy 17 inch Gold Chain online at PureJewels. A beautiful chain that adds final touch to your outfit. Explore more on https:\\\/\\\/www.purejewels.com\\\/\",\"breadcrumb\":{\"@id\":\"https:\\\/\\\/www.purejewels.com\\\/product\\\/22ct-gold-braid-chain-13gm-17-inches-32074\\\/#breadcrumb\"},\"inLanguage\":\"tr\",\"potentialAction\":[{\"@type\":\"ReadAction\",\"target\":[\"https:\\\/\\\/www.purejewels.com\\\/product\\\/22ct-gold-braid-chain-13gm-17-inches-32074\\\/\"]}]},{\"@type\":\"ImageObject\",\"inLanguage\":\"tr\",\"@id\":\"https:\\\/\\\/www.purejewels.com\\\/product\\\/22ct-gold-braid-chain-13gm-17-inches-32074\\\/#primaryimage\",\"url\":\"https:\\\/\\\/static.purejewels.com\\\/wp-content\\\/uploads\\\/2020\\\/08\\\/32074-1.jpg\",\"contentUrl\":\"https:\\\/\\\/static.purejewels.com\\\/wp-content\\\/uploads\\\/2020\\\/08\\\/32074-1.jpg\",\"width\":1200,\"height\":1200,\"caption\":\"22ct Gold Braid Chain 32074-1\"},{\"@type\":\"BreadcrumbList\",\"@id\":\"https:\\\/\\\/www.purejewels.com\\\/product\\\/22ct-gold-braid-chain-13gm-17-inches-32074\\\/#breadcrumb\",\"itemListElement\":[{\"@type\":\"ListItem\",\"position\":1,\"name\":\"Home\",\"item\":\"https:\\\/\\\/www.purejewels.com\\\/\"},{\"@type\":\"ListItem\",\"position\":2,\"name\":\"Shop\",\"item\":\"https:\\\/\\\/www.purejewels.com\\\/shop\\\/\"},{\"@type\":\"ListItem\",\"position\":3,\"name\":\"22ct Gold | Braid Chain | 17 Inches | 4.4mm Thick\"}]},{\"@type\":\"WebSite\",\"@id\":\"https:\\\/\\\/www.purejewels.com\\\/#website\",\"url\":\"https:\\\/\\\/www.purejewels.com\\\/\",\"name\":\"PureJewels UK\",\"description\":\"Share the Love\",\"publisher\":{\"@id\":\"https:\\\/\\\/www.purejewels.com\\\/#organization\"},\"potentialAction\":[{\"@type\":\"SearchAction\",\"target\":{\"@type\":\"EntryPoint\",\"urlTemplate\":\"https:\\\/\\\/www.purejewels.com\\\/?s={search_term_string}\"},\"query-input\":{\"@type\":\"PropertyValueSpecification\",\"valueRequired\":true,\"valueName\":\"search_term_string\"}}],\"inLanguage\":\"tr\"},{\"@type\":\"Organization\",\"@id\":\"https:\\\/\\\/www.purejewels.com\\\/#organization\",\"name\":\"PureJewels UK\",\"url\":\"https:\\\/\\\/www.purejewels.com\\\/\",\"logo\":{\"@type\":\"ImageObject\",\"inLanguage\":\"tr\",\"@id\":\"https:\\\/\\\/www.purejewels.com\\\/#\\\/schema\\\/logo\\\/image\\\/\",\"url\":\"https:\\\/\\\/static.purejewels.com\\\/wp-content\\\/uploads\\\/2020\\\/11\\\/Logo-PJ-New-1.png\",\"contentUrl\":\"https:\\\/\\\/static.purejewels.com\\\/wp-content\\\/uploads\\\/2020\\\/11\\\/Logo-PJ-New-1.png\",\"width\":150,\"height\":80,\"caption\":\"PureJewels UK\"},\"image\":{\"@id\":\"https:\\\/\\\/www.purejewels.com\\\/#\\\/schema\\\/logo\\\/image\\\/\"}}]}<\/script>\n<!-- \/ Yoast SEO plugin. -->","yoast_head_json":{"title":"PureJewels UK'de Modern alt\u0131n \u00f6rg\u00fc zincirleri sat\u0131n al\u0131n","description":"PureJewels'ten online 17 in\u00e7 Alt\u0131n Zincir sat\u0131n al\u0131n. K\u0131yafetinize son dokunu\u015fu katan g\u00fczel bir zincir. Daha fazlas\u0131n\u0131 ke\u015ffedin https:\/\/www.purejewels.com\/","robots":{"index":"index","follow":"follow","max-snippet":"max-snippet:-1","max-image-preview":"max-image-preview:large","max-video-preview":"max-video-preview:-1"},"canonical":"https:\/\/www.purejewels.com\/tr\/urun\/22-ayar-altin-orgu-zincir-13gm-17-inc-32074\/","og_locale":"tr_TR","og_type":"article","og_title":"Shop Modern gold braid chains at PureJewels UK","og_description":"Buy 17 inch Gold Chain online at PureJewels. A beautiful chain that adds final touch to your outfit. Explore more on https:\/\/www.purejewels.com\/","og_url":"https:\/\/www.purejewels.com\/tr\/urun\/22-ayar-altin-orgu-zincir-13gm-17-inc-32074\/","og_site_name":"PureJewels UK","article_modified_time":"2025-11-12T09:43:41+00:00","og_image":[{"width":1200,"height":1200,"url":"https:\/\/www.purejewels.com\/wp-content\/uploads\/2020\/08\/32074-1.jpg","type":"image\/jpeg"}],"twitter_card":"summary_large_image","twitter_misc":{"Tahmini okuma s\u00fcresi":"1 dakika"},"schema":{"@context":"https:\/\/schema.org","@graph":[{"@type":["WebPage","ItemPage"],"@id":"https:\/\/www.purejewels.com\/product\/22ct-gold-braid-chain-13gm-17-inches-32074\/","url":"https:\/\/www.purejewels.com\/product\/22ct-gold-braid-chain-13gm-17-inches-32074\/","name":"PureJewels UK'de Modern alt\u0131n \u00f6rg\u00fc zincirleri sat\u0131n al\u0131n","isPartOf":{"@id":"https:\/\/www.purejewels.com\/#website"},"primaryImageOfPage":{"@id":"https:\/\/www.purejewels.com\/product\/22ct-gold-braid-chain-13gm-17-inches-32074\/#primaryimage"},"image":{"@id":"https:\/\/www.purejewels.com\/product\/22ct-gold-braid-chain-13gm-17-inches-32074\/#primaryimage"},"thumbnailUrl":"https:\/\/static.purejewels.com\/wp-content\/uploads\/2020\/08\/32074-1.jpg","datePublished":"2020-08-18T08:38:53+00:00","dateModified":"2025-11-12T09:43:41+00:00","description":"PureJewels'ten online 17 in\u00e7 Alt\u0131n Zincir sat\u0131n al\u0131n. K\u0131yafetinize son dokunu\u015fu katan g\u00fczel bir zincir. Daha fazlas\u0131n\u0131 ke\u015ffedin https:\/\/www.purejewels.com\/","breadcrumb":{"@id":"https:\/\/www.purejewels.com\/product\/22ct-gold-braid-chain-13gm-17-inches-32074\/#breadcrumb"},"inLanguage":"tr","potentialAction":[{"@type":"ReadAction","target":["https:\/\/www.purejewels.com\/product\/22ct-gold-braid-chain-13gm-17-inches-32074\/"]}]},{"@type":"ImageObject","inLanguage":"tr","@id":"https:\/\/www.purejewels.com\/product\/22ct-gold-braid-chain-13gm-17-inches-32074\/#primaryimage","url":"https:\/\/static.purejewels.com\/wp-content\/uploads\/2020\/08\/32074-1.jpg","contentUrl":"https:\/\/static.purejewels.com\/wp-content\/uploads\/2020\/08\/32074-1.jpg","width":1200,"height":1200,"caption":"22ct Gold Braid Chain 32074-1"},{"@type":"BreadcrumbList","@id":"https:\/\/www.purejewels.com\/product\/22ct-gold-braid-chain-13gm-17-inches-32074\/#breadcrumb","itemListElement":[{"@type":"ListItem","position":1,"name":"Home","item":"https:\/\/www.purejewels.com\/"},{"@type":"ListItem","position":2,"name":"Shop","item":"https:\/\/www.purejewels.com\/shop\/"},{"@type":"ListItem","position":3,"name":"22ct Gold | Braid Chain | 17 Inches | 4.4mm Thick"}]},{"@type":"WebSite","@id":"https:\/\/www.purejewels.com\/#website","url":"https:\/\/www.purejewels.com\/","name":"PureJewels \u0130ngiltere","description":"Sevgiyi Payla\u015f\u0131n","publisher":{"@id":"https:\/\/www.purejewels.com\/#organization"},"potentialAction":[{"@type":"SearchAction","target":{"@type":"EntryPoint","urlTemplate":"https:\/\/www.purejewels.com\/?s={search_term_string}"},"query-input":{"@type":"PropertyValueSpecification","valueRequired":true,"valueName":"search_term_string"}}],"inLanguage":"tr"},{"@type":"Organization","@id":"https:\/\/www.purejewels.com\/#organization","name":"PureJewels \u0130ngiltere","url":"https:\/\/www.purejewels.com\/","logo":{"@type":"ImageObject","inLanguage":"tr","@id":"https:\/\/www.purejewels.com\/#\/schema\/logo\/image\/","url":"https:\/\/static.purejewels.com\/wp-content\/uploads\/2020\/11\/Logo-PJ-New-1.png","contentUrl":"https:\/\/static.purejewels.com\/wp-content\/uploads\/2020\/11\/Logo-PJ-New-1.png","width":150,"height":80,"caption":"PureJewels UK"},"image":{"@id":"https:\/\/www.purejewels.com\/#\/schema\/logo\/image\/"}}]}},"_links":{"self":[{"href":"https:\/\/www.purejewels.com\/tr\/wp-json\/wp\/v2\/product\/316766","targetHints":{"allow":["GET"]}}],"collection":[{"href":"https:\/\/www.purejewels.com\/tr\/wp-json\/wp\/v2\/product"}],"about":[{"href":"https:\/\/www.purejewels.com\/tr\/wp-json\/wp\/v2\/types\/product"}],"replies":[{"embeddable":true,"href":"https:\/\/www.purejewels.com\/tr\/wp-json\/wp\/v2\/comments?post=316766"}],"version-history":[{"count":2,"href":"https:\/\/www.purejewels.com\/tr\/wp-json\/wp\/v2\/product\/316766\/revisions"}],"predecessor-version":[{"id":420897,"href":"https:\/\/www.purejewels.com\/tr\/wp-json\/wp\/v2\/product\/316766\/revisions\/420897"}],"wp:featuredmedia":[{"embeddable":true,"href":"https:\/\/www.purejewels.com\/tr\/wp-json\/wp\/v2\/media\/326766"}],"wp:attachment":[{"href":"https:\/\/www.purejewels.com\/tr\/wp-json\/wp\/v2\/media?parent=316766"}],"wp:term":[{"taxonomy":"product_brand","embeddable":true,"href":"https:\/\/www.purejewels.com\/tr\/wp-json\/wp\/v2\/product_brand?post=316766"},{"taxonomy":"product_cat","embeddable":true,"href":"https:\/\/www.purejewels.com\/tr\/wp-json\/wp\/v2\/product_cat?post=316766"},{"taxonomy":"product_tag","embeddable":true,"href":"https:\/\/www.purejewels.com\/tr\/wp-json\/wp\/v2\/product_tag?post=316766"}],"curies":[{"name":"wp","href":"https:\/\/api.w.org\/{rel}","templated":true}]}}