{"id":316804,"date":"2020-08-19T10:54:59","date_gmt":"2020-08-19T09:54:59","guid":{"rendered":"https:\/\/www.purejewels.com\/?post_type=product&#038;p=316804"},"modified":"2026-01-23T06:16:54","modified_gmt":"2026-01-23T06:16:54","slug":"22-ayar-altin-jali-kadas-32351-32352","status":"publish","type":"product","link":"https:\/\/www.purejewels.com\/tr\/product\/22ct-gold-jali-kadas-32351-32352\/","title":{"rendered":"22 Ayar Alt\u0131n Heykel Jali Detayl\u0131 Bileklik \u00c7ifti"},"content":{"rendered":"<p>Tasar\u0131m<\/p>\n<p>Bu bilezikler, formun etraf\u0131nda sorunsuzca akan, yap\u0131 ve ritim katan yontulmu\u015f alt\u0131n vurgularla noktalanan kesintisiz bir jali deseniyle tan\u0131mlan\u0131r. Ajurlu detaylar hafiflik hissi yarat\u0131rken, yuvarlak profil tasar\u0131ma g\u00fc\u00e7l\u00fc ve kendinden emin bir duru\u015f kazand\u0131r\u0131yor. Sonu\u00e7, karma\u015f\u0131kl\u0131k ve cesur form aras\u0131nda uyumlu bir dengedir.<\/p>\n<p>Zanaatkarl\u0131k<\/p>\n<p>22 ayar alt\u0131ndan el i\u015f\u00e7ili\u011fiyle \u00fcretilen her bir bileklik, ola\u011fan\u00fcst\u00fc kontrol ve tutarl\u0131l\u0131kla ger\u00e7ekle\u015ftirilen hassas jali \u00e7al\u0131\u015fmas\u0131n\u0131 sergiler. Yontulmu\u015f vurgu unsurlar\u0131, dayan\u0131kl\u0131l\u0131\u011f\u0131 ve g\u00f6rsel kontrast\u0131 art\u0131rmak i\u00e7in dikkatlice entegre edilmi\u015ftir. P\u00fcr\u00fczs\u00fcz i\u00e7 y\u00fczeyler uzun s\u00fcreli kullan\u0131m i\u00e7in rahatl\u0131k sa\u011flar ve her par\u00e7a safl\u0131k sertifikas\u0131 i\u00e7in \u0130ngiltere'de damgalanm\u0131\u015ft\u0131r.<\/p>\n<p>\u015eekillendirme &amp; Hediyele\u015fme<\/p>\n<p>\u00c7ok y\u00f6nl\u00fc ve etkileyici olan bu bilezikler, g\u00fcnl\u00fck \u015f\u0131kl\u0131k i\u00e7in tek ba\u015f\u0131na tak\u0131labilece\u011fi gibi, bayramlarda daha ince bileziklerle birlikte de kullan\u0131labilir. Zarif jali detaylar\u0131yla d\u00fc\u011f\u00fcnler, y\u0131l d\u00f6n\u00fcmleri ve \u00f6nemli d\u00f6n\u00fcm noktalar\u0131 i\u00e7in \u00f6zenli bir hediye olan bu bilezikler, miras alt\u0131n tak\u0131lar\u0131n \u00e7a\u011fda\u015f bir ifadesini sunuyor.<\/p>","protected":false},"excerpt":{"rendered":"<ul>\n<li>\u00c7ift (iki Kadas) 22ct\u00a0<span id=\"urn:enhancement-1de23387\" class=\"textannotation\">Alt\u0131n<\/span>\u00a0Gelin veya Parti k\u0131yafeti Kadas -<\/li>\n<li>(Bir Kada istiyorsan\u0131z l\u00fctfen sohbetten bilgi al\u0131n - burada g\u00f6sterilen fiyat iki kadas i\u00e7indir)<\/li>\n<li>SKU 32351 \u00a0<span id=\"urn:enhancement-df881483\" class=\"textannotation\">A\u011f\u0131rl\u0131k<\/span>\u00a0 . 20.6 gms<\/li>\n<li>SKU 32352 \u00a0<span id=\"urn:enhancement-b73cc724\" class=\"textannotation\">A\u011f\u0131rl\u0131k<\/span>\u00a0. 20.2 gms<\/li>\n<li>Toplam\u00a0<span id=\"urn:enhancement-6449218c\" class=\"textannotation\">A\u011f\u0131rl\u0131k<\/span>\u00a0. 40.8 gms<\/li>\n<li>Boyut: 2,7 in\u00e7 i\u00e7 \u00e7ap. Ek boyutlar i\u00e7in l\u00fctfen sorunuz<\/li>\n<li>Bunlar i\u00e7i bo\u015f Kadas<\/li>\n<li>T\u00fcm 22\u00a0<span id=\"urn:enhancement-228d88f5\" class=\"textannotation\">karat<\/span>\u00a0<span id=\"urn:enhancement-fd8087e5\" class=\"textannotation\">Alt\u0131n<\/span>\u00a0<span id=\"urn:enhancement-6a8517a8\" class=\"textannotation\">M\u00fccevherat<\/span>\u00a0Londra taraf\u0131ndan damgalanm\u0131\u015ft\u0131r\u00a0<span id=\"urn:enhancement-22685708\" class=\"textannotation\">Tahlil Ofisi<\/span><\/li>\n<li>Sunum Kutusu ile Birlikte Gelir<\/li>\n<li>Teslimat Dahil<\/li>\n<li>T\u00fcm fiyatlara KDV dahildir<\/li>\n<li>Canl\u0131 video i\u00e7in bize ula\u015f\u0131n \/ bizimle sohbet edin\u00a0<span id=\"urn:enhancement-7f5b9b21\" class=\"textannotation\">\u00fcr\u00fcn<\/span><\/li>\n<\/ul>","protected":false},"featured_media":312466,"comment_status":"closed","ping_status":"closed","template":"","meta":{"_eb_attr":"","_crsspst_to_jayantr4sg-hostcom":true},"product_brand":[],"product_cat":[1658,1659],"product_tag":[],"class_list":{"0":"post-316804","1":"product","2":"type-product","3":"status-publish","4":"has-post-thumbnail","6":"product_cat-bangle-sets","7":"product_cat-bridal-and-party-wear-gold-kada-bangle","9":"first","10":"outofstock","11":"taxable","12":"shipping-taxable","13":"product-type-grouped","14":"add-to-wishlist-before_image"},"yoast_head":"<!-- This site is optimized with the Yoast SEO plugin v27.3 - https:\/\/yoast.com\/product\/yoast-seo-wordpress\/ -->\n<title>Online 22ct Gold Sculpted Jali Bangles | PureJewels UK<\/title>\n<meta name=\"description\" content=\"Shop the 22ct Gold Sculpted Jali Bangles from PureJewels UK. Featuring continuous jali detailing with sculpted gold accents, this handcrafted pair celebrates balance, texture and tradition in radiant gold.\" \/>\n<meta name=\"robots\" content=\"index, follow, max-snippet:-1, max-image-preview:large, max-video-preview:-1\" \/>\n<link rel=\"canonical\" href=\"https:\/\/www.purejewels.com\/tr\/urun\/22-ayar-altin-jali-kadas-32351-32352\/\" \/>\n<meta property=\"og:locale\" content=\"tr_TR\" \/>\n<meta property=\"og:type\" content=\"article\" \/>\n<meta property=\"og:title\" content=\"Online 22ct Gold Sculpted Jali Bangles | PureJewels UK\" \/>\n<meta property=\"og:description\" content=\"Shop the 22ct Gold Sculpted Jali Bangles from PureJewels UK. Featuring continuous jali detailing with sculpted gold accents, this handcrafted pair celebrates balance, texture and tradition in radiant gold.\" \/>\n<meta property=\"og:url\" content=\"https:\/\/www.purejewels.com\/tr\/urun\/22-ayar-altin-jali-kadas-32351-32352\/\" \/>\n<meta property=\"og:site_name\" content=\"PureJewels UK\" \/>\n<meta property=\"article:modified_time\" content=\"2026-01-23T06:16:54+00:00\" \/>\n<meta property=\"og:image\" content=\"https:\/\/static.purejewels.com\/wp-content\/uploads\/2020\/01\/32343_32344.jpg\" \/>\n\t<meta property=\"og:image:width\" content=\"1000\" \/>\n\t<meta property=\"og:image:height\" content=\"1000\" \/>\n\t<meta property=\"og:image:type\" content=\"image\/jpeg\" \/>\n<meta name=\"twitter:card\" content=\"summary_large_image\" \/>\n<meta name=\"twitter:label1\" content=\"Tahmini okuma s\u00fcresi\" \/>\n\t<meta name=\"twitter:data1\" content=\"1 dakika\" \/>\n<script type=\"application\/ld+json\" class=\"yoast-schema-graph\">{\"@context\":\"https:\\\/\\\/schema.org\",\"@graph\":[{\"@type\":[\"WebPage\",\"ItemPage\"],\"@id\":\"https:\\\/\\\/www.purejewels.com\\\/product\\\/22ct-gold-jali-kadas-32351-32352\\\/\",\"url\":\"https:\\\/\\\/www.purejewels.com\\\/product\\\/22ct-gold-jali-kadas-32351-32352\\\/\",\"name\":\"Online 22ct Gold Sculpted Jali Bangles | PureJewels UK\",\"isPartOf\":{\"@id\":\"https:\\\/\\\/www.purejewels.com\\\/#website\"},\"primaryImageOfPage\":{\"@id\":\"https:\\\/\\\/www.purejewels.com\\\/product\\\/22ct-gold-jali-kadas-32351-32352\\\/#primaryimage\"},\"image\":{\"@id\":\"https:\\\/\\\/www.purejewels.com\\\/product\\\/22ct-gold-jali-kadas-32351-32352\\\/#primaryimage\"},\"thumbnailUrl\":\"https:\\\/\\\/static.purejewels.com\\\/wp-content\\\/uploads\\\/2020\\\/01\\\/32343_32344.jpg\",\"datePublished\":\"2020-08-19T09:54:59+00:00\",\"dateModified\":\"2026-01-23T06:16:54+00:00\",\"description\":\"Shop the 22ct Gold Sculpted Jali Bangles from PureJewels UK. Featuring continuous jali detailing with sculpted gold accents, this handcrafted pair celebrates balance, texture and tradition in radiant gold.\",\"breadcrumb\":{\"@id\":\"https:\\\/\\\/www.purejewels.com\\\/product\\\/22ct-gold-jali-kadas-32351-32352\\\/#breadcrumb\"},\"inLanguage\":\"tr\",\"potentialAction\":[{\"@type\":\"ReadAction\",\"target\":[\"https:\\\/\\\/www.purejewels.com\\\/product\\\/22ct-gold-jali-kadas-32351-32352\\\/\"]}]},{\"@type\":\"ImageObject\",\"inLanguage\":\"tr\",\"@id\":\"https:\\\/\\\/www.purejewels.com\\\/product\\\/22ct-gold-jali-kadas-32351-32352\\\/#primaryimage\",\"url\":\"https:\\\/\\\/static.purejewels.com\\\/wp-content\\\/uploads\\\/2020\\\/01\\\/32343_32344.jpg\",\"contentUrl\":\"https:\\\/\\\/static.purejewels.com\\\/wp-content\\\/uploads\\\/2020\\\/01\\\/32343_32344.jpg\",\"width\":1000,\"height\":1000,\"caption\":\"32343_32344\"},{\"@type\":\"BreadcrumbList\",\"@id\":\"https:\\\/\\\/www.purejewels.com\\\/product\\\/22ct-gold-jali-kadas-32351-32352\\\/#breadcrumb\",\"itemListElement\":[{\"@type\":\"ListItem\",\"position\":1,\"name\":\"Home\",\"item\":\"https:\\\/\\\/www.purejewels.com\\\/\"},{\"@type\":\"ListItem\",\"position\":2,\"name\":\"Shop\",\"item\":\"https:\\\/\\\/www.purejewels.com\\\/shop\\\/\"},{\"@type\":\"ListItem\",\"position\":3,\"name\":\"22ct Gold Sculpted Jali Detail Bangles Pair\"}]},{\"@type\":\"WebSite\",\"@id\":\"https:\\\/\\\/www.purejewels.com\\\/#website\",\"url\":\"https:\\\/\\\/www.purejewels.com\\\/\",\"name\":\"PureJewels UK\",\"description\":\"Share the Love\",\"publisher\":{\"@id\":\"https:\\\/\\\/www.purejewels.com\\\/#organization\"},\"potentialAction\":[{\"@type\":\"SearchAction\",\"target\":{\"@type\":\"EntryPoint\",\"urlTemplate\":\"https:\\\/\\\/www.purejewels.com\\\/?s={search_term_string}\"},\"query-input\":{\"@type\":\"PropertyValueSpecification\",\"valueRequired\":true,\"valueName\":\"search_term_string\"}}],\"inLanguage\":\"tr\"},{\"@type\":\"Organization\",\"@id\":\"https:\\\/\\\/www.purejewels.com\\\/#organization\",\"name\":\"PureJewels UK\",\"url\":\"https:\\\/\\\/www.purejewels.com\\\/\",\"logo\":{\"@type\":\"ImageObject\",\"inLanguage\":\"tr\",\"@id\":\"https:\\\/\\\/www.purejewels.com\\\/#\\\/schema\\\/logo\\\/image\\\/\",\"url\":\"https:\\\/\\\/static.purejewels.com\\\/wp-content\\\/uploads\\\/2020\\\/11\\\/Logo-PJ-New-1.png\",\"contentUrl\":\"https:\\\/\\\/static.purejewels.com\\\/wp-content\\\/uploads\\\/2020\\\/11\\\/Logo-PJ-New-1.png\",\"width\":150,\"height\":80,\"caption\":\"PureJewels UK\"},\"image\":{\"@id\":\"https:\\\/\\\/www.purejewels.com\\\/#\\\/schema\\\/logo\\\/image\\\/\"}}]}<\/script>\n<!-- \/ Yoast SEO plugin. -->","yoast_head_json":{"title":"Online 22 Ayar Alt\u0131n Heykel Jali Bileklikler | PureJewels UK","description":"PureJewels UK'den 22 Ayar Alt\u0131n Yontulmu\u015f Jali Bileklikleri sat\u0131n al\u0131n. Yontulmu\u015f alt\u0131n vurgularla kesintisiz jali detaylar\u0131na sahip bu el yap\u0131m\u0131 \u00e7ift, denge, doku ve gelene\u011fi \u0131\u015f\u0131lt\u0131l\u0131 alt\u0131nla kutluyor.","robots":{"index":"index","follow":"follow","max-snippet":"max-snippet:-1","max-image-preview":"max-image-preview:large","max-video-preview":"max-video-preview:-1"},"canonical":"https:\/\/www.purejewels.com\/tr\/urun\/22-ayar-altin-jali-kadas-32351-32352\/","og_locale":"tr_TR","og_type":"article","og_title":"Online 22ct Gold Sculpted Jali Bangles | PureJewels UK","og_description":"Shop the 22ct Gold Sculpted Jali Bangles from PureJewels UK. Featuring continuous jali detailing with sculpted gold accents, this handcrafted pair celebrates balance, texture and tradition in radiant gold.","og_url":"https:\/\/www.purejewels.com\/tr\/urun\/22-ayar-altin-jali-kadas-32351-32352\/","og_site_name":"PureJewels UK","article_modified_time":"2026-01-23T06:16:54+00:00","og_image":[{"width":1000,"height":1000,"url":"https:\/\/static.purejewels.com\/wp-content\/uploads\/2020\/01\/32343_32344.jpg","type":"image\/jpeg"}],"twitter_card":"summary_large_image","twitter_misc":{"Tahmini okuma s\u00fcresi":"1 dakika"},"schema":{"@context":"https:\/\/schema.org","@graph":[{"@type":["WebPage","ItemPage"],"@id":"https:\/\/www.purejewels.com\/product\/22ct-gold-jali-kadas-32351-32352\/","url":"https:\/\/www.purejewels.com\/product\/22ct-gold-jali-kadas-32351-32352\/","name":"Online 22 Ayar Alt\u0131n Heykel Jali Bileklikler | PureJewels UK","isPartOf":{"@id":"https:\/\/www.purejewels.com\/#website"},"primaryImageOfPage":{"@id":"https:\/\/www.purejewels.com\/product\/22ct-gold-jali-kadas-32351-32352\/#primaryimage"},"image":{"@id":"https:\/\/www.purejewels.com\/product\/22ct-gold-jali-kadas-32351-32352\/#primaryimage"},"thumbnailUrl":"https:\/\/static.purejewels.com\/wp-content\/uploads\/2020\/01\/32343_32344.jpg","datePublished":"2020-08-19T09:54:59+00:00","dateModified":"2026-01-23T06:16:54+00:00","description":"PureJewels UK'den 22 Ayar Alt\u0131n Yontulmu\u015f Jali Bileklikleri sat\u0131n al\u0131n. Yontulmu\u015f alt\u0131n vurgularla kesintisiz jali detaylar\u0131na sahip bu el yap\u0131m\u0131 \u00e7ift, denge, doku ve gelene\u011fi \u0131\u015f\u0131lt\u0131l\u0131 alt\u0131nla kutluyor.","breadcrumb":{"@id":"https:\/\/www.purejewels.com\/product\/22ct-gold-jali-kadas-32351-32352\/#breadcrumb"},"inLanguage":"tr","potentialAction":[{"@type":"ReadAction","target":["https:\/\/www.purejewels.com\/product\/22ct-gold-jali-kadas-32351-32352\/"]}]},{"@type":"ImageObject","inLanguage":"tr","@id":"https:\/\/www.purejewels.com\/product\/22ct-gold-jali-kadas-32351-32352\/#primaryimage","url":"https:\/\/static.purejewels.com\/wp-content\/uploads\/2020\/01\/32343_32344.jpg","contentUrl":"https:\/\/static.purejewels.com\/wp-content\/uploads\/2020\/01\/32343_32344.jpg","width":1000,"height":1000,"caption":"32343_32344"},{"@type":"BreadcrumbList","@id":"https:\/\/www.purejewels.com\/product\/22ct-gold-jali-kadas-32351-32352\/#breadcrumb","itemListElement":[{"@type":"ListItem","position":1,"name":"Home","item":"https:\/\/www.purejewels.com\/"},{"@type":"ListItem","position":2,"name":"Shop","item":"https:\/\/www.purejewels.com\/shop\/"},{"@type":"ListItem","position":3,"name":"22ct Gold Sculpted Jali Detail Bangles Pair"}]},{"@type":"WebSite","@id":"https:\/\/www.purejewels.com\/#website","url":"https:\/\/www.purejewels.com\/","name":"PureJewels \u0130ngiltere","description":"Sevgiyi Payla\u015f\u0131n","publisher":{"@id":"https:\/\/www.purejewels.com\/#organization"},"potentialAction":[{"@type":"SearchAction","target":{"@type":"EntryPoint","urlTemplate":"https:\/\/www.purejewels.com\/?s={search_term_string}"},"query-input":{"@type":"PropertyValueSpecification","valueRequired":true,"valueName":"search_term_string"}}],"inLanguage":"tr"},{"@type":"Organization","@id":"https:\/\/www.purejewels.com\/#organization","name":"PureJewels \u0130ngiltere","url":"https:\/\/www.purejewels.com\/","logo":{"@type":"ImageObject","inLanguage":"tr","@id":"https:\/\/www.purejewels.com\/#\/schema\/logo\/image\/","url":"https:\/\/static.purejewels.com\/wp-content\/uploads\/2020\/11\/Logo-PJ-New-1.png","contentUrl":"https:\/\/static.purejewels.com\/wp-content\/uploads\/2020\/11\/Logo-PJ-New-1.png","width":150,"height":80,"caption":"PureJewels UK"},"image":{"@id":"https:\/\/www.purejewels.com\/#\/schema\/logo\/image\/"}}]}},"_links":{"self":[{"href":"https:\/\/www.purejewels.com\/tr\/wp-json\/wp\/v2\/product\/316804","targetHints":{"allow":["GET"]}}],"collection":[{"href":"https:\/\/www.purejewels.com\/tr\/wp-json\/wp\/v2\/product"}],"about":[{"href":"https:\/\/www.purejewels.com\/tr\/wp-json\/wp\/v2\/types\/product"}],"replies":[{"embeddable":true,"href":"https:\/\/www.purejewels.com\/tr\/wp-json\/wp\/v2\/comments?post=316804"}],"version-history":[{"count":2,"href":"https:\/\/www.purejewels.com\/tr\/wp-json\/wp\/v2\/product\/316804\/revisions"}],"predecessor-version":[{"id":425146,"href":"https:\/\/www.purejewels.com\/tr\/wp-json\/wp\/v2\/product\/316804\/revisions\/425146"}],"wp:featuredmedia":[{"embeddable":true,"href":"https:\/\/www.purejewels.com\/tr\/wp-json\/wp\/v2\/media\/312466"}],"wp:attachment":[{"href":"https:\/\/www.purejewels.com\/tr\/wp-json\/wp\/v2\/media?parent=316804"}],"wp:term":[{"taxonomy":"product_brand","embeddable":true,"href":"https:\/\/www.purejewels.com\/tr\/wp-json\/wp\/v2\/product_brand?post=316804"},{"taxonomy":"product_cat","embeddable":true,"href":"https:\/\/www.purejewels.com\/tr\/wp-json\/wp\/v2\/product_cat?post=316804"},{"taxonomy":"product_tag","embeddable":true,"href":"https:\/\/www.purejewels.com\/tr\/wp-json\/wp\/v2\/product_tag?post=316804"}],"curies":[{"name":"wp","href":"https:\/\/api.w.org\/{rel}","templated":true}]}}