{"id":316807,"date":"2020-08-19T13:39:40","date_gmt":"2020-08-19T12:39:40","guid":{"rendered":"https:\/\/www.purejewels.com\/product\/22ct-gold-chain-2-9-gm-16-inches\/"},"modified":"2026-01-08T06:46:09","modified_gmt":"2026-01-08T06:46:09","slug":"22-ayar-altin-baklali-zincir-16-inc-31827","status":"publish","type":"product","link":"https:\/\/www.purejewels.com\/tr\/product\/22ct-gold-link-chain-in-16-inches-31827\/","title":{"rendered":"Unisex 22 Ayar Alt\u0131n Link Zincir - 16 \u0130n\u00e7"},"content":{"rendered":"<p>Bu 22 ayar alt\u0131n baklal\u0131 zincir, kal\u0131c\u0131 \u00e7ekicili\u011fe sahip sadeli\u011fi takdir edenler i\u00e7in tasarlanm\u0131\u015ft\u0131r. S\u0131cak sar\u0131 alt\u0131ndan \u00fcretilen birbirine ba\u011fl\u0131 halkalar, 16 in\u00e7 uzunlu\u011funda boyun \u00e7izgisine d\u00fczg\u00fcn bir \u015fekilde oturan p\u00fcr\u00fczs\u00fcz ve dengeli bir zincir olu\u015fturur.<\/p>\n<p>\u00c7ok y\u00f6nl\u00fc tasar\u0131m\u0131 onu kolyelerle e\u015fle\u015ftirmek i\u00e7in ideal bir se\u00e7im haline getirirken, zarif y\u00fczeyi minimal ve g\u00f6steri\u015fli bir g\u00f6r\u00fcn\u00fcm i\u00e7in tek ba\u015f\u0131na tak\u0131lmas\u0131na olanak tan\u0131r. G\u00fcnl\u00fck kullan\u0131m i\u00e7in rahat olan zincir, a\u011f\u0131r g\u00f6r\u00fcnmeden hem g\u00fc\u00e7 hem de \u015f\u0131kl\u0131k sunar.<\/p>\n<p>PureJewels'in kaliteli alt\u0131n i\u015f\u00e7ili\u011fine olan ba\u011fl\u0131l\u0131\u011f\u0131n\u0131 yans\u0131tan bu baklal\u0131 zincir, hem geleneksel hem de \u00e7a\u011fda\u015f stilleri tamamlayacak \u015fekilde tasarlanm\u0131\u015f olup t\u00fcm m\u00fccevher koleksiyonlar\u0131 i\u00e7in zamans\u0131z bir eklentidir.<\/p>","protected":false},"excerpt":{"rendered":"<p>Temiz ve zarif bir uyum i\u00e7in 16 in\u00e7 uzunlu\u011funda tasarlanm\u0131\u015f, zengin 22 ayar alt\u0131ndan \u00fcretilmi\u015f klasik bir baklal\u0131 zincir. Kolyeler i\u00e7in m\u00fckemmeldir veya tek ba\u015f\u0131na tak\u0131labilir.<\/p>\n<ul>\n<li>22ct\u00a0<span id=\"urn:enhancement-3873629b\" class=\"textannotation\">Alt\u0131n<\/span>\u00a0Ba\u011flant\u0131\u00a0<span id=\"urn:enhancement-93267218\" class=\"textannotation\">Zincir<\/span><\/li>\n<li><span id=\"urn:enhancement-66d5427d\" class=\"textannotation\">A\u011f\u0131rl\u0131k<\/span>\u00a02,9 gms<\/li>\n<li><span id=\"urn:enhancement-6ba649ad\" class=\"textannotation\">Uzunluk<\/span>. 16\u2033\u00a0<span id=\"urn:enhancement-40cbd893\" class=\"textannotation\">\u0130n\u00e7<\/span><\/li>\n<li><span class=\"textannotation\">Kal\u0131nl\u0131k 1.4mm<\/span><\/li>\n<li><span id=\"urn:enhancement-5ce565\" class=\"textannotation\">SKU<\/span>. 31827<\/li>\n<li>T\u00fcm\u00fc\u00a0<span id=\"urn:enhancement-1b790509\" class=\"textannotation\">fiyatlar<\/span>\u00a0KDV dahil<\/li>\n<li>22ct\u00a0<span id=\"urn:enhancement-162f3165\" class=\"textannotation\">Alt\u0131n<\/span>\u00a0Londra taraf\u0131ndan damgalanm\u0131\u015ft\u0131r\u00a0<span id=\"urn:enhancement-7fe3510d\" class=\"textannotation\">Tahlil Ofisi<\/span><\/li>\n<li>Sunum Kutusu ile Birlikte Gelir<\/li>\n<li><span id=\"urn:enhancement-6159d3ff\" class=\"textannotation\">Teslimat<\/span>\u00a0Dahil<\/li>\n<li>Canl\u0131\u00a0<span id=\"urn:enhancement-1669260d\" class=\"textannotation\">sohbet<\/span>\u00a0kullan\u0131labilirlik ve \u015fu anda mevcut olan benzer tasar\u0131mlar\u0131n daha fazla g\u00f6r\u00fcnt\u00fcs\u00fc i\u00e7in bizimle\u00a0<span id=\"urn:enhancement-973de35f\" class=\"textannotation\">stok<\/span><\/li>\n<\/ul>","protected":false},"featured_media":316810,"comment_status":"closed","ping_status":"closed","template":"","meta":{"_eb_attr":"","_crsspst_to_jayantr4sg-hostcom":false},"product_brand":[],"product_cat":[1576,1475,1772,1575],"product_tag":[1546],"class_list":{"0":"post-316807","1":"product","2":"type-product","3":"status-publish","4":"has-post-thumbnail","6":"product_cat-childrens-jewellery","7":"product_cat-gold-chains","8":"product_cat-kids-chains","9":"product_cat-teenage-jewellery","10":"product_tag-children","12":"first","13":"outofstock","14":"taxable","15":"shipping-taxable","16":"product-type-simple","17":"add-to-wishlist-before_image"},"yoast_head":"<!-- This site is optimized with the Yoast SEO plugin v27.3 - https:\/\/yoast.com\/product\/yoast-seo-wordpress\/ -->\n<title>Unisex 22ct Gold Link Chain 16 Inch | Online at PureJewels UK<\/title>\n<meta name=\"description\" content=\"Explore a classic 22ct gold link chain in a 16-inch length. A timeless gold chain by PureJewels UK, ideal for pendants or elegant everyday styling.\" \/>\n<meta name=\"robots\" content=\"index, follow, max-snippet:-1, max-image-preview:large, max-video-preview:-1\" \/>\n<link rel=\"canonical\" href=\"https:\/\/www.purejewels.com\/tr\/urun\/22-ayar-altin-baklali-zincir-16-inc-31827\/\" \/>\n<meta property=\"og:locale\" content=\"tr_TR\" \/>\n<meta property=\"og:type\" content=\"article\" \/>\n<meta property=\"og:title\" content=\"Unisex 22ct Gold Link Chain 16 Inch | Online at PureJewels UK\" \/>\n<meta property=\"og:description\" content=\"Explore a classic 22ct gold link chain in a 16-inch length. A timeless gold chain by PureJewels UK, ideal for pendants or elegant everyday styling.\" \/>\n<meta property=\"og:url\" content=\"https:\/\/www.purejewels.com\/tr\/urun\/22-ayar-altin-baklali-zincir-16-inc-31827\/\" \/>\n<meta property=\"og:site_name\" content=\"PureJewels UK\" \/>\n<meta property=\"article:modified_time\" content=\"2026-01-08T06:46:09+00:00\" \/>\n<meta property=\"og:image\" content=\"https:\/\/static.purejewels.com\/wp-content\/uploads\/2020\/08\/image181861613.jpg\" \/>\n\t<meta property=\"og:image:width\" content=\"1000\" \/>\n\t<meta property=\"og:image:height\" content=\"1000\" \/>\n\t<meta property=\"og:image:type\" content=\"image\/jpeg\" \/>\n<meta name=\"twitter:card\" content=\"summary_large_image\" \/>\n<meta name=\"twitter:label1\" content=\"Tahmini okuma s\u00fcresi\" \/>\n\t<meta name=\"twitter:data1\" content=\"1 dakika\" \/>\n<script type=\"application\/ld+json\" class=\"yoast-schema-graph\">{\"@context\":\"https:\\\/\\\/schema.org\",\"@graph\":[{\"@type\":[\"WebPage\",\"ItemPage\"],\"@id\":\"https:\\\/\\\/www.purejewels.com\\\/product\\\/22ct-gold-link-chain-in-16-inches-31827\\\/\",\"url\":\"https:\\\/\\\/www.purejewels.com\\\/product\\\/22ct-gold-link-chain-in-16-inches-31827\\\/\",\"name\":\"Unisex 22ct Gold Link Chain 16 Inch | Online at PureJewels UK\",\"isPartOf\":{\"@id\":\"https:\\\/\\\/www.purejewels.com\\\/#website\"},\"primaryImageOfPage\":{\"@id\":\"https:\\\/\\\/www.purejewels.com\\\/product\\\/22ct-gold-link-chain-in-16-inches-31827\\\/#primaryimage\"},\"image\":{\"@id\":\"https:\\\/\\\/www.purejewels.com\\\/product\\\/22ct-gold-link-chain-in-16-inches-31827\\\/#primaryimage\"},\"thumbnailUrl\":\"https:\\\/\\\/static.purejewels.com\\\/wp-content\\\/uploads\\\/2020\\\/08\\\/image181861613.jpg\",\"datePublished\":\"2020-08-19T12:39:40+00:00\",\"dateModified\":\"2026-01-08T06:46:09+00:00\",\"description\":\"Explore a classic 22ct gold link chain in a 16-inch length. A timeless gold chain by PureJewels UK, ideal for pendants or elegant everyday styling.\",\"breadcrumb\":{\"@id\":\"https:\\\/\\\/www.purejewels.com\\\/product\\\/22ct-gold-link-chain-in-16-inches-31827\\\/#breadcrumb\"},\"inLanguage\":\"tr\",\"potentialAction\":[{\"@type\":\"ReadAction\",\"target\":[\"https:\\\/\\\/www.purejewels.com\\\/product\\\/22ct-gold-link-chain-in-16-inches-31827\\\/\"]}]},{\"@type\":\"ImageObject\",\"inLanguage\":\"tr\",\"@id\":\"https:\\\/\\\/www.purejewels.com\\\/product\\\/22ct-gold-link-chain-in-16-inches-31827\\\/#primaryimage\",\"url\":\"https:\\\/\\\/static.purejewels.com\\\/wp-content\\\/uploads\\\/2020\\\/08\\\/image181861613.jpg\",\"contentUrl\":\"https:\\\/\\\/static.purejewels.com\\\/wp-content\\\/uploads\\\/2020\\\/08\\\/image181861613.jpg\",\"width\":1000,\"height\":1000,\"caption\":\"22ct Gold Chain 16 Inches Double Flat Trace Link CHDT010\"},{\"@type\":\"BreadcrumbList\",\"@id\":\"https:\\\/\\\/www.purejewels.com\\\/product\\\/22ct-gold-link-chain-in-16-inches-31827\\\/#breadcrumb\",\"itemListElement\":[{\"@type\":\"ListItem\",\"position\":1,\"name\":\"Home\",\"item\":\"https:\\\/\\\/www.purejewels.com\\\/\"},{\"@type\":\"ListItem\",\"position\":2,\"name\":\"Shop\",\"item\":\"https:\\\/\\\/www.purejewels.com\\\/shop\\\/\"},{\"@type\":\"ListItem\",\"position\":3,\"name\":\"Unisex 22ct Gold Link Chain \u2013 16 Inches\"}]},{\"@type\":\"WebSite\",\"@id\":\"https:\\\/\\\/www.purejewels.com\\\/#website\",\"url\":\"https:\\\/\\\/www.purejewels.com\\\/\",\"name\":\"PureJewels UK\",\"description\":\"Share the Love\",\"publisher\":{\"@id\":\"https:\\\/\\\/www.purejewels.com\\\/#organization\"},\"potentialAction\":[{\"@type\":\"SearchAction\",\"target\":{\"@type\":\"EntryPoint\",\"urlTemplate\":\"https:\\\/\\\/www.purejewels.com\\\/?s={search_term_string}\"},\"query-input\":{\"@type\":\"PropertyValueSpecification\",\"valueRequired\":true,\"valueName\":\"search_term_string\"}}],\"inLanguage\":\"tr\"},{\"@type\":\"Organization\",\"@id\":\"https:\\\/\\\/www.purejewels.com\\\/#organization\",\"name\":\"PureJewels UK\",\"url\":\"https:\\\/\\\/www.purejewels.com\\\/\",\"logo\":{\"@type\":\"ImageObject\",\"inLanguage\":\"tr\",\"@id\":\"https:\\\/\\\/www.purejewels.com\\\/#\\\/schema\\\/logo\\\/image\\\/\",\"url\":\"https:\\\/\\\/static.purejewels.com\\\/wp-content\\\/uploads\\\/2020\\\/11\\\/Logo-PJ-New-1.png\",\"contentUrl\":\"https:\\\/\\\/static.purejewels.com\\\/wp-content\\\/uploads\\\/2020\\\/11\\\/Logo-PJ-New-1.png\",\"width\":150,\"height\":80,\"caption\":\"PureJewels UK\"},\"image\":{\"@id\":\"https:\\\/\\\/www.purejewels.com\\\/#\\\/schema\\\/logo\\\/image\\\/\"}}]}<\/script>\n<!-- \/ Yoast SEO plugin. -->","yoast_head_json":{"title":"Unisex 22 Ayar Alt\u0131n Link Zincir 16 \u0130n\u00e7 | PureJewels UK'de Online","description":"16 in\u00e7 uzunlu\u011fundaki klasik 22 ayar alt\u0131n baklal\u0131 zinciri ke\u015ffedin. PureJewels UK'den kolye u\u00e7lar\u0131 veya zarif g\u00fcnl\u00fck stil i\u00e7in ideal, zamans\u0131z bir alt\u0131n zincir.","robots":{"index":"index","follow":"follow","max-snippet":"max-snippet:-1","max-image-preview":"max-image-preview:large","max-video-preview":"max-video-preview:-1"},"canonical":"https:\/\/www.purejewels.com\/tr\/urun\/22-ayar-altin-baklali-zincir-16-inc-31827\/","og_locale":"tr_TR","og_type":"article","og_title":"Unisex 22ct Gold Link Chain 16 Inch | Online at PureJewels UK","og_description":"Explore a classic 22ct gold link chain in a 16-inch length. A timeless gold chain by PureJewels UK, ideal for pendants or elegant everyday styling.","og_url":"https:\/\/www.purejewels.com\/tr\/urun\/22-ayar-altin-baklali-zincir-16-inc-31827\/","og_site_name":"PureJewels UK","article_modified_time":"2026-01-08T06:46:09+00:00","og_image":[{"width":1000,"height":1000,"url":"https:\/\/static.purejewels.com\/wp-content\/uploads\/2020\/08\/image181861613.jpg","type":"image\/jpeg"}],"twitter_card":"summary_large_image","twitter_misc":{"Tahmini okuma s\u00fcresi":"1 dakika"},"schema":{"@context":"https:\/\/schema.org","@graph":[{"@type":["WebPage","ItemPage"],"@id":"https:\/\/www.purejewels.com\/product\/22ct-gold-link-chain-in-16-inches-31827\/","url":"https:\/\/www.purejewels.com\/product\/22ct-gold-link-chain-in-16-inches-31827\/","name":"Unisex 22 Ayar Alt\u0131n Link Zincir 16 \u0130n\u00e7 | PureJewels UK'de Online","isPartOf":{"@id":"https:\/\/www.purejewels.com\/#website"},"primaryImageOfPage":{"@id":"https:\/\/www.purejewels.com\/product\/22ct-gold-link-chain-in-16-inches-31827\/#primaryimage"},"image":{"@id":"https:\/\/www.purejewels.com\/product\/22ct-gold-link-chain-in-16-inches-31827\/#primaryimage"},"thumbnailUrl":"https:\/\/static.purejewels.com\/wp-content\/uploads\/2020\/08\/image181861613.jpg","datePublished":"2020-08-19T12:39:40+00:00","dateModified":"2026-01-08T06:46:09+00:00","description":"16 in\u00e7 uzunlu\u011fundaki klasik 22 ayar alt\u0131n baklal\u0131 zinciri ke\u015ffedin. PureJewels UK'den kolye u\u00e7lar\u0131 veya zarif g\u00fcnl\u00fck stil i\u00e7in ideal, zamans\u0131z bir alt\u0131n zincir.","breadcrumb":{"@id":"https:\/\/www.purejewels.com\/product\/22ct-gold-link-chain-in-16-inches-31827\/#breadcrumb"},"inLanguage":"tr","potentialAction":[{"@type":"ReadAction","target":["https:\/\/www.purejewels.com\/product\/22ct-gold-link-chain-in-16-inches-31827\/"]}]},{"@type":"ImageObject","inLanguage":"tr","@id":"https:\/\/www.purejewels.com\/product\/22ct-gold-link-chain-in-16-inches-31827\/#primaryimage","url":"https:\/\/static.purejewels.com\/wp-content\/uploads\/2020\/08\/image181861613.jpg","contentUrl":"https:\/\/static.purejewels.com\/wp-content\/uploads\/2020\/08\/image181861613.jpg","width":1000,"height":1000,"caption":"22ct Gold Chain 16 Inches Double Flat Trace Link CHDT010"},{"@type":"BreadcrumbList","@id":"https:\/\/www.purejewels.com\/product\/22ct-gold-link-chain-in-16-inches-31827\/#breadcrumb","itemListElement":[{"@type":"ListItem","position":1,"name":"Home","item":"https:\/\/www.purejewels.com\/"},{"@type":"ListItem","position":2,"name":"Shop","item":"https:\/\/www.purejewels.com\/shop\/"},{"@type":"ListItem","position":3,"name":"Unisex 22ct Gold Link Chain \u2013 16 Inches"}]},{"@type":"WebSite","@id":"https:\/\/www.purejewels.com\/#website","url":"https:\/\/www.purejewels.com\/","name":"PureJewels \u0130ngiltere","description":"Sevgiyi Payla\u015f\u0131n","publisher":{"@id":"https:\/\/www.purejewels.com\/#organization"},"potentialAction":[{"@type":"SearchAction","target":{"@type":"EntryPoint","urlTemplate":"https:\/\/www.purejewels.com\/?s={search_term_string}"},"query-input":{"@type":"PropertyValueSpecification","valueRequired":true,"valueName":"search_term_string"}}],"inLanguage":"tr"},{"@type":"Organization","@id":"https:\/\/www.purejewels.com\/#organization","name":"PureJewels \u0130ngiltere","url":"https:\/\/www.purejewels.com\/","logo":{"@type":"ImageObject","inLanguage":"tr","@id":"https:\/\/www.purejewels.com\/#\/schema\/logo\/image\/","url":"https:\/\/static.purejewels.com\/wp-content\/uploads\/2020\/11\/Logo-PJ-New-1.png","contentUrl":"https:\/\/static.purejewels.com\/wp-content\/uploads\/2020\/11\/Logo-PJ-New-1.png","width":150,"height":80,"caption":"PureJewels UK"},"image":{"@id":"https:\/\/www.purejewels.com\/#\/schema\/logo\/image\/"}}]}},"_links":{"self":[{"href":"https:\/\/www.purejewels.com\/tr\/wp-json\/wp\/v2\/product\/316807","targetHints":{"allow":["GET"]}}],"collection":[{"href":"https:\/\/www.purejewels.com\/tr\/wp-json\/wp\/v2\/product"}],"about":[{"href":"https:\/\/www.purejewels.com\/tr\/wp-json\/wp\/v2\/types\/product"}],"replies":[{"embeddable":true,"href":"https:\/\/www.purejewels.com\/tr\/wp-json\/wp\/v2\/comments?post=316807"}],"version-history":[{"count":3,"href":"https:\/\/www.purejewels.com\/tr\/wp-json\/wp\/v2\/product\/316807\/revisions"}],"predecessor-version":[{"id":424317,"href":"https:\/\/www.purejewels.com\/tr\/wp-json\/wp\/v2\/product\/316807\/revisions\/424317"}],"wp:featuredmedia":[{"embeddable":true,"href":"https:\/\/www.purejewels.com\/tr\/wp-json\/wp\/v2\/media\/316810"}],"wp:attachment":[{"href":"https:\/\/www.purejewels.com\/tr\/wp-json\/wp\/v2\/media?parent=316807"}],"wp:term":[{"taxonomy":"product_brand","embeddable":true,"href":"https:\/\/www.purejewels.com\/tr\/wp-json\/wp\/v2\/product_brand?post=316807"},{"taxonomy":"product_cat","embeddable":true,"href":"https:\/\/www.purejewels.com\/tr\/wp-json\/wp\/v2\/product_cat?post=316807"},{"taxonomy":"product_tag","embeddable":true,"href":"https:\/\/www.purejewels.com\/tr\/wp-json\/wp\/v2\/product_tag?post=316807"}],"curies":[{"name":"wp","href":"https:\/\/api.w.org\/{rel}","templated":true}]}}