{"id":316821,"date":"2020-08-20T05:43:19","date_gmt":"2020-08-20T04:43:19","guid":{"rendered":"https:\/\/www.purejewels.com\/product\/22ct-gold-chain-3-2-gm-18-inches-2\/"},"modified":"2026-01-23T07:22:16","modified_gmt":"2026-01-23T07:22:16","slug":"22-ayar-altin-baklali-zincir-31806","status":"publish","type":"product","link":"https:\/\/www.purejewels.com\/tr\/product\/22ct-gold-link-chain-31806\/","title":{"rendered":"22 Ayar Sar\u0131 Alt\u0131n \u0130nce Baklal\u0131 Zincir - 18 \u0130n\u00e7"},"content":{"rendered":"<p>Tasar\u0131m<\/p>\n<p>Bu ince baklal\u0131 zincir, boyun \u00e7izgisi etraf\u0131nda p\u00fcr\u00fczs\u00fcz ve ak\u0131c\u0131 bir \u00e7izgi olu\u015fturan birbirine yak\u0131n, tek tip baklalar\u0131yla tan\u0131mlan\u0131r. Minimal ama \u00f6zenli tasar\u0131m\u0131, sessiz duru\u015fu ve \u00e7ok y\u00f6nl\u00fcl\u00fc\u011f\u00fcyle g\u00fcnl\u00fck kullan\u0131m i\u00e7in vazge\u00e7ilmez bir alt\u0131n zincirdir.<\/p>\n<p>Zanaatkarl\u0131k<\/p>\n<p>22 ayar sar\u0131 alt\u0131ndan el i\u015f\u00e7ili\u011fiyle \u00fcretilen zincir, esneklik, sa\u011flaml\u0131k ve rahat bir \u00f6rt\u00fc sa\u011flamak i\u00e7in \u00f6zenle bir araya getirilmi\u015ftir. Her bir bakla, alt\u0131n\u0131n do\u011fal s\u0131cakl\u0131\u011f\u0131n\u0131 art\u0131ran yumu\u015fak bir cilayla tamamlanm\u0131\u015ft\u0131r. Zincir g\u00fcvenilir bir toka ile sabitlenmi\u015f ve safl\u0131k sertifikas\u0131 i\u00e7in \u0130ngiltere'de damgalanm\u0131\u015ft\u0131r.<\/p>\n<p>\u015eekillendirme &amp; Hediyele\u015fme<\/p>\n<p>Sade ve abart\u0131s\u0131z bir g\u00f6r\u00fcn\u00fcm i\u00e7in tek ba\u015f\u0131na veya kolye u\u00e7lar\u0131 ve di\u011fer ince zincirlerle katmanl\u0131 olarak tak\u0131labilir. Bu 18 in\u00e7lik alt\u0131n zincir, do\u011fum g\u00fcnleri, y\u0131ld\u00f6n\u00fcmleri ve g\u00fcnl\u00fck d\u00f6n\u00fcm noktalar\u0131 i\u00e7in kal\u0131c\u0131 bir stil ve kal\u0131c\u0131 de\u011fer sunan d\u00fc\u015f\u00fcnceli bir hediyedir.<\/p>","protected":false},"excerpt":{"rendered":"<ul>\n<li>18 \u0130n\u00e7 22 Ayar Alt\u0131n Link Zincir<\/li>\n<li>A\u011f\u0131rl\u0131k  3,2 gms<\/li>\n<li>Uzunluk 18 \u0130n\u00e7<\/li>\n<li>Kal\u0131nl\u0131k 1.4mm<\/li>\n<li>SKU.31806<\/li>\n<li>T\u00fcm fiyatlara KDV dahildir<\/li>\n<li>Londra Tahlil Ofisi Taraf\u0131ndan Damgalanm\u0131\u015f 22 Ayar Alt\u0131n<\/li>\n<li>Sunum Kutusu ile Birlikte Gelir<\/li>\n<li>Teslimat Dahil<\/li>\n<li>Canl\u0131\u00a0<span id=\"urn:enhancement-1669260d\" class=\"textannotation\">sohbet<\/span>\u00a0kullan\u0131labilirlik ve \u015fu anda mevcut olan benzer tasar\u0131mlar\u0131n daha fazla g\u00f6r\u00fcnt\u00fcs\u00fc i\u00e7in bizimle\u00a0<span id=\"urn:enhancement-973de35f\" class=\"textannotation\">stok<\/span><\/li>\n<\/ul>","protected":false},"featured_media":326512,"comment_status":"closed","ping_status":"closed","template":"","meta":{"_eb_attr":"","_crsspst_to_jayantr4sg-hostcom":false},"product_brand":[],"product_cat":[1576,1475,1772,1773,1575,1574],"product_tag":[],"class_list":{"0":"post-316821","1":"product","2":"type-product","3":"status-publish","4":"has-post-thumbnail","6":"product_cat-childrens-jewellery","7":"product_cat-gold-chains","8":"product_cat-kids-chains","9":"product_cat-ladies-chains","10":"product_cat-teenage-jewellery","11":"product_cat-womens-jewellery","13":"first","14":"outofstock","15":"taxable","16":"shipping-taxable","17":"product-type-simple","18":"add-to-wishlist-before_image"},"yoast_head":"<!-- This site is optimized with the Yoast SEO plugin v27.3 - https:\/\/yoast.com\/product\/yoast-seo-wordpress\/ -->\n<title>22ct Yellow Gold Fine Link Chain (18 Inch) | PureJewels UK<\/title>\n<meta name=\"description\" content=\"Shop the 22ct Yellow Gold Fine Link Chain in 18 inches from PureJewels UK. Featuring closely connected links, this handcrafted chain offers everyday elegance in radiant gold.\" \/>\n<meta name=\"robots\" content=\"index, follow, max-snippet:-1, max-image-preview:large, max-video-preview:-1\" \/>\n<link rel=\"canonical\" href=\"https:\/\/www.purejewels.com\/tr\/urun\/22-ayar-altin-baklali-zincir-31806\/\" \/>\n<meta property=\"og:locale\" content=\"tr_TR\" \/>\n<meta property=\"og:type\" content=\"article\" \/>\n<meta property=\"og:title\" content=\"22ct Yellow Gold Fine Link Chain (18 Inch) | PureJewels UK\" \/>\n<meta property=\"og:description\" content=\"Shop the 22ct Yellow Gold Fine Link Chain in 18 inches from PureJewels UK. Featuring closely connected links, this handcrafted chain offers everyday elegance in radiant gold.\" \/>\n<meta property=\"og:url\" content=\"https:\/\/www.purejewels.com\/tr\/urun\/22-ayar-altin-baklali-zincir-31806\/\" \/>\n<meta property=\"og:site_name\" content=\"PureJewels UK\" \/>\n<meta property=\"article:modified_time\" content=\"2026-01-23T07:22:16+00:00\" \/>\n<meta property=\"og:image\" content=\"https:\/\/static.purejewels.com\/wp-content\/uploads\/2021\/09\/image200390422.jpg\" \/>\n\t<meta property=\"og:image:width\" content=\"1000\" \/>\n\t<meta property=\"og:image:height\" content=\"1000\" \/>\n\t<meta property=\"og:image:type\" content=\"image\/jpeg\" \/>\n<meta name=\"twitter:card\" content=\"summary_large_image\" \/>\n<meta name=\"twitter:label1\" content=\"Tahmini okuma s\u00fcresi\" \/>\n\t<meta name=\"twitter:data1\" content=\"1 dakika\" \/>\n<script type=\"application\/ld+json\" class=\"yoast-schema-graph\">{\"@context\":\"https:\\\/\\\/schema.org\",\"@graph\":[{\"@type\":[\"WebPage\",\"ItemPage\"],\"@id\":\"https:\\\/\\\/www.purejewels.com\\\/product\\\/22ct-gold-link-chain-31806\\\/\",\"url\":\"https:\\\/\\\/www.purejewels.com\\\/product\\\/22ct-gold-link-chain-31806\\\/\",\"name\":\"22ct Yellow Gold Fine Link Chain (18 Inch) | PureJewels UK\",\"isPartOf\":{\"@id\":\"https:\\\/\\\/www.purejewels.com\\\/#website\"},\"primaryImageOfPage\":{\"@id\":\"https:\\\/\\\/www.purejewels.com\\\/product\\\/22ct-gold-link-chain-31806\\\/#primaryimage\"},\"image\":{\"@id\":\"https:\\\/\\\/www.purejewels.com\\\/product\\\/22ct-gold-link-chain-31806\\\/#primaryimage\"},\"thumbnailUrl\":\"https:\\\/\\\/static.purejewels.com\\\/wp-content\\\/uploads\\\/2021\\\/09\\\/image200390422.jpg\",\"datePublished\":\"2020-08-20T04:43:19+00:00\",\"dateModified\":\"2026-01-23T07:22:16+00:00\",\"description\":\"Shop the 22ct Yellow Gold Fine Link Chain in 18 inches from PureJewels UK. Featuring closely connected links, this handcrafted chain offers everyday elegance in radiant gold.\",\"breadcrumb\":{\"@id\":\"https:\\\/\\\/www.purejewels.com\\\/product\\\/22ct-gold-link-chain-31806\\\/#breadcrumb\"},\"inLanguage\":\"tr\",\"potentialAction\":[{\"@type\":\"ReadAction\",\"target\":[\"https:\\\/\\\/www.purejewels.com\\\/product\\\/22ct-gold-link-chain-31806\\\/\"]}]},{\"@type\":\"ImageObject\",\"inLanguage\":\"tr\",\"@id\":\"https:\\\/\\\/www.purejewels.com\\\/product\\\/22ct-gold-link-chain-31806\\\/#primaryimage\",\"url\":\"https:\\\/\\\/static.purejewels.com\\\/wp-content\\\/uploads\\\/2021\\\/09\\\/image200390422.jpg\",\"contentUrl\":\"https:\\\/\\\/static.purejewels.com\\\/wp-content\\\/uploads\\\/2021\\\/09\\\/image200390422.jpg\",\"width\":1000,\"height\":1000},{\"@type\":\"BreadcrumbList\",\"@id\":\"https:\\\/\\\/www.purejewels.com\\\/product\\\/22ct-gold-link-chain-31806\\\/#breadcrumb\",\"itemListElement\":[{\"@type\":\"ListItem\",\"position\":1,\"name\":\"Home\",\"item\":\"https:\\\/\\\/www.purejewels.com\\\/\"},{\"@type\":\"ListItem\",\"position\":2,\"name\":\"Shop\",\"item\":\"https:\\\/\\\/www.purejewels.com\\\/shop\\\/\"},{\"@type\":\"ListItem\",\"position\":3,\"name\":\"22ct Yellow Gold Fine Link Chain \u2013 18 Inches\"}]},{\"@type\":\"WebSite\",\"@id\":\"https:\\\/\\\/www.purejewels.com\\\/#website\",\"url\":\"https:\\\/\\\/www.purejewels.com\\\/\",\"name\":\"PureJewels UK\",\"description\":\"Share the Love\",\"publisher\":{\"@id\":\"https:\\\/\\\/www.purejewels.com\\\/#organization\"},\"potentialAction\":[{\"@type\":\"SearchAction\",\"target\":{\"@type\":\"EntryPoint\",\"urlTemplate\":\"https:\\\/\\\/www.purejewels.com\\\/?s={search_term_string}\"},\"query-input\":{\"@type\":\"PropertyValueSpecification\",\"valueRequired\":true,\"valueName\":\"search_term_string\"}}],\"inLanguage\":\"tr\"},{\"@type\":\"Organization\",\"@id\":\"https:\\\/\\\/www.purejewels.com\\\/#organization\",\"name\":\"PureJewels UK\",\"url\":\"https:\\\/\\\/www.purejewels.com\\\/\",\"logo\":{\"@type\":\"ImageObject\",\"inLanguage\":\"tr\",\"@id\":\"https:\\\/\\\/www.purejewels.com\\\/#\\\/schema\\\/logo\\\/image\\\/\",\"url\":\"https:\\\/\\\/static.purejewels.com\\\/wp-content\\\/uploads\\\/2020\\\/11\\\/Logo-PJ-New-1.png\",\"contentUrl\":\"https:\\\/\\\/static.purejewels.com\\\/wp-content\\\/uploads\\\/2020\\\/11\\\/Logo-PJ-New-1.png\",\"width\":150,\"height\":80,\"caption\":\"PureJewels UK\"},\"image\":{\"@id\":\"https:\\\/\\\/www.purejewels.com\\\/#\\\/schema\\\/logo\\\/image\\\/\"}}]}<\/script>\n<!-- \/ Yoast SEO plugin. -->","yoast_head_json":{"title":"22 Ayar Sar\u0131 Alt\u0131n \u0130nce Baklal\u0131 Zincir (18 \u0130n\u00e7) | PureJewels UK","description":"PureJewels UK'den 18 in\u00e7lik 22 Ayar Sar\u0131 Alt\u0131n \u0130nce Baklal\u0131 Zincir sat\u0131n al\u0131n. Birbirine s\u0131k\u0131ca ba\u011fl\u0131 baklalara sahip bu el yap\u0131m\u0131 zincir, \u0131\u015f\u0131lt\u0131l\u0131 alt\u0131n rengiyle g\u00fcnl\u00fck \u015f\u0131kl\u0131k sunuyor.","robots":{"index":"index","follow":"follow","max-snippet":"max-snippet:-1","max-image-preview":"max-image-preview:large","max-video-preview":"max-video-preview:-1"},"canonical":"https:\/\/www.purejewels.com\/tr\/urun\/22-ayar-altin-baklali-zincir-31806\/","og_locale":"tr_TR","og_type":"article","og_title":"22ct Yellow Gold Fine Link Chain (18 Inch) | PureJewels UK","og_description":"Shop the 22ct Yellow Gold Fine Link Chain in 18 inches from PureJewels UK. Featuring closely connected links, this handcrafted chain offers everyday elegance in radiant gold.","og_url":"https:\/\/www.purejewels.com\/tr\/urun\/22-ayar-altin-baklali-zincir-31806\/","og_site_name":"PureJewels UK","article_modified_time":"2026-01-23T07:22:16+00:00","og_image":[{"width":1000,"height":1000,"url":"https:\/\/static.purejewels.com\/wp-content\/uploads\/2021\/09\/image200390422.jpg","type":"image\/jpeg"}],"twitter_card":"summary_large_image","twitter_misc":{"Tahmini okuma s\u00fcresi":"1 dakika"},"schema":{"@context":"https:\/\/schema.org","@graph":[{"@type":["WebPage","ItemPage"],"@id":"https:\/\/www.purejewels.com\/product\/22ct-gold-link-chain-31806\/","url":"https:\/\/www.purejewels.com\/product\/22ct-gold-link-chain-31806\/","name":"22 Ayar Sar\u0131 Alt\u0131n \u0130nce Baklal\u0131 Zincir (18 \u0130n\u00e7) | PureJewels UK","isPartOf":{"@id":"https:\/\/www.purejewels.com\/#website"},"primaryImageOfPage":{"@id":"https:\/\/www.purejewels.com\/product\/22ct-gold-link-chain-31806\/#primaryimage"},"image":{"@id":"https:\/\/www.purejewels.com\/product\/22ct-gold-link-chain-31806\/#primaryimage"},"thumbnailUrl":"https:\/\/static.purejewels.com\/wp-content\/uploads\/2021\/09\/image200390422.jpg","datePublished":"2020-08-20T04:43:19+00:00","dateModified":"2026-01-23T07:22:16+00:00","description":"PureJewels UK'den 18 in\u00e7lik 22 Ayar Sar\u0131 Alt\u0131n \u0130nce Baklal\u0131 Zincir sat\u0131n al\u0131n. Birbirine s\u0131k\u0131ca ba\u011fl\u0131 baklalara sahip bu el yap\u0131m\u0131 zincir, \u0131\u015f\u0131lt\u0131l\u0131 alt\u0131n rengiyle g\u00fcnl\u00fck \u015f\u0131kl\u0131k sunuyor.","breadcrumb":{"@id":"https:\/\/www.purejewels.com\/product\/22ct-gold-link-chain-31806\/#breadcrumb"},"inLanguage":"tr","potentialAction":[{"@type":"ReadAction","target":["https:\/\/www.purejewels.com\/product\/22ct-gold-link-chain-31806\/"]}]},{"@type":"ImageObject","inLanguage":"tr","@id":"https:\/\/www.purejewels.com\/product\/22ct-gold-link-chain-31806\/#primaryimage","url":"https:\/\/static.purejewels.com\/wp-content\/uploads\/2021\/09\/image200390422.jpg","contentUrl":"https:\/\/static.purejewels.com\/wp-content\/uploads\/2021\/09\/image200390422.jpg","width":1000,"height":1000},{"@type":"BreadcrumbList","@id":"https:\/\/www.purejewels.com\/product\/22ct-gold-link-chain-31806\/#breadcrumb","itemListElement":[{"@type":"ListItem","position":1,"name":"Home","item":"https:\/\/www.purejewels.com\/"},{"@type":"ListItem","position":2,"name":"Shop","item":"https:\/\/www.purejewels.com\/shop\/"},{"@type":"ListItem","position":3,"name":"22ct Yellow Gold Fine Link Chain \u2013 18 Inches"}]},{"@type":"WebSite","@id":"https:\/\/www.purejewels.com\/#website","url":"https:\/\/www.purejewels.com\/","name":"PureJewels \u0130ngiltere","description":"Sevgiyi Payla\u015f\u0131n","publisher":{"@id":"https:\/\/www.purejewels.com\/#organization"},"potentialAction":[{"@type":"SearchAction","target":{"@type":"EntryPoint","urlTemplate":"https:\/\/www.purejewels.com\/?s={search_term_string}"},"query-input":{"@type":"PropertyValueSpecification","valueRequired":true,"valueName":"search_term_string"}}],"inLanguage":"tr"},{"@type":"Organization","@id":"https:\/\/www.purejewels.com\/#organization","name":"PureJewels \u0130ngiltere","url":"https:\/\/www.purejewels.com\/","logo":{"@type":"ImageObject","inLanguage":"tr","@id":"https:\/\/www.purejewels.com\/#\/schema\/logo\/image\/","url":"https:\/\/static.purejewels.com\/wp-content\/uploads\/2020\/11\/Logo-PJ-New-1.png","contentUrl":"https:\/\/static.purejewels.com\/wp-content\/uploads\/2020\/11\/Logo-PJ-New-1.png","width":150,"height":80,"caption":"PureJewels UK"},"image":{"@id":"https:\/\/www.purejewels.com\/#\/schema\/logo\/image\/"}}]}},"_links":{"self":[{"href":"https:\/\/www.purejewels.com\/tr\/wp-json\/wp\/v2\/product\/316821","targetHints":{"allow":["GET"]}}],"collection":[{"href":"https:\/\/www.purejewels.com\/tr\/wp-json\/wp\/v2\/product"}],"about":[{"href":"https:\/\/www.purejewels.com\/tr\/wp-json\/wp\/v2\/types\/product"}],"replies":[{"embeddable":true,"href":"https:\/\/www.purejewels.com\/tr\/wp-json\/wp\/v2\/comments?post=316821"}],"version-history":[{"count":3,"href":"https:\/\/www.purejewels.com\/tr\/wp-json\/wp\/v2\/product\/316821\/revisions"}],"predecessor-version":[{"id":425154,"href":"https:\/\/www.purejewels.com\/tr\/wp-json\/wp\/v2\/product\/316821\/revisions\/425154"}],"wp:featuredmedia":[{"embeddable":true,"href":"https:\/\/www.purejewels.com\/tr\/wp-json\/wp\/v2\/media\/326512"}],"wp:attachment":[{"href":"https:\/\/www.purejewels.com\/tr\/wp-json\/wp\/v2\/media?parent=316821"}],"wp:term":[{"taxonomy":"product_brand","embeddable":true,"href":"https:\/\/www.purejewels.com\/tr\/wp-json\/wp\/v2\/product_brand?post=316821"},{"taxonomy":"product_cat","embeddable":true,"href":"https:\/\/www.purejewels.com\/tr\/wp-json\/wp\/v2\/product_cat?post=316821"},{"taxonomy":"product_tag","embeddable":true,"href":"https:\/\/www.purejewels.com\/tr\/wp-json\/wp\/v2\/product_tag?post=316821"}],"curies":[{"name":"wp","href":"https:\/\/api.w.org\/{rel}","templated":true}]}}