{"id":317050,"date":"2020-09-07T07:22:49","date_gmt":"2020-09-07T06:22:49","guid":{"rendered":"https:\/\/www.purejewels.com\/product\/22ct-gold-ladies-bracelet-9-6gm\/"},"modified":"2026-01-23T06:31:34","modified_gmt":"2026-01-23T06:31:34","slug":"22-ayar-altin-bayan-bileklik-33075","status":"publish","type":"product","link":"https:\/\/www.purejewels.com\/tr\/product\/22ct-gold-ladies-bracelet-33075\/","title":{"rendered":"Rodyum Kaplamal\u0131 22 Ayar Sar\u0131 Alt\u0131n Alternatif Boncuklu Bileklik"},"content":{"rendered":"<p>Tasar\u0131m<\/p>\n<p>Bu bileklik, s\u0131cak sar\u0131 alt\u0131n ve so\u011fuk rodyum cilal\u0131 vurgular aras\u0131nda de\u011fi\u015fen ritmik bir k\u00fcresel boncuk dizisiyle tasarlanm\u0131\u015ft\u0131r. Kontrast g\u00f6rsel derinlik yarat\u0131rken bile\u011fe rahat\u00e7a oturan hafif ve dengeli bir siluet sa\u011flar.<\/p>\n<p>Zanaatkarl\u0131k<\/p>\n<p>22 ayar sar\u0131 alt\u0131ndan el i\u015f\u00e7ili\u011fiyle \u00fcretilen her bir boncuk, doku ve cilay\u0131 vurgulamak i\u00e7in ayr\u0131 ayr\u0131 detayland\u0131r\u0131lm\u0131\u015f ve tamamlanm\u0131\u015ft\u0131r. Rodyum vurgular dayan\u0131kl\u0131l\u0131\u011f\u0131 ve belirginli\u011fi art\u0131r\u0131rken \u00e7a\u011fda\u015f bir hava katar. Klasik bir toka ile sabitlenen bileklik, safl\u0131k sertifikas\u0131 i\u00e7in \u0130ngiltere'de damgalanm\u0131\u015ft\u0131r.<\/p>\n<p>\u015eekillendirme &amp; Hediyele\u015fme<\/p>\n<p>G\u00fcnl\u00fck kullan\u0131m i\u00e7in m\u00fckemmel olan bu bileklik, hem alt\u0131n hem de kar\u0131\u015f\u0131k metal tak\u0131larla zahmetsizce e\u015fle\u015fir. Zarif bir ifade i\u00e7in tek ba\u015f\u0131na tak\u0131n veya ki\u015fiselle\u015ftirilmi\u015f bir g\u00f6r\u00fcn\u00fcm i\u00e7in ince zincirler ve bileziklerle katmanlay\u0131n. Do\u011fum g\u00fcnleri, y\u0131l d\u00f6n\u00fcmleri ve anlaml\u0131 kutlamalar i\u00e7in \u00e7ok y\u00f6nl\u00fc bir hediye se\u00e7ene\u011fi.<\/p>","protected":false},"excerpt":{"rendered":"<ul>\n<li>22 Ayar Alt\u0131n Bileklik<\/li>\n<li>Rodyum Cila ile 22 Ayar Sar\u0131 Alt\u0131n<\/li>\n<li>A\u011f\u0131rl\u0131k: 9,6 gms<\/li>\n<li>SKU 33075<\/li>\n<li>Uzunluk 7 \u0130n\u00e7<\/li>\n<li>T\u00fcm fiyatlara KDV dahildir<\/li>\n<li>Londra Tahlil Ofisi Taraf\u0131ndan Damgalanm\u0131\u015f 22 Ayar Alt\u0131n<\/li>\n<li>Sunum Kutusu ile Birlikte Gelir<\/li>\n<li>Teslimat Dahil<\/li>\n<li>Stok durumu ve stokta bulunan benzer tasar\u0131mlar\u0131n daha fazla g\u00f6r\u00fcnt\u00fcs\u00fc i\u00e7in bizimle canl\u0131 sohbet edin<\/li>\n<\/ul>","protected":false},"featured_media":317284,"comment_status":"closed","ping_status":"closed","template":"","meta":{"_eb_attr":"","_crsspst_to_jayantr4sg-hostcom":false},"product_brand":[],"product_cat":[1791,1559,1324,1627,1575,1574],"product_tag":[],"class_list":{"0":"post-317050","1":"product","2":"type-product","3":"status-publish","4":"has-post-thumbnail","6":"product_cat-anniversary-gifts","7":"product_cat-birthday-gifts","8":"product_cat-gold-bracelet","9":"product_cat-ladies-bracelet","10":"product_cat-teenage-jewellery","11":"product_cat-womens-jewellery","13":"first","14":"outofstock","15":"sale","16":"taxable","17":"shipping-taxable","18":"product-type-simple","19":"add-to-wishlist-before_image"},"yoast_head":"<!-- This site is optimized with the Yoast SEO plugin v27.3 - https:\/\/yoast.com\/product\/yoast-seo-wordpress\/ -->\n<title>22ct Gold Bead Bracelet with Rhodium Polish | PureJewels UK<\/title>\n<meta name=\"description\" content=\"Shop the 22ct Yellow Gold Alternating Bead Bracelet from PureJewels UK. Featuring textured gold beads with rhodium-polished accents, this handcrafted bracelet blends contrast and everyday elegance.\" \/>\n<meta name=\"robots\" content=\"index, follow, max-snippet:-1, max-image-preview:large, max-video-preview:-1\" \/>\n<link rel=\"canonical\" href=\"https:\/\/www.purejewels.com\/tr\/urun\/22-ayar-altin-bayan-bileklik-33075\/\" \/>\n<meta property=\"og:locale\" content=\"tr_TR\" \/>\n<meta property=\"og:type\" content=\"article\" \/>\n<meta property=\"og:title\" content=\"22ct Gold Bead Bracelet with Rhodium Polish | PureJewels UK\" \/>\n<meta property=\"og:description\" content=\"Shop the 22ct Yellow Gold Alternating Bead Bracelet from PureJewels UK. Featuring textured gold beads with rhodium-polished accents, this handcrafted bracelet blends contrast and everyday elegance.\" \/>\n<meta property=\"og:url\" content=\"https:\/\/www.purejewels.com\/tr\/urun\/22-ayar-altin-bayan-bileklik-33075\/\" \/>\n<meta property=\"og:site_name\" content=\"PureJewels UK\" \/>\n<meta property=\"article:modified_time\" content=\"2026-01-23T06:31:34+00:00\" \/>\n<meta property=\"og:image\" content=\"https:\/\/static.purejewels.com\/wp-content\/uploads\/2020\/09\/image185600451.jpg\" \/>\n\t<meta property=\"og:image:width\" content=\"1000\" \/>\n\t<meta property=\"og:image:height\" content=\"1000\" \/>\n\t<meta property=\"og:image:type\" content=\"image\/jpeg\" \/>\n<meta name=\"twitter:card\" content=\"summary_large_image\" \/>\n<meta name=\"twitter:label1\" content=\"Tahmini okuma s\u00fcresi\" \/>\n\t<meta name=\"twitter:data1\" content=\"1 dakika\" \/>\n<script type=\"application\/ld+json\" class=\"yoast-schema-graph\">{\"@context\":\"https:\\\/\\\/schema.org\",\"@graph\":[{\"@type\":[\"WebPage\",\"ItemPage\"],\"@id\":\"https:\\\/\\\/www.purejewels.com\\\/product\\\/22ct-gold-ladies-bracelet-33075\\\/\",\"url\":\"https:\\\/\\\/www.purejewels.com\\\/product\\\/22ct-gold-ladies-bracelet-33075\\\/\",\"name\":\"22ct Gold Bead Bracelet with Rhodium Polish | PureJewels UK\",\"isPartOf\":{\"@id\":\"https:\\\/\\\/www.purejewels.com\\\/#website\"},\"primaryImageOfPage\":{\"@id\":\"https:\\\/\\\/www.purejewels.com\\\/product\\\/22ct-gold-ladies-bracelet-33075\\\/#primaryimage\"},\"image\":{\"@id\":\"https:\\\/\\\/www.purejewels.com\\\/product\\\/22ct-gold-ladies-bracelet-33075\\\/#primaryimage\"},\"thumbnailUrl\":\"https:\\\/\\\/static.purejewels.com\\\/wp-content\\\/uploads\\\/2020\\\/09\\\/image185600451.jpg\",\"datePublished\":\"2020-09-07T06:22:49+00:00\",\"dateModified\":\"2026-01-23T06:31:34+00:00\",\"description\":\"Shop the 22ct Yellow Gold Alternating Bead Bracelet from PureJewels UK. Featuring textured gold beads with rhodium-polished accents, this handcrafted bracelet blends contrast and everyday elegance.\",\"breadcrumb\":{\"@id\":\"https:\\\/\\\/www.purejewels.com\\\/product\\\/22ct-gold-ladies-bracelet-33075\\\/#breadcrumb\"},\"inLanguage\":\"tr\",\"potentialAction\":[{\"@type\":\"ReadAction\",\"target\":[\"https:\\\/\\\/www.purejewels.com\\\/product\\\/22ct-gold-ladies-bracelet-33075\\\/\"]}]},{\"@type\":\"ImageObject\",\"inLanguage\":\"tr\",\"@id\":\"https:\\\/\\\/www.purejewels.com\\\/product\\\/22ct-gold-ladies-bracelet-33075\\\/#primaryimage\",\"url\":\"https:\\\/\\\/static.purejewels.com\\\/wp-content\\\/uploads\\\/2020\\\/09\\\/image185600451.jpg\",\"contentUrl\":\"https:\\\/\\\/static.purejewels.com\\\/wp-content\\\/uploads\\\/2020\\\/09\\\/image185600451.jpg\",\"width\":1000,\"height\":1000,\"caption\":\"22ct Gold Ladies Bracelet Ball YGBR152\"},{\"@type\":\"BreadcrumbList\",\"@id\":\"https:\\\/\\\/www.purejewels.com\\\/product\\\/22ct-gold-ladies-bracelet-33075\\\/#breadcrumb\",\"itemListElement\":[{\"@type\":\"ListItem\",\"position\":1,\"name\":\"Home\",\"item\":\"https:\\\/\\\/www.purejewels.com\\\/\"},{\"@type\":\"ListItem\",\"position\":2,\"name\":\"Shop\",\"item\":\"https:\\\/\\\/www.purejewels.com\\\/shop\\\/\"},{\"@type\":\"ListItem\",\"position\":3,\"name\":\"22ct Yellow Gold Alternating Bead Bracelet with Rhodium Finish\"}]},{\"@type\":\"WebSite\",\"@id\":\"https:\\\/\\\/www.purejewels.com\\\/#website\",\"url\":\"https:\\\/\\\/www.purejewels.com\\\/\",\"name\":\"PureJewels UK\",\"description\":\"Share the Love\",\"publisher\":{\"@id\":\"https:\\\/\\\/www.purejewels.com\\\/#organization\"},\"potentialAction\":[{\"@type\":\"SearchAction\",\"target\":{\"@type\":\"EntryPoint\",\"urlTemplate\":\"https:\\\/\\\/www.purejewels.com\\\/?s={search_term_string}\"},\"query-input\":{\"@type\":\"PropertyValueSpecification\",\"valueRequired\":true,\"valueName\":\"search_term_string\"}}],\"inLanguage\":\"tr\"},{\"@type\":\"Organization\",\"@id\":\"https:\\\/\\\/www.purejewels.com\\\/#organization\",\"name\":\"PureJewels UK\",\"url\":\"https:\\\/\\\/www.purejewels.com\\\/\",\"logo\":{\"@type\":\"ImageObject\",\"inLanguage\":\"tr\",\"@id\":\"https:\\\/\\\/www.purejewels.com\\\/#\\\/schema\\\/logo\\\/image\\\/\",\"url\":\"https:\\\/\\\/static.purejewels.com\\\/wp-content\\\/uploads\\\/2020\\\/11\\\/Logo-PJ-New-1.png\",\"contentUrl\":\"https:\\\/\\\/static.purejewels.com\\\/wp-content\\\/uploads\\\/2020\\\/11\\\/Logo-PJ-New-1.png\",\"width\":150,\"height\":80,\"caption\":\"PureJewels UK\"},\"image\":{\"@id\":\"https:\\\/\\\/www.purejewels.com\\\/#\\\/schema\\\/logo\\\/image\\\/\"}}]}<\/script>\n<!-- \/ Yoast SEO plugin. -->","yoast_head_json":{"title":"Rodyum Cilal\u0131 22 Ayar Alt\u0131n Boncuk Bileklik | PureJewels UK","description":"PureJewels UK'den 22 Ayar Sar\u0131 Alt\u0131n Alternatif Boncuklu Bileklik sat\u0131n al\u0131n. Rodyum cilal\u0131 dokulu alt\u0131n boncuklara sahip bu el yap\u0131m\u0131 bilezik, kontrast\u0131 ve g\u00fcnl\u00fck \u015f\u0131kl\u0131\u011f\u0131 harmanl\u0131yor.","robots":{"index":"index","follow":"follow","max-snippet":"max-snippet:-1","max-image-preview":"max-image-preview:large","max-video-preview":"max-video-preview:-1"},"canonical":"https:\/\/www.purejewels.com\/tr\/urun\/22-ayar-altin-bayan-bileklik-33075\/","og_locale":"tr_TR","og_type":"article","og_title":"22ct Gold Bead Bracelet with Rhodium Polish | PureJewels UK","og_description":"Shop the 22ct Yellow Gold Alternating Bead Bracelet from PureJewels UK. Featuring textured gold beads with rhodium-polished accents, this handcrafted bracelet blends contrast and everyday elegance.","og_url":"https:\/\/www.purejewels.com\/tr\/urun\/22-ayar-altin-bayan-bileklik-33075\/","og_site_name":"PureJewels UK","article_modified_time":"2026-01-23T06:31:34+00:00","og_image":[{"width":1000,"height":1000,"url":"https:\/\/static.purejewels.com\/wp-content\/uploads\/2020\/09\/image185600451.jpg","type":"image\/jpeg"}],"twitter_card":"summary_large_image","twitter_misc":{"Tahmini okuma s\u00fcresi":"1 dakika"},"schema":{"@context":"https:\/\/schema.org","@graph":[{"@type":["WebPage","ItemPage"],"@id":"https:\/\/www.purejewels.com\/product\/22ct-gold-ladies-bracelet-33075\/","url":"https:\/\/www.purejewels.com\/product\/22ct-gold-ladies-bracelet-33075\/","name":"Rodyum Cilal\u0131 22 Ayar Alt\u0131n Boncuk Bileklik | PureJewels UK","isPartOf":{"@id":"https:\/\/www.purejewels.com\/#website"},"primaryImageOfPage":{"@id":"https:\/\/www.purejewels.com\/product\/22ct-gold-ladies-bracelet-33075\/#primaryimage"},"image":{"@id":"https:\/\/www.purejewels.com\/product\/22ct-gold-ladies-bracelet-33075\/#primaryimage"},"thumbnailUrl":"https:\/\/static.purejewels.com\/wp-content\/uploads\/2020\/09\/image185600451.jpg","datePublished":"2020-09-07T06:22:49+00:00","dateModified":"2026-01-23T06:31:34+00:00","description":"PureJewels UK'den 22 Ayar Sar\u0131 Alt\u0131n Alternatif Boncuklu Bileklik sat\u0131n al\u0131n. Rodyum cilal\u0131 dokulu alt\u0131n boncuklara sahip bu el yap\u0131m\u0131 bilezik, kontrast\u0131 ve g\u00fcnl\u00fck \u015f\u0131kl\u0131\u011f\u0131 harmanl\u0131yor.","breadcrumb":{"@id":"https:\/\/www.purejewels.com\/product\/22ct-gold-ladies-bracelet-33075\/#breadcrumb"},"inLanguage":"tr","potentialAction":[{"@type":"ReadAction","target":["https:\/\/www.purejewels.com\/product\/22ct-gold-ladies-bracelet-33075\/"]}]},{"@type":"ImageObject","inLanguage":"tr","@id":"https:\/\/www.purejewels.com\/product\/22ct-gold-ladies-bracelet-33075\/#primaryimage","url":"https:\/\/static.purejewels.com\/wp-content\/uploads\/2020\/09\/image185600451.jpg","contentUrl":"https:\/\/static.purejewels.com\/wp-content\/uploads\/2020\/09\/image185600451.jpg","width":1000,"height":1000,"caption":"22ct Gold Ladies Bracelet Ball YGBR152"},{"@type":"BreadcrumbList","@id":"https:\/\/www.purejewels.com\/product\/22ct-gold-ladies-bracelet-33075\/#breadcrumb","itemListElement":[{"@type":"ListItem","position":1,"name":"Home","item":"https:\/\/www.purejewels.com\/"},{"@type":"ListItem","position":2,"name":"Shop","item":"https:\/\/www.purejewels.com\/shop\/"},{"@type":"ListItem","position":3,"name":"22ct Yellow Gold Alternating Bead Bracelet with Rhodium Finish"}]},{"@type":"WebSite","@id":"https:\/\/www.purejewels.com\/#website","url":"https:\/\/www.purejewels.com\/","name":"PureJewels \u0130ngiltere","description":"Sevgiyi Payla\u015f\u0131n","publisher":{"@id":"https:\/\/www.purejewels.com\/#organization"},"potentialAction":[{"@type":"SearchAction","target":{"@type":"EntryPoint","urlTemplate":"https:\/\/www.purejewels.com\/?s={search_term_string}"},"query-input":{"@type":"PropertyValueSpecification","valueRequired":true,"valueName":"search_term_string"}}],"inLanguage":"tr"},{"@type":"Organization","@id":"https:\/\/www.purejewels.com\/#organization","name":"PureJewels \u0130ngiltere","url":"https:\/\/www.purejewels.com\/","logo":{"@type":"ImageObject","inLanguage":"tr","@id":"https:\/\/www.purejewels.com\/#\/schema\/logo\/image\/","url":"https:\/\/static.purejewels.com\/wp-content\/uploads\/2020\/11\/Logo-PJ-New-1.png","contentUrl":"https:\/\/static.purejewels.com\/wp-content\/uploads\/2020\/11\/Logo-PJ-New-1.png","width":150,"height":80,"caption":"PureJewels UK"},"image":{"@id":"https:\/\/www.purejewels.com\/#\/schema\/logo\/image\/"}}]}},"_links":{"self":[{"href":"https:\/\/www.purejewels.com\/tr\/wp-json\/wp\/v2\/product\/317050","targetHints":{"allow":["GET"]}}],"collection":[{"href":"https:\/\/www.purejewels.com\/tr\/wp-json\/wp\/v2\/product"}],"about":[{"href":"https:\/\/www.purejewels.com\/tr\/wp-json\/wp\/v2\/types\/product"}],"replies":[{"embeddable":true,"href":"https:\/\/www.purejewels.com\/tr\/wp-json\/wp\/v2\/comments?post=317050"}],"version-history":[{"count":2,"href":"https:\/\/www.purejewels.com\/tr\/wp-json\/wp\/v2\/product\/317050\/revisions"}],"predecessor-version":[{"id":425152,"href":"https:\/\/www.purejewels.com\/tr\/wp-json\/wp\/v2\/product\/317050\/revisions\/425152"}],"wp:featuredmedia":[{"embeddable":true,"href":"https:\/\/www.purejewels.com\/tr\/wp-json\/wp\/v2\/media\/317284"}],"wp:attachment":[{"href":"https:\/\/www.purejewels.com\/tr\/wp-json\/wp\/v2\/media?parent=317050"}],"wp:term":[{"taxonomy":"product_brand","embeddable":true,"href":"https:\/\/www.purejewels.com\/tr\/wp-json\/wp\/v2\/product_brand?post=317050"},{"taxonomy":"product_cat","embeddable":true,"href":"https:\/\/www.purejewels.com\/tr\/wp-json\/wp\/v2\/product_cat?post=317050"},{"taxonomy":"product_tag","embeddable":true,"href":"https:\/\/www.purejewels.com\/tr\/wp-json\/wp\/v2\/product_tag?post=317050"}],"curies":[{"name":"wp","href":"https:\/\/api.w.org\/{rel}","templated":true}]}}