{"id":317054,"date":"2020-09-07T07:36:01","date_gmt":"2020-09-07T06:36:01","guid":{"rendered":"https:\/\/www.purejewels.com\/product\/22ct-gold-earring-7-gm\/"},"modified":"2026-01-06T06:58:58","modified_gmt":"2026-01-06T06:58:58","slug":"22-ayar-altin-kupe-33064","status":"publish","type":"product","link":"https:\/\/www.purejewels.com\/tr\/product\/22ct-gold-earring-33064\/","title":{"rendered":"22 ayar alt\u0131n zincir p\u00fcsk\u00fcl k\u00fcpe"},"content":{"rendered":"<p><strong>Tasar\u0131m<\/strong><\/p>\n<p>Bu sofistike saplama k\u00fcpeler, ince alt\u0131n zincirlerin yumu\u015fak, ak\u0131c\u0131 katmanlar halinde sarkt\u0131\u011f\u0131 \u015f\u0131k, dikd\u00f6rtgen bir alt\u0131n saplamaya sahiptir. P\u00fcsk\u00fcl tasar\u0131m\u0131, ba\u015f\u0131n her hareketinde zarif bir hareket yaratarak \u0131\u015f\u0131\u011f\u0131n 22 ayar alt\u0131n\u0131n zengin y\u00fczeyinde dans etmesini sa\u011flar. Temiz \u00e7izgiler ve dengeli oranlar, k\u00fcpelere modern ancak zamans\u0131z bir estetik kazand\u0131r\u0131r.<\/p>\n<p><strong>Zanaatkarl\u0131k<\/strong><\/p>\n<p>Parlak 22 ayar alt\u0131nla ustaca i\u015flenmi\u015f her bir k\u00fcpe, PureJewels'in hassasiyet ve ince i\u015f\u00e7ili\u011fe olan ba\u011fl\u0131l\u0131\u011f\u0131n\u0131 yans\u0131t\u0131yor. Birden fazla alt\u0131n zincir, d\u00fczg\u00fcn bir ak\u0131\u015f ve rahatl\u0131k sa\u011flamak i\u00e7in \u00f6zenle birle\u015ftirilirken, cilal\u0131 alt\u0131n u\u00e7 kapaklar\u0131 zarif ve yap\u0131land\u0131r\u0131lm\u0131\u015f bir son kat sa\u011flar. Hem g\u00fczellik hem de dayan\u0131kl\u0131l\u0131k i\u00e7in tasarlanan bu k\u00fcpeler, kal\u0131c\u0131 bir zanaatkarl\u0131\u011f\u0131 yans\u0131t\u0131yor.<\/p>\n<p><strong>Stil<\/strong><\/p>\n<p>\u015e\u0131k ve zarif bir tasar\u0131mla dikkat \u00e7eken bu 22 ayar alt\u0131n zincir p\u00fcsk\u00fcll\u00fc k\u00fcpeler, ak\u015fam k\u0131yafetleri, kutlamalar veya g\u00fcnd\u00fcz k\u0131yafetlerinizi \u015f\u0131k bir g\u00f6r\u00fcn\u00fcmle tamamlamak i\u00e7in idealdir. Modern sil\u00fcetler ve klasik kombinlerle m\u00fckemmel bir uyum sa\u011flayan bu k\u00fcpeler, \u00e7ok y\u00f6nl\u00fc bir aksesuar olarak \u00f6ne \u00e7\u0131k\u0131yor. Zarif ve etkileyici tasar\u0131mlar\u0131 ile g\u00fcven ve zarafetle tak\u0131lmak \u00fczere tasarlanm\u0131\u015flard\u0131r.<\/p>","protected":false},"excerpt":{"rendered":"<p>Zarif hareketler ve modern zarafet i\u00e7in kaskat\u0131 ince zincir p\u00fcsk\u00fcllere sahip \u00e7a\u011fda\u015f 22 ayar alt\u0131n saplama k\u00fcpeler.<\/p>\n<ul>\n<li>22 Ayar Alt\u0131n K\u00fcpe<\/li>\n<li>A\u011f\u0131rl\u0131k 7 gms<\/li>\n<li>SKU. 33064<\/li>\n<li>Uzunluk 1,5 \u0130n\u00e7<\/li>\n<li>T\u00fcm fiyatlara KDV dahildir<\/li>\n<li>London Assay Office taraf\u0131ndan damgalanm\u0131\u015f alt\u0131n<\/li>\n<li>22 Ayar Alt\u0131n K\u00fcpe Sunum Kutusuyla Birlikte Gelir<\/li>\n<li>Teslimat Dahil<\/li>\n<li>Stok durumu ve stokta bulunan benzer tasar\u0131mlar\u0131n daha fazla g\u00f6r\u00fcnt\u00fcs\u00fc i\u00e7in bizimle canl\u0131 sohbet edin<\/li>\n<\/ul>","protected":false},"featured_media":317294,"comment_status":"closed","ping_status":"closed","template":"","meta":{"_eb_attr":"","_crsspst_to_jayantr4sg-hostcom":false},"product_brand":[],"product_cat":[1791,1559,1685,1254,1574],"product_tag":[],"class_list":{"0":"post-317054","1":"product","2":"type-product","3":"status-publish","4":"has-post-thumbnail","6":"product_cat-anniversary-gifts","7":"product_cat-birthday-gifts","8":"product_cat-drop-earrings","9":"product_cat-gold-earrings","10":"product_cat-womens-jewellery","12":"first","13":"outofstock","14":"taxable","15":"shipping-taxable","16":"product-type-simple","17":"add-to-wishlist-before_image"},"yoast_head":"<!-- This site is optimized with the Yoast SEO plugin v27.3 - https:\/\/yoast.com\/product\/yoast-seo-wordpress\/ -->\n<title>22ct Gold Chain Tassel Stud Earrings | PureJewels London<\/title>\n<meta name=\"description\" content=\"Elegant 22ct gold chain tassel stud earrings with fluid movement and contemporary appeal. Refined craftsmanship by PureJewels London.\" \/>\n<meta name=\"robots\" content=\"index, follow, max-snippet:-1, max-image-preview:large, max-video-preview:-1\" \/>\n<link rel=\"canonical\" href=\"https:\/\/www.purejewels.com\/tr\/urun\/22-ayar-altin-kupe-33064\/\" \/>\n<meta property=\"og:locale\" content=\"tr_TR\" \/>\n<meta property=\"og:type\" content=\"article\" \/>\n<meta property=\"og:title\" content=\"22ct Gold Chain Tassel Stud Earrings | PureJewels London\" \/>\n<meta property=\"og:description\" content=\"Elegant 22ct gold chain tassel stud earrings with fluid movement and contemporary appeal. Refined craftsmanship by PureJewels London.\" \/>\n<meta property=\"og:url\" content=\"https:\/\/www.purejewels.com\/tr\/urun\/22-ayar-altin-kupe-33064\/\" \/>\n<meta property=\"og:site_name\" content=\"PureJewels UK\" \/>\n<meta property=\"article:modified_time\" content=\"2026-01-06T06:58:58+00:00\" \/>\n<meta property=\"og:image\" content=\"https:\/\/static.purejewels.com\/wp-content\/uploads\/2020\/09\/image185711557.jpg\" \/>\n\t<meta property=\"og:image:width\" content=\"1000\" \/>\n\t<meta property=\"og:image:height\" content=\"1000\" \/>\n\t<meta property=\"og:image:type\" content=\"image\/jpeg\" \/>\n<meta name=\"twitter:card\" content=\"summary_large_image\" \/>\n<meta name=\"twitter:label1\" content=\"Tahmini okuma s\u00fcresi\" \/>\n\t<meta name=\"twitter:data1\" content=\"1 dakika\" \/>\n<script type=\"application\/ld+json\" class=\"yoast-schema-graph\">{\"@context\":\"https:\\\/\\\/schema.org\",\"@graph\":[{\"@type\":[\"WebPage\",\"ItemPage\"],\"@id\":\"https:\\\/\\\/www.purejewels.com\\\/product\\\/22ct-gold-earring-33064\\\/\",\"url\":\"https:\\\/\\\/www.purejewels.com\\\/product\\\/22ct-gold-earring-33064\\\/\",\"name\":\"22ct Gold Chain Tassel Stud Earrings | PureJewels London\",\"isPartOf\":{\"@id\":\"https:\\\/\\\/www.purejewels.com\\\/#website\"},\"primaryImageOfPage\":{\"@id\":\"https:\\\/\\\/www.purejewels.com\\\/product\\\/22ct-gold-earring-33064\\\/#primaryimage\"},\"image\":{\"@id\":\"https:\\\/\\\/www.purejewels.com\\\/product\\\/22ct-gold-earring-33064\\\/#primaryimage\"},\"thumbnailUrl\":\"https:\\\/\\\/static.purejewels.com\\\/wp-content\\\/uploads\\\/2020\\\/09\\\/image185711557.jpg\",\"datePublished\":\"2020-09-07T06:36:01+00:00\",\"dateModified\":\"2026-01-06T06:58:58+00:00\",\"description\":\"Elegant 22ct gold chain tassel stud earrings with fluid movement and contemporary appeal. Refined craftsmanship by PureJewels London.\",\"breadcrumb\":{\"@id\":\"https:\\\/\\\/www.purejewels.com\\\/product\\\/22ct-gold-earring-33064\\\/#breadcrumb\"},\"inLanguage\":\"tr\",\"potentialAction\":[{\"@type\":\"ReadAction\",\"target\":[\"https:\\\/\\\/www.purejewels.com\\\/product\\\/22ct-gold-earring-33064\\\/\"]}]},{\"@type\":\"ImageObject\",\"inLanguage\":\"tr\",\"@id\":\"https:\\\/\\\/www.purejewels.com\\\/product\\\/22ct-gold-earring-33064\\\/#primaryimage\",\"url\":\"https:\\\/\\\/static.purejewels.com\\\/wp-content\\\/uploads\\\/2020\\\/09\\\/image185711557.jpg\",\"contentUrl\":\"https:\\\/\\\/static.purejewels.com\\\/wp-content\\\/uploads\\\/2020\\\/09\\\/image185711557.jpg\",\"width\":1000,\"height\":1000,\"caption\":\"22ct Gold Twisted Earring Flat YGER230\"},{\"@type\":\"BreadcrumbList\",\"@id\":\"https:\\\/\\\/www.purejewels.com\\\/product\\\/22ct-gold-earring-33064\\\/#breadcrumb\",\"itemListElement\":[{\"@type\":\"ListItem\",\"position\":1,\"name\":\"Home\",\"item\":\"https:\\\/\\\/www.purejewels.com\\\/\"},{\"@type\":\"ListItem\",\"position\":2,\"name\":\"Shop\",\"item\":\"https:\\\/\\\/www.purejewels.com\\\/shop\\\/\"},{\"@type\":\"ListItem\",\"position\":3,\"name\":\"22ct Gold Chain Tassel Stud Earrings\"}]},{\"@type\":\"WebSite\",\"@id\":\"https:\\\/\\\/www.purejewels.com\\\/#website\",\"url\":\"https:\\\/\\\/www.purejewels.com\\\/\",\"name\":\"PureJewels UK\",\"description\":\"Share the Love\",\"publisher\":{\"@id\":\"https:\\\/\\\/www.purejewels.com\\\/#organization\"},\"potentialAction\":[{\"@type\":\"SearchAction\",\"target\":{\"@type\":\"EntryPoint\",\"urlTemplate\":\"https:\\\/\\\/www.purejewels.com\\\/?s={search_term_string}\"},\"query-input\":{\"@type\":\"PropertyValueSpecification\",\"valueRequired\":true,\"valueName\":\"search_term_string\"}}],\"inLanguage\":\"tr\"},{\"@type\":\"Organization\",\"@id\":\"https:\\\/\\\/www.purejewels.com\\\/#organization\",\"name\":\"PureJewels UK\",\"url\":\"https:\\\/\\\/www.purejewels.com\\\/\",\"logo\":{\"@type\":\"ImageObject\",\"inLanguage\":\"tr\",\"@id\":\"https:\\\/\\\/www.purejewels.com\\\/#\\\/schema\\\/logo\\\/image\\\/\",\"url\":\"https:\\\/\\\/static.purejewels.com\\\/wp-content\\\/uploads\\\/2020\\\/11\\\/Logo-PJ-New-1.png\",\"contentUrl\":\"https:\\\/\\\/static.purejewels.com\\\/wp-content\\\/uploads\\\/2020\\\/11\\\/Logo-PJ-New-1.png\",\"width\":150,\"height\":80,\"caption\":\"PureJewels UK\"},\"image\":{\"@id\":\"https:\\\/\\\/www.purejewels.com\\\/#\\\/schema\\\/logo\\\/image\\\/\"}}]}<\/script>\n<!-- \/ Yoast SEO plugin. -->","yoast_head_json":{"title":"22 ayar alt\u0131n zincir p\u00fcsk\u00fcl k\u00fcpe | PureJewels Londra","description":"Ak\u0131c\u0131 hareketleri ve \u00e7a\u011fda\u015f cazibesiyle zarif 22 ayar alt\u0131n zincir p\u00fcsk\u00fcl k\u00fcpe. PureJewels London'\u0131n rafine i\u015f\u00e7ili\u011fi.","robots":{"index":"index","follow":"follow","max-snippet":"max-snippet:-1","max-image-preview":"max-image-preview:large","max-video-preview":"max-video-preview:-1"},"canonical":"https:\/\/www.purejewels.com\/tr\/urun\/22-ayar-altin-kupe-33064\/","og_locale":"tr_TR","og_type":"article","og_title":"22ct Gold Chain Tassel Stud Earrings | PureJewels London","og_description":"Elegant 22ct gold chain tassel stud earrings with fluid movement and contemporary appeal. Refined craftsmanship by PureJewels London.","og_url":"https:\/\/www.purejewels.com\/tr\/urun\/22-ayar-altin-kupe-33064\/","og_site_name":"PureJewels UK","article_modified_time":"2026-01-06T06:58:58+00:00","og_image":[{"width":1000,"height":1000,"url":"https:\/\/static.purejewels.com\/wp-content\/uploads\/2020\/09\/image185711557.jpg","type":"image\/jpeg"}],"twitter_card":"summary_large_image","twitter_misc":{"Tahmini okuma s\u00fcresi":"1 dakika"},"schema":{"@context":"https:\/\/schema.org","@graph":[{"@type":["WebPage","ItemPage"],"@id":"https:\/\/www.purejewels.com\/product\/22ct-gold-earring-33064\/","url":"https:\/\/www.purejewels.com\/product\/22ct-gold-earring-33064\/","name":"22 ayar alt\u0131n zincir p\u00fcsk\u00fcl k\u00fcpe | PureJewels Londra","isPartOf":{"@id":"https:\/\/www.purejewels.com\/#website"},"primaryImageOfPage":{"@id":"https:\/\/www.purejewels.com\/product\/22ct-gold-earring-33064\/#primaryimage"},"image":{"@id":"https:\/\/www.purejewels.com\/product\/22ct-gold-earring-33064\/#primaryimage"},"thumbnailUrl":"https:\/\/static.purejewels.com\/wp-content\/uploads\/2020\/09\/image185711557.jpg","datePublished":"2020-09-07T06:36:01+00:00","dateModified":"2026-01-06T06:58:58+00:00","description":"Ak\u0131c\u0131 hareketleri ve \u00e7a\u011fda\u015f cazibesiyle zarif 22 ayar alt\u0131n zincir p\u00fcsk\u00fcl k\u00fcpe. PureJewels London'\u0131n rafine i\u015f\u00e7ili\u011fi.","breadcrumb":{"@id":"https:\/\/www.purejewels.com\/product\/22ct-gold-earring-33064\/#breadcrumb"},"inLanguage":"tr","potentialAction":[{"@type":"ReadAction","target":["https:\/\/www.purejewels.com\/product\/22ct-gold-earring-33064\/"]}]},{"@type":"ImageObject","inLanguage":"tr","@id":"https:\/\/www.purejewels.com\/product\/22ct-gold-earring-33064\/#primaryimage","url":"https:\/\/static.purejewels.com\/wp-content\/uploads\/2020\/09\/image185711557.jpg","contentUrl":"https:\/\/static.purejewels.com\/wp-content\/uploads\/2020\/09\/image185711557.jpg","width":1000,"height":1000,"caption":"22ct Gold Twisted Earring Flat YGER230"},{"@type":"BreadcrumbList","@id":"https:\/\/www.purejewels.com\/product\/22ct-gold-earring-33064\/#breadcrumb","itemListElement":[{"@type":"ListItem","position":1,"name":"Home","item":"https:\/\/www.purejewels.com\/"},{"@type":"ListItem","position":2,"name":"Shop","item":"https:\/\/www.purejewels.com\/shop\/"},{"@type":"ListItem","position":3,"name":"22ct Gold Chain Tassel Stud Earrings"}]},{"@type":"WebSite","@id":"https:\/\/www.purejewels.com\/#website","url":"https:\/\/www.purejewels.com\/","name":"PureJewels \u0130ngiltere","description":"Sevgiyi Payla\u015f\u0131n","publisher":{"@id":"https:\/\/www.purejewels.com\/#organization"},"potentialAction":[{"@type":"SearchAction","target":{"@type":"EntryPoint","urlTemplate":"https:\/\/www.purejewels.com\/?s={search_term_string}"},"query-input":{"@type":"PropertyValueSpecification","valueRequired":true,"valueName":"search_term_string"}}],"inLanguage":"tr"},{"@type":"Organization","@id":"https:\/\/www.purejewels.com\/#organization","name":"PureJewels \u0130ngiltere","url":"https:\/\/www.purejewels.com\/","logo":{"@type":"ImageObject","inLanguage":"tr","@id":"https:\/\/www.purejewels.com\/#\/schema\/logo\/image\/","url":"https:\/\/static.purejewels.com\/wp-content\/uploads\/2020\/11\/Logo-PJ-New-1.png","contentUrl":"https:\/\/static.purejewels.com\/wp-content\/uploads\/2020\/11\/Logo-PJ-New-1.png","width":150,"height":80,"caption":"PureJewels UK"},"image":{"@id":"https:\/\/www.purejewels.com\/#\/schema\/logo\/image\/"}}]}},"_links":{"self":[{"href":"https:\/\/www.purejewels.com\/tr\/wp-json\/wp\/v2\/product\/317054","targetHints":{"allow":["GET"]}}],"collection":[{"href":"https:\/\/www.purejewels.com\/tr\/wp-json\/wp\/v2\/product"}],"about":[{"href":"https:\/\/www.purejewels.com\/tr\/wp-json\/wp\/v2\/types\/product"}],"replies":[{"embeddable":true,"href":"https:\/\/www.purejewels.com\/tr\/wp-json\/wp\/v2\/comments?post=317054"}],"version-history":[{"count":2,"href":"https:\/\/www.purejewels.com\/tr\/wp-json\/wp\/v2\/product\/317054\/revisions"}],"predecessor-version":[{"id":423759,"href":"https:\/\/www.purejewels.com\/tr\/wp-json\/wp\/v2\/product\/317054\/revisions\/423759"}],"wp:featuredmedia":[{"embeddable":true,"href":"https:\/\/www.purejewels.com\/tr\/wp-json\/wp\/v2\/media\/317294"}],"wp:attachment":[{"href":"https:\/\/www.purejewels.com\/tr\/wp-json\/wp\/v2\/media?parent=317054"}],"wp:term":[{"taxonomy":"product_brand","embeddable":true,"href":"https:\/\/www.purejewels.com\/tr\/wp-json\/wp\/v2\/product_brand?post=317054"},{"taxonomy":"product_cat","embeddable":true,"href":"https:\/\/www.purejewels.com\/tr\/wp-json\/wp\/v2\/product_cat?post=317054"},{"taxonomy":"product_tag","embeddable":true,"href":"https:\/\/www.purejewels.com\/tr\/wp-json\/wp\/v2\/product_tag?post=317054"}],"curies":[{"name":"wp","href":"https:\/\/api.w.org\/{rel}","templated":true}]}}