{"id":317057,"date":"2020-09-07T08:41:51","date_gmt":"2020-09-07T07:41:51","guid":{"rendered":"https:\/\/www.purejewels.com\/product\/22ct-gold-earring-4-9gm\/"},"modified":"2026-01-06T06:58:59","modified_gmt":"2026-01-06T06:58:59","slug":"asya-altin-kupeler-uk-32969","status":"publish","type":"product","link":"https:\/\/www.purejewels.com\/tr\/product\/asian-gold-earrings-uk-32969\/","title":{"rendered":"Asya Alt\u0131n K\u00fcpeler \u0130ngiltere"},"content":{"rendered":"<p>K\u0131yafetinize \u015f\u0131k bir dokunu\u015f mu katmak istiyorsunuz? \u00c7arp\u0131c\u0131 Asya alt\u0131n k\u00fcpe koleksiyonumuzdan ba\u015fkas\u0131na bakmay\u0131n. 22 ayar ger\u00e7ek alt\u0131ndan \u00fcretilen ve l\u00fcks bir parlakl\u0131k i\u00e7in rodyum ile tamamlanan bu k\u00fcpeler, her durum i\u00e7in m\u00fckemmel bir aksesuard\u0131r.<\/p>\n<p>Her bir k\u00fcpe 4,9 gram a\u011f\u0131rl\u0131\u011f\u0131nda ve 1,5 in\u00e7 uzunlu\u011fundad\u0131r, bu da onlar\u0131 nereye giderseniz gidin ba\u015f\u0131n\u0131z\u0131 d\u00f6nd\u00fcrecek bir par\u00e7a haline getirir. Alt\u0131n k\u00fcpelerimiz Londra Assay Ofisi taraf\u0131ndan damgalanarak orijinalli\u011fi ve kalitesi garanti alt\u0131na al\u0131nm\u0131\u015ft\u0131r.<\/p>\n<p>\u0130ster kendinizi \u015f\u0131mart\u0131yor ister sevdikleriniz i\u00e7in m\u00fckemmel bir hediye ar\u0131yor olun, Asya alt\u0131n k\u00fcpelerimiz bir sunum kutusunda g\u00fczel bir \u015fekilde sunulmakta ve onlar\u0131 ger\u00e7ekten \u00f6zel bir hediye haline getirmektedir.<\/p>\n<p>Asya alt\u0131n k\u00fcpelerimizle l\u00fcks\u00fcn bir par\u00e7as\u0131na sahip olma \u015fans\u0131n\u0131 ka\u00e7\u0131rmay\u0131n. Siz de bug\u00fcn sipari\u015f verin ve m\u00fccevher koleksiyonunuza ihti\u015faml\u0131 bir dokunu\u015f kat\u0131n.<\/p>","protected":false},"excerpt":{"rendered":"<div class=\"woocommerce-product-details__short-description\">\n<ul>\n<li>Rodyum kaplamal\u0131 22 Ayar Alt\u0131n K\u00fcpe<\/li>\n<li>A\u011f\u0131rl\u0131k 4,9 gms<\/li>\n<li>SKU. 32969<\/li>\n<li>Uzunluk 1,5 \u0130n\u00e7<\/li>\n<li>T\u00fcm fiyatlara KDV dahildir<\/li>\n<li>London Assay Office taraf\u0131ndan damgalanm\u0131\u015f alt\u0131n<\/li>\n<li>22 Ayar Alt\u0131n K\u00fcpe Sunum Kutusuyla Birlikte Gelir<\/li>\n<li>Teslimat Dahil<\/li>\n<li>Stok durumu ve stokta bulunan benzer tasar\u0131mlar\u0131n daha fazla g\u00f6r\u00fcnt\u00fcs\u00fc i\u00e7in bizimle canl\u0131 sohbet edin<\/li>\n<\/ul>\n<\/div>\n<p>&nbsp;<\/p>","protected":false},"featured_media":317230,"comment_status":"closed","ping_status":"closed","template":"","meta":{"_eb_attr":"","_crsspst_to_jayantr4sg-hostcom":false},"product_brand":[],"product_cat":[1791,1559,1794,1685,1254,1574],"product_tag":[4122],"class_list":{"0":"post-317057","1":"product","2":"type-product","3":"status-publish","4":"has-post-thumbnail","6":"product_cat-anniversary-gifts","7":"product_cat-birthday-gifts","8":"product_cat-christmas-gifts","9":"product_cat-drop-earrings","10":"product_cat-gold-earrings","11":"product_cat-womens-jewellery","12":"product_tag-earrings-for-sale","14":"first","15":"outofstock","16":"sale","17":"taxable","18":"shipping-taxable","19":"product-type-simple","20":"add-to-wishlist-before_image"},"yoast_head":"<!-- This site is optimized with the Yoast SEO plugin v27.3 - https:\/\/yoast.com\/product\/yoast-seo-wordpress\/ -->\n<title>Buy online 22 carat Real Gold Earrings UK | PureJewels<\/title>\n<meta name=\"description\" content=\"Browse and shop our 22 Carat Real Gold Earring with Rhodium finish. 22 Carat Gold Earring Comes With Presentation Box.\" \/>\n<meta name=\"robots\" content=\"index, follow, max-snippet:-1, max-image-preview:large, max-video-preview:-1\" \/>\n<link rel=\"canonical\" href=\"https:\/\/www.purejewels.com\/tr\/urun\/asya-altin-kupeler-uk-32969\/\" \/>\n<meta property=\"og:locale\" content=\"tr_TR\" \/>\n<meta property=\"og:type\" content=\"article\" \/>\n<meta property=\"og:title\" content=\"Buy online 22 carat Real Gold Earrings UK | PureJewels\" \/>\n<meta property=\"og:description\" content=\"Browse and shop our 22 Carat Real Gold Earring with Rhodium finish. 22 Carat Gold Earring Comes With Presentation Box.\" \/>\n<meta property=\"og:url\" content=\"https:\/\/www.purejewels.com\/tr\/urun\/asya-altin-kupeler-uk-32969\/\" \/>\n<meta property=\"og:site_name\" content=\"PureJewels UK\" \/>\n<meta property=\"article:modified_time\" content=\"2026-01-06T06:58:59+00:00\" \/>\n<meta property=\"og:image\" content=\"https:\/\/www.purejewels.com\/wp-content\/uploads\/2020\/09\/image185469773.jpg\" \/>\n\t<meta property=\"og:image:width\" content=\"1000\" \/>\n\t<meta property=\"og:image:height\" content=\"1000\" \/>\n\t<meta property=\"og:image:type\" content=\"image\/jpeg\" \/>\n<meta name=\"twitter:card\" content=\"summary_large_image\" \/>\n<meta name=\"twitter:label1\" content=\"Tahmini okuma s\u00fcresi\" \/>\n\t<meta name=\"twitter:data1\" content=\"1 dakika\" \/>\n<script type=\"application\/ld+json\" class=\"yoast-schema-graph\">{\"@context\":\"https:\\\/\\\/schema.org\",\"@graph\":[{\"@type\":[\"WebPage\",\"ItemPage\"],\"@id\":\"https:\\\/\\\/www.purejewels.com\\\/product\\\/asian-gold-earrings-uk-32969\\\/\",\"url\":\"https:\\\/\\\/www.purejewels.com\\\/product\\\/asian-gold-earrings-uk-32969\\\/\",\"name\":\"Buy online 22 carat Real Gold Earrings UK | PureJewels\",\"isPartOf\":{\"@id\":\"https:\\\/\\\/www.purejewels.com\\\/#website\"},\"primaryImageOfPage\":{\"@id\":\"https:\\\/\\\/www.purejewels.com\\\/product\\\/asian-gold-earrings-uk-32969\\\/#primaryimage\"},\"image\":{\"@id\":\"https:\\\/\\\/www.purejewels.com\\\/product\\\/asian-gold-earrings-uk-32969\\\/#primaryimage\"},\"thumbnailUrl\":\"https:\\\/\\\/static.purejewels.com\\\/wp-content\\\/uploads\\\/2020\\\/09\\\/image185469773.jpg\",\"datePublished\":\"2020-09-07T07:41:51+00:00\",\"dateModified\":\"2026-01-06T06:58:59+00:00\",\"description\":\"Browse and shop our 22 Carat Real Gold Earring with Rhodium finish. 22 Carat Gold Earring Comes With Presentation Box.\",\"breadcrumb\":{\"@id\":\"https:\\\/\\\/www.purejewels.com\\\/product\\\/asian-gold-earrings-uk-32969\\\/#breadcrumb\"},\"inLanguage\":\"tr\",\"potentialAction\":[{\"@type\":\"ReadAction\",\"target\":[\"https:\\\/\\\/www.purejewels.com\\\/product\\\/asian-gold-earrings-uk-32969\\\/\"]}]},{\"@type\":\"ImageObject\",\"inLanguage\":\"tr\",\"@id\":\"https:\\\/\\\/www.purejewels.com\\\/product\\\/asian-gold-earrings-uk-32969\\\/#primaryimage\",\"url\":\"https:\\\/\\\/static.purejewels.com\\\/wp-content\\\/uploads\\\/2020\\\/09\\\/image185469773.jpg\",\"contentUrl\":\"https:\\\/\\\/static.purejewels.com\\\/wp-content\\\/uploads\\\/2020\\\/09\\\/image185469773.jpg\",\"width\":1000,\"height\":1000,\"caption\":\"22ct Gold Light Flat Earring YGER283\"},{\"@type\":\"BreadcrumbList\",\"@id\":\"https:\\\/\\\/www.purejewels.com\\\/product\\\/asian-gold-earrings-uk-32969\\\/#breadcrumb\",\"itemListElement\":[{\"@type\":\"ListItem\",\"position\":1,\"name\":\"Home\",\"item\":\"https:\\\/\\\/www.purejewels.com\\\/\"},{\"@type\":\"ListItem\",\"position\":2,\"name\":\"Shop\",\"item\":\"https:\\\/\\\/www.purejewels.com\\\/shop\\\/\"},{\"@type\":\"ListItem\",\"position\":3,\"name\":\"Asian Gold Earrings UK\"}]},{\"@type\":\"WebSite\",\"@id\":\"https:\\\/\\\/www.purejewels.com\\\/#website\",\"url\":\"https:\\\/\\\/www.purejewels.com\\\/\",\"name\":\"PureJewels UK\",\"description\":\"Share the Love\",\"publisher\":{\"@id\":\"https:\\\/\\\/www.purejewels.com\\\/#organization\"},\"potentialAction\":[{\"@type\":\"SearchAction\",\"target\":{\"@type\":\"EntryPoint\",\"urlTemplate\":\"https:\\\/\\\/www.purejewels.com\\\/?s={search_term_string}\"},\"query-input\":{\"@type\":\"PropertyValueSpecification\",\"valueRequired\":true,\"valueName\":\"search_term_string\"}}],\"inLanguage\":\"tr\"},{\"@type\":\"Organization\",\"@id\":\"https:\\\/\\\/www.purejewels.com\\\/#organization\",\"name\":\"PureJewels UK\",\"url\":\"https:\\\/\\\/www.purejewels.com\\\/\",\"logo\":{\"@type\":\"ImageObject\",\"inLanguage\":\"tr\",\"@id\":\"https:\\\/\\\/www.purejewels.com\\\/#\\\/schema\\\/logo\\\/image\\\/\",\"url\":\"https:\\\/\\\/static.purejewels.com\\\/wp-content\\\/uploads\\\/2020\\\/11\\\/Logo-PJ-New-1.png\",\"contentUrl\":\"https:\\\/\\\/static.purejewels.com\\\/wp-content\\\/uploads\\\/2020\\\/11\\\/Logo-PJ-New-1.png\",\"width\":150,\"height\":80,\"caption\":\"PureJewels UK\"},\"image\":{\"@id\":\"https:\\\/\\\/www.purejewels.com\\\/#\\\/schema\\\/logo\\\/image\\\/\"}}]}<\/script>\n<!-- \/ Yoast SEO plugin. -->","yoast_head_json":{"title":"22 ayar Ger\u00e7ek Alt\u0131n K\u00fcpe \u0130ngiltere | PureJewels online sat\u0131n al\u0131n","description":"Rodyum kaplamal\u0131 22 Ayar Ger\u00e7ek Alt\u0131n K\u00fcpelerimize g\u00f6z at\u0131n ve al\u0131\u015fveri\u015f yap\u0131n. 22 Ayar Alt\u0131n K\u00fcpe Sunum Kutusu ile Birlikte Gelir.","robots":{"index":"index","follow":"follow","max-snippet":"max-snippet:-1","max-image-preview":"max-image-preview:large","max-video-preview":"max-video-preview:-1"},"canonical":"https:\/\/www.purejewels.com\/tr\/urun\/asya-altin-kupeler-uk-32969\/","og_locale":"tr_TR","og_type":"article","og_title":"Buy online 22 carat Real Gold Earrings UK | PureJewels","og_description":"Browse and shop our 22 Carat Real Gold Earring with Rhodium finish. 22 Carat Gold Earring Comes With Presentation Box.","og_url":"https:\/\/www.purejewels.com\/tr\/urun\/asya-altin-kupeler-uk-32969\/","og_site_name":"PureJewels UK","article_modified_time":"2026-01-06T06:58:59+00:00","og_image":[{"width":1000,"height":1000,"url":"https:\/\/www.purejewels.com\/wp-content\/uploads\/2020\/09\/image185469773.jpg","type":"image\/jpeg"}],"twitter_card":"summary_large_image","twitter_misc":{"Tahmini okuma s\u00fcresi":"1 dakika"},"schema":{"@context":"https:\/\/schema.org","@graph":[{"@type":["WebPage","ItemPage"],"@id":"https:\/\/www.purejewels.com\/product\/asian-gold-earrings-uk-32969\/","url":"https:\/\/www.purejewels.com\/product\/asian-gold-earrings-uk-32969\/","name":"22 ayar Ger\u00e7ek Alt\u0131n K\u00fcpe \u0130ngiltere | PureJewels online sat\u0131n al\u0131n","isPartOf":{"@id":"https:\/\/www.purejewels.com\/#website"},"primaryImageOfPage":{"@id":"https:\/\/www.purejewels.com\/product\/asian-gold-earrings-uk-32969\/#primaryimage"},"image":{"@id":"https:\/\/www.purejewels.com\/product\/asian-gold-earrings-uk-32969\/#primaryimage"},"thumbnailUrl":"https:\/\/static.purejewels.com\/wp-content\/uploads\/2020\/09\/image185469773.jpg","datePublished":"2020-09-07T07:41:51+00:00","dateModified":"2026-01-06T06:58:59+00:00","description":"Rodyum kaplamal\u0131 22 Ayar Ger\u00e7ek Alt\u0131n K\u00fcpelerimize g\u00f6z at\u0131n ve al\u0131\u015fveri\u015f yap\u0131n. 22 Ayar Alt\u0131n K\u00fcpe Sunum Kutusu ile Birlikte Gelir.","breadcrumb":{"@id":"https:\/\/www.purejewels.com\/product\/asian-gold-earrings-uk-32969\/#breadcrumb"},"inLanguage":"tr","potentialAction":[{"@type":"ReadAction","target":["https:\/\/www.purejewels.com\/product\/asian-gold-earrings-uk-32969\/"]}]},{"@type":"ImageObject","inLanguage":"tr","@id":"https:\/\/www.purejewels.com\/product\/asian-gold-earrings-uk-32969\/#primaryimage","url":"https:\/\/static.purejewels.com\/wp-content\/uploads\/2020\/09\/image185469773.jpg","contentUrl":"https:\/\/static.purejewels.com\/wp-content\/uploads\/2020\/09\/image185469773.jpg","width":1000,"height":1000,"caption":"22ct Gold Light Flat Earring YGER283"},{"@type":"BreadcrumbList","@id":"https:\/\/www.purejewels.com\/product\/asian-gold-earrings-uk-32969\/#breadcrumb","itemListElement":[{"@type":"ListItem","position":1,"name":"Home","item":"https:\/\/www.purejewels.com\/"},{"@type":"ListItem","position":2,"name":"Shop","item":"https:\/\/www.purejewels.com\/shop\/"},{"@type":"ListItem","position":3,"name":"Asian Gold Earrings UK"}]},{"@type":"WebSite","@id":"https:\/\/www.purejewels.com\/#website","url":"https:\/\/www.purejewels.com\/","name":"PureJewels \u0130ngiltere","description":"Sevgiyi Payla\u015f\u0131n","publisher":{"@id":"https:\/\/www.purejewels.com\/#organization"},"potentialAction":[{"@type":"SearchAction","target":{"@type":"EntryPoint","urlTemplate":"https:\/\/www.purejewels.com\/?s={search_term_string}"},"query-input":{"@type":"PropertyValueSpecification","valueRequired":true,"valueName":"search_term_string"}}],"inLanguage":"tr"},{"@type":"Organization","@id":"https:\/\/www.purejewels.com\/#organization","name":"PureJewels \u0130ngiltere","url":"https:\/\/www.purejewels.com\/","logo":{"@type":"ImageObject","inLanguage":"tr","@id":"https:\/\/www.purejewels.com\/#\/schema\/logo\/image\/","url":"https:\/\/static.purejewels.com\/wp-content\/uploads\/2020\/11\/Logo-PJ-New-1.png","contentUrl":"https:\/\/static.purejewels.com\/wp-content\/uploads\/2020\/11\/Logo-PJ-New-1.png","width":150,"height":80,"caption":"PureJewels UK"},"image":{"@id":"https:\/\/www.purejewels.com\/#\/schema\/logo\/image\/"}}]}},"_links":{"self":[{"href":"https:\/\/www.purejewels.com\/tr\/wp-json\/wp\/v2\/product\/317057","targetHints":{"allow":["GET"]}}],"collection":[{"href":"https:\/\/www.purejewels.com\/tr\/wp-json\/wp\/v2\/product"}],"about":[{"href":"https:\/\/www.purejewels.com\/tr\/wp-json\/wp\/v2\/types\/product"}],"replies":[{"embeddable":true,"href":"https:\/\/www.purejewels.com\/tr\/wp-json\/wp\/v2\/comments?post=317057"}],"version-history":[{"count":2,"href":"https:\/\/www.purejewels.com\/tr\/wp-json\/wp\/v2\/product\/317057\/revisions"}],"predecessor-version":[{"id":420912,"href":"https:\/\/www.purejewels.com\/tr\/wp-json\/wp\/v2\/product\/317057\/revisions\/420912"}],"wp:featuredmedia":[{"embeddable":true,"href":"https:\/\/www.purejewels.com\/tr\/wp-json\/wp\/v2\/media\/317230"}],"wp:attachment":[{"href":"https:\/\/www.purejewels.com\/tr\/wp-json\/wp\/v2\/media?parent=317057"}],"wp:term":[{"taxonomy":"product_brand","embeddable":true,"href":"https:\/\/www.purejewels.com\/tr\/wp-json\/wp\/v2\/product_brand?post=317057"},{"taxonomy":"product_cat","embeddable":true,"href":"https:\/\/www.purejewels.com\/tr\/wp-json\/wp\/v2\/product_cat?post=317057"},{"taxonomy":"product_tag","embeddable":true,"href":"https:\/\/www.purejewels.com\/tr\/wp-json\/wp\/v2\/product_tag?post=317057"}],"curies":[{"name":"wp","href":"https:\/\/api.w.org\/{rel}","templated":true}]}}