{"id":317060,"date":"2020-09-07T08:49:12","date_gmt":"2020-09-07T07:49:12","guid":{"rendered":"https:\/\/www.purejewels.com\/product\/22ct-gold-choker-13-2gm\/"},"modified":"2025-09-17T13:03:15","modified_gmt":"2025-09-17T12:03:15","slug":"22-ayar-altin-gerdanlik-kolye-32973","status":"publish","type":"product","link":"https:\/\/www.purejewels.com\/tr\/product\/22ct-gold-choker-necklace-32973\/","title":{"rendered":"Rodyum Kaplamal\u0131 22 Ayar Alt\u0131n Gerdanl\u0131k Kolye"},"content":{"rendered":"<p data-start=\"150\" data-end=\"505\">Bu <strong data-start=\"154\" data-end=\"203\"><a href=\"https:\/\/www.purejewels.com\/tr\/product\/22ct-gold-jali-filigree-ring-jali-collection-31926\/\">22ct<\/a> <a href=\"https:\/\/www.purejewels.com\/tr\/product\/22-carat-gold-choker-necklace-5\/\">Alt\u0131n Gerdanl\u0131k<\/a> Rodyum Kaplamal\u0131 Kolye<\/strong> geleneksel tak\u0131lar\u0131 harmanlayan \u00e7arp\u0131c\u0131 bir m\u00fccevher par\u00e7as\u0131d\u0131r. <a href=\"https:\/\/www.purejewels.com\/tr\/a-guide-to-die-stamping\/\">zanaatkarl\u0131k<\/a> modern bir zarafete sahip. Zengin 22 ayar alt\u0131ndan el i\u015f\u00e7ili\u011fiyle \u00fcretilen tasar\u0131m, her biri karma\u015f\u0131k bir \u015fekilde detayland\u0131r\u0131lm\u0131\u015f ve parlak iki tonlu bir etki yaratmak i\u00e7in rodyum kaplamal\u0131 vurgularla de\u011fi\u015ftirilmi\u015f narin \u00e7i\u00e7ek motiflerinden olu\u015fan ritmik bir diziye sahiptir.<\/p>\n<p data-start=\"507\" data-end=\"933\">Bu <a href=\"https:\/\/www.purejewels.com\/tr\/product\/22ct-gold-fancy-choker-chain-with-pendant-18-inch-43022\/\">gerdanl\u0131k<\/a> Boyun \u00e7izgisi boyunca zarif bir \u015fekilde oturan bu stil, hem bayram hem de t\u00f6ren g\u00fcnleri i\u00e7in ideal bir se\u00e7imdir. Kolyenin her bir halkas\u0131 ak\u0131\u015fkanl\u0131k ve rahatl\u0131k sa\u011flamak i\u00e7in \u00f6zenle birle\u015ftirilirken, dokulu k\u00fcreler ve \u00e7i\u00e7ek boncuklar tasar\u0131ma derinlik ve boyut kat\u0131yor. Rodyum vurgular ince bir kontrast olu\u015fturarak alt\u0131n\u0131n parlakl\u0131\u011f\u0131n\u0131 art\u0131r\u0131r ve \u00e7a\u011fda\u015f ama zamans\u0131z bir estetik yarat\u0131r.<\/p>\n<p data-start=\"935\" data-end=\"1256\">\u00c7ok y\u00f6nl\u00fc ve \u0131\u015f\u0131lt\u0131l\u0131 bu kolye, geleneksel k\u0131yafetlerle bir ifade par\u00e7as\u0131 olarak stilize edilebilir veya zarif bir b\u00fck\u00fclme i\u00e7in modern k\u0131yafetlerle e\u015fle\u015ftirilebilir. G\u00fcvenli bir toka ve el i\u015fi detaylarla tamamlanan bu kolye, at\u00f6lyemizin sanat\u0131n\u0131 ve becerisini yans\u0131t\u0131yor - bug\u00fcn i\u00e7in yeniden tasarlanan miras\u0131n ger\u00e7ek bir kutlamas\u0131.<\/p>","protected":false},"excerpt":{"rendered":"<div class=\"woocommerce-product-details__short-description\">\n<ul>\n<li>Rodyum kaplamal\u0131 gerdanl\u0131k kolye<\/li>\n<li>22 ayar Sar\u0131 Alt\u0131n<\/li>\n<li>A\u011f\u0131rl\u0131k 13,2 gms<\/li>\n<li>SKU. 32973<\/li>\n<li>Uzunluk 16 \u0130n\u00e7<\/li>\n<li>T\u00fcm fiyatlara KDV dahildir<\/li>\n<li>T\u00fcm \u00dcr\u00fcnlerimiz Londra Tahlil Ofisi Taraf\u0131ndan Damgalanm\u0131\u015ft\u0131r<\/li>\n<li>T\u00fcm setler Sunum Kutusu ile birlikte gelir<\/li>\n<li>Teslimat Dahil<\/li>\n<li>\u00dcr\u00fcn videosu i\u00e7in bize ula\u015f\u0131n \/ bizimle canl\u0131 sohbet edin<\/li>\n<\/ul>\n<\/div>\n<p>&nbsp;<\/p>","protected":false},"featured_media":319862,"comment_status":"closed","ping_status":"closed","template":"","meta":{"_eb_attr":"","_crsspst_to_jayantr4sg-hostcom":true},"product_brand":[],"product_cat":[1791,1559,1698,1475,1573,1574],"product_tag":[],"class_list":{"0":"post-317060","1":"product","2":"type-product","3":"status-publish","4":"has-post-thumbnail","6":"product_cat-anniversary-gifts","7":"product_cat-birthday-gifts","8":"product_cat-choker-chains","9":"product_cat-gold-chains","10":"product_cat-wedding-gifts","11":"product_cat-womens-jewellery","13":"first","14":"outofstock","15":"sale","16":"taxable","17":"shipping-taxable","18":"product-type-simple","19":"add-to-wishlist-before_image"},"yoast_head":"<!-- This site is optimized with the Yoast SEO plugin v27.3 - https:\/\/yoast.com\/product\/yoast-seo-wordpress\/ -->\n<title>22ct Gold Choker Necklace With Rhodium Finish | PureJewels<\/title>\n<meta name=\"description\" content=\"Check out our Choker Necklace with Rhodium finish in 22 carat Yellow Gold. Length of the necklace is 16 Inches.\" \/>\n<meta name=\"robots\" content=\"index, follow, max-snippet:-1, max-image-preview:large, max-video-preview:-1\" \/>\n<link rel=\"canonical\" href=\"https:\/\/www.purejewels.com\/tr\/urun\/22-ayar-altin-gerdanlik-kolye-32973\/\" \/>\n<meta property=\"og:locale\" content=\"tr_TR\" \/>\n<meta property=\"og:type\" content=\"article\" \/>\n<meta property=\"og:title\" content=\"22ct Gold Choker Necklace With Rhodium Finish | PureJewels\" \/>\n<meta property=\"og:description\" content=\"Check out our Choker Necklace with Rhodium finish in 22 carat Yellow Gold. Length of the necklace is 16 Inches.\" \/>\n<meta property=\"og:url\" content=\"https:\/\/www.purejewels.com\/tr\/urun\/22-ayar-altin-gerdanlik-kolye-32973\/\" \/>\n<meta property=\"og:site_name\" content=\"PureJewels UK\" \/>\n<meta property=\"article:modified_time\" content=\"2025-09-17T12:03:15+00:00\" \/>\n<meta property=\"og:image\" content=\"https:\/\/www.purejewels.com\/wp-content\/uploads\/2020\/09\/32973-1.jpg\" \/>\n\t<meta property=\"og:image:width\" content=\"1000\" \/>\n\t<meta property=\"og:image:height\" content=\"1000\" \/>\n\t<meta property=\"og:image:type\" content=\"image\/jpeg\" \/>\n<meta name=\"twitter:card\" content=\"summary_large_image\" \/>\n<meta name=\"twitter:label1\" content=\"Tahmini okuma s\u00fcresi\" \/>\n\t<meta name=\"twitter:data1\" content=\"1 dakika\" \/>\n<script type=\"application\/ld+json\" class=\"yoast-schema-graph\">{\"@context\":\"https:\\\/\\\/schema.org\",\"@graph\":[{\"@type\":[\"WebPage\",\"ItemPage\"],\"@id\":\"https:\\\/\\\/www.purejewels.com\\\/product\\\/22ct-gold-choker-necklace-32973\\\/\",\"url\":\"https:\\\/\\\/www.purejewels.com\\\/product\\\/22ct-gold-choker-necklace-32973\\\/\",\"name\":\"22ct Gold Choker Necklace With Rhodium Finish | PureJewels\",\"isPartOf\":{\"@id\":\"https:\\\/\\\/www.purejewels.com\\\/#website\"},\"primaryImageOfPage\":{\"@id\":\"https:\\\/\\\/www.purejewels.com\\\/product\\\/22ct-gold-choker-necklace-32973\\\/#primaryimage\"},\"image\":{\"@id\":\"https:\\\/\\\/www.purejewels.com\\\/product\\\/22ct-gold-choker-necklace-32973\\\/#primaryimage\"},\"thumbnailUrl\":\"https:\\\/\\\/static.purejewels.com\\\/wp-content\\\/uploads\\\/2020\\\/09\\\/32973-1.jpg\",\"datePublished\":\"2020-09-07T07:49:12+00:00\",\"dateModified\":\"2025-09-17T12:03:15+00:00\",\"description\":\"Check out our Choker Necklace with Rhodium finish in 22 carat Yellow Gold. Length of the necklace is 16 Inches.\",\"breadcrumb\":{\"@id\":\"https:\\\/\\\/www.purejewels.com\\\/product\\\/22ct-gold-choker-necklace-32973\\\/#breadcrumb\"},\"inLanguage\":\"tr\",\"potentialAction\":[{\"@type\":\"ReadAction\",\"target\":[\"https:\\\/\\\/www.purejewels.com\\\/product\\\/22ct-gold-choker-necklace-32973\\\/\"]}]},{\"@type\":\"ImageObject\",\"inLanguage\":\"tr\",\"@id\":\"https:\\\/\\\/www.purejewels.com\\\/product\\\/22ct-gold-choker-necklace-32973\\\/#primaryimage\",\"url\":\"https:\\\/\\\/static.purejewels.com\\\/wp-content\\\/uploads\\\/2020\\\/09\\\/32973-1.jpg\",\"contentUrl\":\"https:\\\/\\\/static.purejewels.com\\\/wp-content\\\/uploads\\\/2020\\\/09\\\/32973-1.jpg\",\"width\":1000,\"height\":1000},{\"@type\":\"BreadcrumbList\",\"@id\":\"https:\\\/\\\/www.purejewels.com\\\/product\\\/22ct-gold-choker-necklace-32973\\\/#breadcrumb\",\"itemListElement\":[{\"@type\":\"ListItem\",\"position\":1,\"name\":\"Home\",\"item\":\"https:\\\/\\\/www.purejewels.com\\\/\"},{\"@type\":\"ListItem\",\"position\":2,\"name\":\"Shop\",\"item\":\"https:\\\/\\\/www.purejewels.com\\\/shop\\\/\"},{\"@type\":\"ListItem\",\"position\":3,\"name\":\"22ct Gold Choker Necklace With Rhodium Finish\"}]},{\"@type\":\"WebSite\",\"@id\":\"https:\\\/\\\/www.purejewels.com\\\/#website\",\"url\":\"https:\\\/\\\/www.purejewels.com\\\/\",\"name\":\"PureJewels UK\",\"description\":\"Share the Love\",\"publisher\":{\"@id\":\"https:\\\/\\\/www.purejewels.com\\\/#organization\"},\"potentialAction\":[{\"@type\":\"SearchAction\",\"target\":{\"@type\":\"EntryPoint\",\"urlTemplate\":\"https:\\\/\\\/www.purejewels.com\\\/?s={search_term_string}\"},\"query-input\":{\"@type\":\"PropertyValueSpecification\",\"valueRequired\":true,\"valueName\":\"search_term_string\"}}],\"inLanguage\":\"tr\"},{\"@type\":\"Organization\",\"@id\":\"https:\\\/\\\/www.purejewels.com\\\/#organization\",\"name\":\"PureJewels UK\",\"url\":\"https:\\\/\\\/www.purejewels.com\\\/\",\"logo\":{\"@type\":\"ImageObject\",\"inLanguage\":\"tr\",\"@id\":\"https:\\\/\\\/www.purejewels.com\\\/#\\\/schema\\\/logo\\\/image\\\/\",\"url\":\"https:\\\/\\\/static.purejewels.com\\\/wp-content\\\/uploads\\\/2020\\\/11\\\/Logo-PJ-New-1.png\",\"contentUrl\":\"https:\\\/\\\/static.purejewels.com\\\/wp-content\\\/uploads\\\/2020\\\/11\\\/Logo-PJ-New-1.png\",\"width\":150,\"height\":80,\"caption\":\"PureJewels UK\"},\"image\":{\"@id\":\"https:\\\/\\\/www.purejewels.com\\\/#\\\/schema\\\/logo\\\/image\\\/\"}}]}<\/script>\n<!-- \/ Yoast SEO plugin. -->","yoast_head_json":{"title":"Rodyum Kaplamal\u0131 22 Ayar Alt\u0131n Gerdanl\u0131k Kolye | PureJewels","description":"Rodyum kaplamal\u0131 22 ayar Sar\u0131 Alt\u0131n Gerdanl\u0131k Kolyemize g\u00f6z at\u0131n. Kolyenin uzunlu\u011fu 16 \u0130n\u00e7tir.","robots":{"index":"index","follow":"follow","max-snippet":"max-snippet:-1","max-image-preview":"max-image-preview:large","max-video-preview":"max-video-preview:-1"},"canonical":"https:\/\/www.purejewels.com\/tr\/urun\/22-ayar-altin-gerdanlik-kolye-32973\/","og_locale":"tr_TR","og_type":"article","og_title":"22ct Gold Choker Necklace With Rhodium Finish | PureJewels","og_description":"Check out our Choker Necklace with Rhodium finish in 22 carat Yellow Gold. Length of the necklace is 16 Inches.","og_url":"https:\/\/www.purejewels.com\/tr\/urun\/22-ayar-altin-gerdanlik-kolye-32973\/","og_site_name":"PureJewels UK","article_modified_time":"2025-09-17T12:03:15+00:00","og_image":[{"width":1000,"height":1000,"url":"https:\/\/www.purejewels.com\/wp-content\/uploads\/2020\/09\/32973-1.jpg","type":"image\/jpeg"}],"twitter_card":"summary_large_image","twitter_misc":{"Tahmini okuma s\u00fcresi":"1 dakika"},"schema":{"@context":"https:\/\/schema.org","@graph":[{"@type":["WebPage","ItemPage"],"@id":"https:\/\/www.purejewels.com\/product\/22ct-gold-choker-necklace-32973\/","url":"https:\/\/www.purejewels.com\/product\/22ct-gold-choker-necklace-32973\/","name":"Rodyum Kaplamal\u0131 22 Ayar Alt\u0131n Gerdanl\u0131k Kolye | PureJewels","isPartOf":{"@id":"https:\/\/www.purejewels.com\/#website"},"primaryImageOfPage":{"@id":"https:\/\/www.purejewels.com\/product\/22ct-gold-choker-necklace-32973\/#primaryimage"},"image":{"@id":"https:\/\/www.purejewels.com\/product\/22ct-gold-choker-necklace-32973\/#primaryimage"},"thumbnailUrl":"https:\/\/static.purejewels.com\/wp-content\/uploads\/2020\/09\/32973-1.jpg","datePublished":"2020-09-07T07:49:12+00:00","dateModified":"2025-09-17T12:03:15+00:00","description":"Rodyum kaplamal\u0131 22 ayar Sar\u0131 Alt\u0131n Gerdanl\u0131k Kolyemize g\u00f6z at\u0131n. Kolyenin uzunlu\u011fu 16 \u0130n\u00e7tir.","breadcrumb":{"@id":"https:\/\/www.purejewels.com\/product\/22ct-gold-choker-necklace-32973\/#breadcrumb"},"inLanguage":"tr","potentialAction":[{"@type":"ReadAction","target":["https:\/\/www.purejewels.com\/product\/22ct-gold-choker-necklace-32973\/"]}]},{"@type":"ImageObject","inLanguage":"tr","@id":"https:\/\/www.purejewels.com\/product\/22ct-gold-choker-necklace-32973\/#primaryimage","url":"https:\/\/static.purejewels.com\/wp-content\/uploads\/2020\/09\/32973-1.jpg","contentUrl":"https:\/\/static.purejewels.com\/wp-content\/uploads\/2020\/09\/32973-1.jpg","width":1000,"height":1000},{"@type":"BreadcrumbList","@id":"https:\/\/www.purejewels.com\/product\/22ct-gold-choker-necklace-32973\/#breadcrumb","itemListElement":[{"@type":"ListItem","position":1,"name":"Home","item":"https:\/\/www.purejewels.com\/"},{"@type":"ListItem","position":2,"name":"Shop","item":"https:\/\/www.purejewels.com\/shop\/"},{"@type":"ListItem","position":3,"name":"22ct Gold Choker Necklace With Rhodium Finish"}]},{"@type":"WebSite","@id":"https:\/\/www.purejewels.com\/#website","url":"https:\/\/www.purejewels.com\/","name":"PureJewels \u0130ngiltere","description":"Sevgiyi Payla\u015f\u0131n","publisher":{"@id":"https:\/\/www.purejewels.com\/#organization"},"potentialAction":[{"@type":"SearchAction","target":{"@type":"EntryPoint","urlTemplate":"https:\/\/www.purejewels.com\/?s={search_term_string}"},"query-input":{"@type":"PropertyValueSpecification","valueRequired":true,"valueName":"search_term_string"}}],"inLanguage":"tr"},{"@type":"Organization","@id":"https:\/\/www.purejewels.com\/#organization","name":"PureJewels \u0130ngiltere","url":"https:\/\/www.purejewels.com\/","logo":{"@type":"ImageObject","inLanguage":"tr","@id":"https:\/\/www.purejewels.com\/#\/schema\/logo\/image\/","url":"https:\/\/static.purejewels.com\/wp-content\/uploads\/2020\/11\/Logo-PJ-New-1.png","contentUrl":"https:\/\/static.purejewels.com\/wp-content\/uploads\/2020\/11\/Logo-PJ-New-1.png","width":150,"height":80,"caption":"PureJewels UK"},"image":{"@id":"https:\/\/www.purejewels.com\/#\/schema\/logo\/image\/"}}]}},"_links":{"self":[{"href":"https:\/\/www.purejewels.com\/tr\/wp-json\/wp\/v2\/product\/317060","targetHints":{"allow":["GET"]}}],"collection":[{"href":"https:\/\/www.purejewels.com\/tr\/wp-json\/wp\/v2\/product"}],"about":[{"href":"https:\/\/www.purejewels.com\/tr\/wp-json\/wp\/v2\/types\/product"}],"replies":[{"embeddable":true,"href":"https:\/\/www.purejewels.com\/tr\/wp-json\/wp\/v2\/comments?post=317060"}],"version-history":[{"count":2,"href":"https:\/\/www.purejewels.com\/tr\/wp-json\/wp\/v2\/product\/317060\/revisions"}],"predecessor-version":[{"id":415636,"href":"https:\/\/www.purejewels.com\/tr\/wp-json\/wp\/v2\/product\/317060\/revisions\/415636"}],"wp:featuredmedia":[{"embeddable":true,"href":"https:\/\/www.purejewels.com\/tr\/wp-json\/wp\/v2\/media\/319862"}],"wp:attachment":[{"href":"https:\/\/www.purejewels.com\/tr\/wp-json\/wp\/v2\/media?parent=317060"}],"wp:term":[{"taxonomy":"product_brand","embeddable":true,"href":"https:\/\/www.purejewels.com\/tr\/wp-json\/wp\/v2\/product_brand?post=317060"},{"taxonomy":"product_cat","embeddable":true,"href":"https:\/\/www.purejewels.com\/tr\/wp-json\/wp\/v2\/product_cat?post=317060"},{"taxonomy":"product_tag","embeddable":true,"href":"https:\/\/www.purejewels.com\/tr\/wp-json\/wp\/v2\/product_tag?post=317060"}],"curies":[{"name":"wp","href":"https:\/\/api.w.org\/{rel}","templated":true}]}}