{"id":317186,"date":"2020-09-14T11:05:24","date_gmt":"2020-09-14T10:05:24","guid":{"rendered":"https:\/\/www.purejewels.com\/product\/22ct-gold-baby-bracelet-2-4gm-3\/"},"modified":"2026-01-06T09:51:23","modified_gmt":"2026-01-06T09:51:23","slug":"22-ayar-altin-bebek-bilekligi-33115","status":"publish","type":"product","link":"https:\/\/www.purejewels.com\/tr\/product\/22ct-gold-baby-bracelet-33115\/","title":{"rendered":"22 Ayar Alt\u0131n Bebek Bilekli\u011fi"},"content":{"rendered":"<h3>Tasar\u0131m<\/h3>\n<p>PureJewels 22 ayar alt\u0131n bebek <a href=\"https:\/\/www.purejewels.com\/tr\/product-category\/22ct-gold-jewellery\/gold-bracelet\/\">Bilezik<\/a> siyah boncuklarla birlikte el oymas\u0131 alt\u0131n boncuklara sahiptir. Bebe\u011fin konforu g\u00f6z \u00f6n\u00fcnde bulundurularak haz\u0131rlanm\u0131\u015ft\u0131r. Bu bileklik sadece sevimli olmakla kalmay\u0131p, ayn\u0131 zamanda keskin metal kenarlardan ka\u00e7\u0131nmak i\u00e7in a\u015f\u0131r\u0131 \u00f6zen g\u00f6sterilerek iyice parlat\u0131lm\u0131\u015f ve p\u00fcr\u00fczs\u00fcz hale getirilmi\u015ftir.<\/p>\n<h3>\u0130lham kayna\u011f\u0131<\/h3>\n<p>Bebek ta\u015f\u0131ma bilezi\u011fi gelene\u011fi veya <a href=\"https:\/\/www.purejewels.com\/tr\/product-category\/gold-anklets\/\">halhallar<\/a> binlerce y\u0131l \u00f6ncesine dayanmaktad\u0131r. Eski zamanlardan beri, negatif enerjilerden korunmak i\u00e7in bebe\u011fin bile\u011fine siyah bir iplik ba\u011fland\u0131\u011f\u0131na inan\u0131l\u0131r ve uygulan\u0131r, genellikle k\u00f6t\u00fcl\u00fc\u011f\u00fc uzakla\u015ft\u0131rmak i\u00e7in siyah boncuklar e\u015flik eder. Ayr\u0131ca bir m\u00fccevher hediye ederek aileye yeni bir \u00fcyeyi kar\u015f\u0131lamakla da ili\u015fkilendirilebilir.<\/p>\n<h3>Stil<\/h3>\n<p>Yeni \u00e7ocu\u011funuzun bu tuhaf tak\u0131y\u0131 k\u00fc\u00e7\u00fck sevimli bile\u011fine takt\u0131\u011f\u0131n\u0131, k\u00f6t\u00fcl\u00fcklerden korudu\u011funu ve olumlu hisler \u00e7ekti\u011fini hayal etmek \u00e7ok g\u00fczel.<\/p>","protected":false},"excerpt":{"rendered":"<ul>\n<li>22 ayar damgal\u0131 \u00e7ocuk alt\u0131n tak\u0131lar\u0131<\/li>\n<li>\u00c7ocuk, \u00e7ocuk, bebek, yenido\u011fan i\u00e7in uygundur<\/li>\n<li>Yakla\u015f\u0131k Uzunluk: 5,5 \u0130n\u00e7<\/li>\n<li>A\u011f\u0131rl\u0131k: 2,4 gms<\/li>\n<li>SKU 33115<\/li>\n<li>T\u00fcm fiyatlara KDV dahildir<\/li>\n<li>T\u00fcm \u00fcr\u00fcnlerimiz London Assay Office taraf\u0131ndan damgalanm\u0131\u015ft\u0131r<\/li>\n<li>All baby alt\u0131n bileklik Sunum kutusu ile birlikte gelir<\/li>\n<li>Teslimat dahil<\/li>\n<li>Upton park Jewellery shops, London , UK adresindeki benzer Mania Bileklikleri ke\u015ffetmek i\u00e7in bizimle ileti\u015fime ge\u00e7in \/ sohbet edin<\/li>\n<\/ul>","protected":false},"featured_media":317192,"comment_status":"closed","ping_status":"closed","template":"","meta":{"_eb_attr":"","_crsspst_to_jayantr4sg-hostcom":false},"product_brand":[],"product_cat":[1576,1794,1793,1436],"product_tag":[],"class_list":{"0":"post-317186","1":"product","2":"type-product","3":"status-publish","4":"has-post-thumbnail","6":"product_cat-childrens-jewellery","7":"product_cat-christmas-gifts","8":"product_cat-diwali-gifts","9":"product_cat-kids-bracelet-kada","11":"first","12":"outofstock","13":"taxable","14":"shipping-taxable","15":"product-type-simple","16":"add-to-wishlist-before_image"},"yoast_head":"<!-- This site is optimized with the Yoast SEO plugin v27.6 - https:\/\/yoast.com\/product\/yoast-seo-wordpress\/ -->\n<title>22ct gold baby bracelet features hand-carved gold &amp; black beads<\/title>\n<meta name=\"description\" content=\"The baby bracelet is crafted keeping in mind the comfort of the infant as it involves excessive care to avoid any sharp metal edges.\" \/>\n<meta name=\"robots\" content=\"index, follow, max-snippet:-1, max-image-preview:large, max-video-preview:-1\" \/>\n<link rel=\"canonical\" href=\"https:\/\/www.purejewels.com\/tr\/urun\/22-ayar-altin-bebek-bilekligi-33115\/\" \/>\n<meta property=\"og:locale\" content=\"tr_TR\" \/>\n<meta property=\"og:type\" content=\"article\" \/>\n<meta property=\"og:title\" content=\"22ct gold baby bracelet features hand-carved gold &amp; black beads\" \/>\n<meta property=\"og:description\" content=\"The baby bracelet is crafted keeping in mind the comfort of the infant as it involves excessive care to avoid any sharp metal edges.\" \/>\n<meta property=\"og:url\" content=\"https:\/\/www.purejewels.com\/tr\/urun\/22-ayar-altin-bebek-bilekligi-33115\/\" \/>\n<meta property=\"og:site_name\" content=\"PureJewels UK\" \/>\n<meta property=\"article:modified_time\" content=\"2026-01-06T09:51:23+00:00\" \/>\n<meta property=\"og:image\" content=\"https:\/\/www.purejewels.com\/wp-content\/uploads\/2020\/09\/33115.png\" \/>\n\t<meta property=\"og:image:width\" content=\"1000\" \/>\n\t<meta property=\"og:image:height\" content=\"1000\" \/>\n\t<meta property=\"og:image:type\" content=\"image\/png\" \/>\n<meta name=\"twitter:card\" content=\"summary_large_image\" \/>\n<meta name=\"twitter:label1\" content=\"Tahmini okuma s\u00fcresi\" \/>\n\t<meta name=\"twitter:data1\" content=\"1 dakika\" \/>\n<script type=\"application\/ld+json\" class=\"yoast-schema-graph\">{\"@context\":\"https:\\\/\\\/schema.org\",\"@graph\":[{\"@type\":[\"WebPage\",\"ItemPage\"],\"@id\":\"https:\\\/\\\/www.purejewels.com\\\/product\\\/22ct-gold-baby-bracelet-33115\\\/\",\"url\":\"https:\\\/\\\/www.purejewels.com\\\/product\\\/22ct-gold-baby-bracelet-33115\\\/\",\"name\":\"22ct gold baby bracelet features hand-carved gold & black beads\",\"isPartOf\":{\"@id\":\"https:\\\/\\\/www.purejewels.com\\\/#website\"},\"primaryImageOfPage\":{\"@id\":\"https:\\\/\\\/www.purejewels.com\\\/product\\\/22ct-gold-baby-bracelet-33115\\\/#primaryimage\"},\"image\":{\"@id\":\"https:\\\/\\\/www.purejewels.com\\\/product\\\/22ct-gold-baby-bracelet-33115\\\/#primaryimage\"},\"thumbnailUrl\":\"https:\\\/\\\/static.purejewels.com\\\/wp-content\\\/uploads\\\/2020\\\/09\\\/33115.png\",\"datePublished\":\"2020-09-14T10:05:24+00:00\",\"dateModified\":\"2026-01-06T09:51:23+00:00\",\"description\":\"The baby bracelet is crafted keeping in mind the comfort of the infant as it involves excessive care to avoid any sharp metal edges.\",\"breadcrumb\":{\"@id\":\"https:\\\/\\\/www.purejewels.com\\\/product\\\/22ct-gold-baby-bracelet-33115\\\/#breadcrumb\"},\"inLanguage\":\"tr\",\"potentialAction\":[{\"@type\":\"ReadAction\",\"target\":[\"https:\\\/\\\/www.purejewels.com\\\/product\\\/22ct-gold-baby-bracelet-33115\\\/\"]}]},{\"@type\":\"ImageObject\",\"inLanguage\":\"tr\",\"@id\":\"https:\\\/\\\/www.purejewels.com\\\/product\\\/22ct-gold-baby-bracelet-33115\\\/#primaryimage\",\"url\":\"https:\\\/\\\/static.purejewels.com\\\/wp-content\\\/uploads\\\/2020\\\/09\\\/33115.png\",\"contentUrl\":\"https:\\\/\\\/static.purejewels.com\\\/wp-content\\\/uploads\\\/2020\\\/09\\\/33115.png\",\"width\":1000,\"height\":1000,\"caption\":\"22ct gold children's bracelet\"},{\"@type\":\"BreadcrumbList\",\"@id\":\"https:\\\/\\\/www.purejewels.com\\\/product\\\/22ct-gold-baby-bracelet-33115\\\/#breadcrumb\",\"itemListElement\":[{\"@type\":\"ListItem\",\"position\":1,\"name\":\"Home\",\"item\":\"https:\\\/\\\/www.purejewels.com\\\/\"},{\"@type\":\"ListItem\",\"position\":2,\"name\":\"Shop\",\"item\":\"https:\\\/\\\/www.purejewels.com\\\/shop\\\/\"},{\"@type\":\"ListItem\",\"position\":3,\"name\":\"22ct Gold Baby Bracelet\"}]},{\"@type\":\"WebSite\",\"@id\":\"https:\\\/\\\/www.purejewels.com\\\/#website\",\"url\":\"https:\\\/\\\/www.purejewels.com\\\/\",\"name\":\"PureJewels UK\",\"description\":\"Share the Love\",\"publisher\":{\"@id\":\"https:\\\/\\\/www.purejewels.com\\\/#organization\"},\"potentialAction\":[{\"@type\":\"SearchAction\",\"target\":{\"@type\":\"EntryPoint\",\"urlTemplate\":\"https:\\\/\\\/www.purejewels.com\\\/?s={search_term_string}\"},\"query-input\":{\"@type\":\"PropertyValueSpecification\",\"valueRequired\":true,\"valueName\":\"search_term_string\"}}],\"inLanguage\":\"tr\"},{\"@type\":\"Organization\",\"@id\":\"https:\\\/\\\/www.purejewels.com\\\/#organization\",\"name\":\"PureJewels UK\",\"url\":\"https:\\\/\\\/www.purejewels.com\\\/\",\"logo\":{\"@type\":\"ImageObject\",\"inLanguage\":\"tr\",\"@id\":\"https:\\\/\\\/www.purejewels.com\\\/#\\\/schema\\\/logo\\\/image\\\/\",\"url\":\"https:\\\/\\\/static.purejewels.com\\\/wp-content\\\/uploads\\\/2020\\\/11\\\/Logo-PJ-New-1.png\",\"contentUrl\":\"https:\\\/\\\/static.purejewels.com\\\/wp-content\\\/uploads\\\/2020\\\/11\\\/Logo-PJ-New-1.png\",\"width\":150,\"height\":80,\"caption\":\"PureJewels UK\"},\"image\":{\"@id\":\"https:\\\/\\\/www.purejewels.com\\\/#\\\/schema\\\/logo\\\/image\\\/\"}}]}<\/script>\n<!-- \/ Yoast SEO plugin. -->","yoast_head_json":{"title":"22 ayar alt\u0131n bebek bilezi\u011finde el oymas\u0131 alt\u0131n ve siyah boncuklar bulunur","description":"Bebek bilekli\u011fi, keskin metal kenarlardan ka\u00e7\u0131nmak i\u00e7in a\u015f\u0131r\u0131 \u00f6zen g\u00f6sterildi\u011finden bebe\u011fin konforu g\u00f6z \u00f6n\u00fcnde bulundurularak haz\u0131rlanm\u0131\u015ft\u0131r.","robots":{"index":"index","follow":"follow","max-snippet":"max-snippet:-1","max-image-preview":"max-image-preview:large","max-video-preview":"max-video-preview:-1"},"canonical":"https:\/\/www.purejewels.com\/tr\/urun\/22-ayar-altin-bebek-bilekligi-33115\/","og_locale":"tr_TR","og_type":"article","og_title":"22ct gold baby bracelet features hand-carved gold & black beads","og_description":"The baby bracelet is crafted keeping in mind the comfort of the infant as it involves excessive care to avoid any sharp metal edges.","og_url":"https:\/\/www.purejewels.com\/tr\/urun\/22-ayar-altin-bebek-bilekligi-33115\/","og_site_name":"PureJewels UK","article_modified_time":"2026-01-06T09:51:23+00:00","og_image":[{"width":1000,"height":1000,"url":"https:\/\/www.purejewels.com\/wp-content\/uploads\/2020\/09\/33115.png","type":"image\/png"}],"twitter_card":"summary_large_image","twitter_misc":{"Tahmini okuma s\u00fcresi":"1 dakika"},"schema":{"@context":"https:\/\/schema.org","@graph":[{"@type":["WebPage","ItemPage"],"@id":"https:\/\/www.purejewels.com\/product\/22ct-gold-baby-bracelet-33115\/","url":"https:\/\/www.purejewels.com\/product\/22ct-gold-baby-bracelet-33115\/","name":"22 ayar alt\u0131n bebek bilezi\u011finde el oymas\u0131 alt\u0131n ve siyah boncuklar bulunur","isPartOf":{"@id":"https:\/\/www.purejewels.com\/#website"},"primaryImageOfPage":{"@id":"https:\/\/www.purejewels.com\/product\/22ct-gold-baby-bracelet-33115\/#primaryimage"},"image":{"@id":"https:\/\/www.purejewels.com\/product\/22ct-gold-baby-bracelet-33115\/#primaryimage"},"thumbnailUrl":"https:\/\/static.purejewels.com\/wp-content\/uploads\/2020\/09\/33115.png","datePublished":"2020-09-14T10:05:24+00:00","dateModified":"2026-01-06T09:51:23+00:00","description":"Bebek bilekli\u011fi, keskin metal kenarlardan ka\u00e7\u0131nmak i\u00e7in a\u015f\u0131r\u0131 \u00f6zen g\u00f6sterildi\u011finden bebe\u011fin konforu g\u00f6z \u00f6n\u00fcnde bulundurularak haz\u0131rlanm\u0131\u015ft\u0131r.","breadcrumb":{"@id":"https:\/\/www.purejewels.com\/product\/22ct-gold-baby-bracelet-33115\/#breadcrumb"},"inLanguage":"tr","potentialAction":[{"@type":"ReadAction","target":["https:\/\/www.purejewels.com\/product\/22ct-gold-baby-bracelet-33115\/"]}]},{"@type":"ImageObject","inLanguage":"tr","@id":"https:\/\/www.purejewels.com\/product\/22ct-gold-baby-bracelet-33115\/#primaryimage","url":"https:\/\/static.purejewels.com\/wp-content\/uploads\/2020\/09\/33115.png","contentUrl":"https:\/\/static.purejewels.com\/wp-content\/uploads\/2020\/09\/33115.png","width":1000,"height":1000,"caption":"22ct gold children's bracelet"},{"@type":"BreadcrumbList","@id":"https:\/\/www.purejewels.com\/product\/22ct-gold-baby-bracelet-33115\/#breadcrumb","itemListElement":[{"@type":"ListItem","position":1,"name":"Home","item":"https:\/\/www.purejewels.com\/"},{"@type":"ListItem","position":2,"name":"Shop","item":"https:\/\/www.purejewels.com\/shop\/"},{"@type":"ListItem","position":3,"name":"22ct Gold Baby Bracelet"}]},{"@type":"WebSite","@id":"https:\/\/www.purejewels.com\/#website","url":"https:\/\/www.purejewels.com\/","name":"PureJewels \u0130ngiltere","description":"Sevgiyi Payla\u015f\u0131n","publisher":{"@id":"https:\/\/www.purejewels.com\/#organization"},"potentialAction":[{"@type":"SearchAction","target":{"@type":"EntryPoint","urlTemplate":"https:\/\/www.purejewels.com\/?s={search_term_string}"},"query-input":{"@type":"PropertyValueSpecification","valueRequired":true,"valueName":"search_term_string"}}],"inLanguage":"tr"},{"@type":"Organization","@id":"https:\/\/www.purejewels.com\/#organization","name":"PureJewels \u0130ngiltere","url":"https:\/\/www.purejewels.com\/","logo":{"@type":"ImageObject","inLanguage":"tr","@id":"https:\/\/www.purejewels.com\/#\/schema\/logo\/image\/","url":"https:\/\/static.purejewels.com\/wp-content\/uploads\/2020\/11\/Logo-PJ-New-1.png","contentUrl":"https:\/\/static.purejewels.com\/wp-content\/uploads\/2020\/11\/Logo-PJ-New-1.png","width":150,"height":80,"caption":"PureJewels UK"},"image":{"@id":"https:\/\/www.purejewels.com\/#\/schema\/logo\/image\/"}}]}},"_links":{"self":[{"href":"https:\/\/www.purejewels.com\/tr\/wp-json\/wp\/v2\/product\/317186","targetHints":{"allow":["GET"]}}],"collection":[{"href":"https:\/\/www.purejewels.com\/tr\/wp-json\/wp\/v2\/product"}],"about":[{"href":"https:\/\/www.purejewels.com\/tr\/wp-json\/wp\/v2\/types\/product"}],"replies":[{"embeddable":true,"href":"https:\/\/www.purejewels.com\/tr\/wp-json\/wp\/v2\/comments?post=317186"}],"version-history":[{"count":1,"href":"https:\/\/www.purejewels.com\/tr\/wp-json\/wp\/v2\/product\/317186\/revisions"}],"predecessor-version":[{"id":420633,"href":"https:\/\/www.purejewels.com\/tr\/wp-json\/wp\/v2\/product\/317186\/revisions\/420633"}],"wp:featuredmedia":[{"embeddable":true,"href":"https:\/\/www.purejewels.com\/tr\/wp-json\/wp\/v2\/media\/317192"}],"wp:attachment":[{"href":"https:\/\/www.purejewels.com\/tr\/wp-json\/wp\/v2\/media?parent=317186"}],"wp:term":[{"taxonomy":"product_brand","embeddable":true,"href":"https:\/\/www.purejewels.com\/tr\/wp-json\/wp\/v2\/product_brand?post=317186"},{"taxonomy":"product_cat","embeddable":true,"href":"https:\/\/www.purejewels.com\/tr\/wp-json\/wp\/v2\/product_cat?post=317186"},{"taxonomy":"product_tag","embeddable":true,"href":"https:\/\/www.purejewels.com\/tr\/wp-json\/wp\/v2\/product_tag?post=317186"}],"curies":[{"name":"wp","href":"https:\/\/api.w.org\/{rel}","templated":true}]}}