{"id":317201,"date":"2020-09-14T12:33:47","date_gmt":"2020-09-14T11:33:47","guid":{"rendered":"https:\/\/www.purejewels.com\/product\/22ct-gold-baby-bangle-10gm\/"},"modified":"2026-03-13T06:03:31","modified_gmt":"2026-03-13T06:03:31","slug":"22-ayar-altin-bebek-bilekligi-49218","status":"publish","type":"product","link":"https:\/\/www.purejewels.com\/tr\/product\/22ct-gold-baby-bangle-49218\/","title":{"rendered":"22 Ayar Sar\u0131 Alt\u0131n D \u015eeklinde Bebek Kada"},"content":{"rendered":"<p>22 ayar sar\u0131 alt\u0131ndan bebek kada, de\u011ferli erken anlar\u0131 kutlamak i\u00e7in tasarlanm\u0131\u015f zamans\u0131z bir par\u00e7ad\u0131r. P\u00fcr\u00fczs\u00fcz cilal\u0131 y\u00fczeyi ve yumu\u015fak hatlar\u0131yla bu zarif bileklik, k\u00fc\u00e7\u00fck bilekler i\u00e7in hem rahatl\u0131k hem de dayan\u0131kl\u0131l\u0131k sunar. Saf alt\u0131n\u0131n s\u0131cak \u0131\u015f\u0131lt\u0131s\u0131, miras niteli\u011findeki el i\u015f\u00e7ili\u011fini yans\u0131tarak onu y\u0131llar boyu el \u00fcst\u00fcnde tutulacak anlaml\u0131 bir hat\u0131ra haline getirir.<\/p>\n<h3 data-section-id=\"1qj9e1g\" data-start=\"1128\" data-end=\"1148\">Tasar\u0131m Konsepti<\/h3>\n<p data-start=\"1149\" data-end=\"1326\">Geleneksel bebek tak\u0131lar\u0131ndan esinlenen sade dairesel form, koruma sevgisini ve s\u00fcreklili\u011fi sembolize eder. Temiz cilal\u0131 tasar\u0131m saf alt\u0131n\u0131n do\u011fal g\u00fczelli\u011fini vurgular.<\/p>\n<h3 data-section-id=\"n147pz\" data-start=\"1333\" data-end=\"1352\">Zanaatkarl\u0131k<\/h3>\n<p data-start=\"1353\" data-end=\"1558\">Y\u00fcksek safl\u0131kta 22 ayar sar\u0131 alt\u0131ndan ustal\u0131kla \u00fcretilen kada, rahatl\u0131k ve dayan\u0131kl\u0131l\u0131k sa\u011flamak i\u00e7in p\u00fcr\u00fczs\u00fcz finisaj ve dengeli \u015fekillendirme \u00f6zelliklerine sahiptir. Her bir par\u00e7a \u00f6zenli kuyumculu\u011fu ve detaylara g\u00f6sterilen \u00f6zeni yans\u0131tmaktad\u0131r.<\/p>\n<h3 data-section-id=\"lvxqx6\" data-start=\"1565\" data-end=\"1583\">Stil \u0130pu\u00e7lar\u0131<\/h3>\n<p data-start=\"1584\" data-end=\"1773\" data-is-last-node=\"\" data-is-only-node=\"\">Yeni do\u011fan kutlamalar\u0131 ve \u00f6zel d\u00f6n\u00fcm noktalar\u0131 i\u00e7in anlaml\u0131 bir hediye.<br data-start=\"1650\" data-end=\"1653\" \/>Koordineli bir set i\u00e7in bir bebek bilezi\u011fi veya kolye ucu ile e\u015fle\u015ftirin.<br data-start=\"1712\" data-end=\"1715\" \/>Nesiller boyu saklanabilecek zamans\u0131z bir hat\u0131ra.<\/p>","protected":false},"excerpt":{"rendered":"<p>Rahatl\u0131k ve g\u00fcnl\u00fck kullan\u0131m i\u00e7in tasarlanm\u0131\u015f, p\u00fcr\u00fczs\u00fcz cilal\u0131 bir y\u00fczeye sahip 22 ayar sar\u0131 alt\u0131ndan klasik bir bebek kada.<\/p>\n<ul>\n<li>22'de Bebek Bilezikleri\u00a0<span id=\"urn:enhancement-12aa0076\" class=\"textannotation\">karat<\/span>\u00a0<span id=\"urn:enhancement-379dd17f\" class=\"textannotation\">Alt\u0131n<\/span><\/li>\n<li>\u00c7ocuklar i\u00e7in uygun, \u00c7ocuklar, \u00c7ocuk<\/li>\n<li>A\u011f\u0131rl\u0131k 8,40 gms<\/li>\n<li>SKU. 49351<\/li>\n<li>\u00c7e\u015fitli ebatlarda sipari\u015f \u00fczerine yap\u0131labilir.<\/li>\n<li>T\u00fcm fiyatlara KDV dahildir<\/li>\n<li>B\u00fct\u00fcn\u00a0<span id=\"urn:enhancement-9c9d9bf7\" class=\"textannotation\">\u00fcr\u00fcnler<\/span>\u00a0Londra taraf\u0131ndan damgalanm\u0131\u015ft\u0131r\u00a0<span id=\"urn:enhancement-dd08badb\" class=\"textannotation\">Tahlil ofisi<\/span><\/li>\n<li>Sunum Kutusu ile Birlikte Gelir<\/li>\n<li>Teslimat Dahil<\/li>\n<li>\u015eu anda mevcut olan benzer bebek kara tasar\u0131mlar\u0131n\u0131n kullan\u0131labilirli\u011fi ve daha fazla g\u00f6r\u00fcnt\u00fcs\u00fc i\u00e7in bizimle canl\u0131 sohbet edin\u00a0<span id=\"urn:enhancement-398ac0ac\" class=\"textannotation\">stok<\/span><\/li>\n<\/ul>","protected":false},"featured_media":317203,"comment_status":"closed","ping_status":"closed","template":"","meta":{"_eb_attr":"","_crsspst_to_jayantr4sg-hostcom":false},"product_brand":[],"product_cat":[1576,1229,1526,1436,5943],"product_tag":[],"class_list":{"0":"post-317201","1":"product","2":"type-product","3":"status-publish","4":"has-post-thumbnail","6":"product_cat-childrens-jewellery","7":"product_cat-22ct-gold-jewellery","8":"product_cat-kids-bangles","9":"product_cat-kids-bracelet-kada","10":"product_cat-kids-jewellery","12":"first","13":"instock","14":"taxable","15":"shipping-taxable","16":"purchasable","17":"product-type-simple","18":"add-to-wishlist-before_image"},"yoast_head":"<!-- This site is optimized with the Yoast SEO plugin v27.6 - https:\/\/yoast.com\/product\/yoast-seo-wordpress\/ -->\n<title>Baby Kada 22ct Yellow Gold PureJewels London<\/title>\n<meta name=\"description\" content=\"Discover a baby kada crafted in 22ct yellow gold. A timeless and elegant gold bangle designed as a meaningful gift for newborns and children.\" \/>\n<meta name=\"robots\" content=\"index, follow, max-snippet:-1, max-image-preview:large, max-video-preview:-1\" \/>\n<link rel=\"canonical\" href=\"https:\/\/www.purejewels.com\/tr\/urun\/22-ayar-altin-bebek-bilekligi-49218\/\" \/>\n<meta property=\"og:locale\" content=\"tr_TR\" \/>\n<meta property=\"og:type\" content=\"article\" \/>\n<meta property=\"og:title\" content=\"Baby Kada 22ct Yellow Gold PureJewels London\" \/>\n<meta property=\"og:description\" content=\"Discover a baby kada crafted in 22ct yellow gold. A timeless and elegant gold bangle designed as a meaningful gift for newborns and children.\" \/>\n<meta property=\"og:url\" content=\"https:\/\/www.purejewels.com\/tr\/urun\/22-ayar-altin-bebek-bilekligi-49218\/\" \/>\n<meta property=\"og:site_name\" content=\"PureJewels UK\" \/>\n<meta property=\"article:modified_time\" content=\"2026-03-13T06:03:31+00:00\" \/>\n<meta property=\"og:image\" content=\"https:\/\/static.purejewels.com\/wp-content\/uploads\/2020\/09\/image185358520.jpg\" \/>\n\t<meta property=\"og:image:width\" content=\"1000\" \/>\n\t<meta property=\"og:image:height\" content=\"1000\" \/>\n\t<meta property=\"og:image:type\" content=\"image\/jpeg\" \/>\n<meta name=\"twitter:card\" content=\"summary_large_image\" \/>\n<meta name=\"twitter:label1\" content=\"Tahmini okuma s\u00fcresi\" \/>\n\t<meta name=\"twitter:data1\" content=\"1 dakika\" \/>\n<script type=\"application\/ld+json\" class=\"yoast-schema-graph\">{\"@context\":\"https:\\\/\\\/schema.org\",\"@graph\":[{\"@type\":[\"WebPage\",\"ItemPage\"],\"@id\":\"https:\\\/\\\/www.purejewels.com\\\/product\\\/22ct-gold-baby-bangle-49218\\\/\",\"url\":\"https:\\\/\\\/www.purejewels.com\\\/product\\\/22ct-gold-baby-bangle-49218\\\/\",\"name\":\"Baby Kada 22ct Yellow Gold PureJewels London\",\"isPartOf\":{\"@id\":\"https:\\\/\\\/www.purejewels.com\\\/#website\"},\"primaryImageOfPage\":{\"@id\":\"https:\\\/\\\/www.purejewels.com\\\/product\\\/22ct-gold-baby-bangle-49218\\\/#primaryimage\"},\"image\":{\"@id\":\"https:\\\/\\\/www.purejewels.com\\\/product\\\/22ct-gold-baby-bangle-49218\\\/#primaryimage\"},\"thumbnailUrl\":\"https:\\\/\\\/static.purejewels.com\\\/wp-content\\\/uploads\\\/2020\\\/09\\\/image185358520.jpg\",\"datePublished\":\"2020-09-14T11:33:47+00:00\",\"dateModified\":\"2026-03-13T06:03:31+00:00\",\"description\":\"Discover a baby kada crafted in 22ct yellow gold. A timeless and elegant gold bangle designed as a meaningful gift for newborns and children.\",\"breadcrumb\":{\"@id\":\"https:\\\/\\\/www.purejewels.com\\\/product\\\/22ct-gold-baby-bangle-49218\\\/#breadcrumb\"},\"inLanguage\":\"tr\",\"potentialAction\":[{\"@type\":\"ReadAction\",\"target\":[\"https:\\\/\\\/www.purejewels.com\\\/product\\\/22ct-gold-baby-bangle-49218\\\/\"]}]},{\"@type\":\"ImageObject\",\"inLanguage\":\"tr\",\"@id\":\"https:\\\/\\\/www.purejewels.com\\\/product\\\/22ct-gold-baby-bangle-49218\\\/#primaryimage\",\"url\":\"https:\\\/\\\/static.purejewels.com\\\/wp-content\\\/uploads\\\/2020\\\/09\\\/image185358520.jpg\",\"contentUrl\":\"https:\\\/\\\/static.purejewels.com\\\/wp-content\\\/uploads\\\/2020\\\/09\\\/image185358520.jpg\",\"width\":1000,\"height\":1000,\"caption\":\"22ct Gold Medium Kara Baby Bangle YGBB031\"},{\"@type\":\"BreadcrumbList\",\"@id\":\"https:\\\/\\\/www.purejewels.com\\\/product\\\/22ct-gold-baby-bangle-49218\\\/#breadcrumb\",\"itemListElement\":[{\"@type\":\"ListItem\",\"position\":1,\"name\":\"Home\",\"item\":\"https:\\\/\\\/www.purejewels.com\\\/\"},{\"@type\":\"ListItem\",\"position\":2,\"name\":\"Shop\",\"item\":\"https:\\\/\\\/www.purejewels.com\\\/shop\\\/\"},{\"@type\":\"ListItem\",\"position\":3,\"name\":\"22ct Yellow Gold D Shaped Baby Kada\"}]},{\"@type\":\"WebSite\",\"@id\":\"https:\\\/\\\/www.purejewels.com\\\/#website\",\"url\":\"https:\\\/\\\/www.purejewels.com\\\/\",\"name\":\"PureJewels UK\",\"description\":\"Share the Love\",\"publisher\":{\"@id\":\"https:\\\/\\\/www.purejewels.com\\\/#organization\"},\"potentialAction\":[{\"@type\":\"SearchAction\",\"target\":{\"@type\":\"EntryPoint\",\"urlTemplate\":\"https:\\\/\\\/www.purejewels.com\\\/?s={search_term_string}\"},\"query-input\":{\"@type\":\"PropertyValueSpecification\",\"valueRequired\":true,\"valueName\":\"search_term_string\"}}],\"inLanguage\":\"tr\"},{\"@type\":\"Organization\",\"@id\":\"https:\\\/\\\/www.purejewels.com\\\/#organization\",\"name\":\"PureJewels UK\",\"url\":\"https:\\\/\\\/www.purejewels.com\\\/\",\"logo\":{\"@type\":\"ImageObject\",\"inLanguage\":\"tr\",\"@id\":\"https:\\\/\\\/www.purejewels.com\\\/#\\\/schema\\\/logo\\\/image\\\/\",\"url\":\"https:\\\/\\\/static.purejewels.com\\\/wp-content\\\/uploads\\\/2020\\\/11\\\/Logo-PJ-New-1.png\",\"contentUrl\":\"https:\\\/\\\/static.purejewels.com\\\/wp-content\\\/uploads\\\/2020\\\/11\\\/Logo-PJ-New-1.png\",\"width\":150,\"height\":80,\"caption\":\"PureJewels UK\"},\"image\":{\"@id\":\"https:\\\/\\\/www.purejewels.com\\\/#\\\/schema\\\/logo\\\/image\\\/\"}}]}<\/script>\n<!-- \/ Yoast SEO plugin. -->","yoast_head_json":{"title":"Bebek Kada 22 Ayar Sar\u0131 Alt\u0131n PureJewels London","description":"22 ayar sar\u0131 alt\u0131ndan \u00fcretilmi\u015f bir bebek kada's\u0131n\u0131 ke\u015ffedin. Yeni do\u011fanlar ve \u00e7ocuklar i\u00e7in anlaml\u0131 bir hediye olarak tasarlanm\u0131\u015f zamans\u0131z ve zarif bir alt\u0131n bileklik.","robots":{"index":"index","follow":"follow","max-snippet":"max-snippet:-1","max-image-preview":"max-image-preview:large","max-video-preview":"max-video-preview:-1"},"canonical":"https:\/\/www.purejewels.com\/tr\/urun\/22-ayar-altin-bebek-bilekligi-49218\/","og_locale":"tr_TR","og_type":"article","og_title":"Baby Kada 22ct Yellow Gold PureJewels London","og_description":"Discover a baby kada crafted in 22ct yellow gold. A timeless and elegant gold bangle designed as a meaningful gift for newborns and children.","og_url":"https:\/\/www.purejewels.com\/tr\/urun\/22-ayar-altin-bebek-bilekligi-49218\/","og_site_name":"PureJewels UK","article_modified_time":"2026-03-13T06:03:31+00:00","og_image":[{"width":1000,"height":1000,"url":"https:\/\/static.purejewels.com\/wp-content\/uploads\/2020\/09\/image185358520.jpg","type":"image\/jpeg"}],"twitter_card":"summary_large_image","twitter_misc":{"Tahmini okuma s\u00fcresi":"1 dakika"},"schema":{"@context":"https:\/\/schema.org","@graph":[{"@type":["WebPage","ItemPage"],"@id":"https:\/\/www.purejewels.com\/product\/22ct-gold-baby-bangle-49218\/","url":"https:\/\/www.purejewels.com\/product\/22ct-gold-baby-bangle-49218\/","name":"Bebek Kada 22 Ayar Sar\u0131 Alt\u0131n PureJewels London","isPartOf":{"@id":"https:\/\/www.purejewels.com\/#website"},"primaryImageOfPage":{"@id":"https:\/\/www.purejewels.com\/product\/22ct-gold-baby-bangle-49218\/#primaryimage"},"image":{"@id":"https:\/\/www.purejewels.com\/product\/22ct-gold-baby-bangle-49218\/#primaryimage"},"thumbnailUrl":"https:\/\/static.purejewels.com\/wp-content\/uploads\/2020\/09\/image185358520.jpg","datePublished":"2020-09-14T11:33:47+00:00","dateModified":"2026-03-13T06:03:31+00:00","description":"22 ayar sar\u0131 alt\u0131ndan \u00fcretilmi\u015f bir bebek kada's\u0131n\u0131 ke\u015ffedin. Yeni do\u011fanlar ve \u00e7ocuklar i\u00e7in anlaml\u0131 bir hediye olarak tasarlanm\u0131\u015f zamans\u0131z ve zarif bir alt\u0131n bileklik.","breadcrumb":{"@id":"https:\/\/www.purejewels.com\/product\/22ct-gold-baby-bangle-49218\/#breadcrumb"},"inLanguage":"tr","potentialAction":[{"@type":"ReadAction","target":["https:\/\/www.purejewels.com\/product\/22ct-gold-baby-bangle-49218\/"]}]},{"@type":"ImageObject","inLanguage":"tr","@id":"https:\/\/www.purejewels.com\/product\/22ct-gold-baby-bangle-49218\/#primaryimage","url":"https:\/\/static.purejewels.com\/wp-content\/uploads\/2020\/09\/image185358520.jpg","contentUrl":"https:\/\/static.purejewels.com\/wp-content\/uploads\/2020\/09\/image185358520.jpg","width":1000,"height":1000,"caption":"22ct Gold Medium Kara Baby Bangle YGBB031"},{"@type":"BreadcrumbList","@id":"https:\/\/www.purejewels.com\/product\/22ct-gold-baby-bangle-49218\/#breadcrumb","itemListElement":[{"@type":"ListItem","position":1,"name":"Home","item":"https:\/\/www.purejewels.com\/"},{"@type":"ListItem","position":2,"name":"Shop","item":"https:\/\/www.purejewels.com\/shop\/"},{"@type":"ListItem","position":3,"name":"22ct Yellow Gold D Shaped Baby Kada"}]},{"@type":"WebSite","@id":"https:\/\/www.purejewels.com\/#website","url":"https:\/\/www.purejewels.com\/","name":"PureJewels \u0130ngiltere","description":"Sevgiyi Payla\u015f\u0131n","publisher":{"@id":"https:\/\/www.purejewels.com\/#organization"},"potentialAction":[{"@type":"SearchAction","target":{"@type":"EntryPoint","urlTemplate":"https:\/\/www.purejewels.com\/?s={search_term_string}"},"query-input":{"@type":"PropertyValueSpecification","valueRequired":true,"valueName":"search_term_string"}}],"inLanguage":"tr"},{"@type":"Organization","@id":"https:\/\/www.purejewels.com\/#organization","name":"PureJewels \u0130ngiltere","url":"https:\/\/www.purejewels.com\/","logo":{"@type":"ImageObject","inLanguage":"tr","@id":"https:\/\/www.purejewels.com\/#\/schema\/logo\/image\/","url":"https:\/\/static.purejewels.com\/wp-content\/uploads\/2020\/11\/Logo-PJ-New-1.png","contentUrl":"https:\/\/static.purejewels.com\/wp-content\/uploads\/2020\/11\/Logo-PJ-New-1.png","width":150,"height":80,"caption":"PureJewels UK"},"image":{"@id":"https:\/\/www.purejewels.com\/#\/schema\/logo\/image\/"}}]}},"_links":{"self":[{"href":"https:\/\/www.purejewels.com\/tr\/wp-json\/wp\/v2\/product\/317201","targetHints":{"allow":["GET"]}}],"collection":[{"href":"https:\/\/www.purejewels.com\/tr\/wp-json\/wp\/v2\/product"}],"about":[{"href":"https:\/\/www.purejewels.com\/tr\/wp-json\/wp\/v2\/types\/product"}],"replies":[{"embeddable":true,"href":"https:\/\/www.purejewels.com\/tr\/wp-json\/wp\/v2\/comments?post=317201"}],"version-history":[{"count":5,"href":"https:\/\/www.purejewels.com\/tr\/wp-json\/wp\/v2\/product\/317201\/revisions"}],"predecessor-version":[{"id":427024,"href":"https:\/\/www.purejewels.com\/tr\/wp-json\/wp\/v2\/product\/317201\/revisions\/427024"}],"wp:featuredmedia":[{"embeddable":true,"href":"https:\/\/www.purejewels.com\/tr\/wp-json\/wp\/v2\/media\/317203"}],"wp:attachment":[{"href":"https:\/\/www.purejewels.com\/tr\/wp-json\/wp\/v2\/media?parent=317201"}],"wp:term":[{"taxonomy":"product_brand","embeddable":true,"href":"https:\/\/www.purejewels.com\/tr\/wp-json\/wp\/v2\/product_brand?post=317201"},{"taxonomy":"product_cat","embeddable":true,"href":"https:\/\/www.purejewels.com\/tr\/wp-json\/wp\/v2\/product_cat?post=317201"},{"taxonomy":"product_tag","embeddable":true,"href":"https:\/\/www.purejewels.com\/tr\/wp-json\/wp\/v2\/product_tag?post=317201"}],"curies":[{"name":"wp","href":"https:\/\/api.w.org\/{rel}","templated":true}]}}