{"id":317254,"date":"2020-09-15T11:59:13","date_gmt":"2020-09-15T10:59:13","guid":{"rendered":"https:\/\/www.purejewels.com\/product\/timeless-classics-22ct-gold-earring-2-5gm\/"},"modified":"2026-03-18T09:13:57","modified_gmt":"2026-03-18T09:13:57","slug":"22-ayar-altin-bali-kupe-7170","status":"publish","type":"product","link":"https:\/\/www.purejewels.com\/tr\/product\/22ct-gold-bali-earring-7170\/","title":{"rendered":"22 Ayar Alt\u0131n P\u0131rlanta Kesimli Halka Bali K\u00fcpe"},"content":{"rendered":"<p>Tasar\u0131m<br \/>\nBu halka k\u00fcpeler, y\u00fczey boyunca elmas kesim detaylarla y\u00fckseltilmi\u015f klasik bir dairesel forma sahiptir. Y\u00f6nl\u00fc desen, zamans\u0131z bir siluete ince bir parlakl\u0131k katarak canl\u0131 bir \u0131\u015f\u0131k oyunu yarat\u0131r. Dengeli oranlar\u0131 sayesinde hem etkileyici hem de kolay tak\u0131labilir.<\/p>\n<p>Zanaatkarl\u0131k<br \/>\n22 ayar alt\u0131ndan \u00fcretilen her bir halka, p\u00fcr\u00fczs\u00fcz bir i\u00e7 y\u00fczey ve hassas bir \u015fekilde i\u015flenmi\u015f bir d\u0131\u015f tasar\u0131m elde etmek i\u00e7in \u00f6zenle \u015fekillendirilmi\u015f ve tamamlanm\u0131\u015ft\u0131r. Elmas kesim detaylar, formu bo\u011fmadan yans\u0131may\u0131 geli\u015ftirmek i\u00e7in hassasiyetle uygulanm\u0131\u015ft\u0131r. Her bir \u00e7ift \u0130ngiltere'de damgalanm\u0131\u015ft\u0131r ve sertifikal\u0131 alt\u0131n safl\u0131\u011f\u0131 ve kaliteli i\u015f\u00e7ilik sa\u011flar.<\/p>\n<p>\u015eekillendirme &amp; Hediyele\u015fme<br \/>\nG\u00fcnl\u00fck kullan\u0131m i\u00e7in m\u00fckemmel olan bu \u00e7emberler \u00e7ok y\u00f6nl\u00fcl\u00fck ve abart\u0131s\u0131z parlakl\u0131k sunar. Hem g\u00fcndelik hem de resmi g\u00f6r\u00fcn\u00fcmlerle zahmetsizce e\u015fle\u015ferek her m\u00fccevher koleksiyonunda g\u00fcvenilir bir elyaf haline gelir. Do\u011fum g\u00fcn\u00fc kutlamalar\u0131 i\u00e7in d\u00fc\u015f\u00fcnceli bir hediye veya ki\u015fisel stile zamans\u0131z bir katk\u0131.<\/p>","protected":false},"excerpt":{"rendered":"<ul>\n<li>22 Ayar Alt\u0131n Bali K\u00fcpe<\/li>\n<li>A\u011f\u0131rl\u0131k. 2,5 gms<\/li>\n<li>SKU'lar: 7170<\/li>\n<li>T\u00fcm fiyatlara KDV dahildir<\/li>\n<li>T\u00fcm \u00fcr\u00fcnlerimiz London Assay Office taraf\u0131ndan damgalanm\u0131\u015ft\u0131r<\/li>\n<li>T\u00fcm Bali K\u00fcpelerimiz Sunum Kutusu ile Birlikte Gelir<\/li>\n<li>Teslimat Dahil<\/li>\n<li>\u00dcr\u00fcn\u00fcn canl\u0131 videosunu g\u00f6rmek i\u00e7in bize ula\u015f\u0131n \/ bizimle sohbet edin<\/li>\n<\/ul>","protected":false},"featured_media":317258,"comment_status":"closed","ping_status":"closed","template":"","meta":{"_eb_attr":"","_crsspst_to_jayantr4sg-hostcom":false},"product_brand":[],"product_cat":[1576,1254,1579,1575],"product_tag":[],"class_list":{"0":"post-317254","1":"product","2":"type-product","3":"status-publish","4":"has-post-thumbnail","6":"product_cat-childrens-jewellery","7":"product_cat-gold-earrings","8":"product_cat-hoop-earrings","9":"product_cat-teenage-jewellery","11":"first","12":"outofstock","13":"sale","14":"taxable","15":"shipping-taxable","16":"product-type-simple","17":"add-to-wishlist-before_image"},"yoast_head":"<!-- This site is optimized with the Yoast SEO plugin v27.3 - https:\/\/yoast.com\/product\/yoast-seo-wordpress\/ -->\n<title>22ct Gold Diamond Cut Hoop Bali Earrings | Online at PureJewels<\/title>\n<meta name=\"description\" content=\"Shop 22ct gold hoop earrings with diamond cut detailing for enhanced light reflection. Handcrafted and UK hallmarked for purity.\" \/>\n<meta name=\"robots\" content=\"index, follow, max-snippet:-1, max-image-preview:large, max-video-preview:-1\" \/>\n<link rel=\"canonical\" href=\"https:\/\/www.purejewels.com\/tr\/urun\/22-ayar-altin-bali-kupe-7170\/\" \/>\n<meta property=\"og:locale\" content=\"tr_TR\" \/>\n<meta property=\"og:type\" content=\"article\" \/>\n<meta property=\"og:title\" content=\"22ct Gold Diamond Cut Hoop Bali Earrings | Online at PureJewels\" \/>\n<meta property=\"og:description\" content=\"Shop 22ct gold hoop earrings with diamond cut detailing for enhanced light reflection. Handcrafted and UK hallmarked for purity.\" \/>\n<meta property=\"og:url\" content=\"https:\/\/www.purejewels.com\/tr\/urun\/22-ayar-altin-bali-kupe-7170\/\" \/>\n<meta property=\"og:site_name\" content=\"PureJewels UK\" \/>\n<meta property=\"article:modified_time\" content=\"2026-03-18T09:13:57+00:00\" \/>\n<meta property=\"og:image\" content=\"https:\/\/static.purejewels.com\/wp-content\/uploads\/2020\/09\/image185488134.jpg\" \/>\n\t<meta property=\"og:image:width\" content=\"1000\" \/>\n\t<meta property=\"og:image:height\" content=\"1000\" \/>\n\t<meta property=\"og:image:type\" content=\"image\/jpeg\" \/>\n<meta name=\"twitter:card\" content=\"summary_large_image\" \/>\n<meta name=\"twitter:label1\" content=\"Tahmini okuma s\u00fcresi\" \/>\n\t<meta name=\"twitter:data1\" content=\"1 dakika\" \/>\n<script type=\"application\/ld+json\" class=\"yoast-schema-graph\">{\"@context\":\"https:\\\/\\\/schema.org\",\"@graph\":[{\"@type\":[\"WebPage\",\"ItemPage\"],\"@id\":\"https:\\\/\\\/www.purejewels.com\\\/product\\\/22ct-gold-bali-earring-7170\\\/\",\"url\":\"https:\\\/\\\/www.purejewels.com\\\/product\\\/22ct-gold-bali-earring-7170\\\/\",\"name\":\"22ct Gold Diamond Cut Hoop Bali Earrings | Online at PureJewels\",\"isPartOf\":{\"@id\":\"https:\\\/\\\/www.purejewels.com\\\/#website\"},\"primaryImageOfPage\":{\"@id\":\"https:\\\/\\\/www.purejewels.com\\\/product\\\/22ct-gold-bali-earring-7170\\\/#primaryimage\"},\"image\":{\"@id\":\"https:\\\/\\\/www.purejewels.com\\\/product\\\/22ct-gold-bali-earring-7170\\\/#primaryimage\"},\"thumbnailUrl\":\"https:\\\/\\\/static.purejewels.com\\\/wp-content\\\/uploads\\\/2020\\\/09\\\/image185488134.jpg\",\"datePublished\":\"2020-09-15T10:59:13+00:00\",\"dateModified\":\"2026-03-18T09:13:57+00:00\",\"description\":\"Shop 22ct gold hoop earrings with diamond cut detailing for enhanced light reflection. Handcrafted and UK hallmarked for purity.\",\"breadcrumb\":{\"@id\":\"https:\\\/\\\/www.purejewels.com\\\/product\\\/22ct-gold-bali-earring-7170\\\/#breadcrumb\"},\"inLanguage\":\"tr\",\"potentialAction\":[{\"@type\":\"ReadAction\",\"target\":[\"https:\\\/\\\/www.purejewels.com\\\/product\\\/22ct-gold-bali-earring-7170\\\/\"]}]},{\"@type\":\"ImageObject\",\"inLanguage\":\"tr\",\"@id\":\"https:\\\/\\\/www.purejewels.com\\\/product\\\/22ct-gold-bali-earring-7170\\\/#primaryimage\",\"url\":\"https:\\\/\\\/static.purejewels.com\\\/wp-content\\\/uploads\\\/2020\\\/09\\\/image185488134.jpg\",\"contentUrl\":\"https:\\\/\\\/static.purejewels.com\\\/wp-content\\\/uploads\\\/2020\\\/09\\\/image185488134.jpg\",\"width\":1000,\"height\":1000,\"caption\":\"22ct Gold Light Diamond Cut Hollow Bali Earring TLER003\"},{\"@type\":\"BreadcrumbList\",\"@id\":\"https:\\\/\\\/www.purejewels.com\\\/product\\\/22ct-gold-bali-earring-7170\\\/#breadcrumb\",\"itemListElement\":[{\"@type\":\"ListItem\",\"position\":1,\"name\":\"Home\",\"item\":\"https:\\\/\\\/www.purejewels.com\\\/\"},{\"@type\":\"ListItem\",\"position\":2,\"name\":\"Shop\",\"item\":\"https:\\\/\\\/www.purejewels.com\\\/shop\\\/\"},{\"@type\":\"ListItem\",\"position\":3,\"name\":\"22ct Gold Diamond Cut Hoop Bali Earrings\"}]},{\"@type\":\"WebSite\",\"@id\":\"https:\\\/\\\/www.purejewels.com\\\/#website\",\"url\":\"https:\\\/\\\/www.purejewels.com\\\/\",\"name\":\"PureJewels UK\",\"description\":\"Share the Love\",\"publisher\":{\"@id\":\"https:\\\/\\\/www.purejewels.com\\\/#organization\"},\"potentialAction\":[{\"@type\":\"SearchAction\",\"target\":{\"@type\":\"EntryPoint\",\"urlTemplate\":\"https:\\\/\\\/www.purejewels.com\\\/?s={search_term_string}\"},\"query-input\":{\"@type\":\"PropertyValueSpecification\",\"valueRequired\":true,\"valueName\":\"search_term_string\"}}],\"inLanguage\":\"tr\"},{\"@type\":\"Organization\",\"@id\":\"https:\\\/\\\/www.purejewels.com\\\/#organization\",\"name\":\"PureJewels UK\",\"url\":\"https:\\\/\\\/www.purejewels.com\\\/\",\"logo\":{\"@type\":\"ImageObject\",\"inLanguage\":\"tr\",\"@id\":\"https:\\\/\\\/www.purejewels.com\\\/#\\\/schema\\\/logo\\\/image\\\/\",\"url\":\"https:\\\/\\\/static.purejewels.com\\\/wp-content\\\/uploads\\\/2020\\\/11\\\/Logo-PJ-New-1.png\",\"contentUrl\":\"https:\\\/\\\/static.purejewels.com\\\/wp-content\\\/uploads\\\/2020\\\/11\\\/Logo-PJ-New-1.png\",\"width\":150,\"height\":80,\"caption\":\"PureJewels UK\"},\"image\":{\"@id\":\"https:\\\/\\\/www.purejewels.com\\\/#\\\/schema\\\/logo\\\/image\\\/\"}}]}<\/script>\n<!-- \/ Yoast SEO plugin. -->","yoast_head_json":{"title":"22 Ayar Alt\u0131n P\u0131rlanta Kesim Halka Bali K\u00fcpe | PureJewels'te Online","description":"Geli\u015fmi\u015f \u0131\u015f\u0131k yans\u0131mas\u0131 i\u00e7in elmas kesim detaylara sahip 22 ayar alt\u0131n halka k\u00fcpeler sat\u0131n al\u0131n. El yap\u0131m\u0131d\u0131r ve safl\u0131k i\u00e7in \u0130ngiltere damgal\u0131d\u0131r.","robots":{"index":"index","follow":"follow","max-snippet":"max-snippet:-1","max-image-preview":"max-image-preview:large","max-video-preview":"max-video-preview:-1"},"canonical":"https:\/\/www.purejewels.com\/tr\/urun\/22-ayar-altin-bali-kupe-7170\/","og_locale":"tr_TR","og_type":"article","og_title":"22ct Gold Diamond Cut Hoop Bali Earrings | Online at PureJewels","og_description":"Shop 22ct gold hoop earrings with diamond cut detailing for enhanced light reflection. Handcrafted and UK hallmarked for purity.","og_url":"https:\/\/www.purejewels.com\/tr\/urun\/22-ayar-altin-bali-kupe-7170\/","og_site_name":"PureJewels UK","article_modified_time":"2026-03-18T09:13:57+00:00","og_image":[{"width":1000,"height":1000,"url":"https:\/\/static.purejewels.com\/wp-content\/uploads\/2020\/09\/image185488134.jpg","type":"image\/jpeg"}],"twitter_card":"summary_large_image","twitter_misc":{"Tahmini okuma s\u00fcresi":"1 dakika"},"schema":{"@context":"https:\/\/schema.org","@graph":[{"@type":["WebPage","ItemPage"],"@id":"https:\/\/www.purejewels.com\/product\/22ct-gold-bali-earring-7170\/","url":"https:\/\/www.purejewels.com\/product\/22ct-gold-bali-earring-7170\/","name":"22 Ayar Alt\u0131n P\u0131rlanta Kesim Halka Bali K\u00fcpe | PureJewels'te Online","isPartOf":{"@id":"https:\/\/www.purejewels.com\/#website"},"primaryImageOfPage":{"@id":"https:\/\/www.purejewels.com\/product\/22ct-gold-bali-earring-7170\/#primaryimage"},"image":{"@id":"https:\/\/www.purejewels.com\/product\/22ct-gold-bali-earring-7170\/#primaryimage"},"thumbnailUrl":"https:\/\/static.purejewels.com\/wp-content\/uploads\/2020\/09\/image185488134.jpg","datePublished":"2020-09-15T10:59:13+00:00","dateModified":"2026-03-18T09:13:57+00:00","description":"Geli\u015fmi\u015f \u0131\u015f\u0131k yans\u0131mas\u0131 i\u00e7in elmas kesim detaylara sahip 22 ayar alt\u0131n halka k\u00fcpeler sat\u0131n al\u0131n. El yap\u0131m\u0131d\u0131r ve safl\u0131k i\u00e7in \u0130ngiltere damgal\u0131d\u0131r.","breadcrumb":{"@id":"https:\/\/www.purejewels.com\/product\/22ct-gold-bali-earring-7170\/#breadcrumb"},"inLanguage":"tr","potentialAction":[{"@type":"ReadAction","target":["https:\/\/www.purejewels.com\/product\/22ct-gold-bali-earring-7170\/"]}]},{"@type":"ImageObject","inLanguage":"tr","@id":"https:\/\/www.purejewels.com\/product\/22ct-gold-bali-earring-7170\/#primaryimage","url":"https:\/\/static.purejewels.com\/wp-content\/uploads\/2020\/09\/image185488134.jpg","contentUrl":"https:\/\/static.purejewels.com\/wp-content\/uploads\/2020\/09\/image185488134.jpg","width":1000,"height":1000,"caption":"22ct Gold Light Diamond Cut Hollow Bali Earring TLER003"},{"@type":"BreadcrumbList","@id":"https:\/\/www.purejewels.com\/product\/22ct-gold-bali-earring-7170\/#breadcrumb","itemListElement":[{"@type":"ListItem","position":1,"name":"Home","item":"https:\/\/www.purejewels.com\/"},{"@type":"ListItem","position":2,"name":"Shop","item":"https:\/\/www.purejewels.com\/shop\/"},{"@type":"ListItem","position":3,"name":"22ct Gold Diamond Cut Hoop Bali Earrings"}]},{"@type":"WebSite","@id":"https:\/\/www.purejewels.com\/#website","url":"https:\/\/www.purejewels.com\/","name":"PureJewels \u0130ngiltere","description":"Sevgiyi Payla\u015f\u0131n","publisher":{"@id":"https:\/\/www.purejewels.com\/#organization"},"potentialAction":[{"@type":"SearchAction","target":{"@type":"EntryPoint","urlTemplate":"https:\/\/www.purejewels.com\/?s={search_term_string}"},"query-input":{"@type":"PropertyValueSpecification","valueRequired":true,"valueName":"search_term_string"}}],"inLanguage":"tr"},{"@type":"Organization","@id":"https:\/\/www.purejewels.com\/#organization","name":"PureJewels \u0130ngiltere","url":"https:\/\/www.purejewels.com\/","logo":{"@type":"ImageObject","inLanguage":"tr","@id":"https:\/\/www.purejewels.com\/#\/schema\/logo\/image\/","url":"https:\/\/static.purejewels.com\/wp-content\/uploads\/2020\/11\/Logo-PJ-New-1.png","contentUrl":"https:\/\/static.purejewels.com\/wp-content\/uploads\/2020\/11\/Logo-PJ-New-1.png","width":150,"height":80,"caption":"PureJewels UK"},"image":{"@id":"https:\/\/www.purejewels.com\/#\/schema\/logo\/image\/"}}]}},"_links":{"self":[{"href":"https:\/\/www.purejewels.com\/tr\/wp-json\/wp\/v2\/product\/317254","targetHints":{"allow":["GET"]}}],"collection":[{"href":"https:\/\/www.purejewels.com\/tr\/wp-json\/wp\/v2\/product"}],"about":[{"href":"https:\/\/www.purejewels.com\/tr\/wp-json\/wp\/v2\/types\/product"}],"replies":[{"embeddable":true,"href":"https:\/\/www.purejewels.com\/tr\/wp-json\/wp\/v2\/comments?post=317254"}],"version-history":[{"count":2,"href":"https:\/\/www.purejewels.com\/tr\/wp-json\/wp\/v2\/product\/317254\/revisions"}],"predecessor-version":[{"id":427293,"href":"https:\/\/www.purejewels.com\/tr\/wp-json\/wp\/v2\/product\/317254\/revisions\/427293"}],"wp:featuredmedia":[{"embeddable":true,"href":"https:\/\/www.purejewels.com\/tr\/wp-json\/wp\/v2\/media\/317258"}],"wp:attachment":[{"href":"https:\/\/www.purejewels.com\/tr\/wp-json\/wp\/v2\/media?parent=317254"}],"wp:term":[{"taxonomy":"product_brand","embeddable":true,"href":"https:\/\/www.purejewels.com\/tr\/wp-json\/wp\/v2\/product_brand?post=317254"},{"taxonomy":"product_cat","embeddable":true,"href":"https:\/\/www.purejewels.com\/tr\/wp-json\/wp\/v2\/product_cat?post=317254"},{"taxonomy":"product_tag","embeddable":true,"href":"https:\/\/www.purejewels.com\/tr\/wp-json\/wp\/v2\/product_tag?post=317254"}],"curies":[{"name":"wp","href":"https:\/\/api.w.org\/{rel}","templated":true}]}}