{"id":317260,"date":"2020-09-15T12:44:16","date_gmt":"2020-09-15T11:44:16","guid":{"rendered":"https:\/\/www.purejewels.com\/product\/22ct-gold-necklace-26-2gm\/"},"modified":"2024-09-09T13:46:27","modified_gmt":"2024-09-09T12:46:27","slug":"22-ayar-altin-kolye-32815","status":"publish","type":"product","link":"https:\/\/www.purejewels.com\/tr\/product\/22ct-gold-necklace-32815\/","title":{"rendered":"22 Ayar Alt\u0131n Kolye"},"content":{"rendered":"<p>N\u00f6tr, zarif, \u015f\u0131k ve cesurun m\u00fckemmel bir kombinasyonu! Bunun gibi m\u00fckemmel bir kombinasyon bulmak kolay de\u011fil. Bu sessiz alt\u0131n \u00f6rg\u00fcl\u00fc zincir kesinlikle sahip olunmas\u0131 gereken bir \u015fey. K\u00fc\u00e7\u00fck bir ak\u015fam toplant\u0131s\u0131nda, bu alt\u0131n s\u00fcsl\u00fc zincirin bir kolyeye ya da ba\u015fka bir \u015feye ihtiyac\u0131 yoktur.<br \/>\n<a href=\"https:\/\/www.purejewels.com\/tr\/product-category\/22ct-gold-jewellery\/gold-chains\/\">Zincirler<\/a> Tek ba\u015f\u0131na ayakta durabilen ve ba\u015fka hi\u00e7bir \u015feye ihtiya\u00e7 duymayan cesur ve \u00e7arp\u0131c\u0131 tasar\u0131m\u0131 nedeniyle birlikte istiflemek i\u00e7in. Bu 22 Ayar Alt\u0131n zincir b\u00fcy\u00fck bir \u00f6zenle el i\u015f\u00e7ili\u011fiyle haz\u0131rlanm\u0131\u015ft\u0131r. Minyat\u00fcr yap\u0131 bir araya getirilmi\u015f ve zarif bir siluet olu\u015fturmak i\u00e7in stratejik ve d\u00fczenli bir \u015fekilde \u00f6r\u00fclm\u00fc\u015ft\u00fcr. \u00d6rg\u00fcl\u00fc alt\u0131n zincirimiz \u015f\u0131kt\u0131r ve 22 ayar alt\u0131n tak\u0131 koleksiyonumuzun en iyilerinden biridir.<\/p>\n<p>Purejewels'in alt\u0131n kolyesi, g\u00f6r\u00fcn\u00fcm\u00fc zarif tutmak ve ayn\u0131 zamanda bir a\u00e7\u0131klama yapmak i\u00e7in ba\u011f\u0131ms\u0131z olarak tak\u0131labilen ve belki de evde bir d\u00fc\u011f\u00fcn i\u00e7in cesur ve abart\u0131l\u0131 bir g\u00f6r\u00fcn\u00fcm olu\u015fturmak \u00fczere a\u011f\u0131r katmanlar olu\u015fturmak i\u00e7in di\u011fer kolyeler veya kolyeler ile katmanlar halinde tak\u0131labilen s\u00fcsl\u00fc \u00f6rg\u00fcl\u00fc bir zincirdir. Bu nedenle bu kolye, hem kutlama ak\u015famlar\u0131n\u0131z\u0131 hem de a\u011f\u0131r g\u00fcnd\u00fcz i\u015flevlerinizi kald\u0131racak g\u00fcce sahip m\u00fckemmel bir dinamik alt\u0131n zincirdir.<\/p>","protected":false},"excerpt":{"rendered":"<ul>\n<li>22 Ayar Alt\u0131n Kolye<\/li>\n<li>A\u011f\u0131rl\u0131k 26,2 gms<\/li>\n<li>SKU. 32815<\/li>\n<li>Uzunluk 16 \u0130n\u00e7<\/li>\n<li>T\u00fcm fiyatlara KDV dahildir<\/li>\n<li>Londra Tahlil Ofisi Taraf\u0131ndan Damgalanm\u0131\u015f 22 Ayar Alt\u0131n<\/li>\n<li>Sunum Kutusu ile Birlikte Gelir<\/li>\n<li>Teslimat Dahil<\/li>\n<li>Stok durumu ve stokta bulunan benzer tasar\u0131mlar\u0131n daha fazla g\u00f6r\u00fcnt\u00fcs\u00fc i\u00e7in bizimle canl\u0131 sohbet edin<\/li>\n<\/ul>","protected":false},"featured_media":317523,"comment_status":"closed","ping_status":"closed","template":"","meta":{"_eb_attr":"","_crsspst_to_jayantr4sg-hostcom":false},"product_brand":[],"product_cat":[1791,1253,1778,1573,1574],"product_tag":[],"class_list":{"0":"post-317260","1":"product","2":"type-product","3":"status-publish","4":"has-post-thumbnail","6":"product_cat-anniversary-gifts","7":"product_cat-gold-necklaces","8":"product_cat-short-necklaces","9":"product_cat-wedding-gifts","10":"product_cat-womens-jewellery","12":"first","13":"outofstock","14":"taxable","15":"shipping-taxable","16":"product-type-simple","17":"add-to-wishlist-before_image"},"yoast_head":"<!-- This site is optimized with the Yoast SEO plugin v27.3 - https:\/\/yoast.com\/product\/yoast-seo-wordpress\/ -->\n<title>Shop this Classic Chain Necklace in 22ct Gold at PureJewles UK<\/title>\n<meta name=\"description\" content=\"Buy a wide range of gold necklaces online at the best price from PureJewels. Explore our 22ct gold neckwear. Fast delivery with easy returns.\" \/>\n<meta name=\"robots\" content=\"index, follow, max-snippet:-1, max-image-preview:large, max-video-preview:-1\" \/>\n<link rel=\"canonical\" href=\"https:\/\/www.purejewels.com\/tr\/urun\/22-ayar-altin-kolye-32815\/\" \/>\n<meta property=\"og:locale\" content=\"tr_TR\" \/>\n<meta property=\"og:type\" content=\"article\" \/>\n<meta property=\"og:title\" content=\"Shop this Classic Chain Necklace in 22ct Gold at PureJewles UK\" \/>\n<meta property=\"og:description\" content=\"Buy a wide range of gold necklaces online at the best price from PureJewels. Explore our 22ct gold neckwear. Fast delivery with easy returns.\" \/>\n<meta property=\"og:url\" content=\"https:\/\/www.purejewels.com\/tr\/urun\/22-ayar-altin-kolye-32815\/\" \/>\n<meta property=\"og:site_name\" content=\"PureJewels UK\" \/>\n<meta property=\"article:modified_time\" content=\"2024-09-09T12:46:27+00:00\" \/>\n<meta property=\"og:image\" content=\"https:\/\/www.purejewels.com\/wp-content\/uploads\/2020\/09\/image186549483.jpg\" \/>\n\t<meta property=\"og:image:width\" content=\"1000\" \/>\n\t<meta property=\"og:image:height\" content=\"1000\" \/>\n\t<meta property=\"og:image:type\" content=\"image\/jpeg\" \/>\n<meta name=\"twitter:card\" content=\"summary_large_image\" \/>\n<meta name=\"twitter:label1\" content=\"Tahmini okuma s\u00fcresi\" \/>\n\t<meta name=\"twitter:data1\" content=\"1 dakika\" \/>\n<script type=\"application\/ld+json\" class=\"yoast-schema-graph\">{\"@context\":\"https:\\\/\\\/schema.org\",\"@graph\":[{\"@type\":[\"WebPage\",\"ItemPage\"],\"@id\":\"https:\\\/\\\/www.purejewels.com\\\/product\\\/22ct-gold-necklace-32815\\\/\",\"url\":\"https:\\\/\\\/www.purejewels.com\\\/product\\\/22ct-gold-necklace-32815\\\/\",\"name\":\"Shop this Classic Chain Necklace in 22ct Gold at PureJewles UK\",\"isPartOf\":{\"@id\":\"https:\\\/\\\/www.purejewels.com\\\/#website\"},\"primaryImageOfPage\":{\"@id\":\"https:\\\/\\\/www.purejewels.com\\\/product\\\/22ct-gold-necklace-32815\\\/#primaryimage\"},\"image\":{\"@id\":\"https:\\\/\\\/www.purejewels.com\\\/product\\\/22ct-gold-necklace-32815\\\/#primaryimage\"},\"thumbnailUrl\":\"https:\\\/\\\/static.purejewels.com\\\/wp-content\\\/uploads\\\/2020\\\/09\\\/image186549483.jpg\",\"datePublished\":\"2020-09-15T11:44:16+00:00\",\"dateModified\":\"2024-09-09T12:46:27+00:00\",\"description\":\"Buy a wide range of gold necklaces online at the best price from PureJewels. Explore our 22ct gold neckwear. Fast delivery with easy returns.\",\"breadcrumb\":{\"@id\":\"https:\\\/\\\/www.purejewels.com\\\/product\\\/22ct-gold-necklace-32815\\\/#breadcrumb\"},\"inLanguage\":\"tr\",\"potentialAction\":[{\"@type\":\"ReadAction\",\"target\":[\"https:\\\/\\\/www.purejewels.com\\\/product\\\/22ct-gold-necklace-32815\\\/\"]}]},{\"@type\":\"ImageObject\",\"inLanguage\":\"tr\",\"@id\":\"https:\\\/\\\/www.purejewels.com\\\/product\\\/22ct-gold-necklace-32815\\\/#primaryimage\",\"url\":\"https:\\\/\\\/static.purejewels.com\\\/wp-content\\\/uploads\\\/2020\\\/09\\\/image186549483.jpg\",\"contentUrl\":\"https:\\\/\\\/static.purejewels.com\\\/wp-content\\\/uploads\\\/2020\\\/09\\\/image186549483.jpg\",\"width\":1000,\"height\":1000,\"caption\":\"22ct Gold Necklace Twisted YGNC062\"},{\"@type\":\"BreadcrumbList\",\"@id\":\"https:\\\/\\\/www.purejewels.com\\\/product\\\/22ct-gold-necklace-32815\\\/#breadcrumb\",\"itemListElement\":[{\"@type\":\"ListItem\",\"position\":1,\"name\":\"Home\",\"item\":\"https:\\\/\\\/www.purejewels.com\\\/\"},{\"@type\":\"ListItem\",\"position\":2,\"name\":\"Shop\",\"item\":\"https:\\\/\\\/www.purejewels.com\\\/shop\\\/\"},{\"@type\":\"ListItem\",\"position\":3,\"name\":\"22ct Gold Necklace\"}]},{\"@type\":\"WebSite\",\"@id\":\"https:\\\/\\\/www.purejewels.com\\\/#website\",\"url\":\"https:\\\/\\\/www.purejewels.com\\\/\",\"name\":\"PureJewels UK\",\"description\":\"Share the Love\",\"publisher\":{\"@id\":\"https:\\\/\\\/www.purejewels.com\\\/#organization\"},\"potentialAction\":[{\"@type\":\"SearchAction\",\"target\":{\"@type\":\"EntryPoint\",\"urlTemplate\":\"https:\\\/\\\/www.purejewels.com\\\/?s={search_term_string}\"},\"query-input\":{\"@type\":\"PropertyValueSpecification\",\"valueRequired\":true,\"valueName\":\"search_term_string\"}}],\"inLanguage\":\"tr\"},{\"@type\":\"Organization\",\"@id\":\"https:\\\/\\\/www.purejewels.com\\\/#organization\",\"name\":\"PureJewels UK\",\"url\":\"https:\\\/\\\/www.purejewels.com\\\/\",\"logo\":{\"@type\":\"ImageObject\",\"inLanguage\":\"tr\",\"@id\":\"https:\\\/\\\/www.purejewels.com\\\/#\\\/schema\\\/logo\\\/image\\\/\",\"url\":\"https:\\\/\\\/static.purejewels.com\\\/wp-content\\\/uploads\\\/2020\\\/11\\\/Logo-PJ-New-1.png\",\"contentUrl\":\"https:\\\/\\\/static.purejewels.com\\\/wp-content\\\/uploads\\\/2020\\\/11\\\/Logo-PJ-New-1.png\",\"width\":150,\"height\":80,\"caption\":\"PureJewels UK\"},\"image\":{\"@id\":\"https:\\\/\\\/www.purejewels.com\\\/#\\\/schema\\\/logo\\\/image\\\/\"}}]}<\/script>\n<!-- \/ Yoast SEO plugin. -->","yoast_head_json":{"title":"PureJewles UK'de 22 Ayar Alt\u0131n Klasik Zincir Kolyeyi sat\u0131n al\u0131n","description":"PureJewels'ten \u00e7ok \u00e7e\u015fitli alt\u0131n kolyeleri en iyi fiyata online sat\u0131n al\u0131n. 22 ayar alt\u0131n boyunluklar\u0131m\u0131z\u0131 ke\u015ffedin. Kolay iade ile h\u0131zl\u0131 teslimat.","robots":{"index":"index","follow":"follow","max-snippet":"max-snippet:-1","max-image-preview":"max-image-preview:large","max-video-preview":"max-video-preview:-1"},"canonical":"https:\/\/www.purejewels.com\/tr\/urun\/22-ayar-altin-kolye-32815\/","og_locale":"tr_TR","og_type":"article","og_title":"Shop this Classic Chain Necklace in 22ct Gold at PureJewles UK","og_description":"Buy a wide range of gold necklaces online at the best price from PureJewels. Explore our 22ct gold neckwear. Fast delivery with easy returns.","og_url":"https:\/\/www.purejewels.com\/tr\/urun\/22-ayar-altin-kolye-32815\/","og_site_name":"PureJewels UK","article_modified_time":"2024-09-09T12:46:27+00:00","og_image":[{"width":1000,"height":1000,"url":"https:\/\/www.purejewels.com\/wp-content\/uploads\/2020\/09\/image186549483.jpg","type":"image\/jpeg"}],"twitter_card":"summary_large_image","twitter_misc":{"Tahmini okuma s\u00fcresi":"1 dakika"},"schema":{"@context":"https:\/\/schema.org","@graph":[{"@type":["WebPage","ItemPage"],"@id":"https:\/\/www.purejewels.com\/product\/22ct-gold-necklace-32815\/","url":"https:\/\/www.purejewels.com\/product\/22ct-gold-necklace-32815\/","name":"PureJewles UK'de 22 Ayar Alt\u0131n Klasik Zincir Kolyeyi sat\u0131n al\u0131n","isPartOf":{"@id":"https:\/\/www.purejewels.com\/#website"},"primaryImageOfPage":{"@id":"https:\/\/www.purejewels.com\/product\/22ct-gold-necklace-32815\/#primaryimage"},"image":{"@id":"https:\/\/www.purejewels.com\/product\/22ct-gold-necklace-32815\/#primaryimage"},"thumbnailUrl":"https:\/\/static.purejewels.com\/wp-content\/uploads\/2020\/09\/image186549483.jpg","datePublished":"2020-09-15T11:44:16+00:00","dateModified":"2024-09-09T12:46:27+00:00","description":"PureJewels'ten \u00e7ok \u00e7e\u015fitli alt\u0131n kolyeleri en iyi fiyata online sat\u0131n al\u0131n. 22 ayar alt\u0131n boyunluklar\u0131m\u0131z\u0131 ke\u015ffedin. Kolay iade ile h\u0131zl\u0131 teslimat.","breadcrumb":{"@id":"https:\/\/www.purejewels.com\/product\/22ct-gold-necklace-32815\/#breadcrumb"},"inLanguage":"tr","potentialAction":[{"@type":"ReadAction","target":["https:\/\/www.purejewels.com\/product\/22ct-gold-necklace-32815\/"]}]},{"@type":"ImageObject","inLanguage":"tr","@id":"https:\/\/www.purejewels.com\/product\/22ct-gold-necklace-32815\/#primaryimage","url":"https:\/\/static.purejewels.com\/wp-content\/uploads\/2020\/09\/image186549483.jpg","contentUrl":"https:\/\/static.purejewels.com\/wp-content\/uploads\/2020\/09\/image186549483.jpg","width":1000,"height":1000,"caption":"22ct Gold Necklace Twisted YGNC062"},{"@type":"BreadcrumbList","@id":"https:\/\/www.purejewels.com\/product\/22ct-gold-necklace-32815\/#breadcrumb","itemListElement":[{"@type":"ListItem","position":1,"name":"Home","item":"https:\/\/www.purejewels.com\/"},{"@type":"ListItem","position":2,"name":"Shop","item":"https:\/\/www.purejewels.com\/shop\/"},{"@type":"ListItem","position":3,"name":"22ct Gold Necklace"}]},{"@type":"WebSite","@id":"https:\/\/www.purejewels.com\/#website","url":"https:\/\/www.purejewels.com\/","name":"PureJewels \u0130ngiltere","description":"Sevgiyi Payla\u015f\u0131n","publisher":{"@id":"https:\/\/www.purejewels.com\/#organization"},"potentialAction":[{"@type":"SearchAction","target":{"@type":"EntryPoint","urlTemplate":"https:\/\/www.purejewels.com\/?s={search_term_string}"},"query-input":{"@type":"PropertyValueSpecification","valueRequired":true,"valueName":"search_term_string"}}],"inLanguage":"tr"},{"@type":"Organization","@id":"https:\/\/www.purejewels.com\/#organization","name":"PureJewels \u0130ngiltere","url":"https:\/\/www.purejewels.com\/","logo":{"@type":"ImageObject","inLanguage":"tr","@id":"https:\/\/www.purejewels.com\/#\/schema\/logo\/image\/","url":"https:\/\/static.purejewels.com\/wp-content\/uploads\/2020\/11\/Logo-PJ-New-1.png","contentUrl":"https:\/\/static.purejewels.com\/wp-content\/uploads\/2020\/11\/Logo-PJ-New-1.png","width":150,"height":80,"caption":"PureJewels UK"},"image":{"@id":"https:\/\/www.purejewels.com\/#\/schema\/logo\/image\/"}}]}},"_links":{"self":[{"href":"https:\/\/www.purejewels.com\/tr\/wp-json\/wp\/v2\/product\/317260","targetHints":{"allow":["GET"]}}],"collection":[{"href":"https:\/\/www.purejewels.com\/tr\/wp-json\/wp\/v2\/product"}],"about":[{"href":"https:\/\/www.purejewels.com\/tr\/wp-json\/wp\/v2\/types\/product"}],"replies":[{"embeddable":true,"href":"https:\/\/www.purejewels.com\/tr\/wp-json\/wp\/v2\/comments?post=317260"}],"version-history":[{"count":1,"href":"https:\/\/www.purejewels.com\/tr\/wp-json\/wp\/v2\/product\/317260\/revisions"}],"predecessor-version":[{"id":371331,"href":"https:\/\/www.purejewels.com\/tr\/wp-json\/wp\/v2\/product\/317260\/revisions\/371331"}],"wp:featuredmedia":[{"embeddable":true,"href":"https:\/\/www.purejewels.com\/tr\/wp-json\/wp\/v2\/media\/317523"}],"wp:attachment":[{"href":"https:\/\/www.purejewels.com\/tr\/wp-json\/wp\/v2\/media?parent=317260"}],"wp:term":[{"taxonomy":"product_brand","embeddable":true,"href":"https:\/\/www.purejewels.com\/tr\/wp-json\/wp\/v2\/product_brand?post=317260"},{"taxonomy":"product_cat","embeddable":true,"href":"https:\/\/www.purejewels.com\/tr\/wp-json\/wp\/v2\/product_cat?post=317260"},{"taxonomy":"product_tag","embeddable":true,"href":"https:\/\/www.purejewels.com\/tr\/wp-json\/wp\/v2\/product_tag?post=317260"}],"curies":[{"name":"wp","href":"https:\/\/api.w.org\/{rel}","templated":true}]}}