{"id":317315,"date":"2020-09-17T11:15:09","date_gmt":"2020-09-17T10:15:09","guid":{"rendered":"https:\/\/www.purejewels.com\/product\/22ct-gold-choker-13gm\/"},"modified":"2026-03-17T06:25:10","modified_gmt":"2026-03-17T06:25:10","slug":"altin-gerdanlik-boyunluk-33055","status":"publish","type":"product","link":"https:\/\/www.purejewels.com\/tr\/product\/gold-choker-neckalce-33055\/","title":{"rendered":"22 Ayar Alt\u0131n Dokulu K\u00fcre Gerdanl\u0131k Kolye"},"content":{"rendered":"<p><strong>Tasar\u0131m Konsepti<\/strong><\/p>\n<p>Dokulu K\u00fcre Gerdanl\u0131k Kolye, sadelik ve formun g\u00fczelli\u011finden ilham al\u0131yor. \u0130nce detayl\u0131 dokusuyla merkezi k\u00fcre, b\u00fct\u00fcnl\u00fc\u011f\u00fc ve dengeyi temsil ederken narin zincir, sade zarafetini art\u0131r\u0131yor. Minimalizmi ince bir ifadeyle kucaklayan tasar\u0131m, onu hem \u00e7a\u011fda\u015f hem de zamans\u0131z k\u0131l\u0131yor; rafine, zahmetsiz tarz\u0131 takdir edenler i\u00e7in m\u00fckemmel.<\/p>\n<p><strong>Zanaatkarl\u0131k<\/strong><\/p>\n<p>Y\u00fcksek safl\u0131kta 22 ayar alt\u0131ndan \u00fcretilen bu kolye, ince alt\u0131n\u0131n zenginli\u011fini ve s\u0131cakl\u0131\u011f\u0131n\u0131 vurgular. K\u00fcre, yumu\u015fak, da\u011f\u0131n\u0131k bir \u0131\u015f\u0131lt\u0131 yaratmak i\u00e7in karma\u015f\u0131k bir \u015fekilde dokuland\u0131r\u0131l\u0131rken, p\u00fcr\u00fczs\u00fcz cilal\u0131 elemanlar kontrast ve parlakl\u0131k sa\u011flar. PureJewels'in i\u015f\u00e7ilik ve kaliteye olan ba\u011fl\u0131l\u0131\u011f\u0131n\u0131 yans\u0131tan her bir bile\u015fen, ak\u0131c\u0131 hareket ve rahatl\u0131k sa\u011flamak i\u00e7in \u00f6zenle tamamlanm\u0131\u015ft\u0131r.<\/p>\n<p><strong>Stil Fikirleri<\/strong><\/p>\n<p>Dokulu K\u00fcre Gerdanl\u0131k Kolye, g\u00fcnl\u00fck \u015f\u0131kl\u0131k i\u00e7in idealdir. Sade, minimal bir g\u00f6r\u00fcn\u00fcm i\u00e7in tek ba\u015f\u0131na tak\u0131n veya modern, se\u00e7kin bir stil olu\u015fturmak i\u00e7in daha uzun zincirlerle katmanlay\u0131n. \u00c7ok y\u00f6nl\u00fc tasar\u0131m\u0131 hem g\u00fcndelik hem de resmi k\u0131yafetleri tamamlayarak her m\u00fccevher koleksiyonuna zamans\u0131z bir katk\u0131 sa\u011flar.<\/p>","protected":false},"excerpt":{"rendered":"<p>22 Ayar Alt\u0131n Dokulu K\u00fcre Gerdanl\u0131k Kolye, ince dokulu alt\u0131n k\u00fcre kolye ucu ile e\u015fle\u015ftirilmi\u015f narin bir zincire sahiptir. Parlak 22 ayar alt\u0131ndan \u00fcretilen bu par\u00e7a, g\u00fcnl\u00fck kullan\u0131m i\u00e7in modern ve minimal bir \u015f\u0131kl\u0131k sunuyor.<\/p>\n<ul>\n<li>Metal 22 Ayar Alt\u0131n<\/li>\n<li>Uzunluk. 17 \u0130n\u00e7<\/li>\n<li>A\u011f\u0131rl\u0131k 13 gms<\/li>\n<li>SKU. 33055<\/li>\n<li>T\u00fcm fiyatlara KDV dahildir<\/li>\n<li>T\u00fcm \u00fcr\u00fcnlerimiz London Assay Office taraf\u0131ndan damgalanm\u0131\u015ft\u0131r<\/li>\n<li>T\u00fcm Setler Sunum Kutusu ile Birlikte Gelir<\/li>\n<li>Teslimat Dahil<\/li>\n<li>Stokta bulunan benzer Gerdanl\u0131k Kolye tasar\u0131mlar\u0131n\u0131n stok durumu ve daha fazla g\u00f6rsel i\u00e7in bizimle canl\u0131 sohbet edin<\/li>\n<\/ul>","protected":false},"featured_media":317316,"comment_status":"closed","ping_status":"closed","template":"","meta":{"_eb_attr":"","_crsspst_to_jayantr4sg-hostcom":false},"product_brand":[],"product_cat":[1791,1559,1698,1475,1574],"product_tag":[],"class_list":{"0":"post-317315","1":"product","2":"type-product","3":"status-publish","4":"has-post-thumbnail","6":"product_cat-anniversary-gifts","7":"product_cat-birthday-gifts","8":"product_cat-choker-chains","9":"product_cat-gold-chains","10":"product_cat-womens-jewellery","12":"first","13":"outofstock","14":"taxable","15":"shipping-taxable","16":"product-type-simple","17":"add-to-wishlist-before_image"},"yoast_head":"<!-- This site is optimized with the Yoast SEO plugin v27.3 - https:\/\/yoast.com\/product\/yoast-seo-wordpress\/ -->\n<title>Elegant 22ct Gold Choker Necklace with Textured Sphere Pendant<\/title>\n<meta name=\"description\" content=\"Shop the 22ct Gold Textured Sphere Choker Necklace featuring a delicate chain and a textured gold sphere pendant. Free delivery across UK.\" \/>\n<meta name=\"robots\" content=\"index, follow, max-snippet:-1, max-image-preview:large, max-video-preview:-1\" \/>\n<link rel=\"canonical\" href=\"https:\/\/www.purejewels.com\/tr\/urun\/altin-gerdanlik-boyunluk-33055\/\" \/>\n<meta property=\"og:locale\" content=\"tr_TR\" \/>\n<meta property=\"og:type\" content=\"article\" \/>\n<meta property=\"og:title\" content=\"Elegant 22ct Gold Choker Necklace with Textured Sphere Pendant\" \/>\n<meta property=\"og:description\" content=\"Shop the 22ct Gold Textured Sphere Choker Necklace featuring a delicate chain and a textured gold sphere pendant. Free delivery across UK.\" \/>\n<meta property=\"og:url\" content=\"https:\/\/www.purejewels.com\/tr\/urun\/altin-gerdanlik-boyunluk-33055\/\" \/>\n<meta property=\"og:site_name\" content=\"PureJewels UK\" \/>\n<meta property=\"article:modified_time\" content=\"2026-03-17T06:25:10+00:00\" \/>\n<meta property=\"og:image\" content=\"https:\/\/static.purejewels.com\/wp-content\/uploads\/2020\/09\/image185749456.jpg\" \/>\n\t<meta property=\"og:image:width\" content=\"1000\" \/>\n\t<meta property=\"og:image:height\" content=\"1000\" \/>\n\t<meta property=\"og:image:type\" content=\"image\/jpeg\" \/>\n<meta name=\"twitter:card\" content=\"summary_large_image\" \/>\n<meta name=\"twitter:label1\" content=\"Tahmini okuma s\u00fcresi\" \/>\n\t<meta name=\"twitter:data1\" content=\"1 dakika\" \/>\n<script type=\"application\/ld+json\" class=\"yoast-schema-graph\">{\"@context\":\"https:\\\/\\\/schema.org\",\"@graph\":[{\"@type\":[\"WebPage\",\"ItemPage\"],\"@id\":\"https:\\\/\\\/www.purejewels.com\\\/product\\\/gold-choker-neckalce-33055\\\/\",\"url\":\"https:\\\/\\\/www.purejewels.com\\\/product\\\/gold-choker-neckalce-33055\\\/\",\"name\":\"Elegant 22ct Gold Choker Necklace with Textured Sphere Pendant\",\"isPartOf\":{\"@id\":\"https:\\\/\\\/www.purejewels.com\\\/#website\"},\"primaryImageOfPage\":{\"@id\":\"https:\\\/\\\/www.purejewels.com\\\/product\\\/gold-choker-neckalce-33055\\\/#primaryimage\"},\"image\":{\"@id\":\"https:\\\/\\\/www.purejewels.com\\\/product\\\/gold-choker-neckalce-33055\\\/#primaryimage\"},\"thumbnailUrl\":\"https:\\\/\\\/static.purejewels.com\\\/wp-content\\\/uploads\\\/2020\\\/09\\\/image185749456.jpg\",\"datePublished\":\"2020-09-17T10:15:09+00:00\",\"dateModified\":\"2026-03-17T06:25:10+00:00\",\"description\":\"Shop the 22ct Gold Textured Sphere Choker Necklace featuring a delicate chain and a textured gold sphere pendant. Free delivery across UK.\",\"breadcrumb\":{\"@id\":\"https:\\\/\\\/www.purejewels.com\\\/product\\\/gold-choker-neckalce-33055\\\/#breadcrumb\"},\"inLanguage\":\"tr\",\"potentialAction\":[{\"@type\":\"ReadAction\",\"target\":[\"https:\\\/\\\/www.purejewels.com\\\/product\\\/gold-choker-neckalce-33055\\\/\"]}]},{\"@type\":\"ImageObject\",\"inLanguage\":\"tr\",\"@id\":\"https:\\\/\\\/www.purejewels.com\\\/product\\\/gold-choker-neckalce-33055\\\/#primaryimage\",\"url\":\"https:\\\/\\\/static.purejewels.com\\\/wp-content\\\/uploads\\\/2020\\\/09\\\/image185749456.jpg\",\"contentUrl\":\"https:\\\/\\\/static.purejewels.com\\\/wp-content\\\/uploads\\\/2020\\\/09\\\/image185749456.jpg\",\"width\":1000,\"height\":1000,\"caption\":\"22ct Gold Choker Chain YGCK068\"},{\"@type\":\"BreadcrumbList\",\"@id\":\"https:\\\/\\\/www.purejewels.com\\\/product\\\/gold-choker-neckalce-33055\\\/#breadcrumb\",\"itemListElement\":[{\"@type\":\"ListItem\",\"position\":1,\"name\":\"Home\",\"item\":\"https:\\\/\\\/www.purejewels.com\\\/\"},{\"@type\":\"ListItem\",\"position\":2,\"name\":\"Shop\",\"item\":\"https:\\\/\\\/www.purejewels.com\\\/shop\\\/\"},{\"@type\":\"ListItem\",\"position\":3,\"name\":\"22ct Gold Textured Sphere Choker Necklace\"}]},{\"@type\":\"WebSite\",\"@id\":\"https:\\\/\\\/www.purejewels.com\\\/#website\",\"url\":\"https:\\\/\\\/www.purejewels.com\\\/\",\"name\":\"PureJewels UK\",\"description\":\"Share the Love\",\"publisher\":{\"@id\":\"https:\\\/\\\/www.purejewels.com\\\/#organization\"},\"potentialAction\":[{\"@type\":\"SearchAction\",\"target\":{\"@type\":\"EntryPoint\",\"urlTemplate\":\"https:\\\/\\\/www.purejewels.com\\\/?s={search_term_string}\"},\"query-input\":{\"@type\":\"PropertyValueSpecification\",\"valueRequired\":true,\"valueName\":\"search_term_string\"}}],\"inLanguage\":\"tr\"},{\"@type\":\"Organization\",\"@id\":\"https:\\\/\\\/www.purejewels.com\\\/#organization\",\"name\":\"PureJewels UK\",\"url\":\"https:\\\/\\\/www.purejewels.com\\\/\",\"logo\":{\"@type\":\"ImageObject\",\"inLanguage\":\"tr\",\"@id\":\"https:\\\/\\\/www.purejewels.com\\\/#\\\/schema\\\/logo\\\/image\\\/\",\"url\":\"https:\\\/\\\/static.purejewels.com\\\/wp-content\\\/uploads\\\/2020\\\/11\\\/Logo-PJ-New-1.png\",\"contentUrl\":\"https:\\\/\\\/static.purejewels.com\\\/wp-content\\\/uploads\\\/2020\\\/11\\\/Logo-PJ-New-1.png\",\"width\":150,\"height\":80,\"caption\":\"PureJewels UK\"},\"image\":{\"@id\":\"https:\\\/\\\/www.purejewels.com\\\/#\\\/schema\\\/logo\\\/image\\\/\"}}]}<\/script>\n<!-- \/ Yoast SEO plugin. -->","yoast_head_json":{"title":"Dokulu K\u00fcre Kolyeli Zarif 22 Ayar Alt\u0131n Gerdanl\u0131k Kolye","description":"Narin bir zincir ve dokulu alt\u0131n k\u00fcre kolye ucuna sahip 22 Ayar Alt\u0131n Dokulu K\u00fcre Gerdanl\u0131k Kolyeyi sat\u0131n al\u0131n. Birle\u015fik Krall\u0131k genelinde \u00fccretsiz teslimat.","robots":{"index":"index","follow":"follow","max-snippet":"max-snippet:-1","max-image-preview":"max-image-preview:large","max-video-preview":"max-video-preview:-1"},"canonical":"https:\/\/www.purejewels.com\/tr\/urun\/altin-gerdanlik-boyunluk-33055\/","og_locale":"tr_TR","og_type":"article","og_title":"Elegant 22ct Gold Choker Necklace with Textured Sphere Pendant","og_description":"Shop the 22ct Gold Textured Sphere Choker Necklace featuring a delicate chain and a textured gold sphere pendant. Free delivery across UK.","og_url":"https:\/\/www.purejewels.com\/tr\/urun\/altin-gerdanlik-boyunluk-33055\/","og_site_name":"PureJewels UK","article_modified_time":"2026-03-17T06:25:10+00:00","og_image":[{"width":1000,"height":1000,"url":"https:\/\/static.purejewels.com\/wp-content\/uploads\/2020\/09\/image185749456.jpg","type":"image\/jpeg"}],"twitter_card":"summary_large_image","twitter_misc":{"Tahmini okuma s\u00fcresi":"1 dakika"},"schema":{"@context":"https:\/\/schema.org","@graph":[{"@type":["WebPage","ItemPage"],"@id":"https:\/\/www.purejewels.com\/product\/gold-choker-neckalce-33055\/","url":"https:\/\/www.purejewels.com\/product\/gold-choker-neckalce-33055\/","name":"Dokulu K\u00fcre Kolyeli Zarif 22 Ayar Alt\u0131n Gerdanl\u0131k Kolye","isPartOf":{"@id":"https:\/\/www.purejewels.com\/#website"},"primaryImageOfPage":{"@id":"https:\/\/www.purejewels.com\/product\/gold-choker-neckalce-33055\/#primaryimage"},"image":{"@id":"https:\/\/www.purejewels.com\/product\/gold-choker-neckalce-33055\/#primaryimage"},"thumbnailUrl":"https:\/\/static.purejewels.com\/wp-content\/uploads\/2020\/09\/image185749456.jpg","datePublished":"2020-09-17T10:15:09+00:00","dateModified":"2026-03-17T06:25:10+00:00","description":"Narin bir zincir ve dokulu alt\u0131n k\u00fcre kolye ucuna sahip 22 Ayar Alt\u0131n Dokulu K\u00fcre Gerdanl\u0131k Kolyeyi sat\u0131n al\u0131n. Birle\u015fik Krall\u0131k genelinde \u00fccretsiz teslimat.","breadcrumb":{"@id":"https:\/\/www.purejewels.com\/product\/gold-choker-neckalce-33055\/#breadcrumb"},"inLanguage":"tr","potentialAction":[{"@type":"ReadAction","target":["https:\/\/www.purejewels.com\/product\/gold-choker-neckalce-33055\/"]}]},{"@type":"ImageObject","inLanguage":"tr","@id":"https:\/\/www.purejewels.com\/product\/gold-choker-neckalce-33055\/#primaryimage","url":"https:\/\/static.purejewels.com\/wp-content\/uploads\/2020\/09\/image185749456.jpg","contentUrl":"https:\/\/static.purejewels.com\/wp-content\/uploads\/2020\/09\/image185749456.jpg","width":1000,"height":1000,"caption":"22ct Gold Choker Chain YGCK068"},{"@type":"BreadcrumbList","@id":"https:\/\/www.purejewels.com\/product\/gold-choker-neckalce-33055\/#breadcrumb","itemListElement":[{"@type":"ListItem","position":1,"name":"Home","item":"https:\/\/www.purejewels.com\/"},{"@type":"ListItem","position":2,"name":"Shop","item":"https:\/\/www.purejewels.com\/shop\/"},{"@type":"ListItem","position":3,"name":"22ct Gold Textured Sphere Choker Necklace"}]},{"@type":"WebSite","@id":"https:\/\/www.purejewels.com\/#website","url":"https:\/\/www.purejewels.com\/","name":"PureJewels \u0130ngiltere","description":"Sevgiyi Payla\u015f\u0131n","publisher":{"@id":"https:\/\/www.purejewels.com\/#organization"},"potentialAction":[{"@type":"SearchAction","target":{"@type":"EntryPoint","urlTemplate":"https:\/\/www.purejewels.com\/?s={search_term_string}"},"query-input":{"@type":"PropertyValueSpecification","valueRequired":true,"valueName":"search_term_string"}}],"inLanguage":"tr"},{"@type":"Organization","@id":"https:\/\/www.purejewels.com\/#organization","name":"PureJewels \u0130ngiltere","url":"https:\/\/www.purejewels.com\/","logo":{"@type":"ImageObject","inLanguage":"tr","@id":"https:\/\/www.purejewels.com\/#\/schema\/logo\/image\/","url":"https:\/\/static.purejewels.com\/wp-content\/uploads\/2020\/11\/Logo-PJ-New-1.png","contentUrl":"https:\/\/static.purejewels.com\/wp-content\/uploads\/2020\/11\/Logo-PJ-New-1.png","width":150,"height":80,"caption":"PureJewels UK"},"image":{"@id":"https:\/\/www.purejewels.com\/#\/schema\/logo\/image\/"}}]}},"_links":{"self":[{"href":"https:\/\/www.purejewels.com\/tr\/wp-json\/wp\/v2\/product\/317315","targetHints":{"allow":["GET"]}}],"collection":[{"href":"https:\/\/www.purejewels.com\/tr\/wp-json\/wp\/v2\/product"}],"about":[{"href":"https:\/\/www.purejewels.com\/tr\/wp-json\/wp\/v2\/types\/product"}],"replies":[{"embeddable":true,"href":"https:\/\/www.purejewels.com\/tr\/wp-json\/wp\/v2\/comments?post=317315"}],"version-history":[{"count":3,"href":"https:\/\/www.purejewels.com\/tr\/wp-json\/wp\/v2\/product\/317315\/revisions"}],"predecessor-version":[{"id":427217,"href":"https:\/\/www.purejewels.com\/tr\/wp-json\/wp\/v2\/product\/317315\/revisions\/427217"}],"wp:featuredmedia":[{"embeddable":true,"href":"https:\/\/www.purejewels.com\/tr\/wp-json\/wp\/v2\/media\/317316"}],"wp:attachment":[{"href":"https:\/\/www.purejewels.com\/tr\/wp-json\/wp\/v2\/media?parent=317315"}],"wp:term":[{"taxonomy":"product_brand","embeddable":true,"href":"https:\/\/www.purejewels.com\/tr\/wp-json\/wp\/v2\/product_brand?post=317315"},{"taxonomy":"product_cat","embeddable":true,"href":"https:\/\/www.purejewels.com\/tr\/wp-json\/wp\/v2\/product_cat?post=317315"},{"taxonomy":"product_tag","embeddable":true,"href":"https:\/\/www.purejewels.com\/tr\/wp-json\/wp\/v2\/product_tag?post=317315"}],"curies":[{"name":"wp","href":"https:\/\/api.w.org\/{rel}","templated":true}]}}