{"id":317337,"date":"2020-09-18T06:02:01","date_gmt":"2020-09-18T05:02:01","guid":{"rendered":"https:\/\/www.purejewels.com\/product\/22ct-gold-earring-11-5gm\/"},"modified":"2026-03-04T12:36:57","modified_gmt":"2026-03-04T12:36:57","slug":"22-ayar-altin-hint-kupeleri-32884","status":"publish","type":"product","link":"https:\/\/www.purejewels.com\/tr\/product\/22ct-gold-indian-earrings-32884\/","title":{"rendered":"22 Ayar Alt\u0131n Hint K\u00fcpe(916)"},"content":{"rendered":"<h3>Gelenek<\/h3>\n<p>Hindistan'da Jhumkiler kad\u0131nlar aras\u0131nda \u00f6ne \u00e7\u0131kan m\u00fccevher par\u00e7alar\u0131d\u0131r. <strong>Jhumkis<\/strong> y\u00fczy\u0131llar\u0131n ba\u015flar\u0131nda tak\u0131lm\u0131\u015f, nesiller boyunca aktar\u0131lm\u0131\u015f ve \u015fimdiki nesiller taraf\u0131ndan sevilmi\u015ftir. Bu g\u00fczel geleneksel kulak aksesuarlar\u0131n\u0131 ortaya \u00e7\u0131karmak i\u00e7in, ikonik geleneksel unsurlar\u0131 jhumkis ile bir araya getirerek bu \u00e7ifti elde ettik. Bu y\u00fczden, kibarl\u0131\u011f\u0131n\u0131z\u0131 korurken a\u015f\u0131r\u0131ya ka\u00e7may\u0131 planl\u0131yorsan\u0131z, sizi teminat alt\u0131na ald\u0131k!<\/p>\n<h3>Tasar\u0131m<\/h3>\n<p>Bu \u00f6zenle tasarlanm\u0131\u015f alt\u0131n Hint \u00e7ifti <a href=\"https:\/\/www.purejewels.com\/tr\/product-category\/22ct-gold-jewellery\/gold-earrings\/\">K\u00fcpeler<\/a> 22 ayar alt\u0131ndan yap\u0131lm\u0131\u015ft\u0131r. Bu <a href=\"https:\/\/www.purejewels.com\/tr\/product\/22ct-gold-ladies-stud-earring-with-rhodium-finish-46497\/\">K\u00fcpe<\/a> parlak ve l\u00fcks polkilerle kaplanm\u0131\u015f g\u00f6z kama\u015ft\u0131r\u0131c\u0131 dairesel bir \u00e7\u0131t\u00e7\u0131t ile ba\u015flar. Dairesel saplamay\u0131, merkezinde \u00e7i\u00e7ek ve yapraklardan olu\u015fan ta\u00e7 benzeri geleneksel bir par\u00e7a takip ediyor. Bu unsurlar y\u00fczeylerinin her yerinde yontulmu\u015ftur ve birka\u00e7 par\u00e7a yemye\u015fil polkis ile sessiz bir alt\u0131n tonuna sahiptir. Bu Hint 22 ayar <strong><a href=\"https:\/\/www.purejewels.com\/tr\/armari-collection\/\">alt\u0131n k\u00fcpeler<\/a><\/strong> \u0130ngiltere, benzersiz bir \u015fekilde haz\u0131rlanm\u0131\u015f jhumkilerle son buluyor. Bu jhumkiler elle yap\u0131l\u0131r ve benzer \u00e7i\u00e7ek bile\u015fenleriyle son bulur. Jhumkiler bu tasar\u0131m\u0131n y\u0131ld\u0131zlar\u0131d\u0131r ve zarif bir \u015fekilde sarkarak \u00e7ifti ayn\u0131 anda hem \u015fenlikli, hem cesur hem de hafif k\u0131lar.<\/p>\n<h3>Stil<\/h3>\n<p>G\u00f6rkemli alt\u0131n k\u00fcpelerimiz sizi kraliyet ailesi gibi hissettirecek ama ayn\u0131 zamanda zarifli\u011fini de koruyarak arad\u0131\u011f\u0131n\u0131z m\u00fckemmel dengeyi sa\u011flayacak. Bu k\u00fcpeleri i\u015f yerindeki etnik bir g\u00fcnde veya aile etkinliklerinde ya da hatta yakla\u015fan diwali ak\u015fam\u0131nda bile takabilirsiniz, o kadar \u00e7ok y\u00f6nl\u00fcd\u00fcrler. Bir kez sat\u0131n al\u0131nd\u0131\u011f\u0131nda, bu klasik k\u00fcpeler di\u011fer 22 ayar Hint alt\u0131n tak\u0131lar\u0131yla birlikte \u00f6m\u00fcr boyu saklanabilir ve nesiller boyu aktar\u0131labilir.<\/p>","protected":false},"excerpt":{"rendered":"<ul>\n<li>22 Ayar Alt\u0131n Hint Jumkha K\u00fcpe<\/li>\n<li>Sentetik Polki ta\u015flarla i\u015flenmi\u015ftir<\/li>\n<li>A\u011f\u0131rl\u0131k 11,3 gms<\/li>\n<li>SKU. 44162<\/li>\n<li>T\u00fcm fiyatlara KDV dahildir<\/li>\n<li>T\u00fcm \u00dcr\u00fcnlerimiz Londra Tahlil Ofisi Taraf\u0131ndan Damgalanm\u0131\u015ft\u0131r<\/li>\n<li>Sunum Kutusu ile Birlikte Gelir<\/li>\n<li>Teslimat Dahil<\/li>\n<li>Koleksiyonumuzu ke\u015ffedin\u00a0<strong>geli\u0307n ve d\u00fc\u011f\u00fcn k\u00fcpeleri\u0307<\/strong><\/li>\n<li>Forest gate, Londra, \u0130ngiltere'deki ma\u011fazam\u0131zda bulunan t\u00fcm yeni Gelin Alt\u0131n Kolye ve K\u00fcpe seti \u0130ngiltere yelpazesini g\u00f6rmek i\u00e7in bizimle sohbet edin<\/li>\n<\/ul>","protected":false},"featured_media":317530,"comment_status":"closed","ping_status":"closed","template":"","meta":{"_eb_attr":"","_crsspst_to_jayantr4sg-hostcom":false},"product_brand":[],"product_cat":[256,5315,1254,1229,1578,1570,1573,1574],"product_tag":[66],"class_list":{"0":"post-317337","1":"product","2":"type-product","3":"status-publish","4":"has-post-thumbnail","6":"product_cat-anusha-collections","7":"product_cat-bridal-and-wedding-earrings","8":"product_cat-gold-earrings","9":"product_cat-22ct-gold-jewellery","10":"product_cat-jhumkha-earrings","11":"product_cat-mothers-day-gifts","12":"product_cat-wedding-gifts","13":"product_cat-womens-jewellery","14":"product_tag-earrings","16":"first","17":"instock","18":"sale","19":"taxable","20":"shipping-taxable","21":"purchasable","22":"product-type-simple","23":"add-to-wishlist-before_image"},"yoast_head":"<!-- This site is optimized with the Yoast SEO plugin v27.5 - https:\/\/yoast.com\/product\/yoast-seo-wordpress\/ -->\n<title>22ct Gold Indian Earrings Jhumkha online at PureJewels UK<\/title>\n<meta name=\"robots\" content=\"index, follow, max-snippet:-1, max-image-preview:large, max-video-preview:-1\" \/>\n<link rel=\"canonical\" href=\"https:\/\/www.purejewels.com\/tr\/urun\/22-ayar-altin-hint-kupeleri-32884\/\" \/>\n<meta property=\"og:locale\" content=\"tr_TR\" \/>\n<meta property=\"og:type\" content=\"article\" \/>\n<meta property=\"og:title\" content=\"22ct Gold Indian Earrings Jhumkha online at PureJewels UK\" \/>\n<meta property=\"og:description\" content=\"22 Carat Gold Indian Jumkha Earrings  Studded with Synthetic Polki stones  Wt. 11.3 gms  SKU. 44162  All prices include VAT  All Our Products are Hallmarked by London Assay Office  Comes With Presentation Box  Delivery Included  Explore our collection\u00a0bridal and wedding earrings  Chat with us to view the entire new range of Bridal Gold Necklace and Earring set UK available in our store at Forest gate, London,UK\" \/>\n<meta property=\"og:url\" content=\"https:\/\/www.purejewels.com\/tr\/urun\/22-ayar-altin-hint-kupeleri-32884\/\" \/>\n<meta property=\"og:site_name\" content=\"PureJewels UK\" \/>\n<meta property=\"article:modified_time\" content=\"2026-03-04T12:36:57+00:00\" \/>\n<meta property=\"og:image\" content=\"https:\/\/static.purejewels.com\/wp-content\/uploads\/2020\/09\/image186551020.jpg\" \/>\n\t<meta property=\"og:image:width\" content=\"1000\" \/>\n\t<meta property=\"og:image:height\" content=\"1000\" \/>\n\t<meta property=\"og:image:type\" content=\"image\/jpeg\" \/>\n<meta name=\"twitter:card\" content=\"summary_large_image\" \/>\n<meta name=\"twitter:label1\" content=\"Tahmini okuma s\u00fcresi\" \/>\n\t<meta name=\"twitter:data1\" content=\"2 dakika\" \/>\n<script type=\"application\/ld+json\" class=\"yoast-schema-graph\">{\"@context\":\"https:\\\/\\\/schema.org\",\"@graph\":[{\"@type\":[\"WebPage\",\"ItemPage\"],\"@id\":\"https:\\\/\\\/www.purejewels.com\\\/product\\\/22ct-gold-indian-earrings-32884\\\/\",\"url\":\"https:\\\/\\\/www.purejewels.com\\\/product\\\/22ct-gold-indian-earrings-32884\\\/\",\"name\":\"22ct Gold Indian Earrings Jhumkha online at PureJewels UK\",\"isPartOf\":{\"@id\":\"https:\\\/\\\/www.purejewels.com\\\/#website\"},\"primaryImageOfPage\":{\"@id\":\"https:\\\/\\\/www.purejewels.com\\\/product\\\/22ct-gold-indian-earrings-32884\\\/#primaryimage\"},\"image\":{\"@id\":\"https:\\\/\\\/www.purejewels.com\\\/product\\\/22ct-gold-indian-earrings-32884\\\/#primaryimage\"},\"thumbnailUrl\":\"https:\\\/\\\/static.purejewels.com\\\/wp-content\\\/uploads\\\/2020\\\/09\\\/image186551020.jpg\",\"datePublished\":\"2020-09-18T05:02:01+00:00\",\"dateModified\":\"2026-03-04T12:36:57+00:00\",\"breadcrumb\":{\"@id\":\"https:\\\/\\\/www.purejewels.com\\\/product\\\/22ct-gold-indian-earrings-32884\\\/#breadcrumb\"},\"inLanguage\":\"tr\",\"potentialAction\":[{\"@type\":\"ReadAction\",\"target\":[\"https:\\\/\\\/www.purejewels.com\\\/product\\\/22ct-gold-indian-earrings-32884\\\/\"]}]},{\"@type\":\"ImageObject\",\"inLanguage\":\"tr\",\"@id\":\"https:\\\/\\\/www.purejewels.com\\\/product\\\/22ct-gold-indian-earrings-32884\\\/#primaryimage\",\"url\":\"https:\\\/\\\/static.purejewels.com\\\/wp-content\\\/uploads\\\/2020\\\/09\\\/image186551020.jpg\",\"contentUrl\":\"https:\\\/\\\/static.purejewels.com\\\/wp-content\\\/uploads\\\/2020\\\/09\\\/image186551020.jpg\",\"width\":1000,\"height\":1000,\"caption\":\"22ct Anusha Earring\\\/11.5gm\"},{\"@type\":\"BreadcrumbList\",\"@id\":\"https:\\\/\\\/www.purejewels.com\\\/product\\\/22ct-gold-indian-earrings-32884\\\/#breadcrumb\",\"itemListElement\":[{\"@type\":\"ListItem\",\"position\":1,\"name\":\"Home\",\"item\":\"https:\\\/\\\/www.purejewels.com\\\/\"},{\"@type\":\"ListItem\",\"position\":2,\"name\":\"Shop\",\"item\":\"https:\\\/\\\/www.purejewels.com\\\/shop\\\/\"},{\"@type\":\"ListItem\",\"position\":3,\"name\":\"22ct Gold Indian Earrings(916)\"}]},{\"@type\":\"WebSite\",\"@id\":\"https:\\\/\\\/www.purejewels.com\\\/#website\",\"url\":\"https:\\\/\\\/www.purejewels.com\\\/\",\"name\":\"PureJewels UK\",\"description\":\"Share the Love\",\"publisher\":{\"@id\":\"https:\\\/\\\/www.purejewels.com\\\/#organization\"},\"potentialAction\":[{\"@type\":\"SearchAction\",\"target\":{\"@type\":\"EntryPoint\",\"urlTemplate\":\"https:\\\/\\\/www.purejewels.com\\\/?s={search_term_string}\"},\"query-input\":{\"@type\":\"PropertyValueSpecification\",\"valueRequired\":true,\"valueName\":\"search_term_string\"}}],\"inLanguage\":\"tr\"},{\"@type\":\"Organization\",\"@id\":\"https:\\\/\\\/www.purejewels.com\\\/#organization\",\"name\":\"PureJewels UK\",\"url\":\"https:\\\/\\\/www.purejewels.com\\\/\",\"logo\":{\"@type\":\"ImageObject\",\"inLanguage\":\"tr\",\"@id\":\"https:\\\/\\\/www.purejewels.com\\\/#\\\/schema\\\/logo\\\/image\\\/\",\"url\":\"https:\\\/\\\/static.purejewels.com\\\/wp-content\\\/uploads\\\/2020\\\/11\\\/Logo-PJ-New-1.png\",\"contentUrl\":\"https:\\\/\\\/static.purejewels.com\\\/wp-content\\\/uploads\\\/2020\\\/11\\\/Logo-PJ-New-1.png\",\"width\":150,\"height\":80,\"caption\":\"PureJewels UK\"},\"image\":{\"@id\":\"https:\\\/\\\/www.purejewels.com\\\/#\\\/schema\\\/logo\\\/image\\\/\"}}]}<\/script>\n<!-- \/ Yoast SEO plugin. -->","yoast_head_json":{"title":"22 Ayar Alt\u0131n Hint K\u00fcpesi Jhumkha PureJewels UK'de online","robots":{"index":"index","follow":"follow","max-snippet":"max-snippet:-1","max-image-preview":"max-image-preview:large","max-video-preview":"max-video-preview:-1"},"canonical":"https:\/\/www.purejewels.com\/tr\/urun\/22-ayar-altin-hint-kupeleri-32884\/","og_locale":"tr_TR","og_type":"article","og_title":"22ct Gold Indian Earrings Jhumkha online at PureJewels UK","og_description":"22 Carat Gold Indian Jumkha Earrings  Studded with Synthetic Polki stones  Wt. 11.3 gms  SKU. 44162  All prices include VAT  All Our Products are Hallmarked by London Assay Office  Comes With Presentation Box  Delivery Included  Explore our collection\u00a0bridal and wedding earrings  Chat with us to view the entire new range of Bridal Gold Necklace and Earring set UK available in our store at Forest gate, London,UK","og_url":"https:\/\/www.purejewels.com\/tr\/urun\/22-ayar-altin-hint-kupeleri-32884\/","og_site_name":"PureJewels UK","article_modified_time":"2026-03-04T12:36:57+00:00","og_image":[{"width":1000,"height":1000,"url":"https:\/\/static.purejewels.com\/wp-content\/uploads\/2020\/09\/image186551020.jpg","type":"image\/jpeg"}],"twitter_card":"summary_large_image","twitter_misc":{"Tahmini okuma s\u00fcresi":"2 dakika"},"schema":{"@context":"https:\/\/schema.org","@graph":[{"@type":["WebPage","ItemPage"],"@id":"https:\/\/www.purejewels.com\/product\/22ct-gold-indian-earrings-32884\/","url":"https:\/\/www.purejewels.com\/product\/22ct-gold-indian-earrings-32884\/","name":"22 Ayar Alt\u0131n Hint K\u00fcpesi Jhumkha PureJewels UK'de online","isPartOf":{"@id":"https:\/\/www.purejewels.com\/#website"},"primaryImageOfPage":{"@id":"https:\/\/www.purejewels.com\/product\/22ct-gold-indian-earrings-32884\/#primaryimage"},"image":{"@id":"https:\/\/www.purejewels.com\/product\/22ct-gold-indian-earrings-32884\/#primaryimage"},"thumbnailUrl":"https:\/\/static.purejewels.com\/wp-content\/uploads\/2020\/09\/image186551020.jpg","datePublished":"2020-09-18T05:02:01+00:00","dateModified":"2026-03-04T12:36:57+00:00","breadcrumb":{"@id":"https:\/\/www.purejewels.com\/product\/22ct-gold-indian-earrings-32884\/#breadcrumb"},"inLanguage":"tr","potentialAction":[{"@type":"ReadAction","target":["https:\/\/www.purejewels.com\/product\/22ct-gold-indian-earrings-32884\/"]}]},{"@type":"ImageObject","inLanguage":"tr","@id":"https:\/\/www.purejewels.com\/product\/22ct-gold-indian-earrings-32884\/#primaryimage","url":"https:\/\/static.purejewels.com\/wp-content\/uploads\/2020\/09\/image186551020.jpg","contentUrl":"https:\/\/static.purejewels.com\/wp-content\/uploads\/2020\/09\/image186551020.jpg","width":1000,"height":1000,"caption":"22ct Anusha Earring\/11.5gm"},{"@type":"BreadcrumbList","@id":"https:\/\/www.purejewels.com\/product\/22ct-gold-indian-earrings-32884\/#breadcrumb","itemListElement":[{"@type":"ListItem","position":1,"name":"Home","item":"https:\/\/www.purejewels.com\/"},{"@type":"ListItem","position":2,"name":"Shop","item":"https:\/\/www.purejewels.com\/shop\/"},{"@type":"ListItem","position":3,"name":"22ct Gold Indian Earrings(916)"}]},{"@type":"WebSite","@id":"https:\/\/www.purejewels.com\/#website","url":"https:\/\/www.purejewels.com\/","name":"PureJewels \u0130ngiltere","description":"Sevgiyi Payla\u015f\u0131n","publisher":{"@id":"https:\/\/www.purejewels.com\/#organization"},"potentialAction":[{"@type":"SearchAction","target":{"@type":"EntryPoint","urlTemplate":"https:\/\/www.purejewels.com\/?s={search_term_string}"},"query-input":{"@type":"PropertyValueSpecification","valueRequired":true,"valueName":"search_term_string"}}],"inLanguage":"tr"},{"@type":"Organization","@id":"https:\/\/www.purejewels.com\/#organization","name":"PureJewels \u0130ngiltere","url":"https:\/\/www.purejewels.com\/","logo":{"@type":"ImageObject","inLanguage":"tr","@id":"https:\/\/www.purejewels.com\/#\/schema\/logo\/image\/","url":"https:\/\/static.purejewels.com\/wp-content\/uploads\/2020\/11\/Logo-PJ-New-1.png","contentUrl":"https:\/\/static.purejewels.com\/wp-content\/uploads\/2020\/11\/Logo-PJ-New-1.png","width":150,"height":80,"caption":"PureJewels UK"},"image":{"@id":"https:\/\/www.purejewels.com\/#\/schema\/logo\/image\/"}}]}},"_links":{"self":[{"href":"https:\/\/www.purejewels.com\/tr\/wp-json\/wp\/v2\/product\/317337","targetHints":{"allow":["GET"]}}],"collection":[{"href":"https:\/\/www.purejewels.com\/tr\/wp-json\/wp\/v2\/product"}],"about":[{"href":"https:\/\/www.purejewels.com\/tr\/wp-json\/wp\/v2\/types\/product"}],"replies":[{"embeddable":true,"href":"https:\/\/www.purejewels.com\/tr\/wp-json\/wp\/v2\/comments?post=317337"}],"version-history":[{"count":3,"href":"https:\/\/www.purejewels.com\/tr\/wp-json\/wp\/v2\/product\/317337\/revisions"}],"predecessor-version":[{"id":413693,"href":"https:\/\/www.purejewels.com\/tr\/wp-json\/wp\/v2\/product\/317337\/revisions\/413693"}],"wp:featuredmedia":[{"embeddable":true,"href":"https:\/\/www.purejewels.com\/tr\/wp-json\/wp\/v2\/media\/317530"}],"wp:attachment":[{"href":"https:\/\/www.purejewels.com\/tr\/wp-json\/wp\/v2\/media?parent=317337"}],"wp:term":[{"taxonomy":"product_brand","embeddable":true,"href":"https:\/\/www.purejewels.com\/tr\/wp-json\/wp\/v2\/product_brand?post=317337"},{"taxonomy":"product_cat","embeddable":true,"href":"https:\/\/www.purejewels.com\/tr\/wp-json\/wp\/v2\/product_cat?post=317337"},{"taxonomy":"product_tag","embeddable":true,"href":"https:\/\/www.purejewels.com\/tr\/wp-json\/wp\/v2\/product_tag?post=317337"}],"curies":[{"name":"wp","href":"https:\/\/api.w.org\/{rel}","templated":true}]}}