{"id":317357,"date":"2020-09-18T08:15:06","date_gmt":"2020-09-18T07:15:06","guid":{"rendered":"https:\/\/www.purejewels.com\/product\/22ct-gold-pendant-5-9gm\/"},"modified":"2026-01-06T07:29:48","modified_gmt":"2026-01-06T07:29:48","slug":"lord-sri-krishna-altin-kolye-33087","status":"publish","type":"product","link":"https:\/\/www.purejewels.com\/tr\/product\/lord-sri-krishna-gold-pendant-33087\/","title":{"rendered":"22 ayar alt\u0131n Krishna Murti kolye ucu"},"content":{"rendered":"<p data-start=\"479\" data-end=\"796\">Adanm\u0131\u015fl\u0131\u011f\u0131n kutsal bir hat\u0131ras\u0131 olan 22 ayar alt\u0131n Krishna Murti Kolye, Lord Sri Krishna'n\u0131n ilahi zarafetini g\u00fczel bir \u015fekilde elle emaye kaplanm\u0131\u015f bir portrede yans\u0131t\u0131yor. Karma\u015f\u0131k detaylara sahip alt\u0131n bir \u00e7er\u00e7eve i\u00e7ine yerle\u015ftirilen tasar\u0131m, Hindistan'\u0131n manevi ve sanatsal geleneklerini onurland\u0131ran minyat\u00fcr bir tap\u0131na\u011f\u0131 and\u0131r\u0131yor.<\/p>\n<p data-start=\"798\" data-end=\"1097\">Saf 22 ayar alt\u0131ndan \u00fcretilen bu kolye, ifade g\u00fcc\u00fc y\u00fcksek Murti imgesinden s\u00fcsl\u00fc \u00e7i\u00e7ek desenlerine kadar her detay\u0131n sayg\u0131yla i\u015flendi\u011fi, dini tak\u0131lar\u0131n sanatsal y\u00f6n\u00fcn\u00fc yans\u0131t\u0131yor. P\u00fcr\u00fczs\u00fcz oval emaye, cilal\u0131 bir kubbenin alt\u0131nda korunarak imgeye yumu\u015fak ve parlak bir \u0131\u015f\u0131lt\u0131 kazand\u0131r\u0131yor.<\/p>\n<p data-start=\"1099\" data-end=\"1436\">Kalbinize yak\u0131n bir yerde takmak veya Janmashtami, d\u00fc\u011f\u00fcnler veya yeni ba\u015flang\u0131\u00e7lar gibi kutsal g\u00fcnlerde hediye etmek i\u00e7in m\u00fckemmel olan bu kolye ucu, manevi bir anlam ve duygusal bir de\u011fer ta\u015f\u0131r. G\u00fcnl\u00fck kullan\u0131m i\u00e7in sade bir alt\u0131n zincirle veya t\u00f6renler i\u00e7in daha a\u011f\u0131r bir tilki kuyru\u011fu zincirle kombinleyebilirsiniz. A\u015fk, koruma ve inanc\u0131n zamans\u0131z bir sembol\u00fc.<\/p>","protected":false},"excerpt":{"rendered":"<p>22 ayar alt\u0131nla \u00f6zenle i\u015flenmi\u015f, Lord Sri Krishna'n\u0131n ilahi portresini ta\u015f\u0131yan bu Krishna Murti Kolye ile ba\u011fl\u0131l\u0131\u011f\u0131n\u0131z\u0131 kutlay\u0131n. Ayr\u0131nt\u0131l\u0131 alt\u0131n \u00e7er\u00e7eve i\u00e7inde yer alan bu kolye, kutsal sanat\u0131, miras\u0131 ve zamans\u0131z inanc\u0131 temsil ediyor.<\/p>\n<ul>\n<li>Lord Sri Krishna Alt\u0131n Kolye<\/li>\n<li>22 kt sar\u0131 Hint alt\u0131n\u0131ndan<\/li>\n<li>A\u011f\u0131rl\u0131k 5,9 gms<\/li>\n<li>SKU. 33087<\/li>\n<li>Zincir dahil de\u011fildir<\/li>\n<li>Resimde g\u00f6sterilen Zincir bir <strong>Tilki Kuyru\u011fu Zinciri<\/strong><\/li>\n<li>T\u00fcm \u00fcr\u00fcnlerimiz London Assay Office taraf\u0131ndan damgalanm\u0131\u015ft\u0131r<\/li>\n<li>Sunum Kutusu ile Birlikte Gelir<\/li>\n<li>Teslimat Dahil<\/li>\n<li>T\u00fcm fiyatlara KDV dahildir<\/li>\n<li>\u015eu anda stokta bulunan Hindu Dini Kolyelerin stok durumu ve daha fazla g\u00f6rsel i\u00e7in bizimle canl\u0131 sohbet edin<\/li>\n<\/ul>","protected":false},"featured_media":317543,"comment_status":"closed","ping_status":"closed","template":"","meta":{"_eb_attr":"","_crsspst_to_jayantr4sg-hostcom":true},"product_brand":[],"product_cat":[1255,1572,1768,1701],"product_tag":[],"class_list":{"0":"post-317357","1":"product","2":"type-product","3":"status-publish","4":"has-post-thumbnail","6":"product_cat-gold-pendants","7":"product_cat-mens-jewellery","8":"product_cat-mens-pendants","9":"product_cat-religious-pendants","11":"first","12":"outofstock","13":"taxable","14":"shipping-taxable","15":"product-type-simple","16":"add-to-wishlist-before_image"},"yoast_head":"<!-- This site is optimized with the Yoast SEO plugin v27.3 - https:\/\/yoast.com\/product\/yoast-seo-wordpress\/ -->\n<title>Sacred Krishna Murti Pendant in 22ct Gold \u2013 PureJewels<\/title>\n<meta name=\"description\" content=\"Discover the Krishna Murti Pendant in 22ct gold. Featuring a hand-painted image of Lord Krishna, this sacred gold locket honours devotion and timeless craftsmanship.\" \/>\n<meta name=\"robots\" content=\"index, follow, max-snippet:-1, max-image-preview:large, max-video-preview:-1\" \/>\n<link rel=\"canonical\" href=\"https:\/\/www.purejewels.com\/tr\/urun\/lord-sri-krishna-altin-kolye-33087\/\" \/>\n<meta property=\"og:locale\" content=\"tr_TR\" \/>\n<meta property=\"og:type\" content=\"article\" \/>\n<meta property=\"og:title\" content=\"Sacred Krishna Murti Pendant in 22ct Gold \u2013 PureJewels\" \/>\n<meta property=\"og:description\" content=\"Discover the Krishna Murti Pendant in 22ct gold. Featuring a hand-painted image of Lord Krishna, this sacred gold locket honours devotion and timeless craftsmanship.\" \/>\n<meta property=\"og:url\" content=\"https:\/\/www.purejewels.com\/tr\/urun\/lord-sri-krishna-altin-kolye-33087\/\" \/>\n<meta property=\"og:site_name\" content=\"PureJewels UK\" \/>\n<meta property=\"article:modified_time\" content=\"2026-01-06T07:29:48+00:00\" \/>\n<meta property=\"og:image\" content=\"https:\/\/static.purejewels.com\/wp-content\/uploads\/2020\/09\/image186623535.jpg\" \/>\n\t<meta property=\"og:image:width\" content=\"1000\" \/>\n\t<meta property=\"og:image:height\" content=\"1000\" \/>\n\t<meta property=\"og:image:type\" content=\"image\/jpeg\" \/>\n<meta name=\"twitter:card\" content=\"summary_large_image\" \/>\n<meta name=\"twitter:label1\" content=\"Tahmini okuma s\u00fcresi\" \/>\n\t<meta name=\"twitter:data1\" content=\"1 dakika\" \/>\n<script type=\"application\/ld+json\" class=\"yoast-schema-graph\">{\"@context\":\"https:\\\/\\\/schema.org\",\"@graph\":[{\"@type\":[\"WebPage\",\"ItemPage\"],\"@id\":\"https:\\\/\\\/www.purejewels.com\\\/product\\\/lord-sri-krishna-gold-pendant-33087\\\/\",\"url\":\"https:\\\/\\\/www.purejewels.com\\\/product\\\/lord-sri-krishna-gold-pendant-33087\\\/\",\"name\":\"Sacred Krishna Murti Pendant in 22ct Gold \u2013 PureJewels\",\"isPartOf\":{\"@id\":\"https:\\\/\\\/www.purejewels.com\\\/#website\"},\"primaryImageOfPage\":{\"@id\":\"https:\\\/\\\/www.purejewels.com\\\/product\\\/lord-sri-krishna-gold-pendant-33087\\\/#primaryimage\"},\"image\":{\"@id\":\"https:\\\/\\\/www.purejewels.com\\\/product\\\/lord-sri-krishna-gold-pendant-33087\\\/#primaryimage\"},\"thumbnailUrl\":\"https:\\\/\\\/static.purejewels.com\\\/wp-content\\\/uploads\\\/2020\\\/09\\\/image186623535.jpg\",\"datePublished\":\"2020-09-18T07:15:06+00:00\",\"dateModified\":\"2026-01-06T07:29:48+00:00\",\"description\":\"Discover the Krishna Murti Pendant in 22ct gold. Featuring a hand-painted image of Lord Krishna, this sacred gold locket honours devotion and timeless craftsmanship.\",\"breadcrumb\":{\"@id\":\"https:\\\/\\\/www.purejewels.com\\\/product\\\/lord-sri-krishna-gold-pendant-33087\\\/#breadcrumb\"},\"inLanguage\":\"tr\",\"potentialAction\":[{\"@type\":\"ReadAction\",\"target\":[\"https:\\\/\\\/www.purejewels.com\\\/product\\\/lord-sri-krishna-gold-pendant-33087\\\/\"]}]},{\"@type\":\"ImageObject\",\"inLanguage\":\"tr\",\"@id\":\"https:\\\/\\\/www.purejewels.com\\\/product\\\/lord-sri-krishna-gold-pendant-33087\\\/#primaryimage\",\"url\":\"https:\\\/\\\/static.purejewels.com\\\/wp-content\\\/uploads\\\/2020\\\/09\\\/image186623535.jpg\",\"contentUrl\":\"https:\\\/\\\/static.purejewels.com\\\/wp-content\\\/uploads\\\/2020\\\/09\\\/image186623535.jpg\",\"width\":1000,\"height\":1000,\"caption\":\"22ct Gold Pendant Sri Krishna YGPN166\"},{\"@type\":\"BreadcrumbList\",\"@id\":\"https:\\\/\\\/www.purejewels.com\\\/product\\\/lord-sri-krishna-gold-pendant-33087\\\/#breadcrumb\",\"itemListElement\":[{\"@type\":\"ListItem\",\"position\":1,\"name\":\"Home\",\"item\":\"https:\\\/\\\/www.purejewels.com\\\/\"},{\"@type\":\"ListItem\",\"position\":2,\"name\":\"Shop\",\"item\":\"https:\\\/\\\/www.purejewels.com\\\/shop\\\/\"},{\"@type\":\"ListItem\",\"position\":3,\"name\":\"Krishna Murti Pendant in 22ct Gold\"}]},{\"@type\":\"WebSite\",\"@id\":\"https:\\\/\\\/www.purejewels.com\\\/#website\",\"url\":\"https:\\\/\\\/www.purejewels.com\\\/\",\"name\":\"PureJewels UK\",\"description\":\"Share the Love\",\"publisher\":{\"@id\":\"https:\\\/\\\/www.purejewels.com\\\/#organization\"},\"potentialAction\":[{\"@type\":\"SearchAction\",\"target\":{\"@type\":\"EntryPoint\",\"urlTemplate\":\"https:\\\/\\\/www.purejewels.com\\\/?s={search_term_string}\"},\"query-input\":{\"@type\":\"PropertyValueSpecification\",\"valueRequired\":true,\"valueName\":\"search_term_string\"}}],\"inLanguage\":\"tr\"},{\"@type\":\"Organization\",\"@id\":\"https:\\\/\\\/www.purejewels.com\\\/#organization\",\"name\":\"PureJewels UK\",\"url\":\"https:\\\/\\\/www.purejewels.com\\\/\",\"logo\":{\"@type\":\"ImageObject\",\"inLanguage\":\"tr\",\"@id\":\"https:\\\/\\\/www.purejewels.com\\\/#\\\/schema\\\/logo\\\/image\\\/\",\"url\":\"https:\\\/\\\/static.purejewels.com\\\/wp-content\\\/uploads\\\/2020\\\/11\\\/Logo-PJ-New-1.png\",\"contentUrl\":\"https:\\\/\\\/static.purejewels.com\\\/wp-content\\\/uploads\\\/2020\\\/11\\\/Logo-PJ-New-1.png\",\"width\":150,\"height\":80,\"caption\":\"PureJewels UK\"},\"image\":{\"@id\":\"https:\\\/\\\/www.purejewels.com\\\/#\\\/schema\\\/logo\\\/image\\\/\"}}]}<\/script>\n<!-- \/ Yoast SEO plugin. -->","yoast_head_json":{"title":"22 ayar alt\u0131n kutsal Krishna Murti kolye ucu \u2013 PureJewels","description":"22 ayar alt\u0131n Krishna Murti Kolyeyi ke\u015ffedin. Lord Krishna'n\u0131n el boyamas\u0131 resmini ta\u015f\u0131yan bu kutsal alt\u0131n madalyon, ba\u011fl\u0131l\u0131\u011f\u0131 ve zamans\u0131z zanaatkarl\u0131\u011f\u0131 onurland\u0131r\u0131yor.","robots":{"index":"index","follow":"follow","max-snippet":"max-snippet:-1","max-image-preview":"max-image-preview:large","max-video-preview":"max-video-preview:-1"},"canonical":"https:\/\/www.purejewels.com\/tr\/urun\/lord-sri-krishna-altin-kolye-33087\/","og_locale":"tr_TR","og_type":"article","og_title":"Sacred Krishna Murti Pendant in 22ct Gold \u2013 PureJewels","og_description":"Discover the Krishna Murti Pendant in 22ct gold. Featuring a hand-painted image of Lord Krishna, this sacred gold locket honours devotion and timeless craftsmanship.","og_url":"https:\/\/www.purejewels.com\/tr\/urun\/lord-sri-krishna-altin-kolye-33087\/","og_site_name":"PureJewels UK","article_modified_time":"2026-01-06T07:29:48+00:00","og_image":[{"width":1000,"height":1000,"url":"https:\/\/static.purejewels.com\/wp-content\/uploads\/2020\/09\/image186623535.jpg","type":"image\/jpeg"}],"twitter_card":"summary_large_image","twitter_misc":{"Tahmini okuma s\u00fcresi":"1 dakika"},"schema":{"@context":"https:\/\/schema.org","@graph":[{"@type":["WebPage","ItemPage"],"@id":"https:\/\/www.purejewels.com\/product\/lord-sri-krishna-gold-pendant-33087\/","url":"https:\/\/www.purejewels.com\/product\/lord-sri-krishna-gold-pendant-33087\/","name":"22 ayar alt\u0131n kutsal Krishna Murti kolye ucu \u2013 PureJewels","isPartOf":{"@id":"https:\/\/www.purejewels.com\/#website"},"primaryImageOfPage":{"@id":"https:\/\/www.purejewels.com\/product\/lord-sri-krishna-gold-pendant-33087\/#primaryimage"},"image":{"@id":"https:\/\/www.purejewels.com\/product\/lord-sri-krishna-gold-pendant-33087\/#primaryimage"},"thumbnailUrl":"https:\/\/static.purejewels.com\/wp-content\/uploads\/2020\/09\/image186623535.jpg","datePublished":"2020-09-18T07:15:06+00:00","dateModified":"2026-01-06T07:29:48+00:00","description":"22 ayar alt\u0131n Krishna Murti Kolyeyi ke\u015ffedin. Lord Krishna'n\u0131n el boyamas\u0131 resmini ta\u015f\u0131yan bu kutsal alt\u0131n madalyon, ba\u011fl\u0131l\u0131\u011f\u0131 ve zamans\u0131z zanaatkarl\u0131\u011f\u0131 onurland\u0131r\u0131yor.","breadcrumb":{"@id":"https:\/\/www.purejewels.com\/product\/lord-sri-krishna-gold-pendant-33087\/#breadcrumb"},"inLanguage":"tr","potentialAction":[{"@type":"ReadAction","target":["https:\/\/www.purejewels.com\/product\/lord-sri-krishna-gold-pendant-33087\/"]}]},{"@type":"ImageObject","inLanguage":"tr","@id":"https:\/\/www.purejewels.com\/product\/lord-sri-krishna-gold-pendant-33087\/#primaryimage","url":"https:\/\/static.purejewels.com\/wp-content\/uploads\/2020\/09\/image186623535.jpg","contentUrl":"https:\/\/static.purejewels.com\/wp-content\/uploads\/2020\/09\/image186623535.jpg","width":1000,"height":1000,"caption":"22ct Gold Pendant Sri Krishna YGPN166"},{"@type":"BreadcrumbList","@id":"https:\/\/www.purejewels.com\/product\/lord-sri-krishna-gold-pendant-33087\/#breadcrumb","itemListElement":[{"@type":"ListItem","position":1,"name":"Home","item":"https:\/\/www.purejewels.com\/"},{"@type":"ListItem","position":2,"name":"Shop","item":"https:\/\/www.purejewels.com\/shop\/"},{"@type":"ListItem","position":3,"name":"Krishna Murti Pendant in 22ct Gold"}]},{"@type":"WebSite","@id":"https:\/\/www.purejewels.com\/#website","url":"https:\/\/www.purejewels.com\/","name":"PureJewels \u0130ngiltere","description":"Sevgiyi Payla\u015f\u0131n","publisher":{"@id":"https:\/\/www.purejewels.com\/#organization"},"potentialAction":[{"@type":"SearchAction","target":{"@type":"EntryPoint","urlTemplate":"https:\/\/www.purejewels.com\/?s={search_term_string}"},"query-input":{"@type":"PropertyValueSpecification","valueRequired":true,"valueName":"search_term_string"}}],"inLanguage":"tr"},{"@type":"Organization","@id":"https:\/\/www.purejewels.com\/#organization","name":"PureJewels \u0130ngiltere","url":"https:\/\/www.purejewels.com\/","logo":{"@type":"ImageObject","inLanguage":"tr","@id":"https:\/\/www.purejewels.com\/#\/schema\/logo\/image\/","url":"https:\/\/static.purejewels.com\/wp-content\/uploads\/2020\/11\/Logo-PJ-New-1.png","contentUrl":"https:\/\/static.purejewels.com\/wp-content\/uploads\/2020\/11\/Logo-PJ-New-1.png","width":150,"height":80,"caption":"PureJewels UK"},"image":{"@id":"https:\/\/www.purejewels.com\/#\/schema\/logo\/image\/"}}]}},"_links":{"self":[{"href":"https:\/\/www.purejewels.com\/tr\/wp-json\/wp\/v2\/product\/317357","targetHints":{"allow":["GET"]}}],"collection":[{"href":"https:\/\/www.purejewels.com\/tr\/wp-json\/wp\/v2\/product"}],"about":[{"href":"https:\/\/www.purejewels.com\/tr\/wp-json\/wp\/v2\/types\/product"}],"replies":[{"embeddable":true,"href":"https:\/\/www.purejewels.com\/tr\/wp-json\/wp\/v2\/comments?post=317357"}],"version-history":[{"count":3,"href":"https:\/\/www.purejewels.com\/tr\/wp-json\/wp\/v2\/product\/317357\/revisions"}],"predecessor-version":[{"id":423360,"href":"https:\/\/www.purejewels.com\/tr\/wp-json\/wp\/v2\/product\/317357\/revisions\/423360"}],"wp:featuredmedia":[{"embeddable":true,"href":"https:\/\/www.purejewels.com\/tr\/wp-json\/wp\/v2\/media\/317543"}],"wp:attachment":[{"href":"https:\/\/www.purejewels.com\/tr\/wp-json\/wp\/v2\/media?parent=317357"}],"wp:term":[{"taxonomy":"product_brand","embeddable":true,"href":"https:\/\/www.purejewels.com\/tr\/wp-json\/wp\/v2\/product_brand?post=317357"},{"taxonomy":"product_cat","embeddable":true,"href":"https:\/\/www.purejewels.com\/tr\/wp-json\/wp\/v2\/product_cat?post=317357"},{"taxonomy":"product_tag","embeddable":true,"href":"https:\/\/www.purejewels.com\/tr\/wp-json\/wp\/v2\/product_tag?post=317357"}],"curies":[{"name":"wp","href":"https:\/\/api.w.org\/{rel}","templated":true}]}}