{"id":317361,"date":"2020-09-18T08:24:01","date_gmt":"2020-09-18T07:24:01","guid":{"rendered":"https:\/\/www.purejewels.com\/product\/22ct-gold-chain-4-5-gm-20-inches\/"},"modified":"2026-03-09T05:08:20","modified_gmt":"2026-03-09T05:08:20","slug":"22-ayar-altin-tilki-kuyrugu-zincir-31792","status":"publish","type":"product","link":"https:\/\/www.purejewels.com\/tr\/product\/22ct-gold-foxtail-chain-31792\/","title":{"rendered":"20 \u0130n\u00e7 22 Ayar Alt\u0131n Tilki Kuyru\u011fu Zincir"},"content":{"rendered":"<p>Hassasiyetle tasarlanan bu 20 in\u00e7 22 ayar alt\u0131n tilki kuyru\u011fu zincir, zarif ve ak\u0131c\u0131 bir g\u00f6r\u00fcn\u00fcm yaratan ay\u0131rt edici bir dokuma yap\u0131ya sahiptir. Karma\u015f\u0131k tilki kuyru\u011fu ba\u011flant\u0131 deseni, \u015f\u0131k ve hafif bir his verirken g\u00fc\u00e7 sa\u011flar. G\u00fcnl\u00fck kullan\u0131m i\u00e7in m\u00fckemmel bir 22 ayar alt\u0131n kolye olan bu ince alt\u0131n zincir, minimal bir g\u00f6r\u00fcn\u00fcm i\u00e7in tek ba\u015f\u0131na tak\u0131labilir veya 22 ayar alt\u0131n\u0131n zengin s\u0131cakl\u0131\u011f\u0131n\u0131 vurgulayan katmanl\u0131 bir m\u00fccevher stili olu\u015fturmak i\u00e7in kolyelerle e\u015fle\u015ftirilebilir.<\/p>","protected":false},"excerpt":{"rendered":"<div class=\"woocommerce-product-details__short-description\">\n<ul>\n<li>22ct\u00a0<span id=\"urn:enhancement-7cffc89d\" class=\"textannotation\">Alt\u0131n<\/span>\u00a0Tilki Kuyru\u011fu\u00a0<span id=\"urn:enhancement-9ffe02db\" class=\"textannotation\">Zincir<\/span><\/li>\n<li>A\u011f\u0131rl\u0131k 4,5 gms<\/li>\n<li><span id=\"urn:enhancement-e5c4fec4\" class=\"textannotation\">Uzunluk<\/span>.  20\u2033 in\u00e7<\/li>\n<li><span id=\"urn:enhancement-c117388d\" class=\"textannotation\">SKU<\/span>.\u00a031792<\/li>\n<li>T\u00fcm\u00fc\u00a0<span id=\"urn:enhancement-2e52a4e0\" class=\"textannotation\">fiyatlar<\/span>\u00a0KDV dahil<\/li>\n<li>B\u00fct\u00fcn\u00a0<span id=\"urn:enhancement-9c75c298\" class=\"textannotation\">\u00fcr\u00fcnler<\/span>\u00a0Londra taraf\u0131ndan damgalanm\u0131\u015ft\u0131r\u00a0<span id=\"urn:enhancement-f1a65613\" class=\"textannotation\">Tahlil Ofisi<\/span><\/li>\n<li>Sunum Kutusu ile Birlikte Gelir<\/li>\n<li><span id=\"urn:enhancement-6159d3ff\" class=\"textannotation\">Teslimat<\/span>\u00a0Dahil<\/li>\n<li>Uygunluk durumu ve \u015fu anda mevcut olan benzer tasar\u0131mlar\u0131n daha fazla g\u00f6r\u00fcnt\u00fcs\u00fc i\u00e7in bizimle canl\u0131 sohbet edin\u00a0<span id=\"urn:enhancement-973de35f\" class=\"textannotation\">stok<\/span><\/li>\n<\/ul>\n<\/div>\n<p>&nbsp;<\/p>","protected":false},"featured_media":317763,"comment_status":"closed","ping_status":"closed","template":"","meta":{"_eb_attr":"","_crsspst_to_jayantr4sg-hostcom":false},"product_brand":[],"product_cat":[1475,1773,1572,1774,1574],"product_tag":[],"class_list":{"0":"post-317361","1":"product","2":"type-product","3":"status-publish","4":"has-post-thumbnail","6":"product_cat-gold-chains","7":"product_cat-ladies-chains","8":"product_cat-mens-jewellery","9":"product_cat-mens-chains","10":"product_cat-womens-jewellery","12":"first","13":"outofstock","14":"taxable","15":"shipping-taxable","16":"product-type-simple","17":"add-to-wishlist-before_image"},"yoast_head":"<!-- This site is optimized with the Yoast SEO plugin v27.3 - https:\/\/yoast.com\/product\/yoast-seo-wordpress\/ -->\n<title>20 Inch 22ct Gold Foxtail Necklace Chain | Sleek Gold Chain<\/title>\n<meta name=\"description\" content=\"Elegant 22ct gold foxtail chain in a 20 inch length featuring finely woven links and a smooth finish. A versatile gold necklace perfect for layering or everyday wear.\" \/>\n<meta name=\"robots\" content=\"index, follow, max-snippet:-1, max-image-preview:large, max-video-preview:-1\" \/>\n<link rel=\"canonical\" href=\"https:\/\/www.purejewels.com\/tr\/urun\/22-ayar-altin-tilki-kuyrugu-zincir-31792\/\" \/>\n<meta property=\"og:locale\" content=\"tr_TR\" \/>\n<meta property=\"og:type\" content=\"article\" \/>\n<meta property=\"og:title\" content=\"20 Inch 22ct Gold Foxtail Necklace Chain | Sleek Gold Chain\" \/>\n<meta property=\"og:description\" content=\"Elegant 22ct gold foxtail chain in a 20 inch length featuring finely woven links and a smooth finish. A versatile gold necklace perfect for layering or everyday wear.\" \/>\n<meta property=\"og:url\" content=\"https:\/\/www.purejewels.com\/tr\/urun\/22-ayar-altin-tilki-kuyrugu-zincir-31792\/\" \/>\n<meta property=\"og:site_name\" content=\"PureJewels UK\" \/>\n<meta property=\"article:modified_time\" content=\"2026-03-09T05:08:20+00:00\" \/>\n<meta property=\"og:image\" content=\"https:\/\/static.purejewels.com\/wp-content\/uploads\/2020\/09\/image186879509.jpg\" \/>\n\t<meta property=\"og:image:width\" content=\"1000\" \/>\n\t<meta property=\"og:image:height\" content=\"1000\" \/>\n\t<meta property=\"og:image:type\" content=\"image\/jpeg\" \/>\n<meta name=\"twitter:card\" content=\"summary_large_image\" \/>\n<meta name=\"twitter:label1\" content=\"Tahmini okuma s\u00fcresi\" \/>\n\t<meta name=\"twitter:data1\" content=\"1 dakika\" \/>\n<script type=\"application\/ld+json\" class=\"yoast-schema-graph\">{\"@context\":\"https:\\\/\\\/schema.org\",\"@graph\":[{\"@type\":[\"WebPage\",\"ItemPage\"],\"@id\":\"https:\\\/\\\/www.purejewels.com\\\/product\\\/22ct-gold-foxtail-chain-31792\\\/\",\"url\":\"https:\\\/\\\/www.purejewels.com\\\/product\\\/22ct-gold-foxtail-chain-31792\\\/\",\"name\":\"20 Inch 22ct Gold Foxtail Necklace Chain | Sleek Gold Chain\",\"isPartOf\":{\"@id\":\"https:\\\/\\\/www.purejewels.com\\\/#website\"},\"primaryImageOfPage\":{\"@id\":\"https:\\\/\\\/www.purejewels.com\\\/product\\\/22ct-gold-foxtail-chain-31792\\\/#primaryimage\"},\"image\":{\"@id\":\"https:\\\/\\\/www.purejewels.com\\\/product\\\/22ct-gold-foxtail-chain-31792\\\/#primaryimage\"},\"thumbnailUrl\":\"https:\\\/\\\/static.purejewels.com\\\/wp-content\\\/uploads\\\/2020\\\/09\\\/image186879509.jpg\",\"datePublished\":\"2020-09-18T07:24:01+00:00\",\"dateModified\":\"2026-03-09T05:08:20+00:00\",\"description\":\"Elegant 22ct gold foxtail chain in a 20 inch length featuring finely woven links and a smooth finish. A versatile gold necklace perfect for layering or everyday wear.\",\"breadcrumb\":{\"@id\":\"https:\\\/\\\/www.purejewels.com\\\/product\\\/22ct-gold-foxtail-chain-31792\\\/#breadcrumb\"},\"inLanguage\":\"tr\",\"potentialAction\":[{\"@type\":\"ReadAction\",\"target\":[\"https:\\\/\\\/www.purejewels.com\\\/product\\\/22ct-gold-foxtail-chain-31792\\\/\"]}]},{\"@type\":\"ImageObject\",\"inLanguage\":\"tr\",\"@id\":\"https:\\\/\\\/www.purejewels.com\\\/product\\\/22ct-gold-foxtail-chain-31792\\\/#primaryimage\",\"url\":\"https:\\\/\\\/static.purejewels.com\\\/wp-content\\\/uploads\\\/2020\\\/09\\\/image186879509.jpg\",\"contentUrl\":\"https:\\\/\\\/static.purejewels.com\\\/wp-content\\\/uploads\\\/2020\\\/09\\\/image186879509.jpg\",\"width\":1000,\"height\":1000,\"caption\":\"22ct Gold Chain 20 Inches Foxtail CHFX205\"},{\"@type\":\"BreadcrumbList\",\"@id\":\"https:\\\/\\\/www.purejewels.com\\\/product\\\/22ct-gold-foxtail-chain-31792\\\/#breadcrumb\",\"itemListElement\":[{\"@type\":\"ListItem\",\"position\":1,\"name\":\"Home\",\"item\":\"https:\\\/\\\/www.purejewels.com\\\/\"},{\"@type\":\"ListItem\",\"position\":2,\"name\":\"Shop\",\"item\":\"https:\\\/\\\/www.purejewels.com\\\/shop\\\/\"},{\"@type\":\"ListItem\",\"position\":3,\"name\":\"22ct Gold Foxtail Chain in 20 Inches\"}]},{\"@type\":\"WebSite\",\"@id\":\"https:\\\/\\\/www.purejewels.com\\\/#website\",\"url\":\"https:\\\/\\\/www.purejewels.com\\\/\",\"name\":\"PureJewels UK\",\"description\":\"Share the Love\",\"publisher\":{\"@id\":\"https:\\\/\\\/www.purejewels.com\\\/#organization\"},\"potentialAction\":[{\"@type\":\"SearchAction\",\"target\":{\"@type\":\"EntryPoint\",\"urlTemplate\":\"https:\\\/\\\/www.purejewels.com\\\/?s={search_term_string}\"},\"query-input\":{\"@type\":\"PropertyValueSpecification\",\"valueRequired\":true,\"valueName\":\"search_term_string\"}}],\"inLanguage\":\"tr\"},{\"@type\":\"Organization\",\"@id\":\"https:\\\/\\\/www.purejewels.com\\\/#organization\",\"name\":\"PureJewels UK\",\"url\":\"https:\\\/\\\/www.purejewels.com\\\/\",\"logo\":{\"@type\":\"ImageObject\",\"inLanguage\":\"tr\",\"@id\":\"https:\\\/\\\/www.purejewels.com\\\/#\\\/schema\\\/logo\\\/image\\\/\",\"url\":\"https:\\\/\\\/static.purejewels.com\\\/wp-content\\\/uploads\\\/2020\\\/11\\\/Logo-PJ-New-1.png\",\"contentUrl\":\"https:\\\/\\\/static.purejewels.com\\\/wp-content\\\/uploads\\\/2020\\\/11\\\/Logo-PJ-New-1.png\",\"width\":150,\"height\":80,\"caption\":\"PureJewels UK\"},\"image\":{\"@id\":\"https:\\\/\\\/www.purejewels.com\\\/#\\\/schema\\\/logo\\\/image\\\/\"}}]}<\/script>\n<!-- \/ Yoast SEO plugin. -->","yoast_head_json":{"title":"20 \u0130n\u00e7 22 Ayar Alt\u0131n Tilki Kuyru\u011fu Kolye Zinciri | \u015e\u0131k Alt\u0131n Zincir","description":"20 in\u00e7 uzunlu\u011funda, zarif 22 ayar alt\u0131n tilki kuyru\u011fu zincir, ince dokunmu\u015f baklalara ve p\u00fcr\u00fczs\u00fcz bir y\u00fczeye sahiptir. Katmanlama veya g\u00fcnl\u00fck kullan\u0131m i\u00e7in m\u00fckemmel, \u00e7ok y\u00f6nl\u00fc bir alt\u0131n kolye.","robots":{"index":"index","follow":"follow","max-snippet":"max-snippet:-1","max-image-preview":"max-image-preview:large","max-video-preview":"max-video-preview:-1"},"canonical":"https:\/\/www.purejewels.com\/tr\/urun\/22-ayar-altin-tilki-kuyrugu-zincir-31792\/","og_locale":"tr_TR","og_type":"article","og_title":"20 Inch 22ct Gold Foxtail Necklace Chain | Sleek Gold Chain","og_description":"Elegant 22ct gold foxtail chain in a 20 inch length featuring finely woven links and a smooth finish. A versatile gold necklace perfect for layering or everyday wear.","og_url":"https:\/\/www.purejewels.com\/tr\/urun\/22-ayar-altin-tilki-kuyrugu-zincir-31792\/","og_site_name":"PureJewels UK","article_modified_time":"2026-03-09T05:08:20+00:00","og_image":[{"width":1000,"height":1000,"url":"https:\/\/static.purejewels.com\/wp-content\/uploads\/2020\/09\/image186879509.jpg","type":"image\/jpeg"}],"twitter_card":"summary_large_image","twitter_misc":{"Tahmini okuma s\u00fcresi":"1 dakika"},"schema":{"@context":"https:\/\/schema.org","@graph":[{"@type":["WebPage","ItemPage"],"@id":"https:\/\/www.purejewels.com\/product\/22ct-gold-foxtail-chain-31792\/","url":"https:\/\/www.purejewels.com\/product\/22ct-gold-foxtail-chain-31792\/","name":"20 \u0130n\u00e7 22 Ayar Alt\u0131n Tilki Kuyru\u011fu Kolye Zinciri | \u015e\u0131k Alt\u0131n Zincir","isPartOf":{"@id":"https:\/\/www.purejewels.com\/#website"},"primaryImageOfPage":{"@id":"https:\/\/www.purejewels.com\/product\/22ct-gold-foxtail-chain-31792\/#primaryimage"},"image":{"@id":"https:\/\/www.purejewels.com\/product\/22ct-gold-foxtail-chain-31792\/#primaryimage"},"thumbnailUrl":"https:\/\/static.purejewels.com\/wp-content\/uploads\/2020\/09\/image186879509.jpg","datePublished":"2020-09-18T07:24:01+00:00","dateModified":"2026-03-09T05:08:20+00:00","description":"20 in\u00e7 uzunlu\u011funda, zarif 22 ayar alt\u0131n tilki kuyru\u011fu zincir, ince dokunmu\u015f baklalara ve p\u00fcr\u00fczs\u00fcz bir y\u00fczeye sahiptir. Katmanlama veya g\u00fcnl\u00fck kullan\u0131m i\u00e7in m\u00fckemmel, \u00e7ok y\u00f6nl\u00fc bir alt\u0131n kolye.","breadcrumb":{"@id":"https:\/\/www.purejewels.com\/product\/22ct-gold-foxtail-chain-31792\/#breadcrumb"},"inLanguage":"tr","potentialAction":[{"@type":"ReadAction","target":["https:\/\/www.purejewels.com\/product\/22ct-gold-foxtail-chain-31792\/"]}]},{"@type":"ImageObject","inLanguage":"tr","@id":"https:\/\/www.purejewels.com\/product\/22ct-gold-foxtail-chain-31792\/#primaryimage","url":"https:\/\/static.purejewels.com\/wp-content\/uploads\/2020\/09\/image186879509.jpg","contentUrl":"https:\/\/static.purejewels.com\/wp-content\/uploads\/2020\/09\/image186879509.jpg","width":1000,"height":1000,"caption":"22ct Gold Chain 20 Inches Foxtail CHFX205"},{"@type":"BreadcrumbList","@id":"https:\/\/www.purejewels.com\/product\/22ct-gold-foxtail-chain-31792\/#breadcrumb","itemListElement":[{"@type":"ListItem","position":1,"name":"Home","item":"https:\/\/www.purejewels.com\/"},{"@type":"ListItem","position":2,"name":"Shop","item":"https:\/\/www.purejewels.com\/shop\/"},{"@type":"ListItem","position":3,"name":"22ct Gold Foxtail Chain in 20 Inches"}]},{"@type":"WebSite","@id":"https:\/\/www.purejewels.com\/#website","url":"https:\/\/www.purejewels.com\/","name":"PureJewels \u0130ngiltere","description":"Sevgiyi Payla\u015f\u0131n","publisher":{"@id":"https:\/\/www.purejewels.com\/#organization"},"potentialAction":[{"@type":"SearchAction","target":{"@type":"EntryPoint","urlTemplate":"https:\/\/www.purejewels.com\/?s={search_term_string}"},"query-input":{"@type":"PropertyValueSpecification","valueRequired":true,"valueName":"search_term_string"}}],"inLanguage":"tr"},{"@type":"Organization","@id":"https:\/\/www.purejewels.com\/#organization","name":"PureJewels \u0130ngiltere","url":"https:\/\/www.purejewels.com\/","logo":{"@type":"ImageObject","inLanguage":"tr","@id":"https:\/\/www.purejewels.com\/#\/schema\/logo\/image\/","url":"https:\/\/static.purejewels.com\/wp-content\/uploads\/2020\/11\/Logo-PJ-New-1.png","contentUrl":"https:\/\/static.purejewels.com\/wp-content\/uploads\/2020\/11\/Logo-PJ-New-1.png","width":150,"height":80,"caption":"PureJewels UK"},"image":{"@id":"https:\/\/www.purejewels.com\/#\/schema\/logo\/image\/"}}]}},"_links":{"self":[{"href":"https:\/\/www.purejewels.com\/tr\/wp-json\/wp\/v2\/product\/317361","targetHints":{"allow":["GET"]}}],"collection":[{"href":"https:\/\/www.purejewels.com\/tr\/wp-json\/wp\/v2\/product"}],"about":[{"href":"https:\/\/www.purejewels.com\/tr\/wp-json\/wp\/v2\/types\/product"}],"replies":[{"embeddable":true,"href":"https:\/\/www.purejewels.com\/tr\/wp-json\/wp\/v2\/comments?post=317361"}],"version-history":[{"count":2,"href":"https:\/\/www.purejewels.com\/tr\/wp-json\/wp\/v2\/product\/317361\/revisions"}],"predecessor-version":[{"id":426791,"href":"https:\/\/www.purejewels.com\/tr\/wp-json\/wp\/v2\/product\/317361\/revisions\/426791"}],"wp:featuredmedia":[{"embeddable":true,"href":"https:\/\/www.purejewels.com\/tr\/wp-json\/wp\/v2\/media\/317763"}],"wp:attachment":[{"href":"https:\/\/www.purejewels.com\/tr\/wp-json\/wp\/v2\/media?parent=317361"}],"wp:term":[{"taxonomy":"product_brand","embeddable":true,"href":"https:\/\/www.purejewels.com\/tr\/wp-json\/wp\/v2\/product_brand?post=317361"},{"taxonomy":"product_cat","embeddable":true,"href":"https:\/\/www.purejewels.com\/tr\/wp-json\/wp\/v2\/product_cat?post=317361"},{"taxonomy":"product_tag","embeddable":true,"href":"https:\/\/www.purejewels.com\/tr\/wp-json\/wp\/v2\/product_tag?post=317361"}],"curies":[{"name":"wp","href":"https:\/\/api.w.org\/{rel}","templated":true}]}}