{"id":317380,"date":"2020-09-18T12:23:16","date_gmt":"2020-09-18T11:23:16","guid":{"rendered":"https:\/\/www.purejewels.com\/product\/22ct-gold-baby-bracelet-2-6gm\/"},"modified":"2026-01-06T09:51:24","modified_gmt":"2026-01-06T09:51:24","slug":"22-ayar-altin-cocuk-bilezigi-32985","status":"publish","type":"product","link":"https:\/\/www.purejewels.com\/tr\/product\/22ct-gold-kids-bracelet-32985\/","title":{"rendered":"22 ayar alt\u0131n \u00e7ocuk bilezi\u011fi \u2013 Geleneksel boncuk tasar\u0131m\u0131"},"content":{"rendered":"<p><strong>Tasar\u0131m:<\/strong><br \/>\nBu 22 ayar sar\u0131 alt\u0131n bileklik, zamans\u0131z bir tasar\u0131mda birbirine g\u00fczelce dizilmi\u015f, geleneksel oluklu boncuklardan olu\u015fan zarif bir seriye sahiptir.<\/p>\n<p><strong>\u0130\u015f\u00e7ilik:<\/strong><br \/>\n\u00d6zenle ve hassasiyetle \u00fcretilen bu bileklik, y\u00fcksek dayan\u0131kl\u0131l\u0131\u011f\u0131n\u0131 korurken \u00e7ocuklar\u0131n hassas ciltleri i\u00e7in ideal olan yumu\u015fak bir y\u00fczey sunar.<\/p>\n<p><strong>G\u00fcvenli Uyum:<\/strong><br \/>\n\u00c7ocuklar i\u00e7in tasarlanan bileklik, oyun veya etkinlikler s\u0131ras\u0131nda endi\u015fesiz kullan\u0131m i\u00e7in g\u00fcvenli bir toka ile birlikte gelir.<\/p>\n<p><strong>M\u00fckemmel bir hediye:<\/strong><br \/>\nDo\u011fum g\u00fcnleri, isim koyma t\u00f6renleri ve bayram kutlamalar\u0131 i\u00e7in ideal olan bu bileklik, zamanla duygusal de\u011feri artan anlaml\u0131 bir hat\u0131ra e\u015fyas\u0131d\u0131r.<\/p>","protected":false},"excerpt":{"rendered":"<p>Klasik 22 ayar alt\u0131n \u00e7ocuk bilezi\u011fi, \u00f6zenle i\u015flenmi\u015f boncuklu tasar\u0131m \u2014 gelenek ve cazibeyi harmanlayan, k\u00fc\u00e7\u00fckler i\u00e7in d\u00fc\u015f\u00fcnceli bir hediye.<\/p>\n<ul>\n<li>22ct\u00a0<span id=\"urn:enhancement-301745b4\" class=\"textannotation disambiguated wl-thing\">Alt\u0131n<\/span>\u00a0bebek\u00a0<span id=\"urn:enhancement-2ca179c3\" class=\"textannotation disambiguated wl-thing\">Bilezik<\/span><\/li>\n<li>\u00c7ocuklar, \u00c7ocuklar, \u00c7ocuk, Bebek, Yeni Do\u011fan i\u00e7in uygundur.<\/li>\n<li>SKU. 32985<\/li>\n<li>Uzunluk 4,75 \u0130n\u00e7<\/li>\n<li>A\u011f\u0131rl\u0131k :2.6 grms<\/li>\n<li>T\u00fcm fiyatlara KDV dahildir<\/li>\n<li>22ct\u00a0<span id=\"urn:enhancement-c044716f\" class=\"textannotation disambiguated wl-thing\">Alt\u0131n<\/span>\u00a0Londra taraf\u0131ndan damgalanm\u0131\u015ft\u0131r\u00a0<span id=\"urn:enhancement-7fe43a41\" class=\"textannotation\">Tahlil Ofisi<\/span><\/li>\n<li>Sunum ile Birlikte Gelir\u00a0<span id=\"urn:enhancement-98f5bc61\" class=\"textannotation\">Kutu<\/span><\/li>\n<li><span id=\"urn:enhancement-615abd33\" class=\"textannotation\">Teslimat<\/span>\u00a0Dahil<\/li>\n<li>Uygunluk durumu ve \u015fu anda mevcut olan benzer tasar\u0131mlar\u0131n daha fazla g\u00f6r\u00fcnt\u00fcs\u00fc i\u00e7in bizimle canl\u0131 sohbet edin\u00a0<span id=\"urn:enhancement-973ecc93\" class=\"textannotation\">stok<\/span><\/li>\n<\/ul>","protected":false},"featured_media":317396,"comment_status":"closed","ping_status":"closed","template":"","meta":{"_eb_attr":"","_crsspst_to_jayantr4sg-hostcom":false},"product_brand":[],"product_cat":[1576,1324,1436],"product_tag":[],"class_list":{"0":"post-317380","1":"product","2":"type-product","3":"status-publish","4":"has-post-thumbnail","6":"product_cat-childrens-jewellery","7":"product_cat-gold-bracelet","8":"product_cat-kids-bracelet-kada","10":"first","11":"outofstock","12":"taxable","13":"shipping-taxable","14":"product-type-simple","15":"add-to-wishlist-before_image"},"yoast_head":"<!-- This site is optimized with the Yoast SEO plugin v27.3 - https:\/\/yoast.com\/product\/yoast-seo-wordpress\/ -->\n<title>22ct Gold Kids Bracelet with Beaded Detailing | PureJewels UK<\/title>\n<meta name=\"description\" content=\"Adorn your child with this charming 22ct gold kids bracelet featuring intricate beaded detailing. A timeless gift of love, available at PureJewels UK.\" \/>\n<meta name=\"robots\" content=\"index, follow, max-snippet:-1, max-image-preview:large, max-video-preview:-1\" \/>\n<link rel=\"canonical\" href=\"https:\/\/www.purejewels.com\/tr\/urun\/22-ayar-altin-cocuk-bilezigi-32985\/\" \/>\n<meta property=\"og:locale\" content=\"tr_TR\" \/>\n<meta property=\"og:type\" content=\"article\" \/>\n<meta property=\"og:title\" content=\"22ct Gold Kids Bracelet with Beaded Detailing | PureJewels UK\" \/>\n<meta property=\"og:description\" content=\"Adorn your child with this charming 22ct gold kids bracelet featuring intricate beaded detailing. A timeless gift of love, available at PureJewels UK.\" \/>\n<meta property=\"og:url\" content=\"https:\/\/www.purejewels.com\/tr\/urun\/22-ayar-altin-cocuk-bilezigi-32985\/\" \/>\n<meta property=\"og:site_name\" content=\"PureJewels UK\" \/>\n<meta property=\"article:modified_time\" content=\"2026-01-06T09:51:24+00:00\" \/>\n<meta property=\"og:image\" content=\"https:\/\/static.purejewels.com\/wp-content\/uploads\/2020\/09\/32982.png\" \/>\n\t<meta property=\"og:image:width\" content=\"700\" \/>\n\t<meta property=\"og:image:height\" content=\"700\" \/>\n\t<meta property=\"og:image:type\" content=\"image\/png\" \/>\n<meta name=\"twitter:card\" content=\"summary_large_image\" \/>\n<meta name=\"twitter:label1\" content=\"Tahmini okuma s\u00fcresi\" \/>\n\t<meta name=\"twitter:data1\" content=\"1 dakika\" \/>\n<script type=\"application\/ld+json\" class=\"yoast-schema-graph\">{\"@context\":\"https:\\\/\\\/schema.org\",\"@graph\":[{\"@type\":[\"WebPage\",\"ItemPage\"],\"@id\":\"https:\\\/\\\/www.purejewels.com\\\/product\\\/22ct-gold-kids-bracelet-32985\\\/\",\"url\":\"https:\\\/\\\/www.purejewels.com\\\/product\\\/22ct-gold-kids-bracelet-32985\\\/\",\"name\":\"22ct Gold Kids Bracelet with Beaded Detailing | PureJewels UK\",\"isPartOf\":{\"@id\":\"https:\\\/\\\/www.purejewels.com\\\/#website\"},\"primaryImageOfPage\":{\"@id\":\"https:\\\/\\\/www.purejewels.com\\\/product\\\/22ct-gold-kids-bracelet-32985\\\/#primaryimage\"},\"image\":{\"@id\":\"https:\\\/\\\/www.purejewels.com\\\/product\\\/22ct-gold-kids-bracelet-32985\\\/#primaryimage\"},\"thumbnailUrl\":\"https:\\\/\\\/static.purejewels.com\\\/wp-content\\\/uploads\\\/2020\\\/09\\\/32982.png\",\"datePublished\":\"2020-09-18T11:23:16+00:00\",\"dateModified\":\"2026-01-06T09:51:24+00:00\",\"description\":\"Adorn your child with this charming 22ct gold kids bracelet featuring intricate beaded detailing. A timeless gift of love, available at PureJewels UK.\",\"breadcrumb\":{\"@id\":\"https:\\\/\\\/www.purejewels.com\\\/product\\\/22ct-gold-kids-bracelet-32985\\\/#breadcrumb\"},\"inLanguage\":\"tr\",\"potentialAction\":[{\"@type\":\"ReadAction\",\"target\":[\"https:\\\/\\\/www.purejewels.com\\\/product\\\/22ct-gold-kids-bracelet-32985\\\/\"]}]},{\"@type\":\"ImageObject\",\"inLanguage\":\"tr\",\"@id\":\"https:\\\/\\\/www.purejewels.com\\\/product\\\/22ct-gold-kids-bracelet-32985\\\/#primaryimage\",\"url\":\"https:\\\/\\\/static.purejewels.com\\\/wp-content\\\/uploads\\\/2020\\\/09\\\/32982.png\",\"contentUrl\":\"https:\\\/\\\/static.purejewels.com\\\/wp-content\\\/uploads\\\/2020\\\/09\\\/32982.png\",\"width\":700,\"height\":700},{\"@type\":\"BreadcrumbList\",\"@id\":\"https:\\\/\\\/www.purejewels.com\\\/product\\\/22ct-gold-kids-bracelet-32985\\\/#breadcrumb\",\"itemListElement\":[{\"@type\":\"ListItem\",\"position\":1,\"name\":\"Home\",\"item\":\"https:\\\/\\\/www.purejewels.com\\\/\"},{\"@type\":\"ListItem\",\"position\":2,\"name\":\"Shop\",\"item\":\"https:\\\/\\\/www.purejewels.com\\\/shop\\\/\"},{\"@type\":\"ListItem\",\"position\":3,\"name\":\"22ct Gold Kids Bracelet \u2013 Traditional Bead Design\"}]},{\"@type\":\"WebSite\",\"@id\":\"https:\\\/\\\/www.purejewels.com\\\/#website\",\"url\":\"https:\\\/\\\/www.purejewels.com\\\/\",\"name\":\"PureJewels UK\",\"description\":\"Share the Love\",\"publisher\":{\"@id\":\"https:\\\/\\\/www.purejewels.com\\\/#organization\"},\"potentialAction\":[{\"@type\":\"SearchAction\",\"target\":{\"@type\":\"EntryPoint\",\"urlTemplate\":\"https:\\\/\\\/www.purejewels.com\\\/?s={search_term_string}\"},\"query-input\":{\"@type\":\"PropertyValueSpecification\",\"valueRequired\":true,\"valueName\":\"search_term_string\"}}],\"inLanguage\":\"tr\"},{\"@type\":\"Organization\",\"@id\":\"https:\\\/\\\/www.purejewels.com\\\/#organization\",\"name\":\"PureJewels UK\",\"url\":\"https:\\\/\\\/www.purejewels.com\\\/\",\"logo\":{\"@type\":\"ImageObject\",\"inLanguage\":\"tr\",\"@id\":\"https:\\\/\\\/www.purejewels.com\\\/#\\\/schema\\\/logo\\\/image\\\/\",\"url\":\"https:\\\/\\\/static.purejewels.com\\\/wp-content\\\/uploads\\\/2020\\\/11\\\/Logo-PJ-New-1.png\",\"contentUrl\":\"https:\\\/\\\/static.purejewels.com\\\/wp-content\\\/uploads\\\/2020\\\/11\\\/Logo-PJ-New-1.png\",\"width\":150,\"height\":80,\"caption\":\"PureJewels UK\"},\"image\":{\"@id\":\"https:\\\/\\\/www.purejewels.com\\\/#\\\/schema\\\/logo\\\/image\\\/\"}}]}<\/script>\n<!-- \/ Yoast SEO plugin. -->","yoast_head_json":{"title":"22 ayar alt\u0131n, boncuk detayl\u0131 \u00e7ocuk bilezi\u011fi | PureJewels UK","description":"\u00c7ocu\u011funuzu, karma\u015f\u0131k boncuk detaylara sahip bu b\u00fcy\u00fcleyici 22 ayar alt\u0131n \u00e7ocuk bilezi\u011fi ile s\u00fcsleyin. PureJewels UK'de bulunan, zamans\u0131z bir sevgi hediyesi.","robots":{"index":"index","follow":"follow","max-snippet":"max-snippet:-1","max-image-preview":"max-image-preview:large","max-video-preview":"max-video-preview:-1"},"canonical":"https:\/\/www.purejewels.com\/tr\/urun\/22-ayar-altin-cocuk-bilezigi-32985\/","og_locale":"tr_TR","og_type":"article","og_title":"22ct Gold Kids Bracelet with Beaded Detailing | PureJewels UK","og_description":"Adorn your child with this charming 22ct gold kids bracelet featuring intricate beaded detailing. A timeless gift of love, available at PureJewels UK.","og_url":"https:\/\/www.purejewels.com\/tr\/urun\/22-ayar-altin-cocuk-bilezigi-32985\/","og_site_name":"PureJewels UK","article_modified_time":"2026-01-06T09:51:24+00:00","og_image":[{"width":700,"height":700,"url":"https:\/\/static.purejewels.com\/wp-content\/uploads\/2020\/09\/32982.png","type":"image\/png"}],"twitter_card":"summary_large_image","twitter_misc":{"Tahmini okuma s\u00fcresi":"1 dakika"},"schema":{"@context":"https:\/\/schema.org","@graph":[{"@type":["WebPage","ItemPage"],"@id":"https:\/\/www.purejewels.com\/product\/22ct-gold-kids-bracelet-32985\/","url":"https:\/\/www.purejewels.com\/product\/22ct-gold-kids-bracelet-32985\/","name":"22 ayar alt\u0131n, boncuk detayl\u0131 \u00e7ocuk bilezi\u011fi | PureJewels UK","isPartOf":{"@id":"https:\/\/www.purejewels.com\/#website"},"primaryImageOfPage":{"@id":"https:\/\/www.purejewels.com\/product\/22ct-gold-kids-bracelet-32985\/#primaryimage"},"image":{"@id":"https:\/\/www.purejewels.com\/product\/22ct-gold-kids-bracelet-32985\/#primaryimage"},"thumbnailUrl":"https:\/\/static.purejewels.com\/wp-content\/uploads\/2020\/09\/32982.png","datePublished":"2020-09-18T11:23:16+00:00","dateModified":"2026-01-06T09:51:24+00:00","description":"\u00c7ocu\u011funuzu, karma\u015f\u0131k boncuk detaylara sahip bu b\u00fcy\u00fcleyici 22 ayar alt\u0131n \u00e7ocuk bilezi\u011fi ile s\u00fcsleyin. PureJewels UK'de bulunan, zamans\u0131z bir sevgi hediyesi.","breadcrumb":{"@id":"https:\/\/www.purejewels.com\/product\/22ct-gold-kids-bracelet-32985\/#breadcrumb"},"inLanguage":"tr","potentialAction":[{"@type":"ReadAction","target":["https:\/\/www.purejewels.com\/product\/22ct-gold-kids-bracelet-32985\/"]}]},{"@type":"ImageObject","inLanguage":"tr","@id":"https:\/\/www.purejewels.com\/product\/22ct-gold-kids-bracelet-32985\/#primaryimage","url":"https:\/\/static.purejewels.com\/wp-content\/uploads\/2020\/09\/32982.png","contentUrl":"https:\/\/static.purejewels.com\/wp-content\/uploads\/2020\/09\/32982.png","width":700,"height":700},{"@type":"BreadcrumbList","@id":"https:\/\/www.purejewels.com\/product\/22ct-gold-kids-bracelet-32985\/#breadcrumb","itemListElement":[{"@type":"ListItem","position":1,"name":"Home","item":"https:\/\/www.purejewels.com\/"},{"@type":"ListItem","position":2,"name":"Shop","item":"https:\/\/www.purejewels.com\/shop\/"},{"@type":"ListItem","position":3,"name":"22ct Gold Kids Bracelet \u2013 Traditional Bead Design"}]},{"@type":"WebSite","@id":"https:\/\/www.purejewels.com\/#website","url":"https:\/\/www.purejewels.com\/","name":"PureJewels \u0130ngiltere","description":"Sevgiyi Payla\u015f\u0131n","publisher":{"@id":"https:\/\/www.purejewels.com\/#organization"},"potentialAction":[{"@type":"SearchAction","target":{"@type":"EntryPoint","urlTemplate":"https:\/\/www.purejewels.com\/?s={search_term_string}"},"query-input":{"@type":"PropertyValueSpecification","valueRequired":true,"valueName":"search_term_string"}}],"inLanguage":"tr"},{"@type":"Organization","@id":"https:\/\/www.purejewels.com\/#organization","name":"PureJewels \u0130ngiltere","url":"https:\/\/www.purejewels.com\/","logo":{"@type":"ImageObject","inLanguage":"tr","@id":"https:\/\/www.purejewels.com\/#\/schema\/logo\/image\/","url":"https:\/\/static.purejewels.com\/wp-content\/uploads\/2020\/11\/Logo-PJ-New-1.png","contentUrl":"https:\/\/static.purejewels.com\/wp-content\/uploads\/2020\/11\/Logo-PJ-New-1.png","width":150,"height":80,"caption":"PureJewels UK"},"image":{"@id":"https:\/\/www.purejewels.com\/#\/schema\/logo\/image\/"}}]}},"_links":{"self":[{"href":"https:\/\/www.purejewels.com\/tr\/wp-json\/wp\/v2\/product\/317380","targetHints":{"allow":["GET"]}}],"collection":[{"href":"https:\/\/www.purejewels.com\/tr\/wp-json\/wp\/v2\/product"}],"about":[{"href":"https:\/\/www.purejewels.com\/tr\/wp-json\/wp\/v2\/types\/product"}],"replies":[{"embeddable":true,"href":"https:\/\/www.purejewels.com\/tr\/wp-json\/wp\/v2\/comments?post=317380"}],"version-history":[{"count":2,"href":"https:\/\/www.purejewels.com\/tr\/wp-json\/wp\/v2\/product\/317380\/revisions"}],"predecessor-version":[{"id":423948,"href":"https:\/\/www.purejewels.com\/tr\/wp-json\/wp\/v2\/product\/317380\/revisions\/423948"}],"wp:featuredmedia":[{"embeddable":true,"href":"https:\/\/www.purejewels.com\/tr\/wp-json\/wp\/v2\/media\/317396"}],"wp:attachment":[{"href":"https:\/\/www.purejewels.com\/tr\/wp-json\/wp\/v2\/media?parent=317380"}],"wp:term":[{"taxonomy":"product_brand","embeddable":true,"href":"https:\/\/www.purejewels.com\/tr\/wp-json\/wp\/v2\/product_brand?post=317380"},{"taxonomy":"product_cat","embeddable":true,"href":"https:\/\/www.purejewels.com\/tr\/wp-json\/wp\/v2\/product_cat?post=317380"},{"taxonomy":"product_tag","embeddable":true,"href":"https:\/\/www.purejewels.com\/tr\/wp-json\/wp\/v2\/product_tag?post=317380"}],"curies":[{"name":"wp","href":"https:\/\/api.w.org\/{rel}","templated":true}]}}