{"id":317660,"date":"2020-09-29T07:31:55","date_gmt":"2020-09-29T06:31:55","guid":{"rendered":"https:\/\/www.purejewels.com\/product\/22ct-gold-ladies-bracelet-3-7-gm\/"},"modified":"2026-01-06T09:44:11","modified_gmt":"2026-01-06T09:44:11","slug":"22-ayar-altin-bayan-bileklik-32926","status":"publish","type":"product","link":"https:\/\/www.purejewels.com\/tr\/product\/22-carat-gold-ladies-bracelet-32926\/","title":{"rendered":"22 ayar alt\u0131n bayan bilezik \u2013 Yaprak motifli charm tasar\u0131m\u0131"},"content":{"rendered":"<p>Ho\u015f bir zarafet ve \u00e7ekicilikle dolu bu 22 ayar alt\u0131n bayan bilezi\u011fi, do\u011fan\u0131n zarafetini giyilebilir, alt\u0131n bir formda yakalar.<\/p>\n<p>Saf 22 ayar sar\u0131 alt\u0131ndan el i\u015f\u00e7ili\u011fi ile \u00fcretilen bilezik, ince zincir tasar\u0131m\u0131yla dikkat \u00e7eker. Zincir \u00fczerinde, doku ve hareketlilik kazand\u0131rmak i\u00e7in \u00f6zenle oyulmu\u015f k\u00fc\u00e7\u00fck yaprak \u015fekilli s\u00fcslemeler bulunur. 7,25 in\u00e7 uzunlu\u011fundaki bilezik, \u00e7o\u011fu bile\u011fe klasik ve rahat bir uyum sa\u011flar ve bile\u011fi zarif bir \u015fekilde sarar.<\/p>\n<p>Cilal\u0131 y\u00fczey, bilezi\u011fin parlakl\u0131\u011f\u0131n\u0131 art\u0131r\u0131rken, zarif sarkan motifler yumu\u015fak ve ritmik bir hareket kat\u0131yor \u2014 ince ama anlaml\u0131 tasar\u0131mlar\u0131 sevenler i\u00e7in m\u00fckemmel bir se\u00e7im. Minimalist bir g\u00f6r\u00fcn\u00fcm i\u00e7in tek ba\u015f\u0131na tak\u0131ld\u0131\u011f\u0131nda veya di\u011fer bileziklerle birlikte tak\u0131ld\u0131\u011f\u0131nda, her k\u0131yafete zarif bir \u0131\u015f\u0131lt\u0131 kat\u0131yor.<\/p>","protected":false},"excerpt":{"rendered":"<p>\u0130nce yaprakl\u0131 s\u00fcslemelerle bezeli zarif 22 ayar alt\u0131n bileklik. Kad\u0131ns\u0131, zarif ve g\u00fcnl\u00fck kullan\u0131m veya \u00f6zenli bir hediye i\u00e7in ideal.<\/p>\n<ul>\n<li>22ct\u00a0<span id=\"urn:enhancement-96f9535d\" class=\"textannotation\">Alt\u0131n<\/span>\u00a0Bilezik<\/li>\n<li>Hem Gen\u00e7 K\u0131zlar Hem de Bayanlar \u0130\u00e7in Uygun<\/li>\n<li>Uzunlu\u011fu\u00a0<span id=\"urn:enhancement-abca8cb7\" class=\"textannotation\">Bilezik<\/span>\u00a07.25 \u0130n\u00e7tir<\/li>\n<li>a\u011f\u0131rl\u0131\u011f\u0131\u00a0<span id=\"urn:enhancement-71141257\" class=\"textannotation\">Bilezik<\/span>\u00a03,7 gramd\u0131r<\/li>\n<li>SKU 32926<\/li>\n<li>T\u00fcm fiyatlara KDV dahildir<\/li>\n<li>22\u00a0<span id=\"urn:enhancement-bc82c59b\" class=\"textannotation\">karat<\/span>\u00a0<span id=\"urn:enhancement-9abf3d80\" class=\"textannotation\">Alt\u0131n<\/span>\u00a0Londra taraf\u0131ndan damgalanm\u0131\u015ft\u0131r\u00a0<span id=\"urn:enhancement-804ade87\" class=\"textannotation\">Tahlil Ofisi<\/span><\/li>\n<li>Sunum Kutusu ile Birlikte Gelir<\/li>\n<li>Teslimat Dahil<\/li>\n<li>\u015eu anda stokta bulunan benzer Lovely Daily, Officewear Bayan Bileklik modellerinin stok durumu ve daha fazla g\u00f6rsel i\u00e7in bizimle canl\u0131 sohbet edin.<\/li>\n<\/ul>","protected":false},"featured_media":317742,"comment_status":"closed","ping_status":"closed","template":"","meta":{"_eb_attr":"","_crsspst_to_jayantr4sg-hostcom":true},"product_brand":[],"product_cat":[1791,1324,1627,1575,1574],"product_tag":[],"class_list":{"0":"post-317660","1":"product","2":"type-product","3":"status-publish","4":"has-post-thumbnail","6":"product_cat-anniversary-gifts","7":"product_cat-gold-bracelet","8":"product_cat-ladies-bracelet","9":"product_cat-teenage-jewellery","10":"product_cat-womens-jewellery","12":"first","13":"outofstock","14":"taxable","15":"shipping-taxable","16":"product-type-simple","17":"add-to-wishlist-before_image"},"yoast_head":"<!-- This site is optimized with the Yoast SEO plugin v27.3 - https:\/\/yoast.com\/product\/yoast-seo-wordpress\/ -->\n<title>22ct Gold Ladies Bracelet \u2013 Leaf Charm Design | PureJewels<\/title>\n<meta name=\"description\" content=\"Delicate 22ct gold ladies bracelet with leaf-inspired charms. Handcrafted elegance in a 7.25-inch design, perfect for layering or standalone wear.\" \/>\n<meta name=\"robots\" content=\"index, follow, max-snippet:-1, max-image-preview:large, max-video-preview:-1\" \/>\n<link rel=\"canonical\" href=\"https:\/\/www.purejewels.com\/tr\/urun\/22-ayar-altin-bayan-bileklik-32926\/\" \/>\n<meta property=\"og:locale\" content=\"tr_TR\" \/>\n<meta property=\"og:type\" content=\"article\" \/>\n<meta property=\"og:title\" content=\"22ct Gold Ladies Bracelet \u2013 Leaf Charm Design | PureJewels\" \/>\n<meta property=\"og:description\" content=\"Delicate 22ct gold ladies bracelet with leaf-inspired charms. Handcrafted elegance in a 7.25-inch design, perfect for layering or standalone wear.\" \/>\n<meta property=\"og:url\" content=\"https:\/\/www.purejewels.com\/tr\/urun\/22-ayar-altin-bayan-bileklik-32926\/\" \/>\n<meta property=\"og:site_name\" content=\"PureJewels UK\" \/>\n<meta property=\"article:modified_time\" content=\"2026-01-06T09:44:11+00:00\" \/>\n<meta property=\"og:image\" content=\"https:\/\/static.purejewels.com\/wp-content\/uploads\/2020\/09\/image186860619.jpg\" \/>\n\t<meta property=\"og:image:width\" content=\"1000\" \/>\n\t<meta property=\"og:image:height\" content=\"1000\" \/>\n\t<meta property=\"og:image:type\" content=\"image\/jpeg\" \/>\n<meta name=\"twitter:card\" content=\"summary_large_image\" \/>\n<meta name=\"twitter:label1\" content=\"Tahmini okuma s\u00fcresi\" \/>\n\t<meta name=\"twitter:data1\" content=\"1 dakika\" \/>\n<script type=\"application\/ld+json\" class=\"yoast-schema-graph\">{\"@context\":\"https:\\\/\\\/schema.org\",\"@graph\":[{\"@type\":[\"WebPage\",\"ItemPage\"],\"@id\":\"https:\\\/\\\/www.purejewels.com\\\/product\\\/22-carat-gold-ladies-bracelet-32926\\\/\",\"url\":\"https:\\\/\\\/www.purejewels.com\\\/product\\\/22-carat-gold-ladies-bracelet-32926\\\/\",\"name\":\"22ct Gold Ladies Bracelet \u2013 Leaf Charm Design | PureJewels\",\"isPartOf\":{\"@id\":\"https:\\\/\\\/www.purejewels.com\\\/#website\"},\"primaryImageOfPage\":{\"@id\":\"https:\\\/\\\/www.purejewels.com\\\/product\\\/22-carat-gold-ladies-bracelet-32926\\\/#primaryimage\"},\"image\":{\"@id\":\"https:\\\/\\\/www.purejewels.com\\\/product\\\/22-carat-gold-ladies-bracelet-32926\\\/#primaryimage\"},\"thumbnailUrl\":\"https:\\\/\\\/static.purejewels.com\\\/wp-content\\\/uploads\\\/2020\\\/09\\\/image186860619.jpg\",\"datePublished\":\"2020-09-29T06:31:55+00:00\",\"dateModified\":\"2026-01-06T09:44:11+00:00\",\"description\":\"Delicate 22ct gold ladies bracelet with leaf-inspired charms. Handcrafted elegance in a 7.25-inch design, perfect for layering or standalone wear.\",\"breadcrumb\":{\"@id\":\"https:\\\/\\\/www.purejewels.com\\\/product\\\/22-carat-gold-ladies-bracelet-32926\\\/#breadcrumb\"},\"inLanguage\":\"tr\",\"potentialAction\":[{\"@type\":\"ReadAction\",\"target\":[\"https:\\\/\\\/www.purejewels.com\\\/product\\\/22-carat-gold-ladies-bracelet-32926\\\/\"]}]},{\"@type\":\"ImageObject\",\"inLanguage\":\"tr\",\"@id\":\"https:\\\/\\\/www.purejewels.com\\\/product\\\/22-carat-gold-ladies-bracelet-32926\\\/#primaryimage\",\"url\":\"https:\\\/\\\/static.purejewels.com\\\/wp-content\\\/uploads\\\/2020\\\/09\\\/image186860619.jpg\",\"contentUrl\":\"https:\\\/\\\/static.purejewels.com\\\/wp-content\\\/uploads\\\/2020\\\/09\\\/image186860619.jpg\",\"width\":1000,\"height\":1000,\"caption\":\"22ct Gold Light Charm Ladies Bracelet YGBR019\"},{\"@type\":\"BreadcrumbList\",\"@id\":\"https:\\\/\\\/www.purejewels.com\\\/product\\\/22-carat-gold-ladies-bracelet-32926\\\/#breadcrumb\",\"itemListElement\":[{\"@type\":\"ListItem\",\"position\":1,\"name\":\"Home\",\"item\":\"https:\\\/\\\/www.purejewels.com\\\/\"},{\"@type\":\"ListItem\",\"position\":2,\"name\":\"Shop\",\"item\":\"https:\\\/\\\/www.purejewels.com\\\/shop\\\/\"},{\"@type\":\"ListItem\",\"position\":3,\"name\":\"22ct Gold Ladies Bracelet \u2013 Leaf Motif Charm Design\"}]},{\"@type\":\"WebSite\",\"@id\":\"https:\\\/\\\/www.purejewels.com\\\/#website\",\"url\":\"https:\\\/\\\/www.purejewels.com\\\/\",\"name\":\"PureJewels UK\",\"description\":\"Share the Love\",\"publisher\":{\"@id\":\"https:\\\/\\\/www.purejewels.com\\\/#organization\"},\"potentialAction\":[{\"@type\":\"SearchAction\",\"target\":{\"@type\":\"EntryPoint\",\"urlTemplate\":\"https:\\\/\\\/www.purejewels.com\\\/?s={search_term_string}\"},\"query-input\":{\"@type\":\"PropertyValueSpecification\",\"valueRequired\":true,\"valueName\":\"search_term_string\"}}],\"inLanguage\":\"tr\"},{\"@type\":\"Organization\",\"@id\":\"https:\\\/\\\/www.purejewels.com\\\/#organization\",\"name\":\"PureJewels UK\",\"url\":\"https:\\\/\\\/www.purejewels.com\\\/\",\"logo\":{\"@type\":\"ImageObject\",\"inLanguage\":\"tr\",\"@id\":\"https:\\\/\\\/www.purejewels.com\\\/#\\\/schema\\\/logo\\\/image\\\/\",\"url\":\"https:\\\/\\\/static.purejewels.com\\\/wp-content\\\/uploads\\\/2020\\\/11\\\/Logo-PJ-New-1.png\",\"contentUrl\":\"https:\\\/\\\/static.purejewels.com\\\/wp-content\\\/uploads\\\/2020\\\/11\\\/Logo-PJ-New-1.png\",\"width\":150,\"height\":80,\"caption\":\"PureJewels UK\"},\"image\":{\"@id\":\"https:\\\/\\\/www.purejewels.com\\\/#\\\/schema\\\/logo\\\/image\\\/\"}}]}<\/script>\n<!-- \/ Yoast SEO plugin. -->","yoast_head_json":{"title":"22 ayar alt\u0131n bayan bilezik \u2013 Yaprak charm tasar\u0131m\u0131 | PureJewels","description":"Yaprak motifli charm'larla s\u00fcslenmi\u015f zarif 22 ayar alt\u0131n bayan bilezi\u011fi. 7,25 in\u00e7lik tasar\u0131m\u0131nda el yap\u0131m\u0131 zarafet, katmanl\u0131 veya tek ba\u015f\u0131na takmak i\u00e7in m\u00fckemmel.","robots":{"index":"index","follow":"follow","max-snippet":"max-snippet:-1","max-image-preview":"max-image-preview:large","max-video-preview":"max-video-preview:-1"},"canonical":"https:\/\/www.purejewels.com\/tr\/urun\/22-ayar-altin-bayan-bileklik-32926\/","og_locale":"tr_TR","og_type":"article","og_title":"22ct Gold Ladies Bracelet \u2013 Leaf Charm Design | PureJewels","og_description":"Delicate 22ct gold ladies bracelet with leaf-inspired charms. Handcrafted elegance in a 7.25-inch design, perfect for layering or standalone wear.","og_url":"https:\/\/www.purejewels.com\/tr\/urun\/22-ayar-altin-bayan-bileklik-32926\/","og_site_name":"PureJewels UK","article_modified_time":"2026-01-06T09:44:11+00:00","og_image":[{"width":1000,"height":1000,"url":"https:\/\/static.purejewels.com\/wp-content\/uploads\/2020\/09\/image186860619.jpg","type":"image\/jpeg"}],"twitter_card":"summary_large_image","twitter_misc":{"Tahmini okuma s\u00fcresi":"1 dakika"},"schema":{"@context":"https:\/\/schema.org","@graph":[{"@type":["WebPage","ItemPage"],"@id":"https:\/\/www.purejewels.com\/product\/22-carat-gold-ladies-bracelet-32926\/","url":"https:\/\/www.purejewels.com\/product\/22-carat-gold-ladies-bracelet-32926\/","name":"22 ayar alt\u0131n bayan bilezik \u2013 Yaprak charm tasar\u0131m\u0131 | PureJewels","isPartOf":{"@id":"https:\/\/www.purejewels.com\/#website"},"primaryImageOfPage":{"@id":"https:\/\/www.purejewels.com\/product\/22-carat-gold-ladies-bracelet-32926\/#primaryimage"},"image":{"@id":"https:\/\/www.purejewels.com\/product\/22-carat-gold-ladies-bracelet-32926\/#primaryimage"},"thumbnailUrl":"https:\/\/static.purejewels.com\/wp-content\/uploads\/2020\/09\/image186860619.jpg","datePublished":"2020-09-29T06:31:55+00:00","dateModified":"2026-01-06T09:44:11+00:00","description":"Yaprak motifli charm'larla s\u00fcslenmi\u015f zarif 22 ayar alt\u0131n bayan bilezi\u011fi. 7,25 in\u00e7lik tasar\u0131m\u0131nda el yap\u0131m\u0131 zarafet, katmanl\u0131 veya tek ba\u015f\u0131na takmak i\u00e7in m\u00fckemmel.","breadcrumb":{"@id":"https:\/\/www.purejewels.com\/product\/22-carat-gold-ladies-bracelet-32926\/#breadcrumb"},"inLanguage":"tr","potentialAction":[{"@type":"ReadAction","target":["https:\/\/www.purejewels.com\/product\/22-carat-gold-ladies-bracelet-32926\/"]}]},{"@type":"ImageObject","inLanguage":"tr","@id":"https:\/\/www.purejewels.com\/product\/22-carat-gold-ladies-bracelet-32926\/#primaryimage","url":"https:\/\/static.purejewels.com\/wp-content\/uploads\/2020\/09\/image186860619.jpg","contentUrl":"https:\/\/static.purejewels.com\/wp-content\/uploads\/2020\/09\/image186860619.jpg","width":1000,"height":1000,"caption":"22ct Gold Light Charm Ladies Bracelet YGBR019"},{"@type":"BreadcrumbList","@id":"https:\/\/www.purejewels.com\/product\/22-carat-gold-ladies-bracelet-32926\/#breadcrumb","itemListElement":[{"@type":"ListItem","position":1,"name":"Home","item":"https:\/\/www.purejewels.com\/"},{"@type":"ListItem","position":2,"name":"Shop","item":"https:\/\/www.purejewels.com\/shop\/"},{"@type":"ListItem","position":3,"name":"22ct Gold Ladies Bracelet \u2013 Leaf Motif Charm Design"}]},{"@type":"WebSite","@id":"https:\/\/www.purejewels.com\/#website","url":"https:\/\/www.purejewels.com\/","name":"PureJewels \u0130ngiltere","description":"Sevgiyi Payla\u015f\u0131n","publisher":{"@id":"https:\/\/www.purejewels.com\/#organization"},"potentialAction":[{"@type":"SearchAction","target":{"@type":"EntryPoint","urlTemplate":"https:\/\/www.purejewels.com\/?s={search_term_string}"},"query-input":{"@type":"PropertyValueSpecification","valueRequired":true,"valueName":"search_term_string"}}],"inLanguage":"tr"},{"@type":"Organization","@id":"https:\/\/www.purejewels.com\/#organization","name":"PureJewels \u0130ngiltere","url":"https:\/\/www.purejewels.com\/","logo":{"@type":"ImageObject","inLanguage":"tr","@id":"https:\/\/www.purejewels.com\/#\/schema\/logo\/image\/","url":"https:\/\/static.purejewels.com\/wp-content\/uploads\/2020\/11\/Logo-PJ-New-1.png","contentUrl":"https:\/\/static.purejewels.com\/wp-content\/uploads\/2020\/11\/Logo-PJ-New-1.png","width":150,"height":80,"caption":"PureJewels UK"},"image":{"@id":"https:\/\/www.purejewels.com\/#\/schema\/logo\/image\/"}}]}},"_links":{"self":[{"href":"https:\/\/www.purejewels.com\/tr\/wp-json\/wp\/v2\/product\/317660","targetHints":{"allow":["GET"]}}],"collection":[{"href":"https:\/\/www.purejewels.com\/tr\/wp-json\/wp\/v2\/product"}],"about":[{"href":"https:\/\/www.purejewels.com\/tr\/wp-json\/wp\/v2\/types\/product"}],"replies":[{"embeddable":true,"href":"https:\/\/www.purejewels.com\/tr\/wp-json\/wp\/v2\/comments?post=317660"}],"version-history":[{"count":3,"href":"https:\/\/www.purejewels.com\/tr\/wp-json\/wp\/v2\/product\/317660\/revisions"}],"predecessor-version":[{"id":423297,"href":"https:\/\/www.purejewels.com\/tr\/wp-json\/wp\/v2\/product\/317660\/revisions\/423297"}],"wp:featuredmedia":[{"embeddable":true,"href":"https:\/\/www.purejewels.com\/tr\/wp-json\/wp\/v2\/media\/317742"}],"wp:attachment":[{"href":"https:\/\/www.purejewels.com\/tr\/wp-json\/wp\/v2\/media?parent=317660"}],"wp:term":[{"taxonomy":"product_brand","embeddable":true,"href":"https:\/\/www.purejewels.com\/tr\/wp-json\/wp\/v2\/product_brand?post=317660"},{"taxonomy":"product_cat","embeddable":true,"href":"https:\/\/www.purejewels.com\/tr\/wp-json\/wp\/v2\/product_cat?post=317660"},{"taxonomy":"product_tag","embeddable":true,"href":"https:\/\/www.purejewels.com\/tr\/wp-json\/wp\/v2\/product_tag?post=317660"}],"curies":[{"name":"wp","href":"https:\/\/api.w.org\/{rel}","templated":true}]}}