{"id":317690,"date":"2020-09-29T11:17:26","date_gmt":"2020-09-29T10:17:26","guid":{"rendered":"https:\/\/www.purejewels.com\/product\/18ct-yellow-gold-nose-pin-0-1gm\/"},"modified":"2025-11-10T07:01:04","modified_gmt":"2025-11-10T07:01:04","slug":"18-ayar-sari-altin-burun-saplamasi-33267","status":"publish","type":"product","link":"https:\/\/www.purejewels.com\/tr\/product\/18ct-yellow-gold-nose-stud-33267\/","title":{"rendered":"18 Ayar Sar\u0131 Alt\u0131n Vidal\u0131 S\u0131rtl\u0131 D\u00fcz Burun Saplamas\u0131"},"content":{"rendered":"<p>Stil ve pratikli\u011fi birle\u015ftiren m\u00fckemmel burun halkas\u0131n\u0131 m\u0131 ar\u0131yorsunuz? Vidal\u0131 S\u0131rtl\u0131 18 Ayar Sar\u0131 Alt\u0131n D\u00fcz Burun \u00c7\u0131t\u00e7\u0131t\u0131m\u0131zdan ba\u015fkas\u0131na bakmay\u0131n. Bu \u00e7arp\u0131c\u0131 alt\u0131n burun tak\u0131s\u0131, g\u00fcnl\u00fck kullan\u0131m i\u00e7in m\u00fckemmeldir ve her k\u0131yafete \u015f\u0131k bir dokunu\u015f katar.<\/p>\n<p>Y\u00fcksek kaliteli 18 ayar sar\u0131 alt\u0131ndan \u00fcretilen bu burun saplamas\u0131, g\u00fcn boyu yerinde kalmas\u0131n\u0131 sa\u011flayan g\u00fcvenli bir vidal\u0131 arkal\u0131k ile birlikte gelir. Sap uzunlu\u011fu 6 mm, ayar \u00e7ap\u0131 2,8 mm'dir ve rahat kullan\u0131m i\u00e7in m\u00fckemmel boyuttad\u0131r. Sap kal\u0131nl\u0131\u011f\u0131 0,6 mm iken t\u00fcp kal\u0131nl\u0131\u011f\u0131 0,9 mm'dir ve par\u00e7an\u0131n dayan\u0131kl\u0131l\u0131\u011f\u0131n\u0131 art\u0131r\u0131r.<\/p>\n<p>PureJewels UK'de, Birle\u015fik Krall\u0131k genelinde \u00fccretsiz teslimat sunuyoruz ve t\u00fcm fiyatlara KDV dahildir, b\u00f6ylece g\u00fcvenle al\u0131\u015fveri\u015f yapabilirsiniz. Her bir burun saplamas\u0131 bir sunum kutusuyla birlikte gelir ve kendiniz veya sevdi\u011finiz biri i\u00e7in m\u00fckemmel bir hediye olur. \u00dcr\u00fcn\u00fcn videosu i\u00e7in veya herhangi bir sorunuz varsa bizimle ileti\u015fime ge\u00e7mekten \u00e7ekinmeyin. Burun tak\u0131lar\u0131 koleksiyonunuzu bug\u00fcn 18 Ayar Sar\u0131 Alt\u0131n Vidal\u0131 S\u0131rtl\u0131 D\u00fcz Burun \u00c7\u0131t\u00e7\u0131t\u0131m\u0131zla y\u00fckseltin.<\/p>","protected":false},"excerpt":{"rendered":"<ul>\n<li>Alt\u0131n Burun \u00c7\u0131t\u00e7\u0131tlar\u0131 \u0130ngiltere<\/li>\n<li>18 Ayar Sar\u0131 Alt\u0131n Burun \u00c7\u0131t\u00e7\u0131tlar\u0131<\/li>\n<li>Vidal\u0131 S\u0131rt ile birlikte gelir<\/li>\n<li>Boyutlar:\n<ul>\n<li>Sap Uzunlu\u011fu: 6mm (yakla\u015f\u0131k)<\/li>\n<li>Ayar \u00e7ap\u0131: 2,8 mm (yakla\u015f\u0131k)<\/li>\n<li>Sap Kal\u0131nl\u0131\u011f\u0131: 0,6 mm (yakla\u015f\u0131k)<\/li>\n<li>T\u00fcp Kal\u0131nl\u0131\u011f\u0131: 0,9 mm (yakla\u015f\u0131k)<\/li>\n<\/ul>\n<\/li>\n<li>A\u011f\u0131rl\u0131k 0.1gms<\/li>\n<li>SKU.  33267<\/li>\n<li>Londra'da g\u00fcnl\u00fck kullan\u0131m i\u00e7in Alt\u0131n Burun Tak\u0131lar\u0131<\/li>\n<li>Sunum Kutusu ile Birlikte Gelir<\/li>\n<li>\u0130ngiltere Genelinde \u00dccretsiz Teslimat<\/li>\n<li>T\u00fcm fiyatlara KDV dahildir<\/li>\n<li>\"\u00dcr\u00fcn videosu i\u00e7in bizimle ileti\u015fime ge\u00e7in\/canl\u0131 sohbet edin.\"<\/li>\n<\/ul>","protected":false},"featured_media":317752,"comment_status":"closed","ping_status":"closed","template":"","meta":{"_eb_attr":"","_crsspst_to_jayantr4sg-hostcom":false},"product_brand":[],"product_cat":[1229,1711,5342,1463],"product_tag":[],"class_list":{"0":"post-317690","1":"product","2":"type-product","3":"status-publish","4":"has-post-thumbnail","6":"product_cat-22ct-gold-jewellery","7":"product_cat-gold-nose-studs","8":"product_cat-jewellery-under-250","9":"product_cat-gold-nose-pins","11":"first","12":"outofstock","13":"taxable","14":"shipping-taxable","15":"product-type-simple","16":"add-to-wishlist-before_image"},"yoast_head":"<!-- This site is optimized with the Yoast SEO plugin v27.5 - https:\/\/yoast.com\/product\/yoast-seo-wordpress\/ -->\n<title>18ct Yellow Gold Plain Nose Stud with screw back | PureJewels UK<\/title>\n<meta name=\"description\" content=\"This simple gold nose stud is all you&#039;ll need to add a little glam to your look on a daily basis Buy this nose stud online today! Free delivery across UK.\" \/>\n<meta name=\"robots\" content=\"index, follow, max-snippet:-1, max-image-preview:large, max-video-preview:-1\" \/>\n<link rel=\"canonical\" href=\"https:\/\/www.purejewels.com\/tr\/urun\/18-ayar-sari-altin-burun-saplamasi-33267\/\" \/>\n<meta property=\"og:locale\" content=\"tr_TR\" \/>\n<meta property=\"og:type\" content=\"article\" \/>\n<meta property=\"og:title\" content=\"18ct Yellow Gold Plain Nose Stud with screw back | PureJewels UK\" \/>\n<meta property=\"og:description\" content=\"This simple gold nose stud is all you&#039;ll need to add a little glam to your look on a daily basis Buy this nose stud online today! Free delivery across UK.\" \/>\n<meta property=\"og:url\" content=\"https:\/\/www.purejewels.com\/tr\/urun\/18-ayar-sari-altin-burun-saplamasi-33267\/\" \/>\n<meta property=\"og:site_name\" content=\"PureJewels UK\" \/>\n<meta property=\"article:modified_time\" content=\"2025-11-10T07:01:04+00:00\" \/>\n<meta property=\"og:image\" content=\"https:\/\/www.purejewels.com\/wp-content\/uploads\/2020\/09\/image186867180.jpg\" \/>\n\t<meta property=\"og:image:width\" content=\"1000\" \/>\n\t<meta property=\"og:image:height\" content=\"1000\" \/>\n\t<meta property=\"og:image:type\" content=\"image\/jpeg\" \/>\n<meta name=\"twitter:card\" content=\"summary_large_image\" \/>\n<meta name=\"twitter:label1\" content=\"Tahmini okuma s\u00fcresi\" \/>\n\t<meta name=\"twitter:data1\" content=\"1 dakika\" \/>\n<script type=\"application\/ld+json\" class=\"yoast-schema-graph\">{\"@context\":\"https:\\\/\\\/schema.org\",\"@graph\":[{\"@type\":[\"WebPage\",\"ItemPage\"],\"@id\":\"https:\\\/\\\/www.purejewels.com\\\/product\\\/18ct-yellow-gold-nose-stud-33267\\\/\",\"url\":\"https:\\\/\\\/www.purejewels.com\\\/product\\\/18ct-yellow-gold-nose-stud-33267\\\/\",\"name\":\"18ct Yellow Gold Plain Nose Stud with screw back | PureJewels UK\",\"isPartOf\":{\"@id\":\"https:\\\/\\\/www.purejewels.com\\\/#website\"},\"primaryImageOfPage\":{\"@id\":\"https:\\\/\\\/www.purejewels.com\\\/product\\\/18ct-yellow-gold-nose-stud-33267\\\/#primaryimage\"},\"image\":{\"@id\":\"https:\\\/\\\/www.purejewels.com\\\/product\\\/18ct-yellow-gold-nose-stud-33267\\\/#primaryimage\"},\"thumbnailUrl\":\"https:\\\/\\\/static.purejewels.com\\\/wp-content\\\/uploads\\\/2020\\\/09\\\/image186867180.jpg\",\"datePublished\":\"2020-09-29T10:17:26+00:00\",\"dateModified\":\"2025-11-10T07:01:04+00:00\",\"description\":\"This simple gold nose stud is all you'll need to add a little glam to your look on a daily basis Buy this nose stud online today! Free delivery across UK.\",\"breadcrumb\":{\"@id\":\"https:\\\/\\\/www.purejewels.com\\\/product\\\/18ct-yellow-gold-nose-stud-33267\\\/#breadcrumb\"},\"inLanguage\":\"tr\",\"potentialAction\":[{\"@type\":\"ReadAction\",\"target\":[\"https:\\\/\\\/www.purejewels.com\\\/product\\\/18ct-yellow-gold-nose-stud-33267\\\/\"]}]},{\"@type\":\"ImageObject\",\"inLanguage\":\"tr\",\"@id\":\"https:\\\/\\\/www.purejewels.com\\\/product\\\/18ct-yellow-gold-nose-stud-33267\\\/#primaryimage\",\"url\":\"https:\\\/\\\/static.purejewels.com\\\/wp-content\\\/uploads\\\/2020\\\/09\\\/image186867180.jpg\",\"contentUrl\":\"https:\\\/\\\/static.purejewels.com\\\/wp-content\\\/uploads\\\/2020\\\/09\\\/image186867180.jpg\",\"width\":1000,\"height\":1000,\"caption\":\"18ct Yellow Gold with Screw Back Nose Pin YGNP059\"},{\"@type\":\"BreadcrumbList\",\"@id\":\"https:\\\/\\\/www.purejewels.com\\\/product\\\/18ct-yellow-gold-nose-stud-33267\\\/#breadcrumb\",\"itemListElement\":[{\"@type\":\"ListItem\",\"position\":1,\"name\":\"Home\",\"item\":\"https:\\\/\\\/www.purejewels.com\\\/\"},{\"@type\":\"ListItem\",\"position\":2,\"name\":\"Shop\",\"item\":\"https:\\\/\\\/www.purejewels.com\\\/shop\\\/\"},{\"@type\":\"ListItem\",\"position\":3,\"name\":\"18ct Yellow Gold Plain Nose Stud with Screw Back\"}]},{\"@type\":\"WebSite\",\"@id\":\"https:\\\/\\\/www.purejewels.com\\\/#website\",\"url\":\"https:\\\/\\\/www.purejewels.com\\\/\",\"name\":\"PureJewels UK\",\"description\":\"Share the Love\",\"publisher\":{\"@id\":\"https:\\\/\\\/www.purejewels.com\\\/#organization\"},\"potentialAction\":[{\"@type\":\"SearchAction\",\"target\":{\"@type\":\"EntryPoint\",\"urlTemplate\":\"https:\\\/\\\/www.purejewels.com\\\/?s={search_term_string}\"},\"query-input\":{\"@type\":\"PropertyValueSpecification\",\"valueRequired\":true,\"valueName\":\"search_term_string\"}}],\"inLanguage\":\"tr\"},{\"@type\":\"Organization\",\"@id\":\"https:\\\/\\\/www.purejewels.com\\\/#organization\",\"name\":\"PureJewels UK\",\"url\":\"https:\\\/\\\/www.purejewels.com\\\/\",\"logo\":{\"@type\":\"ImageObject\",\"inLanguage\":\"tr\",\"@id\":\"https:\\\/\\\/www.purejewels.com\\\/#\\\/schema\\\/logo\\\/image\\\/\",\"url\":\"https:\\\/\\\/static.purejewels.com\\\/wp-content\\\/uploads\\\/2020\\\/11\\\/Logo-PJ-New-1.png\",\"contentUrl\":\"https:\\\/\\\/static.purejewels.com\\\/wp-content\\\/uploads\\\/2020\\\/11\\\/Logo-PJ-New-1.png\",\"width\":150,\"height\":80,\"caption\":\"PureJewels UK\"},\"image\":{\"@id\":\"https:\\\/\\\/www.purejewels.com\\\/#\\\/schema\\\/logo\\\/image\\\/\"}}]}<\/script>\n<!-- \/ Yoast SEO plugin. -->","yoast_head_json":{"title":"18 Ayar Sar\u0131 Alt\u0131n D\u00fcz Burun Saplamas\u0131, vidal\u0131 s\u0131rtl\u0131 | PureJewels UK","description":"G\u00fcnl\u00fck g\u00f6r\u00fcn\u00fcm\u00fcn\u00fcze biraz \u0131\u015f\u0131lt\u0131 katmak i\u00e7in ihtiyac\u0131n\u0131z olan tek \u015fey bu basit alt\u0131n burun k\u00fcpesi Bu burun k\u00fcpesini bug\u00fcn online sat\u0131n al\u0131n! \u0130ngiltere genelinde \u00fccretsiz teslimat.","robots":{"index":"index","follow":"follow","max-snippet":"max-snippet:-1","max-image-preview":"max-image-preview:large","max-video-preview":"max-video-preview:-1"},"canonical":"https:\/\/www.purejewels.com\/tr\/urun\/18-ayar-sari-altin-burun-saplamasi-33267\/","og_locale":"tr_TR","og_type":"article","og_title":"18ct Yellow Gold Plain Nose Stud with screw back | PureJewels UK","og_description":"This simple gold nose stud is all you'll need to add a little glam to your look on a daily basis Buy this nose stud online today! Free delivery across UK.","og_url":"https:\/\/www.purejewels.com\/tr\/urun\/18-ayar-sari-altin-burun-saplamasi-33267\/","og_site_name":"PureJewels UK","article_modified_time":"2025-11-10T07:01:04+00:00","og_image":[{"width":1000,"height":1000,"url":"https:\/\/www.purejewels.com\/wp-content\/uploads\/2020\/09\/image186867180.jpg","type":"image\/jpeg"}],"twitter_card":"summary_large_image","twitter_misc":{"Tahmini okuma s\u00fcresi":"1 dakika"},"schema":{"@context":"https:\/\/schema.org","@graph":[{"@type":["WebPage","ItemPage"],"@id":"https:\/\/www.purejewels.com\/product\/18ct-yellow-gold-nose-stud-33267\/","url":"https:\/\/www.purejewels.com\/product\/18ct-yellow-gold-nose-stud-33267\/","name":"18 Ayar Sar\u0131 Alt\u0131n D\u00fcz Burun Saplamas\u0131, vidal\u0131 s\u0131rtl\u0131 | PureJewels UK","isPartOf":{"@id":"https:\/\/www.purejewels.com\/#website"},"primaryImageOfPage":{"@id":"https:\/\/www.purejewels.com\/product\/18ct-yellow-gold-nose-stud-33267\/#primaryimage"},"image":{"@id":"https:\/\/www.purejewels.com\/product\/18ct-yellow-gold-nose-stud-33267\/#primaryimage"},"thumbnailUrl":"https:\/\/static.purejewels.com\/wp-content\/uploads\/2020\/09\/image186867180.jpg","datePublished":"2020-09-29T10:17:26+00:00","dateModified":"2025-11-10T07:01:04+00:00","description":"G\u00fcnl\u00fck g\u00f6r\u00fcn\u00fcm\u00fcn\u00fcze biraz \u0131\u015f\u0131lt\u0131 katmak i\u00e7in ihtiyac\u0131n\u0131z olan tek \u015fey bu basit alt\u0131n burun k\u00fcpesi Bu burun k\u00fcpesini bug\u00fcn online sat\u0131n al\u0131n! \u0130ngiltere genelinde \u00fccretsiz teslimat.","breadcrumb":{"@id":"https:\/\/www.purejewels.com\/product\/18ct-yellow-gold-nose-stud-33267\/#breadcrumb"},"inLanguage":"tr","potentialAction":[{"@type":"ReadAction","target":["https:\/\/www.purejewels.com\/product\/18ct-yellow-gold-nose-stud-33267\/"]}]},{"@type":"ImageObject","inLanguage":"tr","@id":"https:\/\/www.purejewels.com\/product\/18ct-yellow-gold-nose-stud-33267\/#primaryimage","url":"https:\/\/static.purejewels.com\/wp-content\/uploads\/2020\/09\/image186867180.jpg","contentUrl":"https:\/\/static.purejewels.com\/wp-content\/uploads\/2020\/09\/image186867180.jpg","width":1000,"height":1000,"caption":"18ct Yellow Gold with Screw Back Nose Pin YGNP059"},{"@type":"BreadcrumbList","@id":"https:\/\/www.purejewels.com\/product\/18ct-yellow-gold-nose-stud-33267\/#breadcrumb","itemListElement":[{"@type":"ListItem","position":1,"name":"Home","item":"https:\/\/www.purejewels.com\/"},{"@type":"ListItem","position":2,"name":"Shop","item":"https:\/\/www.purejewels.com\/shop\/"},{"@type":"ListItem","position":3,"name":"18ct Yellow Gold Plain Nose Stud with Screw Back"}]},{"@type":"WebSite","@id":"https:\/\/www.purejewels.com\/#website","url":"https:\/\/www.purejewels.com\/","name":"PureJewels \u0130ngiltere","description":"Sevgiyi Payla\u015f\u0131n","publisher":{"@id":"https:\/\/www.purejewels.com\/#organization"},"potentialAction":[{"@type":"SearchAction","target":{"@type":"EntryPoint","urlTemplate":"https:\/\/www.purejewels.com\/?s={search_term_string}"},"query-input":{"@type":"PropertyValueSpecification","valueRequired":true,"valueName":"search_term_string"}}],"inLanguage":"tr"},{"@type":"Organization","@id":"https:\/\/www.purejewels.com\/#organization","name":"PureJewels \u0130ngiltere","url":"https:\/\/www.purejewels.com\/","logo":{"@type":"ImageObject","inLanguage":"tr","@id":"https:\/\/www.purejewels.com\/#\/schema\/logo\/image\/","url":"https:\/\/static.purejewels.com\/wp-content\/uploads\/2020\/11\/Logo-PJ-New-1.png","contentUrl":"https:\/\/static.purejewels.com\/wp-content\/uploads\/2020\/11\/Logo-PJ-New-1.png","width":150,"height":80,"caption":"PureJewels UK"},"image":{"@id":"https:\/\/www.purejewels.com\/#\/schema\/logo\/image\/"}}]}},"_links":{"self":[{"href":"https:\/\/www.purejewels.com\/tr\/wp-json\/wp\/v2\/product\/317690","targetHints":{"allow":["GET"]}}],"collection":[{"href":"https:\/\/www.purejewels.com\/tr\/wp-json\/wp\/v2\/product"}],"about":[{"href":"https:\/\/www.purejewels.com\/tr\/wp-json\/wp\/v2\/types\/product"}],"replies":[{"embeddable":true,"href":"https:\/\/www.purejewels.com\/tr\/wp-json\/wp\/v2\/comments?post=317690"}],"version-history":[{"count":3,"href":"https:\/\/www.purejewels.com\/tr\/wp-json\/wp\/v2\/product\/317690\/revisions"}],"predecessor-version":[{"id":420663,"href":"https:\/\/www.purejewels.com\/tr\/wp-json\/wp\/v2\/product\/317690\/revisions\/420663"}],"wp:featuredmedia":[{"embeddable":true,"href":"https:\/\/www.purejewels.com\/tr\/wp-json\/wp\/v2\/media\/317752"}],"wp:attachment":[{"href":"https:\/\/www.purejewels.com\/tr\/wp-json\/wp\/v2\/media?parent=317690"}],"wp:term":[{"taxonomy":"product_brand","embeddable":true,"href":"https:\/\/www.purejewels.com\/tr\/wp-json\/wp\/v2\/product_brand?post=317690"},{"taxonomy":"product_cat","embeddable":true,"href":"https:\/\/www.purejewels.com\/tr\/wp-json\/wp\/v2\/product_cat?post=317690"},{"taxonomy":"product_tag","embeddable":true,"href":"https:\/\/www.purejewels.com\/tr\/wp-json\/wp\/v2\/product_tag?post=317690"}],"curies":[{"name":"wp","href":"https:\/\/api.w.org\/{rel}","templated":true}]}}