{"id":317693,"date":"2020-09-29T11:24:55","date_gmt":"2020-09-29T10:24:55","guid":{"rendered":"https:\/\/www.purejewels.com\/product\/18ct-yellow-gold-nose-pin-0-2gm\/"},"modified":"2022-05-30T08:44:38","modified_gmt":"2022-05-30T07:44:38","slug":"18-ayar-sari-altin-burun-ignesi-33269","status":"publish","type":"product","link":"https:\/\/www.purejewels.com\/tr\/product\/18-carat-yellow-gold-nose-pin-33269\/","title":{"rendered":"18 Ayar Sar\u0131 Alt\u0131n Burun \u0130\u011fnesi"},"content":{"rendered":"<p><strong>\u0130lham kayna\u011f\u0131<\/strong><\/p>\n<p>Kad\u0131nlar\u0131n burunlar\u0131n\u0131 deldirmeleri \u00e7a\u011flar boyunca geleneksel bir uygulama olmu\u015ftur. \u0130lerleyen zamanlarda erkekler de bunu uygulamaya ba\u015flam\u0131\u015f ve gelenek kraliyet ailelerinde bile ya\u015fat\u0131lm\u0131\u015ft\u0131r. Piercingin burun \u00fczerinde geleneksel olarak sembolik ve kad\u0131nlar i\u00e7in biyolojik olarak gerekli olan bir noktaya yap\u0131ld\u0131\u011f\u0131na inan\u0131l\u0131yordu. Dahas\u0131, burnu s\u00fcsleme fikri Hintli kad\u0131nlar ve kuyumcular taraf\u0131ndan co\u015fkuyla benimsendi.<\/p>\n<p><strong>Tasar\u0131m<\/strong><\/p>\n<p><strong>\u0130nce Alt\u0131n h\u0131zma<\/strong> \u0130ngiltere, tuhafl\u0131k ve k\u00fclt\u00fcr unsuru katt\u0131\u011f\u0131 i\u00e7in her zaman g\u00f6r\u00fcn\u00fcm\u00fcn\u00fcz\u00fc ayd\u0131nlat\u0131r. Bu <a href=\"https:\/\/www.purejewels.com\/tr\/product\/18-carat-yellow-gold-nose-pin-33271\/\">alt\u0131n burun saplamas\u0131<\/a> Hint, geleneksel desen ve unsurlarla birlikte Hint mimarisinden ipu\u00e7lar\u0131 al\u0131r. Purejewels'in bu alt\u0131n burun i\u011fnesinin tasar\u0131m\u0131 \u00fcstte u\u00e7urtma \u015feklindeki bir unsurdan ba\u015flar ve bunu t\u0131pk\u0131 buna benzeyen ancak boyut olarak biraz daha k\u00fc\u00e7\u00fck olan ba\u015fka bir benzer unsur takip eder. Tasar\u0131m, ger\u00e7ek elmaslar gibi parlak ve \u0131\u015f\u0131lt\u0131l\u0131 bir \u015fekilde parlayan k\u00fcbik zirkon ta\u015flarla s\u00fcslenmi\u015ftir.<\/p>\n<p><strong>Stil<\/strong><\/p>\n<p>Saf 22K burun i\u011fnemizi geleneksel ve a\u011f\u0131r Hint k\u0131yafetlerinizle kombinleyin ve \u015fenlikli bir ak\u015fam i\u00e7in s\u00fcslenirken g\u00f6steri\u015f yap\u0131n. Do\u011fru miktarda bling'e sahiptir ve muhte\u015fem g\u00f6r\u00fcn\u00fcr, ayn\u0131 zamanda sizi \u00f6ne \u00e7\u0131karan al\u0131\u015f\u0131lmad\u0131k \u015fekli nedeniyle g\u00f6r\u00fcn\u00fcm\u00fcn\u00fcze bir kenar ekler. Ayn\u0131 anda hem muhte\u015fem hem de zarif g\u00f6r\u00fcn\u00fcrken \u0131\u015f\u0131l \u0131\u015f\u0131l parlaman\u0131z i\u00e7in burada.<\/p>","protected":false},"excerpt":{"rendered":"<ul>\n<li>18 Ayar Sar\u0131 Alt\u0131n Burun \u0130\u011fnesi<\/li>\n<li>Vidal\u0131 S\u0131rt ile Birlikte Gelir<\/li>\n<li>K\u00fcbik Zirkon Ta\u015fl\u0131<\/li>\n<li>Boyutlar:\n<ul>\n<li>Sap Uzunlu\u011fu: 6mm (yakla\u015f\u0131k)<\/li>\n<li>Ayar \u00e7ap\u0131: 3,8 mm (yakla\u015f\u0131k)<\/li>\n<li>Sap Kal\u0131nl\u0131\u011f\u0131: 0,6 mm (yakla\u015f\u0131k)<\/li>\n<li>T\u00fcp Kal\u0131nl\u0131\u011f\u0131: 0,9 mm (yakla\u015f\u0131k)<\/li>\n<\/ul>\n<\/li>\n<li>A\u011f\u0131rl\u0131k 0,2 gms<\/li>\n<li>SKU. 33269<\/li>\n<li>Sunum Kutusu ile Birlikte Gelir<\/li>\n<li>\u0130ngiltere Genelinde \u00dccretsiz Teslimat<\/li>\n<li>T\u00fcm fiyatlara KDV dahildir<\/li>\n<li>\"\u00dcr\u00fcn videosu i\u00e7in bizimle ileti\u015fime ge\u00e7in\/canl\u0131 sohbet edin.\"<\/li>\n<\/ul>","protected":false},"featured_media":317753,"comment_status":"closed","ping_status":"closed","template":"","meta":{"_eb_attr":"","_crsspst_to_jayantr4sg-hostcom":false},"product_brand":[],"product_cat":[1711,1463],"product_tag":[],"class_list":{"0":"post-317693","1":"product","2":"type-product","3":"status-publish","4":"has-post-thumbnail","6":"product_cat-gold-nose-studs","7":"product_cat-gold-nose-pins","9":"first","10":"outofstock","11":"taxable","12":"shipping-taxable","13":"product-type-simple","14":"add-to-wishlist-before_image"},"yoast_head":"<!-- This site is optimized with the Yoast SEO plugin v27.3 - https:\/\/yoast.com\/product\/yoast-seo-wordpress\/ -->\n<title>real gold nose rings | shop nose studs in UK<\/title>\n<meta name=\"description\" content=\"Thin Nose Stud | Buy Best white gold Nose Rings. Select from our wide range of jewellry collection. Guaranteed Lowest Price.\" \/>\n<meta name=\"robots\" content=\"index, follow, max-snippet:-1, max-image-preview:large, max-video-preview:-1\" \/>\n<link rel=\"canonical\" href=\"https:\/\/www.purejewels.com\/tr\/urun\/18-ayar-sari-altin-burun-ignesi-33269\/\" \/>\n<meta property=\"og:locale\" content=\"tr_TR\" \/>\n<meta property=\"og:type\" content=\"article\" \/>\n<meta property=\"og:title\" content=\"real gold nose rings | shop nose studs in UK\" \/>\n<meta property=\"og:description\" content=\"Thin Nose Stud | Buy Best white gold Nose Rings. Select from our wide range of jewellry collection. Guaranteed Lowest Price.\" \/>\n<meta property=\"og:url\" content=\"https:\/\/www.purejewels.com\/tr\/urun\/18-ayar-sari-altin-burun-ignesi-33269\/\" \/>\n<meta property=\"og:site_name\" content=\"PureJewels UK\" \/>\n<meta property=\"article:modified_time\" content=\"2022-05-30T07:44:38+00:00\" \/>\n<meta property=\"og:image\" content=\"https:\/\/www.purejewels.com\/wp-content\/uploads\/2020\/09\/image186869297.jpg\" \/>\n\t<meta property=\"og:image:width\" content=\"1000\" \/>\n\t<meta property=\"og:image:height\" content=\"1000\" \/>\n\t<meta property=\"og:image:type\" content=\"image\/jpeg\" \/>\n<meta name=\"twitter:card\" content=\"summary_large_image\" \/>\n<meta name=\"twitter:label1\" content=\"Tahmini okuma s\u00fcresi\" \/>\n\t<meta name=\"twitter:data1\" content=\"2 dakika\" \/>\n<script type=\"application\/ld+json\" class=\"yoast-schema-graph\">{\"@context\":\"https:\\\/\\\/schema.org\",\"@graph\":[{\"@type\":[\"WebPage\",\"ItemPage\"],\"@id\":\"https:\\\/\\\/www.purejewels.com\\\/product\\\/18-carat-yellow-gold-nose-pin-33269\\\/\",\"url\":\"https:\\\/\\\/www.purejewels.com\\\/product\\\/18-carat-yellow-gold-nose-pin-33269\\\/\",\"name\":\"real gold nose rings | shop nose studs in UK\",\"isPartOf\":{\"@id\":\"https:\\\/\\\/www.purejewels.com\\\/#website\"},\"primaryImageOfPage\":{\"@id\":\"https:\\\/\\\/www.purejewels.com\\\/product\\\/18-carat-yellow-gold-nose-pin-33269\\\/#primaryimage\"},\"image\":{\"@id\":\"https:\\\/\\\/www.purejewels.com\\\/product\\\/18-carat-yellow-gold-nose-pin-33269\\\/#primaryimage\"},\"thumbnailUrl\":\"https:\\\/\\\/static.purejewels.com\\\/wp-content\\\/uploads\\\/2020\\\/09\\\/image186869297.jpg\",\"datePublished\":\"2020-09-29T10:24:55+00:00\",\"dateModified\":\"2022-05-30T07:44:38+00:00\",\"description\":\"Thin Nose Stud | Buy Best white gold Nose Rings. Select from our wide range of jewellry collection. Guaranteed Lowest Price.\",\"breadcrumb\":{\"@id\":\"https:\\\/\\\/www.purejewels.com\\\/product\\\/18-carat-yellow-gold-nose-pin-33269\\\/#breadcrumb\"},\"inLanguage\":\"tr\",\"potentialAction\":[{\"@type\":\"ReadAction\",\"target\":[\"https:\\\/\\\/www.purejewels.com\\\/product\\\/18-carat-yellow-gold-nose-pin-33269\\\/\"]}]},{\"@type\":\"ImageObject\",\"inLanguage\":\"tr\",\"@id\":\"https:\\\/\\\/www.purejewels.com\\\/product\\\/18-carat-yellow-gold-nose-pin-33269\\\/#primaryimage\",\"url\":\"https:\\\/\\\/static.purejewels.com\\\/wp-content\\\/uploads\\\/2020\\\/09\\\/image186869297.jpg\",\"contentUrl\":\"https:\\\/\\\/static.purejewels.com\\\/wp-content\\\/uploads\\\/2020\\\/09\\\/image186869297.jpg\",\"width\":1000,\"height\":1000,\"caption\":\"18ct Yellow Gold White CZ Stone with Screw Back Nose Pin YGNP060\"},{\"@type\":\"BreadcrumbList\",\"@id\":\"https:\\\/\\\/www.purejewels.com\\\/product\\\/18-carat-yellow-gold-nose-pin-33269\\\/#breadcrumb\",\"itemListElement\":[{\"@type\":\"ListItem\",\"position\":1,\"name\":\"Home\",\"item\":\"https:\\\/\\\/www.purejewels.com\\\/\"},{\"@type\":\"ListItem\",\"position\":2,\"name\":\"Shop\",\"item\":\"https:\\\/\\\/www.purejewels.com\\\/shop\\\/\"},{\"@type\":\"ListItem\",\"position\":3,\"name\":\"18 carat Yellow Gold Nose Pin\"}]},{\"@type\":\"WebSite\",\"@id\":\"https:\\\/\\\/www.purejewels.com\\\/#website\",\"url\":\"https:\\\/\\\/www.purejewels.com\\\/\",\"name\":\"PureJewels UK\",\"description\":\"Share the Love\",\"publisher\":{\"@id\":\"https:\\\/\\\/www.purejewels.com\\\/#organization\"},\"potentialAction\":[{\"@type\":\"SearchAction\",\"target\":{\"@type\":\"EntryPoint\",\"urlTemplate\":\"https:\\\/\\\/www.purejewels.com\\\/?s={search_term_string}\"},\"query-input\":{\"@type\":\"PropertyValueSpecification\",\"valueRequired\":true,\"valueName\":\"search_term_string\"}}],\"inLanguage\":\"tr\"},{\"@type\":\"Organization\",\"@id\":\"https:\\\/\\\/www.purejewels.com\\\/#organization\",\"name\":\"PureJewels UK\",\"url\":\"https:\\\/\\\/www.purejewels.com\\\/\",\"logo\":{\"@type\":\"ImageObject\",\"inLanguage\":\"tr\",\"@id\":\"https:\\\/\\\/www.purejewels.com\\\/#\\\/schema\\\/logo\\\/image\\\/\",\"url\":\"https:\\\/\\\/static.purejewels.com\\\/wp-content\\\/uploads\\\/2020\\\/11\\\/Logo-PJ-New-1.png\",\"contentUrl\":\"https:\\\/\\\/static.purejewels.com\\\/wp-content\\\/uploads\\\/2020\\\/11\\\/Logo-PJ-New-1.png\",\"width\":150,\"height\":80,\"caption\":\"PureJewels UK\"},\"image\":{\"@id\":\"https:\\\/\\\/www.purejewels.com\\\/#\\\/schema\\\/logo\\\/image\\\/\"}}]}<\/script>\n<!-- \/ Yoast SEO plugin. -->","yoast_head_json":{"title":"ger\u00e7ek alt\u0131n burun halkalar\u0131 | \u0130ngiltere'de burun \u00e7\u0131t\u00e7\u0131tlar\u0131 sat\u0131n al\u0131n","description":"\u0130nce Burun \u00c7\u0131t\u00e7\u0131t | En \u0130yi Beyaz Alt\u0131n Burun Y\u00fcz\u00fcklerini Sat\u0131n Al\u0131n. Geni\u015f m\u00fccevher koleksiyonumuzdan se\u00e7im yap\u0131n. Garantili En D\u00fc\u015f\u00fck Fiyat.","robots":{"index":"index","follow":"follow","max-snippet":"max-snippet:-1","max-image-preview":"max-image-preview:large","max-video-preview":"max-video-preview:-1"},"canonical":"https:\/\/www.purejewels.com\/tr\/urun\/18-ayar-sari-altin-burun-ignesi-33269\/","og_locale":"tr_TR","og_type":"article","og_title":"real gold nose rings | shop nose studs in UK","og_description":"Thin Nose Stud | Buy Best white gold Nose Rings. Select from our wide range of jewellry collection. Guaranteed Lowest Price.","og_url":"https:\/\/www.purejewels.com\/tr\/urun\/18-ayar-sari-altin-burun-ignesi-33269\/","og_site_name":"PureJewels UK","article_modified_time":"2022-05-30T07:44:38+00:00","og_image":[{"width":1000,"height":1000,"url":"https:\/\/www.purejewels.com\/wp-content\/uploads\/2020\/09\/image186869297.jpg","type":"image\/jpeg"}],"twitter_card":"summary_large_image","twitter_misc":{"Tahmini okuma s\u00fcresi":"2 dakika"},"schema":{"@context":"https:\/\/schema.org","@graph":[{"@type":["WebPage","ItemPage"],"@id":"https:\/\/www.purejewels.com\/product\/18-carat-yellow-gold-nose-pin-33269\/","url":"https:\/\/www.purejewels.com\/product\/18-carat-yellow-gold-nose-pin-33269\/","name":"ger\u00e7ek alt\u0131n burun halkalar\u0131 | \u0130ngiltere'de burun \u00e7\u0131t\u00e7\u0131tlar\u0131 sat\u0131n al\u0131n","isPartOf":{"@id":"https:\/\/www.purejewels.com\/#website"},"primaryImageOfPage":{"@id":"https:\/\/www.purejewels.com\/product\/18-carat-yellow-gold-nose-pin-33269\/#primaryimage"},"image":{"@id":"https:\/\/www.purejewels.com\/product\/18-carat-yellow-gold-nose-pin-33269\/#primaryimage"},"thumbnailUrl":"https:\/\/static.purejewels.com\/wp-content\/uploads\/2020\/09\/image186869297.jpg","datePublished":"2020-09-29T10:24:55+00:00","dateModified":"2022-05-30T07:44:38+00:00","description":"\u0130nce Burun \u00c7\u0131t\u00e7\u0131t | En \u0130yi Beyaz Alt\u0131n Burun Y\u00fcz\u00fcklerini Sat\u0131n Al\u0131n. Geni\u015f m\u00fccevher koleksiyonumuzdan se\u00e7im yap\u0131n. Garantili En D\u00fc\u015f\u00fck Fiyat.","breadcrumb":{"@id":"https:\/\/www.purejewels.com\/product\/18-carat-yellow-gold-nose-pin-33269\/#breadcrumb"},"inLanguage":"tr","potentialAction":[{"@type":"ReadAction","target":["https:\/\/www.purejewels.com\/product\/18-carat-yellow-gold-nose-pin-33269\/"]}]},{"@type":"ImageObject","inLanguage":"tr","@id":"https:\/\/www.purejewels.com\/product\/18-carat-yellow-gold-nose-pin-33269\/#primaryimage","url":"https:\/\/static.purejewels.com\/wp-content\/uploads\/2020\/09\/image186869297.jpg","contentUrl":"https:\/\/static.purejewels.com\/wp-content\/uploads\/2020\/09\/image186869297.jpg","width":1000,"height":1000,"caption":"18ct Yellow Gold White CZ Stone with Screw Back Nose Pin YGNP060"},{"@type":"BreadcrumbList","@id":"https:\/\/www.purejewels.com\/product\/18-carat-yellow-gold-nose-pin-33269\/#breadcrumb","itemListElement":[{"@type":"ListItem","position":1,"name":"Home","item":"https:\/\/www.purejewels.com\/"},{"@type":"ListItem","position":2,"name":"Shop","item":"https:\/\/www.purejewels.com\/shop\/"},{"@type":"ListItem","position":3,"name":"18 carat Yellow Gold Nose Pin"}]},{"@type":"WebSite","@id":"https:\/\/www.purejewels.com\/#website","url":"https:\/\/www.purejewels.com\/","name":"PureJewels \u0130ngiltere","description":"Sevgiyi Payla\u015f\u0131n","publisher":{"@id":"https:\/\/www.purejewels.com\/#organization"},"potentialAction":[{"@type":"SearchAction","target":{"@type":"EntryPoint","urlTemplate":"https:\/\/www.purejewels.com\/?s={search_term_string}"},"query-input":{"@type":"PropertyValueSpecification","valueRequired":true,"valueName":"search_term_string"}}],"inLanguage":"tr"},{"@type":"Organization","@id":"https:\/\/www.purejewels.com\/#organization","name":"PureJewels \u0130ngiltere","url":"https:\/\/www.purejewels.com\/","logo":{"@type":"ImageObject","inLanguage":"tr","@id":"https:\/\/www.purejewels.com\/#\/schema\/logo\/image\/","url":"https:\/\/static.purejewels.com\/wp-content\/uploads\/2020\/11\/Logo-PJ-New-1.png","contentUrl":"https:\/\/static.purejewels.com\/wp-content\/uploads\/2020\/11\/Logo-PJ-New-1.png","width":150,"height":80,"caption":"PureJewels UK"},"image":{"@id":"https:\/\/www.purejewels.com\/#\/schema\/logo\/image\/"}}]}},"_links":{"self":[{"href":"https:\/\/www.purejewels.com\/tr\/wp-json\/wp\/v2\/product\/317693","targetHints":{"allow":["GET"]}}],"collection":[{"href":"https:\/\/www.purejewels.com\/tr\/wp-json\/wp\/v2\/product"}],"about":[{"href":"https:\/\/www.purejewels.com\/tr\/wp-json\/wp\/v2\/types\/product"}],"replies":[{"embeddable":true,"href":"https:\/\/www.purejewels.com\/tr\/wp-json\/wp\/v2\/comments?post=317693"}],"version-history":[{"count":0,"href":"https:\/\/www.purejewels.com\/tr\/wp-json\/wp\/v2\/product\/317693\/revisions"}],"wp:featuredmedia":[{"embeddable":true,"href":"https:\/\/www.purejewels.com\/tr\/wp-json\/wp\/v2\/media\/317753"}],"wp:attachment":[{"href":"https:\/\/www.purejewels.com\/tr\/wp-json\/wp\/v2\/media?parent=317693"}],"wp:term":[{"taxonomy":"product_brand","embeddable":true,"href":"https:\/\/www.purejewels.com\/tr\/wp-json\/wp\/v2\/product_brand?post=317693"},{"taxonomy":"product_cat","embeddable":true,"href":"https:\/\/www.purejewels.com\/tr\/wp-json\/wp\/v2\/product_cat?post=317693"},{"taxonomy":"product_tag","embeddable":true,"href":"https:\/\/www.purejewels.com\/tr\/wp-json\/wp\/v2\/product_tag?post=317693"}],"curies":[{"name":"wp","href":"https:\/\/api.w.org\/{rel}","templated":true}]}}