{"id":317710,"date":"2020-09-29T12:15:20","date_gmt":"2020-09-29T11:15:20","guid":{"rendered":"https:\/\/www.purejewels.com\/product\/18ct-yellow-gold-nose-pin-0-3gm\/"},"modified":"2026-02-02T22:08:13","modified_gmt":"2026-02-02T22:08:13","slug":"hint-altin-burun-saplamasi-uk-33273","status":"publish","type":"product","link":"https:\/\/www.purejewels.com\/tr\/product\/indian-gold-nose-stud-uk-33273\/","title":{"rendered":"18 Ayar Alt\u0131n | CZ Ta\u015fl\u0131 Burun Saplamas\u0131 | 5,9mm Kal\u0131nl\u0131k"},"content":{"rendered":"<p>Kendinizi g\u00f6sterecek cesur ve \u015f\u0131k bir burun halkas\u0131 m\u0131 ar\u0131yorsunuz? CZ Ta\u015fl\u0131 18 Ayar Alt\u0131n Kal\u0131n Burun Halkam\u0131zdan ba\u015fkas\u0131na bakmay\u0131n. Bu h\u0131zma 5,9 mm kal\u0131nl\u0131\u011f\u0131nda bir ayara sahiptir ve dikkatleri \u00fczerine \u00e7ekece\u011fi kesin olan \u00e7arp\u0131c\u0131 bir m\u00fccevher par\u00e7as\u0131d\u0131r.<\/p>\n<p>Y\u00fcksek kaliteli 18 ayar sar\u0131 alt\u0131ndan \u00fcretilen bu h\u0131zma sadece \u015f\u0131k de\u011fil, ayn\u0131 zamanda dayan\u0131kl\u0131 ve uzun \u00f6m\u00fcrl\u00fcd\u00fcr. CZ ta\u015flar tasar\u0131ma \u0131\u015f\u0131lt\u0131 ve ihti\u015fam katarak g\u00fcnl\u00fck kullan\u0131m veya \u00f6zel g\u00fcnler i\u00e7in m\u00fckemmel hale getirir.<\/p>\n<p>Bu h\u0131zma, g\u00fcvenli ve rahat kullan\u0131m i\u00e7in vidal\u0131 bir s\u0131rt ile birlikte gelir. Sap uzunlu\u011fu yakla\u015f\u0131k 6 mm, sap kal\u0131nl\u0131\u011f\u0131 0,6 mm ve boru kal\u0131nl\u0131\u011f\u0131 0,9 mm'dir. Sadece 0,3 gram a\u011f\u0131rl\u0131\u011f\u0131ndad\u0131r, bu da onu hafif ve takmas\u0131 kolay hale getirir.<\/p>\n<p>Her burun halkas\u0131 bir sunum kutusu ve Birle\u015fik Krall\u0131k genelinde \u00fccretsiz teslimat ile birlikte gelir. Bu \u00e7arp\u0131c\u0131 par\u00e7ay\u0131 bug\u00fcn koleksiyonunuza ekleyin ve g\u00f6r\u00fcn\u00fcm\u00fcn\u00fcz\u00fc l\u00fcks ve stil sahibi bir dokunu\u015fla y\u00fckseltin.<\/p>","protected":false},"excerpt":{"rendered":"<ul>\n<li>Alt\u0131n Burun Saplamas\u0131 \u0130ngiltere<\/li>\n<li>CZ Ta\u015fl\u0131 18 Ayar Sar\u0131 Alt\u0131n Burun Saplamas\u0131<\/li>\n<li>Vidal\u0131 S\u0131rt ile birlikte gelir<\/li>\n<li>Boyutlar:\n<ul>\n<li>Sap Uzunlu\u011fu: 6mm (yakla\u015f\u0131k)<\/li>\n<li>Ayar \u00e7ap\u0131: 5,9 mm (yakla\u015f\u0131k)<\/li>\n<li>Sap Kal\u0131nl\u0131\u011f\u0131: 0,6 mm (yakla\u015f\u0131k)<\/li>\n<li>T\u00fcp Kal\u0131nl\u0131\u011f\u0131: 0,9 mm (yakla\u015f\u0131k)<\/li>\n<\/ul>\n<\/li>\n<li>A\u011f\u0131rl\u0131k 0,3 grm<\/li>\n<li>SKU. 33273, 41508<\/li>\n<li>G\u00fcnl\u00fck kullan\u0131m i\u00e7in Green Street'te Alt\u0131n Burun Tak\u0131lar\u0131.<\/li>\n<li>Sunum Kutusu ile Birlikte Gelir<\/li>\n<li>\u0130ngiltere Genelinde \u00dccretsiz Teslimat<\/li>\n<li>T\u00fcm fiyatlara KDV dahildir<\/li>\n<li>P\u0131rlanta Burun \u00c7\u0131t\u00e7\u0131tlar\u0131 koleksiyonumuzu ke\u015ffedin<\/li>\n<li>\"\u00dcr\u00fcn videosu i\u00e7in bizimle ileti\u015fime ge\u00e7in\/canl\u0131 sohbet edin.\"<\/li>\n<\/ul>","protected":false},"featured_media":345483,"comment_status":"closed","ping_status":"closed","template":"","meta":{"_eb_attr":"","_crsspst_to_jayantr4sg-hostcom":false},"product_brand":[],"product_cat":[5679,1711,5942,1574],"product_tag":[],"class_list":{"0":"post-317710","1":"product","2":"type-product","3":"status-publish","4":"has-post-thumbnail","6":"product_cat-18ct-gold-jewellery","7":"product_cat-gold-nose-studs","8":"product_cat-nose-jewellery","9":"product_cat-womens-jewellery","11":"first","12":"outofstock","13":"taxable","14":"shipping-taxable","15":"product-type-simple","16":"add-to-wishlist-before_image"},"yoast_head":"<!-- This site is optimized with the Yoast SEO plugin v27.3 - https:\/\/yoast.com\/product\/yoast-seo-wordpress\/ -->\n<title>Thin Nose ring | Stylish Nose studs at PureJewels UK<\/title>\n<meta name=\"description\" content=\"Gold Nose Studs | Discover nose rings and studs in the UK. Pick this beautifully crafted nose stud made in white gold &amp; diamond.\" \/>\n<meta name=\"robots\" content=\"index, follow, max-snippet:-1, max-image-preview:large, max-video-preview:-1\" \/>\n<link rel=\"canonical\" href=\"https:\/\/www.purejewels.com\/tr\/urun\/hint-altin-burun-saplamasi-uk-33273\/\" \/>\n<meta property=\"og:locale\" content=\"tr_TR\" \/>\n<meta property=\"og:type\" content=\"article\" \/>\n<meta property=\"og:title\" content=\"Thin Nose ring | Stylish Nose studs at PureJewels UK\" \/>\n<meta property=\"og:description\" content=\"Gold Nose Studs | Discover nose rings and studs in the UK. Pick this beautifully crafted nose stud made in white gold &amp; diamond.\" \/>\n<meta property=\"og:url\" content=\"https:\/\/www.purejewels.com\/tr\/urun\/hint-altin-burun-saplamasi-uk-33273\/\" \/>\n<meta property=\"og:site_name\" content=\"PureJewels UK\" \/>\n<meta property=\"article:modified_time\" content=\"2026-02-02T22:08:13+00:00\" \/>\n<meta property=\"og:image\" content=\"https:\/\/static.purejewels.com\/wp-content\/uploads\/2020\/09\/33273.jpg\" \/>\n\t<meta property=\"og:image:width\" content=\"1000\" \/>\n\t<meta property=\"og:image:height\" content=\"1000\" \/>\n\t<meta property=\"og:image:type\" content=\"image\/jpeg\" \/>\n<meta name=\"twitter:card\" content=\"summary_large_image\" \/>\n<meta name=\"twitter:label1\" content=\"Tahmini okuma s\u00fcresi\" \/>\n\t<meta name=\"twitter:data1\" content=\"1 dakika\" \/>\n<script type=\"application\/ld+json\" class=\"yoast-schema-graph\">{\"@context\":\"https:\\\/\\\/schema.org\",\"@graph\":[{\"@type\":[\"WebPage\",\"ItemPage\"],\"@id\":\"https:\\\/\\\/www.purejewels.com\\\/product\\\/indian-gold-nose-stud-uk-33273\\\/\",\"url\":\"https:\\\/\\\/www.purejewels.com\\\/product\\\/indian-gold-nose-stud-uk-33273\\\/\",\"name\":\"Thin Nose ring | Stylish Nose studs at PureJewels UK\",\"isPartOf\":{\"@id\":\"https:\\\/\\\/www.purejewels.com\\\/#website\"},\"primaryImageOfPage\":{\"@id\":\"https:\\\/\\\/www.purejewels.com\\\/product\\\/indian-gold-nose-stud-uk-33273\\\/#primaryimage\"},\"image\":{\"@id\":\"https:\\\/\\\/www.purejewels.com\\\/product\\\/indian-gold-nose-stud-uk-33273\\\/#primaryimage\"},\"thumbnailUrl\":\"https:\\\/\\\/static.purejewels.com\\\/wp-content\\\/uploads\\\/2020\\\/09\\\/33273.jpg\",\"datePublished\":\"2020-09-29T11:15:20+00:00\",\"dateModified\":\"2026-02-02T22:08:13+00:00\",\"description\":\"Gold Nose Studs | Discover nose rings and studs in the UK. Pick this beautifully crafted nose stud made in white gold & diamond.\",\"breadcrumb\":{\"@id\":\"https:\\\/\\\/www.purejewels.com\\\/product\\\/indian-gold-nose-stud-uk-33273\\\/#breadcrumb\"},\"inLanguage\":\"tr\",\"potentialAction\":[{\"@type\":\"ReadAction\",\"target\":[\"https:\\\/\\\/www.purejewels.com\\\/product\\\/indian-gold-nose-stud-uk-33273\\\/\"]}]},{\"@type\":\"ImageObject\",\"inLanguage\":\"tr\",\"@id\":\"https:\\\/\\\/www.purejewels.com\\\/product\\\/indian-gold-nose-stud-uk-33273\\\/#primaryimage\",\"url\":\"https:\\\/\\\/static.purejewels.com\\\/wp-content\\\/uploads\\\/2020\\\/09\\\/33273.jpg\",\"contentUrl\":\"https:\\\/\\\/static.purejewels.com\\\/wp-content\\\/uploads\\\/2020\\\/09\\\/33273.jpg\",\"width\":1000,\"height\":1000,\"caption\":\"18ct Gold | CZ Stone Nose Stud | 5.9mm Thick\"},{\"@type\":\"BreadcrumbList\",\"@id\":\"https:\\\/\\\/www.purejewels.com\\\/product\\\/indian-gold-nose-stud-uk-33273\\\/#breadcrumb\",\"itemListElement\":[{\"@type\":\"ListItem\",\"position\":1,\"name\":\"Home\",\"item\":\"https:\\\/\\\/www.purejewels.com\\\/\"},{\"@type\":\"ListItem\",\"position\":2,\"name\":\"Shop\",\"item\":\"https:\\\/\\\/www.purejewels.com\\\/shop\\\/\"},{\"@type\":\"ListItem\",\"position\":3,\"name\":\"18ct Gold | CZ Stone Nose Stud | 5.9mm Thick\"}]},{\"@type\":\"WebSite\",\"@id\":\"https:\\\/\\\/www.purejewels.com\\\/#website\",\"url\":\"https:\\\/\\\/www.purejewels.com\\\/\",\"name\":\"PureJewels UK\",\"description\":\"Share the Love\",\"publisher\":{\"@id\":\"https:\\\/\\\/www.purejewels.com\\\/#organization\"},\"potentialAction\":[{\"@type\":\"SearchAction\",\"target\":{\"@type\":\"EntryPoint\",\"urlTemplate\":\"https:\\\/\\\/www.purejewels.com\\\/?s={search_term_string}\"},\"query-input\":{\"@type\":\"PropertyValueSpecification\",\"valueRequired\":true,\"valueName\":\"search_term_string\"}}],\"inLanguage\":\"tr\"},{\"@type\":\"Organization\",\"@id\":\"https:\\\/\\\/www.purejewels.com\\\/#organization\",\"name\":\"PureJewels UK\",\"url\":\"https:\\\/\\\/www.purejewels.com\\\/\",\"logo\":{\"@type\":\"ImageObject\",\"inLanguage\":\"tr\",\"@id\":\"https:\\\/\\\/www.purejewels.com\\\/#\\\/schema\\\/logo\\\/image\\\/\",\"url\":\"https:\\\/\\\/static.purejewels.com\\\/wp-content\\\/uploads\\\/2020\\\/11\\\/Logo-PJ-New-1.png\",\"contentUrl\":\"https:\\\/\\\/static.purejewels.com\\\/wp-content\\\/uploads\\\/2020\\\/11\\\/Logo-PJ-New-1.png\",\"width\":150,\"height\":80,\"caption\":\"PureJewels UK\"},\"image\":{\"@id\":\"https:\\\/\\\/www.purejewels.com\\\/#\\\/schema\\\/logo\\\/image\\\/\"}}]}<\/script>\n<!-- \/ Yoast SEO plugin. -->","yoast_head_json":{"title":"\u0130nce Burun Halkas\u0131 | \u015e\u0131k Burun \u00c7\u0131t\u00e7\u0131tlar\u0131 PureJewels UK'de","description":"Alt\u0131n Burun \u00c7\u0131t\u00e7\u0131tlar\u0131 | \u0130ngiltere'deki burun halkalar\u0131n\u0131 ve \u00e7\u0131t\u00e7\u0131tlar\u0131 ke\u015ffedin. Beyaz alt\u0131n ve p\u0131rlantadan yap\u0131lm\u0131\u015f bu g\u00fczel i\u015flenmi\u015f burun saplamas\u0131n\u0131 se\u00e7in.","robots":{"index":"index","follow":"follow","max-snippet":"max-snippet:-1","max-image-preview":"max-image-preview:large","max-video-preview":"max-video-preview:-1"},"canonical":"https:\/\/www.purejewels.com\/tr\/urun\/hint-altin-burun-saplamasi-uk-33273\/","og_locale":"tr_TR","og_type":"article","og_title":"Thin Nose ring | Stylish Nose studs at PureJewels UK","og_description":"Gold Nose Studs | Discover nose rings and studs in the UK. Pick this beautifully crafted nose stud made in white gold & diamond.","og_url":"https:\/\/www.purejewels.com\/tr\/urun\/hint-altin-burun-saplamasi-uk-33273\/","og_site_name":"PureJewels UK","article_modified_time":"2026-02-02T22:08:13+00:00","og_image":[{"width":1000,"height":1000,"url":"https:\/\/static.purejewels.com\/wp-content\/uploads\/2020\/09\/33273.jpg","type":"image\/jpeg"}],"twitter_card":"summary_large_image","twitter_misc":{"Tahmini okuma s\u00fcresi":"1 dakika"},"schema":{"@context":"https:\/\/schema.org","@graph":[{"@type":["WebPage","ItemPage"],"@id":"https:\/\/www.purejewels.com\/product\/indian-gold-nose-stud-uk-33273\/","url":"https:\/\/www.purejewels.com\/product\/indian-gold-nose-stud-uk-33273\/","name":"\u0130nce Burun Halkas\u0131 | \u015e\u0131k Burun \u00c7\u0131t\u00e7\u0131tlar\u0131 PureJewels UK'de","isPartOf":{"@id":"https:\/\/www.purejewels.com\/#website"},"primaryImageOfPage":{"@id":"https:\/\/www.purejewels.com\/product\/indian-gold-nose-stud-uk-33273\/#primaryimage"},"image":{"@id":"https:\/\/www.purejewels.com\/product\/indian-gold-nose-stud-uk-33273\/#primaryimage"},"thumbnailUrl":"https:\/\/static.purejewels.com\/wp-content\/uploads\/2020\/09\/33273.jpg","datePublished":"2020-09-29T11:15:20+00:00","dateModified":"2026-02-02T22:08:13+00:00","description":"Alt\u0131n Burun \u00c7\u0131t\u00e7\u0131tlar\u0131 | \u0130ngiltere'deki burun halkalar\u0131n\u0131 ve \u00e7\u0131t\u00e7\u0131tlar\u0131 ke\u015ffedin. Beyaz alt\u0131n ve p\u0131rlantadan yap\u0131lm\u0131\u015f bu g\u00fczel i\u015flenmi\u015f burun saplamas\u0131n\u0131 se\u00e7in.","breadcrumb":{"@id":"https:\/\/www.purejewels.com\/product\/indian-gold-nose-stud-uk-33273\/#breadcrumb"},"inLanguage":"tr","potentialAction":[{"@type":"ReadAction","target":["https:\/\/www.purejewels.com\/product\/indian-gold-nose-stud-uk-33273\/"]}]},{"@type":"ImageObject","inLanguage":"tr","@id":"https:\/\/www.purejewels.com\/product\/indian-gold-nose-stud-uk-33273\/#primaryimage","url":"https:\/\/static.purejewels.com\/wp-content\/uploads\/2020\/09\/33273.jpg","contentUrl":"https:\/\/static.purejewels.com\/wp-content\/uploads\/2020\/09\/33273.jpg","width":1000,"height":1000,"caption":"18ct Gold | CZ Stone Nose Stud | 5.9mm Thick"},{"@type":"BreadcrumbList","@id":"https:\/\/www.purejewels.com\/product\/indian-gold-nose-stud-uk-33273\/#breadcrumb","itemListElement":[{"@type":"ListItem","position":1,"name":"Home","item":"https:\/\/www.purejewels.com\/"},{"@type":"ListItem","position":2,"name":"Shop","item":"https:\/\/www.purejewels.com\/shop\/"},{"@type":"ListItem","position":3,"name":"18ct Gold | CZ Stone Nose Stud | 5.9mm Thick"}]},{"@type":"WebSite","@id":"https:\/\/www.purejewels.com\/#website","url":"https:\/\/www.purejewels.com\/","name":"PureJewels \u0130ngiltere","description":"Sevgiyi Payla\u015f\u0131n","publisher":{"@id":"https:\/\/www.purejewels.com\/#organization"},"potentialAction":[{"@type":"SearchAction","target":{"@type":"EntryPoint","urlTemplate":"https:\/\/www.purejewels.com\/?s={search_term_string}"},"query-input":{"@type":"PropertyValueSpecification","valueRequired":true,"valueName":"search_term_string"}}],"inLanguage":"tr"},{"@type":"Organization","@id":"https:\/\/www.purejewels.com\/#organization","name":"PureJewels \u0130ngiltere","url":"https:\/\/www.purejewels.com\/","logo":{"@type":"ImageObject","inLanguage":"tr","@id":"https:\/\/www.purejewels.com\/#\/schema\/logo\/image\/","url":"https:\/\/static.purejewels.com\/wp-content\/uploads\/2020\/11\/Logo-PJ-New-1.png","contentUrl":"https:\/\/static.purejewels.com\/wp-content\/uploads\/2020\/11\/Logo-PJ-New-1.png","width":150,"height":80,"caption":"PureJewels UK"},"image":{"@id":"https:\/\/www.purejewels.com\/#\/schema\/logo\/image\/"}}]}},"_links":{"self":[{"href":"https:\/\/www.purejewels.com\/tr\/wp-json\/wp\/v2\/product\/317710","targetHints":{"allow":["GET"]}}],"collection":[{"href":"https:\/\/www.purejewels.com\/tr\/wp-json\/wp\/v2\/product"}],"about":[{"href":"https:\/\/www.purejewels.com\/tr\/wp-json\/wp\/v2\/types\/product"}],"replies":[{"embeddable":true,"href":"https:\/\/www.purejewels.com\/tr\/wp-json\/wp\/v2\/comments?post=317710"}],"version-history":[{"count":3,"href":"https:\/\/www.purejewels.com\/tr\/wp-json\/wp\/v2\/product\/317710\/revisions"}],"predecessor-version":[{"id":420321,"href":"https:\/\/www.purejewels.com\/tr\/wp-json\/wp\/v2\/product\/317710\/revisions\/420321"}],"wp:featuredmedia":[{"embeddable":true,"href":"https:\/\/www.purejewels.com\/tr\/wp-json\/wp\/v2\/media\/345483"}],"wp:attachment":[{"href":"https:\/\/www.purejewels.com\/tr\/wp-json\/wp\/v2\/media?parent=317710"}],"wp:term":[{"taxonomy":"product_brand","embeddable":true,"href":"https:\/\/www.purejewels.com\/tr\/wp-json\/wp\/v2\/product_brand?post=317710"},{"taxonomy":"product_cat","embeddable":true,"href":"https:\/\/www.purejewels.com\/tr\/wp-json\/wp\/v2\/product_cat?post=317710"},{"taxonomy":"product_tag","embeddable":true,"href":"https:\/\/www.purejewels.com\/tr\/wp-json\/wp\/v2\/product_tag?post=317710"}],"curies":[{"name":"wp","href":"https:\/\/api.w.org\/{rel}","templated":true}]}}