{"id":317729,"date":"2020-09-30T05:49:59","date_gmt":"2020-09-30T04:49:59","guid":{"rendered":"https:\/\/www.purejewels.com\/product\/18ct-yellow-gold-nose-pin-0-2gm\/"},"modified":"2021-12-20T14:34:24","modified_gmt":"2021-12-20T14:34:24","slug":"18-ayar-sari-altin-burun-ignesi-33277","status":"publish","type":"product","link":"https:\/\/www.purejewels.com\/tr\/product\/18ct-yellow-gold-nose-pin-33277\/","title":{"rendered":"18 Ayar Sar\u0131 Alt\u0131n Burun \u0130\u011fnesi"},"content":{"rendered":"<p><strong>Tasar\u0131m<\/strong><\/p>\n<p>Hint k\u00fclt\u00fcr\u00fcnde, insan v\u00fccudunun farkl\u0131 b\u00f6lgeleri i\u00e7in \u00f6zel olarak tasarlanm\u0131\u015f zengin \u00e7e\u015fitlilikte s\u00fcs e\u015fyalar\u0131 vard\u0131r ve bunlar\u0131n her birinin ayr\u0131 bir \u00f6nemi vard\u0131r. T\u0131pk\u0131 bunun gibi, Hint geleneklerinde, <a href=\"https:\/\/www.purejewels.com\/tr\/product-category\/22ct-gold-jewellery\/nose-jewellery\/gold-nose-pins\/\">burun pimleri<\/a> Ki\u015finin do\u011fum k\u00f6kenini tasvir eder, kad\u0131nl\u0131\u011f\u0131 simgeler ve zarafet hissi verir. T\u0131pk\u0131 <a href=\"https:\/\/www.purejewels.com\/tr\/how-to-measure-bangle-size-2\/\">B\u0130LEZ\u0130KLER<\/a>, a <em><a href=\"https:\/\/www.purejewels.com\/tr\/product-category\/22ct-gold-jewellery\/gold-mangalsutras\/\">mangalsutra<\/a> <\/em>ya da<em> bindi, burun<\/em> Piercing, zengin Hint geleneklerinin bir par\u00e7as\u0131d\u0131r.<\/p>\n<p><strong>\u0130lham kayna\u011f\u0131<\/strong><\/p>\n<p>Bu <strong>alt\u0131n burun saplamas\u0131<\/strong> 18K safl\u0131\u011f\u0131nda zengin sar\u0131 alt\u0131ndan yap\u0131lm\u0131\u015ft\u0131r. Ge\u00e7mi\u015ften bir dokunu\u015fla minimal ve moderndir. Bu burun i\u011fnesinin tasar\u0131m\u0131 bir ku\u015fun havas\u0131ndan esinlenilmi\u015ftir ve bir t\u00fcy\u00fcn k\u00fc\u00e7\u00fck bir versiyonu \u015feklinde oyulmu\u015f unsurla ba\u015flar. Minyat\u00fcr ve yekpare t\u00fcy unsuru, t\u0131pk\u0131 elmaslar gibi \u0131\u015f\u0131l \u0131\u015f\u0131l parlayan ve bu g\u00fczelli\u011fe m\u00fckemmel miktarda \u0131\u015f\u0131lt\u0131 katan k\u00fcbik zirkon ta\u015flarla g\u00fczelce kaplanm\u0131\u015ft\u0131r. Element, bu biblonun kolay ve zahmetsizce tak\u0131lmas\u0131n\u0131 ve \u015fekillendirilmesini sa\u011flayan bir sap yard\u0131m\u0131yla arkaya do\u011fru uzat\u0131lm\u0131\u015ft\u0131r.<\/p>\n<p><strong>Stil<\/strong><\/p>\n<p>E\u011fer bir <strong>minik burun \u00e7ivisi<\/strong> kendiniz veya bir ba\u015fkas\u0131 i\u00e7in <a href=\"https:\/\/www.purejewels.com\/tr\/product\/22ct-gold-yellow-gold-nose-ring-for-ladies-43553\/\">burun halkas\u0131<\/a> beden tablosunu inceleyebilir veya ekran\u0131n\u0131z\u0131n sa\u011f alt k\u00f6\u015fesinde a\u00e7\u0131lan sohbet kutusu arac\u0131l\u0131\u011f\u0131yla bizimle do\u011frudan ileti\u015fime ge\u00e7ebilirsiniz. Do\u011fru miktarda bling'e sahiptir ve g\u00f6r\u00fcn\u00fcm\u00fcn\u00fcze bir kenar eklerken muhte\u015fem g\u00f6r\u00fcn\u00fcr ve bu g\u00fczelli\u011fi g\u00f6stermek i\u00e7in bir vesileye ihtiya\u00e7 duymad\u0131\u011f\u0131ndan her g\u00fcn \u015fekillendirilebilir ve giyilebilir.<\/p>","protected":false},"excerpt":{"rendered":"<ul>\n<li>Alt\u0131n Burun \u0130\u011fnesi \u0130ngiltere<\/li>\n<li>CZ Ta\u015fl\u0131 18 Ayar Sar\u0131 Alt\u0131n Burun \u0130\u011fnesi<\/li>\n<li>Vidal\u0131 S\u0131rt ile birlikte gelir<\/li>\n<li>Boyutlar:\n<ul>\n<li>Sap Uzunlu\u011fu: 6mm (yakla\u015f\u0131k)<\/li>\n<li>Ayar \u00e7ap\u0131: 6,5 mm (yakla\u015f\u0131k)<\/li>\n<li>Sap Kal\u0131nl\u0131\u011f\u0131: 0,6 mm (yakla\u015f\u0131k)<\/li>\n<li>T\u00fcp Kal\u0131nl\u0131\u011f\u0131: 0,9 mm (yakla\u015f\u0131k)<\/li>\n<\/ul>\n<\/li>\n<li>A\u011f\u0131rl\u0131k 0,2 grm<\/li>\n<li>SKU. 33277<\/li>\n<li>G\u00fcnl\u00fck kullan\u0131m i\u00e7in Green Street'te Alt\u0131n Burun Tak\u0131lar\u0131.<\/li>\n<li>Sunum Kutusu ile Birlikte Gelir<\/li>\n<li>\u0130ngiltere Genelinde \u00dccretsiz Teslimat<\/li>\n<li>T\u00fcm fiyatlara KDV dahildir<\/li>\n<li>\"\u00dcr\u00fcn videosu i\u00e7in bizimle ileti\u015fime ge\u00e7in\/canl\u0131 sohbet edin.\"<\/li>\n<\/ul>","protected":false},"featured_media":317731,"comment_status":"closed","ping_status":"closed","template":"","meta":{"_eb_attr":"","_crsspst_to_jayantr4sg-hostcom":false},"product_brand":[],"product_cat":[1711,1463,1574],"product_tag":[],"class_list":{"0":"post-317729","1":"product","2":"type-product","3":"status-publish","4":"has-post-thumbnail","6":"product_cat-gold-nose-studs","7":"product_cat-gold-nose-pins","8":"product_cat-womens-jewellery","10":"first","11":"outofstock","12":"taxable","13":"shipping-taxable","14":"product-type-simple","15":"add-to-wishlist-before_image"},"yoast_head":"<!-- This site is optimized with the Yoast SEO plugin v27.3 - https:\/\/yoast.com\/product\/yoast-seo-wordpress\/ -->\n<title>Gold Nose Studs | Shop Thin Nose Pins | Purejewels UK<\/title>\n<meta name=\"description\" content=\"white gold nose ring at Purejewels. white gold nose ring. Buy unique nose ring jewelry at PureJewels UK. Free delivery over \u00a3100.\" \/>\n<meta name=\"robots\" content=\"index, follow, max-snippet:-1, max-image-preview:large, max-video-preview:-1\" \/>\n<link rel=\"canonical\" href=\"https:\/\/www.purejewels.com\/tr\/urun\/18-ayar-sari-altin-burun-ignesi-33277\/\" \/>\n<meta property=\"og:locale\" content=\"tr_TR\" \/>\n<meta property=\"og:type\" content=\"article\" \/>\n<meta property=\"og:title\" content=\"Gold Nose Studs | Shop Thin Nose Pins | Purejewels UK\" \/>\n<meta property=\"og:description\" content=\"white gold nose ring at Purejewels. white gold nose ring. Buy unique nose ring jewelry at PureJewels UK. Free delivery over \u00a3100.\" \/>\n<meta property=\"og:url\" content=\"https:\/\/www.purejewels.com\/tr\/urun\/18-ayar-sari-altin-burun-ignesi-33277\/\" \/>\n<meta property=\"og:site_name\" content=\"PureJewels UK\" \/>\n<meta property=\"article:modified_time\" content=\"2021-12-20T14:34:24+00:00\" \/>\n<meta property=\"og:image\" content=\"https:\/\/www.purejewels.com\/wp-content\/uploads\/2020\/09\/image186858125.jpg\" \/>\n\t<meta property=\"og:image:width\" content=\"1000\" \/>\n\t<meta property=\"og:image:height\" content=\"1000\" \/>\n\t<meta property=\"og:image:type\" content=\"image\/jpeg\" \/>\n<meta name=\"twitter:card\" content=\"summary_large_image\" \/>\n<meta name=\"twitter:label1\" content=\"Tahmini okuma s\u00fcresi\" \/>\n\t<meta name=\"twitter:data1\" content=\"2 dakika\" \/>\n<script type=\"application\/ld+json\" class=\"yoast-schema-graph\">{\"@context\":\"https:\\\/\\\/schema.org\",\"@graph\":[{\"@type\":[\"WebPage\",\"ItemPage\"],\"@id\":\"https:\\\/\\\/www.purejewels.com\\\/product\\\/18ct-yellow-gold-nose-pin-33277\\\/\",\"url\":\"https:\\\/\\\/www.purejewels.com\\\/product\\\/18ct-yellow-gold-nose-pin-33277\\\/\",\"name\":\"Gold Nose Studs | Shop Thin Nose Pins | Purejewels UK\",\"isPartOf\":{\"@id\":\"https:\\\/\\\/www.purejewels.com\\\/#website\"},\"primaryImageOfPage\":{\"@id\":\"https:\\\/\\\/www.purejewels.com\\\/product\\\/18ct-yellow-gold-nose-pin-33277\\\/#primaryimage\"},\"image\":{\"@id\":\"https:\\\/\\\/www.purejewels.com\\\/product\\\/18ct-yellow-gold-nose-pin-33277\\\/#primaryimage\"},\"thumbnailUrl\":\"https:\\\/\\\/static.purejewels.com\\\/wp-content\\\/uploads\\\/2020\\\/09\\\/image186858125.jpg\",\"datePublished\":\"2020-09-30T04:49:59+00:00\",\"dateModified\":\"2021-12-20T14:34:24+00:00\",\"description\":\"white gold nose ring at Purejewels. white gold nose ring. Buy unique nose ring jewelry at PureJewels UK. Free delivery over \u00a3100.\",\"breadcrumb\":{\"@id\":\"https:\\\/\\\/www.purejewels.com\\\/product\\\/18ct-yellow-gold-nose-pin-33277\\\/#breadcrumb\"},\"inLanguage\":\"tr\",\"potentialAction\":[{\"@type\":\"ReadAction\",\"target\":[\"https:\\\/\\\/www.purejewels.com\\\/product\\\/18ct-yellow-gold-nose-pin-33277\\\/\"]}]},{\"@type\":\"ImageObject\",\"inLanguage\":\"tr\",\"@id\":\"https:\\\/\\\/www.purejewels.com\\\/product\\\/18ct-yellow-gold-nose-pin-33277\\\/#primaryimage\",\"url\":\"https:\\\/\\\/static.purejewels.com\\\/wp-content\\\/uploads\\\/2020\\\/09\\\/image186858125.jpg\",\"contentUrl\":\"https:\\\/\\\/static.purejewels.com\\\/wp-content\\\/uploads\\\/2020\\\/09\\\/image186858125.jpg\",\"width\":1000,\"height\":1000,\"caption\":\"18ct Yellow Gold White CZ Stone with Screw Back Nose Pin YGNP068\"},{\"@type\":\"BreadcrumbList\",\"@id\":\"https:\\\/\\\/www.purejewels.com\\\/product\\\/18ct-yellow-gold-nose-pin-33277\\\/#breadcrumb\",\"itemListElement\":[{\"@type\":\"ListItem\",\"position\":1,\"name\":\"Home\",\"item\":\"https:\\\/\\\/www.purejewels.com\\\/\"},{\"@type\":\"ListItem\",\"position\":2,\"name\":\"Shop\",\"item\":\"https:\\\/\\\/www.purejewels.com\\\/shop\\\/\"},{\"@type\":\"ListItem\",\"position\":3,\"name\":\"18ct Yellow Gold Nose Pin\"}]},{\"@type\":\"WebSite\",\"@id\":\"https:\\\/\\\/www.purejewels.com\\\/#website\",\"url\":\"https:\\\/\\\/www.purejewels.com\\\/\",\"name\":\"PureJewels UK\",\"description\":\"Share the Love\",\"publisher\":{\"@id\":\"https:\\\/\\\/www.purejewels.com\\\/#organization\"},\"potentialAction\":[{\"@type\":\"SearchAction\",\"target\":{\"@type\":\"EntryPoint\",\"urlTemplate\":\"https:\\\/\\\/www.purejewels.com\\\/?s={search_term_string}\"},\"query-input\":{\"@type\":\"PropertyValueSpecification\",\"valueRequired\":true,\"valueName\":\"search_term_string\"}}],\"inLanguage\":\"tr\"},{\"@type\":\"Organization\",\"@id\":\"https:\\\/\\\/www.purejewels.com\\\/#organization\",\"name\":\"PureJewels UK\",\"url\":\"https:\\\/\\\/www.purejewels.com\\\/\",\"logo\":{\"@type\":\"ImageObject\",\"inLanguage\":\"tr\",\"@id\":\"https:\\\/\\\/www.purejewels.com\\\/#\\\/schema\\\/logo\\\/image\\\/\",\"url\":\"https:\\\/\\\/static.purejewels.com\\\/wp-content\\\/uploads\\\/2020\\\/11\\\/Logo-PJ-New-1.png\",\"contentUrl\":\"https:\\\/\\\/static.purejewels.com\\\/wp-content\\\/uploads\\\/2020\\\/11\\\/Logo-PJ-New-1.png\",\"width\":150,\"height\":80,\"caption\":\"PureJewels UK\"},\"image\":{\"@id\":\"https:\\\/\\\/www.purejewels.com\\\/#\\\/schema\\\/logo\\\/image\\\/\"}}]}<\/script>\n<!-- \/ Yoast SEO plugin. -->","yoast_head_json":{"title":"Alt\u0131n Burun \u00c7\u0131t\u00e7\u0131tlar\u0131 | \u0130nce Burun \u0130\u011fneleri Sat\u0131n Al\u0131n | Purejewels UK","description":"Purejewels'de beyaz alt\u0131n h\u0131zma. beyaz alt\u0131n h\u0131zma. PureJewels UK'de benzersiz burun halkas\u0131 tak\u0131lar\u0131 sat\u0131n al\u0131n. 100\u00a3 \u00fczeri \u00fccretsiz teslimat.","robots":{"index":"index","follow":"follow","max-snippet":"max-snippet:-1","max-image-preview":"max-image-preview:large","max-video-preview":"max-video-preview:-1"},"canonical":"https:\/\/www.purejewels.com\/tr\/urun\/18-ayar-sari-altin-burun-ignesi-33277\/","og_locale":"tr_TR","og_type":"article","og_title":"Gold Nose Studs | Shop Thin Nose Pins | Purejewels UK","og_description":"white gold nose ring at Purejewels. white gold nose ring. Buy unique nose ring jewelry at PureJewels UK. Free delivery over \u00a3100.","og_url":"https:\/\/www.purejewels.com\/tr\/urun\/18-ayar-sari-altin-burun-ignesi-33277\/","og_site_name":"PureJewels UK","article_modified_time":"2021-12-20T14:34:24+00:00","og_image":[{"width":1000,"height":1000,"url":"https:\/\/www.purejewels.com\/wp-content\/uploads\/2020\/09\/image186858125.jpg","type":"image\/jpeg"}],"twitter_card":"summary_large_image","twitter_misc":{"Tahmini okuma s\u00fcresi":"2 dakika"},"schema":{"@context":"https:\/\/schema.org","@graph":[{"@type":["WebPage","ItemPage"],"@id":"https:\/\/www.purejewels.com\/product\/18ct-yellow-gold-nose-pin-33277\/","url":"https:\/\/www.purejewels.com\/product\/18ct-yellow-gold-nose-pin-33277\/","name":"Alt\u0131n Burun \u00c7\u0131t\u00e7\u0131tlar\u0131 | \u0130nce Burun \u0130\u011fneleri Sat\u0131n Al\u0131n | Purejewels UK","isPartOf":{"@id":"https:\/\/www.purejewels.com\/#website"},"primaryImageOfPage":{"@id":"https:\/\/www.purejewels.com\/product\/18ct-yellow-gold-nose-pin-33277\/#primaryimage"},"image":{"@id":"https:\/\/www.purejewels.com\/product\/18ct-yellow-gold-nose-pin-33277\/#primaryimage"},"thumbnailUrl":"https:\/\/static.purejewels.com\/wp-content\/uploads\/2020\/09\/image186858125.jpg","datePublished":"2020-09-30T04:49:59+00:00","dateModified":"2021-12-20T14:34:24+00:00","description":"Purejewels'de beyaz alt\u0131n h\u0131zma. beyaz alt\u0131n h\u0131zma. PureJewels UK'de benzersiz burun halkas\u0131 tak\u0131lar\u0131 sat\u0131n al\u0131n. 100\u00a3 \u00fczeri \u00fccretsiz teslimat.","breadcrumb":{"@id":"https:\/\/www.purejewels.com\/product\/18ct-yellow-gold-nose-pin-33277\/#breadcrumb"},"inLanguage":"tr","potentialAction":[{"@type":"ReadAction","target":["https:\/\/www.purejewels.com\/product\/18ct-yellow-gold-nose-pin-33277\/"]}]},{"@type":"ImageObject","inLanguage":"tr","@id":"https:\/\/www.purejewels.com\/product\/18ct-yellow-gold-nose-pin-33277\/#primaryimage","url":"https:\/\/static.purejewels.com\/wp-content\/uploads\/2020\/09\/image186858125.jpg","contentUrl":"https:\/\/static.purejewels.com\/wp-content\/uploads\/2020\/09\/image186858125.jpg","width":1000,"height":1000,"caption":"18ct Yellow Gold White CZ Stone with Screw Back Nose Pin YGNP068"},{"@type":"BreadcrumbList","@id":"https:\/\/www.purejewels.com\/product\/18ct-yellow-gold-nose-pin-33277\/#breadcrumb","itemListElement":[{"@type":"ListItem","position":1,"name":"Home","item":"https:\/\/www.purejewels.com\/"},{"@type":"ListItem","position":2,"name":"Shop","item":"https:\/\/www.purejewels.com\/shop\/"},{"@type":"ListItem","position":3,"name":"18ct Yellow Gold Nose Pin"}]},{"@type":"WebSite","@id":"https:\/\/www.purejewels.com\/#website","url":"https:\/\/www.purejewels.com\/","name":"PureJewels \u0130ngiltere","description":"Sevgiyi Payla\u015f\u0131n","publisher":{"@id":"https:\/\/www.purejewels.com\/#organization"},"potentialAction":[{"@type":"SearchAction","target":{"@type":"EntryPoint","urlTemplate":"https:\/\/www.purejewels.com\/?s={search_term_string}"},"query-input":{"@type":"PropertyValueSpecification","valueRequired":true,"valueName":"search_term_string"}}],"inLanguage":"tr"},{"@type":"Organization","@id":"https:\/\/www.purejewels.com\/#organization","name":"PureJewels \u0130ngiltere","url":"https:\/\/www.purejewels.com\/","logo":{"@type":"ImageObject","inLanguage":"tr","@id":"https:\/\/www.purejewels.com\/#\/schema\/logo\/image\/","url":"https:\/\/static.purejewels.com\/wp-content\/uploads\/2020\/11\/Logo-PJ-New-1.png","contentUrl":"https:\/\/static.purejewels.com\/wp-content\/uploads\/2020\/11\/Logo-PJ-New-1.png","width":150,"height":80,"caption":"PureJewels UK"},"image":{"@id":"https:\/\/www.purejewels.com\/#\/schema\/logo\/image\/"}}]}},"_links":{"self":[{"href":"https:\/\/www.purejewels.com\/tr\/wp-json\/wp\/v2\/product\/317729","targetHints":{"allow":["GET"]}}],"collection":[{"href":"https:\/\/www.purejewels.com\/tr\/wp-json\/wp\/v2\/product"}],"about":[{"href":"https:\/\/www.purejewels.com\/tr\/wp-json\/wp\/v2\/types\/product"}],"replies":[{"embeddable":true,"href":"https:\/\/www.purejewels.com\/tr\/wp-json\/wp\/v2\/comments?post=317729"}],"version-history":[{"count":0,"href":"https:\/\/www.purejewels.com\/tr\/wp-json\/wp\/v2\/product\/317729\/revisions"}],"wp:featuredmedia":[{"embeddable":true,"href":"https:\/\/www.purejewels.com\/tr\/wp-json\/wp\/v2\/media\/317731"}],"wp:attachment":[{"href":"https:\/\/www.purejewels.com\/tr\/wp-json\/wp\/v2\/media?parent=317729"}],"wp:term":[{"taxonomy":"product_brand","embeddable":true,"href":"https:\/\/www.purejewels.com\/tr\/wp-json\/wp\/v2\/product_brand?post=317729"},{"taxonomy":"product_cat","embeddable":true,"href":"https:\/\/www.purejewels.com\/tr\/wp-json\/wp\/v2\/product_cat?post=317729"},{"taxonomy":"product_tag","embeddable":true,"href":"https:\/\/www.purejewels.com\/tr\/wp-json\/wp\/v2\/product_tag?post=317729"}],"curies":[{"name":"wp","href":"https:\/\/api.w.org\/{rel}","templated":true}]}}