{"id":317827,"date":"2020-10-02T16:57:13","date_gmt":"2020-10-02T15:57:13","guid":{"rendered":"https:\/\/www.purejewels.com\/product\/baroque-artemisia-sterling-silver-garnet-ring\/"},"modified":"2026-01-07T06:42:05","modified_gmt":"2026-01-07T06:42:05","slug":"barok-artemisia-gumus-garnet-yuzuk","status":"publish","type":"product","link":"https:\/\/www.purejewels.com\/tr\/product\/baroque-artemisia-sterling-silver-garnet-ring\/","title":{"rendered":"Artemisia G\u00fcm\u00fc\u015f Garnet Y\u00fcz\u00fck"},"content":{"rendered":"<p>Bu g\u00fcm\u00fc\u015f lal ta\u015f\u0131 y\u00fcz\u00fck t\u00fcm do\u011fru notalara dokunuyor. Tasar\u0131m ve sanat\u0131n e\u015fsiz birlikteli\u011finin m\u00fckemmel bir \u00f6rne\u011fi. Purejewels'in The National Gallery Koleksiyonu'ndan bu g\u00fcm\u00fc\u015f garnet y\u00fcz\u00fck, ekibimiz taraf\u0131ndan prestijli National Gallery i\u00e7in benzer tarzdaki birka\u00e7 g\u00f6rkemli par\u00e7a ile birlikte tasarland\u0131 ve bir araya getirildi.<\/p>\n<p>Koyu rodyumla kontrast olu\u015fturan ate\u015fli alt\u0131n yapraklara sahip \u00e7arp\u0131c\u0131 lal ta\u015f\u0131 y\u00fcz\u00fck, bir bak\u0131\u015fta herkesi etkileyecek. Bu sanatsal m\u00fccevher som g\u00fcm\u00fc\u015ften \u00fcretilmi\u015ftir ve alt\u0131n kaplama detaylara sahiptir. Y\u00fcz\u00fck usta karigarlar\u0131m\u0131z\u0131n ellerinde i\u015flenmi\u015ftir ve zahmetsiz bir yap\u0131ya sahiptir. Bu g\u00fcm\u00fc\u015f biblonun tasar\u0131m\u0131, ham yap\u0131s\u0131 bozulmadan g\u00fczelce parlat\u0131lm\u0131\u015f zengin bir garnet takla ile vurgulanm\u0131\u015ft\u0131r. Bu ham ama cilal\u0131 lal ta\u015f\u0131 y\u00fcz\u00fc\u011f\u00fcn bir ucuna g\u00fczelce otururken, di\u011fer ucu 22 ayar alt\u0131n vermeil yaprak unsuruyla tan\u0131mlanm\u0131\u015ft\u0131r.<\/p>\n<p>Sanatsal olan her \u015feyi seven biri i\u00e7in ya da bir koleksiyoncu ve hayran\u0131ysan\u0131z kendiniz i\u00e7in bile g\u00f6z al\u0131c\u0131 bir hediye olarak d\u00fc\u015f\u00fcn\u00fcn. Bu <a href=\"https:\/\/www.purejewels.com\/tr\/product\/22ct-gold-jali-filigree-ring-jali-collection-31926\/\">22ct<\/a> Sar\u0131 alt\u0131n vermeil, siyah rodyum kaplama Artemisia Garnet G\u00fcm\u00fc\u015f Y\u00fcz\u00fck, lal ta\u015f\u0131 ile g\u00fczel bir \u015fekilde zenginle\u015ftirilmi\u015ftir ve Ulusal Galeri koleksiyonumuzun ayr\u0131lmaz bir par\u00e7as\u0131d\u0131r.<\/p>","protected":false},"excerpt":{"rendered":"<ul>\n<li>Artemisia G\u00fcm\u00fc\u015f Garnet Y\u00fcz\u00fck<\/li>\n<li>Ulusal Galeri Koleksiyonundan<\/li>\n<li>Siyah Rodyum Kaplama ve Alt\u0131n Vermeil ile<\/li>\n<\/ul>","protected":false},"featured_media":340185,"comment_status":"closed","ping_status":"closed","template":"","meta":{"_eb_attr":"","_crsspst_to_jayantr4sg-hostcom":false},"product_brand":[],"product_cat":[1785,3562,5351,1569],"product_tag":[],"class_list":{"0":"post-317827","1":"product","2":"type-product","3":"status-publish","4":"has-post-thumbnail","6":"product_cat-daily-wear-rings","7":"product_cat-national-gallery-collection","8":"product_cat-silver","9":"product_cat-valentine-day-gifts","11":"first","12":"outofstock","13":"taxable","14":"shipping-taxable","15":"product-type-simple","16":"add-to-wishlist-before_image"},"yoast_head":"<!-- This site is optimized with the Yoast SEO plugin v27.5 - https:\/\/yoast.com\/product\/yoast-seo-wordpress\/ -->\n<title>Artemisia Sterling Silver Garnet Ring - \u00a3190.00<\/title>\n<meta name=\"robots\" content=\"index, follow, max-snippet:-1, max-image-preview:large, max-video-preview:-1\" \/>\n<link rel=\"canonical\" href=\"https:\/\/www.purejewels.com\/tr\/urun\/barok-artemisia-gumus-garnet-yuzuk\/\" \/>\n<meta property=\"og:locale\" content=\"tr_TR\" \/>\n<meta property=\"og:type\" content=\"article\" \/>\n<meta property=\"og:title\" content=\"Artemisia Sterling Silver Garnet Ring - \u00a3190.00\" \/>\n<meta property=\"og:description\" content=\"Artemisia Sterling Silver Garnet\u00a0Ring  From The National Gallery Collection  With Black Rhodium Plating and Gold Vermeil\" \/>\n<meta property=\"og:url\" content=\"https:\/\/www.purejewels.com\/tr\/urun\/barok-artemisia-gumus-garnet-yuzuk\/\" \/>\n<meta property=\"og:site_name\" content=\"PureJewels UK\" \/>\n<meta property=\"article:modified_time\" content=\"2026-01-07T06:42:05+00:00\" \/>\n<meta property=\"og:image\" content=\"https:\/\/www.purejewels.com\/wp-content\/uploads\/2020\/10\/Untitled-design-1.png\" \/>\n\t<meta property=\"og:image:width\" content=\"1000\" \/>\n\t<meta property=\"og:image:height\" content=\"1000\" \/>\n\t<meta property=\"og:image:type\" content=\"image\/png\" \/>\n<meta name=\"twitter:card\" content=\"summary_large_image\" \/>\n<meta name=\"twitter:label1\" content=\"Tahmini okuma s\u00fcresi\" \/>\n\t<meta name=\"twitter:data1\" content=\"1 dakika\" \/>\n<script type=\"application\/ld+json\" class=\"yoast-schema-graph\">{\"@context\":\"https:\\\/\\\/schema.org\",\"@graph\":[{\"@type\":[\"WebPage\",\"ItemPage\"],\"@id\":\"https:\\\/\\\/www.purejewels.com\\\/product\\\/baroque-artemisia-sterling-silver-garnet-ring\\\/\",\"url\":\"https:\\\/\\\/www.purejewels.com\\\/product\\\/baroque-artemisia-sterling-silver-garnet-ring\\\/\",\"name\":\"Artemisia Sterling Silver Garnet Ring - \u00a3190.00\",\"isPartOf\":{\"@id\":\"https:\\\/\\\/www.purejewels.com\\\/#website\"},\"primaryImageOfPage\":{\"@id\":\"https:\\\/\\\/www.purejewels.com\\\/product\\\/baroque-artemisia-sterling-silver-garnet-ring\\\/#primaryimage\"},\"image\":{\"@id\":\"https:\\\/\\\/www.purejewels.com\\\/product\\\/baroque-artemisia-sterling-silver-garnet-ring\\\/#primaryimage\"},\"thumbnailUrl\":\"https:\\\/\\\/static.purejewels.com\\\/wp-content\\\/uploads\\\/2020\\\/10\\\/Untitled-design-1.png\",\"datePublished\":\"2020-10-02T15:57:13+00:00\",\"dateModified\":\"2026-01-07T06:42:05+00:00\",\"breadcrumb\":{\"@id\":\"https:\\\/\\\/www.purejewels.com\\\/product\\\/baroque-artemisia-sterling-silver-garnet-ring\\\/#breadcrumb\"},\"inLanguage\":\"tr\",\"potentialAction\":[{\"@type\":\"ReadAction\",\"target\":[\"https:\\\/\\\/www.purejewels.com\\\/product\\\/baroque-artemisia-sterling-silver-garnet-ring\\\/\"]}]},{\"@type\":\"ImageObject\",\"inLanguage\":\"tr\",\"@id\":\"https:\\\/\\\/www.purejewels.com\\\/product\\\/baroque-artemisia-sterling-silver-garnet-ring\\\/#primaryimage\",\"url\":\"https:\\\/\\\/static.purejewels.com\\\/wp-content\\\/uploads\\\/2020\\\/10\\\/Untitled-design-1.png\",\"contentUrl\":\"https:\\\/\\\/static.purejewels.com\\\/wp-content\\\/uploads\\\/2020\\\/10\\\/Untitled-design-1.png\",\"width\":1000,\"height\":1000},{\"@type\":\"BreadcrumbList\",\"@id\":\"https:\\\/\\\/www.purejewels.com\\\/product\\\/baroque-artemisia-sterling-silver-garnet-ring\\\/#breadcrumb\",\"itemListElement\":[{\"@type\":\"ListItem\",\"position\":1,\"name\":\"Home\",\"item\":\"https:\\\/\\\/www.purejewels.com\\\/\"},{\"@type\":\"ListItem\",\"position\":2,\"name\":\"Shop\",\"item\":\"https:\\\/\\\/www.purejewels.com\\\/shop\\\/\"},{\"@type\":\"ListItem\",\"position\":3,\"name\":\"Artemisia Sterling Silver Garnet Ring\"}]},{\"@type\":\"WebSite\",\"@id\":\"https:\\\/\\\/www.purejewels.com\\\/#website\",\"url\":\"https:\\\/\\\/www.purejewels.com\\\/\",\"name\":\"PureJewels UK\",\"description\":\"Share the Love\",\"publisher\":{\"@id\":\"https:\\\/\\\/www.purejewels.com\\\/#organization\"},\"potentialAction\":[{\"@type\":\"SearchAction\",\"target\":{\"@type\":\"EntryPoint\",\"urlTemplate\":\"https:\\\/\\\/www.purejewels.com\\\/?s={search_term_string}\"},\"query-input\":{\"@type\":\"PropertyValueSpecification\",\"valueRequired\":true,\"valueName\":\"search_term_string\"}}],\"inLanguage\":\"tr\"},{\"@type\":\"Organization\",\"@id\":\"https:\\\/\\\/www.purejewels.com\\\/#organization\",\"name\":\"PureJewels UK\",\"url\":\"https:\\\/\\\/www.purejewels.com\\\/\",\"logo\":{\"@type\":\"ImageObject\",\"inLanguage\":\"tr\",\"@id\":\"https:\\\/\\\/www.purejewels.com\\\/#\\\/schema\\\/logo\\\/image\\\/\",\"url\":\"https:\\\/\\\/static.purejewels.com\\\/wp-content\\\/uploads\\\/2020\\\/11\\\/Logo-PJ-New-1.png\",\"contentUrl\":\"https:\\\/\\\/static.purejewels.com\\\/wp-content\\\/uploads\\\/2020\\\/11\\\/Logo-PJ-New-1.png\",\"width\":150,\"height\":80,\"caption\":\"PureJewels UK\"},\"image\":{\"@id\":\"https:\\\/\\\/www.purejewels.com\\\/#\\\/schema\\\/logo\\\/image\\\/\"}}]}<\/script>\n<!-- \/ Yoast SEO plugin. -->","yoast_head_json":{"title":"Artemisia G\u00fcm\u00fc\u015f Garnet Y\u00fcz\u00fck - \u00a3190.00","robots":{"index":"index","follow":"follow","max-snippet":"max-snippet:-1","max-image-preview":"max-image-preview:large","max-video-preview":"max-video-preview:-1"},"canonical":"https:\/\/www.purejewels.com\/tr\/urun\/barok-artemisia-gumus-garnet-yuzuk\/","og_locale":"tr_TR","og_type":"article","og_title":"Artemisia Sterling Silver Garnet Ring - \u00a3190.00","og_description":"Artemisia Sterling Silver Garnet\u00a0Ring  From The National Gallery Collection  With Black Rhodium Plating and Gold Vermeil","og_url":"https:\/\/www.purejewels.com\/tr\/urun\/barok-artemisia-gumus-garnet-yuzuk\/","og_site_name":"PureJewels UK","article_modified_time":"2026-01-07T06:42:05+00:00","og_image":[{"width":1000,"height":1000,"url":"https:\/\/www.purejewels.com\/wp-content\/uploads\/2020\/10\/Untitled-design-1.png","type":"image\/png"}],"twitter_card":"summary_large_image","twitter_misc":{"Tahmini okuma s\u00fcresi":"1 dakika"},"schema":{"@context":"https:\/\/schema.org","@graph":[{"@type":["WebPage","ItemPage"],"@id":"https:\/\/www.purejewels.com\/product\/baroque-artemisia-sterling-silver-garnet-ring\/","url":"https:\/\/www.purejewels.com\/product\/baroque-artemisia-sterling-silver-garnet-ring\/","name":"Artemisia G\u00fcm\u00fc\u015f Garnet Y\u00fcz\u00fck - \u00a3190.00","isPartOf":{"@id":"https:\/\/www.purejewels.com\/#website"},"primaryImageOfPage":{"@id":"https:\/\/www.purejewels.com\/product\/baroque-artemisia-sterling-silver-garnet-ring\/#primaryimage"},"image":{"@id":"https:\/\/www.purejewels.com\/product\/baroque-artemisia-sterling-silver-garnet-ring\/#primaryimage"},"thumbnailUrl":"https:\/\/static.purejewels.com\/wp-content\/uploads\/2020\/10\/Untitled-design-1.png","datePublished":"2020-10-02T15:57:13+00:00","dateModified":"2026-01-07T06:42:05+00:00","breadcrumb":{"@id":"https:\/\/www.purejewels.com\/product\/baroque-artemisia-sterling-silver-garnet-ring\/#breadcrumb"},"inLanguage":"tr","potentialAction":[{"@type":"ReadAction","target":["https:\/\/www.purejewels.com\/product\/baroque-artemisia-sterling-silver-garnet-ring\/"]}]},{"@type":"ImageObject","inLanguage":"tr","@id":"https:\/\/www.purejewels.com\/product\/baroque-artemisia-sterling-silver-garnet-ring\/#primaryimage","url":"https:\/\/static.purejewels.com\/wp-content\/uploads\/2020\/10\/Untitled-design-1.png","contentUrl":"https:\/\/static.purejewels.com\/wp-content\/uploads\/2020\/10\/Untitled-design-1.png","width":1000,"height":1000},{"@type":"BreadcrumbList","@id":"https:\/\/www.purejewels.com\/product\/baroque-artemisia-sterling-silver-garnet-ring\/#breadcrumb","itemListElement":[{"@type":"ListItem","position":1,"name":"Home","item":"https:\/\/www.purejewels.com\/"},{"@type":"ListItem","position":2,"name":"Shop","item":"https:\/\/www.purejewels.com\/shop\/"},{"@type":"ListItem","position":3,"name":"Artemisia Sterling Silver Garnet Ring"}]},{"@type":"WebSite","@id":"https:\/\/www.purejewels.com\/#website","url":"https:\/\/www.purejewels.com\/","name":"PureJewels \u0130ngiltere","description":"Sevgiyi Payla\u015f\u0131n","publisher":{"@id":"https:\/\/www.purejewels.com\/#organization"},"potentialAction":[{"@type":"SearchAction","target":{"@type":"EntryPoint","urlTemplate":"https:\/\/www.purejewels.com\/?s={search_term_string}"},"query-input":{"@type":"PropertyValueSpecification","valueRequired":true,"valueName":"search_term_string"}}],"inLanguage":"tr"},{"@type":"Organization","@id":"https:\/\/www.purejewels.com\/#organization","name":"PureJewels \u0130ngiltere","url":"https:\/\/www.purejewels.com\/","logo":{"@type":"ImageObject","inLanguage":"tr","@id":"https:\/\/www.purejewels.com\/#\/schema\/logo\/image\/","url":"https:\/\/static.purejewels.com\/wp-content\/uploads\/2020\/11\/Logo-PJ-New-1.png","contentUrl":"https:\/\/static.purejewels.com\/wp-content\/uploads\/2020\/11\/Logo-PJ-New-1.png","width":150,"height":80,"caption":"PureJewels UK"},"image":{"@id":"https:\/\/www.purejewels.com\/#\/schema\/logo\/image\/"}}]}},"_links":{"self":[{"href":"https:\/\/www.purejewels.com\/tr\/wp-json\/wp\/v2\/product\/317827","targetHints":{"allow":["GET"]}}],"collection":[{"href":"https:\/\/www.purejewels.com\/tr\/wp-json\/wp\/v2\/product"}],"about":[{"href":"https:\/\/www.purejewels.com\/tr\/wp-json\/wp\/v2\/types\/product"}],"replies":[{"embeddable":true,"href":"https:\/\/www.purejewels.com\/tr\/wp-json\/wp\/v2\/comments?post=317827"}],"version-history":[{"count":0,"href":"https:\/\/www.purejewels.com\/tr\/wp-json\/wp\/v2\/product\/317827\/revisions"}],"wp:featuredmedia":[{"embeddable":true,"href":"https:\/\/www.purejewels.com\/tr\/wp-json\/wp\/v2\/media\/340185"}],"wp:attachment":[{"href":"https:\/\/www.purejewels.com\/tr\/wp-json\/wp\/v2\/media?parent=317827"}],"wp:term":[{"taxonomy":"product_brand","embeddable":true,"href":"https:\/\/www.purejewels.com\/tr\/wp-json\/wp\/v2\/product_brand?post=317827"},{"taxonomy":"product_cat","embeddable":true,"href":"https:\/\/www.purejewels.com\/tr\/wp-json\/wp\/v2\/product_cat?post=317827"},{"taxonomy":"product_tag","embeddable":true,"href":"https:\/\/www.purejewels.com\/tr\/wp-json\/wp\/v2\/product_tag?post=317827"}],"curies":[{"name":"wp","href":"https:\/\/api.w.org\/{rel}","templated":true}]}}