{"id":317831,"date":"2020-10-02T17:16:58","date_gmt":"2020-10-02T16:16:58","guid":{"rendered":"https:\/\/www.purejewels.com\/product\/baroque-artemisia-sterling-silver-garnet-necklace-2\/"},"modified":"2026-04-22T12:04:49","modified_gmt":"2026-04-22T11:04:49","slug":"barok-artemisia-gumus-garnet-kolye-2","status":"publish","type":"product","link":"https:\/\/www.purejewels.com\/tr\/product\/baroque-artemisia-sterling-silver-garnet-necklace-2\/","title":{"rendered":"Artemisia G\u00fcm\u00fc\u015f Do\u011fadan Esinlenilmi\u015f Garnet Kolye"},"content":{"rendered":"<p>Purejewels'in Ulusal Galeri Koleksiyonu'ndan bu muhte\u015fem kolyeyi narin ama ayn\u0131 zamanda iddial\u0131 olarak tan\u0131ml\u0131yoruz. Benzer tarzdaki birka\u00e7 g\u00f6rkemli par\u00e7a, prestijli Ulusal Galeri'de sergilenmek \u00fczere Purejewels taraf\u0131ndan tasarland\u0131 ve \u00fcretildi, dolay\u0131s\u0131yla koleksiyonumuzun ad\u0131 da buradan geliyor.<\/p>\n<p>Lal ta\u015f\u0131 <a href=\"https:\/\/www.purejewels.com\/tr\/product-category\/22ct-gold-jewellery\/gold-necklaces\/\">KOLYELER<\/a> bir kement gibi g\u00f6r\u00fcnecek \u015fekilde in\u015fa edilmi\u015ftir. Rodyum kaplama ile ba\u015flar <a href=\"https:\/\/www.purejewels.com\/tr\/product-category\/22ct-gold-jewellery\/gold-chains\/\">Zincirler<\/a> Her iki taraftan da d\u00fc\u015f\u00fcyor. Bir taraf\u0131 g\u00fczelce a\u015fa\u011f\u0131 do\u011fru akarken di\u011fer taraf\u0131 tatl\u0131 su incisiyle s\u00fcslenmi\u015f ve ard\u0131ndan <a href=\"https:\/\/www.purejewels.com\/tr\/product-category\/22ct-gold-jewellery\/\">22 Karat<\/a> alt\u0131n kaplama unsurlar. Her iki taraf da bir ba\u011flant\u0131 arac\u0131l\u0131\u011f\u0131yla g\u00fczel bir \u015fekilde birle\u015fir ve kement, zarif bir \u015fekilde sallanan derin renkli ve g\u00fczel i\u015flenmi\u015f bir lal ta\u015f\u0131 damlas\u0131yla sona erer.<\/p>\n<p>Artemisia asimetrik lariat lal ta\u015f\u0131 kolyemiz g\u00fcm\u00fc\u015ften \u00fcretilmi\u015ftir ve The National Gallery Koleksiyonunun \u00f6nemli bir par\u00e7as\u0131d\u0131r. Lal ta\u015fl\u0131 bu tak\u0131 di\u011fer her \u015feyden farkl\u0131d\u0131r ve Alt\u0131n Vermeil detaylar\u0131 bu kolyenin s\u00fcper l\u00fcks ve zarif g\u00f6r\u00fcnmesini sa\u011flar. Bu Artemisia kolye, ak\u015famlar\u0131 derin V yakalar\u0131n\u0131z i\u00e7in m\u00fckemmel olacak ve ayr\u0131ca g\u00fcn boyunca ofis formalitelerinizi tamamlayacakt\u0131r.<\/p>","protected":false},"excerpt":{"rendered":"<p><strong>Artemisia G\u00fcm\u00fc\u015f ve Garnet Lariat Kolye.<\/strong><\/p>\n<p>Narin alt\u0131n kaplama yapraklar\u0131n g\u00fczel bir lal ta\u015f\u0131 ile sonlanan koyu rodyum zincirle m\u00fckemmel bir \u015fekilde dengelendi\u011fi bu asimetrik kement ile ba\u015flar\u0131 d\u00f6nd\u00fcr\u00fcn. 22 ayar sar\u0131 alt\u0131n kaplama, siyah rodyum kaplama g\u00fcm\u00fc\u015f, lal ta\u015f\u0131, tatl\u0131 su incisi.<\/p>\n<ul>\n<li>Artemisia G\u00fcm\u00fc\u015f Garnet Kolye<\/li>\n<li>Ulusal Galeri Koleksiyonundan<\/li>\n<li>Siyah Rodyum Kaplama ve Alt\u0131n Vermeil ile<\/li>\n<\/ul>","protected":false},"featured_media":317832,"comment_status":"closed","ping_status":"closed","template":"","meta":{"_eb_attr":"","_crsspst_to_jayantr4sg-hostcom":false},"product_brand":[],"product_cat":[1253,5343,5902,1570,3562,1778,5351],"product_tag":[],"class_list":{"0":"post-317831","1":"product","2":"type-product","3":"status-publish","4":"has-post-thumbnail","6":"product_cat-gold-necklaces","7":"product_cat-jewellery-under-550","8":"product_cat-lariat-necklace","9":"product_cat-mothers-day-gifts","10":"product_cat-national-gallery-collection","11":"product_cat-short-necklaces","12":"product_cat-silver","14":"first","15":"instock","16":"taxable","17":"shipping-taxable","18":"purchasable","19":"product-type-simple","20":"add-to-wishlist-before_image"},"yoast_head":"<!-- This site is optimized with the Yoast SEO plugin v27.5 - https:\/\/yoast.com\/product\/yoast-seo-wordpress\/ -->\n<title>Artemisia Sterling Silver and Garnet Lariat Necklace<\/title>\n<meta name=\"description\" content=\"Make heads turn with asymmetric lariat where delicate gold vermeil leaves are perfectly balanced with rhodium chain ends with beautiful garnet\" \/>\n<meta name=\"robots\" content=\"index, follow, max-snippet:-1, max-image-preview:large, max-video-preview:-1\" \/>\n<link rel=\"canonical\" href=\"https:\/\/www.purejewels.com\/tr\/urun\/barok-artemisia-gumus-garnet-kolye-2\/\" \/>\n<meta property=\"og:locale\" content=\"tr_TR\" \/>\n<meta property=\"og:type\" content=\"article\" \/>\n<meta property=\"og:title\" content=\"Artemisia Sterling Silver and Garnet Lariat Necklace\" \/>\n<meta property=\"og:description\" content=\"Make heads turn with asymmetric lariat where delicate gold vermeil leaves are perfectly balanced with rhodium chain ends with beautiful garnet\" \/>\n<meta property=\"og:url\" content=\"https:\/\/www.purejewels.com\/tr\/urun\/barok-artemisia-gumus-garnet-kolye-2\/\" \/>\n<meta property=\"og:site_name\" content=\"PureJewels UK\" \/>\n<meta property=\"article:modified_time\" content=\"2026-04-22T11:04:49+00:00\" \/>\n<meta property=\"og:image\" content=\"https:\/\/static.purejewels.com\/wp-content\/uploads\/2020\/10\/image186984260.jpg\" \/>\n\t<meta property=\"og:image:width\" content=\"1000\" \/>\n\t<meta property=\"og:image:height\" content=\"1000\" \/>\n\t<meta property=\"og:image:type\" content=\"image\/jpeg\" \/>\n<meta name=\"twitter:card\" content=\"summary_large_image\" \/>\n<meta name=\"twitter:label1\" content=\"Tahmini okuma s\u00fcresi\" \/>\n\t<meta name=\"twitter:data1\" content=\"1 dakika\" \/>\n<script type=\"application\/ld+json\" class=\"yoast-schema-graph\">{\"@context\":\"https:\\\/\\\/schema.org\",\"@graph\":[{\"@type\":[\"WebPage\",\"ItemPage\"],\"@id\":\"https:\\\/\\\/www.purejewels.com\\\/product\\\/baroque-artemisia-sterling-silver-garnet-necklace-2\\\/\",\"url\":\"https:\\\/\\\/www.purejewels.com\\\/product\\\/baroque-artemisia-sterling-silver-garnet-necklace-2\\\/\",\"name\":\"Artemisia Sterling Silver and Garnet Lariat Necklace\",\"isPartOf\":{\"@id\":\"https:\\\/\\\/www.purejewels.com\\\/#website\"},\"primaryImageOfPage\":{\"@id\":\"https:\\\/\\\/www.purejewels.com\\\/product\\\/baroque-artemisia-sterling-silver-garnet-necklace-2\\\/#primaryimage\"},\"image\":{\"@id\":\"https:\\\/\\\/www.purejewels.com\\\/product\\\/baroque-artemisia-sterling-silver-garnet-necklace-2\\\/#primaryimage\"},\"thumbnailUrl\":\"https:\\\/\\\/static.purejewels.com\\\/wp-content\\\/uploads\\\/2020\\\/10\\\/image186984260.jpg\",\"datePublished\":\"2020-10-02T16:16:58+00:00\",\"dateModified\":\"2026-04-22T11:04:49+00:00\",\"description\":\"Make heads turn with asymmetric lariat where delicate gold vermeil leaves are perfectly balanced with rhodium chain ends with beautiful garnet\",\"breadcrumb\":{\"@id\":\"https:\\\/\\\/www.purejewels.com\\\/product\\\/baroque-artemisia-sterling-silver-garnet-necklace-2\\\/#breadcrumb\"},\"inLanguage\":\"tr\",\"potentialAction\":[{\"@type\":\"ReadAction\",\"target\":[\"https:\\\/\\\/www.purejewels.com\\\/product\\\/baroque-artemisia-sterling-silver-garnet-necklace-2\\\/\"]}]},{\"@type\":\"ImageObject\",\"inLanguage\":\"tr\",\"@id\":\"https:\\\/\\\/www.purejewels.com\\\/product\\\/baroque-artemisia-sterling-silver-garnet-necklace-2\\\/#primaryimage\",\"url\":\"https:\\\/\\\/static.purejewels.com\\\/wp-content\\\/uploads\\\/2020\\\/10\\\/image186984260.jpg\",\"contentUrl\":\"https:\\\/\\\/static.purejewels.com\\\/wp-content\\\/uploads\\\/2020\\\/10\\\/image186984260.jpg\",\"width\":1000,\"height\":1000,\"caption\":\"Baroque Artemisia Sterling Silver Garnet Necklace NGN003\"},{\"@type\":\"BreadcrumbList\",\"@id\":\"https:\\\/\\\/www.purejewels.com\\\/product\\\/baroque-artemisia-sterling-silver-garnet-necklace-2\\\/#breadcrumb\",\"itemListElement\":[{\"@type\":\"ListItem\",\"position\":1,\"name\":\"Home\",\"item\":\"https:\\\/\\\/www.purejewels.com\\\/\"},{\"@type\":\"ListItem\",\"position\":2,\"name\":\"Shop\",\"item\":\"https:\\\/\\\/www.purejewels.com\\\/shop\\\/\"},{\"@type\":\"ListItem\",\"position\":3,\"name\":\"Artemisia Silver Nature Inspired Garnet Necklace\"}]},{\"@type\":\"WebSite\",\"@id\":\"https:\\\/\\\/www.purejewels.com\\\/#website\",\"url\":\"https:\\\/\\\/www.purejewels.com\\\/\",\"name\":\"PureJewels UK\",\"description\":\"Share the Love\",\"publisher\":{\"@id\":\"https:\\\/\\\/www.purejewels.com\\\/#organization\"},\"potentialAction\":[{\"@type\":\"SearchAction\",\"target\":{\"@type\":\"EntryPoint\",\"urlTemplate\":\"https:\\\/\\\/www.purejewels.com\\\/?s={search_term_string}\"},\"query-input\":{\"@type\":\"PropertyValueSpecification\",\"valueRequired\":true,\"valueName\":\"search_term_string\"}}],\"inLanguage\":\"tr\"},{\"@type\":\"Organization\",\"@id\":\"https:\\\/\\\/www.purejewels.com\\\/#organization\",\"name\":\"PureJewels UK\",\"url\":\"https:\\\/\\\/www.purejewels.com\\\/\",\"logo\":{\"@type\":\"ImageObject\",\"inLanguage\":\"tr\",\"@id\":\"https:\\\/\\\/www.purejewels.com\\\/#\\\/schema\\\/logo\\\/image\\\/\",\"url\":\"https:\\\/\\\/static.purejewels.com\\\/wp-content\\\/uploads\\\/2020\\\/11\\\/Logo-PJ-New-1.png\",\"contentUrl\":\"https:\\\/\\\/static.purejewels.com\\\/wp-content\\\/uploads\\\/2020\\\/11\\\/Logo-PJ-New-1.png\",\"width\":150,\"height\":80,\"caption\":\"PureJewels UK\"},\"image\":{\"@id\":\"https:\\\/\\\/www.purejewels.com\\\/#\\\/schema\\\/logo\\\/image\\\/\"}}]}<\/script>\n<!-- \/ Yoast SEO plugin. -->","yoast_head_json":{"title":"Artemisia G\u00fcm\u00fc\u015f ve Garnet Lariat Kolye","description":"Narin alt\u0131n vermeil yapraklar\u0131n rodyum zincirle m\u00fckemmel bir \u015fekilde dengelendi\u011fi asimetrik kement ile ba\u015flar\u0131 d\u00f6nd\u00fcr\u00fcn g\u00fczel garnet ile biter","robots":{"index":"index","follow":"follow","max-snippet":"max-snippet:-1","max-image-preview":"max-image-preview:large","max-video-preview":"max-video-preview:-1"},"canonical":"https:\/\/www.purejewels.com\/tr\/urun\/barok-artemisia-gumus-garnet-kolye-2\/","og_locale":"tr_TR","og_type":"article","og_title":"Artemisia Sterling Silver and Garnet Lariat Necklace","og_description":"Make heads turn with asymmetric lariat where delicate gold vermeil leaves are perfectly balanced with rhodium chain ends with beautiful garnet","og_url":"https:\/\/www.purejewels.com\/tr\/urun\/barok-artemisia-gumus-garnet-kolye-2\/","og_site_name":"PureJewels UK","article_modified_time":"2026-04-22T11:04:49+00:00","og_image":[{"width":1000,"height":1000,"url":"https:\/\/static.purejewels.com\/wp-content\/uploads\/2020\/10\/image186984260.jpg","type":"image\/jpeg"}],"twitter_card":"summary_large_image","twitter_misc":{"Tahmini okuma s\u00fcresi":"1 dakika"},"schema":{"@context":"https:\/\/schema.org","@graph":[{"@type":["WebPage","ItemPage"],"@id":"https:\/\/www.purejewels.com\/product\/baroque-artemisia-sterling-silver-garnet-necklace-2\/","url":"https:\/\/www.purejewels.com\/product\/baroque-artemisia-sterling-silver-garnet-necklace-2\/","name":"Artemisia G\u00fcm\u00fc\u015f ve Garnet Lariat Kolye","isPartOf":{"@id":"https:\/\/www.purejewels.com\/#website"},"primaryImageOfPage":{"@id":"https:\/\/www.purejewels.com\/product\/baroque-artemisia-sterling-silver-garnet-necklace-2\/#primaryimage"},"image":{"@id":"https:\/\/www.purejewels.com\/product\/baroque-artemisia-sterling-silver-garnet-necklace-2\/#primaryimage"},"thumbnailUrl":"https:\/\/static.purejewels.com\/wp-content\/uploads\/2020\/10\/image186984260.jpg","datePublished":"2020-10-02T16:16:58+00:00","dateModified":"2026-04-22T11:04:49+00:00","description":"Narin alt\u0131n vermeil yapraklar\u0131n rodyum zincirle m\u00fckemmel bir \u015fekilde dengelendi\u011fi asimetrik kement ile ba\u015flar\u0131 d\u00f6nd\u00fcr\u00fcn g\u00fczel garnet ile biter","breadcrumb":{"@id":"https:\/\/www.purejewels.com\/product\/baroque-artemisia-sterling-silver-garnet-necklace-2\/#breadcrumb"},"inLanguage":"tr","potentialAction":[{"@type":"ReadAction","target":["https:\/\/www.purejewels.com\/product\/baroque-artemisia-sterling-silver-garnet-necklace-2\/"]}]},{"@type":"ImageObject","inLanguage":"tr","@id":"https:\/\/www.purejewels.com\/product\/baroque-artemisia-sterling-silver-garnet-necklace-2\/#primaryimage","url":"https:\/\/static.purejewels.com\/wp-content\/uploads\/2020\/10\/image186984260.jpg","contentUrl":"https:\/\/static.purejewels.com\/wp-content\/uploads\/2020\/10\/image186984260.jpg","width":1000,"height":1000,"caption":"Baroque Artemisia Sterling Silver Garnet Necklace NGN003"},{"@type":"BreadcrumbList","@id":"https:\/\/www.purejewels.com\/product\/baroque-artemisia-sterling-silver-garnet-necklace-2\/#breadcrumb","itemListElement":[{"@type":"ListItem","position":1,"name":"Home","item":"https:\/\/www.purejewels.com\/"},{"@type":"ListItem","position":2,"name":"Shop","item":"https:\/\/www.purejewels.com\/shop\/"},{"@type":"ListItem","position":3,"name":"Artemisia Silver Nature Inspired Garnet Necklace"}]},{"@type":"WebSite","@id":"https:\/\/www.purejewels.com\/#website","url":"https:\/\/www.purejewels.com\/","name":"PureJewels \u0130ngiltere","description":"Sevgiyi Payla\u015f\u0131n","publisher":{"@id":"https:\/\/www.purejewels.com\/#organization"},"potentialAction":[{"@type":"SearchAction","target":{"@type":"EntryPoint","urlTemplate":"https:\/\/www.purejewels.com\/?s={search_term_string}"},"query-input":{"@type":"PropertyValueSpecification","valueRequired":true,"valueName":"search_term_string"}}],"inLanguage":"tr"},{"@type":"Organization","@id":"https:\/\/www.purejewels.com\/#organization","name":"PureJewels \u0130ngiltere","url":"https:\/\/www.purejewels.com\/","logo":{"@type":"ImageObject","inLanguage":"tr","@id":"https:\/\/www.purejewels.com\/#\/schema\/logo\/image\/","url":"https:\/\/static.purejewels.com\/wp-content\/uploads\/2020\/11\/Logo-PJ-New-1.png","contentUrl":"https:\/\/static.purejewels.com\/wp-content\/uploads\/2020\/11\/Logo-PJ-New-1.png","width":150,"height":80,"caption":"PureJewels UK"},"image":{"@id":"https:\/\/www.purejewels.com\/#\/schema\/logo\/image\/"}}]}},"_links":{"self":[{"href":"https:\/\/www.purejewels.com\/tr\/wp-json\/wp\/v2\/product\/317831","targetHints":{"allow":["GET"]}}],"collection":[{"href":"https:\/\/www.purejewels.com\/tr\/wp-json\/wp\/v2\/product"}],"about":[{"href":"https:\/\/www.purejewels.com\/tr\/wp-json\/wp\/v2\/types\/product"}],"replies":[{"embeddable":true,"href":"https:\/\/www.purejewels.com\/tr\/wp-json\/wp\/v2\/comments?post=317831"}],"version-history":[{"count":3,"href":"https:\/\/www.purejewels.com\/tr\/wp-json\/wp\/v2\/product\/317831\/revisions"}],"predecessor-version":[{"id":428874,"href":"https:\/\/www.purejewels.com\/tr\/wp-json\/wp\/v2\/product\/317831\/revisions\/428874"}],"wp:featuredmedia":[{"embeddable":true,"href":"https:\/\/www.purejewels.com\/tr\/wp-json\/wp\/v2\/media\/317832"}],"wp:attachment":[{"href":"https:\/\/www.purejewels.com\/tr\/wp-json\/wp\/v2\/media?parent=317831"}],"wp:term":[{"taxonomy":"product_brand","embeddable":true,"href":"https:\/\/www.purejewels.com\/tr\/wp-json\/wp\/v2\/product_brand?post=317831"},{"taxonomy":"product_cat","embeddable":true,"href":"https:\/\/www.purejewels.com\/tr\/wp-json\/wp\/v2\/product_cat?post=317831"},{"taxonomy":"product_tag","embeddable":true,"href":"https:\/\/www.purejewels.com\/tr\/wp-json\/wp\/v2\/product_tag?post=317831"}],"curies":[{"name":"wp","href":"https:\/\/api.w.org\/{rel}","templated":true}]}}