{"id":317948,"date":"2020-10-12T08:34:53","date_gmt":"2020-10-12T07:34:53","guid":{"rendered":"https:\/\/www.purejewels.com\/?post_type=product&#038;p=317948"},"modified":"2026-01-06T09:51:25","modified_gmt":"2026-01-06T09:51:25","slug":"22-ayar-altin-cocuk-bilezigi-45480","status":"publish","type":"product","link":"https:\/\/www.purejewels.com\/tr\/product\/22-carat-gold-kids-bracelet\/","title":{"rendered":"22 Ayar Alt\u0131n \u00c7ocuk Bilekli\u011fi"},"content":{"rendered":"<p>K\u00fc\u00e7\u00fck \u00e7ocu\u011funuz i\u00e7in m\u00fckemmel bir m\u00fccevher mi ar\u0131yorsunuz? 22 Ayar Alt\u0131n \u00c7ocuk Bilekli\u011fimizden ba\u015fkas\u0131na bakmay\u0131n. Bu damgal\u0131 \u00e7ocuk alt\u0131n tak\u0131lar\u0131 sadece \u00e7arp\u0131c\u0131 de\u011fil ayn\u0131 zamanda dayan\u0131kl\u0131d\u0131r, bu da onu her ya\u015ftan \u00e7ocuk i\u00e7in ideal bir se\u00e7im haline getirir.<\/p>\n<p>Yakla\u015f\u0131k 5,5 in\u00e7 uzunlu\u011fu ve 2,5 gram a\u011f\u0131rl\u0131\u011f\u0131yla bu bileklik hem bebekler hem de yeni do\u011fanlar i\u00e7in m\u00fckemmeldir. Her bir bilezik Londra Assay Ofisi taraf\u0131ndan damgalanarak orijinalli\u011fi ve kalitesi garanti alt\u0131na al\u0131nm\u0131\u015ft\u0131r.<\/p>\n<p>\u0130ster \u00f6zel bir g\u00fcn i\u00e7in ister \u00f6ylesine al\u0131\u015fveri\u015f yap\u0131yor olun, bu bebek alt\u0131n bileklik bir sunum kutusunda gelir ve onu m\u00fckemmel bir hediye yapar. Ayr\u0131ca, \u00fccretsiz takipli teslimat ve g\u00fcvenli online \u00f6demeler ile g\u00fcvenle al\u0131\u015fveri\u015f yapabilirsiniz.<\/p>\n<p>Beklemeyin, 22 Ayar Alt\u0131n \u00c7ocuk Bilekli\u011finizi bug\u00fcn sipari\u015f edin ve k\u00fc\u00e7\u00fck \u00e7ocu\u011funuza sonsuza dek de\u011fer verece\u011fi bir m\u00fccevher hediye edin. Londra, \u0130ngiltere'deki Upton Park Kuyumculuk ma\u011fazam\u0131zda benzer Mania Bilezikleri ke\u015ffetmek i\u00e7in bizimle ileti\u015fime ge\u00e7in.<\/p>","protected":false},"excerpt":{"rendered":"<ul>\n<li>22 ayar damgal\u0131 \u00e7ocuk alt\u0131n tak\u0131lar\u0131<\/li>\n<li>\u00c7ocuk, \u00e7ocuk, bebek, yenido\u011fan i\u00e7in uygundur<\/li>\n<li>Yakla\u015f\u0131k Uzunluk: 5,5 \u0130n\u00e7<\/li>\n<li>A\u011f\u0131rl\u0131k: 2,5 gms<\/li>\n<li>SKU 33116<\/li>\n<li>T\u00fcm fiyatlara KDV dahildir<\/li>\n<li>T\u00fcm \u00fcr\u00fcnlerimiz London Assay Office taraf\u0131ndan damgalanm\u0131\u015ft\u0131r<\/li>\n<li>All baby alt\u0131n bileklik Sunum kutusu ile birlikte gelir<\/li>\n<li>Teslimat dahil<\/li>\n<li>Upton park Jewellery shops, London , UK adresindeki benzer Mania Bileklikleri ke\u015ffetmek i\u00e7in bizimle ileti\u015fime ge\u00e7in \/ sohbet edin<\/li>\n<\/ul>","protected":false},"featured_media":318084,"comment_status":"closed","ping_status":"closed","template":"","meta":{"_eb_attr":"","_crsspst_to_jayantr4sg-hostcom":true},"product_brand":[],"product_cat":[1576,1324,1436],"product_tag":[],"class_list":{"0":"post-317948","1":"product","2":"type-product","3":"status-publish","4":"has-post-thumbnail","6":"product_cat-childrens-jewellery","7":"product_cat-gold-bracelet","8":"product_cat-kids-bracelet-kada","10":"first","11":"outofstock","12":"taxable","13":"shipping-taxable","14":"product-type-simple","15":"add-to-wishlist-before_image"},"yoast_head":"<!-- This site is optimized with the Yoast SEO plugin v27.3 - https:\/\/yoast.com\/product\/yoast-seo-wordpress\/ -->\n<title>22ct Gold Baby Bracelet | 22ct Hallmarked kids\u2019 Gold Jewellery<\/title>\n<meta name=\"description\" content=\"Our 22ct gold baby bracelets are the perfect gift for any special occasion. They are a beautiful way to show your love and affection for your little one.\" \/>\n<meta name=\"robots\" content=\"index, follow, max-snippet:-1, max-image-preview:large, max-video-preview:-1\" \/>\n<link rel=\"canonical\" href=\"https:\/\/www.purejewels.com\/tr\/urun\/22-ayar-altin-cocuk-bilezigi-45480\/\" \/>\n<meta property=\"og:locale\" content=\"tr_TR\" \/>\n<meta property=\"og:type\" content=\"article\" \/>\n<meta property=\"og:title\" content=\"22ct Gold Baby Bracelet | 22ct Hallmarked kids\u2019 Gold Jewellery\" \/>\n<meta property=\"og:description\" content=\"Our 22ct gold baby bracelets are the perfect gift for any special occasion. They are a beautiful way to show your love and affection for your little one.\" \/>\n<meta property=\"og:url\" content=\"https:\/\/www.purejewels.com\/tr\/urun\/22-ayar-altin-cocuk-bilezigi-45480\/\" \/>\n<meta property=\"og:site_name\" content=\"PureJewels UK\" \/>\n<meta property=\"article:modified_time\" content=\"2026-01-06T09:51:25+00:00\" \/>\n<meta property=\"og:image\" content=\"https:\/\/www.purejewels.com\/wp-content\/uploads\/2020\/10\/image187423191.jpg\" \/>\n\t<meta property=\"og:image:width\" content=\"1000\" \/>\n\t<meta property=\"og:image:height\" content=\"1000\" \/>\n\t<meta property=\"og:image:type\" content=\"image\/jpeg\" \/>\n<meta name=\"twitter:card\" content=\"summary_large_image\" \/>\n<meta name=\"twitter:label1\" content=\"Tahmini okuma s\u00fcresi\" \/>\n\t<meta name=\"twitter:data1\" content=\"1 dakika\" \/>\n<script type=\"application\/ld+json\" class=\"yoast-schema-graph\">{\"@context\":\"https:\\\/\\\/schema.org\",\"@graph\":[{\"@type\":[\"WebPage\",\"ItemPage\"],\"@id\":\"https:\\\/\\\/www.purejewels.com\\\/product\\\/22-carat-gold-kids-bracelet\\\/\",\"url\":\"https:\\\/\\\/www.purejewels.com\\\/product\\\/22-carat-gold-kids-bracelet\\\/\",\"name\":\"22ct Gold Baby Bracelet | 22ct Hallmarked kids\u2019 Gold Jewellery\",\"isPartOf\":{\"@id\":\"https:\\\/\\\/www.purejewels.com\\\/#website\"},\"primaryImageOfPage\":{\"@id\":\"https:\\\/\\\/www.purejewels.com\\\/product\\\/22-carat-gold-kids-bracelet\\\/#primaryimage\"},\"image\":{\"@id\":\"https:\\\/\\\/www.purejewels.com\\\/product\\\/22-carat-gold-kids-bracelet\\\/#primaryimage\"},\"thumbnailUrl\":\"https:\\\/\\\/static.purejewels.com\\\/wp-content\\\/uploads\\\/2020\\\/10\\\/image187423191.jpg\",\"datePublished\":\"2020-10-12T07:34:53+00:00\",\"dateModified\":\"2026-01-06T09:51:25+00:00\",\"description\":\"Our 22ct gold baby bracelets are the perfect gift for any special occasion. They are a beautiful way to show your love and affection for your little one.\",\"breadcrumb\":{\"@id\":\"https:\\\/\\\/www.purejewels.com\\\/product\\\/22-carat-gold-kids-bracelet\\\/#breadcrumb\"},\"inLanguage\":\"tr\",\"potentialAction\":[{\"@type\":\"ReadAction\",\"target\":[\"https:\\\/\\\/www.purejewels.com\\\/product\\\/22-carat-gold-kids-bracelet\\\/\"]}]},{\"@type\":\"ImageObject\",\"inLanguage\":\"tr\",\"@id\":\"https:\\\/\\\/www.purejewels.com\\\/product\\\/22-carat-gold-kids-bracelet\\\/#primaryimage\",\"url\":\"https:\\\/\\\/static.purejewels.com\\\/wp-content\\\/uploads\\\/2020\\\/10\\\/image187423191.jpg\",\"contentUrl\":\"https:\\\/\\\/static.purejewels.com\\\/wp-content\\\/uploads\\\/2020\\\/10\\\/image187423191.jpg\",\"width\":1000,\"height\":1000,\"caption\":\"22ct Gold Light Black Beads Baby Bracelet YGBT019\"},{\"@type\":\"BreadcrumbList\",\"@id\":\"https:\\\/\\\/www.purejewels.com\\\/product\\\/22-carat-gold-kids-bracelet\\\/#breadcrumb\",\"itemListElement\":[{\"@type\":\"ListItem\",\"position\":1,\"name\":\"Home\",\"item\":\"https:\\\/\\\/www.purejewels.com\\\/\"},{\"@type\":\"ListItem\",\"position\":2,\"name\":\"Shop\",\"item\":\"https:\\\/\\\/www.purejewels.com\\\/shop\\\/\"},{\"@type\":\"ListItem\",\"position\":3,\"name\":\"22 carat Gold Kids Bracelet\"}]},{\"@type\":\"WebSite\",\"@id\":\"https:\\\/\\\/www.purejewels.com\\\/#website\",\"url\":\"https:\\\/\\\/www.purejewels.com\\\/\",\"name\":\"PureJewels UK\",\"description\":\"Share the Love\",\"publisher\":{\"@id\":\"https:\\\/\\\/www.purejewels.com\\\/#organization\"},\"potentialAction\":[{\"@type\":\"SearchAction\",\"target\":{\"@type\":\"EntryPoint\",\"urlTemplate\":\"https:\\\/\\\/www.purejewels.com\\\/?s={search_term_string}\"},\"query-input\":{\"@type\":\"PropertyValueSpecification\",\"valueRequired\":true,\"valueName\":\"search_term_string\"}}],\"inLanguage\":\"tr\"},{\"@type\":\"Organization\",\"@id\":\"https:\\\/\\\/www.purejewels.com\\\/#organization\",\"name\":\"PureJewels UK\",\"url\":\"https:\\\/\\\/www.purejewels.com\\\/\",\"logo\":{\"@type\":\"ImageObject\",\"inLanguage\":\"tr\",\"@id\":\"https:\\\/\\\/www.purejewels.com\\\/#\\\/schema\\\/logo\\\/image\\\/\",\"url\":\"https:\\\/\\\/static.purejewels.com\\\/wp-content\\\/uploads\\\/2020\\\/11\\\/Logo-PJ-New-1.png\",\"contentUrl\":\"https:\\\/\\\/static.purejewels.com\\\/wp-content\\\/uploads\\\/2020\\\/11\\\/Logo-PJ-New-1.png\",\"width\":150,\"height\":80,\"caption\":\"PureJewels UK\"},\"image\":{\"@id\":\"https:\\\/\\\/www.purejewels.com\\\/#\\\/schema\\\/logo\\\/image\\\/\"}}]}<\/script>\n<!-- \/ Yoast SEO plugin. -->","yoast_head_json":{"title":"22 Ayar Alt\u0131n Bebek Bilekli\u011fi | 22 Ayar Damgal\u0131 \u00c7ocuk Alt\u0131n Tak\u0131lar\u0131","description":"22 ayar alt\u0131n bebek bilekliklerimiz her \u00f6zel g\u00fcn i\u00e7in m\u00fckemmel bir hediyedir. K\u00fc\u00e7\u00fck \u00e7ocu\u011funuza olan sevginizi ve \u015fefkatinizi g\u00f6stermenin g\u00fczel bir yoludur.","robots":{"index":"index","follow":"follow","max-snippet":"max-snippet:-1","max-image-preview":"max-image-preview:large","max-video-preview":"max-video-preview:-1"},"canonical":"https:\/\/www.purejewels.com\/tr\/urun\/22-ayar-altin-cocuk-bilezigi-45480\/","og_locale":"tr_TR","og_type":"article","og_title":"22ct Gold Baby Bracelet | 22ct Hallmarked kids\u2019 Gold Jewellery","og_description":"Our 22ct gold baby bracelets are the perfect gift for any special occasion. They are a beautiful way to show your love and affection for your little one.","og_url":"https:\/\/www.purejewels.com\/tr\/urun\/22-ayar-altin-cocuk-bilezigi-45480\/","og_site_name":"PureJewels UK","article_modified_time":"2026-01-06T09:51:25+00:00","og_image":[{"width":1000,"height":1000,"url":"https:\/\/www.purejewels.com\/wp-content\/uploads\/2020\/10\/image187423191.jpg","type":"image\/jpeg"}],"twitter_card":"summary_large_image","twitter_misc":{"Tahmini okuma s\u00fcresi":"1 dakika"},"schema":{"@context":"https:\/\/schema.org","@graph":[{"@type":["WebPage","ItemPage"],"@id":"https:\/\/www.purejewels.com\/product\/22-carat-gold-kids-bracelet\/","url":"https:\/\/www.purejewels.com\/product\/22-carat-gold-kids-bracelet\/","name":"22 Ayar Alt\u0131n Bebek Bilekli\u011fi | 22 Ayar Damgal\u0131 \u00c7ocuk Alt\u0131n Tak\u0131lar\u0131","isPartOf":{"@id":"https:\/\/www.purejewels.com\/#website"},"primaryImageOfPage":{"@id":"https:\/\/www.purejewels.com\/product\/22-carat-gold-kids-bracelet\/#primaryimage"},"image":{"@id":"https:\/\/www.purejewels.com\/product\/22-carat-gold-kids-bracelet\/#primaryimage"},"thumbnailUrl":"https:\/\/static.purejewels.com\/wp-content\/uploads\/2020\/10\/image187423191.jpg","datePublished":"2020-10-12T07:34:53+00:00","dateModified":"2026-01-06T09:51:25+00:00","description":"22 ayar alt\u0131n bebek bilekliklerimiz her \u00f6zel g\u00fcn i\u00e7in m\u00fckemmel bir hediyedir. K\u00fc\u00e7\u00fck \u00e7ocu\u011funuza olan sevginizi ve \u015fefkatinizi g\u00f6stermenin g\u00fczel bir yoludur.","breadcrumb":{"@id":"https:\/\/www.purejewels.com\/product\/22-carat-gold-kids-bracelet\/#breadcrumb"},"inLanguage":"tr","potentialAction":[{"@type":"ReadAction","target":["https:\/\/www.purejewels.com\/product\/22-carat-gold-kids-bracelet\/"]}]},{"@type":"ImageObject","inLanguage":"tr","@id":"https:\/\/www.purejewels.com\/product\/22-carat-gold-kids-bracelet\/#primaryimage","url":"https:\/\/static.purejewels.com\/wp-content\/uploads\/2020\/10\/image187423191.jpg","contentUrl":"https:\/\/static.purejewels.com\/wp-content\/uploads\/2020\/10\/image187423191.jpg","width":1000,"height":1000,"caption":"22ct Gold Light Black Beads Baby Bracelet YGBT019"},{"@type":"BreadcrumbList","@id":"https:\/\/www.purejewels.com\/product\/22-carat-gold-kids-bracelet\/#breadcrumb","itemListElement":[{"@type":"ListItem","position":1,"name":"Home","item":"https:\/\/www.purejewels.com\/"},{"@type":"ListItem","position":2,"name":"Shop","item":"https:\/\/www.purejewels.com\/shop\/"},{"@type":"ListItem","position":3,"name":"22 carat Gold Kids Bracelet"}]},{"@type":"WebSite","@id":"https:\/\/www.purejewels.com\/#website","url":"https:\/\/www.purejewels.com\/","name":"PureJewels \u0130ngiltere","description":"Sevgiyi Payla\u015f\u0131n","publisher":{"@id":"https:\/\/www.purejewels.com\/#organization"},"potentialAction":[{"@type":"SearchAction","target":{"@type":"EntryPoint","urlTemplate":"https:\/\/www.purejewels.com\/?s={search_term_string}"},"query-input":{"@type":"PropertyValueSpecification","valueRequired":true,"valueName":"search_term_string"}}],"inLanguage":"tr"},{"@type":"Organization","@id":"https:\/\/www.purejewels.com\/#organization","name":"PureJewels \u0130ngiltere","url":"https:\/\/www.purejewels.com\/","logo":{"@type":"ImageObject","inLanguage":"tr","@id":"https:\/\/www.purejewels.com\/#\/schema\/logo\/image\/","url":"https:\/\/static.purejewels.com\/wp-content\/uploads\/2020\/11\/Logo-PJ-New-1.png","contentUrl":"https:\/\/static.purejewels.com\/wp-content\/uploads\/2020\/11\/Logo-PJ-New-1.png","width":150,"height":80,"caption":"PureJewels UK"},"image":{"@id":"https:\/\/www.purejewels.com\/#\/schema\/logo\/image\/"}}]}},"_links":{"self":[{"href":"https:\/\/www.purejewels.com\/tr\/wp-json\/wp\/v2\/product\/317948","targetHints":{"allow":["GET"]}}],"collection":[{"href":"https:\/\/www.purejewels.com\/tr\/wp-json\/wp\/v2\/product"}],"about":[{"href":"https:\/\/www.purejewels.com\/tr\/wp-json\/wp\/v2\/types\/product"}],"replies":[{"embeddable":true,"href":"https:\/\/www.purejewels.com\/tr\/wp-json\/wp\/v2\/comments?post=317948"}],"version-history":[{"count":2,"href":"https:\/\/www.purejewels.com\/tr\/wp-json\/wp\/v2\/product\/317948\/revisions"}],"predecessor-version":[{"id":420719,"href":"https:\/\/www.purejewels.com\/tr\/wp-json\/wp\/v2\/product\/317948\/revisions\/420719"}],"wp:featuredmedia":[{"embeddable":true,"href":"https:\/\/www.purejewels.com\/tr\/wp-json\/wp\/v2\/media\/318084"}],"wp:attachment":[{"href":"https:\/\/www.purejewels.com\/tr\/wp-json\/wp\/v2\/media?parent=317948"}],"wp:term":[{"taxonomy":"product_brand","embeddable":true,"href":"https:\/\/www.purejewels.com\/tr\/wp-json\/wp\/v2\/product_brand?post=317948"},{"taxonomy":"product_cat","embeddable":true,"href":"https:\/\/www.purejewels.com\/tr\/wp-json\/wp\/v2\/product_cat?post=317948"},{"taxonomy":"product_tag","embeddable":true,"href":"https:\/\/www.purejewels.com\/tr\/wp-json\/wp\/v2\/product_tag?post=317948"}],"curies":[{"name":"wp","href":"https:\/\/api.w.org\/{rel}","templated":true}]}}