{"id":317953,"date":"2020-10-12T08:54:44","date_gmt":"2020-10-12T07:54:44","guid":{"rendered":"https:\/\/www.purejewels.com\/product\/glow-collection-22ct-gold-ladies-bracelet-6gm\/"},"modified":"2026-01-08T06:40:11","modified_gmt":"2026-01-08T06:40:11","slug":"22-ayar-altin-bayan-bileklik-33153","status":"publish","type":"product","link":"https:\/\/www.purejewels.com\/tr\/product\/22ct-gold-ladies-bracelet-33153\/","title":{"rendered":"Glow Collection 22 Ayar Alt\u0131n Bayan Bileklik - 6,5 \u0130n\u00e7"},"content":{"rendered":"<p>Bi\u00e7imi zarif ve kullan\u0131m\u0131 zahmetsiz olan Glow Collection 22 ayar alt\u0131n bayan bileklik, 6,5 in\u00e7 uzunlu\u011fuyla bile\u011fe rahat\u00e7a oturacak \u015fekilde tasarlanm\u0131\u015ft\u0131r. Zengin sar\u0131 alt\u0131ndan \u00fcretilen bileklik, \u0131\u015f\u0131\u011f\u0131 yumu\u015fak bir \u015fekilde yans\u0131tarak hem g\u00fcnl\u00fck hem de f\u0131rsat giyimini geli\u015ftiren s\u0131cak bir par\u0131lt\u0131 yarat\u0131r.<\/p>\n<p>Zarif tasar\u0131m\u0131, tek ba\u015f\u0131na sorunsuz bir \u015fekilde tak\u0131lmas\u0131na veya bileklik ve saatlerle birlikte katmanl\u0131 olarak kullan\u0131lmas\u0131na olanak tan\u0131r. Hafif ama l\u00fcks olan bu bilezik, ince detaylar\u0131 ve zamans\u0131z alt\u0131n i\u015f\u00e7ili\u011fini takdir edenler i\u00e7in idealdir.<\/p>\n<p>PureJewels'in kaliteli m\u00fccevher miras\u0131na dayanan bu par\u00e7a, safl\u0131\u011f\u0131, dengeyi ve modern kad\u0131nl\u0131\u011f\u0131 kutluyor. \u0130ster ki\u015fisel bir g\u00fcnl\u00fck ihtiya\u00e7 ister d\u00fc\u015f\u00fcnceli bir hediye olarak se\u00e7ilsin, \u00e7a\u011fda\u015f cazibeyle kal\u0131c\u0131 bir zarafet sunar.<\/p>","protected":false},"excerpt":{"rendered":"<p>Rahat bir 6,5 in\u00e7 uzunlukta tasarlanm\u0131\u015f, \u0131\u015f\u0131lt\u0131l\u0131 22 ayar alt\u0131ndan \u00fcretilmi\u015f, g\u00fczelce dengelenmi\u015f bir bayan bilezi\u011fi. PureJewels UK'nin zarif Glow Koleksiyonunun bir par\u00e7as\u0131.<\/p>\n<ul>\n<li>22ct\u00a0<span id=\"urn:enhancement-6b5dda1b\" class=\"textannotation\">Alt\u0131n<\/span>\u00a0Bayan Bileklik<\/li>\n<li>A\u011f\u0131rl\u0131k 6 gms<\/li>\n<li>Sku 33153<\/li>\n<li>Uzunluk 6,5 \u0130n\u00e7<\/li>\n<li>T\u00fcm fiyatlara KDV dahildir<\/li>\n<li>Hepsi 22\u00a0<span id=\"urn:enhancement-96f8acd8\" class=\"textannotation\">karat<\/span>\u00a0<span id=\"urn:enhancement-475c5677\" class=\"textannotation\">alt\u0131n<\/span>\u00a0bilezikler Londra damgal\u0131d\u0131r\u00a0<span id=\"urn:enhancement-50f6b5fe\" class=\"textannotation\">Tahlil Ofisi<\/span><\/li>\n<li>T\u00fcm\u00fc\u00a0<span id=\"urn:enhancement-a52000c\" class=\"textannotation\">Alt\u0131n<\/span>\u00a0Kad\u0131n Bilekli\u011fi Sunum Kutusuyla Birlikte Gelir<\/li>\n<li>Teslimat Dahil<\/li>\n<li>Uygunluk durumu ve daha fazla benzer g\u00f6rsel i\u00e7in bizimle canl\u0131 sohbet edin\u00a0<span id=\"urn:enhancement-bc77c438\" class=\"textannotation\">tasar\u0131mlar<\/span>\u00a0\u015fu anda\u00a0<span id=\"urn:enhancement-973deb93\" class=\"textannotation\">stok<\/span><\/li>\n<\/ul>","protected":false},"featured_media":318599,"comment_status":"closed","ping_status":"closed","template":"","meta":{"_eb_attr":"","_crsspst_to_jayantr4sg-hostcom":false},"product_brand":[],"product_cat":[1791,1559,3628,1324,1627,1570,1575,1574],"product_tag":[],"class_list":{"0":"post-317953","1":"product","2":"type-product","3":"status-publish","4":"has-post-thumbnail","6":"product_cat-anniversary-gifts","7":"product_cat-birthday-gifts","8":"product_cat-glow-collections","9":"product_cat-gold-bracelet","10":"product_cat-ladies-bracelet","11":"product_cat-mothers-day-gifts","12":"product_cat-teenage-jewellery","13":"product_cat-womens-jewellery","15":"first","16":"outofstock","17":"taxable","18":"shipping-taxable","19":"product-type-simple","20":"add-to-wishlist-before_image"},"yoast_head":"<!-- This site is optimized with the Yoast SEO plugin v27.3 - https:\/\/yoast.com\/product\/yoast-seo-wordpress\/ -->\n<title>Glow Collection 22ct Gold Ladies Bracelet 6.5 Inch | PureJewels<\/title>\n<meta name=\"description\" content=\"Shop the Glow Collection 22ct gold ladies bracelet in a 6.5 inch length. A refined gold bracelet by PureJewels UK, designed for comfort, elegance, and everyday wear.\" \/>\n<meta name=\"robots\" content=\"index, follow, max-snippet:-1, max-image-preview:large, max-video-preview:-1\" \/>\n<link rel=\"canonical\" href=\"https:\/\/www.purejewels.com\/tr\/urun\/22-ayar-altin-bayan-bileklik-33153\/\" \/>\n<meta property=\"og:locale\" content=\"tr_TR\" \/>\n<meta property=\"og:type\" content=\"article\" \/>\n<meta property=\"og:title\" content=\"Glow Collection 22ct Gold Ladies Bracelet 6.5 Inch | PureJewels\" \/>\n<meta property=\"og:description\" content=\"Shop the Glow Collection 22ct gold ladies bracelet in a 6.5 inch length. A refined gold bracelet by PureJewels UK, designed for comfort, elegance, and everyday wear.\" \/>\n<meta property=\"og:url\" content=\"https:\/\/www.purejewels.com\/tr\/urun\/22-ayar-altin-bayan-bileklik-33153\/\" \/>\n<meta property=\"og:site_name\" content=\"PureJewels UK\" \/>\n<meta property=\"article:modified_time\" content=\"2026-01-08T06:40:11+00:00\" \/>\n<meta property=\"og:image\" content=\"https:\/\/static.purejewels.com\/wp-content\/uploads\/2020\/10\/image188317696.jpg\" \/>\n\t<meta property=\"og:image:width\" content=\"1000\" \/>\n\t<meta property=\"og:image:height\" content=\"1000\" \/>\n\t<meta property=\"og:image:type\" content=\"image\/jpeg\" \/>\n<meta name=\"twitter:card\" content=\"summary_large_image\" \/>\n<meta name=\"twitter:label1\" content=\"Tahmini okuma s\u00fcresi\" \/>\n\t<meta name=\"twitter:data1\" content=\"1 dakika\" \/>\n<script type=\"application\/ld+json\" class=\"yoast-schema-graph\">{\"@context\":\"https:\\\/\\\/schema.org\",\"@graph\":[{\"@type\":[\"WebPage\",\"ItemPage\"],\"@id\":\"https:\\\/\\\/www.purejewels.com\\\/product\\\/22ct-gold-ladies-bracelet-33153\\\/\",\"url\":\"https:\\\/\\\/www.purejewels.com\\\/product\\\/22ct-gold-ladies-bracelet-33153\\\/\",\"name\":\"Glow Collection 22ct Gold Ladies Bracelet 6.5 Inch | PureJewels\",\"isPartOf\":{\"@id\":\"https:\\\/\\\/www.purejewels.com\\\/#website\"},\"primaryImageOfPage\":{\"@id\":\"https:\\\/\\\/www.purejewels.com\\\/product\\\/22ct-gold-ladies-bracelet-33153\\\/#primaryimage\"},\"image\":{\"@id\":\"https:\\\/\\\/www.purejewels.com\\\/product\\\/22ct-gold-ladies-bracelet-33153\\\/#primaryimage\"},\"thumbnailUrl\":\"https:\\\/\\\/static.purejewels.com\\\/wp-content\\\/uploads\\\/2020\\\/10\\\/image188317696.jpg\",\"datePublished\":\"2020-10-12T07:54:44+00:00\",\"dateModified\":\"2026-01-08T06:40:11+00:00\",\"description\":\"Shop the Glow Collection 22ct gold ladies bracelet in a 6.5 inch length. A refined gold bracelet by PureJewels UK, designed for comfort, elegance, and everyday wear.\",\"breadcrumb\":{\"@id\":\"https:\\\/\\\/www.purejewels.com\\\/product\\\/22ct-gold-ladies-bracelet-33153\\\/#breadcrumb\"},\"inLanguage\":\"tr\",\"potentialAction\":[{\"@type\":\"ReadAction\",\"target\":[\"https:\\\/\\\/www.purejewels.com\\\/product\\\/22ct-gold-ladies-bracelet-33153\\\/\"]}]},{\"@type\":\"ImageObject\",\"inLanguage\":\"tr\",\"@id\":\"https:\\\/\\\/www.purejewels.com\\\/product\\\/22ct-gold-ladies-bracelet-33153\\\/#primaryimage\",\"url\":\"https:\\\/\\\/static.purejewels.com\\\/wp-content\\\/uploads\\\/2020\\\/10\\\/image188317696.jpg\",\"contentUrl\":\"https:\\\/\\\/static.purejewels.com\\\/wp-content\\\/uploads\\\/2020\\\/10\\\/image188317696.jpg\",\"width\":1000,\"height\":1000,\"caption\":\"Glow 22ct Gold Medium Beads Ladies Bracelet GLBR015\"},{\"@type\":\"BreadcrumbList\",\"@id\":\"https:\\\/\\\/www.purejewels.com\\\/product\\\/22ct-gold-ladies-bracelet-33153\\\/#breadcrumb\",\"itemListElement\":[{\"@type\":\"ListItem\",\"position\":1,\"name\":\"Home\",\"item\":\"https:\\\/\\\/www.purejewels.com\\\/\"},{\"@type\":\"ListItem\",\"position\":2,\"name\":\"Shop\",\"item\":\"https:\\\/\\\/www.purejewels.com\\\/shop\\\/\"},{\"@type\":\"ListItem\",\"position\":3,\"name\":\"Glow Collection Ladies Bracelet in 22ct Gold \u2013 6.5 Inches\"}]},{\"@type\":\"WebSite\",\"@id\":\"https:\\\/\\\/www.purejewels.com\\\/#website\",\"url\":\"https:\\\/\\\/www.purejewels.com\\\/\",\"name\":\"PureJewels UK\",\"description\":\"Share the Love\",\"publisher\":{\"@id\":\"https:\\\/\\\/www.purejewels.com\\\/#organization\"},\"potentialAction\":[{\"@type\":\"SearchAction\",\"target\":{\"@type\":\"EntryPoint\",\"urlTemplate\":\"https:\\\/\\\/www.purejewels.com\\\/?s={search_term_string}\"},\"query-input\":{\"@type\":\"PropertyValueSpecification\",\"valueRequired\":true,\"valueName\":\"search_term_string\"}}],\"inLanguage\":\"tr\"},{\"@type\":\"Organization\",\"@id\":\"https:\\\/\\\/www.purejewels.com\\\/#organization\",\"name\":\"PureJewels UK\",\"url\":\"https:\\\/\\\/www.purejewels.com\\\/\",\"logo\":{\"@type\":\"ImageObject\",\"inLanguage\":\"tr\",\"@id\":\"https:\\\/\\\/www.purejewels.com\\\/#\\\/schema\\\/logo\\\/image\\\/\",\"url\":\"https:\\\/\\\/static.purejewels.com\\\/wp-content\\\/uploads\\\/2020\\\/11\\\/Logo-PJ-New-1.png\",\"contentUrl\":\"https:\\\/\\\/static.purejewels.com\\\/wp-content\\\/uploads\\\/2020\\\/11\\\/Logo-PJ-New-1.png\",\"width\":150,\"height\":80,\"caption\":\"PureJewels UK\"},\"image\":{\"@id\":\"https:\\\/\\\/www.purejewels.com\\\/#\\\/schema\\\/logo\\\/image\\\/\"}}]}<\/script>\n<!-- \/ Yoast SEO plugin. -->","yoast_head_json":{"title":"Glow Collection 22 Ayar Alt\u0131n Bayan Bileklik 6,5 \u0130n\u00e7 | PureJewels","description":"Glow Collection 22 ayar alt\u0131n bayan bilezi\u011fini 6,5 in\u00e7 uzunlu\u011funda sat\u0131n al\u0131n. PureJewels UK taraf\u0131ndan konfor, \u015f\u0131kl\u0131k ve g\u00fcnl\u00fck kullan\u0131m i\u00e7in tasarlanm\u0131\u015f zarif bir alt\u0131n bileklik.","robots":{"index":"index","follow":"follow","max-snippet":"max-snippet:-1","max-image-preview":"max-image-preview:large","max-video-preview":"max-video-preview:-1"},"canonical":"https:\/\/www.purejewels.com\/tr\/urun\/22-ayar-altin-bayan-bileklik-33153\/","og_locale":"tr_TR","og_type":"article","og_title":"Glow Collection 22ct Gold Ladies Bracelet 6.5 Inch | PureJewels","og_description":"Shop the Glow Collection 22ct gold ladies bracelet in a 6.5 inch length. A refined gold bracelet by PureJewels UK, designed for comfort, elegance, and everyday wear.","og_url":"https:\/\/www.purejewels.com\/tr\/urun\/22-ayar-altin-bayan-bileklik-33153\/","og_site_name":"PureJewels UK","article_modified_time":"2026-01-08T06:40:11+00:00","og_image":[{"width":1000,"height":1000,"url":"https:\/\/static.purejewels.com\/wp-content\/uploads\/2020\/10\/image188317696.jpg","type":"image\/jpeg"}],"twitter_card":"summary_large_image","twitter_misc":{"Tahmini okuma s\u00fcresi":"1 dakika"},"schema":{"@context":"https:\/\/schema.org","@graph":[{"@type":["WebPage","ItemPage"],"@id":"https:\/\/www.purejewels.com\/product\/22ct-gold-ladies-bracelet-33153\/","url":"https:\/\/www.purejewels.com\/product\/22ct-gold-ladies-bracelet-33153\/","name":"Glow Collection 22 Ayar Alt\u0131n Bayan Bileklik 6,5 \u0130n\u00e7 | PureJewels","isPartOf":{"@id":"https:\/\/www.purejewels.com\/#website"},"primaryImageOfPage":{"@id":"https:\/\/www.purejewels.com\/product\/22ct-gold-ladies-bracelet-33153\/#primaryimage"},"image":{"@id":"https:\/\/www.purejewels.com\/product\/22ct-gold-ladies-bracelet-33153\/#primaryimage"},"thumbnailUrl":"https:\/\/static.purejewels.com\/wp-content\/uploads\/2020\/10\/image188317696.jpg","datePublished":"2020-10-12T07:54:44+00:00","dateModified":"2026-01-08T06:40:11+00:00","description":"Glow Collection 22 ayar alt\u0131n bayan bilezi\u011fini 6,5 in\u00e7 uzunlu\u011funda sat\u0131n al\u0131n. PureJewels UK taraf\u0131ndan konfor, \u015f\u0131kl\u0131k ve g\u00fcnl\u00fck kullan\u0131m i\u00e7in tasarlanm\u0131\u015f zarif bir alt\u0131n bileklik.","breadcrumb":{"@id":"https:\/\/www.purejewels.com\/product\/22ct-gold-ladies-bracelet-33153\/#breadcrumb"},"inLanguage":"tr","potentialAction":[{"@type":"ReadAction","target":["https:\/\/www.purejewels.com\/product\/22ct-gold-ladies-bracelet-33153\/"]}]},{"@type":"ImageObject","inLanguage":"tr","@id":"https:\/\/www.purejewels.com\/product\/22ct-gold-ladies-bracelet-33153\/#primaryimage","url":"https:\/\/static.purejewels.com\/wp-content\/uploads\/2020\/10\/image188317696.jpg","contentUrl":"https:\/\/static.purejewels.com\/wp-content\/uploads\/2020\/10\/image188317696.jpg","width":1000,"height":1000,"caption":"Glow 22ct Gold Medium Beads Ladies Bracelet GLBR015"},{"@type":"BreadcrumbList","@id":"https:\/\/www.purejewels.com\/product\/22ct-gold-ladies-bracelet-33153\/#breadcrumb","itemListElement":[{"@type":"ListItem","position":1,"name":"Home","item":"https:\/\/www.purejewels.com\/"},{"@type":"ListItem","position":2,"name":"Shop","item":"https:\/\/www.purejewels.com\/shop\/"},{"@type":"ListItem","position":3,"name":"Glow Collection Ladies Bracelet in 22ct Gold \u2013 6.5 Inches"}]},{"@type":"WebSite","@id":"https:\/\/www.purejewels.com\/#website","url":"https:\/\/www.purejewels.com\/","name":"PureJewels \u0130ngiltere","description":"Sevgiyi Payla\u015f\u0131n","publisher":{"@id":"https:\/\/www.purejewels.com\/#organization"},"potentialAction":[{"@type":"SearchAction","target":{"@type":"EntryPoint","urlTemplate":"https:\/\/www.purejewels.com\/?s={search_term_string}"},"query-input":{"@type":"PropertyValueSpecification","valueRequired":true,"valueName":"search_term_string"}}],"inLanguage":"tr"},{"@type":"Organization","@id":"https:\/\/www.purejewels.com\/#organization","name":"PureJewels \u0130ngiltere","url":"https:\/\/www.purejewels.com\/","logo":{"@type":"ImageObject","inLanguage":"tr","@id":"https:\/\/www.purejewels.com\/#\/schema\/logo\/image\/","url":"https:\/\/static.purejewels.com\/wp-content\/uploads\/2020\/11\/Logo-PJ-New-1.png","contentUrl":"https:\/\/static.purejewels.com\/wp-content\/uploads\/2020\/11\/Logo-PJ-New-1.png","width":150,"height":80,"caption":"PureJewels UK"},"image":{"@id":"https:\/\/www.purejewels.com\/#\/schema\/logo\/image\/"}}]}},"_links":{"self":[{"href":"https:\/\/www.purejewels.com\/tr\/wp-json\/wp\/v2\/product\/317953","targetHints":{"allow":["GET"]}}],"collection":[{"href":"https:\/\/www.purejewels.com\/tr\/wp-json\/wp\/v2\/product"}],"about":[{"href":"https:\/\/www.purejewels.com\/tr\/wp-json\/wp\/v2\/types\/product"}],"replies":[{"embeddable":true,"href":"https:\/\/www.purejewels.com\/tr\/wp-json\/wp\/v2\/comments?post=317953"}],"version-history":[{"count":3,"href":"https:\/\/www.purejewels.com\/tr\/wp-json\/wp\/v2\/product\/317953\/revisions"}],"predecessor-version":[{"id":424315,"href":"https:\/\/www.purejewels.com\/tr\/wp-json\/wp\/v2\/product\/317953\/revisions\/424315"}],"wp:featuredmedia":[{"embeddable":true,"href":"https:\/\/www.purejewels.com\/tr\/wp-json\/wp\/v2\/media\/318599"}],"wp:attachment":[{"href":"https:\/\/www.purejewels.com\/tr\/wp-json\/wp\/v2\/media?parent=317953"}],"wp:term":[{"taxonomy":"product_brand","embeddable":true,"href":"https:\/\/www.purejewels.com\/tr\/wp-json\/wp\/v2\/product_brand?post=317953"},{"taxonomy":"product_cat","embeddable":true,"href":"https:\/\/www.purejewels.com\/tr\/wp-json\/wp\/v2\/product_cat?post=317953"},{"taxonomy":"product_tag","embeddable":true,"href":"https:\/\/www.purejewels.com\/tr\/wp-json\/wp\/v2\/product_tag?post=317953"}],"curies":[{"name":"wp","href":"https:\/\/api.w.org\/{rel}","templated":true}]}}