{"id":317957,"date":"2020-10-12T11:05:53","date_gmt":"2020-10-12T10:05:53","guid":{"rendered":"https:\/\/www.purejewels.com\/product\/22ct-gold-kada-17-4-gm\/"},"modified":"2026-03-09T11:46:47","modified_gmt":"2026-03-09T11:46:47","slug":"22-ayar-altin-bileklik-33336","status":"publish","type":"product","link":"https:\/\/www.purejewels.com\/tr\/product\/22ct-gold-bangle-bracelet-33336\/","title":{"rendered":"22 Ayar Alt\u0131n Dokulu B\u00fck\u00fcm Bileklik"},"content":{"rendered":"<p><strong>Tasar\u0131m Konsepti<\/strong><\/p>\n<p>Bu 22 ayar alt\u0131n bileklik, ak\u0131\u015fkan hareket ve dengeli simetriden ilham al\u0131yor. \u0130ki ince dokulu bant, ba\u011flant\u0131 ve uyumu simgeleyen merkezi bir b\u00fck\u00fcm motifine do\u011fru akar. Elmas kesim doku, \u0131\u015f\u0131\u011f\u0131 nazik\u00e7e yans\u0131tarak tasar\u0131m\u0131 zenginle\u015ftirir ve alt\u0131n formun sadeli\u011fini bast\u0131rmadan sofistike bir \u0131\u015f\u0131lt\u0131 yarat\u0131r.<\/p>\n<p><strong>Zanaatkarl\u0131k<\/strong><\/p>\n<p>Parlak 22 ayar alt\u0131ndan \u00fcretilen bileklik, y\u00fczeye derinlik ve doku katan ince elmas kesim detaylar sergiliyor. Cilal\u0131 i\u00e7 k\u0131s\u0131m p\u00fcr\u00fczs\u00fcz bir konfor sa\u011flarken mente\u015fe mekanizmas\u0131 kolay tak\u0131ma olanak tan\u0131r. Her ayr\u0131nt\u0131, y\u00fcksek safl\u0131ktaki alt\u0131n\u0131n do\u011fal \u0131\u015f\u0131lt\u0131s\u0131n\u0131 ve zenginli\u011fini vurgulayan hassas finisaj ve \u00f6zenli i\u015f\u00e7ili\u011fi yans\u0131t\u0131r.<\/p>\n<p><strong>Stil Fikirleri<\/strong><\/p>\n<p>Bu zarif 22 ayar alt\u0131n bileklik, minimalist bir ifade par\u00e7as\u0131 olarak tak\u0131labilir veya katmanl\u0131 bir g\u00f6r\u00fcn\u00fcm i\u00e7in di\u011fer alt\u0131n bilekliklerle istiflenebilir. Hem g\u00fcnl\u00fck kullan\u0131ma hem de \u00f6zel g\u00fcnlere uygun dengeli bir tak\u0131 stili olu\u015fturmak i\u00e7in alt\u0131n halka k\u00fcpeler veya narin bir zincir kolye ile e\u015fle\u015ftirin.<\/p>","protected":false},"excerpt":{"rendered":"<p>Elmas kesim detaylara ve ince bir parlakl\u0131k ve zarafet katan ak\u0131c\u0131 bir merkez b\u00fck\u00fcm\u00fcne sahip 22 ayar alt\u0131n dokulu zarif bir bileklik.<\/p>\n<p><strong>Malzeme:<\/strong>\u00a022 Ayar Alt\u0131n<strong><br \/>\nHallmark:\u00a0<\/strong>\u0130ngiliz Damgas\u0131<strong><br \/>\n<\/strong><strong>Br\u00fct A\u011f\u0131rl\u0131k: <\/strong>17,4 Gms<br \/>\n<strong>Boyut:<\/strong> 2.4<br \/>\n<strong>SKU:<\/strong> 33336<\/p>\n<p><strong>Fiyat ve Teslimat<\/strong>:KDV ve teslimat \u00fccreti dahil<\/p>\n<p><a href=\"https:\/\/www.purejewels.com\/tr\/i%cc%87ade-poli%cc%87ti%cc%87kasi\/\">\u0130ade Politikas\u0131<\/a><\/p>\n<p>&nbsp;<\/p>","protected":false},"featured_media":317959,"comment_status":"closed","ping_status":"closed","template":"","meta":{"_eb_attr":"","_crsspst_to_jayantr4sg-hostcom":true},"product_brand":[],"product_cat":[1791,1559,1659,1793,1324,1627,1657,1575,1574],"product_tag":[],"class_list":{"0":"post-317957","1":"product","2":"type-product","3":"status-publish","4":"has-post-thumbnail","6":"product_cat-anniversary-gifts","7":"product_cat-birthday-gifts","8":"product_cat-bridal-and-party-wear-gold-kada-bangle","9":"product_cat-diwali-gifts","10":"product_cat-gold-bracelet","11":"product_cat-ladies-bracelet","12":"product_cat-single-bangle","13":"product_cat-teenage-jewellery","14":"product_cat-womens-jewellery","16":"first","17":"outofstock","18":"sale","19":"taxable","20":"shipping-taxable","21":"product-type-simple","22":"add-to-wishlist-before_image"},"yoast_head":"<!-- This site is optimized with the Yoast SEO plugin v27.3 - https:\/\/yoast.com\/product\/yoast-seo-wordpress\/ -->\n<title>Diamond Cut 22ct Gold Twist Bangle | Elegant Gold Bracelet<\/title>\n<meta name=\"description\" content=\"Elegant 22ct gold bangle featuring diamond cut textured bands and a graceful twist design. A refined gold bracelet crafted for timeless everyday styling.\" \/>\n<meta name=\"robots\" content=\"index, follow, max-snippet:-1, max-image-preview:large, max-video-preview:-1\" \/>\n<link rel=\"canonical\" href=\"https:\/\/www.purejewels.com\/tr\/urun\/22-ayar-altin-bileklik-33336\/\" \/>\n<meta property=\"og:locale\" content=\"tr_TR\" \/>\n<meta property=\"og:type\" content=\"article\" \/>\n<meta property=\"og:title\" content=\"Diamond Cut 22ct Gold Twist Bangle | Elegant Gold Bracelet\" \/>\n<meta property=\"og:description\" content=\"Elegant 22ct gold bangle featuring diamond cut textured bands and a graceful twist design. A refined gold bracelet crafted for timeless everyday styling.\" \/>\n<meta property=\"og:url\" content=\"https:\/\/www.purejewels.com\/tr\/urun\/22-ayar-altin-bileklik-33336\/\" \/>\n<meta property=\"og:site_name\" content=\"PureJewels UK\" \/>\n<meta property=\"article:modified_time\" content=\"2026-03-09T11:46:47+00:00\" \/>\n<meta property=\"og:image\" content=\"https:\/\/static.purejewels.com\/wp-content\/uploads\/2020\/10\/image187319802.jpg\" \/>\n\t<meta property=\"og:image:width\" content=\"1000\" \/>\n\t<meta property=\"og:image:height\" content=\"1000\" \/>\n\t<meta property=\"og:image:type\" content=\"image\/jpeg\" \/>\n<meta name=\"twitter:card\" content=\"summary_large_image\" \/>\n<meta name=\"twitter:label1\" content=\"Tahmini okuma s\u00fcresi\" \/>\n\t<meta name=\"twitter:data1\" content=\"1 dakika\" \/>\n<script type=\"application\/ld+json\" class=\"yoast-schema-graph\">{\"@context\":\"https:\\\/\\\/schema.org\",\"@graph\":[{\"@type\":[\"WebPage\",\"ItemPage\"],\"@id\":\"https:\\\/\\\/www.purejewels.com\\\/product\\\/22ct-gold-bangle-bracelet-33336\\\/\",\"url\":\"https:\\\/\\\/www.purejewels.com\\\/product\\\/22ct-gold-bangle-bracelet-33336\\\/\",\"name\":\"Diamond Cut 22ct Gold Twist Bangle | Elegant Gold Bracelet\",\"isPartOf\":{\"@id\":\"https:\\\/\\\/www.purejewels.com\\\/#website\"},\"primaryImageOfPage\":{\"@id\":\"https:\\\/\\\/www.purejewels.com\\\/product\\\/22ct-gold-bangle-bracelet-33336\\\/#primaryimage\"},\"image\":{\"@id\":\"https:\\\/\\\/www.purejewels.com\\\/product\\\/22ct-gold-bangle-bracelet-33336\\\/#primaryimage\"},\"thumbnailUrl\":\"https:\\\/\\\/static.purejewels.com\\\/wp-content\\\/uploads\\\/2020\\\/10\\\/image187319802.jpg\",\"datePublished\":\"2020-10-12T10:05:53+00:00\",\"dateModified\":\"2026-03-09T11:46:47+00:00\",\"description\":\"Elegant 22ct gold bangle featuring diamond cut textured bands and a graceful twist design. A refined gold bracelet crafted for timeless everyday styling.\",\"breadcrumb\":{\"@id\":\"https:\\\/\\\/www.purejewels.com\\\/product\\\/22ct-gold-bangle-bracelet-33336\\\/#breadcrumb\"},\"inLanguage\":\"tr\",\"potentialAction\":[{\"@type\":\"ReadAction\",\"target\":[\"https:\\\/\\\/www.purejewels.com\\\/product\\\/22ct-gold-bangle-bracelet-33336\\\/\"]}]},{\"@type\":\"ImageObject\",\"inLanguage\":\"tr\",\"@id\":\"https:\\\/\\\/www.purejewels.com\\\/product\\\/22ct-gold-bangle-bracelet-33336\\\/#primaryimage\",\"url\":\"https:\\\/\\\/static.purejewels.com\\\/wp-content\\\/uploads\\\/2020\\\/10\\\/image187319802.jpg\",\"contentUrl\":\"https:\\\/\\\/static.purejewels.com\\\/wp-content\\\/uploads\\\/2020\\\/10\\\/image187319802.jpg\",\"width\":1000,\"height\":1000,\"caption\":\"22ct Gold Kada Party Wear YGKD093\"},{\"@type\":\"BreadcrumbList\",\"@id\":\"https:\\\/\\\/www.purejewels.com\\\/product\\\/22ct-gold-bangle-bracelet-33336\\\/#breadcrumb\",\"itemListElement\":[{\"@type\":\"ListItem\",\"position\":1,\"name\":\"Home\",\"item\":\"https:\\\/\\\/www.purejewels.com\\\/\"},{\"@type\":\"ListItem\",\"position\":2,\"name\":\"Shop\",\"item\":\"https:\\\/\\\/www.purejewels.com\\\/shop\\\/\"},{\"@type\":\"ListItem\",\"position\":3,\"name\":\"22ct Gold Textured Twist Bangle Bracelet\"}]},{\"@type\":\"WebSite\",\"@id\":\"https:\\\/\\\/www.purejewels.com\\\/#website\",\"url\":\"https:\\\/\\\/www.purejewels.com\\\/\",\"name\":\"PureJewels UK\",\"description\":\"Share the Love\",\"publisher\":{\"@id\":\"https:\\\/\\\/www.purejewels.com\\\/#organization\"},\"potentialAction\":[{\"@type\":\"SearchAction\",\"target\":{\"@type\":\"EntryPoint\",\"urlTemplate\":\"https:\\\/\\\/www.purejewels.com\\\/?s={search_term_string}\"},\"query-input\":{\"@type\":\"PropertyValueSpecification\",\"valueRequired\":true,\"valueName\":\"search_term_string\"}}],\"inLanguage\":\"tr\"},{\"@type\":\"Organization\",\"@id\":\"https:\\\/\\\/www.purejewels.com\\\/#organization\",\"name\":\"PureJewels UK\",\"url\":\"https:\\\/\\\/www.purejewels.com\\\/\",\"logo\":{\"@type\":\"ImageObject\",\"inLanguage\":\"tr\",\"@id\":\"https:\\\/\\\/www.purejewels.com\\\/#\\\/schema\\\/logo\\\/image\\\/\",\"url\":\"https:\\\/\\\/static.purejewels.com\\\/wp-content\\\/uploads\\\/2020\\\/11\\\/Logo-PJ-New-1.png\",\"contentUrl\":\"https:\\\/\\\/static.purejewels.com\\\/wp-content\\\/uploads\\\/2020\\\/11\\\/Logo-PJ-New-1.png\",\"width\":150,\"height\":80,\"caption\":\"PureJewels UK\"},\"image\":{\"@id\":\"https:\\\/\\\/www.purejewels.com\\\/#\\\/schema\\\/logo\\\/image\\\/\"}}]}<\/script>\n<!-- \/ Yoast SEO plugin. -->","yoast_head_json":{"title":"Elmas Kesim 22 Ayar Alt\u0131n B\u00fck\u00fcm Bileklik | Zarif Alt\u0131n Bileklik","description":"Elmas kesim dokulu bantlara ve zarif bir burgu tasar\u0131m\u0131na sahip zarif 22 ayar alt\u0131n bileklik. Zamans\u0131z g\u00fcnl\u00fck stil i\u00e7in haz\u0131rlanm\u0131\u015f zarif bir alt\u0131n bileklik.","robots":{"index":"index","follow":"follow","max-snippet":"max-snippet:-1","max-image-preview":"max-image-preview:large","max-video-preview":"max-video-preview:-1"},"canonical":"https:\/\/www.purejewels.com\/tr\/urun\/22-ayar-altin-bileklik-33336\/","og_locale":"tr_TR","og_type":"article","og_title":"Diamond Cut 22ct Gold Twist Bangle | Elegant Gold Bracelet","og_description":"Elegant 22ct gold bangle featuring diamond cut textured bands and a graceful twist design. A refined gold bracelet crafted for timeless everyday styling.","og_url":"https:\/\/www.purejewels.com\/tr\/urun\/22-ayar-altin-bileklik-33336\/","og_site_name":"PureJewels UK","article_modified_time":"2026-03-09T11:46:47+00:00","og_image":[{"width":1000,"height":1000,"url":"https:\/\/static.purejewels.com\/wp-content\/uploads\/2020\/10\/image187319802.jpg","type":"image\/jpeg"}],"twitter_card":"summary_large_image","twitter_misc":{"Tahmini okuma s\u00fcresi":"1 dakika"},"schema":{"@context":"https:\/\/schema.org","@graph":[{"@type":["WebPage","ItemPage"],"@id":"https:\/\/www.purejewels.com\/product\/22ct-gold-bangle-bracelet-33336\/","url":"https:\/\/www.purejewels.com\/product\/22ct-gold-bangle-bracelet-33336\/","name":"Elmas Kesim 22 Ayar Alt\u0131n B\u00fck\u00fcm Bileklik | Zarif Alt\u0131n Bileklik","isPartOf":{"@id":"https:\/\/www.purejewels.com\/#website"},"primaryImageOfPage":{"@id":"https:\/\/www.purejewels.com\/product\/22ct-gold-bangle-bracelet-33336\/#primaryimage"},"image":{"@id":"https:\/\/www.purejewels.com\/product\/22ct-gold-bangle-bracelet-33336\/#primaryimage"},"thumbnailUrl":"https:\/\/static.purejewels.com\/wp-content\/uploads\/2020\/10\/image187319802.jpg","datePublished":"2020-10-12T10:05:53+00:00","dateModified":"2026-03-09T11:46:47+00:00","description":"Elmas kesim dokulu bantlara ve zarif bir burgu tasar\u0131m\u0131na sahip zarif 22 ayar alt\u0131n bileklik. Zamans\u0131z g\u00fcnl\u00fck stil i\u00e7in haz\u0131rlanm\u0131\u015f zarif bir alt\u0131n bileklik.","breadcrumb":{"@id":"https:\/\/www.purejewels.com\/product\/22ct-gold-bangle-bracelet-33336\/#breadcrumb"},"inLanguage":"tr","potentialAction":[{"@type":"ReadAction","target":["https:\/\/www.purejewels.com\/product\/22ct-gold-bangle-bracelet-33336\/"]}]},{"@type":"ImageObject","inLanguage":"tr","@id":"https:\/\/www.purejewels.com\/product\/22ct-gold-bangle-bracelet-33336\/#primaryimage","url":"https:\/\/static.purejewels.com\/wp-content\/uploads\/2020\/10\/image187319802.jpg","contentUrl":"https:\/\/static.purejewels.com\/wp-content\/uploads\/2020\/10\/image187319802.jpg","width":1000,"height":1000,"caption":"22ct Gold Kada Party Wear YGKD093"},{"@type":"BreadcrumbList","@id":"https:\/\/www.purejewels.com\/product\/22ct-gold-bangle-bracelet-33336\/#breadcrumb","itemListElement":[{"@type":"ListItem","position":1,"name":"Home","item":"https:\/\/www.purejewels.com\/"},{"@type":"ListItem","position":2,"name":"Shop","item":"https:\/\/www.purejewels.com\/shop\/"},{"@type":"ListItem","position":3,"name":"22ct Gold Textured Twist Bangle Bracelet"}]},{"@type":"WebSite","@id":"https:\/\/www.purejewels.com\/#website","url":"https:\/\/www.purejewels.com\/","name":"PureJewels \u0130ngiltere","description":"Sevgiyi Payla\u015f\u0131n","publisher":{"@id":"https:\/\/www.purejewels.com\/#organization"},"potentialAction":[{"@type":"SearchAction","target":{"@type":"EntryPoint","urlTemplate":"https:\/\/www.purejewels.com\/?s={search_term_string}"},"query-input":{"@type":"PropertyValueSpecification","valueRequired":true,"valueName":"search_term_string"}}],"inLanguage":"tr"},{"@type":"Organization","@id":"https:\/\/www.purejewels.com\/#organization","name":"PureJewels \u0130ngiltere","url":"https:\/\/www.purejewels.com\/","logo":{"@type":"ImageObject","inLanguage":"tr","@id":"https:\/\/www.purejewels.com\/#\/schema\/logo\/image\/","url":"https:\/\/static.purejewels.com\/wp-content\/uploads\/2020\/11\/Logo-PJ-New-1.png","contentUrl":"https:\/\/static.purejewels.com\/wp-content\/uploads\/2020\/11\/Logo-PJ-New-1.png","width":150,"height":80,"caption":"PureJewels UK"},"image":{"@id":"https:\/\/www.purejewels.com\/#\/schema\/logo\/image\/"}}]}},"_links":{"self":[{"href":"https:\/\/www.purejewels.com\/tr\/wp-json\/wp\/v2\/product\/317957","targetHints":{"allow":["GET"]}}],"collection":[{"href":"https:\/\/www.purejewels.com\/tr\/wp-json\/wp\/v2\/product"}],"about":[{"href":"https:\/\/www.purejewels.com\/tr\/wp-json\/wp\/v2\/types\/product"}],"replies":[{"embeddable":true,"href":"https:\/\/www.purejewels.com\/tr\/wp-json\/wp\/v2\/comments?post=317957"}],"version-history":[{"count":3,"href":"https:\/\/www.purejewels.com\/tr\/wp-json\/wp\/v2\/product\/317957\/revisions"}],"predecessor-version":[{"id":426842,"href":"https:\/\/www.purejewels.com\/tr\/wp-json\/wp\/v2\/product\/317957\/revisions\/426842"}],"wp:featuredmedia":[{"embeddable":true,"href":"https:\/\/www.purejewels.com\/tr\/wp-json\/wp\/v2\/media\/317959"}],"wp:attachment":[{"href":"https:\/\/www.purejewels.com\/tr\/wp-json\/wp\/v2\/media?parent=317957"}],"wp:term":[{"taxonomy":"product_brand","embeddable":true,"href":"https:\/\/www.purejewels.com\/tr\/wp-json\/wp\/v2\/product_brand?post=317957"},{"taxonomy":"product_cat","embeddable":true,"href":"https:\/\/www.purejewels.com\/tr\/wp-json\/wp\/v2\/product_cat?post=317957"},{"taxonomy":"product_tag","embeddable":true,"href":"https:\/\/www.purejewels.com\/tr\/wp-json\/wp\/v2\/product_tag?post=317957"}],"curies":[{"name":"wp","href":"https:\/\/api.w.org\/{rel}","templated":true}]}}