{"id":317993,"date":"2020-10-13T09:10:20","date_gmt":"2020-10-13T08:10:20","guid":{"rendered":"https:\/\/www.purejewels.com\/product\/22ct-gold-ladies-bracelet-5-7gm\/"},"modified":"2026-01-06T09:44:14","modified_gmt":"2026-01-06T09:44:14","slug":"22-ayar-altin-bayan-bileklik-33342","status":"publish","type":"product","link":"https:\/\/www.purejewels.com\/tr\/product\/22-carat-gold-ladies-bracelet-33342\/","title":{"rendered":"22 ayar alt\u0131n \u00e7ok s\u0131ral\u0131 zincir bileklik"},"content":{"rendered":"<p>Bu 22 ayar alt\u0131n \u00e7ok telli zincir bileklik, sadelik ve ustal\u0131kla i\u015f\u00e7ili\u011fin zarif bir ifadesi. Parlak sar\u0131 alt\u0131ndan \u00fcretilen bileklik, birbirine s\u0131k\u0131ca ba\u011fl\u0131 ince zincirlerden olu\u015fuyor ve bilek \u00e7evresinde yumu\u015fak, ak\u0131c\u0131 bir siluet olu\u015fturuyor.<\/p>\n<p>Cilal\u0131 y\u00fczey, 22 ayar alt\u0131n\u0131n do\u011fal s\u0131cakl\u0131\u011f\u0131n\u0131 vurgular, aerodinamik toka ise hem g\u00fcvenli\u011fi hem de takma kolayl\u0131\u011f\u0131n\u0131 sa\u011flar. Hafif hissi ve zarif g\u00f6r\u00fcn\u00fcm\u00fcyle bilezik, her harekette rahat\u00e7a oturmas\u0131 ve zarif\u00e7e hareket etmesi i\u00e7in tasarlanm\u0131\u015ft\u0131r.<\/p>\n<p>\u00c7ok y\u00f6nl\u00fc bir stile sahip olan bu par\u00e7a, sade bir \u015f\u0131kl\u0131k i\u00e7in tek ba\u015f\u0131na rahatl\u0131kla tak\u0131labilece\u011fi gibi, daha etkileyici bir g\u00f6r\u00fcn\u00fcm i\u00e7in di\u011fer alt\u0131n bileziklerle birlikte katmanl\u0131 olarak da tak\u0131labilir. G\u00fcnl\u00fck kullan\u0131m veya \u00f6zenli bir hediye i\u00e7in ideal olan bu par\u00e7a, her alt\u0131n tak\u0131 koleksiyonuna zamans\u0131z bir katk\u0131 sa\u011flar.<\/p>","protected":false},"excerpt":{"rendered":"<p>\u0130nce ba\u011flant\u0131l\u0131 \u00e7ok s\u0131ral\u0131 zincirlerden olu\u015fan ve p\u00fcr\u00fczs\u00fcz, g\u00fcvenli bir toka ile donat\u0131lm\u0131\u015f zarif 22 ayar alt\u0131n bilezik.<\/p>\n<ul>\n<li>22 Ayar Alt\u0131n Bilezikler Hint<\/li>\n<li>Lovely G\u00fcnl\u00fck, Ofis K\u0131yafeti Bileklik<\/li>\n<li>A\u011f\u0131rl\u0131k 5,7 gms<\/li>\n<li>Uzunluk 7 \u0130n\u00e7<\/li>\n<li><span id=\"urn:enhancement-60289049\" class=\"textannotation\">SKU<\/span>. 33342<\/li>\n<li>T\u00fcm\u00fc\u00a0<span id=\"urn:enhancement-2f0e4369\" class=\"textannotation\">fiyatlar<\/span>\u00a0KDV dahil<\/li>\n<li>T\u00fcm \u00dcr\u00fcnlerimiz Londra Taraf\u0131ndan Damgalanm\u0131\u015ft\u0131r\u00a0<span id=\"urn:enhancement-3647d2d7\" class=\"textannotation\">Tahlil Ofisi<\/span><\/li>\n<li>\u0130le birlikte gelir\u00a0<span id=\"urn:enhancement-51f253dc\" class=\"textannotation\">Sunum<\/span>\u00a0Kutu<\/li>\n<li>Teslimat Dahil<\/li>\n<li>Hintli videosu i\u00e7in bizimle ileti\u015fime ge\u00e7in\/canl\u0131 sohbet edin\u00a0<span id=\"urn:enhancement-af98c0a0\" class=\"textannotation\">alt\u0131n<\/span>\u00a0<span id=\"urn:enhancement-8408aebd\" class=\"textannotation\">Bilezik<\/span>\u00a0Bayanlar i\u00e7in tasar\u0131mlar<\/li>\n<\/ul>","protected":false},"featured_media":317995,"comment_status":"closed","ping_status":"closed","template":"","meta":{"_eb_attr":"","_crsspst_to_jayantr4sg-hostcom":true},"product_brand":[],"product_cat":[1791,1559,1324,1627,1570,1575,1574],"product_tag":[],"class_list":{"0":"post-317993","1":"product","2":"type-product","3":"status-publish","4":"has-post-thumbnail","6":"product_cat-anniversary-gifts","7":"product_cat-birthday-gifts","8":"product_cat-gold-bracelet","9":"product_cat-ladies-bracelet","10":"product_cat-mothers-day-gifts","11":"product_cat-teenage-jewellery","12":"product_cat-womens-jewellery","14":"first","15":"outofstock","16":"taxable","17":"shipping-taxable","18":"product-type-simple","19":"add-to-wishlist-before_image"},"yoast_head":"<!-- This site is optimized with the Yoast SEO plugin v27.4 - https:\/\/yoast.com\/product\/yoast-seo-wordpress\/ -->\n<title>22ct Gold Multi-Strand Bracelet | Elegant Indian Gold Jewellery<\/title>\n<meta name=\"description\" content=\"Graceful 22ct gold multi-strand bracelet with a polished finish and secure clasp. A timeless gold piece designed for everyday elegance.\" \/>\n<meta name=\"robots\" content=\"index, follow, max-snippet:-1, max-image-preview:large, max-video-preview:-1\" \/>\n<link rel=\"canonical\" href=\"https:\/\/www.purejewels.com\/tr\/urun\/22-ayar-altin-bayan-bileklik-33342\/\" \/>\n<meta property=\"og:locale\" content=\"tr_TR\" \/>\n<meta property=\"og:type\" content=\"article\" \/>\n<meta property=\"og:title\" content=\"22ct Gold Multi-Strand Bracelet | Elegant Indian Gold Jewellery\" \/>\n<meta property=\"og:description\" content=\"Graceful 22ct gold multi-strand bracelet with a polished finish and secure clasp. A timeless gold piece designed for everyday elegance.\" \/>\n<meta property=\"og:url\" content=\"https:\/\/www.purejewels.com\/tr\/urun\/22-ayar-altin-bayan-bileklik-33342\/\" \/>\n<meta property=\"og:site_name\" content=\"PureJewels UK\" \/>\n<meta property=\"article:modified_time\" content=\"2026-01-06T09:44:14+00:00\" \/>\n<meta property=\"og:image\" content=\"https:\/\/static.purejewels.com\/wp-content\/uploads\/2020\/10\/image187351669.jpg\" \/>\n\t<meta property=\"og:image:width\" content=\"1000\" \/>\n\t<meta property=\"og:image:height\" content=\"1000\" \/>\n\t<meta property=\"og:image:type\" content=\"image\/jpeg\" \/>\n<meta name=\"twitter:card\" content=\"summary_large_image\" \/>\n<meta name=\"twitter:label1\" content=\"Tahmini okuma s\u00fcresi\" \/>\n\t<meta name=\"twitter:data1\" content=\"1 dakika\" \/>\n<script type=\"application\/ld+json\" class=\"yoast-schema-graph\">{\"@context\":\"https:\\\/\\\/schema.org\",\"@graph\":[{\"@type\":[\"WebPage\",\"ItemPage\"],\"@id\":\"https:\\\/\\\/www.purejewels.com\\\/product\\\/22-carat-gold-ladies-bracelet-33342\\\/\",\"url\":\"https:\\\/\\\/www.purejewels.com\\\/product\\\/22-carat-gold-ladies-bracelet-33342\\\/\",\"name\":\"22ct Gold Multi-Strand Bracelet | Elegant Indian Gold Jewellery\",\"isPartOf\":{\"@id\":\"https:\\\/\\\/www.purejewels.com\\\/#website\"},\"primaryImageOfPage\":{\"@id\":\"https:\\\/\\\/www.purejewels.com\\\/product\\\/22-carat-gold-ladies-bracelet-33342\\\/#primaryimage\"},\"image\":{\"@id\":\"https:\\\/\\\/www.purejewels.com\\\/product\\\/22-carat-gold-ladies-bracelet-33342\\\/#primaryimage\"},\"thumbnailUrl\":\"https:\\\/\\\/static.purejewels.com\\\/wp-content\\\/uploads\\\/2020\\\/10\\\/image187351669.jpg\",\"datePublished\":\"2020-10-13T08:10:20+00:00\",\"dateModified\":\"2026-01-06T09:44:14+00:00\",\"description\":\"Graceful 22ct gold multi-strand bracelet with a polished finish and secure clasp. A timeless gold piece designed for everyday elegance.\",\"breadcrumb\":{\"@id\":\"https:\\\/\\\/www.purejewels.com\\\/product\\\/22-carat-gold-ladies-bracelet-33342\\\/#breadcrumb\"},\"inLanguage\":\"tr\",\"potentialAction\":[{\"@type\":\"ReadAction\",\"target\":[\"https:\\\/\\\/www.purejewels.com\\\/product\\\/22-carat-gold-ladies-bracelet-33342\\\/\"]}]},{\"@type\":\"ImageObject\",\"inLanguage\":\"tr\",\"@id\":\"https:\\\/\\\/www.purejewels.com\\\/product\\\/22-carat-gold-ladies-bracelet-33342\\\/#primaryimage\",\"url\":\"https:\\\/\\\/static.purejewels.com\\\/wp-content\\\/uploads\\\/2020\\\/10\\\/image187351669.jpg\",\"contentUrl\":\"https:\\\/\\\/static.purejewels.com\\\/wp-content\\\/uploads\\\/2020\\\/10\\\/image187351669.jpg\",\"width\":1000,\"height\":1000,\"caption\":\"22ct Gold Medium Flat Patta Ladies Bracelet YGBR023\"},{\"@type\":\"BreadcrumbList\",\"@id\":\"https:\\\/\\\/www.purejewels.com\\\/product\\\/22-carat-gold-ladies-bracelet-33342\\\/#breadcrumb\",\"itemListElement\":[{\"@type\":\"ListItem\",\"position\":1,\"name\":\"Home\",\"item\":\"https:\\\/\\\/www.purejewels.com\\\/\"},{\"@type\":\"ListItem\",\"position\":2,\"name\":\"Shop\",\"item\":\"https:\\\/\\\/www.purejewels.com\\\/shop\\\/\"},{\"@type\":\"ListItem\",\"position\":3,\"name\":\"22ct Gold Multi-Strand Chain Bracelet\"}]},{\"@type\":\"WebSite\",\"@id\":\"https:\\\/\\\/www.purejewels.com\\\/#website\",\"url\":\"https:\\\/\\\/www.purejewels.com\\\/\",\"name\":\"PureJewels UK\",\"description\":\"Share the Love\",\"publisher\":{\"@id\":\"https:\\\/\\\/www.purejewels.com\\\/#organization\"},\"potentialAction\":[{\"@type\":\"SearchAction\",\"target\":{\"@type\":\"EntryPoint\",\"urlTemplate\":\"https:\\\/\\\/www.purejewels.com\\\/?s={search_term_string}\"},\"query-input\":{\"@type\":\"PropertyValueSpecification\",\"valueRequired\":true,\"valueName\":\"search_term_string\"}}],\"inLanguage\":\"tr\"},{\"@type\":\"Organization\",\"@id\":\"https:\\\/\\\/www.purejewels.com\\\/#organization\",\"name\":\"PureJewels UK\",\"url\":\"https:\\\/\\\/www.purejewels.com\\\/\",\"logo\":{\"@type\":\"ImageObject\",\"inLanguage\":\"tr\",\"@id\":\"https:\\\/\\\/www.purejewels.com\\\/#\\\/schema\\\/logo\\\/image\\\/\",\"url\":\"https:\\\/\\\/static.purejewels.com\\\/wp-content\\\/uploads\\\/2020\\\/11\\\/Logo-PJ-New-1.png\",\"contentUrl\":\"https:\\\/\\\/static.purejewels.com\\\/wp-content\\\/uploads\\\/2020\\\/11\\\/Logo-PJ-New-1.png\",\"width\":150,\"height\":80,\"caption\":\"PureJewels UK\"},\"image\":{\"@id\":\"https:\\\/\\\/www.purejewels.com\\\/#\\\/schema\\\/logo\\\/image\\\/\"}}]}<\/script>\n<!-- \/ Yoast SEO plugin. -->","yoast_head_json":{"title":"22 ayar alt\u0131n \u00e7ok s\u0131ral\u0131 bilezik | Zarif Hint alt\u0131n tak\u0131lar\u0131","description":"Cilal\u0131 y\u00fczeyli ve g\u00fcvenli tokal\u0131 zarif 22 ayar alt\u0131n \u00e7ok s\u0131ral\u0131 bileklik. G\u00fcnl\u00fck \u015f\u0131kl\u0131k i\u00e7in tasarlanm\u0131\u015f zamans\u0131z bir alt\u0131n tak\u0131.","robots":{"index":"index","follow":"follow","max-snippet":"max-snippet:-1","max-image-preview":"max-image-preview:large","max-video-preview":"max-video-preview:-1"},"canonical":"https:\/\/www.purejewels.com\/tr\/urun\/22-ayar-altin-bayan-bileklik-33342\/","og_locale":"tr_TR","og_type":"article","og_title":"22ct Gold Multi-Strand Bracelet | Elegant Indian Gold Jewellery","og_description":"Graceful 22ct gold multi-strand bracelet with a polished finish and secure clasp. A timeless gold piece designed for everyday elegance.","og_url":"https:\/\/www.purejewels.com\/tr\/urun\/22-ayar-altin-bayan-bileklik-33342\/","og_site_name":"PureJewels UK","article_modified_time":"2026-01-06T09:44:14+00:00","og_image":[{"width":1000,"height":1000,"url":"https:\/\/static.purejewels.com\/wp-content\/uploads\/2020\/10\/image187351669.jpg","type":"image\/jpeg"}],"twitter_card":"summary_large_image","twitter_misc":{"Tahmini okuma s\u00fcresi":"1 dakika"},"schema":{"@context":"https:\/\/schema.org","@graph":[{"@type":["WebPage","ItemPage"],"@id":"https:\/\/www.purejewels.com\/product\/22-carat-gold-ladies-bracelet-33342\/","url":"https:\/\/www.purejewels.com\/product\/22-carat-gold-ladies-bracelet-33342\/","name":"22 ayar alt\u0131n \u00e7ok s\u0131ral\u0131 bilezik | Zarif Hint alt\u0131n tak\u0131lar\u0131","isPartOf":{"@id":"https:\/\/www.purejewels.com\/#website"},"primaryImageOfPage":{"@id":"https:\/\/www.purejewels.com\/product\/22-carat-gold-ladies-bracelet-33342\/#primaryimage"},"image":{"@id":"https:\/\/www.purejewels.com\/product\/22-carat-gold-ladies-bracelet-33342\/#primaryimage"},"thumbnailUrl":"https:\/\/static.purejewels.com\/wp-content\/uploads\/2020\/10\/image187351669.jpg","datePublished":"2020-10-13T08:10:20+00:00","dateModified":"2026-01-06T09:44:14+00:00","description":"Cilal\u0131 y\u00fczeyli ve g\u00fcvenli tokal\u0131 zarif 22 ayar alt\u0131n \u00e7ok s\u0131ral\u0131 bileklik. G\u00fcnl\u00fck \u015f\u0131kl\u0131k i\u00e7in tasarlanm\u0131\u015f zamans\u0131z bir alt\u0131n tak\u0131.","breadcrumb":{"@id":"https:\/\/www.purejewels.com\/product\/22-carat-gold-ladies-bracelet-33342\/#breadcrumb"},"inLanguage":"tr","potentialAction":[{"@type":"ReadAction","target":["https:\/\/www.purejewels.com\/product\/22-carat-gold-ladies-bracelet-33342\/"]}]},{"@type":"ImageObject","inLanguage":"tr","@id":"https:\/\/www.purejewels.com\/product\/22-carat-gold-ladies-bracelet-33342\/#primaryimage","url":"https:\/\/static.purejewels.com\/wp-content\/uploads\/2020\/10\/image187351669.jpg","contentUrl":"https:\/\/static.purejewels.com\/wp-content\/uploads\/2020\/10\/image187351669.jpg","width":1000,"height":1000,"caption":"22ct Gold Medium Flat Patta Ladies Bracelet YGBR023"},{"@type":"BreadcrumbList","@id":"https:\/\/www.purejewels.com\/product\/22-carat-gold-ladies-bracelet-33342\/#breadcrumb","itemListElement":[{"@type":"ListItem","position":1,"name":"Home","item":"https:\/\/www.purejewels.com\/"},{"@type":"ListItem","position":2,"name":"Shop","item":"https:\/\/www.purejewels.com\/shop\/"},{"@type":"ListItem","position":3,"name":"22ct Gold Multi-Strand Chain Bracelet"}]},{"@type":"WebSite","@id":"https:\/\/www.purejewels.com\/#website","url":"https:\/\/www.purejewels.com\/","name":"PureJewels \u0130ngiltere","description":"Sevgiyi Payla\u015f\u0131n","publisher":{"@id":"https:\/\/www.purejewels.com\/#organization"},"potentialAction":[{"@type":"SearchAction","target":{"@type":"EntryPoint","urlTemplate":"https:\/\/www.purejewels.com\/?s={search_term_string}"},"query-input":{"@type":"PropertyValueSpecification","valueRequired":true,"valueName":"search_term_string"}}],"inLanguage":"tr"},{"@type":"Organization","@id":"https:\/\/www.purejewels.com\/#organization","name":"PureJewels \u0130ngiltere","url":"https:\/\/www.purejewels.com\/","logo":{"@type":"ImageObject","inLanguage":"tr","@id":"https:\/\/www.purejewels.com\/#\/schema\/logo\/image\/","url":"https:\/\/static.purejewels.com\/wp-content\/uploads\/2020\/11\/Logo-PJ-New-1.png","contentUrl":"https:\/\/static.purejewels.com\/wp-content\/uploads\/2020\/11\/Logo-PJ-New-1.png","width":150,"height":80,"caption":"PureJewels UK"},"image":{"@id":"https:\/\/www.purejewels.com\/#\/schema\/logo\/image\/"}}]}},"_links":{"self":[{"href":"https:\/\/www.purejewels.com\/tr\/wp-json\/wp\/v2\/product\/317993","targetHints":{"allow":["GET"]}}],"collection":[{"href":"https:\/\/www.purejewels.com\/tr\/wp-json\/wp\/v2\/product"}],"about":[{"href":"https:\/\/www.purejewels.com\/tr\/wp-json\/wp\/v2\/types\/product"}],"replies":[{"embeddable":true,"href":"https:\/\/www.purejewels.com\/tr\/wp-json\/wp\/v2\/comments?post=317993"}],"version-history":[{"count":3,"href":"https:\/\/www.purejewels.com\/tr\/wp-json\/wp\/v2\/product\/317993\/revisions"}],"predecessor-version":[{"id":424150,"href":"https:\/\/www.purejewels.com\/tr\/wp-json\/wp\/v2\/product\/317993\/revisions\/424150"}],"wp:featuredmedia":[{"embeddable":true,"href":"https:\/\/www.purejewels.com\/tr\/wp-json\/wp\/v2\/media\/317995"}],"wp:attachment":[{"href":"https:\/\/www.purejewels.com\/tr\/wp-json\/wp\/v2\/media?parent=317993"}],"wp:term":[{"taxonomy":"product_brand","embeddable":true,"href":"https:\/\/www.purejewels.com\/tr\/wp-json\/wp\/v2\/product_brand?post=317993"},{"taxonomy":"product_cat","embeddable":true,"href":"https:\/\/www.purejewels.com\/tr\/wp-json\/wp\/v2\/product_cat?post=317993"},{"taxonomy":"product_tag","embeddable":true,"href":"https:\/\/www.purejewels.com\/tr\/wp-json\/wp\/v2\/product_tag?post=317993"}],"curies":[{"name":"wp","href":"https:\/\/api.w.org\/{rel}","templated":true}]}}