{"id":318073,"date":"2020-10-14T06:57:01","date_gmt":"2020-10-14T05:57:01","guid":{"rendered":"https:\/\/www.purejewels.com\/product\/22ct-gold-earring-0-9gm\/"},"modified":"2026-03-09T06:40:09","modified_gmt":"2026-03-09T06:40:09","slug":"22-ayar-altin-yuvarlak-saplama-kupe","status":"publish","type":"product","link":"https:\/\/www.purejewels.com\/tr\/product\/22ct-gold-round-stud-earring\/","title":{"rendered":"22 Ayar Alt\u0131n Yuvarlak Saplama K\u00fcpe"},"content":{"rendered":"<p>Bu zarif 22 ayar alt\u0131n yuvarlak saplama k\u00fcpeler, \u0131\u015f\u0131lt\u0131l\u0131 bir k\u00fcbik zirkon ta\u015fla merkezlenmi\u015f klasik bir dairesel tasar\u0131m\u0131 vurgular. Parlat\u0131lm\u0131\u015f alt\u0131n ayar\u0131, ta\u015f\u0131 g\u00fczel bir \u015fekilde \u00e7er\u00e7eveleyerek CZ'nin parlakl\u0131\u011f\u0131n\u0131n \u00f6ne \u00e7\u0131kmas\u0131n\u0131 sa\u011flarken 22 ayar alt\u0131n tak\u0131lar\u0131n s\u0131cak \u0131\u015f\u0131lt\u0131s\u0131n\u0131 art\u0131r\u0131r.<\/p>\n<p>Rahatl\u0131k ve \u00e7ok y\u00f6nl\u00fcl\u00fck i\u00e7in tasarlanan bu 22 ayar alt\u0131n k\u00fcpeler g\u00fcnl\u00fck kullan\u0131m i\u00e7in idealdir ve hem g\u00fcndelik hem de resmi g\u00f6r\u00fcn\u00fcmlerle zahmetsizce e\u015fle\u015fir. Minimal ancak zarif tasar\u0131mlar\u0131, modern ve geleneksel esteti\u011fi ayn\u0131 \u015fekilde tamamlayan zamans\u0131z bir stil sunarak onlar\u0131 her m\u00fccevher koleksiyonunun temel par\u00e7as\u0131 haline getirir.<\/p>","protected":false},"excerpt":{"rendered":"<p>Bunlar <strong data-start=\"332\" data-end=\"365\">22 ayar alt\u0131n yuvarlak saplama k\u00fcpe<\/strong> P\u00fcr\u00fczs\u00fcz alt\u0131n \u00e7er\u00e7eve tasar\u0131m\u0131na yerle\u015ftirilmi\u015f parlak bir CZ merkeze sahiptir. G\u00fcnl\u00fck \u015f\u0131kl\u0131k i\u00e7in m\u00fckemmel, zamans\u0131z bir \u00e7ift alt\u0131n \u00e7\u0131t\u00e7\u0131t.<\/p>\n<ul>\n<li><strong>Malzeme:<\/strong>\u00a022 Ayar Alt\u0131n (91,6% Saf Alt\u0131n)<\/li>\n<li><strong>Hallmark:\u00a0<\/strong>\u0130ngiliz Damgas\u0131<\/li>\n<li><strong>Br\u00fct A\u011f\u0131rl\u0131k: <\/strong>0.9 Gms<\/li>\n<li><strong>SKU: <\/strong>33306<\/li>\n<\/ul>\n<p><strong><br \/>\nFiyat ve Teslimat:\u00a0<\/strong>KDV ve teslimat \u00fccretleri dahil<br \/>\n<strong><a href=\"https:\/\/www.purejewels.com\/tr\/i%cc%87ade-poli%cc%87ti%cc%87kasi\/\">\u0130ade Politikas\u0131<\/a><\/strong><\/p>\n<p>&nbsp;<\/p>","protected":false},"featured_media":318120,"comment_status":"closed","ping_status":"closed","template":"","meta":{"_eb_attr":"","_crsspst_to_jayantr4sg-hostcom":false},"product_brand":[],"product_cat":[1559,1576,1793,1254,1577,1574],"product_tag":[],"class_list":{"0":"post-318073","1":"product","2":"type-product","3":"status-publish","4":"has-post-thumbnail","6":"product_cat-birthday-gifts","7":"product_cat-childrens-jewellery","8":"product_cat-diwali-gifts","9":"product_cat-gold-earrings","10":"product_cat-stud-earrings","11":"product_cat-womens-jewellery","13":"first","14":"outofstock","15":"taxable","16":"shipping-taxable","17":"product-type-simple","18":"add-to-wishlist-before_image"},"yoast_head":"<!-- This site is optimized with the Yoast SEO plugin v27.3 - https:\/\/yoast.com\/product\/yoast-seo-wordpress\/ -->\n<title>22ct Gold Round Stud Earrings with CZ | Classic Gold Studs<\/title>\n<meta name=\"description\" content=\"Elegant 22ct gold round stud earrings set with brilliant CZ stones. A classic gold stud design perfect for everyday wear and timeless jewellery styling.\" \/>\n<meta name=\"robots\" content=\"index, follow, max-snippet:-1, max-image-preview:large, max-video-preview:-1\" \/>\n<link rel=\"canonical\" href=\"https:\/\/www.purejewels.com\/tr\/urun\/22-ayar-altin-yuvarlak-saplama-kupe\/\" \/>\n<meta property=\"og:locale\" content=\"tr_TR\" \/>\n<meta property=\"og:type\" content=\"article\" \/>\n<meta property=\"og:title\" content=\"22ct Gold Round Stud Earrings with CZ | Classic Gold Studs\" \/>\n<meta property=\"og:description\" content=\"Elegant 22ct gold round stud earrings set with brilliant CZ stones. A classic gold stud design perfect for everyday wear and timeless jewellery styling.\" \/>\n<meta property=\"og:url\" content=\"https:\/\/www.purejewels.com\/tr\/urun\/22-ayar-altin-yuvarlak-saplama-kupe\/\" \/>\n<meta property=\"og:site_name\" content=\"PureJewels UK\" \/>\n<meta property=\"article:modified_time\" content=\"2026-03-09T06:40:09+00:00\" \/>\n<meta property=\"og:image\" content=\"https:\/\/static.purejewels.com\/wp-content\/uploads\/2020\/10\/image187427594.jpg\" \/>\n\t<meta property=\"og:image:width\" content=\"1000\" \/>\n\t<meta property=\"og:image:height\" content=\"1000\" \/>\n\t<meta property=\"og:image:type\" content=\"image\/jpeg\" \/>\n<meta name=\"twitter:card\" content=\"summary_large_image\" \/>\n<meta name=\"twitter:label1\" content=\"Tahmini okuma s\u00fcresi\" \/>\n\t<meta name=\"twitter:data1\" content=\"1 dakika\" \/>\n<script type=\"application\/ld+json\" class=\"yoast-schema-graph\">{\"@context\":\"https:\\\/\\\/schema.org\",\"@graph\":[{\"@type\":[\"WebPage\",\"ItemPage\"],\"@id\":\"https:\\\/\\\/www.purejewels.com\\\/product\\\/22ct-gold-round-stud-earring\\\/\",\"url\":\"https:\\\/\\\/www.purejewels.com\\\/product\\\/22ct-gold-round-stud-earring\\\/\",\"name\":\"22ct Gold Round Stud Earrings with CZ | Classic Gold Studs\",\"isPartOf\":{\"@id\":\"https:\\\/\\\/www.purejewels.com\\\/#website\"},\"primaryImageOfPage\":{\"@id\":\"https:\\\/\\\/www.purejewels.com\\\/product\\\/22ct-gold-round-stud-earring\\\/#primaryimage\"},\"image\":{\"@id\":\"https:\\\/\\\/www.purejewels.com\\\/product\\\/22ct-gold-round-stud-earring\\\/#primaryimage\"},\"thumbnailUrl\":\"https:\\\/\\\/static.purejewels.com\\\/wp-content\\\/uploads\\\/2020\\\/10\\\/image187427594.jpg\",\"datePublished\":\"2020-10-14T05:57:01+00:00\",\"dateModified\":\"2026-03-09T06:40:09+00:00\",\"description\":\"Elegant 22ct gold round stud earrings set with brilliant CZ stones. A classic gold stud design perfect for everyday wear and timeless jewellery styling.\",\"breadcrumb\":{\"@id\":\"https:\\\/\\\/www.purejewels.com\\\/product\\\/22ct-gold-round-stud-earring\\\/#breadcrumb\"},\"inLanguage\":\"tr\",\"potentialAction\":[{\"@type\":\"ReadAction\",\"target\":[\"https:\\\/\\\/www.purejewels.com\\\/product\\\/22ct-gold-round-stud-earring\\\/\"]}]},{\"@type\":\"ImageObject\",\"inLanguage\":\"tr\",\"@id\":\"https:\\\/\\\/www.purejewels.com\\\/product\\\/22ct-gold-round-stud-earring\\\/#primaryimage\",\"url\":\"https:\\\/\\\/static.purejewels.com\\\/wp-content\\\/uploads\\\/2020\\\/10\\\/image187427594.jpg\",\"contentUrl\":\"https:\\\/\\\/static.purejewels.com\\\/wp-content\\\/uploads\\\/2020\\\/10\\\/image187427594.jpg\",\"width\":1000,\"height\":1000,\"caption\":\"22ct Gold Light With White CZ Stone Round Stud Earring YGER317\"},{\"@type\":\"BreadcrumbList\",\"@id\":\"https:\\\/\\\/www.purejewels.com\\\/product\\\/22ct-gold-round-stud-earring\\\/#breadcrumb\",\"itemListElement\":[{\"@type\":\"ListItem\",\"position\":1,\"name\":\"Home\",\"item\":\"https:\\\/\\\/www.purejewels.com\\\/\"},{\"@type\":\"ListItem\",\"position\":2,\"name\":\"Shop\",\"item\":\"https:\\\/\\\/www.purejewels.com\\\/shop\\\/\"},{\"@type\":\"ListItem\",\"position\":3,\"name\":\"22ct Gold Round Stud Earring\"}]},{\"@type\":\"WebSite\",\"@id\":\"https:\\\/\\\/www.purejewels.com\\\/#website\",\"url\":\"https:\\\/\\\/www.purejewels.com\\\/\",\"name\":\"PureJewels UK\",\"description\":\"Share the Love\",\"publisher\":{\"@id\":\"https:\\\/\\\/www.purejewels.com\\\/#organization\"},\"potentialAction\":[{\"@type\":\"SearchAction\",\"target\":{\"@type\":\"EntryPoint\",\"urlTemplate\":\"https:\\\/\\\/www.purejewels.com\\\/?s={search_term_string}\"},\"query-input\":{\"@type\":\"PropertyValueSpecification\",\"valueRequired\":true,\"valueName\":\"search_term_string\"}}],\"inLanguage\":\"tr\"},{\"@type\":\"Organization\",\"@id\":\"https:\\\/\\\/www.purejewels.com\\\/#organization\",\"name\":\"PureJewels UK\",\"url\":\"https:\\\/\\\/www.purejewels.com\\\/\",\"logo\":{\"@type\":\"ImageObject\",\"inLanguage\":\"tr\",\"@id\":\"https:\\\/\\\/www.purejewels.com\\\/#\\\/schema\\\/logo\\\/image\\\/\",\"url\":\"https:\\\/\\\/static.purejewels.com\\\/wp-content\\\/uploads\\\/2020\\\/11\\\/Logo-PJ-New-1.png\",\"contentUrl\":\"https:\\\/\\\/static.purejewels.com\\\/wp-content\\\/uploads\\\/2020\\\/11\\\/Logo-PJ-New-1.png\",\"width\":150,\"height\":80,\"caption\":\"PureJewels UK\"},\"image\":{\"@id\":\"https:\\\/\\\/www.purejewels.com\\\/#\\\/schema\\\/logo\\\/image\\\/\"}}]}<\/script>\n<!-- \/ Yoast SEO plugin. -->","yoast_head_json":{"title":"CZ'li 22 Ayar Alt\u0131n Yuvarlak Saplama K\u00fcpe | Klasik Alt\u0131n Saplamalar","description":"Parlak CZ ta\u015fl\u0131 zarif 22 ayar alt\u0131n yuvarlak saplama k\u00fcpe. G\u00fcnl\u00fck kullan\u0131m ve zamans\u0131z m\u00fccevher stili i\u00e7in m\u00fckemmel olan klasik bir alt\u0131n saplama tasar\u0131m\u0131.","robots":{"index":"index","follow":"follow","max-snippet":"max-snippet:-1","max-image-preview":"max-image-preview:large","max-video-preview":"max-video-preview:-1"},"canonical":"https:\/\/www.purejewels.com\/tr\/urun\/22-ayar-altin-yuvarlak-saplama-kupe\/","og_locale":"tr_TR","og_type":"article","og_title":"22ct Gold Round Stud Earrings with CZ | Classic Gold Studs","og_description":"Elegant 22ct gold round stud earrings set with brilliant CZ stones. A classic gold stud design perfect for everyday wear and timeless jewellery styling.","og_url":"https:\/\/www.purejewels.com\/tr\/urun\/22-ayar-altin-yuvarlak-saplama-kupe\/","og_site_name":"PureJewels UK","article_modified_time":"2026-03-09T06:40:09+00:00","og_image":[{"width":1000,"height":1000,"url":"https:\/\/static.purejewels.com\/wp-content\/uploads\/2020\/10\/image187427594.jpg","type":"image\/jpeg"}],"twitter_card":"summary_large_image","twitter_misc":{"Tahmini okuma s\u00fcresi":"1 dakika"},"schema":{"@context":"https:\/\/schema.org","@graph":[{"@type":["WebPage","ItemPage"],"@id":"https:\/\/www.purejewels.com\/product\/22ct-gold-round-stud-earring\/","url":"https:\/\/www.purejewels.com\/product\/22ct-gold-round-stud-earring\/","name":"CZ'li 22 Ayar Alt\u0131n Yuvarlak Saplama K\u00fcpe | Klasik Alt\u0131n Saplamalar","isPartOf":{"@id":"https:\/\/www.purejewels.com\/#website"},"primaryImageOfPage":{"@id":"https:\/\/www.purejewels.com\/product\/22ct-gold-round-stud-earring\/#primaryimage"},"image":{"@id":"https:\/\/www.purejewels.com\/product\/22ct-gold-round-stud-earring\/#primaryimage"},"thumbnailUrl":"https:\/\/static.purejewels.com\/wp-content\/uploads\/2020\/10\/image187427594.jpg","datePublished":"2020-10-14T05:57:01+00:00","dateModified":"2026-03-09T06:40:09+00:00","description":"Parlak CZ ta\u015fl\u0131 zarif 22 ayar alt\u0131n yuvarlak saplama k\u00fcpe. G\u00fcnl\u00fck kullan\u0131m ve zamans\u0131z m\u00fccevher stili i\u00e7in m\u00fckemmel olan klasik bir alt\u0131n saplama tasar\u0131m\u0131.","breadcrumb":{"@id":"https:\/\/www.purejewels.com\/product\/22ct-gold-round-stud-earring\/#breadcrumb"},"inLanguage":"tr","potentialAction":[{"@type":"ReadAction","target":["https:\/\/www.purejewels.com\/product\/22ct-gold-round-stud-earring\/"]}]},{"@type":"ImageObject","inLanguage":"tr","@id":"https:\/\/www.purejewels.com\/product\/22ct-gold-round-stud-earring\/#primaryimage","url":"https:\/\/static.purejewels.com\/wp-content\/uploads\/2020\/10\/image187427594.jpg","contentUrl":"https:\/\/static.purejewels.com\/wp-content\/uploads\/2020\/10\/image187427594.jpg","width":1000,"height":1000,"caption":"22ct Gold Light With White CZ Stone Round Stud Earring YGER317"},{"@type":"BreadcrumbList","@id":"https:\/\/www.purejewels.com\/product\/22ct-gold-round-stud-earring\/#breadcrumb","itemListElement":[{"@type":"ListItem","position":1,"name":"Home","item":"https:\/\/www.purejewels.com\/"},{"@type":"ListItem","position":2,"name":"Shop","item":"https:\/\/www.purejewels.com\/shop\/"},{"@type":"ListItem","position":3,"name":"22ct Gold Round Stud Earring"}]},{"@type":"WebSite","@id":"https:\/\/www.purejewels.com\/#website","url":"https:\/\/www.purejewels.com\/","name":"PureJewels \u0130ngiltere","description":"Sevgiyi Payla\u015f\u0131n","publisher":{"@id":"https:\/\/www.purejewels.com\/#organization"},"potentialAction":[{"@type":"SearchAction","target":{"@type":"EntryPoint","urlTemplate":"https:\/\/www.purejewels.com\/?s={search_term_string}"},"query-input":{"@type":"PropertyValueSpecification","valueRequired":true,"valueName":"search_term_string"}}],"inLanguage":"tr"},{"@type":"Organization","@id":"https:\/\/www.purejewels.com\/#organization","name":"PureJewels \u0130ngiltere","url":"https:\/\/www.purejewels.com\/","logo":{"@type":"ImageObject","inLanguage":"tr","@id":"https:\/\/www.purejewels.com\/#\/schema\/logo\/image\/","url":"https:\/\/static.purejewels.com\/wp-content\/uploads\/2020\/11\/Logo-PJ-New-1.png","contentUrl":"https:\/\/static.purejewels.com\/wp-content\/uploads\/2020\/11\/Logo-PJ-New-1.png","width":150,"height":80,"caption":"PureJewels UK"},"image":{"@id":"https:\/\/www.purejewels.com\/#\/schema\/logo\/image\/"}}]}},"_links":{"self":[{"href":"https:\/\/www.purejewels.com\/tr\/wp-json\/wp\/v2\/product\/318073","targetHints":{"allow":["GET"]}}],"collection":[{"href":"https:\/\/www.purejewels.com\/tr\/wp-json\/wp\/v2\/product"}],"about":[{"href":"https:\/\/www.purejewels.com\/tr\/wp-json\/wp\/v2\/types\/product"}],"replies":[{"embeddable":true,"href":"https:\/\/www.purejewels.com\/tr\/wp-json\/wp\/v2\/comments?post=318073"}],"version-history":[{"count":2,"href":"https:\/\/www.purejewels.com\/tr\/wp-json\/wp\/v2\/product\/318073\/revisions"}],"predecessor-version":[{"id":426817,"href":"https:\/\/www.purejewels.com\/tr\/wp-json\/wp\/v2\/product\/318073\/revisions\/426817"}],"wp:featuredmedia":[{"embeddable":true,"href":"https:\/\/www.purejewels.com\/tr\/wp-json\/wp\/v2\/media\/318120"}],"wp:attachment":[{"href":"https:\/\/www.purejewels.com\/tr\/wp-json\/wp\/v2\/media?parent=318073"}],"wp:term":[{"taxonomy":"product_brand","embeddable":true,"href":"https:\/\/www.purejewels.com\/tr\/wp-json\/wp\/v2\/product_brand?post=318073"},{"taxonomy":"product_cat","embeddable":true,"href":"https:\/\/www.purejewels.com\/tr\/wp-json\/wp\/v2\/product_cat?post=318073"},{"taxonomy":"product_tag","embeddable":true,"href":"https:\/\/www.purejewels.com\/tr\/wp-json\/wp\/v2\/product_tag?post=318073"}],"curies":[{"name":"wp","href":"https:\/\/api.w.org\/{rel}","templated":true}]}}