{"id":318171,"date":"2020-10-14T13:50:19","date_gmt":"2020-10-14T12:50:19","guid":{"rendered":"https:\/\/www.purejewels.com\/product\/22ct-gold-earring-1-3gm\/"},"modified":"2026-03-09T06:52:03","modified_gmt":"2026-03-09T06:52:03","slug":"22-ayar-altin-yuvarlak-saplama-kupe-33315","status":"publish","type":"product","link":"https:\/\/www.purejewels.com\/tr\/product\/22ct-gold-round-stud-earring-33315\/","title":{"rendered":"22 Ayar Alt\u0131n Yuvarlak Saplama K\u00fcpe"},"content":{"rendered":"<p><strong>Tasar\u0131m Konsepti<\/strong><\/p>\n<p>Bu 22 ayar alt\u0131n yuvarlak saplama k\u00fcpeler, dairesel simetri ve ak\u0131c\u0131 formlar\u0131n g\u00fczelli\u011finden ilham al\u0131yor. A\u00e7\u0131k dairesel motif, bir parlakl\u0131k halesi olu\u015fturan \u0131\u015f\u0131lt\u0131l\u0131 CZ ta\u015f k\u00fcmesiyle zenginle\u015ftirilmi\u015ftir. Kavisli i\u00e7 alt\u0131n unsur, dengeli ve \u00e7a\u011fda\u015f bir esteti\u011fi korurken tasar\u0131ma hareket ve derinlik kat\u0131yor.<\/p>\n<p><strong>Zanaatkarl\u0131k<\/strong><\/p>\n<p>I\u015f\u0131lt\u0131l\u0131 22 ayar alt\u0131ndan \u00fcretilen bu k\u00fcpeler, her a\u00e7\u0131dan \u0131\u015f\u0131\u011f\u0131 yakalayan \u00f6zenle yerle\u015ftirilmi\u015f k\u00fcbik zirkon ta\u015flara sahiptir. Hassas ta\u015f yerle\u015fimi ve cilal\u0131 alt\u0131n kaplama, tasar\u0131m\u0131n arkas\u0131ndaki i\u015f\u00e7ili\u011fi vurgular. Her bir \u00e7ift \u0130ngiltere'de damgalanarak alt\u0131n\u0131n orijinalli\u011fi ve safl\u0131\u011f\u0131 garanti alt\u0131na al\u0131n\u0131rken kaliteli m\u00fccevher yap\u0131m\u0131n\u0131n en y\u00fcksek standartlar\u0131 korunur.<\/p>\n<p><strong>Stil Fikirleri<\/strong><\/p>\n<p>Bu zarif 22 ayar alt\u0131n k\u00fcpeler zahmetsiz \u00e7ok y\u00f6nl\u00fcl\u00fck i\u00e7in tasarlanm\u0131\u015ft\u0131r. Zarif ve minimal bir g\u00f6r\u00fcn\u00fcm i\u00e7in g\u00fcnl\u00fck alt\u0131n k\u00fcpe olarak tak\u0131n veya uyumlu bir tak\u0131 stili i\u00e7in katmanl\u0131 kolyeler ve narin bileziklerle e\u015fle\u015ftirin. Zamans\u0131z tasar\u0131mlar\u0131 sayesinde hem g\u00fcndelik hem de resmi toplant\u0131lar i\u00e7in uygun olan bu k\u00fcpeler, her k\u0131yafete \u0131\u015f\u0131lt\u0131l\u0131 bir dokunu\u015f katar.<\/p>","protected":false},"excerpt":{"rendered":"<p>CZ ta\u015fl\u0131 bu 22 ayar alt\u0131n yuvarlak saplama k\u00fcpeler, par\u0131ldayan ta\u015flarla vurgulanan \u0131\u015f\u0131lt\u0131l\u0131 dairesel bir tasar\u0131ma sahiptir. G\u00fcnl\u00fck \u015f\u0131kl\u0131k i\u00e7in ideal, zarif bir \u00e7ift alt\u0131n k\u00fcpe.<\/p>\n<ul>\n<li><strong>Malzeme:<\/strong>\u00a022 Ayar Alt\u0131n (91,6% Saf Alt\u0131n)<\/li>\n<li><strong>Hallmark:\u00a0<\/strong>\u0130ngiliz Damgas\u0131<\/li>\n<li><strong>Br\u00fct A\u011f\u0131rl\u0131k: <\/strong>1.3 Gms<\/li>\n<li><strong>SKU: <\/strong>33315<\/li>\n<\/ul>\n<p><strong><br \/>\nFiyat ve Teslimat:\u00a0<\/strong>KDV ve teslimat \u00fccretleri dahil<\/p>\n<p><strong><a href=\"https:\/\/www.purejewels.com\/tr\/i%cc%87ade-poli%cc%87ti%cc%87kasi\/\">\u0130ade Politikas\u0131<\/a><\/strong><\/p>\n<p>&nbsp;<\/p>","protected":false},"featured_media":318174,"comment_status":"closed","ping_status":"closed","template":"","meta":{"_eb_attr":"","_crsspst_to_jayantr4sg-hostcom":true},"product_brand":[],"product_cat":[1559,1576,1794,1254,1577,1575,1574],"product_tag":[],"class_list":{"0":"post-318171","1":"product","2":"type-product","3":"status-publish","4":"has-post-thumbnail","6":"product_cat-birthday-gifts","7":"product_cat-childrens-jewellery","8":"product_cat-christmas-gifts","9":"product_cat-gold-earrings","10":"product_cat-stud-earrings","11":"product_cat-teenage-jewellery","12":"product_cat-womens-jewellery","14":"first","15":"outofstock","16":"taxable","17":"shipping-taxable","18":"product-type-simple","19":"add-to-wishlist-before_image"},"yoast_head":"<!-- This site is optimized with the Yoast SEO plugin v27.3 - https:\/\/yoast.com\/product\/yoast-seo-wordpress\/ -->\n<title>22ct Gold CZ Circle Stud Earrings | Elegant Gold Stud Design<\/title>\n<meta name=\"description\" content=\"Shop 22ct gold round stud earrings set with sparkling CZ stones. A refined circular gold stud design crafted for everyday elegance and timeless jewellery style.\" \/>\n<meta name=\"robots\" content=\"index, follow, max-snippet:-1, max-image-preview:large, max-video-preview:-1\" \/>\n<link rel=\"canonical\" href=\"https:\/\/www.purejewels.com\/tr\/urun\/22-ayar-altin-yuvarlak-saplama-kupe-33315\/\" \/>\n<meta property=\"og:locale\" content=\"tr_TR\" \/>\n<meta property=\"og:type\" content=\"article\" \/>\n<meta property=\"og:title\" content=\"22ct Gold CZ Circle Stud Earrings | Elegant Gold Stud Design\" \/>\n<meta property=\"og:description\" content=\"Shop 22ct gold round stud earrings set with sparkling CZ stones. A refined circular gold stud design crafted for everyday elegance and timeless jewellery style.\" \/>\n<meta property=\"og:url\" content=\"https:\/\/www.purejewels.com\/tr\/urun\/22-ayar-altin-yuvarlak-saplama-kupe-33315\/\" \/>\n<meta property=\"og:site_name\" content=\"PureJewels UK\" \/>\n<meta property=\"article:modified_time\" content=\"2026-03-09T06:52:03+00:00\" \/>\n<meta property=\"og:image\" content=\"https:\/\/static.purejewels.com\/wp-content\/uploads\/2020\/10\/image187432531.jpg\" \/>\n\t<meta property=\"og:image:width\" content=\"1000\" \/>\n\t<meta property=\"og:image:height\" content=\"1000\" \/>\n\t<meta property=\"og:image:type\" content=\"image\/jpeg\" \/>\n<meta name=\"twitter:card\" content=\"summary_large_image\" \/>\n<meta name=\"twitter:label1\" content=\"Tahmini okuma s\u00fcresi\" \/>\n\t<meta name=\"twitter:data1\" content=\"1 dakika\" \/>\n<script type=\"application\/ld+json\" class=\"yoast-schema-graph\">{\"@context\":\"https:\\\/\\\/schema.org\",\"@graph\":[{\"@type\":[\"WebPage\",\"ItemPage\"],\"@id\":\"https:\\\/\\\/www.purejewels.com\\\/product\\\/22ct-gold-round-stud-earring-33315\\\/\",\"url\":\"https:\\\/\\\/www.purejewels.com\\\/product\\\/22ct-gold-round-stud-earring-33315\\\/\",\"name\":\"22ct Gold CZ Circle Stud Earrings | Elegant Gold Stud Design\",\"isPartOf\":{\"@id\":\"https:\\\/\\\/www.purejewels.com\\\/#website\"},\"primaryImageOfPage\":{\"@id\":\"https:\\\/\\\/www.purejewels.com\\\/product\\\/22ct-gold-round-stud-earring-33315\\\/#primaryimage\"},\"image\":{\"@id\":\"https:\\\/\\\/www.purejewels.com\\\/product\\\/22ct-gold-round-stud-earring-33315\\\/#primaryimage\"},\"thumbnailUrl\":\"https:\\\/\\\/static.purejewels.com\\\/wp-content\\\/uploads\\\/2020\\\/10\\\/image187432531.jpg\",\"datePublished\":\"2020-10-14T12:50:19+00:00\",\"dateModified\":\"2026-03-09T06:52:03+00:00\",\"description\":\"Shop 22ct gold round stud earrings set with sparkling CZ stones. A refined circular gold stud design crafted for everyday elegance and timeless jewellery style.\",\"breadcrumb\":{\"@id\":\"https:\\\/\\\/www.purejewels.com\\\/product\\\/22ct-gold-round-stud-earring-33315\\\/#breadcrumb\"},\"inLanguage\":\"tr\",\"potentialAction\":[{\"@type\":\"ReadAction\",\"target\":[\"https:\\\/\\\/www.purejewels.com\\\/product\\\/22ct-gold-round-stud-earring-33315\\\/\"]}]},{\"@type\":\"ImageObject\",\"inLanguage\":\"tr\",\"@id\":\"https:\\\/\\\/www.purejewels.com\\\/product\\\/22ct-gold-round-stud-earring-33315\\\/#primaryimage\",\"url\":\"https:\\\/\\\/static.purejewels.com\\\/wp-content\\\/uploads\\\/2020\\\/10\\\/image187432531.jpg\",\"contentUrl\":\"https:\\\/\\\/static.purejewels.com\\\/wp-content\\\/uploads\\\/2020\\\/10\\\/image187432531.jpg\",\"width\":1000,\"height\":1000,\"caption\":\"22ct Gold Light Round Shape With White CZ Stone Stud Earring YGER326\"},{\"@type\":\"BreadcrumbList\",\"@id\":\"https:\\\/\\\/www.purejewels.com\\\/product\\\/22ct-gold-round-stud-earring-33315\\\/#breadcrumb\",\"itemListElement\":[{\"@type\":\"ListItem\",\"position\":1,\"name\":\"Home\",\"item\":\"https:\\\/\\\/www.purejewels.com\\\/\"},{\"@type\":\"ListItem\",\"position\":2,\"name\":\"Shop\",\"item\":\"https:\\\/\\\/www.purejewels.com\\\/shop\\\/\"},{\"@type\":\"ListItem\",\"position\":3,\"name\":\"22ct Gold Round Stud Earring\"}]},{\"@type\":\"WebSite\",\"@id\":\"https:\\\/\\\/www.purejewels.com\\\/#website\",\"url\":\"https:\\\/\\\/www.purejewels.com\\\/\",\"name\":\"PureJewels UK\",\"description\":\"Share the Love\",\"publisher\":{\"@id\":\"https:\\\/\\\/www.purejewels.com\\\/#organization\"},\"potentialAction\":[{\"@type\":\"SearchAction\",\"target\":{\"@type\":\"EntryPoint\",\"urlTemplate\":\"https:\\\/\\\/www.purejewels.com\\\/?s={search_term_string}\"},\"query-input\":{\"@type\":\"PropertyValueSpecification\",\"valueRequired\":true,\"valueName\":\"search_term_string\"}}],\"inLanguage\":\"tr\"},{\"@type\":\"Organization\",\"@id\":\"https:\\\/\\\/www.purejewels.com\\\/#organization\",\"name\":\"PureJewels UK\",\"url\":\"https:\\\/\\\/www.purejewels.com\\\/\",\"logo\":{\"@type\":\"ImageObject\",\"inLanguage\":\"tr\",\"@id\":\"https:\\\/\\\/www.purejewels.com\\\/#\\\/schema\\\/logo\\\/image\\\/\",\"url\":\"https:\\\/\\\/static.purejewels.com\\\/wp-content\\\/uploads\\\/2020\\\/11\\\/Logo-PJ-New-1.png\",\"contentUrl\":\"https:\\\/\\\/static.purejewels.com\\\/wp-content\\\/uploads\\\/2020\\\/11\\\/Logo-PJ-New-1.png\",\"width\":150,\"height\":80,\"caption\":\"PureJewels UK\"},\"image\":{\"@id\":\"https:\\\/\\\/www.purejewels.com\\\/#\\\/schema\\\/logo\\\/image\\\/\"}}]}<\/script>\n<!-- \/ Yoast SEO plugin. -->","yoast_head_json":{"title":"22 Ayar Alt\u0131n CZ Daire Saplama K\u00fcpe | Zarif Alt\u0131n Saplama Tasar\u0131m\u0131","description":"I\u015f\u0131lt\u0131l\u0131 CZ ta\u015flarla s\u00fcslenmi\u015f 22 ayar alt\u0131n yuvarlak saplama k\u00fcpeler sat\u0131n al\u0131n. G\u00fcnl\u00fck \u015f\u0131kl\u0131k ve zamans\u0131z m\u00fccevher stili i\u00e7in haz\u0131rlanm\u0131\u015f zarif bir yuvarlak alt\u0131n saplama tasar\u0131m\u0131.","robots":{"index":"index","follow":"follow","max-snippet":"max-snippet:-1","max-image-preview":"max-image-preview:large","max-video-preview":"max-video-preview:-1"},"canonical":"https:\/\/www.purejewels.com\/tr\/urun\/22-ayar-altin-yuvarlak-saplama-kupe-33315\/","og_locale":"tr_TR","og_type":"article","og_title":"22ct Gold CZ Circle Stud Earrings | Elegant Gold Stud Design","og_description":"Shop 22ct gold round stud earrings set with sparkling CZ stones. A refined circular gold stud design crafted for everyday elegance and timeless jewellery style.","og_url":"https:\/\/www.purejewels.com\/tr\/urun\/22-ayar-altin-yuvarlak-saplama-kupe-33315\/","og_site_name":"PureJewels UK","article_modified_time":"2026-03-09T06:52:03+00:00","og_image":[{"width":1000,"height":1000,"url":"https:\/\/static.purejewels.com\/wp-content\/uploads\/2020\/10\/image187432531.jpg","type":"image\/jpeg"}],"twitter_card":"summary_large_image","twitter_misc":{"Tahmini okuma s\u00fcresi":"1 dakika"},"schema":{"@context":"https:\/\/schema.org","@graph":[{"@type":["WebPage","ItemPage"],"@id":"https:\/\/www.purejewels.com\/product\/22ct-gold-round-stud-earring-33315\/","url":"https:\/\/www.purejewels.com\/product\/22ct-gold-round-stud-earring-33315\/","name":"22 Ayar Alt\u0131n CZ Daire Saplama K\u00fcpe | Zarif Alt\u0131n Saplama Tasar\u0131m\u0131","isPartOf":{"@id":"https:\/\/www.purejewels.com\/#website"},"primaryImageOfPage":{"@id":"https:\/\/www.purejewels.com\/product\/22ct-gold-round-stud-earring-33315\/#primaryimage"},"image":{"@id":"https:\/\/www.purejewels.com\/product\/22ct-gold-round-stud-earring-33315\/#primaryimage"},"thumbnailUrl":"https:\/\/static.purejewels.com\/wp-content\/uploads\/2020\/10\/image187432531.jpg","datePublished":"2020-10-14T12:50:19+00:00","dateModified":"2026-03-09T06:52:03+00:00","description":"I\u015f\u0131lt\u0131l\u0131 CZ ta\u015flarla s\u00fcslenmi\u015f 22 ayar alt\u0131n yuvarlak saplama k\u00fcpeler sat\u0131n al\u0131n. G\u00fcnl\u00fck \u015f\u0131kl\u0131k ve zamans\u0131z m\u00fccevher stili i\u00e7in haz\u0131rlanm\u0131\u015f zarif bir yuvarlak alt\u0131n saplama tasar\u0131m\u0131.","breadcrumb":{"@id":"https:\/\/www.purejewels.com\/product\/22ct-gold-round-stud-earring-33315\/#breadcrumb"},"inLanguage":"tr","potentialAction":[{"@type":"ReadAction","target":["https:\/\/www.purejewels.com\/product\/22ct-gold-round-stud-earring-33315\/"]}]},{"@type":"ImageObject","inLanguage":"tr","@id":"https:\/\/www.purejewels.com\/product\/22ct-gold-round-stud-earring-33315\/#primaryimage","url":"https:\/\/static.purejewels.com\/wp-content\/uploads\/2020\/10\/image187432531.jpg","contentUrl":"https:\/\/static.purejewels.com\/wp-content\/uploads\/2020\/10\/image187432531.jpg","width":1000,"height":1000,"caption":"22ct Gold Light Round Shape With White CZ Stone Stud Earring YGER326"},{"@type":"BreadcrumbList","@id":"https:\/\/www.purejewels.com\/product\/22ct-gold-round-stud-earring-33315\/#breadcrumb","itemListElement":[{"@type":"ListItem","position":1,"name":"Home","item":"https:\/\/www.purejewels.com\/"},{"@type":"ListItem","position":2,"name":"Shop","item":"https:\/\/www.purejewels.com\/shop\/"},{"@type":"ListItem","position":3,"name":"22ct Gold Round Stud Earring"}]},{"@type":"WebSite","@id":"https:\/\/www.purejewels.com\/#website","url":"https:\/\/www.purejewels.com\/","name":"PureJewels \u0130ngiltere","description":"Sevgiyi Payla\u015f\u0131n","publisher":{"@id":"https:\/\/www.purejewels.com\/#organization"},"potentialAction":[{"@type":"SearchAction","target":{"@type":"EntryPoint","urlTemplate":"https:\/\/www.purejewels.com\/?s={search_term_string}"},"query-input":{"@type":"PropertyValueSpecification","valueRequired":true,"valueName":"search_term_string"}}],"inLanguage":"tr"},{"@type":"Organization","@id":"https:\/\/www.purejewels.com\/#organization","name":"PureJewels \u0130ngiltere","url":"https:\/\/www.purejewels.com\/","logo":{"@type":"ImageObject","inLanguage":"tr","@id":"https:\/\/www.purejewels.com\/#\/schema\/logo\/image\/","url":"https:\/\/static.purejewels.com\/wp-content\/uploads\/2020\/11\/Logo-PJ-New-1.png","contentUrl":"https:\/\/static.purejewels.com\/wp-content\/uploads\/2020\/11\/Logo-PJ-New-1.png","width":150,"height":80,"caption":"PureJewels UK"},"image":{"@id":"https:\/\/www.purejewels.com\/#\/schema\/logo\/image\/"}}]}},"_links":{"self":[{"href":"https:\/\/www.purejewels.com\/tr\/wp-json\/wp\/v2\/product\/318171","targetHints":{"allow":["GET"]}}],"collection":[{"href":"https:\/\/www.purejewels.com\/tr\/wp-json\/wp\/v2\/product"}],"about":[{"href":"https:\/\/www.purejewels.com\/tr\/wp-json\/wp\/v2\/types\/product"}],"replies":[{"embeddable":true,"href":"https:\/\/www.purejewels.com\/tr\/wp-json\/wp\/v2\/comments?post=318171"}],"version-history":[{"count":3,"href":"https:\/\/www.purejewels.com\/tr\/wp-json\/wp\/v2\/product\/318171\/revisions"}],"predecessor-version":[{"id":426819,"href":"https:\/\/www.purejewels.com\/tr\/wp-json\/wp\/v2\/product\/318171\/revisions\/426819"}],"wp:featuredmedia":[{"embeddable":true,"href":"https:\/\/www.purejewels.com\/tr\/wp-json\/wp\/v2\/media\/318174"}],"wp:attachment":[{"href":"https:\/\/www.purejewels.com\/tr\/wp-json\/wp\/v2\/media?parent=318171"}],"wp:term":[{"taxonomy":"product_brand","embeddable":true,"href":"https:\/\/www.purejewels.com\/tr\/wp-json\/wp\/v2\/product_brand?post=318171"},{"taxonomy":"product_cat","embeddable":true,"href":"https:\/\/www.purejewels.com\/tr\/wp-json\/wp\/v2\/product_cat?post=318171"},{"taxonomy":"product_tag","embeddable":true,"href":"https:\/\/www.purejewels.com\/tr\/wp-json\/wp\/v2\/product_tag?post=318171"}],"curies":[{"name":"wp","href":"https:\/\/api.w.org\/{rel}","templated":true}]}}