{"id":318277,"date":"2020-10-19T06:09:13","date_gmt":"2020-10-19T05:09:13","guid":{"rendered":"https:\/\/www.purejewels.com\/product\/glow-collection-22ct-gold-chain-7gm\/"},"modified":"2026-03-10T10:34:26","modified_gmt":"2026-03-10T10:34:26","slug":"glow-collection-22-ayar-altin-zincir-33136","status":"publish","type":"product","link":"https:\/\/www.purejewels.com\/tr\/product\/glow-collection-22ct-gold-chain-33136\/","title":{"rendered":"Glow Koleksiyonu 22 Ayar Alt\u0131n Zincir - 16 \u0130n\u00e7"},"content":{"rendered":"<p><strong>Tasar\u0131m Konsepti<\/strong><\/p>\n<p>Glow Collection 22 Ayar Alt\u0131n Zincir, sadelik ve ritimle abart\u0131s\u0131z \u015f\u0131kl\u0131\u011f\u0131 kutluyor. \u0130nce parlat\u0131lm\u0131\u015f alt\u0131n boncuklardan olu\u015fan bir dizi, zincirin uzunlu\u011fu boyunca akarak hareket ettik\u00e7e \u0131\u015f\u0131\u011f\u0131 yans\u0131tan ince bir desen olu\u015fturur. Narin tasar\u0131m, 22 ayar alt\u0131n\u0131n do\u011fal parlakl\u0131\u011f\u0131n\u0131 art\u0131rarak hem modern hem de zamans\u0131z hissettiren zarif bir kolye sunar.<\/p>\n<p><strong>Zanaatkarl\u0131k<\/strong><\/p>\n<p>22 ayar alt\u0131ndan \u00fcretilen bu zincir, hem esneklik hem de g\u00fc\u00e7 sa\u011flayan k\u00fc\u00e7\u00fck hassas ba\u011flant\u0131l\u0131 boncuklarla \u00f6zenle bir araya getirilmi\u015ftir. Her 2 mm'lik boncuk, p\u00fcr\u00fczs\u00fcz ve zarif bir y\u00fczey sa\u011flarken y\u00fcksek safl\u0131ktaki alt\u0131n\u0131n s\u0131cak \u0131\u015f\u0131lt\u0131s\u0131n\u0131 vurgulamak i\u00e7in parlat\u0131lm\u0131\u015ft\u0131r. Zincir yakla\u015f\u0131k 7 gram a\u011f\u0131rl\u0131\u011f\u0131ndad\u0131r ve safl\u0131k sertifikas\u0131 i\u00e7in \u0130ngiltere'de damgalanarak \u00f6zg\u00fcnl\u00fck ve kalite sa\u011flanm\u0131\u015ft\u0131r.<\/p>\n<p><strong>Stil Fikirleri<\/strong><\/p>\n<p>Bu 16 in\u00e7 alt\u0131n boncuk zincir, boyun \u00e7izgisi boyunca g\u00fczel bir \u015fekilde oturur ve minimalist bir m\u00fccevher g\u00f6r\u00fcn\u00fcm\u00fc i\u00e7in tek ba\u015f\u0131na tak\u0131labilir. Ayr\u0131ca kolyelerle zahmetsizce e\u015fle\u015fir veya \u00e7a\u011fda\u015f bir y\u0131\u011fma stil olu\u015fturmak i\u00e7in daha uzun zincirlerle katmanlan\u0131r. G\u00fcnl\u00fck kullan\u0131m i\u00e7in ideal olan zincir, hem g\u00fcndelik k\u0131yafetleri hem de \u015f\u0131k gece k\u0131yafetlerini tamamlar.<\/p>","protected":false},"excerpt":{"rendered":"<p>Glow Koleksiyonu'ndan ince bir zincir boyunca parlat\u0131lm\u0131\u015f 2 mm alt\u0131n boncuklar i\u00e7eren zarif bir 22 ayar alt\u0131n boncuk zincir. Zarif g\u00fcnl\u00fck kullan\u0131m i\u00e7in tasarlanm\u0131\u015ft\u0131r.<\/p>\n<p><strong>Malzeme:<\/strong> 22 Ayar Alt\u0131n<br \/>\n<strong>Safl\u0131k:<\/strong>\u00a091.6% saf alt\u0131n<br \/>\n<strong>Hallmark:<\/strong>\u00a0\u0130ngiliz Damgas\u0131<br \/>\n<strong>SKU:<\/strong> 33136<br \/>\n<strong>Uzunluk: <\/strong>16 in\u00e7<br \/>\n<strong>A\u011f\u0131rl\u0131k:<\/strong> 7 gram<br \/>\n<strong>Geni\u015flik:<\/strong> 2mm<\/p>\n<p><strong>Fiyat ve Teslimat:<\/strong>\u00a0KDV ve teslimat \u00fccretleri dahil<br \/>\n<a href=\"https:\/\/www.purejewels.com\/tr\/i%cc%87ade-poli%cc%87ti%cc%87kasi\/\"><strong>\u0130ade Politikas\u0131<\/strong><\/a><\/p>\n<p>&nbsp;<\/p>","protected":false},"featured_media":318278,"comment_status":"closed","ping_status":"closed","template":"","meta":{"_eb_attr":"","_crsspst_to_jayantr4sg-hostcom":false},"product_brand":[],"product_cat":[1791,1617,1559,1793,3628,1475,1773,1574],"product_tag":[],"class_list":{"0":"post-318277","1":"product","2":"type-product","3":"status-publish","4":"has-post-thumbnail","6":"product_cat-anniversary-gifts","7":"product_cat-fancy-mala-chains","8":"product_cat-birthday-gifts","9":"product_cat-diwali-gifts","10":"product_cat-glow-collections","11":"product_cat-gold-chains","12":"product_cat-ladies-chains","13":"product_cat-womens-jewellery","15":"first","16":"outofstock","17":"taxable","18":"shipping-taxable","19":"product-type-simple","20":"add-to-wishlist-before_image"},"yoast_head":"<!-- This site is optimized with the Yoast SEO plugin v27.3 - https:\/\/yoast.com\/product\/yoast-seo-wordpress\/ -->\n<title>Elegant 22ct Gold Beaded Necklace Chain | 16 Inch Gold Chain<\/title>\n<meta name=\"description\" content=\"Discover an elegant 22ct gold bead chain necklace from the Glow Collection. A refined 16 inch gold chain designed for everyday luxury and effortless layering.\" \/>\n<meta name=\"robots\" content=\"index, follow, max-snippet:-1, max-image-preview:large, max-video-preview:-1\" \/>\n<link rel=\"canonical\" href=\"https:\/\/www.purejewels.com\/tr\/urun\/glow-collection-22-ayar-altin-zincir-33136\/\" \/>\n<meta property=\"og:locale\" content=\"tr_TR\" \/>\n<meta property=\"og:type\" content=\"article\" \/>\n<meta property=\"og:title\" content=\"Elegant 22ct Gold Beaded Necklace Chain | 16 Inch Gold Chain\" \/>\n<meta property=\"og:description\" content=\"Discover an elegant 22ct gold bead chain necklace from the Glow Collection. A refined 16 inch gold chain designed for everyday luxury and effortless layering.\" \/>\n<meta property=\"og:url\" content=\"https:\/\/www.purejewels.com\/tr\/urun\/glow-collection-22-ayar-altin-zincir-33136\/\" \/>\n<meta property=\"og:site_name\" content=\"PureJewels UK\" \/>\n<meta property=\"article:modified_time\" content=\"2026-03-10T10:34:26+00:00\" \/>\n<meta property=\"og:image\" content=\"https:\/\/static.purejewels.com\/wp-content\/uploads\/2020\/10\/image187685885.jpg\" \/>\n\t<meta property=\"og:image:width\" content=\"1000\" \/>\n\t<meta property=\"og:image:height\" content=\"1000\" \/>\n\t<meta property=\"og:image:type\" content=\"image\/jpeg\" \/>\n<meta name=\"twitter:card\" content=\"summary_large_image\" \/>\n<meta name=\"twitter:label1\" content=\"Tahmini okuma s\u00fcresi\" \/>\n\t<meta name=\"twitter:data1\" content=\"1 dakika\" \/>\n<script type=\"application\/ld+json\" class=\"yoast-schema-graph\">{\"@context\":\"https:\\\/\\\/schema.org\",\"@graph\":[{\"@type\":[\"WebPage\",\"ItemPage\"],\"@id\":\"https:\\\/\\\/www.purejewels.com\\\/product\\\/glow-collection-22ct-gold-chain-33136\\\/\",\"url\":\"https:\\\/\\\/www.purejewels.com\\\/product\\\/glow-collection-22ct-gold-chain-33136\\\/\",\"name\":\"Elegant 22ct Gold Beaded Necklace Chain | 16 Inch Gold Chain\",\"isPartOf\":{\"@id\":\"https:\\\/\\\/www.purejewels.com\\\/#website\"},\"primaryImageOfPage\":{\"@id\":\"https:\\\/\\\/www.purejewels.com\\\/product\\\/glow-collection-22ct-gold-chain-33136\\\/#primaryimage\"},\"image\":{\"@id\":\"https:\\\/\\\/www.purejewels.com\\\/product\\\/glow-collection-22ct-gold-chain-33136\\\/#primaryimage\"},\"thumbnailUrl\":\"https:\\\/\\\/static.purejewels.com\\\/wp-content\\\/uploads\\\/2020\\\/10\\\/image187685885.jpg\",\"datePublished\":\"2020-10-19T05:09:13+00:00\",\"dateModified\":\"2026-03-10T10:34:26+00:00\",\"description\":\"Discover an elegant 22ct gold bead chain necklace from the Glow Collection. A refined 16 inch gold chain designed for everyday luxury and effortless layering.\",\"breadcrumb\":{\"@id\":\"https:\\\/\\\/www.purejewels.com\\\/product\\\/glow-collection-22ct-gold-chain-33136\\\/#breadcrumb\"},\"inLanguage\":\"tr\",\"potentialAction\":[{\"@type\":\"ReadAction\",\"target\":[\"https:\\\/\\\/www.purejewels.com\\\/product\\\/glow-collection-22ct-gold-chain-33136\\\/\"]}]},{\"@type\":\"ImageObject\",\"inLanguage\":\"tr\",\"@id\":\"https:\\\/\\\/www.purejewels.com\\\/product\\\/glow-collection-22ct-gold-chain-33136\\\/#primaryimage\",\"url\":\"https:\\\/\\\/static.purejewels.com\\\/wp-content\\\/uploads\\\/2020\\\/10\\\/image187685885.jpg\",\"contentUrl\":\"https:\\\/\\\/static.purejewels.com\\\/wp-content\\\/uploads\\\/2020\\\/10\\\/image187685885.jpg\",\"width\":1000,\"height\":1000,\"caption\":\"Glow 22ct medium Plain polished beads chain GLCH001\"},{\"@type\":\"BreadcrumbList\",\"@id\":\"https:\\\/\\\/www.purejewels.com\\\/product\\\/glow-collection-22ct-gold-chain-33136\\\/#breadcrumb\",\"itemListElement\":[{\"@type\":\"ListItem\",\"position\":1,\"name\":\"Home\",\"item\":\"https:\\\/\\\/www.purejewels.com\\\/\"},{\"@type\":\"ListItem\",\"position\":2,\"name\":\"Shop\",\"item\":\"https:\\\/\\\/www.purejewels.com\\\/shop\\\/\"},{\"@type\":\"ListItem\",\"position\":3,\"name\":\"Glow Collection 22ct Gold Chain \u2013 16 Inch\"}]},{\"@type\":\"WebSite\",\"@id\":\"https:\\\/\\\/www.purejewels.com\\\/#website\",\"url\":\"https:\\\/\\\/www.purejewels.com\\\/\",\"name\":\"PureJewels UK\",\"description\":\"Share the Love\",\"publisher\":{\"@id\":\"https:\\\/\\\/www.purejewels.com\\\/#organization\"},\"potentialAction\":[{\"@type\":\"SearchAction\",\"target\":{\"@type\":\"EntryPoint\",\"urlTemplate\":\"https:\\\/\\\/www.purejewels.com\\\/?s={search_term_string}\"},\"query-input\":{\"@type\":\"PropertyValueSpecification\",\"valueRequired\":true,\"valueName\":\"search_term_string\"}}],\"inLanguage\":\"tr\"},{\"@type\":\"Organization\",\"@id\":\"https:\\\/\\\/www.purejewels.com\\\/#organization\",\"name\":\"PureJewels UK\",\"url\":\"https:\\\/\\\/www.purejewels.com\\\/\",\"logo\":{\"@type\":\"ImageObject\",\"inLanguage\":\"tr\",\"@id\":\"https:\\\/\\\/www.purejewels.com\\\/#\\\/schema\\\/logo\\\/image\\\/\",\"url\":\"https:\\\/\\\/static.purejewels.com\\\/wp-content\\\/uploads\\\/2020\\\/11\\\/Logo-PJ-New-1.png\",\"contentUrl\":\"https:\\\/\\\/static.purejewels.com\\\/wp-content\\\/uploads\\\/2020\\\/11\\\/Logo-PJ-New-1.png\",\"width\":150,\"height\":80,\"caption\":\"PureJewels UK\"},\"image\":{\"@id\":\"https:\\\/\\\/www.purejewels.com\\\/#\\\/schema\\\/logo\\\/image\\\/\"}}]}<\/script>\n<!-- \/ Yoast SEO plugin. -->","yoast_head_json":{"title":"Zarif 22 Ayar Alt\u0131n Boncuklu Kolye Zinciri | 16 \u0130n\u00e7 Alt\u0131n Zincir","description":"Glow Koleksiyonu'ndan zarif 22 ayar alt\u0131n boncuk zincir kolyeyi ke\u015ffedin. G\u00fcnl\u00fck l\u00fcks ve zahmetsiz katmanlama i\u00e7in tasarlanm\u0131\u015f 16 in\u00e7lik zarif bir alt\u0131n zincir.","robots":{"index":"index","follow":"follow","max-snippet":"max-snippet:-1","max-image-preview":"max-image-preview:large","max-video-preview":"max-video-preview:-1"},"canonical":"https:\/\/www.purejewels.com\/tr\/urun\/glow-collection-22-ayar-altin-zincir-33136\/","og_locale":"tr_TR","og_type":"article","og_title":"Elegant 22ct Gold Beaded Necklace Chain | 16 Inch Gold Chain","og_description":"Discover an elegant 22ct gold bead chain necklace from the Glow Collection. A refined 16 inch gold chain designed for everyday luxury and effortless layering.","og_url":"https:\/\/www.purejewels.com\/tr\/urun\/glow-collection-22-ayar-altin-zincir-33136\/","og_site_name":"PureJewels UK","article_modified_time":"2026-03-10T10:34:26+00:00","og_image":[{"width":1000,"height":1000,"url":"https:\/\/static.purejewels.com\/wp-content\/uploads\/2020\/10\/image187685885.jpg","type":"image\/jpeg"}],"twitter_card":"summary_large_image","twitter_misc":{"Tahmini okuma s\u00fcresi":"1 dakika"},"schema":{"@context":"https:\/\/schema.org","@graph":[{"@type":["WebPage","ItemPage"],"@id":"https:\/\/www.purejewels.com\/product\/glow-collection-22ct-gold-chain-33136\/","url":"https:\/\/www.purejewels.com\/product\/glow-collection-22ct-gold-chain-33136\/","name":"Zarif 22 Ayar Alt\u0131n Boncuklu Kolye Zinciri | 16 \u0130n\u00e7 Alt\u0131n Zincir","isPartOf":{"@id":"https:\/\/www.purejewels.com\/#website"},"primaryImageOfPage":{"@id":"https:\/\/www.purejewels.com\/product\/glow-collection-22ct-gold-chain-33136\/#primaryimage"},"image":{"@id":"https:\/\/www.purejewels.com\/product\/glow-collection-22ct-gold-chain-33136\/#primaryimage"},"thumbnailUrl":"https:\/\/static.purejewels.com\/wp-content\/uploads\/2020\/10\/image187685885.jpg","datePublished":"2020-10-19T05:09:13+00:00","dateModified":"2026-03-10T10:34:26+00:00","description":"Glow Koleksiyonu'ndan zarif 22 ayar alt\u0131n boncuk zincir kolyeyi ke\u015ffedin. G\u00fcnl\u00fck l\u00fcks ve zahmetsiz katmanlama i\u00e7in tasarlanm\u0131\u015f 16 in\u00e7lik zarif bir alt\u0131n zincir.","breadcrumb":{"@id":"https:\/\/www.purejewels.com\/product\/glow-collection-22ct-gold-chain-33136\/#breadcrumb"},"inLanguage":"tr","potentialAction":[{"@type":"ReadAction","target":["https:\/\/www.purejewels.com\/product\/glow-collection-22ct-gold-chain-33136\/"]}]},{"@type":"ImageObject","inLanguage":"tr","@id":"https:\/\/www.purejewels.com\/product\/glow-collection-22ct-gold-chain-33136\/#primaryimage","url":"https:\/\/static.purejewels.com\/wp-content\/uploads\/2020\/10\/image187685885.jpg","contentUrl":"https:\/\/static.purejewels.com\/wp-content\/uploads\/2020\/10\/image187685885.jpg","width":1000,"height":1000,"caption":"Glow 22ct medium Plain polished beads chain GLCH001"},{"@type":"BreadcrumbList","@id":"https:\/\/www.purejewels.com\/product\/glow-collection-22ct-gold-chain-33136\/#breadcrumb","itemListElement":[{"@type":"ListItem","position":1,"name":"Home","item":"https:\/\/www.purejewels.com\/"},{"@type":"ListItem","position":2,"name":"Shop","item":"https:\/\/www.purejewels.com\/shop\/"},{"@type":"ListItem","position":3,"name":"Glow Collection 22ct Gold Chain \u2013 16 Inch"}]},{"@type":"WebSite","@id":"https:\/\/www.purejewels.com\/#website","url":"https:\/\/www.purejewels.com\/","name":"PureJewels \u0130ngiltere","description":"Sevgiyi Payla\u015f\u0131n","publisher":{"@id":"https:\/\/www.purejewels.com\/#organization"},"potentialAction":[{"@type":"SearchAction","target":{"@type":"EntryPoint","urlTemplate":"https:\/\/www.purejewels.com\/?s={search_term_string}"},"query-input":{"@type":"PropertyValueSpecification","valueRequired":true,"valueName":"search_term_string"}}],"inLanguage":"tr"},{"@type":"Organization","@id":"https:\/\/www.purejewels.com\/#organization","name":"PureJewels \u0130ngiltere","url":"https:\/\/www.purejewels.com\/","logo":{"@type":"ImageObject","inLanguage":"tr","@id":"https:\/\/www.purejewels.com\/#\/schema\/logo\/image\/","url":"https:\/\/static.purejewels.com\/wp-content\/uploads\/2020\/11\/Logo-PJ-New-1.png","contentUrl":"https:\/\/static.purejewels.com\/wp-content\/uploads\/2020\/11\/Logo-PJ-New-1.png","width":150,"height":80,"caption":"PureJewels UK"},"image":{"@id":"https:\/\/www.purejewels.com\/#\/schema\/logo\/image\/"}}]}},"_links":{"self":[{"href":"https:\/\/www.purejewels.com\/tr\/wp-json\/wp\/v2\/product\/318277","targetHints":{"allow":["GET"]}}],"collection":[{"href":"https:\/\/www.purejewels.com\/tr\/wp-json\/wp\/v2\/product"}],"about":[{"href":"https:\/\/www.purejewels.com\/tr\/wp-json\/wp\/v2\/types\/product"}],"replies":[{"embeddable":true,"href":"https:\/\/www.purejewels.com\/tr\/wp-json\/wp\/v2\/comments?post=318277"}],"version-history":[{"count":3,"href":"https:\/\/www.purejewels.com\/tr\/wp-json\/wp\/v2\/product\/318277\/revisions"}],"predecessor-version":[{"id":426899,"href":"https:\/\/www.purejewels.com\/tr\/wp-json\/wp\/v2\/product\/318277\/revisions\/426899"}],"wp:featuredmedia":[{"embeddable":true,"href":"https:\/\/www.purejewels.com\/tr\/wp-json\/wp\/v2\/media\/318278"}],"wp:attachment":[{"href":"https:\/\/www.purejewels.com\/tr\/wp-json\/wp\/v2\/media?parent=318277"}],"wp:term":[{"taxonomy":"product_brand","embeddable":true,"href":"https:\/\/www.purejewels.com\/tr\/wp-json\/wp\/v2\/product_brand?post=318277"},{"taxonomy":"product_cat","embeddable":true,"href":"https:\/\/www.purejewels.com\/tr\/wp-json\/wp\/v2\/product_cat?post=318277"},{"taxonomy":"product_tag","embeddable":true,"href":"https:\/\/www.purejewels.com\/tr\/wp-json\/wp\/v2\/product_tag?post=318277"}],"curies":[{"name":"wp","href":"https:\/\/api.w.org\/{rel}","templated":true}]}}