{"id":318285,"date":"2024-04-28T08:30:16","date_gmt":"2024-04-28T07:30:16","guid":{"rendered":"https:\/\/www.purejewels.com\/product\/22ct-gold-earring-2-9gm\/"},"modified":"2026-01-08T12:58:53","modified_gmt":"2026-01-08T12:58:53","slug":"22-ayar-altin-kupe-33215","status":"publish","type":"product","link":"https:\/\/www.purejewels.com\/tr\/product\/22k-gold-earring-33215\/","title":{"rendered":"CZ Aksanl\u0131 22 Ayar Alt\u0131n B\u00fck\u00fclm\u00fc\u015f \u015eerit Bali K\u00fcpe"},"content":{"rendered":"<h4 data-start=\"733\" data-end=\"758\"><strong data-start=\"738\" data-end=\"756\">Tasar\u0131m Konsepti<\/strong><\/h4>\n<p data-start=\"759\" data-end=\"1122\">22 Ayar Alt\u0131n B\u00fck\u00fclm\u00fc\u015f \u015eeritli Bali K\u00fcpe, geleneksel bali'yi \u00e7a\u011fda\u015f bir incelikle yeniden yorumluyor. Y\u00fcksek parlakl\u0131kta alt\u0131n ve k\u00fcp zirkondan olu\u015fan \u015feritlerin d\u00f6n\u00fc\u015f\u00fcml\u00fc olarak kullan\u0131lmas\u0131yla olu\u015fturulan diyagonal desen, hareket ve parlakl\u0131\u011f\u0131 \u00e7a\u011fr\u0131\u015ft\u0131r\u0131yor; t\u0131pk\u0131 alt\u0131n i\u00e7inde nazik\u00e7e spiral \u00e7izen bir kurdele gibi. Bi\u00e7im ve \u0131\u015f\u0131\u011f\u0131n zarafetini kutlayan bir tasar\u0131m.<\/p>\n<h4 data-start=\"1124\" data-end=\"1148\"><strong data-start=\"1129\" data-end=\"1146\">Zanaatkarl\u0131k<\/strong><\/h4>\n<p data-start=\"1149\" data-end=\"1496\">Saf 22 ayar sar\u0131 alt\u0131ndan ustal\u0131kla d\u00f6k\u00fclen her bir k\u00fcpe, elmas \u0131\u015f\u0131lt\u0131s\u0131n\u0131 taklit eden hassas kesimli CZ ta\u015flarla karma\u015f\u0131k bir \u015fekilde detayland\u0131r\u0131lm\u0131\u015ft\u0131r. Mente\u015feli toka g\u00fcvenli kullan\u0131m ve p\u00fcr\u00fczs\u00fcz kapanma sa\u011flar, bu da onlar\u0131 g\u00fcnl\u00fck \u015f\u0131kl\u0131k veya ara s\u0131ra yetenek i\u00e7in ideal hale getirir. Londra Assay Ofisi taraf\u0131ndan damgalanan bu k\u00fcpeler her detay\u0131nda kalite ve safl\u0131k vaat ediyor.<\/p>\n<h4 data-start=\"1498\" data-end=\"1522\"><strong data-start=\"1503\" data-end=\"1520\">Stil Fikirleri<\/strong><\/h4>\n<p data-start=\"1523\" data-end=\"1805\">I\u015f\u0131lt\u0131l\u0131 bir dokunu\u015fla g\u00fcnl\u00fck kullan\u0131m i\u00e7in m\u00fckemmeldir. \u00c7a\u011fda\u015f bir etnik g\u00f6r\u00fcn\u00fcm i\u00e7in \u015f\u0131k bir at kuyru\u011fu ve alt\u0131n bileziklerle e\u015fle\u015ftirin veya ince bir \u0131\u015f\u0131lt\u0131 i\u00e7in Bat\u0131 k\u0131yafetleriyle stilize edin. Bu k\u00fcpeler ayn\u0131 zamanda d\u00fc\u015f\u00fcnceli bir hediye veya zamans\u0131z bir \u00e7ekicili\u011fe sahip ki\u015fisel bir hat\u0131ra olarak da idealdir.<\/p>","protected":false},"excerpt":{"rendered":"<div class=\"woocommerce-product-details__short-description\">\n<p>Bu 22 Ayar Alt\u0131n Twisted Stripe Bali K\u00fcpeler, cilal\u0131 alt\u0131n ve \u0131\u015f\u0131lt\u0131l\u0131 CZ'den olu\u015fan \u00e7apraz bantlarla \u015f\u0131k bir halka siluetine sahiptir. Gelenek ve modern cazibenin zarif bir kar\u0131\u015f\u0131m\u0131.<\/p>\n<ul>\n<li>22 Ayar Alt\u0131n Halka K\u00fcpe<\/li>\n<li>CZ Ta\u015fl\u0131<\/li>\n<li>A\u011f\u0131rl\u0131k 2,6 gms<\/li>\n<li>SKU'lar: 42086<\/li>\n<li>T\u00fcm fiyatlara KDV dahildir<\/li>\n<li>T\u00fcm \u00fcr\u00fcnlerimiz London Assay Office taraf\u0131ndan damgalanm\u0131\u015ft\u0131r<\/li>\n<li>T\u00fcm Bali K\u00fcpelerimiz Sunum Kutusu ile Birlikte Gelir<\/li>\n<li>Teslimat Dahil<\/li>\n<li>\u00dcr\u00fcn\u00fcn canl\u0131 videosunu g\u00f6rmek i\u00e7in bize ula\u015f\u0131n \/ bizimle sohbet edin<\/li>\n<\/ul>\n<\/div>\n<p>&nbsp;<\/p>","protected":false},"featured_media":318287,"comment_status":"closed","ping_status":"closed","template":"","meta":{"_eb_attr":"","_crsspst_to_jayantr4sg-hostcom":true},"product_brand":[],"product_cat":[1791,1559,1794,1254,1579,1574],"product_tag":[],"class_list":{"0":"post-318285","1":"product","2":"type-product","3":"status-publish","4":"has-post-thumbnail","6":"product_cat-anniversary-gifts","7":"product_cat-birthday-gifts","8":"product_cat-christmas-gifts","9":"product_cat-gold-earrings","10":"product_cat-hoop-earrings","11":"product_cat-womens-jewellery","13":"first","14":"outofstock","15":"sale","16":"taxable","17":"shipping-taxable","18":"product-type-simple","19":"add-to-wishlist-before_image"},"yoast_head":"<!-- This site is optimized with the Yoast SEO plugin v27.5 - https:\/\/yoast.com\/product\/yoast-seo-wordpress\/ -->\n<title>Stylish 22ct Gold CZ Stripe Bali Earrings | PureJewels UK<\/title>\n<meta name=\"description\" content=\"Shop elegant 22ct gold bali earrings with twisted stripe design and sparkling CZ accents. A modern twist on a traditional favourite\u2014perfect for daily or festive wear.\" \/>\n<meta name=\"robots\" content=\"index, follow, max-snippet:-1, max-image-preview:large, max-video-preview:-1\" \/>\n<link rel=\"canonical\" href=\"https:\/\/www.purejewels.com\/tr\/urun\/22-ayar-altin-kupe-33215\/\" \/>\n<meta property=\"og:locale\" content=\"tr_TR\" \/>\n<meta property=\"og:type\" content=\"article\" \/>\n<meta property=\"og:title\" content=\"Stylish 22ct Gold CZ Stripe Bali Earrings | PureJewels UK\" \/>\n<meta property=\"og:description\" content=\"Shop elegant 22ct gold bali earrings with twisted stripe design and sparkling CZ accents. A modern twist on a traditional favourite\u2014perfect for daily or festive wear.\" \/>\n<meta property=\"og:url\" content=\"https:\/\/www.purejewels.com\/tr\/urun\/22-ayar-altin-kupe-33215\/\" \/>\n<meta property=\"og:site_name\" content=\"PureJewels UK\" \/>\n<meta property=\"article:modified_time\" content=\"2026-01-08T12:58:53+00:00\" \/>\n<meta property=\"og:image\" content=\"https:\/\/static.purejewels.com\/wp-content\/uploads\/2020\/10\/image187688249.jpg\" \/>\n\t<meta property=\"og:image:width\" content=\"1000\" \/>\n\t<meta property=\"og:image:height\" content=\"1000\" \/>\n\t<meta property=\"og:image:type\" content=\"image\/jpeg\" \/>\n<meta name=\"twitter:card\" content=\"summary_large_image\" \/>\n<meta name=\"twitter:label1\" content=\"Tahmini okuma s\u00fcresi\" \/>\n\t<meta name=\"twitter:data1\" content=\"1 dakika\" \/>\n<script type=\"application\/ld+json\" class=\"yoast-schema-graph\">{\"@context\":\"https:\\\/\\\/schema.org\",\"@graph\":[{\"@type\":[\"WebPage\",\"ItemPage\"],\"@id\":\"https:\\\/\\\/www.purejewels.com\\\/product\\\/22k-gold-earring-33215\\\/\",\"url\":\"https:\\\/\\\/www.purejewels.com\\\/product\\\/22k-gold-earring-33215\\\/\",\"name\":\"Stylish 22ct Gold CZ Stripe Bali Earrings | PureJewels UK\",\"isPartOf\":{\"@id\":\"https:\\\/\\\/www.purejewels.com\\\/#website\"},\"primaryImageOfPage\":{\"@id\":\"https:\\\/\\\/www.purejewels.com\\\/product\\\/22k-gold-earring-33215\\\/#primaryimage\"},\"image\":{\"@id\":\"https:\\\/\\\/www.purejewels.com\\\/product\\\/22k-gold-earring-33215\\\/#primaryimage\"},\"thumbnailUrl\":\"https:\\\/\\\/static.purejewels.com\\\/wp-content\\\/uploads\\\/2020\\\/10\\\/image187688249.jpg\",\"datePublished\":\"2024-04-28T07:30:16+00:00\",\"dateModified\":\"2026-01-08T12:58:53+00:00\",\"description\":\"Shop elegant 22ct gold bali earrings with twisted stripe design and sparkling CZ accents. A modern twist on a traditional favourite\u2014perfect for daily or festive wear.\",\"breadcrumb\":{\"@id\":\"https:\\\/\\\/www.purejewels.com\\\/product\\\/22k-gold-earring-33215\\\/#breadcrumb\"},\"inLanguage\":\"tr\",\"potentialAction\":[{\"@type\":\"ReadAction\",\"target\":[\"https:\\\/\\\/www.purejewels.com\\\/product\\\/22k-gold-earring-33215\\\/\"]}]},{\"@type\":\"ImageObject\",\"inLanguage\":\"tr\",\"@id\":\"https:\\\/\\\/www.purejewels.com\\\/product\\\/22k-gold-earring-33215\\\/#primaryimage\",\"url\":\"https:\\\/\\\/static.purejewels.com\\\/wp-content\\\/uploads\\\/2020\\\/10\\\/image187688249.jpg\",\"contentUrl\":\"https:\\\/\\\/static.purejewels.com\\\/wp-content\\\/uploads\\\/2020\\\/10\\\/image187688249.jpg\",\"width\":1000,\"height\":1000,\"caption\":\"22ct Gold Light White CZ Stone Bali Earring YGER296\"},{\"@type\":\"BreadcrumbList\",\"@id\":\"https:\\\/\\\/www.purejewels.com\\\/product\\\/22k-gold-earring-33215\\\/#breadcrumb\",\"itemListElement\":[{\"@type\":\"ListItem\",\"position\":1,\"name\":\"Home\",\"item\":\"https:\\\/\\\/www.purejewels.com\\\/\"},{\"@type\":\"ListItem\",\"position\":2,\"name\":\"Shop\",\"item\":\"https:\\\/\\\/www.purejewels.com\\\/shop\\\/\"},{\"@type\":\"ListItem\",\"position\":3,\"name\":\"22ct Gold Twisted Stripe Bali Earrings with CZ Accents\"}]},{\"@type\":\"WebSite\",\"@id\":\"https:\\\/\\\/www.purejewels.com\\\/#website\",\"url\":\"https:\\\/\\\/www.purejewels.com\\\/\",\"name\":\"PureJewels UK\",\"description\":\"Share the Love\",\"publisher\":{\"@id\":\"https:\\\/\\\/www.purejewels.com\\\/#organization\"},\"potentialAction\":[{\"@type\":\"SearchAction\",\"target\":{\"@type\":\"EntryPoint\",\"urlTemplate\":\"https:\\\/\\\/www.purejewels.com\\\/?s={search_term_string}\"},\"query-input\":{\"@type\":\"PropertyValueSpecification\",\"valueRequired\":true,\"valueName\":\"search_term_string\"}}],\"inLanguage\":\"tr\"},{\"@type\":\"Organization\",\"@id\":\"https:\\\/\\\/www.purejewels.com\\\/#organization\",\"name\":\"PureJewels UK\",\"url\":\"https:\\\/\\\/www.purejewels.com\\\/\",\"logo\":{\"@type\":\"ImageObject\",\"inLanguage\":\"tr\",\"@id\":\"https:\\\/\\\/www.purejewels.com\\\/#\\\/schema\\\/logo\\\/image\\\/\",\"url\":\"https:\\\/\\\/static.purejewels.com\\\/wp-content\\\/uploads\\\/2020\\\/11\\\/Logo-PJ-New-1.png\",\"contentUrl\":\"https:\\\/\\\/static.purejewels.com\\\/wp-content\\\/uploads\\\/2020\\\/11\\\/Logo-PJ-New-1.png\",\"width\":150,\"height\":80,\"caption\":\"PureJewels UK\"},\"image\":{\"@id\":\"https:\\\/\\\/www.purejewels.com\\\/#\\\/schema\\\/logo\\\/image\\\/\"}}]}<\/script>\n<!-- \/ Yoast SEO plugin. -->","yoast_head_json":{"title":"\u015e\u0131k 22 Ayar Alt\u0131n CZ \u00c7izgili Bali K\u00fcpe | PureJewels UK","description":"B\u00fck\u00fclm\u00fc\u015f \u015ferit tasar\u0131ml\u0131 ve \u0131\u015f\u0131lt\u0131l\u0131 CZ desenli zarif 22 ayar alt\u0131n bali k\u00fcpeler sat\u0131n al\u0131n. Geleneksel bir favoriye modern bir dokunu\u015f; g\u00fcnl\u00fck veya bayraml\u0131k kullan\u0131m i\u00e7in m\u00fckemmel.","robots":{"index":"index","follow":"follow","max-snippet":"max-snippet:-1","max-image-preview":"max-image-preview:large","max-video-preview":"max-video-preview:-1"},"canonical":"https:\/\/www.purejewels.com\/tr\/urun\/22-ayar-altin-kupe-33215\/","og_locale":"tr_TR","og_type":"article","og_title":"Stylish 22ct Gold CZ Stripe Bali Earrings | PureJewels UK","og_description":"Shop elegant 22ct gold bali earrings with twisted stripe design and sparkling CZ accents. A modern twist on a traditional favourite\u2014perfect for daily or festive wear.","og_url":"https:\/\/www.purejewels.com\/tr\/urun\/22-ayar-altin-kupe-33215\/","og_site_name":"PureJewels UK","article_modified_time":"2026-01-08T12:58:53+00:00","og_image":[{"width":1000,"height":1000,"url":"https:\/\/static.purejewels.com\/wp-content\/uploads\/2020\/10\/image187688249.jpg","type":"image\/jpeg"}],"twitter_card":"summary_large_image","twitter_misc":{"Tahmini okuma s\u00fcresi":"1 dakika"},"schema":{"@context":"https:\/\/schema.org","@graph":[{"@type":["WebPage","ItemPage"],"@id":"https:\/\/www.purejewels.com\/product\/22k-gold-earring-33215\/","url":"https:\/\/www.purejewels.com\/product\/22k-gold-earring-33215\/","name":"\u015e\u0131k 22 Ayar Alt\u0131n CZ \u00c7izgili Bali K\u00fcpe | PureJewels UK","isPartOf":{"@id":"https:\/\/www.purejewels.com\/#website"},"primaryImageOfPage":{"@id":"https:\/\/www.purejewels.com\/product\/22k-gold-earring-33215\/#primaryimage"},"image":{"@id":"https:\/\/www.purejewels.com\/product\/22k-gold-earring-33215\/#primaryimage"},"thumbnailUrl":"https:\/\/static.purejewels.com\/wp-content\/uploads\/2020\/10\/image187688249.jpg","datePublished":"2024-04-28T07:30:16+00:00","dateModified":"2026-01-08T12:58:53+00:00","description":"B\u00fck\u00fclm\u00fc\u015f \u015ferit tasar\u0131ml\u0131 ve \u0131\u015f\u0131lt\u0131l\u0131 CZ desenli zarif 22 ayar alt\u0131n bali k\u00fcpeler sat\u0131n al\u0131n. Geleneksel bir favoriye modern bir dokunu\u015f; g\u00fcnl\u00fck veya bayraml\u0131k kullan\u0131m i\u00e7in m\u00fckemmel.","breadcrumb":{"@id":"https:\/\/www.purejewels.com\/product\/22k-gold-earring-33215\/#breadcrumb"},"inLanguage":"tr","potentialAction":[{"@type":"ReadAction","target":["https:\/\/www.purejewels.com\/product\/22k-gold-earring-33215\/"]}]},{"@type":"ImageObject","inLanguage":"tr","@id":"https:\/\/www.purejewels.com\/product\/22k-gold-earring-33215\/#primaryimage","url":"https:\/\/static.purejewels.com\/wp-content\/uploads\/2020\/10\/image187688249.jpg","contentUrl":"https:\/\/static.purejewels.com\/wp-content\/uploads\/2020\/10\/image187688249.jpg","width":1000,"height":1000,"caption":"22ct Gold Light White CZ Stone Bali Earring YGER296"},{"@type":"BreadcrumbList","@id":"https:\/\/www.purejewels.com\/product\/22k-gold-earring-33215\/#breadcrumb","itemListElement":[{"@type":"ListItem","position":1,"name":"Home","item":"https:\/\/www.purejewels.com\/"},{"@type":"ListItem","position":2,"name":"Shop","item":"https:\/\/www.purejewels.com\/shop\/"},{"@type":"ListItem","position":3,"name":"22ct Gold Twisted Stripe Bali Earrings with CZ Accents"}]},{"@type":"WebSite","@id":"https:\/\/www.purejewels.com\/#website","url":"https:\/\/www.purejewels.com\/","name":"PureJewels \u0130ngiltere","description":"Sevgiyi Payla\u015f\u0131n","publisher":{"@id":"https:\/\/www.purejewels.com\/#organization"},"potentialAction":[{"@type":"SearchAction","target":{"@type":"EntryPoint","urlTemplate":"https:\/\/www.purejewels.com\/?s={search_term_string}"},"query-input":{"@type":"PropertyValueSpecification","valueRequired":true,"valueName":"search_term_string"}}],"inLanguage":"tr"},{"@type":"Organization","@id":"https:\/\/www.purejewels.com\/#organization","name":"PureJewels \u0130ngiltere","url":"https:\/\/www.purejewels.com\/","logo":{"@type":"ImageObject","inLanguage":"tr","@id":"https:\/\/www.purejewels.com\/#\/schema\/logo\/image\/","url":"https:\/\/static.purejewels.com\/wp-content\/uploads\/2020\/11\/Logo-PJ-New-1.png","contentUrl":"https:\/\/static.purejewels.com\/wp-content\/uploads\/2020\/11\/Logo-PJ-New-1.png","width":150,"height":80,"caption":"PureJewels UK"},"image":{"@id":"https:\/\/www.purejewels.com\/#\/schema\/logo\/image\/"}}]}},"_links":{"self":[{"href":"https:\/\/www.purejewels.com\/tr\/wp-json\/wp\/v2\/product\/318285","targetHints":{"allow":["GET"]}}],"collection":[{"href":"https:\/\/www.purejewels.com\/tr\/wp-json\/wp\/v2\/product"}],"about":[{"href":"https:\/\/www.purejewels.com\/tr\/wp-json\/wp\/v2\/types\/product"}],"replies":[{"embeddable":true,"href":"https:\/\/www.purejewels.com\/tr\/wp-json\/wp\/v2\/comments?post=318285"}],"version-history":[{"count":3,"href":"https:\/\/www.purejewels.com\/tr\/wp-json\/wp\/v2\/product\/318285\/revisions"}],"predecessor-version":[{"id":424369,"href":"https:\/\/www.purejewels.com\/tr\/wp-json\/wp\/v2\/product\/318285\/revisions\/424369"}],"wp:featuredmedia":[{"embeddable":true,"href":"https:\/\/www.purejewels.com\/tr\/wp-json\/wp\/v2\/media\/318287"}],"wp:attachment":[{"href":"https:\/\/www.purejewels.com\/tr\/wp-json\/wp\/v2\/media?parent=318285"}],"wp:term":[{"taxonomy":"product_brand","embeddable":true,"href":"https:\/\/www.purejewels.com\/tr\/wp-json\/wp\/v2\/product_brand?post=318285"},{"taxonomy":"product_cat","embeddable":true,"href":"https:\/\/www.purejewels.com\/tr\/wp-json\/wp\/v2\/product_cat?post=318285"},{"taxonomy":"product_tag","embeddable":true,"href":"https:\/\/www.purejewels.com\/tr\/wp-json\/wp\/v2\/product_tag?post=318285"}],"curies":[{"name":"wp","href":"https:\/\/api.w.org\/{rel}","templated":true}]}}