{"id":318291,"date":"2020-10-19T09:00:26","date_gmt":"2020-10-19T08:00:26","guid":{"rendered":"https:\/\/www.purejewels.com\/product\/22ct-gold-ring-2-5gm\/"},"modified":"2021-11-21T18:47:35","modified_gmt":"2021-11-21T18:47:35","slug":"22-ayar-altin-yuzuk-33221","status":"publish","type":"product","link":"https:\/\/www.purejewels.com\/tr\/product\/22-carat-gold-ring-33221\/","title":{"rendered":"22 Ayar Alt\u0131n Y\u00fcz\u00fck"},"content":{"rendered":"<p>Bug\u00fcn\u00fcn ba\u015far\u0131lar\u0131 k\u00fc\u00e7\u00fck jestlerle i\u015faretlenmelidir. Bunlar motivasyon arac\u0131 olarak i\u015flev g\u00f6r\u00fcr ve sizi b\u00fcy\u00fcme yolunda tutar. Sadece bu da de\u011fil, gelecekte ge\u00e7mi\u015f ba\u015far\u0131lar\u0131n\u0131za d\u00f6n\u00fcp bakt\u0131\u011f\u0131n\u0131zda ki\u015fisel yadigar\u0131n\u0131z olma e\u011filimindedirler. Dolay\u0131s\u0131yla, kendinizi ya da sevgilinizi \u015f\u0131martmak i\u00e7in bir jest ar\u0131yorsan\u0131z, bu m\u00fckemmel bir \u015fey olabilir.<\/p>\n<p>Bu 22 K <a href=\"https:\/\/www.purejewels.com\/tr\/product\/22ct-gold-ladies-ring-size-k1-2-46827\/\">alt\u0131n y\u00fcz\u00fck<\/a> Purejewels taraf\u0131ndan \u00fcretilen bu y\u00fcz\u00fck her zaman ye\u015fil ve zariftir. 22 Ayar y\u00fcz\u00fck, 22 Ayar Sar\u0131 Alt\u0131ndan el i\u015f\u00e7ili\u011fiyle \u00f6zenle haz\u0131rlanm\u0131\u015f, t\u00fcm y\u00fczeyleri ve pensin etraf\u0131ndaki t\u00fcm kenarlar\u0131 e\u015fit \u015fekilde parlat\u0131lm\u0131\u015f ve cilalanm\u0131\u015ft\u0131r. Daha sonra, pens g\u00fczel bir \u015fekilde ve kademeli olarak \u015faft\u0131n d\u0131\u015f\u0131na do\u011fru in\u015fa edilmi\u015ftir. Band\u0131n merkezi, do\u011fal bir elmasla neredeyse ayn\u0131 cazibeye sahip ince kesilmi\u015f bir k\u00fcbik zirkonya ile kaplanm\u0131\u015ft\u0131r.<\/p>\n<p>Bayanlar i\u00e7in bu zarif 22 ayar alt\u0131n y\u00fcz\u00fck, t\u00fcm g\u00f6r\u00fcn\u00fcm\u00fcn\u00fcz\u00fc tamamlayacak ve her g\u00fcn\u00fcn\u00fcz\u00fcn bir par\u00e7as\u0131 olacak, daha da \u00f6nemlisi, sizin bir par\u00e7an\u0131z haline gelecektir. Bu y\u00fcz\u00fc\u011f\u00fcn bug\u00fcn\u00fcn\u00fcz\u00fcn ve \u00f6nemli gelece\u011finizin bir par\u00e7as\u0131 olmas\u0131na izin verirken, sizi her zaman gen\u00e7 benli\u011finizle ileti\u015fim halinde tutmas\u0131na izin verin.<\/p>","protected":false},"excerpt":{"rendered":"<ul>\n<li>22ct\u00a0<span id=\"urn:enhancement-3ce44e1c\" class=\"textannotation disambiguated wl-thing\">Hint Alt\u0131n Y\u00fcz\u00fck<\/span>\u00a0Cz Ta\u015flarla \u0130\u015flenmi\u015f<\/li>\n<li><span id=\"urn:enhancement-27a9b57d\" class=\"textannotation disambiguated wl-thing\">A\u011f\u0131rl\u0131k 2,5<\/span><\/li>\n<li><span id=\"urn:enhancement-3ca7a330\" class=\"textannotation\">Y\u00fcz\u00fck \u00d6l\u00e7\u00fcs\u00fc<\/span> L 1\/2'dir<\/li>\n<li>Sku 33221<\/li>\n<li>London Assay Office taraf\u0131ndan damgalanm\u0131\u015ft\u0131r<\/li>\n<li>Sunum Kutusu ile Birlikte Gelir<\/li>\n<li>Teslimat Dahil<\/li>\n<li>T\u00fcm fiyatlara KDV dahildir<\/li>\n<li>Stok durumu ve stokta bulunan benzer tasar\u0131mlar\u0131n daha fazla g\u00f6r\u00fcnt\u00fcs\u00fc i\u00e7in bizimle canl\u0131 sohbet edin<\/li>\n<\/ul>","protected":false},"featured_media":318293,"comment_status":"closed","ping_status":"closed","template":"","meta":{"_eb_attr":"","_crsspst_to_jayantr4sg-hostcom":false},"product_brand":[],"product_cat":[1791,1559,1235,1783,1786,1574],"product_tag":[],"class_list":{"0":"post-318291","1":"product","2":"type-product","3":"status-publish","4":"has-post-thumbnail","6":"product_cat-anniversary-gifts","7":"product_cat-birthday-gifts","8":"product_cat-gold-rings","9":"product_cat-ladies-rings","10":"product_cat-occasional-wear-rings","11":"product_cat-womens-jewellery","13":"first","14":"outofstock","15":"taxable","16":"shipping-taxable","17":"product-type-simple","18":"add-to-wishlist-before_image"},"yoast_head":"<!-- This site is optimized with the Yoast SEO plugin v27.3 - https:\/\/yoast.com\/product\/yoast-seo-wordpress\/ -->\n<title>Shop this stunning 22ct Gold Ring with CZ Stone at PureJewes UK<\/title>\n<meta name=\"description\" content=\"Explore a simple &amp; elegant collection of 22ct yellow gold rings in the UK. Buy this beautiful CZ Stone-studded gold ring. Fast delivery &amp; easy returns.\" \/>\n<meta name=\"robots\" content=\"index, follow, max-snippet:-1, max-image-preview:large, max-video-preview:-1\" \/>\n<link rel=\"canonical\" href=\"https:\/\/www.purejewels.com\/tr\/urun\/22-ayar-altin-yuzuk-33221\/\" \/>\n<meta property=\"og:locale\" content=\"tr_TR\" \/>\n<meta property=\"og:type\" content=\"article\" \/>\n<meta property=\"og:title\" content=\"Shop this stunning 22ct Gold Ring with CZ Stone at PureJewes UK\" \/>\n<meta property=\"og:description\" content=\"Explore a simple &amp; elegant collection of 22ct yellow gold rings in the UK. Buy this beautiful CZ Stone-studded gold ring. Fast delivery &amp; easy returns.\" \/>\n<meta property=\"og:url\" content=\"https:\/\/www.purejewels.com\/tr\/urun\/22-ayar-altin-yuzuk-33221\/\" \/>\n<meta property=\"og:site_name\" content=\"PureJewels UK\" \/>\n<meta property=\"article:modified_time\" content=\"2021-11-21T18:47:35+00:00\" \/>\n<meta property=\"og:image\" content=\"https:\/\/www.purejewels.com\/wp-content\/uploads\/2020\/10\/image187688648.jpg\" \/>\n\t<meta property=\"og:image:width\" content=\"1000\" \/>\n\t<meta property=\"og:image:height\" content=\"1000\" \/>\n\t<meta property=\"og:image:type\" content=\"image\/jpeg\" \/>\n<meta name=\"twitter:card\" content=\"summary_large_image\" \/>\n<meta name=\"twitter:label1\" content=\"Tahmini okuma s\u00fcresi\" \/>\n\t<meta name=\"twitter:data1\" content=\"1 dakika\" \/>\n<script type=\"application\/ld+json\" class=\"yoast-schema-graph\">{\"@context\":\"https:\\\/\\\/schema.org\",\"@graph\":[{\"@type\":[\"WebPage\",\"ItemPage\"],\"@id\":\"https:\\\/\\\/www.purejewels.com\\\/product\\\/22-carat-gold-ring-33221\\\/\",\"url\":\"https:\\\/\\\/www.purejewels.com\\\/product\\\/22-carat-gold-ring-33221\\\/\",\"name\":\"Shop this stunning 22ct Gold Ring with CZ Stone at PureJewes UK\",\"isPartOf\":{\"@id\":\"https:\\\/\\\/www.purejewels.com\\\/#website\"},\"primaryImageOfPage\":{\"@id\":\"https:\\\/\\\/www.purejewels.com\\\/product\\\/22-carat-gold-ring-33221\\\/#primaryimage\"},\"image\":{\"@id\":\"https:\\\/\\\/www.purejewels.com\\\/product\\\/22-carat-gold-ring-33221\\\/#primaryimage\"},\"thumbnailUrl\":\"https:\\\/\\\/static.purejewels.com\\\/wp-content\\\/uploads\\\/2020\\\/10\\\/image187688648.jpg\",\"datePublished\":\"2020-10-19T08:00:26+00:00\",\"dateModified\":\"2021-11-21T18:47:35+00:00\",\"description\":\"Explore a simple & elegant collection of 22ct yellow gold rings in the UK. Buy this beautiful CZ Stone-studded gold ring. Fast delivery & easy returns.\",\"breadcrumb\":{\"@id\":\"https:\\\/\\\/www.purejewels.com\\\/product\\\/22-carat-gold-ring-33221\\\/#breadcrumb\"},\"inLanguage\":\"tr\",\"potentialAction\":[{\"@type\":\"ReadAction\",\"target\":[\"https:\\\/\\\/www.purejewels.com\\\/product\\\/22-carat-gold-ring-33221\\\/\"]}]},{\"@type\":\"ImageObject\",\"inLanguage\":\"tr\",\"@id\":\"https:\\\/\\\/www.purejewels.com\\\/product\\\/22-carat-gold-ring-33221\\\/#primaryimage\",\"url\":\"https:\\\/\\\/static.purejewels.com\\\/wp-content\\\/uploads\\\/2020\\\/10\\\/image187688648.jpg\",\"contentUrl\":\"https:\\\/\\\/static.purejewels.com\\\/wp-content\\\/uploads\\\/2020\\\/10\\\/image187688648.jpg\",\"width\":1000,\"height\":1000,\"caption\":\"22ct Gold Light Single Stone (Round Shape) Ring YGLR250\"},{\"@type\":\"BreadcrumbList\",\"@id\":\"https:\\\/\\\/www.purejewels.com\\\/product\\\/22-carat-gold-ring-33221\\\/#breadcrumb\",\"itemListElement\":[{\"@type\":\"ListItem\",\"position\":1,\"name\":\"Home\",\"item\":\"https:\\\/\\\/www.purejewels.com\\\/\"},{\"@type\":\"ListItem\",\"position\":2,\"name\":\"Shop\",\"item\":\"https:\\\/\\\/www.purejewels.com\\\/shop\\\/\"},{\"@type\":\"ListItem\",\"position\":3,\"name\":\"22 carat Gold Ring\"}]},{\"@type\":\"WebSite\",\"@id\":\"https:\\\/\\\/www.purejewels.com\\\/#website\",\"url\":\"https:\\\/\\\/www.purejewels.com\\\/\",\"name\":\"PureJewels UK\",\"description\":\"Share the Love\",\"publisher\":{\"@id\":\"https:\\\/\\\/www.purejewels.com\\\/#organization\"},\"potentialAction\":[{\"@type\":\"SearchAction\",\"target\":{\"@type\":\"EntryPoint\",\"urlTemplate\":\"https:\\\/\\\/www.purejewels.com\\\/?s={search_term_string}\"},\"query-input\":{\"@type\":\"PropertyValueSpecification\",\"valueRequired\":true,\"valueName\":\"search_term_string\"}}],\"inLanguage\":\"tr\"},{\"@type\":\"Organization\",\"@id\":\"https:\\\/\\\/www.purejewels.com\\\/#organization\",\"name\":\"PureJewels UK\",\"url\":\"https:\\\/\\\/www.purejewels.com\\\/\",\"logo\":{\"@type\":\"ImageObject\",\"inLanguage\":\"tr\",\"@id\":\"https:\\\/\\\/www.purejewels.com\\\/#\\\/schema\\\/logo\\\/image\\\/\",\"url\":\"https:\\\/\\\/static.purejewels.com\\\/wp-content\\\/uploads\\\/2020\\\/11\\\/Logo-PJ-New-1.png\",\"contentUrl\":\"https:\\\/\\\/static.purejewels.com\\\/wp-content\\\/uploads\\\/2020\\\/11\\\/Logo-PJ-New-1.png\",\"width\":150,\"height\":80,\"caption\":\"PureJewels UK\"},\"image\":{\"@id\":\"https:\\\/\\\/www.purejewels.com\\\/#\\\/schema\\\/logo\\\/image\\\/\"}}]}<\/script>\n<!-- \/ Yoast SEO plugin. -->","yoast_head_json":{"title":"PureJewes UK'de CZ Ta\u015fl\u0131 bu \u00e7arp\u0131c\u0131 22 Ayar Alt\u0131n Y\u00fcz\u00fc\u011f\u00fc sat\u0131n al\u0131n","description":"\u0130ngiltere'deki sade ve zarif 22 ayar sar\u0131 alt\u0131n y\u00fcz\u00fck koleksiyonunu ke\u015ffedin. Bu g\u00fczel CZ ta\u015fl\u0131 alt\u0131n y\u00fcz\u00fc\u011f\u00fc sat\u0131n al\u0131n. H\u0131zl\u0131 teslimat ve kolay iade.","robots":{"index":"index","follow":"follow","max-snippet":"max-snippet:-1","max-image-preview":"max-image-preview:large","max-video-preview":"max-video-preview:-1"},"canonical":"https:\/\/www.purejewels.com\/tr\/urun\/22-ayar-altin-yuzuk-33221\/","og_locale":"tr_TR","og_type":"article","og_title":"Shop this stunning 22ct Gold Ring with CZ Stone at PureJewes UK","og_description":"Explore a simple & elegant collection of 22ct yellow gold rings in the UK. Buy this beautiful CZ Stone-studded gold ring. Fast delivery & easy returns.","og_url":"https:\/\/www.purejewels.com\/tr\/urun\/22-ayar-altin-yuzuk-33221\/","og_site_name":"PureJewels UK","article_modified_time":"2021-11-21T18:47:35+00:00","og_image":[{"width":1000,"height":1000,"url":"https:\/\/www.purejewels.com\/wp-content\/uploads\/2020\/10\/image187688648.jpg","type":"image\/jpeg"}],"twitter_card":"summary_large_image","twitter_misc":{"Tahmini okuma s\u00fcresi":"1 dakika"},"schema":{"@context":"https:\/\/schema.org","@graph":[{"@type":["WebPage","ItemPage"],"@id":"https:\/\/www.purejewels.com\/product\/22-carat-gold-ring-33221\/","url":"https:\/\/www.purejewels.com\/product\/22-carat-gold-ring-33221\/","name":"PureJewes UK'de CZ Ta\u015fl\u0131 bu \u00e7arp\u0131c\u0131 22 Ayar Alt\u0131n Y\u00fcz\u00fc\u011f\u00fc sat\u0131n al\u0131n","isPartOf":{"@id":"https:\/\/www.purejewels.com\/#website"},"primaryImageOfPage":{"@id":"https:\/\/www.purejewels.com\/product\/22-carat-gold-ring-33221\/#primaryimage"},"image":{"@id":"https:\/\/www.purejewels.com\/product\/22-carat-gold-ring-33221\/#primaryimage"},"thumbnailUrl":"https:\/\/static.purejewels.com\/wp-content\/uploads\/2020\/10\/image187688648.jpg","datePublished":"2020-10-19T08:00:26+00:00","dateModified":"2021-11-21T18:47:35+00:00","description":"\u0130ngiltere'deki sade ve zarif 22 ayar sar\u0131 alt\u0131n y\u00fcz\u00fck koleksiyonunu ke\u015ffedin. Bu g\u00fczel CZ ta\u015fl\u0131 alt\u0131n y\u00fcz\u00fc\u011f\u00fc sat\u0131n al\u0131n. H\u0131zl\u0131 teslimat ve kolay iade.","breadcrumb":{"@id":"https:\/\/www.purejewels.com\/product\/22-carat-gold-ring-33221\/#breadcrumb"},"inLanguage":"tr","potentialAction":[{"@type":"ReadAction","target":["https:\/\/www.purejewels.com\/product\/22-carat-gold-ring-33221\/"]}]},{"@type":"ImageObject","inLanguage":"tr","@id":"https:\/\/www.purejewels.com\/product\/22-carat-gold-ring-33221\/#primaryimage","url":"https:\/\/static.purejewels.com\/wp-content\/uploads\/2020\/10\/image187688648.jpg","contentUrl":"https:\/\/static.purejewels.com\/wp-content\/uploads\/2020\/10\/image187688648.jpg","width":1000,"height":1000,"caption":"22ct Gold Light Single Stone (Round Shape) Ring YGLR250"},{"@type":"BreadcrumbList","@id":"https:\/\/www.purejewels.com\/product\/22-carat-gold-ring-33221\/#breadcrumb","itemListElement":[{"@type":"ListItem","position":1,"name":"Home","item":"https:\/\/www.purejewels.com\/"},{"@type":"ListItem","position":2,"name":"Shop","item":"https:\/\/www.purejewels.com\/shop\/"},{"@type":"ListItem","position":3,"name":"22 carat Gold Ring"}]},{"@type":"WebSite","@id":"https:\/\/www.purejewels.com\/#website","url":"https:\/\/www.purejewels.com\/","name":"PureJewels \u0130ngiltere","description":"Sevgiyi Payla\u015f\u0131n","publisher":{"@id":"https:\/\/www.purejewels.com\/#organization"},"potentialAction":[{"@type":"SearchAction","target":{"@type":"EntryPoint","urlTemplate":"https:\/\/www.purejewels.com\/?s={search_term_string}"},"query-input":{"@type":"PropertyValueSpecification","valueRequired":true,"valueName":"search_term_string"}}],"inLanguage":"tr"},{"@type":"Organization","@id":"https:\/\/www.purejewels.com\/#organization","name":"PureJewels \u0130ngiltere","url":"https:\/\/www.purejewels.com\/","logo":{"@type":"ImageObject","inLanguage":"tr","@id":"https:\/\/www.purejewels.com\/#\/schema\/logo\/image\/","url":"https:\/\/static.purejewels.com\/wp-content\/uploads\/2020\/11\/Logo-PJ-New-1.png","contentUrl":"https:\/\/static.purejewels.com\/wp-content\/uploads\/2020\/11\/Logo-PJ-New-1.png","width":150,"height":80,"caption":"PureJewels UK"},"image":{"@id":"https:\/\/www.purejewels.com\/#\/schema\/logo\/image\/"}}]}},"_links":{"self":[{"href":"https:\/\/www.purejewels.com\/tr\/wp-json\/wp\/v2\/product\/318291","targetHints":{"allow":["GET"]}}],"collection":[{"href":"https:\/\/www.purejewels.com\/tr\/wp-json\/wp\/v2\/product"}],"about":[{"href":"https:\/\/www.purejewels.com\/tr\/wp-json\/wp\/v2\/types\/product"}],"replies":[{"embeddable":true,"href":"https:\/\/www.purejewels.com\/tr\/wp-json\/wp\/v2\/comments?post=318291"}],"version-history":[{"count":0,"href":"https:\/\/www.purejewels.com\/tr\/wp-json\/wp\/v2\/product\/318291\/revisions"}],"wp:featuredmedia":[{"embeddable":true,"href":"https:\/\/www.purejewels.com\/tr\/wp-json\/wp\/v2\/media\/318293"}],"wp:attachment":[{"href":"https:\/\/www.purejewels.com\/tr\/wp-json\/wp\/v2\/media?parent=318291"}],"wp:term":[{"taxonomy":"product_brand","embeddable":true,"href":"https:\/\/www.purejewels.com\/tr\/wp-json\/wp\/v2\/product_brand?post=318291"},{"taxonomy":"product_cat","embeddable":true,"href":"https:\/\/www.purejewels.com\/tr\/wp-json\/wp\/v2\/product_cat?post=318291"},{"taxonomy":"product_tag","embeddable":true,"href":"https:\/\/www.purejewels.com\/tr\/wp-json\/wp\/v2\/product_tag?post=318291"}],"curies":[{"name":"wp","href":"https:\/\/api.w.org\/{rel}","templated":true}]}}