{"id":318309,"date":"2020-10-19T11:19:10","date_gmt":"2020-10-19T10:19:10","guid":{"rendered":"https:\/\/www.purejewels.com\/product\/jali-collection-22ct-gold-necklace-19-7gm\/"},"modified":"2025-11-07T09:44:02","modified_gmt":"2025-11-07T09:44:02","slug":"jali-22-ayar-altin-do-ladda-haar-33413","status":"publish","type":"product","link":"https:\/\/www.purejewels.com\/tr\/product\/jali-22ct-gold-do-ladda-haar-33413\/","title":{"rendered":"Jali 22 Ayar Alt\u0131n Do Ladda Haar"},"content":{"rendered":"<p>PureJewels UK'deki Jali Telkari Koleksiyonumuzdan \u00e7arp\u0131c\u0131 bir par\u00e7a olan zarif Jali 22ct Alt\u0131n Do Ladda Haar ile tan\u0131\u015f\u0131n. Bu karma\u015f\u0131k kolye, 19,7 gram a\u011f\u0131rl\u0131\u011f\u0131nda g\u00fczel bir tasar\u0131ma sahiptir ve her durum i\u00e7in bir ifade par\u00e7as\u0131d\u0131r. Seti tamamlamak i\u00e7in e\u015fle\u015fen k\u00fcpeler de mevcuttur.<\/p>\n<p>Koleksiyonumuzdaki her par\u00e7a Londra Assay Ofisi taraf\u0131ndan damgalanarak en y\u00fcksek kalite ve \u00f6zg\u00fcnl\u00fc\u011f\u00fc garanti eder. Sunum kutusuyla birlikte gelen bu set, kendiniz veya sevdi\u011finiz biri i\u00e7in m\u00fckemmel bir hediye olacakt\u0131r.<\/p>\n<p>Bu \u00e7arp\u0131c\u0131 Jali 22 Ayar Alt\u0131n Do Ladda Haar'\u0131 ka\u00e7\u0131rmay\u0131n - \u015fimdi sipari\u015f verin ve m\u00fccevher koleksiyonunuza l\u00fcks bir dokunu\u015f kat\u0131n. Herhangi bir sorunuz veya daha h\u0131zl\u0131 teslimat talebiniz i\u00e7in bizimle ileti\u015fime ge\u00e7mekten veya \u00fcr\u00fcn\u00fcn videosu i\u00e7in bizimle sohbet etmekten \u00e7ekinmeyin.<\/p>\n<p>&nbsp;<\/p>","protected":false},"excerpt":{"rendered":"<ul>\n<li>22 ayar alt\u0131n do ladda haar<\/li>\n<li>A\u011f\u0131rl\u0131k: 19,7 gms<\/li>\n<li>SKU. 33413<\/li>\n<li>Bu Kolye ile E\u015fle\u015fen K\u00fcpeler Mevcuttur<\/li>\n<li>T\u00fcm fiyatlara KDV dahildir<\/li>\n<li>T\u00fcm \u00dcr\u00fcnlerimiz Londra Tahlil Ofisi Taraf\u0131ndan Damgalanm\u0131\u015ft\u0131r<\/li>\n<li>T\u00fcm Setler Sunum Kutusu ile Birlikte Gelir<\/li>\n<li>Teslimat Dahil<\/li>\n<li>\u00dcr\u00fcn videosu i\u00e7in bize ula\u015f\u0131n \/ Bizimle sohbet edin<\/li>\n<\/ul>","protected":false},"featured_media":318311,"comment_status":"closed","ping_status":"closed","template":"","meta":{"_eb_attr":"","_crsspst_to_jayantr4sg-hostcom":true},"product_brand":[],"product_cat":[1781,1253,252,1778,1574],"product_tag":[],"class_list":{"0":"post-318309","1":"product","2":"type-product","3":"status-publish","4":"has-post-thumbnail","6":"product_cat-filligree-necklaces","7":"product_cat-gold-necklaces","8":"product_cat-jali-collections","9":"product_cat-short-necklaces","10":"product_cat-womens-jewellery","12":"first","13":"outofstock","14":"taxable","15":"shipping-taxable","16":"product-type-simple","17":"add-to-wishlist-before_image"},"yoast_head":"<!-- This site is optimized with the Yoast SEO plugin v27.3 - https:\/\/yoast.com\/product\/yoast-seo-wordpress\/ -->\n<title>Jali 22ct Gold Do Ladda Haar - PureJewels UK<\/title>\n<meta name=\"robots\" content=\"index, follow, max-snippet:-1, max-image-preview:large, max-video-preview:-1\" \/>\n<link rel=\"canonical\" href=\"https:\/\/www.purejewels.com\/tr\/urun\/jali-22-ayar-altin-do-ladda-haar-33413\/\" \/>\n<meta property=\"og:locale\" content=\"tr_TR\" \/>\n<meta property=\"og:type\" content=\"article\" \/>\n<meta property=\"og:title\" content=\"Jali 22ct Gold Do Ladda Haar - PureJewels UK\" \/>\n<meta property=\"og:description\" content=\"22ct Gold do ladda\u00a0haar  Wt : 19.7 gms  SKU. 33413  Matching Earrings are Available for this Necklace  All prices include VAT  All our Products are Hallmarked by London Assay Office  All Sets Comes With Presentation Box  Delivery Included  Contact us \/ Chat with us For video of Product\" \/>\n<meta property=\"og:url\" content=\"https:\/\/www.purejewels.com\/tr\/urun\/jali-22-ayar-altin-do-ladda-haar-33413\/\" \/>\n<meta property=\"og:site_name\" content=\"PureJewels UK\" \/>\n<meta property=\"article:modified_time\" content=\"2025-11-07T09:44:02+00:00\" \/>\n<meta property=\"og:image\" content=\"https:\/\/www.purejewels.com\/wp-content\/uploads\/2020\/10\/image187693511.jpg\" \/>\n\t<meta property=\"og:image:width\" content=\"1000\" \/>\n\t<meta property=\"og:image:height\" content=\"1000\" \/>\n\t<meta property=\"og:image:type\" content=\"image\/jpeg\" \/>\n<meta name=\"twitter:card\" content=\"summary_large_image\" \/>\n<meta name=\"twitter:label1\" content=\"Tahmini okuma s\u00fcresi\" \/>\n\t<meta name=\"twitter:data1\" content=\"1 dakika\" \/>\n<script type=\"application\/ld+json\" class=\"yoast-schema-graph\">{\"@context\":\"https:\\\/\\\/schema.org\",\"@graph\":[{\"@type\":[\"WebPage\",\"ItemPage\"],\"@id\":\"https:\\\/\\\/www.purejewels.com\\\/product\\\/jali-22ct-gold-do-ladda-haar-33413\\\/\",\"url\":\"https:\\\/\\\/www.purejewels.com\\\/product\\\/jali-22ct-gold-do-ladda-haar-33413\\\/\",\"name\":\"Jali 22ct Gold Do Ladda Haar - PureJewels UK\",\"isPartOf\":{\"@id\":\"https:\\\/\\\/www.purejewels.com\\\/#website\"},\"primaryImageOfPage\":{\"@id\":\"https:\\\/\\\/www.purejewels.com\\\/product\\\/jali-22ct-gold-do-ladda-haar-33413\\\/#primaryimage\"},\"image\":{\"@id\":\"https:\\\/\\\/www.purejewels.com\\\/product\\\/jali-22ct-gold-do-ladda-haar-33413\\\/#primaryimage\"},\"thumbnailUrl\":\"https:\\\/\\\/static.purejewels.com\\\/wp-content\\\/uploads\\\/2020\\\/10\\\/image187693511.jpg\",\"datePublished\":\"2020-10-19T10:19:10+00:00\",\"dateModified\":\"2025-11-07T09:44:02+00:00\",\"breadcrumb\":{\"@id\":\"https:\\\/\\\/www.purejewels.com\\\/product\\\/jali-22ct-gold-do-ladda-haar-33413\\\/#breadcrumb\"},\"inLanguage\":\"tr\",\"potentialAction\":[{\"@type\":\"ReadAction\",\"target\":[\"https:\\\/\\\/www.purejewels.com\\\/product\\\/jali-22ct-gold-do-ladda-haar-33413\\\/\"]}]},{\"@type\":\"ImageObject\",\"inLanguage\":\"tr\",\"@id\":\"https:\\\/\\\/www.purejewels.com\\\/product\\\/jali-22ct-gold-do-ladda-haar-33413\\\/#primaryimage\",\"url\":\"https:\\\/\\\/static.purejewels.com\\\/wp-content\\\/uploads\\\/2020\\\/10\\\/image187693511.jpg\",\"contentUrl\":\"https:\\\/\\\/static.purejewels.com\\\/wp-content\\\/uploads\\\/2020\\\/10\\\/image187693511.jpg\",\"width\":1000,\"height\":1000,\"caption\":\"Jali 22ct Medium Do lada Haar Necklace JLNC644\"},{\"@type\":\"BreadcrumbList\",\"@id\":\"https:\\\/\\\/www.purejewels.com\\\/product\\\/jali-22ct-gold-do-ladda-haar-33413\\\/#breadcrumb\",\"itemListElement\":[{\"@type\":\"ListItem\",\"position\":1,\"name\":\"Home\",\"item\":\"https:\\\/\\\/www.purejewels.com\\\/\"},{\"@type\":\"ListItem\",\"position\":2,\"name\":\"Shop\",\"item\":\"https:\\\/\\\/www.purejewels.com\\\/shop\\\/\"},{\"@type\":\"ListItem\",\"position\":3,\"name\":\"Jali 22ct Gold Do Ladda Haar\"}]},{\"@type\":\"WebSite\",\"@id\":\"https:\\\/\\\/www.purejewels.com\\\/#website\",\"url\":\"https:\\\/\\\/www.purejewels.com\\\/\",\"name\":\"PureJewels UK\",\"description\":\"Share the Love\",\"publisher\":{\"@id\":\"https:\\\/\\\/www.purejewels.com\\\/#organization\"},\"potentialAction\":[{\"@type\":\"SearchAction\",\"target\":{\"@type\":\"EntryPoint\",\"urlTemplate\":\"https:\\\/\\\/www.purejewels.com\\\/?s={search_term_string}\"},\"query-input\":{\"@type\":\"PropertyValueSpecification\",\"valueRequired\":true,\"valueName\":\"search_term_string\"}}],\"inLanguage\":\"tr\"},{\"@type\":\"Organization\",\"@id\":\"https:\\\/\\\/www.purejewels.com\\\/#organization\",\"name\":\"PureJewels UK\",\"url\":\"https:\\\/\\\/www.purejewels.com\\\/\",\"logo\":{\"@type\":\"ImageObject\",\"inLanguage\":\"tr\",\"@id\":\"https:\\\/\\\/www.purejewels.com\\\/#\\\/schema\\\/logo\\\/image\\\/\",\"url\":\"https:\\\/\\\/static.purejewels.com\\\/wp-content\\\/uploads\\\/2020\\\/11\\\/Logo-PJ-New-1.png\",\"contentUrl\":\"https:\\\/\\\/static.purejewels.com\\\/wp-content\\\/uploads\\\/2020\\\/11\\\/Logo-PJ-New-1.png\",\"width\":150,\"height\":80,\"caption\":\"PureJewels UK\"},\"image\":{\"@id\":\"https:\\\/\\\/www.purejewels.com\\\/#\\\/schema\\\/logo\\\/image\\\/\"}}]}<\/script>\n<!-- \/ Yoast SEO plugin. -->","yoast_head_json":{"title":"Jali 22 Ayar Alt\u0131n Do Ladda Haar - PureJewels UK","robots":{"index":"index","follow":"follow","max-snippet":"max-snippet:-1","max-image-preview":"max-image-preview:large","max-video-preview":"max-video-preview:-1"},"canonical":"https:\/\/www.purejewels.com\/tr\/urun\/jali-22-ayar-altin-do-ladda-haar-33413\/","og_locale":"tr_TR","og_type":"article","og_title":"Jali 22ct Gold Do Ladda Haar - PureJewels UK","og_description":"22ct Gold do ladda\u00a0haar  Wt : 19.7 gms  SKU. 33413  Matching Earrings are Available for this Necklace  All prices include VAT  All our Products are Hallmarked by London Assay Office  All Sets Comes With Presentation Box  Delivery Included  Contact us \/ Chat with us For video of Product","og_url":"https:\/\/www.purejewels.com\/tr\/urun\/jali-22-ayar-altin-do-ladda-haar-33413\/","og_site_name":"PureJewels UK","article_modified_time":"2025-11-07T09:44:02+00:00","og_image":[{"width":1000,"height":1000,"url":"https:\/\/www.purejewels.com\/wp-content\/uploads\/2020\/10\/image187693511.jpg","type":"image\/jpeg"}],"twitter_card":"summary_large_image","twitter_misc":{"Tahmini okuma s\u00fcresi":"1 dakika"},"schema":{"@context":"https:\/\/schema.org","@graph":[{"@type":["WebPage","ItemPage"],"@id":"https:\/\/www.purejewels.com\/product\/jali-22ct-gold-do-ladda-haar-33413\/","url":"https:\/\/www.purejewels.com\/product\/jali-22ct-gold-do-ladda-haar-33413\/","name":"Jali 22 Ayar Alt\u0131n Do Ladda Haar - PureJewels UK","isPartOf":{"@id":"https:\/\/www.purejewels.com\/#website"},"primaryImageOfPage":{"@id":"https:\/\/www.purejewels.com\/product\/jali-22ct-gold-do-ladda-haar-33413\/#primaryimage"},"image":{"@id":"https:\/\/www.purejewels.com\/product\/jali-22ct-gold-do-ladda-haar-33413\/#primaryimage"},"thumbnailUrl":"https:\/\/static.purejewels.com\/wp-content\/uploads\/2020\/10\/image187693511.jpg","datePublished":"2020-10-19T10:19:10+00:00","dateModified":"2025-11-07T09:44:02+00:00","breadcrumb":{"@id":"https:\/\/www.purejewels.com\/product\/jali-22ct-gold-do-ladda-haar-33413\/#breadcrumb"},"inLanguage":"tr","potentialAction":[{"@type":"ReadAction","target":["https:\/\/www.purejewels.com\/product\/jali-22ct-gold-do-ladda-haar-33413\/"]}]},{"@type":"ImageObject","inLanguage":"tr","@id":"https:\/\/www.purejewels.com\/product\/jali-22ct-gold-do-ladda-haar-33413\/#primaryimage","url":"https:\/\/static.purejewels.com\/wp-content\/uploads\/2020\/10\/image187693511.jpg","contentUrl":"https:\/\/static.purejewels.com\/wp-content\/uploads\/2020\/10\/image187693511.jpg","width":1000,"height":1000,"caption":"Jali 22ct Medium Do lada Haar Necklace JLNC644"},{"@type":"BreadcrumbList","@id":"https:\/\/www.purejewels.com\/product\/jali-22ct-gold-do-ladda-haar-33413\/#breadcrumb","itemListElement":[{"@type":"ListItem","position":1,"name":"Home","item":"https:\/\/www.purejewels.com\/"},{"@type":"ListItem","position":2,"name":"Shop","item":"https:\/\/www.purejewels.com\/shop\/"},{"@type":"ListItem","position":3,"name":"Jali 22ct Gold Do Ladda Haar"}]},{"@type":"WebSite","@id":"https:\/\/www.purejewels.com\/#website","url":"https:\/\/www.purejewels.com\/","name":"PureJewels \u0130ngiltere","description":"Sevgiyi Payla\u015f\u0131n","publisher":{"@id":"https:\/\/www.purejewels.com\/#organization"},"potentialAction":[{"@type":"SearchAction","target":{"@type":"EntryPoint","urlTemplate":"https:\/\/www.purejewels.com\/?s={search_term_string}"},"query-input":{"@type":"PropertyValueSpecification","valueRequired":true,"valueName":"search_term_string"}}],"inLanguage":"tr"},{"@type":"Organization","@id":"https:\/\/www.purejewels.com\/#organization","name":"PureJewels \u0130ngiltere","url":"https:\/\/www.purejewels.com\/","logo":{"@type":"ImageObject","inLanguage":"tr","@id":"https:\/\/www.purejewels.com\/#\/schema\/logo\/image\/","url":"https:\/\/static.purejewels.com\/wp-content\/uploads\/2020\/11\/Logo-PJ-New-1.png","contentUrl":"https:\/\/static.purejewels.com\/wp-content\/uploads\/2020\/11\/Logo-PJ-New-1.png","width":150,"height":80,"caption":"PureJewels UK"},"image":{"@id":"https:\/\/www.purejewels.com\/#\/schema\/logo\/image\/"}}]}},"_links":{"self":[{"href":"https:\/\/www.purejewels.com\/tr\/wp-json\/wp\/v2\/product\/318309","targetHints":{"allow":["GET"]}}],"collection":[{"href":"https:\/\/www.purejewels.com\/tr\/wp-json\/wp\/v2\/product"}],"about":[{"href":"https:\/\/www.purejewels.com\/tr\/wp-json\/wp\/v2\/types\/product"}],"replies":[{"embeddable":true,"href":"https:\/\/www.purejewels.com\/tr\/wp-json\/wp\/v2\/comments?post=318309"}],"version-history":[{"count":3,"href":"https:\/\/www.purejewels.com\/tr\/wp-json\/wp\/v2\/product\/318309\/revisions"}],"predecessor-version":[{"id":420502,"href":"https:\/\/www.purejewels.com\/tr\/wp-json\/wp\/v2\/product\/318309\/revisions\/420502"}],"wp:featuredmedia":[{"embeddable":true,"href":"https:\/\/www.purejewels.com\/tr\/wp-json\/wp\/v2\/media\/318311"}],"wp:attachment":[{"href":"https:\/\/www.purejewels.com\/tr\/wp-json\/wp\/v2\/media?parent=318309"}],"wp:term":[{"taxonomy":"product_brand","embeddable":true,"href":"https:\/\/www.purejewels.com\/tr\/wp-json\/wp\/v2\/product_brand?post=318309"},{"taxonomy":"product_cat","embeddable":true,"href":"https:\/\/www.purejewels.com\/tr\/wp-json\/wp\/v2\/product_cat?post=318309"},{"taxonomy":"product_tag","embeddable":true,"href":"https:\/\/www.purejewels.com\/tr\/wp-json\/wp\/v2\/product_tag?post=318309"}],"curies":[{"name":"wp","href":"https:\/\/api.w.org\/{rel}","templated":true}]}}