{"id":318340,"date":"2020-10-19T15:42:04","date_gmt":"2020-10-19T14:42:04","guid":{"rendered":"https:\/\/www.purejewels.com\/product\/jali-collection-22ct-gold-baby-bangle-6-5gm\/"},"modified":"2026-03-31T12:10:11","modified_gmt":"2026-03-31T11:10:11","slug":"jali-22-ayar-altin-bebek-bilekligi-33405","status":"publish","type":"product","link":"https:\/\/www.purejewels.com\/tr\/product\/jali-22-carat-gold-baby-bangle-33405\/","title":{"rendered":"22 Ayar Alt\u0131n Gran\u00fcl Merkezli Bebek Bilekli\u011fi"},"content":{"rendered":"<p>\u0130nce dokulu y\u00fczeyler ve k\u00fcmelenmi\u015f gran\u00fcl formlar\u0131ndan olu\u015fan ay\u0131rt edici bir merkezi unsurla tan\u0131mlanan yumu\u015fak hatl\u0131 bir bileklik. Detayland\u0131rma, p\u00fcr\u00fczs\u00fcz alt\u0131n bantla nazik bir kontrast olu\u015ftururken, a\u00e7\u0131k u\u00e7lu siluet uyarlanabilir ve rahat bir uyum sa\u011flar. Oranlar hafif ama g\u00f6rsel olarak eksiksiz hissettirecek \u015fekilde tasarlanm\u0131\u015ft\u0131r.<\/p>","protected":false},"excerpt":{"rendered":"<ul>\n<li>22ct&nbsp;<span id=\"urn:enhancement-417ef494\" class=\"textannotation\">Alt\u0131n<\/span>&nbsp;<span id=\"urn:enhancement-cc506d12\" class=\"textannotation\">Bebek<\/span>&nbsp;<span id=\"urn:enhancement-71e36295\" class=\"textannotation\">Bileklik<\/span>.<\/li>\n<li>\u00c7ocuklar, \u00c7ocuklar, \u00c7ocuk, Bebek i\u00e7in uygundur,&nbsp;<span id=\"urn:enhancement-2702fbe3\" class=\"textannotation\">Yeni Do\u011fan<\/span>.<\/li>\n<li>A\u011f\u0131rl\u0131k 6,5 gm<\/li>\n<li><span id=\"urn:enhancement-6f1842ec\" class=\"textannotation\">SKU<\/span>&nbsp;.33405<\/li>\n<li>Boyut. Ayarlanabilir<\/li>\n<li>T\u00fcm\u00fc&nbsp;<span id=\"urn:enhancement-eb5a2711\" class=\"textannotation\">fiyatlar<\/span>&nbsp;KDV dahil<\/li>\n<li>22ct&nbsp;<span id=\"urn:enhancement-4d7b275b\" class=\"textannotation\">Alt\u0131n<\/span>&nbsp;Londra taraf\u0131ndan damgalanm\u0131\u015ft\u0131r&nbsp;<span id=\"urn:enhancement-7fe36049\" class=\"textannotation\">Tahlil Ofisi<\/span><\/li>\n<li>Sunum Kutusu ile Birlikte Gelir<\/li>\n<li>Teslimat Dahil<\/li>\n<li>Uygunluk durumu ve \u015fu anda mevcut olan benzer tasar\u0131mlar\u0131n daha fazla g\u00f6r\u00fcnt\u00fcs\u00fc i\u00e7in bizimle canl\u0131 sohbet edin&nbsp;<span id=\"urn:enhancement-973df29b\" class=\"textannotation\">stok<\/span><\/li>\n<\/ul>","protected":false},"featured_media":318342,"comment_status":"closed","ping_status":"closed","template":"","meta":{"_eb_attr":"","_crsspst_to_jayantr4sg-hostcom":true},"product_brand":[],"product_cat":[1576,1233,252,1526],"product_tag":[],"class_list":{"0":"post-318340","1":"product","2":"type-product","3":"status-publish","4":"has-post-thumbnail","6":"product_cat-childrens-jewellery","7":"product_cat-gold-bangles","8":"product_cat-jali-collections","9":"product_cat-kids-bangles","11":"first","12":"outofstock","13":"taxable","14":"shipping-taxable","15":"product-type-simple","16":"add-to-wishlist-before_image"},"yoast_head":"<!-- This site is optimized with the Yoast SEO plugin v27.5 - https:\/\/yoast.com\/product\/yoast-seo-wordpress\/ -->\n<title>22ct Gold Infant Bangle UK | Granule Detail Hallmarked<\/title>\n<meta name=\"description\" content=\"Explore a 22ct gold infant bangle with textured granule detailing and an adjustable fit, hallmarked in the UK for certified purity.\" \/>\n<meta name=\"robots\" content=\"index, follow, max-snippet:-1, max-image-preview:large, max-video-preview:-1\" \/>\n<link rel=\"canonical\" href=\"https:\/\/www.purejewels.com\/tr\/urun\/jali-22-ayar-altin-bebek-bilekligi-33405\/\" \/>\n<meta property=\"og:locale\" content=\"tr_TR\" \/>\n<meta property=\"og:type\" content=\"article\" \/>\n<meta property=\"og:title\" content=\"22ct Gold Infant Bangle UK | Granule Detail Hallmarked\" \/>\n<meta property=\"og:description\" content=\"Explore a 22ct gold infant bangle with textured granule detailing and an adjustable fit, hallmarked in the UK for certified purity.\" \/>\n<meta property=\"og:url\" content=\"https:\/\/www.purejewels.com\/tr\/urun\/jali-22-ayar-altin-bebek-bilekligi-33405\/\" \/>\n<meta property=\"og:site_name\" content=\"PureJewels UK\" \/>\n<meta property=\"article:modified_time\" content=\"2026-03-31T11:10:11+00:00\" \/>\n<meta property=\"og:image\" content=\"https:\/\/static.purejewels.com\/wp-content\/uploads\/2020\/10\/image187714046.jpg\" \/>\n\t<meta property=\"og:image:width\" content=\"1000\" \/>\n\t<meta property=\"og:image:height\" content=\"1000\" \/>\n\t<meta property=\"og:image:type\" content=\"image\/jpeg\" \/>\n<meta name=\"twitter:card\" content=\"summary_large_image\" \/>\n<meta name=\"twitter:label1\" content=\"Tahmini okuma s\u00fcresi\" \/>\n\t<meta name=\"twitter:data1\" content=\"1 dakika\" \/>\n<script type=\"application\/ld+json\" class=\"yoast-schema-graph\">{\"@context\":\"https:\\\/\\\/schema.org\",\"@graph\":[{\"@type\":[\"WebPage\",\"ItemPage\"],\"@id\":\"https:\\\/\\\/www.purejewels.com\\\/product\\\/jali-22-carat-gold-baby-bangle-33405\\\/\",\"url\":\"https:\\\/\\\/www.purejewels.com\\\/product\\\/jali-22-carat-gold-baby-bangle-33405\\\/\",\"name\":\"22ct Gold Infant Bangle UK | Granule Detail Hallmarked\",\"isPartOf\":{\"@id\":\"https:\\\/\\\/www.purejewels.com\\\/#website\"},\"primaryImageOfPage\":{\"@id\":\"https:\\\/\\\/www.purejewels.com\\\/product\\\/jali-22-carat-gold-baby-bangle-33405\\\/#primaryimage\"},\"image\":{\"@id\":\"https:\\\/\\\/www.purejewels.com\\\/product\\\/jali-22-carat-gold-baby-bangle-33405\\\/#primaryimage\"},\"thumbnailUrl\":\"https:\\\/\\\/static.purejewels.com\\\/wp-content\\\/uploads\\\/2020\\\/10\\\/image187714046.jpg\",\"datePublished\":\"2020-10-19T14:42:04+00:00\",\"dateModified\":\"2026-03-31T11:10:11+00:00\",\"description\":\"Explore a 22ct gold infant bangle with textured granule detailing and an adjustable fit, hallmarked in the UK for certified purity.\",\"breadcrumb\":{\"@id\":\"https:\\\/\\\/www.purejewels.com\\\/product\\\/jali-22-carat-gold-baby-bangle-33405\\\/#breadcrumb\"},\"inLanguage\":\"tr\",\"potentialAction\":[{\"@type\":\"ReadAction\",\"target\":[\"https:\\\/\\\/www.purejewels.com\\\/product\\\/jali-22-carat-gold-baby-bangle-33405\\\/\"]}]},{\"@type\":\"ImageObject\",\"inLanguage\":\"tr\",\"@id\":\"https:\\\/\\\/www.purejewels.com\\\/product\\\/jali-22-carat-gold-baby-bangle-33405\\\/#primaryimage\",\"url\":\"https:\\\/\\\/static.purejewels.com\\\/wp-content\\\/uploads\\\/2020\\\/10\\\/image187714046.jpg\",\"contentUrl\":\"https:\\\/\\\/static.purejewels.com\\\/wp-content\\\/uploads\\\/2020\\\/10\\\/image187714046.jpg\",\"width\":1000,\"height\":1000,\"caption\":\"Jali 22ct Medium Filligree Baby Bangle JLBB664\"},{\"@type\":\"BreadcrumbList\",\"@id\":\"https:\\\/\\\/www.purejewels.com\\\/product\\\/jali-22-carat-gold-baby-bangle-33405\\\/#breadcrumb\",\"itemListElement\":[{\"@type\":\"ListItem\",\"position\":1,\"name\":\"Home\",\"item\":\"https:\\\/\\\/www.purejewels.com\\\/\"},{\"@type\":\"ListItem\",\"position\":2,\"name\":\"Shop\",\"item\":\"https:\\\/\\\/www.purejewels.com\\\/shop\\\/\"},{\"@type\":\"ListItem\",\"position\":3,\"name\":\"22ct Gold Granule Centre Baby Bangle\"}]},{\"@type\":\"WebSite\",\"@id\":\"https:\\\/\\\/www.purejewels.com\\\/#website\",\"url\":\"https:\\\/\\\/www.purejewels.com\\\/\",\"name\":\"PureJewels UK\",\"description\":\"Share the Love\",\"publisher\":{\"@id\":\"https:\\\/\\\/www.purejewels.com\\\/#organization\"},\"potentialAction\":[{\"@type\":\"SearchAction\",\"target\":{\"@type\":\"EntryPoint\",\"urlTemplate\":\"https:\\\/\\\/www.purejewels.com\\\/?s={search_term_string}\"},\"query-input\":{\"@type\":\"PropertyValueSpecification\",\"valueRequired\":true,\"valueName\":\"search_term_string\"}}],\"inLanguage\":\"tr\"},{\"@type\":\"Organization\",\"@id\":\"https:\\\/\\\/www.purejewels.com\\\/#organization\",\"name\":\"PureJewels UK\",\"url\":\"https:\\\/\\\/www.purejewels.com\\\/\",\"logo\":{\"@type\":\"ImageObject\",\"inLanguage\":\"tr\",\"@id\":\"https:\\\/\\\/www.purejewels.com\\\/#\\\/schema\\\/logo\\\/image\\\/\",\"url\":\"https:\\\/\\\/static.purejewels.com\\\/wp-content\\\/uploads\\\/2020\\\/11\\\/Logo-PJ-New-1.png\",\"contentUrl\":\"https:\\\/\\\/static.purejewels.com\\\/wp-content\\\/uploads\\\/2020\\\/11\\\/Logo-PJ-New-1.png\",\"width\":150,\"height\":80,\"caption\":\"PureJewels UK\"},\"image\":{\"@id\":\"https:\\\/\\\/www.purejewels.com\\\/#\\\/schema\\\/logo\\\/image\\\/\"}}]}<\/script>\n<!-- \/ Yoast SEO plugin. -->","yoast_head_json":{"title":"22 Ayar Alt\u0131n Bebek Bilekli\u011fi \u0130ngiltere | Gran\u00fcl Detay Damgal\u0131","description":"Dokulu gran\u00fcl detaylara ve ayarlanabilir kesime sahip, Birle\u015fik Krall\u0131k'ta sertifikal\u0131 safl\u0131k damgas\u0131 ta\u015f\u0131yan 22 ayar alt\u0131n bebek bilekli\u011fini ke\u015ffedin.","robots":{"index":"index","follow":"follow","max-snippet":"max-snippet:-1","max-image-preview":"max-image-preview:large","max-video-preview":"max-video-preview:-1"},"canonical":"https:\/\/www.purejewels.com\/tr\/urun\/jali-22-ayar-altin-bebek-bilekligi-33405\/","og_locale":"tr_TR","og_type":"article","og_title":"22ct Gold Infant Bangle UK | Granule Detail Hallmarked","og_description":"Explore a 22ct gold infant bangle with textured granule detailing and an adjustable fit, hallmarked in the UK for certified purity.","og_url":"https:\/\/www.purejewels.com\/tr\/urun\/jali-22-ayar-altin-bebek-bilekligi-33405\/","og_site_name":"PureJewels UK","article_modified_time":"2026-03-31T11:10:11+00:00","og_image":[{"width":1000,"height":1000,"url":"https:\/\/static.purejewels.com\/wp-content\/uploads\/2020\/10\/image187714046.jpg","type":"image\/jpeg"}],"twitter_card":"summary_large_image","twitter_misc":{"Tahmini okuma s\u00fcresi":"1 dakika"},"schema":{"@context":"https:\/\/schema.org","@graph":[{"@type":["WebPage","ItemPage"],"@id":"https:\/\/www.purejewels.com\/product\/jali-22-carat-gold-baby-bangle-33405\/","url":"https:\/\/www.purejewels.com\/product\/jali-22-carat-gold-baby-bangle-33405\/","name":"22 Ayar Alt\u0131n Bebek Bilekli\u011fi \u0130ngiltere | Gran\u00fcl Detay Damgal\u0131","isPartOf":{"@id":"https:\/\/www.purejewels.com\/#website"},"primaryImageOfPage":{"@id":"https:\/\/www.purejewels.com\/product\/jali-22-carat-gold-baby-bangle-33405\/#primaryimage"},"image":{"@id":"https:\/\/www.purejewels.com\/product\/jali-22-carat-gold-baby-bangle-33405\/#primaryimage"},"thumbnailUrl":"https:\/\/static.purejewels.com\/wp-content\/uploads\/2020\/10\/image187714046.jpg","datePublished":"2020-10-19T14:42:04+00:00","dateModified":"2026-03-31T11:10:11+00:00","description":"Dokulu gran\u00fcl detaylara ve ayarlanabilir kesime sahip, Birle\u015fik Krall\u0131k'ta sertifikal\u0131 safl\u0131k damgas\u0131 ta\u015f\u0131yan 22 ayar alt\u0131n bebek bilekli\u011fini ke\u015ffedin.","breadcrumb":{"@id":"https:\/\/www.purejewels.com\/product\/jali-22-carat-gold-baby-bangle-33405\/#breadcrumb"},"inLanguage":"tr","potentialAction":[{"@type":"ReadAction","target":["https:\/\/www.purejewels.com\/product\/jali-22-carat-gold-baby-bangle-33405\/"]}]},{"@type":"ImageObject","inLanguage":"tr","@id":"https:\/\/www.purejewels.com\/product\/jali-22-carat-gold-baby-bangle-33405\/#primaryimage","url":"https:\/\/static.purejewels.com\/wp-content\/uploads\/2020\/10\/image187714046.jpg","contentUrl":"https:\/\/static.purejewels.com\/wp-content\/uploads\/2020\/10\/image187714046.jpg","width":1000,"height":1000,"caption":"Jali 22ct Medium Filligree Baby Bangle JLBB664"},{"@type":"BreadcrumbList","@id":"https:\/\/www.purejewels.com\/product\/jali-22-carat-gold-baby-bangle-33405\/#breadcrumb","itemListElement":[{"@type":"ListItem","position":1,"name":"Home","item":"https:\/\/www.purejewels.com\/"},{"@type":"ListItem","position":2,"name":"Shop","item":"https:\/\/www.purejewels.com\/shop\/"},{"@type":"ListItem","position":3,"name":"22ct Gold Granule Centre Baby Bangle"}]},{"@type":"WebSite","@id":"https:\/\/www.purejewels.com\/#website","url":"https:\/\/www.purejewels.com\/","name":"PureJewels \u0130ngiltere","description":"Sevgiyi Payla\u015f\u0131n","publisher":{"@id":"https:\/\/www.purejewels.com\/#organization"},"potentialAction":[{"@type":"SearchAction","target":{"@type":"EntryPoint","urlTemplate":"https:\/\/www.purejewels.com\/?s={search_term_string}"},"query-input":{"@type":"PropertyValueSpecification","valueRequired":true,"valueName":"search_term_string"}}],"inLanguage":"tr"},{"@type":"Organization","@id":"https:\/\/www.purejewels.com\/#organization","name":"PureJewels \u0130ngiltere","url":"https:\/\/www.purejewels.com\/","logo":{"@type":"ImageObject","inLanguage":"tr","@id":"https:\/\/www.purejewels.com\/#\/schema\/logo\/image\/","url":"https:\/\/static.purejewels.com\/wp-content\/uploads\/2020\/11\/Logo-PJ-New-1.png","contentUrl":"https:\/\/static.purejewels.com\/wp-content\/uploads\/2020\/11\/Logo-PJ-New-1.png","width":150,"height":80,"caption":"PureJewels UK"},"image":{"@id":"https:\/\/www.purejewels.com\/#\/schema\/logo\/image\/"}}]}},"_links":{"self":[{"href":"https:\/\/www.purejewels.com\/tr\/wp-json\/wp\/v2\/product\/318340","targetHints":{"allow":["GET"]}}],"collection":[{"href":"https:\/\/www.purejewels.com\/tr\/wp-json\/wp\/v2\/product"}],"about":[{"href":"https:\/\/www.purejewels.com\/tr\/wp-json\/wp\/v2\/types\/product"}],"replies":[{"embeddable":true,"href":"https:\/\/www.purejewels.com\/tr\/wp-json\/wp\/v2\/comments?post=318340"}],"version-history":[{"count":3,"href":"https:\/\/www.purejewels.com\/tr\/wp-json\/wp\/v2\/product\/318340\/revisions"}],"predecessor-version":[{"id":427939,"href":"https:\/\/www.purejewels.com\/tr\/wp-json\/wp\/v2\/product\/318340\/revisions\/427939"}],"wp:featuredmedia":[{"embeddable":true,"href":"https:\/\/www.purejewels.com\/tr\/wp-json\/wp\/v2\/media\/318342"}],"wp:attachment":[{"href":"https:\/\/www.purejewels.com\/tr\/wp-json\/wp\/v2\/media?parent=318340"}],"wp:term":[{"taxonomy":"product_brand","embeddable":true,"href":"https:\/\/www.purejewels.com\/tr\/wp-json\/wp\/v2\/product_brand?post=318340"},{"taxonomy":"product_cat","embeddable":true,"href":"https:\/\/www.purejewels.com\/tr\/wp-json\/wp\/v2\/product_cat?post=318340"},{"taxonomy":"product_tag","embeddable":true,"href":"https:\/\/www.purejewels.com\/tr\/wp-json\/wp\/v2\/product_tag?post=318340"}],"curies":[{"name":"wp","href":"https:\/\/api.w.org\/{rel}","templated":true}]}}